{"id":7616,"date":"2021-08-11T10:14:49","date_gmt":"2021-08-11T09:14:56","guid":{"rendered":"https:\/\/www.ghiblievo.com\/?post_type=product&#038;p=7616"},"modified":"2025-10-28T12:19:57","modified_gmt":"2025-10-28T11:19:57","slug":"asciugacapelli-murale-per-hotels-drycompact","status":"publish","type":"product","link":"https:\/\/www.ghiblievo.com\/it\/prodotto\/asciugacapelli-murale-per-hotels-drycompact\/","title":{"rendered":"Asciugacapelli murale per hotels DryCompact 1400"},"content":{"rendered":"<p>ASCIUGACAPELLI MURALE PER HOTELS DRYCOMPACT 1400<\/p>\n<ul>\n<li>Materiale plastico ABS lucido antigraffio<\/li>\n<li>Potenza e Temperatura Regolabile: 700\/1400 Watt<\/li>\n<li>Colpo di freddo<\/li>\n<li>Led notturno a basso consumo: 0,4 Watt<\/li>\n<li>Interruttore principale on|off sul supporto<\/li>\n<li>Interruttore secondario di sicurezza sulla pistola<\/li>\n<li>Termostato integrato a protezione sovraccarico<\/li>\n<li>Classe II di isolamento<\/li>\n<li>Diffusore per la pistola collocato nel supporto<\/li>\n<li>Tensione di alimentazione : 220-240 Volts, 50\/60 Hz<\/li>\n<\/ul>\n","protected":false},"excerpt":{"rendered":"<h2>Asciugacapelli &nbsp;murale per Hotels DryCompact 1400<\/h2>\n<p>Compatto , elegante , funzionale &#8230; e green .<\/p>\n<p>Collocato a muro nel vostro bagno \u00e8 sempre pronto all\u2019uso e ne arricchisce l\u2019eleganza grazie alla sua forma morbida, al suo colore bianco brillante ed alle sue contenute dimensioni.<br \/>\nL\u2019impugnatura ergonomica dotata di interruttore di sicurezza permette all&#8217; asciugacapelli murale per hotels l\u2019accensione e lo spegnimento alla sola pressione del tasto posizionato sulla pistola dopo aver attivato l\u2019interruttore principale On\\Off illuminato led ubicato sulla base murale.<br \/>\nUn magnete assicura la pistola al suo supporto cos\u00ec che anche essendo in posizione verticale, la pistola, una volta riposta, rimane saldamente ancorata al suo supporto murale.<br \/>\nUn led azzurro offre una delicata illuminazione notturna di cortesia a basso consumo, senza emissione di calore e di lunghissima durata. Il materiale plastico lucido veste l\u2019apparecchio di un aspetto brillante e facile da pulire mentre la finitura cromata della griglia di aspirazione aggiunge un tono di ulteriore eleganza al prodotto.<\/p>\n<p>&nbsp;<\/p>\n<p><iframe title=\"YouTube video player\" src=\"https:\/\/www.youtube.com\/embed\/Cf8RsTH4Vrc\" width=\"100%\" height=\"500px\" frameborder=\"0\" allowfullscreen=\"allowfullscreen\"><\/iframe><\/p>\n<p>La potenza regolabile fino al massimo di 1400 Watts offre ottime prestazioni di asciugatura mantenendo i consumi molto bassi ed al tempo stesso garantendo un livello di rumorosit\u00e0 assai contenuto .<\/p>\n<p>Silenzioso, maneggevole , compatto e leggero nell\u2019utilizzo, l\u2019asciugacapelli murale DryCompact 1400 \u00e8 un valido ed elegante accessorio sia per uso domestico che per l\u2019impiego alberghiero .<\/p>\n<p>L&#8217; asciugacapelli murale per hotels DryCompact 1400 \u00e8 un prodotto facilmente inseribile in qualsiasi ambiente , che occupa pochissimo spazio e che grazie al suo elegante design ed alle prestazioni di tutto rispetto , offre un servizio senza compromessi .<\/p>\n<p>L\u2019apparecchio \u00e8 omologato a marchio Europeo CE .<\/p>\n<p>Hospistyle propone ancora una volta design , funzionalit\u00e0 ed affidabilit\u00e0 nel segno della pi\u00f9 alta qualit\u00e0 .<\/p>\n<p>&nbsp;<\/p>\n","protected":false},"featured_media":7487,"comment_status":"open","ping_status":"closed","template":"","meta":{"_acf_changed":false,"ngg_post_thumbnail":0,"footnotes":""},"product_cat":[498,1186],"product_tag":[],"class_list":{"0":"post-7616","1":"product","2":"type-product","3":"status-publish","4":"has-post-thumbnail","6":"product_cat-asciugacapelli","7":"product_cat-asciugacapelli-da-parete","9":"first","10":"instock","11":"shipping-taxable","12":"purchasable","13":"product-type-simple"},"acf":[],"yoast_head":"<!-- This site is optimized with the Yoast SEO Premium plugin v26.7 (Yoast SEO v26.7) - https:\/\/yoast.com\/wordpress\/plugins\/seo\/ -->\n<title>Asciugacapelli murale per hotels Drycompact Silenzioso leggero piccolo<\/title>\n<meta name=\"description\" content=\"Asciugacapelli murale per hotels Drycompact Silenzioso leggero piccolo,un elegante accessorio per uso domestico e per l\u2019impiego alberghiero\" \/>\n<meta name=\"robots\" content=\"index, follow, max-snippet:-1, max-image-preview:large, max-video-preview:-1\" \/>\n<link rel=\"canonical\" href=\"https:\/\/www.ghiblievo.com\/it\/prodotto\/asciugacapelli-murale-per-hotels-drycompact\/\" \/>\n<meta property=\"og:locale\" content=\"it_IT\" \/>\n<meta property=\"og:type\" content=\"article\" \/>\n<meta property=\"og:title\" content=\"Asciugacapelli murale per hotels DryCompact 1400\" \/>\n<meta property=\"og:description\" content=\"Asciugacapelli murale per hotels\" \/>\n<meta property=\"og:url\" content=\"https:\/\/www.ghiblievo.com\/it\/prodotto\/asciugacapelli-murale-per-hotels-drycompact\/\" \/>\n<meta property=\"og:site_name\" content=\"Ghibli Evo\" \/>\n<meta property=\"article:publisher\" content=\"https:\/\/www.facebook.com\/ghiblievo\" \/>\n<meta property=\"article:modified_time\" content=\"2025-10-28T11:19:57+00:00\" \/>\n<meta property=\"og:image\" content=\"https:\/\/www.ghiblievo.com\/wp-content\/uploads\/2021\/08\/wall-mounted-hair-dryer-for-hotels-drycompact-white-jpg.webp\" \/>\n\t<meta property=\"og:image:width\" content=\"1500\" \/>\n\t<meta property=\"og:image:height\" content=\"1500\" \/>\n\t<meta property=\"og:image:type\" content=\"image\/jpeg\" \/>\n<meta name=\"twitter:card\" content=\"summary_large_image\" \/>\n<meta name=\"twitter:title\" content=\"72\" \/>\n<meta name=\"twitter:description\" content=\"30\" \/>\n<meta name=\"twitter:image\" content=\"http:\/\/false\" \/>\n<meta name=\"twitter:label1\" content=\"Prezzo\" \/>\n\t<meta name=\"twitter:data1\" content=\"&euro;35.00\" \/>\n\t<meta name=\"twitter:label2\" content=\"Disponibilit\u00e0\" \/>\n\t<meta name=\"twitter:data2\" content=\"In stock\" \/>\n<script type=\"application\/ld+json\" class=\"yoast-schema-graph\">{\"@context\":\"https:\/\/schema.org\",\"@graph\":[{\"@type\":\"WebPage\",\"@id\":\"https:\/\/www.ghiblievo.com\/it\/prodotto\/asciugacapelli-murale-per-hotels-drycompact\/\",\"url\":\"https:\/\/www.ghiblievo.com\/it\/prodotto\/asciugacapelli-murale-per-hotels-drycompact\/\",\"name\":\"Asciugacapelli murale per hotels Drycompact Silenzioso leggero piccolo\",\"isPartOf\":{\"@id\":\"https:\/\/www.ghiblievo.com\/it\/#website\"},\"primaryImageOfPage\":{\"@id\":\"https:\/\/www.ghiblievo.com\/it\/prodotto\/asciugacapelli-murale-per-hotels-drycompact\/#primaryimage\"},\"image\":{\"@id\":\"https:\/\/www.ghiblievo.com\/it\/prodotto\/asciugacapelli-murale-per-hotels-drycompact\/#primaryimage\"},\"thumbnailUrl\":\"https:\/\/www.ghiblievo.com\/wp-content\/uploads\/2021\/08\/wall-mounted-hair-dryer-for-hotels-drycompact-white-jpg.webp\",\"datePublished\":\"2021-08-11T09:14:56+00:00\",\"dateModified\":\"2025-10-28T11:19:57+00:00\",\"description\":\"Asciugacapelli murale per hotels Drycompact Silenzioso leggero piccolo,un elegante accessorio per uso domestico e per l\u2019impiego alberghiero\",\"breadcrumb\":{\"@id\":\"https:\/\/www.ghiblievo.com\/it\/prodotto\/asciugacapelli-murale-per-hotels-drycompact\/#breadcrumb\"},\"inLanguage\":\"it-IT\",\"potentialAction\":[{\"@type\":\"ReadAction\",\"target\":[\"https:\/\/www.ghiblievo.com\/it\/prodotto\/asciugacapelli-murale-per-hotels-drycompact\/\"]}]},{\"@type\":\"ImageObject\",\"inLanguage\":\"it-IT\",\"@id\":\"https:\/\/www.ghiblievo.com\/it\/prodotto\/asciugacapelli-murale-per-hotels-drycompact\/#primaryimage\",\"url\":\"https:\/\/www.ghiblievo.com\/wp-content\/uploads\/2021\/08\/wall-mounted-hair-dryer-for-hotels-drycompact-white-jpg.webp\",\"contentUrl\":\"https:\/\/www.ghiblievo.com\/wp-content\/uploads\/2021\/08\/wall-mounted-hair-dryer-for-hotels-drycompact-white-jpg.webp\",\"width\":1500,\"height\":1500,\"caption\":\"asciugacapelli murale per hotels drycompact 1400 biancoompact\"},{\"@type\":\"BreadcrumbList\",\"@id\":\"https:\/\/www.ghiblievo.com\/it\/prodotto\/asciugacapelli-murale-per-hotels-drycompact\/#breadcrumb\",\"itemListElement\":[{\"@type\":\"ListItem\",\"position\":1,\"name\":\"Home\",\"item\":\"https:\/\/www.ghiblievo.com\/it\/\"},{\"@type\":\"ListItem\",\"position\":2,\"name\":\"Shop\",\"item\":\"https:\/\/www.ghiblievo.com\/it\/shop-it\/\"},{\"@type\":\"ListItem\",\"position\":3,\"name\":\"Asciugacapelli\",\"item\":\"https:\/\/www.ghiblievo.com\/it\/categoria-prodotto\/asciugacapelli\/\"},{\"@type\":\"ListItem\",\"position\":4,\"name\":\"Asciugacapelli murale per hotels DryCompact 1400\"}]},{\"@type\":\"WebSite\",\"@id\":\"https:\/\/www.ghiblievo.com\/it\/#website\",\"url\":\"https:\/\/www.ghiblievo.com\/it\/\",\"name\":\"Ghibli Evo\",\"description\":\"Hair Dryers for Hotel - Wall Mounted Hair Dryer\",\"publisher\":{\"@id\":\"https:\/\/www.ghiblievo.com\/it\/#organization\"},\"potentialAction\":[{\"@type\":\"SearchAction\",\"target\":{\"@type\":\"EntryPoint\",\"urlTemplate\":\"https:\/\/www.ghiblievo.com\/it\/?s={search_term_string}\"},\"query-input\":{\"@type\":\"PropertyValueSpecification\",\"valueRequired\":true,\"valueName\":\"search_term_string\"}}],\"inLanguage\":\"it-IT\"},{\"@type\":\"Organization\",\"@id\":\"https:\/\/www.ghiblievo.com\/it\/#organization\",\"name\":\"Ghibli Evo\",\"url\":\"https:\/\/www.ghiblievo.com\/it\/\",\"logo\":{\"@type\":\"ImageObject\",\"inLanguage\":\"it-IT\",\"@id\":\"https:\/\/www.ghiblievo.com\/it\/#\/schema\/logo\/image\/\",\"url\":\"https:\/\/www.ghiblievo.com\/wp-content\/uploads\/2019\/09\/Emblema_HUB-footer.png\",\"contentUrl\":\"https:\/\/www.ghiblievo.com\/wp-content\/uploads\/2019\/09\/Emblema_HUB-footer.png\",\"width\":300,\"height\":291,\"caption\":\"Ghibli Evo\"},\"image\":{\"@id\":\"https:\/\/www.ghiblievo.com\/it\/#\/schema\/logo\/image\/\"},\"sameAs\":[\"https:\/\/www.facebook.com\/ghiblievo\",\"https:\/\/www.instagram.com\/ghiblievo\/\"],\"description\":\"Ghiblievo is specialized in hotel supplies, bathroom accessories for hotel and hair dryer\",\"email\":\"info@ghiblievo.com\",\"telephone\":\"+39 338 4733486\",\"foundingDate\":\"2009-01-01\",\"vatID\":\"IT 03607430166\"}]}<\/script>\n<meta property=\"product:price:amount\" content=\"35.00\" \/>\n<meta property=\"product:price:currency\" content=\"EUR\" \/>\n<meta property=\"og:availability\" content=\"instock\" \/>\n<meta property=\"product:availability\" content=\"instock\" \/>\n<meta property=\"product:condition\" content=\"new\" \/>\n<!-- \/ Yoast SEO Premium plugin. -->","yoast_head_json":{"title":"Asciugacapelli murale per hotels Drycompact Silenzioso leggero piccolo","description":"Asciugacapelli murale per hotels Drycompact Silenzioso leggero piccolo,un elegante accessorio per uso domestico e per l\u2019impiego alberghiero","robots":{"index":"index","follow":"follow","max-snippet":"max-snippet:-1","max-image-preview":"max-image-preview:large","max-video-preview":"max-video-preview:-1"},"canonical":"https:\/\/www.ghiblievo.com\/it\/prodotto\/asciugacapelli-murale-per-hotels-drycompact\/","og_locale":"it_IT","og_type":"article","og_title":"Asciugacapelli murale per hotels DryCompact 1400","og_description":"Asciugacapelli murale per hotels","og_url":"https:\/\/www.ghiblievo.com\/it\/prodotto\/asciugacapelli-murale-per-hotels-drycompact\/","og_site_name":"Ghibli Evo","article_publisher":"https:\/\/www.facebook.com\/ghiblievo","article_modified_time":"2025-10-28T11:19:57+00:00","og_image":[{"width":1500,"height":1500,"url":"https:\/\/www.ghiblievo.com\/wp-content\/uploads\/2021\/08\/wall-mounted-hair-dryer-for-hotels-drycompact-white-jpg.webp","type":"image\/jpeg"}],"twitter_card":"summary_large_image","twitter_title":"72","twitter_description":"30","twitter_image":"false","twitter_misc":{"Prezzo":"&euro;35.00","Disponibilit\u00e0":"In stock"},"schema":{"@context":"https:\/\/schema.org","@graph":[{"@type":"WebPage","@id":"https:\/\/www.ghiblievo.com\/it\/prodotto\/asciugacapelli-murale-per-hotels-drycompact\/","url":"https:\/\/www.ghiblievo.com\/it\/prodotto\/asciugacapelli-murale-per-hotels-drycompact\/","name":"Asciugacapelli murale per hotels Drycompact Silenzioso leggero piccolo","isPartOf":{"@id":"https:\/\/www.ghiblievo.com\/it\/#website"},"primaryImageOfPage":{"@id":"https:\/\/www.ghiblievo.com\/it\/prodotto\/asciugacapelli-murale-per-hotels-drycompact\/#primaryimage"},"image":{"@id":"https:\/\/www.ghiblievo.com\/it\/prodotto\/asciugacapelli-murale-per-hotels-drycompact\/#primaryimage"},"thumbnailUrl":"https:\/\/www.ghiblievo.com\/wp-content\/uploads\/2021\/08\/wall-mounted-hair-dryer-for-hotels-drycompact-white-jpg.webp","datePublished":"2021-08-11T09:14:56+00:00","dateModified":"2025-10-28T11:19:57+00:00","description":"Asciugacapelli murale per hotels Drycompact Silenzioso leggero piccolo,un elegante accessorio per uso domestico e per l\u2019impiego alberghiero","breadcrumb":{"@id":"https:\/\/www.ghiblievo.com\/it\/prodotto\/asciugacapelli-murale-per-hotels-drycompact\/#breadcrumb"},"inLanguage":"it-IT","potentialAction":[{"@type":"ReadAction","target":["https:\/\/www.ghiblievo.com\/it\/prodotto\/asciugacapelli-murale-per-hotels-drycompact\/"]}]},{"@type":"ImageObject","inLanguage":"it-IT","@id":"https:\/\/www.ghiblievo.com\/it\/prodotto\/asciugacapelli-murale-per-hotels-drycompact\/#primaryimage","url":"https:\/\/www.ghiblievo.com\/wp-content\/uploads\/2021\/08\/wall-mounted-hair-dryer-for-hotels-drycompact-white-jpg.webp","contentUrl":"https:\/\/www.ghiblievo.com\/wp-content\/uploads\/2021\/08\/wall-mounted-hair-dryer-for-hotels-drycompact-white-jpg.webp","width":1500,"height":1500,"caption":"asciugacapelli murale per hotels drycompact 1400 biancoompact"},{"@type":"BreadcrumbList","@id":"https:\/\/www.ghiblievo.com\/it\/prodotto\/asciugacapelli-murale-per-hotels-drycompact\/#breadcrumb","itemListElement":[{"@type":"ListItem","position":1,"name":"Home","item":"https:\/\/www.ghiblievo.com\/it\/"},{"@type":"ListItem","position":2,"name":"Shop","item":"https:\/\/www.ghiblievo.com\/it\/shop-it\/"},{"@type":"ListItem","position":3,"name":"Asciugacapelli","item":"https:\/\/www.ghiblievo.com\/it\/categoria-prodotto\/asciugacapelli\/"},{"@type":"ListItem","position":4,"name":"Asciugacapelli murale per hotels DryCompact 1400"}]},{"@type":"WebSite","@id":"https:\/\/www.ghiblievo.com\/it\/#website","url":"https:\/\/www.ghiblievo.com\/it\/","name":"Ghibli Evo","description":"Hair Dryers for Hotel - Wall Mounted Hair Dryer","publisher":{"@id":"https:\/\/www.ghiblievo.com\/it\/#organization"},"potentialAction":[{"@type":"SearchAction","target":{"@type":"EntryPoint","urlTemplate":"https:\/\/www.ghiblievo.com\/it\/?s={search_term_string}"},"query-input":{"@type":"PropertyValueSpecification","valueRequired":true,"valueName":"search_term_string"}}],"inLanguage":"it-IT"},{"@type":"Organization","@id":"https:\/\/www.ghiblievo.com\/it\/#organization","name":"Ghibli Evo","url":"https:\/\/www.ghiblievo.com\/it\/","logo":{"@type":"ImageObject","inLanguage":"it-IT","@id":"https:\/\/www.ghiblievo.com\/it\/#\/schema\/logo\/image\/","url":"https:\/\/www.ghiblievo.com\/wp-content\/uploads\/2019\/09\/Emblema_HUB-footer.png","contentUrl":"https:\/\/www.ghiblievo.com\/wp-content\/uploads\/2019\/09\/Emblema_HUB-footer.png","width":300,"height":291,"caption":"Ghibli Evo"},"image":{"@id":"https:\/\/www.ghiblievo.com\/it\/#\/schema\/logo\/image\/"},"sameAs":["https:\/\/www.facebook.com\/ghiblievo","https:\/\/www.instagram.com\/ghiblievo\/"],"description":"Ghiblievo is specialized in hotel supplies, bathroom accessories for hotel and hair dryer","email":"info@ghiblievo.com","telephone":"+39 338 4733486","foundingDate":"2009-01-01","vatID":"IT 03607430166"}]},"product_price_amount":"35.00","product_price_currency":"EUR","og_availability":"instock","product_availability":"instock","product_condition":"new"},"_links":{"self":[{"href":"https:\/\/www.ghiblievo.com\/it\/wp-json\/wp\/v2\/product\/7616","targetHints":{"allow":["GET"]}}],"collection":[{"href":"https:\/\/www.ghiblievo.com\/it\/wp-json\/wp\/v2\/product"}],"about":[{"href":"https:\/\/www.ghiblievo.com\/it\/wp-json\/wp\/v2\/types\/product"}],"replies":[{"embeddable":true,"href":"https:\/\/www.ghiblievo.com\/it\/wp-json\/wp\/v2\/comments?post=7616"}],"version-history":[{"count":0,"href":"https:\/\/www.ghiblievo.com\/it\/wp-json\/wp\/v2\/product\/7616\/revisions"}],"wp:featuredmedia":[{"embeddable":true,"href":"https:\/\/www.ghiblievo.com\/it\/wp-json\/wp\/v2\/media\/7487"}],"wp:attachment":[{"href":"https:\/\/www.ghiblievo.com\/it\/wp-json\/wp\/v2\/media?parent=7616"}],"wp:term":[{"taxonomy":"product_cat","embeddable":true,"href":"https:\/\/www.ghiblievo.com\/it\/wp-json\/wp\/v2\/product_cat?post=7616"},{"taxonomy":"product_tag","embeddable":true,"href":"https:\/\/www.ghiblievo.com\/it\/wp-json\/wp\/v2\/product_tag?post=7616"}],"curies":[{"name":"wp","href":"https:\/\/api.w.org\/{rel}","templated":true}]}}