{"id":69495,"date":"2026-02-12T09:31:58","date_gmt":"2026-02-12T08:34:41","guid":{"rendered":"https:\/\/www.ghiblievo.com\/?post_type=product&#038;p=69495"},"modified":"2026-02-12T09:37:28","modified_gmt":"2026-02-12T08:37:28","slug":"inserto-raccolta-differenziata-9l-per-hotel","status":"publish","type":"product","link":"https:\/\/www.ghiblievo.com\/it\/prodotto\/inserto-raccolta-differenziata-9l-per-hotel\/","title":{"rendered":"Inserto raccolta differenziata 9L per hotel | THORNTON per cestini 9L"},"content":{"rendered":"<p><strong>Inserto raccolta differenziata 9L per hotel THORNTON<\/strong>: la soluzione pratica per gestire la separazione dei rifiuti in camera e nelle aree comuni. La <strong>guida stampata<\/strong> aiuta ospiti e staff a conferire correttamente i materiali. Progettato per adattarsi a <strong>tutti i cestini da 9 litri<\/strong> e utilizzabile <strong>con o senza sacco<\/strong>.<\/p>\n<ul>\n<li><strong>Compatibile con:<\/strong> tutti i cestini 9L<\/li>\n<li><strong>Caratteristica:<\/strong> guida raccolta differenziata stampata<\/li>\n<li><strong>Facile da pulire<\/strong><\/li>\n<li><strong>Colori:<\/strong> Nero (26387) \/ Verde (26388)<\/li>\n<li><strong>Dimensioni:<\/strong> H 250 mm \u00d7 L 205 mm \u00d7 P 120 mm<\/li>\n<li><strong>Peso:<\/strong> 0,20 kg<\/li>\n<\/ul>\n<p><strong>Prezzo non pubblico:<\/strong> <em>Richiedi preventivo<\/em>.<\/p>\n<p><script type=\"application\/ld+json\">\n{\n  \"@context\": \"https:\/\/schema.org\",\n  \"@type\": \"WebPage\",\n  \"name\": \"Inserto raccolta differenziata 9L per hotel \u2013 THORNTON\",\n  \"url\": \"https:\/\/www.ghiblievo.com\/it\/prodotto\/inserto-raccolta-differenziata-9l-per-hotel-thornton\/\",\n  \"description\": \"Inserto raccolta differenziata 9L per hotel con guida stampata. Adatto a tutti i cestini 9L, utilizzabile con o senza sacco, facile da pulire. Colori nero o verde. Prezzo non pubblico: richiedi preventivo.\",\n  \"inLanguage\": \"it\",\n  \"isPartOf\": {\n    \"@type\": \"WebSite\",\n    \"name\": \"Ghiblievo\",\n    \"url\": \"https:\/\/www.ghiblievo.com\/\"\n  }\n}\n<\/script><br \/>\n<script type=\"application\/ld+json\">\n{\n  \"@context\": \"https:\/\/schema.org\",\n  \"@type\": \"FAQPage\",\n  \"mainEntity\": [\n    {\n      \"@type\": \"Question\",\n      \"name\": \"A cosa serve l\u2019inserto raccolta differenziata THORNTON?\",\n      \"acceptedAnswer\": {\n        \"@type\": \"Answer\",\n        \"text\": \"Serve a facilitare la separazione dei rifiuti in hotel grazie a una guida stampata che aiuta ospiti e staff a conferire correttamente i materiali.\"\n      }\n    },\n    {\n      \"@type\": \"Question\",\n      \"name\": \"\u00c8 compatibile con i cestini da 9 litri?\",\n      \"acceptedAnswer\": {\n        \"@type\": \"Answer\",\n        \"text\": \"S\u00ec. L\u2019inserto \u00e8 adatto a tutti i cestini da 9 litri.\"\n      }\n    },\n    {\n      \"@type\": \"Question\",\n      \"name\": \"Si pu\u00f2 usare con o senza sacco?\",\n      \"acceptedAnswer\": {\n        \"@type\": \"Answer\",\n        \"text\": \"S\u00ec. \u00c8 utilizzabile con o senza sacco, a seconda delle procedure di housekeeping.\"\n      }\n    },\n    {\n      \"@type\": \"Question\",\n      \"name\": \"\u00c8 facile da pulire?\",\n      \"acceptedAnswer\": {\n        \"@type\": \"Answer\",\n        \"text\": \"S\u00ec. \u00c8 progettato per essere facile da pulire e gestire nel turnover quotidiano.\"\n      }\n    },\n    {\n      \"@type\": \"Question\",\n      \"name\": \"Quali colori e misure sono disponibili?\",\n      \"acceptedAnswer\": {\n        \"@type\": \"Answer\",\n        \"text\": \"Disponibile in nero (26387) e verde (26388). Dimensioni: H 250 mm \u00d7 L 205 mm \u00d7 P 120 mm. Peso: 0,20 kg.\"\n      }\n    }\n  ]\n}\n<\/script><\/p>\n","protected":false},"excerpt":{"rendered":"<h2>Inserto raccolta differenziata 9L per hotel \u2013 THORNTON<\/h2>\n<p>\nL\u2019<strong>inserto raccolta differenziata 9L per hotel<\/strong> THORNTON \u00e8 pensato per semplificare la separazione dei rifiuti in ambienti hospitality, dalle camere alle aree comuni. Grazie alla <strong>guida stampata<\/strong>, ospiti e personale possono individuare rapidamente il corretto conferimento, migliorando l\u2019operativit\u00e0 quotidiana e supportando obiettivi di sostenibilit\u00e0.\n<\/p>\n<h3>Perch\u00e9 \u00e8 utile in hotel<\/h3>\n<ul>\n<li><strong>Compatibilit\u00e0 immediata:<\/strong> si adatta a <strong>tutti i cestini 9L<\/strong>, ideale come upgrade di dotazioni gi\u00e0 esistenti.<\/li>\n<li><strong>Flessibilit\u00e0 housekeeping:<\/strong> utilizzabile <strong>con o senza sacco<\/strong>, in base alle procedure interne.<\/li>\n<li><strong>Manutenzione semplice:<\/strong> <strong>facile da pulire<\/strong> per una gestione rapida.<\/li>\n<\/ul>\n<h3>Colori e specifiche<\/h3>\n<ul>\n<li><strong>Colori:<\/strong> Nero (cod. 26387) \/ Verde (cod. 26388)<\/li>\n<li><strong>Dimensioni:<\/strong> H 250 mm \u00d7 L 205 mm \u00d7 P 120 mm<\/li>\n<li><strong>Peso:<\/strong> 0,20 kg<\/li>\n<\/ul>\n<p>\n<strong>Prezzo non pubblico:<\/strong> prodotto <strong>\u201cRichiedi preventivo\u201d<\/strong>. Contattaci per disponibilit\u00e0, tempi di fornitura e quotazione in base al tuo progetto.<\/p>\n","protected":false},"featured_media":69427,"comment_status":"open","ping_status":"closed","template":"","meta":{"_acf_changed":false,"ngg_post_thumbnail":0,"footnotes":""},"product_cat":[1191,1202,1055,1061],"product_tag":[],"class_list":{"0":"post-69495","1":"product","2":"type-product","3":"status-publish","4":"has-post-thumbnail","6":"product_cat-cestini","7":"product_cat-cestini-da-appoggio","8":"product_cat-complementi-darredo-per-hotel","9":"product_cat-complementi-per-camera-hotel","11":"first","12":"instock","13":"shipping-taxable","14":"product-type-simple"},"acf":[],"yoast_head":"<!-- This site is optimized with the Yoast SEO Premium plugin v26.7 (Yoast SEO v26.7) - https:\/\/yoast.com\/wordpress\/plugins\/seo\/ -->\n<title>Inserto raccolta differenziata 9L per hotel | THORNTON per cestini 9L<\/title>\n<meta name=\"description\" content=\"Inserto raccolta differenziata 9L per hotel con guida stampata. Adatto a tutti i cestini 9L, utilizzabile con o senza sacco, facile da pulire. Richiedi preventivo.\" \/>\n<meta name=\"robots\" content=\"index, follow, max-snippet:-1, max-image-preview:large, max-video-preview:-1\" \/>\n<link rel=\"canonical\" href=\"https:\/\/www.ghiblievo.com\/it\/prodotto\/inserto-raccolta-differenziata-9l-per-hotel\/\" \/>\n<meta property=\"og:locale\" content=\"it_IT\" \/>\n<meta property=\"og:type\" content=\"article\" \/>\n<meta property=\"og:title\" content=\"Inserto raccolta differenziata 9L per hotel | THORNTON per cestini 9L\" \/>\n<meta property=\"og:description\" content=\"Inserto raccolta differenziata 9L per hotel \u2013 THORNTON   L\u2019inserto raccolta differenziata 9L per hotel THORNTON \u00e8 pensato per semplificare la separazione dei rifiuti in ambienti hospitality, dalle camere alle aree comuni. Grazie alla guida stampata, ospiti e personale possono individuare rapidamente il corretto conferimento, migliorando l\u2019operativit\u00e0 quotidiana e supportando obiettivi di sostenibilit\u00e0.   Perch\u00e9 \u00e8 utile in hotel   Compatibilit\u00e0 immediata: si adatta a tutti i cestini 9L, ideale come upgrade di dotazioni gi\u00e0 esistenti.  Flessibilit\u00e0 housekeeping: utilizzabile con o senza sacco, in base alle procedure interne.  Manutenzione semplice: facile da pulire per una gestione rapida.   Colori e specifiche   Colori: Nero (cod. 26387) \/ Verde (cod. 26388)  Dimensioni: H 250 mm \u00d7 L 205 mm \u00d7 P 120 mm  Peso: 0,20 kg    Prezzo non pubblico: prodotto \u201cRichiedi preventivo\u201d. Contattaci per disponibilit\u00e0, tempi di fornitura e quotazione in base al tuo progetto.\" \/>\n<meta property=\"og:url\" content=\"https:\/\/www.ghiblievo.com\/it\/prodotto\/inserto-raccolta-differenziata-9l-per-hotel\/\" \/>\n<meta property=\"og:site_name\" content=\"Ghibli Evo\" \/>\n<meta property=\"article:publisher\" content=\"https:\/\/www.facebook.com\/ghiblievo\" \/>\n<meta property=\"article:modified_time\" content=\"2026-02-12T08:37:28+00:00\" \/>\n<meta property=\"og:image\" content=\"https:\/\/www.ghiblievo.com\/wp-content\/uploads\/2026\/02\/eb6ede_f8a371d79b324d308c7f4f036d278143mv2.webp\" \/>\n\t<meta property=\"og:image:width\" content=\"1000\" \/>\n\t<meta property=\"og:image:height\" content=\"1000\" \/>\n\t<meta property=\"og:image:type\" content=\"image\/webp\" \/>\n<meta name=\"twitter:card\" content=\"summary_large_image\" \/>\n<meta name=\"twitter:label1\" content=\"Prezzo\" \/>\n\t<meta name=\"twitter:data1\" content=\"\" \/>\n\t<meta name=\"twitter:label2\" content=\"Disponibilit\u00e0\" \/>\n\t<meta name=\"twitter:data2\" content=\"In stock\" \/>\n<script type=\"application\/ld+json\" class=\"yoast-schema-graph\">{\"@context\":\"https:\/\/schema.org\",\"@graph\":[{\"@type\":\"WebPage\",\"@id\":\"https:\/\/www.ghiblievo.com\/it\/prodotto\/inserto-raccolta-differenziata-9l-per-hotel\/\",\"url\":\"https:\/\/www.ghiblievo.com\/it\/prodotto\/inserto-raccolta-differenziata-9l-per-hotel\/\",\"name\":\"Inserto raccolta differenziata 9L per hotel | THORNTON per cestini 9L\",\"isPartOf\":{\"@id\":\"https:\/\/www.ghiblievo.com\/it\/#website\"},\"primaryImageOfPage\":{\"@id\":\"https:\/\/www.ghiblievo.com\/it\/prodotto\/inserto-raccolta-differenziata-9l-per-hotel\/#primaryimage\"},\"image\":{\"@id\":\"https:\/\/www.ghiblievo.com\/it\/prodotto\/inserto-raccolta-differenziata-9l-per-hotel\/#primaryimage\"},\"thumbnailUrl\":\"https:\/\/www.ghiblievo.com\/wp-content\/uploads\/2026\/02\/eb6ede_f8a371d79b324d308c7f4f036d278143mv2.webp\",\"datePublished\":\"2026-02-12T08:34:41+00:00\",\"dateModified\":\"2026-02-12T08:37:28+00:00\",\"description\":\"Inserto raccolta differenziata 9L per hotel con guida stampata. Adatto a tutti i cestini 9L, utilizzabile con o senza sacco, facile da pulire. Richiedi preventivo.\",\"breadcrumb\":{\"@id\":\"https:\/\/www.ghiblievo.com\/it\/prodotto\/inserto-raccolta-differenziata-9l-per-hotel\/#breadcrumb\"},\"inLanguage\":\"it-IT\",\"potentialAction\":[{\"@type\":\"ReadAction\",\"target\":[\"https:\/\/www.ghiblievo.com\/it\/prodotto\/inserto-raccolta-differenziata-9l-per-hotel\/\"]}]},{\"@type\":\"ImageObject\",\"inLanguage\":\"it-IT\",\"@id\":\"https:\/\/www.ghiblievo.com\/it\/prodotto\/inserto-raccolta-differenziata-9l-per-hotel\/#primaryimage\",\"url\":\"https:\/\/www.ghiblievo.com\/wp-content\/uploads\/2026\/02\/eb6ede_f8a371d79b324d308c7f4f036d278143mv2.webp\",\"contentUrl\":\"https:\/\/www.ghiblievo.com\/wp-content\/uploads\/2026\/02\/eb6ede_f8a371d79b324d308c7f4f036d278143mv2.webp\",\"width\":1000,\"height\":1000,\"caption\":\"Inserto raccolta differenziata 9L per hotel THORNTON \u2013 versione verde\"},{\"@type\":\"BreadcrumbList\",\"@id\":\"https:\/\/www.ghiblievo.com\/it\/prodotto\/inserto-raccolta-differenziata-9l-per-hotel\/#breadcrumb\",\"itemListElement\":[{\"@type\":\"ListItem\",\"position\":1,\"name\":\"Home\",\"item\":\"https:\/\/www.ghiblievo.com\/it\/\"},{\"@type\":\"ListItem\",\"position\":2,\"name\":\"Shop\",\"item\":\"https:\/\/www.ghiblievo.com\/it\/shop-it\/\"},{\"@type\":\"ListItem\",\"position\":3,\"name\":\"Cestini\",\"item\":\"https:\/\/www.ghiblievo.com\/it\/categoria-prodotto\/cestini\/\"},{\"@type\":\"ListItem\",\"position\":4,\"name\":\"Cestini da appoggio\",\"item\":\"https:\/\/www.ghiblievo.com\/it\/categoria-prodotto\/cestini\/cestini-da-appoggio\/\"},{\"@type\":\"ListItem\",\"position\":5,\"name\":\"Inserto raccolta differenziata 9L per hotel | THORNTON per cestini 9L\"}]},{\"@type\":\"WebSite\",\"@id\":\"https:\/\/www.ghiblievo.com\/it\/#website\",\"url\":\"https:\/\/www.ghiblievo.com\/it\/\",\"name\":\"Ghibli Evo\",\"description\":\"Hair Dryers for Hotel - Wall Mounted Hair Dryer\",\"publisher\":{\"@id\":\"https:\/\/www.ghiblievo.com\/it\/#organization\"},\"potentialAction\":[{\"@type\":\"SearchAction\",\"target\":{\"@type\":\"EntryPoint\",\"urlTemplate\":\"https:\/\/www.ghiblievo.com\/it\/?s={search_term_string}\"},\"query-input\":{\"@type\":\"PropertyValueSpecification\",\"valueRequired\":true,\"valueName\":\"search_term_string\"}}],\"inLanguage\":\"it-IT\"},{\"@type\":\"Organization\",\"@id\":\"https:\/\/www.ghiblievo.com\/it\/#organization\",\"name\":\"Ghibli Evo\",\"url\":\"https:\/\/www.ghiblievo.com\/it\/\",\"logo\":{\"@type\":\"ImageObject\",\"inLanguage\":\"it-IT\",\"@id\":\"https:\/\/www.ghiblievo.com\/it\/#\/schema\/logo\/image\/\",\"url\":\"https:\/\/www.ghiblievo.com\/wp-content\/uploads\/2019\/09\/Emblema_HUB-footer.png\",\"contentUrl\":\"https:\/\/www.ghiblievo.com\/wp-content\/uploads\/2019\/09\/Emblema_HUB-footer.png\",\"width\":300,\"height\":291,\"caption\":\"Ghibli Evo\"},\"image\":{\"@id\":\"https:\/\/www.ghiblievo.com\/it\/#\/schema\/logo\/image\/\"},\"sameAs\":[\"https:\/\/www.facebook.com\/ghiblievo\",\"https:\/\/www.instagram.com\/ghiblievo\/\"],\"description\":\"Ghiblievo is specialized in hotel supplies, bathroom accessories for hotel and hair dryer\",\"email\":\"info@ghiblievo.com\",\"telephone\":\"+39 338 4733486\",\"foundingDate\":\"2009-01-01\",\"vatID\":\"IT 03607430166\"}]}<\/script>\n<meta property=\"product:price:amount\" content=\"0.00\" \/>\n<meta property=\"product:price:currency\" content=\"EUR\" \/>\n<meta property=\"og:availability\" content=\"instock\" \/>\n<meta property=\"product:availability\" content=\"instock\" \/>\n<meta property=\"product:condition\" content=\"new\" \/>\n<!-- \/ Yoast SEO Premium plugin. -->","yoast_head_json":{"title":"Inserto raccolta differenziata 9L per hotel | THORNTON per cestini 9L","description":"Inserto raccolta differenziata 9L per hotel con guida stampata. Adatto a tutti i cestini 9L, utilizzabile con o senza sacco, facile da pulire. Richiedi preventivo.","robots":{"index":"index","follow":"follow","max-snippet":"max-snippet:-1","max-image-preview":"max-image-preview:large","max-video-preview":"max-video-preview:-1"},"canonical":"https:\/\/www.ghiblievo.com\/it\/prodotto\/inserto-raccolta-differenziata-9l-per-hotel\/","og_locale":"it_IT","og_type":"article","og_title":"Inserto raccolta differenziata 9L per hotel | THORNTON per cestini 9L","og_description":"Inserto raccolta differenziata 9L per hotel \u2013 THORNTON   L\u2019inserto raccolta differenziata 9L per hotel THORNTON \u00e8 pensato per semplificare la separazione dei rifiuti in ambienti hospitality, dalle camere alle aree comuni. Grazie alla guida stampata, ospiti e personale possono individuare rapidamente il corretto conferimento, migliorando l\u2019operativit\u00e0 quotidiana e supportando obiettivi di sostenibilit\u00e0.   Perch\u00e9 \u00e8 utile in hotel   Compatibilit\u00e0 immediata: si adatta a tutti i cestini 9L, ideale come upgrade di dotazioni gi\u00e0 esistenti.  Flessibilit\u00e0 housekeeping: utilizzabile con o senza sacco, in base alle procedure interne.  Manutenzione semplice: facile da pulire per una gestione rapida.   Colori e specifiche   Colori: Nero (cod. 26387) \/ Verde (cod. 26388)  Dimensioni: H 250 mm \u00d7 L 205 mm \u00d7 P 120 mm  Peso: 0,20 kg    Prezzo non pubblico: prodotto \u201cRichiedi preventivo\u201d. Contattaci per disponibilit\u00e0, tempi di fornitura e quotazione in base al tuo progetto.","og_url":"https:\/\/www.ghiblievo.com\/it\/prodotto\/inserto-raccolta-differenziata-9l-per-hotel\/","og_site_name":"Ghibli Evo","article_publisher":"https:\/\/www.facebook.com\/ghiblievo","article_modified_time":"2026-02-12T08:37:28+00:00","og_image":[{"width":1000,"height":1000,"url":"https:\/\/www.ghiblievo.com\/wp-content\/uploads\/2026\/02\/eb6ede_f8a371d79b324d308c7f4f036d278143mv2.webp","type":"image\/webp"}],"twitter_card":"summary_large_image","twitter_misc":{"Prezzo":"","Disponibilit\u00e0":"In stock"},"schema":{"@context":"https:\/\/schema.org","@graph":[{"@type":"WebPage","@id":"https:\/\/www.ghiblievo.com\/it\/prodotto\/inserto-raccolta-differenziata-9l-per-hotel\/","url":"https:\/\/www.ghiblievo.com\/it\/prodotto\/inserto-raccolta-differenziata-9l-per-hotel\/","name":"Inserto raccolta differenziata 9L per hotel | THORNTON per cestini 9L","isPartOf":{"@id":"https:\/\/www.ghiblievo.com\/it\/#website"},"primaryImageOfPage":{"@id":"https:\/\/www.ghiblievo.com\/it\/prodotto\/inserto-raccolta-differenziata-9l-per-hotel\/#primaryimage"},"image":{"@id":"https:\/\/www.ghiblievo.com\/it\/prodotto\/inserto-raccolta-differenziata-9l-per-hotel\/#primaryimage"},"thumbnailUrl":"https:\/\/www.ghiblievo.com\/wp-content\/uploads\/2026\/02\/eb6ede_f8a371d79b324d308c7f4f036d278143mv2.webp","datePublished":"2026-02-12T08:34:41+00:00","dateModified":"2026-02-12T08:37:28+00:00","description":"Inserto raccolta differenziata 9L per hotel con guida stampata. Adatto a tutti i cestini 9L, utilizzabile con o senza sacco, facile da pulire. Richiedi preventivo.","breadcrumb":{"@id":"https:\/\/www.ghiblievo.com\/it\/prodotto\/inserto-raccolta-differenziata-9l-per-hotel\/#breadcrumb"},"inLanguage":"it-IT","potentialAction":[{"@type":"ReadAction","target":["https:\/\/www.ghiblievo.com\/it\/prodotto\/inserto-raccolta-differenziata-9l-per-hotel\/"]}]},{"@type":"ImageObject","inLanguage":"it-IT","@id":"https:\/\/www.ghiblievo.com\/it\/prodotto\/inserto-raccolta-differenziata-9l-per-hotel\/#primaryimage","url":"https:\/\/www.ghiblievo.com\/wp-content\/uploads\/2026\/02\/eb6ede_f8a371d79b324d308c7f4f036d278143mv2.webp","contentUrl":"https:\/\/www.ghiblievo.com\/wp-content\/uploads\/2026\/02\/eb6ede_f8a371d79b324d308c7f4f036d278143mv2.webp","width":1000,"height":1000,"caption":"Inserto raccolta differenziata 9L per hotel THORNTON \u2013 versione verde"},{"@type":"BreadcrumbList","@id":"https:\/\/www.ghiblievo.com\/it\/prodotto\/inserto-raccolta-differenziata-9l-per-hotel\/#breadcrumb","itemListElement":[{"@type":"ListItem","position":1,"name":"Home","item":"https:\/\/www.ghiblievo.com\/it\/"},{"@type":"ListItem","position":2,"name":"Shop","item":"https:\/\/www.ghiblievo.com\/it\/shop-it\/"},{"@type":"ListItem","position":3,"name":"Cestini","item":"https:\/\/www.ghiblievo.com\/it\/categoria-prodotto\/cestini\/"},{"@type":"ListItem","position":4,"name":"Cestini da appoggio","item":"https:\/\/www.ghiblievo.com\/it\/categoria-prodotto\/cestini\/cestini-da-appoggio\/"},{"@type":"ListItem","position":5,"name":"Inserto raccolta differenziata 9L per hotel | THORNTON per cestini 9L"}]},{"@type":"WebSite","@id":"https:\/\/www.ghiblievo.com\/it\/#website","url":"https:\/\/www.ghiblievo.com\/it\/","name":"Ghibli Evo","description":"Hair Dryers for Hotel - Wall Mounted Hair Dryer","publisher":{"@id":"https:\/\/www.ghiblievo.com\/it\/#organization"},"potentialAction":[{"@type":"SearchAction","target":{"@type":"EntryPoint","urlTemplate":"https:\/\/www.ghiblievo.com\/it\/?s={search_term_string}"},"query-input":{"@type":"PropertyValueSpecification","valueRequired":true,"valueName":"search_term_string"}}],"inLanguage":"it-IT"},{"@type":"Organization","@id":"https:\/\/www.ghiblievo.com\/it\/#organization","name":"Ghibli Evo","url":"https:\/\/www.ghiblievo.com\/it\/","logo":{"@type":"ImageObject","inLanguage":"it-IT","@id":"https:\/\/www.ghiblievo.com\/it\/#\/schema\/logo\/image\/","url":"https:\/\/www.ghiblievo.com\/wp-content\/uploads\/2019\/09\/Emblema_HUB-footer.png","contentUrl":"https:\/\/www.ghiblievo.com\/wp-content\/uploads\/2019\/09\/Emblema_HUB-footer.png","width":300,"height":291,"caption":"Ghibli Evo"},"image":{"@id":"https:\/\/www.ghiblievo.com\/it\/#\/schema\/logo\/image\/"},"sameAs":["https:\/\/www.facebook.com\/ghiblievo","https:\/\/www.instagram.com\/ghiblievo\/"],"description":"Ghiblievo is specialized in hotel supplies, bathroom accessories for hotel and hair dryer","email":"info@ghiblievo.com","telephone":"+39 338 4733486","foundingDate":"2009-01-01","vatID":"IT 03607430166"}]},"product_price_amount":"0.00","product_price_currency":"EUR","og_availability":"instock","product_availability":"instock","product_condition":"new"},"_links":{"self":[{"href":"https:\/\/www.ghiblievo.com\/it\/wp-json\/wp\/v2\/product\/69495","targetHints":{"allow":["GET"]}}],"collection":[{"href":"https:\/\/www.ghiblievo.com\/it\/wp-json\/wp\/v2\/product"}],"about":[{"href":"https:\/\/www.ghiblievo.com\/it\/wp-json\/wp\/v2\/types\/product"}],"replies":[{"embeddable":true,"href":"https:\/\/www.ghiblievo.com\/it\/wp-json\/wp\/v2\/comments?post=69495"}],"version-history":[{"count":0,"href":"https:\/\/www.ghiblievo.com\/it\/wp-json\/wp\/v2\/product\/69495\/revisions"}],"wp:featuredmedia":[{"embeddable":true,"href":"https:\/\/www.ghiblievo.com\/it\/wp-json\/wp\/v2\/media\/69427"}],"wp:attachment":[{"href":"https:\/\/www.ghiblievo.com\/it\/wp-json\/wp\/v2\/media?parent=69495"}],"wp:term":[{"taxonomy":"product_cat","embeddable":true,"href":"https:\/\/www.ghiblievo.com\/it\/wp-json\/wp\/v2\/product_cat?post=69495"},{"taxonomy":"product_tag","embeddable":true,"href":"https:\/\/www.ghiblievo.com\/it\/wp-json\/wp\/v2\/product_tag?post=69495"}],"curies":[{"name":"wp","href":"https:\/\/api.w.org\/{rel}","templated":true}]}}