{"id":55800,"date":"2025-06-04T17:07:11","date_gmt":"2025-06-04T16:07:11","guid":{"rendered":"https:\/\/www.ghiblievo.com\/?post_type=product&#038;p=55800"},"modified":"2025-06-06T09:29:02","modified_gmt":"2025-06-06T08:29:02","slug":"specchio-cosmetico-a-led-nero-2-bracci-cromato-per-hotel","status":"publish","type":"product","link":"https:\/\/www.ghiblievo.com\/it\/prodotto\/specchio-cosmetico-a-led-nero-2-bracci-cromato-per-hotel\/","title":{"rendered":"Specchio cosmetico a LED nero 2 bracci cromato per hotel"},"content":{"rendered":"","protected":false},"excerpt":{"rendered":"<div id=\"react_0HND2H4B0PQSU\">\n<section id=\"productinformatie\" class=\"contenitore @[0rem]:md:mx-0 @[0rem]:md:w-full my-32 md:my-64 @xl:md:my-40 @[0rem]:mx-0 @[0rem]:w-full\">\n<div class=\"prosa\">\n<h2 class=\"ai-optimize-28\">Informazioni sul prodotto dello Specchio cosmetico a LED Nero con 2 bracci cromato per hotel<\/h2>\n<p class=\"ai-optimize-28\"><strong>Specchio cosmetico a LED nero<\/strong>: linee eleganti e delicate caratterizzano questo splendido specchio da barba della collezione Geesa Mirror. La lampada a LED diffonde una luce intensa, pur mantenendo un effetto suggestivo. Questo specchio ha un ingrandimento 3x e un diametro di ben 215 mm. Questo specchio \u00e8 il punto luce di ogni bagno.<\/p>\n<\/div>\n<\/section>\n<\/div>\n<div id=\"react_0HND2H4B0PQSV\">\n<section id=\"productspecificaties\" class=\"contenitore @[0rem]:md:mx-0 @[0rem]:md:w-full my-32 md:my-64 @xl:md:my-40 @[0rem]:mx-0 @[0rem]:w-full\">\n<div class=\"prosa\">\n<h2 class=\"ai-optimize-30\">Specifiche<\/h2>\n<ul>\n<li class=\"ai-optimize-31\">Resistente all&#8217;umidit\u00e0 con grado di <strong>protezione IP44<\/strong> questo specchio \u00e8 adatto per ambienti umidi<\/li>\n<li class=\"ai-optimize-31\">Di lunga durata: materiali resistenti utilizzati, ideale per l&#8217;uso nel settore dell&#8217;ospitalit\u00e0<\/li>\n<li class=\"ai-optimize-31\"><strong>Effetto ingranditore: il riflesso nello specchio \u00e8 ingrandito 3x<\/strong><\/li>\n<li class=\"ai-optimize-31\">Facile da installare: fissaggio solido, direttamente sulla parete<\/li>\n<li class=\"ai-optimize-31\">Garanzia: questa gamma viene fornita con una garanzia di 2 anni<\/li>\n<\/ul>\n<p>&nbsp;<\/p>\n<div class=\"table-scroller\">\n<table>\n<tbody>\n<tr>\n<td>Larghezza<\/td>\n<td>349 mm<\/td>\n<\/tr>\n<tr>\n<td>Profondit\u00e0<\/td>\n<td>106 mm<\/td>\n<\/tr>\n<tr>\n<td>Altezza<\/td>\n<td>231 mm<\/td>\n<\/tr>\n<tr>\n<td>Voltaggio<\/td>\n<td>230v<\/td>\n<\/tr>\n<tr>\n<td>Potenza<\/td>\n<td>2W<\/td>\n<\/tr>\n<tr>\n<td>Durata LED<\/td>\n<td>50000 ore<\/td>\n<\/tr>\n<tr>\n<td>Finitura<\/td>\n<td>Nera<\/td>\n<\/tr>\n<tr>\n<td>Materiale<\/td>\n<td>Ottone, Vetro<\/td>\n<\/tr>\n<tr>\n<td>Set di montaggio incluso<\/td>\n<td>S\u00ec<\/td>\n<\/tr>\n<tr>\n<td>Codice prodotto<\/td>\n<td>911093<\/td>\n<\/tr>\n<tr>\n<td>EAN code<\/td>\n<td>8712163105011<\/td>\n<\/tr>\n<\/tbody>\n<\/table>\n<p>&nbsp;<\/p>\n<\/div>\n<\/div>\n<\/section>\n<\/div>\n","protected":false},"featured_media":55814,"comment_status":"open","ping_status":"closed","template":"","meta":{"_acf_changed":false,"ngg_post_thumbnail":0,"footnotes":""},"product_cat":[874,980,984,879,880],"product_tag":[],"class_list":{"0":"post-55800","1":"product","2":"type-product","3":"status-publish","4":"has-post-thumbnail","6":"product_cat-specchi-per-hotel","7":"product_cat-specchi-cosmetici","8":"product_cat-specchi-cosmetici-a-led","9":"product_cat-specchi-illuminati","10":"product_cat-specchi-make-up","12":"first","13":"instock","14":"shipping-taxable","15":"purchasable","16":"product-type-simple"},"acf":[],"yoast_head":"<!-- This site is optimized with the Yoast SEO Premium plugin v26.7 (Yoast SEO v26.7) - https:\/\/yoast.com\/wordpress\/plugins\/seo\/ -->\n<title>Specchio cosmetico a LED nero 2 bracci cromato per hotel - Ghibli Evo<\/title>\n<meta name=\"description\" content=\"Specchio cosmetico a LED nero, la lampada a LED diffonde una luce intensa, ingrandimento 3X, diametro di 215 mm. Specchio dal design moderno\" \/>\n<meta name=\"robots\" content=\"index, follow, max-snippet:-1, max-image-preview:large, max-video-preview:-1\" \/>\n<link rel=\"canonical\" href=\"https:\/\/www.ghiblievo.com\/it\/prodotto\/specchio-cosmetico-a-led-nero-2-bracci-cromato-per-hotel\/\" \/>\n<meta property=\"og:locale\" content=\"it_IT\" \/>\n<meta property=\"og:type\" content=\"article\" \/>\n<meta property=\"og:title\" content=\"Specchio cosmetico a LED nero 2 bracci cromato per hotel\" \/>\n<meta property=\"og:description\" content=\"Informazioni sul prodotto dello Specchio cosmetico a LED Nero con 2 bracci cromato per hotel Specchio cosmetico a LED nero: linee eleganti e delicate caratterizzano questo splendido specchio da barba della collezione Geesa Mirror. La lampada a LED diffonde una luce intensa, pur mantenendo un effetto suggestivo. Questo specchio ha un ingrandimento 3x e un diametro di ben 215 mm. Questo specchio \u00e8 il punto luce di ogni bagno.      Specifiche   Resistente all&#039;umidit\u00e0 con grado di protezione IP44 questo specchio \u00e8 adatto per ambienti umidi  Di lunga durata: materiali resistenti utilizzati, ideale per l&#039;uso nel settore dell&#039;ospitalit\u00e0  Effetto ingranditore: il riflesso nello specchio \u00e8 ingrandito 3x  Facile da installare: fissaggio solido, direttamente sulla parete  Garanzia: questa gamma viene fornita con una garanzia di 2 anni  &nbsp;     Larghezza 349 mm   Profondit\u00e0 106 mm   Altezza 231 mm   Voltaggio 230v   Potenza 2W   Durata LED 50000 ore   Finitura Nera   Materiale Ottone, Vetro   Set di montaggio incluso S\u00ec   Codice prodotto 911093   EAN code 8712163105011    &nbsp;\" \/>\n<meta property=\"og:url\" content=\"https:\/\/www.ghiblievo.com\/it\/prodotto\/specchio-cosmetico-a-led-nero-2-bracci-cromato-per-hotel\/\" \/>\n<meta property=\"og:site_name\" content=\"Ghibli Evo\" \/>\n<meta property=\"article:publisher\" content=\"https:\/\/www.facebook.com\/ghiblievo\" \/>\n<meta property=\"article:modified_time\" content=\"2025-06-06T08:29:02+00:00\" \/>\n<meta property=\"og:image\" content=\"https:\/\/www.ghiblievo.com\/wp-content\/uploads\/2025\/06\/Black-Make-up-mirror-LED-for-hotel-2-arms-chrome-3X.webp\" \/>\n\t<meta property=\"og:image:width\" content=\"1000\" \/>\n\t<meta property=\"og:image:height\" content=\"1000\" \/>\n\t<meta property=\"og:image:type\" content=\"image\/webp\" \/>\n<meta name=\"twitter:card\" content=\"summary_large_image\" \/>\n<meta name=\"twitter:label1\" content=\"Prezzo\" \/>\n\t<meta name=\"twitter:data1\" content=\"&euro;299.00\" \/>\n\t<meta name=\"twitter:label2\" content=\"Disponibilit\u00e0\" \/>\n\t<meta name=\"twitter:data2\" content=\"In stock\" \/>\n<script type=\"application\/ld+json\" class=\"yoast-schema-graph\">{\"@context\":\"https:\/\/schema.org\",\"@graph\":[{\"@type\":\"WebPage\",\"@id\":\"https:\/\/www.ghiblievo.com\/it\/prodotto\/specchio-cosmetico-a-led-nero-2-bracci-cromato-per-hotel\/\",\"url\":\"https:\/\/www.ghiblievo.com\/it\/prodotto\/specchio-cosmetico-a-led-nero-2-bracci-cromato-per-hotel\/\",\"name\":\"Specchio cosmetico a LED nero 2 bracci cromato per hotel - Ghibli Evo\",\"isPartOf\":{\"@id\":\"https:\/\/www.ghiblievo.com\/it\/#website\"},\"primaryImageOfPage\":{\"@id\":\"https:\/\/www.ghiblievo.com\/it\/prodotto\/specchio-cosmetico-a-led-nero-2-bracci-cromato-per-hotel\/#primaryimage\"},\"image\":{\"@id\":\"https:\/\/www.ghiblievo.com\/it\/prodotto\/specchio-cosmetico-a-led-nero-2-bracci-cromato-per-hotel\/#primaryimage\"},\"thumbnailUrl\":\"https:\/\/www.ghiblievo.com\/wp-content\/uploads\/2025\/06\/Black-Make-up-mirror-LED-for-hotel-2-arms-chrome-3X.webp\",\"datePublished\":\"2025-06-04T16:07:11+00:00\",\"dateModified\":\"2025-06-06T08:29:02+00:00\",\"description\":\"Specchio cosmetico a LED nero, la lampada a LED diffonde una luce intensa, ingrandimento 3X, diametro di 215 mm. Specchio dal design moderno\",\"breadcrumb\":{\"@id\":\"https:\/\/www.ghiblievo.com\/it\/prodotto\/specchio-cosmetico-a-led-nero-2-bracci-cromato-per-hotel\/#breadcrumb\"},\"inLanguage\":\"it-IT\",\"potentialAction\":[{\"@type\":\"ReadAction\",\"target\":[\"https:\/\/www.ghiblievo.com\/it\/prodotto\/specchio-cosmetico-a-led-nero-2-bracci-cromato-per-hotel\/\"]}]},{\"@type\":\"ImageObject\",\"inLanguage\":\"it-IT\",\"@id\":\"https:\/\/www.ghiblievo.com\/it\/prodotto\/specchio-cosmetico-a-led-nero-2-bracci-cromato-per-hotel\/#primaryimage\",\"url\":\"https:\/\/www.ghiblievo.com\/wp-content\/uploads\/2025\/06\/Black-Make-up-mirror-LED-for-hotel-2-arms-chrome-3X.webp\",\"contentUrl\":\"https:\/\/www.ghiblievo.com\/wp-content\/uploads\/2025\/06\/Black-Make-up-mirror-LED-for-hotel-2-arms-chrome-3X.webp\",\"width\":1000,\"height\":1000,\"caption\":\"Specchio cosmetico a LED nero 2 bracci cromato per hotel\"},{\"@type\":\"BreadcrumbList\",\"@id\":\"https:\/\/www.ghiblievo.com\/it\/prodotto\/specchio-cosmetico-a-led-nero-2-bracci-cromato-per-hotel\/#breadcrumb\",\"itemListElement\":[{\"@type\":\"ListItem\",\"position\":1,\"name\":\"Home\",\"item\":\"https:\/\/www.ghiblievo.com\/it\/\"},{\"@type\":\"ListItem\",\"position\":2,\"name\":\"Shop\",\"item\":\"https:\/\/www.ghiblievo.com\/it\/shop-it\/\"},{\"@type\":\"ListItem\",\"position\":3,\"name\":\"Specchi\",\"item\":\"https:\/\/www.ghiblievo.com\/it\/categoria-prodotto\/specchi-per-hotel\/\"},{\"@type\":\"ListItem\",\"position\":4,\"name\":\"Specchio cosmetico a LED nero 2 bracci cromato per hotel\"}]},{\"@type\":\"WebSite\",\"@id\":\"https:\/\/www.ghiblievo.com\/it\/#website\",\"url\":\"https:\/\/www.ghiblievo.com\/it\/\",\"name\":\"Ghibli Evo\",\"description\":\"Hair Dryers for Hotel - Wall Mounted Hair Dryer\",\"publisher\":{\"@id\":\"https:\/\/www.ghiblievo.com\/it\/#organization\"},\"potentialAction\":[{\"@type\":\"SearchAction\",\"target\":{\"@type\":\"EntryPoint\",\"urlTemplate\":\"https:\/\/www.ghiblievo.com\/it\/?s={search_term_string}\"},\"query-input\":{\"@type\":\"PropertyValueSpecification\",\"valueRequired\":true,\"valueName\":\"search_term_string\"}}],\"inLanguage\":\"it-IT\"},{\"@type\":\"Organization\",\"@id\":\"https:\/\/www.ghiblievo.com\/it\/#organization\",\"name\":\"Ghibli Evo\",\"url\":\"https:\/\/www.ghiblievo.com\/it\/\",\"logo\":{\"@type\":\"ImageObject\",\"inLanguage\":\"it-IT\",\"@id\":\"https:\/\/www.ghiblievo.com\/it\/#\/schema\/logo\/image\/\",\"url\":\"https:\/\/www.ghiblievo.com\/wp-content\/uploads\/2019\/09\/Emblema_HUB-footer.png\",\"contentUrl\":\"https:\/\/www.ghiblievo.com\/wp-content\/uploads\/2019\/09\/Emblema_HUB-footer.png\",\"width\":300,\"height\":291,\"caption\":\"Ghibli Evo\"},\"image\":{\"@id\":\"https:\/\/www.ghiblievo.com\/it\/#\/schema\/logo\/image\/\"},\"sameAs\":[\"https:\/\/www.facebook.com\/ghiblievo\",\"https:\/\/www.instagram.com\/ghiblievo\/\"],\"description\":\"Ghiblievo is specialized in hotel supplies, bathroom accessories for hotel and hair dryer\",\"email\":\"info@ghiblievo.com\",\"telephone\":\"+39 338 4733486\",\"foundingDate\":\"2009-01-01\",\"vatID\":\"IT 03607430166\"}]}<\/script>\n<meta property=\"product:price:amount\" content=\"299.00\" \/>\n<meta property=\"product:price:currency\" content=\"EUR\" \/>\n<meta property=\"og:availability\" content=\"instock\" \/>\n<meta property=\"product:availability\" content=\"instock\" \/>\n<meta property=\"product:condition\" content=\"new\" \/>\n<!-- \/ Yoast SEO Premium plugin. -->","yoast_head_json":{"title":"Specchio cosmetico a LED nero 2 bracci cromato per hotel - Ghibli Evo","description":"Specchio cosmetico a LED nero, la lampada a LED diffonde una luce intensa, ingrandimento 3X, diametro di 215 mm. Specchio dal design moderno","robots":{"index":"index","follow":"follow","max-snippet":"max-snippet:-1","max-image-preview":"max-image-preview:large","max-video-preview":"max-video-preview:-1"},"canonical":"https:\/\/www.ghiblievo.com\/it\/prodotto\/specchio-cosmetico-a-led-nero-2-bracci-cromato-per-hotel\/","og_locale":"it_IT","og_type":"article","og_title":"Specchio cosmetico a LED nero 2 bracci cromato per hotel","og_description":"Informazioni sul prodotto dello Specchio cosmetico a LED Nero con 2 bracci cromato per hotel Specchio cosmetico a LED nero: linee eleganti e delicate caratterizzano questo splendido specchio da barba della collezione Geesa Mirror. La lampada a LED diffonde una luce intensa, pur mantenendo un effetto suggestivo. Questo specchio ha un ingrandimento 3x e un diametro di ben 215 mm. Questo specchio \u00e8 il punto luce di ogni bagno.      Specifiche   Resistente all'umidit\u00e0 con grado di protezione IP44 questo specchio \u00e8 adatto per ambienti umidi  Di lunga durata: materiali resistenti utilizzati, ideale per l'uso nel settore dell'ospitalit\u00e0  Effetto ingranditore: il riflesso nello specchio \u00e8 ingrandito 3x  Facile da installare: fissaggio solido, direttamente sulla parete  Garanzia: questa gamma viene fornita con una garanzia di 2 anni  &nbsp;     Larghezza 349 mm   Profondit\u00e0 106 mm   Altezza 231 mm   Voltaggio 230v   Potenza 2W   Durata LED 50000 ore   Finitura Nera   Materiale Ottone, Vetro   Set di montaggio incluso S\u00ec   Codice prodotto 911093   EAN code 8712163105011    &nbsp;","og_url":"https:\/\/www.ghiblievo.com\/it\/prodotto\/specchio-cosmetico-a-led-nero-2-bracci-cromato-per-hotel\/","og_site_name":"Ghibli Evo","article_publisher":"https:\/\/www.facebook.com\/ghiblievo","article_modified_time":"2025-06-06T08:29:02+00:00","og_image":[{"width":1000,"height":1000,"url":"https:\/\/www.ghiblievo.com\/wp-content\/uploads\/2025\/06\/Black-Make-up-mirror-LED-for-hotel-2-arms-chrome-3X.webp","type":"image\/webp"}],"twitter_card":"summary_large_image","twitter_misc":{"Prezzo":"&euro;299.00","Disponibilit\u00e0":"In stock"},"schema":{"@context":"https:\/\/schema.org","@graph":[{"@type":"WebPage","@id":"https:\/\/www.ghiblievo.com\/it\/prodotto\/specchio-cosmetico-a-led-nero-2-bracci-cromato-per-hotel\/","url":"https:\/\/www.ghiblievo.com\/it\/prodotto\/specchio-cosmetico-a-led-nero-2-bracci-cromato-per-hotel\/","name":"Specchio cosmetico a LED nero 2 bracci cromato per hotel - Ghibli Evo","isPartOf":{"@id":"https:\/\/www.ghiblievo.com\/it\/#website"},"primaryImageOfPage":{"@id":"https:\/\/www.ghiblievo.com\/it\/prodotto\/specchio-cosmetico-a-led-nero-2-bracci-cromato-per-hotel\/#primaryimage"},"image":{"@id":"https:\/\/www.ghiblievo.com\/it\/prodotto\/specchio-cosmetico-a-led-nero-2-bracci-cromato-per-hotel\/#primaryimage"},"thumbnailUrl":"https:\/\/www.ghiblievo.com\/wp-content\/uploads\/2025\/06\/Black-Make-up-mirror-LED-for-hotel-2-arms-chrome-3X.webp","datePublished":"2025-06-04T16:07:11+00:00","dateModified":"2025-06-06T08:29:02+00:00","description":"Specchio cosmetico a LED nero, la lampada a LED diffonde una luce intensa, ingrandimento 3X, diametro di 215 mm. Specchio dal design moderno","breadcrumb":{"@id":"https:\/\/www.ghiblievo.com\/it\/prodotto\/specchio-cosmetico-a-led-nero-2-bracci-cromato-per-hotel\/#breadcrumb"},"inLanguage":"it-IT","potentialAction":[{"@type":"ReadAction","target":["https:\/\/www.ghiblievo.com\/it\/prodotto\/specchio-cosmetico-a-led-nero-2-bracci-cromato-per-hotel\/"]}]},{"@type":"ImageObject","inLanguage":"it-IT","@id":"https:\/\/www.ghiblievo.com\/it\/prodotto\/specchio-cosmetico-a-led-nero-2-bracci-cromato-per-hotel\/#primaryimage","url":"https:\/\/www.ghiblievo.com\/wp-content\/uploads\/2025\/06\/Black-Make-up-mirror-LED-for-hotel-2-arms-chrome-3X.webp","contentUrl":"https:\/\/www.ghiblievo.com\/wp-content\/uploads\/2025\/06\/Black-Make-up-mirror-LED-for-hotel-2-arms-chrome-3X.webp","width":1000,"height":1000,"caption":"Specchio cosmetico a LED nero 2 bracci cromato per hotel"},{"@type":"BreadcrumbList","@id":"https:\/\/www.ghiblievo.com\/it\/prodotto\/specchio-cosmetico-a-led-nero-2-bracci-cromato-per-hotel\/#breadcrumb","itemListElement":[{"@type":"ListItem","position":1,"name":"Home","item":"https:\/\/www.ghiblievo.com\/it\/"},{"@type":"ListItem","position":2,"name":"Shop","item":"https:\/\/www.ghiblievo.com\/it\/shop-it\/"},{"@type":"ListItem","position":3,"name":"Specchi","item":"https:\/\/www.ghiblievo.com\/it\/categoria-prodotto\/specchi-per-hotel\/"},{"@type":"ListItem","position":4,"name":"Specchio cosmetico a LED nero 2 bracci cromato per hotel"}]},{"@type":"WebSite","@id":"https:\/\/www.ghiblievo.com\/it\/#website","url":"https:\/\/www.ghiblievo.com\/it\/","name":"Ghibli Evo","description":"Hair Dryers for Hotel - Wall Mounted Hair Dryer","publisher":{"@id":"https:\/\/www.ghiblievo.com\/it\/#organization"},"potentialAction":[{"@type":"SearchAction","target":{"@type":"EntryPoint","urlTemplate":"https:\/\/www.ghiblievo.com\/it\/?s={search_term_string}"},"query-input":{"@type":"PropertyValueSpecification","valueRequired":true,"valueName":"search_term_string"}}],"inLanguage":"it-IT"},{"@type":"Organization","@id":"https:\/\/www.ghiblievo.com\/it\/#organization","name":"Ghibli Evo","url":"https:\/\/www.ghiblievo.com\/it\/","logo":{"@type":"ImageObject","inLanguage":"it-IT","@id":"https:\/\/www.ghiblievo.com\/it\/#\/schema\/logo\/image\/","url":"https:\/\/www.ghiblievo.com\/wp-content\/uploads\/2019\/09\/Emblema_HUB-footer.png","contentUrl":"https:\/\/www.ghiblievo.com\/wp-content\/uploads\/2019\/09\/Emblema_HUB-footer.png","width":300,"height":291,"caption":"Ghibli Evo"},"image":{"@id":"https:\/\/www.ghiblievo.com\/it\/#\/schema\/logo\/image\/"},"sameAs":["https:\/\/www.facebook.com\/ghiblievo","https:\/\/www.instagram.com\/ghiblievo\/"],"description":"Ghiblievo is specialized in hotel supplies, bathroom accessories for hotel and hair dryer","email":"info@ghiblievo.com","telephone":"+39 338 4733486","foundingDate":"2009-01-01","vatID":"IT 03607430166"}]},"product_price_amount":"299.00","product_price_currency":"EUR","og_availability":"instock","product_availability":"instock","product_condition":"new"},"_links":{"self":[{"href":"https:\/\/www.ghiblievo.com\/it\/wp-json\/wp\/v2\/product\/55800","targetHints":{"allow":["GET"]}}],"collection":[{"href":"https:\/\/www.ghiblievo.com\/it\/wp-json\/wp\/v2\/product"}],"about":[{"href":"https:\/\/www.ghiblievo.com\/it\/wp-json\/wp\/v2\/types\/product"}],"replies":[{"embeddable":true,"href":"https:\/\/www.ghiblievo.com\/it\/wp-json\/wp\/v2\/comments?post=55800"}],"version-history":[{"count":0,"href":"https:\/\/www.ghiblievo.com\/it\/wp-json\/wp\/v2\/product\/55800\/revisions"}],"wp:featuredmedia":[{"embeddable":true,"href":"https:\/\/www.ghiblievo.com\/it\/wp-json\/wp\/v2\/media\/55814"}],"wp:attachment":[{"href":"https:\/\/www.ghiblievo.com\/it\/wp-json\/wp\/v2\/media?parent=55800"}],"wp:term":[{"taxonomy":"product_cat","embeddable":true,"href":"https:\/\/www.ghiblievo.com\/it\/wp-json\/wp\/v2\/product_cat?post=55800"},{"taxonomy":"product_tag","embeddable":true,"href":"https:\/\/www.ghiblievo.com\/it\/wp-json\/wp\/v2\/product_tag?post=55800"}],"curies":[{"name":"wp","href":"https:\/\/api.w.org\/{rel}","templated":true}]}}