{"id":55600,"date":"2025-06-04T09:33:27","date_gmt":"2025-06-04T08:33:27","guid":{"rendered":"https:\/\/www.ghiblievo.com\/?post_type=product&#038;p=55600"},"modified":"2025-06-04T10:33:14","modified_gmt":"2025-06-04T09:33:14","slug":"specchio-per-il-trucco-rotondo-con-1-braccio-cromato","status":"publish","type":"product","link":"https:\/\/www.ghiblievo.com\/it\/prodotto\/specchio-per-il-trucco-rotondo-con-1-braccio-cromato\/","title":{"rendered":"Specchio per il trucco rotondo con 1 braccio cromato"},"content":{"rendered":"","protected":false},"excerpt":{"rendered":"<div id=\"react_0HND2H4B0PQSU\">\n<section id=\"productinformatie\" class=\"contenitore @[0rem]:md:mx-0 @[0rem]:md:w-full my-32 md:my-64 @xl:md:my-40 @[0rem]:mx-0 @[0rem]:w-full\">\n<div class=\"prosa\">\n<h2 class=\"ai-optimize-28\">Informazioni sul prodotto dello specchio per il trucco rotondo con 1 braccio<\/h2>\n<p class=\"ai-optimize-29\"><strong>Specchio rotondo per il trucco con 1 braccio<\/strong>: curve dolci e amichevoli. Questo specchio da barba, parte della gamma Mirror, si abbina bene a qualsiasi arredamento elegante e moderno del bagno, in casa o negli hotel. Questo modello a braccio singolo ha un diametro di 200 mm e offre un ingrandimento 3x. Ideale per applicare il trucco o pratico per uno sguardo nitido durante la rasatura. La finitura cromata di alta qualit\u00e0 conferisce allo specchio un aspetto lussuoso.<\/p>\n<\/div>\n<\/section>\n<\/div>\n<div id=\"react_0HND2H4B0PQSV\">\n<section id=\"productspecificaties\" class=\"contenitore @[0rem]:md:mx-0 @[0rem]:md:w-full my-32 md:my-64 @xl:md:my-40 @[0rem]:mx-0 @[0rem]:w-full\">\n<div class=\"prosa\">\n<h2 class=\"ai-optimize-30\">Specifiche<\/h2>\n<ul>\n<li class=\"ai-optimize-31\">Resistente all&#8217;umidit\u00e0: questo specchio \u00e8 adatto per ambienti umidi<\/li>\n<li class=\"ai-optimize-31\">Di lunga durata: materiali resistenti utilizzati, ideale per l&#8217;uso nel settore dell&#8217;ospitalit\u00e0<\/li>\n<li class=\"ai-optimize-31\"><strong>Effetto ingranditore: il riflesso nello specchio \u00e8 ingrandito 3x<\/strong><\/li>\n<li class=\"ai-optimize-31\">Facile da installare: fissaggio solido, direttamente sulla pareteGaranzia: questa gamma viene fornita con una garanzia di 2 anni<\/li>\n<\/ul>\n<p>&nbsp;<\/p>\n<div class=\"table-scroller\">\n<table>\n<tbody>\n<tr>\n<td>Larghezza<\/td>\n<td>296 mm<\/td>\n<\/tr>\n<tr>\n<td>Profondit\u00e0<\/td>\n<td>30 mm<\/td>\n<\/tr>\n<tr>\n<td>Altezza<\/td>\n<td>284 mm<\/td>\n<\/tr>\n<tr>\n<td>Finitura<\/td>\n<td>Cromata<\/td>\n<\/tr>\n<tr>\n<td>Materiale<\/td>\n<td>Ottone, Vetro<\/td>\n<\/tr>\n<tr>\n<td>Set di montaggio incluso<\/td>\n<td>S\u00ec<\/td>\n<\/tr>\n<tr>\n<td>Codice prodotto<\/td>\n<td>911085<\/td>\n<\/tr>\n<tr>\n<td>EAN code<\/td>\n<td>8712163104632<\/td>\n<\/tr>\n<\/tbody>\n<\/table>\n<p>&nbsp;<\/p>\n<\/div>\n<\/div>\n<\/section>\n<\/div>\n","protected":false},"featured_media":55616,"comment_status":"open","ping_status":"closed","template":"","meta":{"_acf_changed":false,"ngg_post_thumbnail":0,"footnotes":""},"product_cat":[874,988,880],"product_tag":[],"class_list":{"0":"post-55600","1":"product","2":"type-product","3":"status-publish","4":"has-post-thumbnail","6":"product_cat-specchi-per-hotel","7":"product_cat-specchi-cosmetici-non-illuminati","8":"product_cat-specchi-make-up","10":"first","11":"instock","12":"shipping-taxable","13":"purchasable","14":"product-type-simple"},"acf":[],"yoast_head":"<!-- This site is optimized with the Yoast SEO Premium plugin v26.7 (Yoast SEO v26.7) - https:\/\/yoast.com\/wordpress\/plugins\/seo\/ -->\n<title>Specchio per il trucco rotondo con 1 braccio cromato - Ghibli Evo<\/title>\n<meta name=\"description\" content=\"Specchio per il trucco rotondo con 1 braccio: si abbina bene a qualsiasi design d&#039;interni del bagno elegante e moderno, a casa o negli hotel\" \/>\n<meta name=\"robots\" content=\"index, follow, max-snippet:-1, max-image-preview:large, max-video-preview:-1\" \/>\n<link rel=\"canonical\" href=\"https:\/\/www.ghiblievo.com\/it\/prodotto\/specchio-per-il-trucco-rotondo-con-1-braccio-cromato\/\" \/>\n<meta property=\"og:locale\" content=\"it_IT\" \/>\n<meta property=\"og:type\" content=\"article\" \/>\n<meta property=\"og:title\" content=\"Specchio per il trucco rotondo con 1 braccio cromato\" \/>\n<meta property=\"og:description\" content=\"Informazioni sul prodotto dello specchio per il trucco rotondo con 1 braccio Specchio rotondo per il trucco con 1 braccio: curve dolci e amichevoli. Questo specchio da barba, parte della gamma Mirror, si abbina bene a qualsiasi arredamento elegante e moderno del bagno, in casa o negli hotel. Questo modello a braccio singolo ha un diametro di 200 mm e offre un ingrandimento 3x. Ideale per applicare il trucco o pratico per uno sguardo nitido durante la rasatura. La finitura cromata di alta qualit\u00e0 conferisce allo specchio un aspetto lussuoso.      Specifiche   Resistente all&#039;umidit\u00e0: questo specchio \u00e8 adatto per ambienti umidi  Di lunga durata: materiali resistenti utilizzati, ideale per l&#039;uso nel settore dell&#039;ospitalit\u00e0  Effetto ingranditore: il riflesso nello specchio \u00e8 ingrandito 3x  Facile da installare: fissaggio solido, direttamente sulla pareteGaranzia: questa gamma viene fornita con una garanzia di 2 anni  &nbsp;     Larghezza 296 mm   Profondit\u00e0 30 mm   Altezza 284 mm   Finitura Cromata   Materiale Ottone, Vetro   Set di montaggio incluso S\u00ec   Codice prodotto 911085   EAN code 8712163104632    &nbsp;\" \/>\n<meta property=\"og:url\" content=\"https:\/\/www.ghiblievo.com\/it\/prodotto\/specchio-per-il-trucco-rotondo-con-1-braccio-cromato\/\" \/>\n<meta property=\"og:site_name\" content=\"Ghibli Evo\" \/>\n<meta property=\"article:publisher\" content=\"https:\/\/www.facebook.com\/ghiblievo\" \/>\n<meta property=\"article:modified_time\" content=\"2025-06-04T09:33:14+00:00\" \/>\n<meta property=\"og:image\" content=\"https:\/\/www.ghiblievo.com\/wp-content\/uploads\/2025\/06\/Round-Make-up-mirror-with-1-arm-Chrome.webp\" \/>\n\t<meta property=\"og:image:width\" content=\"1000\" \/>\n\t<meta property=\"og:image:height\" content=\"1000\" \/>\n\t<meta property=\"og:image:type\" content=\"image\/webp\" \/>\n<meta name=\"twitter:card\" content=\"summary_large_image\" \/>\n<meta name=\"twitter:label1\" content=\"Prezzo\" \/>\n\t<meta name=\"twitter:data1\" content=\"&euro;155.00\" \/>\n\t<meta name=\"twitter:label2\" content=\"Disponibilit\u00e0\" \/>\n\t<meta name=\"twitter:data2\" content=\"In stock\" \/>\n<script type=\"application\/ld+json\" class=\"yoast-schema-graph\">{\"@context\":\"https:\/\/schema.org\",\"@graph\":[{\"@type\":\"WebPage\",\"@id\":\"https:\/\/www.ghiblievo.com\/it\/prodotto\/specchio-per-il-trucco-rotondo-con-1-braccio-cromato\/\",\"url\":\"https:\/\/www.ghiblievo.com\/it\/prodotto\/specchio-per-il-trucco-rotondo-con-1-braccio-cromato\/\",\"name\":\"Specchio per il trucco rotondo con 1 braccio cromato - Ghibli Evo\",\"isPartOf\":{\"@id\":\"https:\/\/www.ghiblievo.com\/it\/#website\"},\"primaryImageOfPage\":{\"@id\":\"https:\/\/www.ghiblievo.com\/it\/prodotto\/specchio-per-il-trucco-rotondo-con-1-braccio-cromato\/#primaryimage\"},\"image\":{\"@id\":\"https:\/\/www.ghiblievo.com\/it\/prodotto\/specchio-per-il-trucco-rotondo-con-1-braccio-cromato\/#primaryimage\"},\"thumbnailUrl\":\"https:\/\/www.ghiblievo.com\/wp-content\/uploads\/2025\/06\/Round-Make-up-mirror-with-1-arm-Chrome.webp\",\"datePublished\":\"2025-06-04T08:33:27+00:00\",\"dateModified\":\"2025-06-04T09:33:14+00:00\",\"description\":\"Specchio per il trucco rotondo con 1 braccio: si abbina bene a qualsiasi design d'interni del bagno elegante e moderno, a casa o negli hotel\",\"breadcrumb\":{\"@id\":\"https:\/\/www.ghiblievo.com\/it\/prodotto\/specchio-per-il-trucco-rotondo-con-1-braccio-cromato\/#breadcrumb\"},\"inLanguage\":\"it-IT\",\"potentialAction\":[{\"@type\":\"ReadAction\",\"target\":[\"https:\/\/www.ghiblievo.com\/it\/prodotto\/specchio-per-il-trucco-rotondo-con-1-braccio-cromato\/\"]}]},{\"@type\":\"ImageObject\",\"inLanguage\":\"it-IT\",\"@id\":\"https:\/\/www.ghiblievo.com\/it\/prodotto\/specchio-per-il-trucco-rotondo-con-1-braccio-cromato\/#primaryimage\",\"url\":\"https:\/\/www.ghiblievo.com\/wp-content\/uploads\/2025\/06\/Round-Make-up-mirror-with-1-arm-Chrome.webp\",\"contentUrl\":\"https:\/\/www.ghiblievo.com\/wp-content\/uploads\/2025\/06\/Round-Make-up-mirror-with-1-arm-Chrome.webp\",\"width\":1000,\"height\":1000,\"caption\":\"Specchio per il trucco rotondo con 1 braccio cromato\"},{\"@type\":\"BreadcrumbList\",\"@id\":\"https:\/\/www.ghiblievo.com\/it\/prodotto\/specchio-per-il-trucco-rotondo-con-1-braccio-cromato\/#breadcrumb\",\"itemListElement\":[{\"@type\":\"ListItem\",\"position\":1,\"name\":\"Home\",\"item\":\"https:\/\/www.ghiblievo.com\/it\/\"},{\"@type\":\"ListItem\",\"position\":2,\"name\":\"Shop\",\"item\":\"https:\/\/www.ghiblievo.com\/it\/shop-it\/\"},{\"@type\":\"ListItem\",\"position\":3,\"name\":\"Specchi\",\"item\":\"https:\/\/www.ghiblievo.com\/it\/categoria-prodotto\/specchi-per-hotel\/\"},{\"@type\":\"ListItem\",\"position\":4,\"name\":\"Specchio per il trucco rotondo con 1 braccio cromato\"}]},{\"@type\":\"WebSite\",\"@id\":\"https:\/\/www.ghiblievo.com\/it\/#website\",\"url\":\"https:\/\/www.ghiblievo.com\/it\/\",\"name\":\"Ghibli Evo\",\"description\":\"Hair Dryers for Hotel - Wall Mounted Hair Dryer\",\"publisher\":{\"@id\":\"https:\/\/www.ghiblievo.com\/it\/#organization\"},\"potentialAction\":[{\"@type\":\"SearchAction\",\"target\":{\"@type\":\"EntryPoint\",\"urlTemplate\":\"https:\/\/www.ghiblievo.com\/it\/?s={search_term_string}\"},\"query-input\":{\"@type\":\"PropertyValueSpecification\",\"valueRequired\":true,\"valueName\":\"search_term_string\"}}],\"inLanguage\":\"it-IT\"},{\"@type\":\"Organization\",\"@id\":\"https:\/\/www.ghiblievo.com\/it\/#organization\",\"name\":\"Ghibli Evo\",\"url\":\"https:\/\/www.ghiblievo.com\/it\/\",\"logo\":{\"@type\":\"ImageObject\",\"inLanguage\":\"it-IT\",\"@id\":\"https:\/\/www.ghiblievo.com\/it\/#\/schema\/logo\/image\/\",\"url\":\"https:\/\/www.ghiblievo.com\/wp-content\/uploads\/2019\/09\/Emblema_HUB-footer.png\",\"contentUrl\":\"https:\/\/www.ghiblievo.com\/wp-content\/uploads\/2019\/09\/Emblema_HUB-footer.png\",\"width\":300,\"height\":291,\"caption\":\"Ghibli Evo\"},\"image\":{\"@id\":\"https:\/\/www.ghiblievo.com\/it\/#\/schema\/logo\/image\/\"},\"sameAs\":[\"https:\/\/www.facebook.com\/ghiblievo\",\"https:\/\/www.instagram.com\/ghiblievo\/\"],\"description\":\"Ghiblievo is specialized in hotel supplies, bathroom accessories for hotel and hair dryer\",\"email\":\"info@ghiblievo.com\",\"telephone\":\"+39 338 4733486\",\"foundingDate\":\"2009-01-01\",\"vatID\":\"IT 03607430166\"}]}<\/script>\n<meta property=\"product:price:amount\" content=\"155.00\" \/>\n<meta property=\"product:price:currency\" content=\"EUR\" \/>\n<meta property=\"og:availability\" content=\"instock\" \/>\n<meta property=\"product:availability\" content=\"instock\" \/>\n<meta property=\"product:condition\" content=\"new\" \/>\n<!-- \/ Yoast SEO Premium plugin. -->","yoast_head_json":{"title":"Specchio per il trucco rotondo con 1 braccio cromato - Ghibli Evo","description":"Specchio per il trucco rotondo con 1 braccio: si abbina bene a qualsiasi design d'interni del bagno elegante e moderno, a casa o negli hotel","robots":{"index":"index","follow":"follow","max-snippet":"max-snippet:-1","max-image-preview":"max-image-preview:large","max-video-preview":"max-video-preview:-1"},"canonical":"https:\/\/www.ghiblievo.com\/it\/prodotto\/specchio-per-il-trucco-rotondo-con-1-braccio-cromato\/","og_locale":"it_IT","og_type":"article","og_title":"Specchio per il trucco rotondo con 1 braccio cromato","og_description":"Informazioni sul prodotto dello specchio per il trucco rotondo con 1 braccio Specchio rotondo per il trucco con 1 braccio: curve dolci e amichevoli. Questo specchio da barba, parte della gamma Mirror, si abbina bene a qualsiasi arredamento elegante e moderno del bagno, in casa o negli hotel. Questo modello a braccio singolo ha un diametro di 200 mm e offre un ingrandimento 3x. Ideale per applicare il trucco o pratico per uno sguardo nitido durante la rasatura. La finitura cromata di alta qualit\u00e0 conferisce allo specchio un aspetto lussuoso.      Specifiche   Resistente all'umidit\u00e0: questo specchio \u00e8 adatto per ambienti umidi  Di lunga durata: materiali resistenti utilizzati, ideale per l'uso nel settore dell'ospitalit\u00e0  Effetto ingranditore: il riflesso nello specchio \u00e8 ingrandito 3x  Facile da installare: fissaggio solido, direttamente sulla pareteGaranzia: questa gamma viene fornita con una garanzia di 2 anni  &nbsp;     Larghezza 296 mm   Profondit\u00e0 30 mm   Altezza 284 mm   Finitura Cromata   Materiale Ottone, Vetro   Set di montaggio incluso S\u00ec   Codice prodotto 911085   EAN code 8712163104632    &nbsp;","og_url":"https:\/\/www.ghiblievo.com\/it\/prodotto\/specchio-per-il-trucco-rotondo-con-1-braccio-cromato\/","og_site_name":"Ghibli Evo","article_publisher":"https:\/\/www.facebook.com\/ghiblievo","article_modified_time":"2025-06-04T09:33:14+00:00","og_image":[{"width":1000,"height":1000,"url":"https:\/\/www.ghiblievo.com\/wp-content\/uploads\/2025\/06\/Round-Make-up-mirror-with-1-arm-Chrome.webp","type":"image\/webp"}],"twitter_card":"summary_large_image","twitter_misc":{"Prezzo":"&euro;155.00","Disponibilit\u00e0":"In stock"},"schema":{"@context":"https:\/\/schema.org","@graph":[{"@type":"WebPage","@id":"https:\/\/www.ghiblievo.com\/it\/prodotto\/specchio-per-il-trucco-rotondo-con-1-braccio-cromato\/","url":"https:\/\/www.ghiblievo.com\/it\/prodotto\/specchio-per-il-trucco-rotondo-con-1-braccio-cromato\/","name":"Specchio per il trucco rotondo con 1 braccio cromato - Ghibli Evo","isPartOf":{"@id":"https:\/\/www.ghiblievo.com\/it\/#website"},"primaryImageOfPage":{"@id":"https:\/\/www.ghiblievo.com\/it\/prodotto\/specchio-per-il-trucco-rotondo-con-1-braccio-cromato\/#primaryimage"},"image":{"@id":"https:\/\/www.ghiblievo.com\/it\/prodotto\/specchio-per-il-trucco-rotondo-con-1-braccio-cromato\/#primaryimage"},"thumbnailUrl":"https:\/\/www.ghiblievo.com\/wp-content\/uploads\/2025\/06\/Round-Make-up-mirror-with-1-arm-Chrome.webp","datePublished":"2025-06-04T08:33:27+00:00","dateModified":"2025-06-04T09:33:14+00:00","description":"Specchio per il trucco rotondo con 1 braccio: si abbina bene a qualsiasi design d'interni del bagno elegante e moderno, a casa o negli hotel","breadcrumb":{"@id":"https:\/\/www.ghiblievo.com\/it\/prodotto\/specchio-per-il-trucco-rotondo-con-1-braccio-cromato\/#breadcrumb"},"inLanguage":"it-IT","potentialAction":[{"@type":"ReadAction","target":["https:\/\/www.ghiblievo.com\/it\/prodotto\/specchio-per-il-trucco-rotondo-con-1-braccio-cromato\/"]}]},{"@type":"ImageObject","inLanguage":"it-IT","@id":"https:\/\/www.ghiblievo.com\/it\/prodotto\/specchio-per-il-trucco-rotondo-con-1-braccio-cromato\/#primaryimage","url":"https:\/\/www.ghiblievo.com\/wp-content\/uploads\/2025\/06\/Round-Make-up-mirror-with-1-arm-Chrome.webp","contentUrl":"https:\/\/www.ghiblievo.com\/wp-content\/uploads\/2025\/06\/Round-Make-up-mirror-with-1-arm-Chrome.webp","width":1000,"height":1000,"caption":"Specchio per il trucco rotondo con 1 braccio cromato"},{"@type":"BreadcrumbList","@id":"https:\/\/www.ghiblievo.com\/it\/prodotto\/specchio-per-il-trucco-rotondo-con-1-braccio-cromato\/#breadcrumb","itemListElement":[{"@type":"ListItem","position":1,"name":"Home","item":"https:\/\/www.ghiblievo.com\/it\/"},{"@type":"ListItem","position":2,"name":"Shop","item":"https:\/\/www.ghiblievo.com\/it\/shop-it\/"},{"@type":"ListItem","position":3,"name":"Specchi","item":"https:\/\/www.ghiblievo.com\/it\/categoria-prodotto\/specchi-per-hotel\/"},{"@type":"ListItem","position":4,"name":"Specchio per il trucco rotondo con 1 braccio cromato"}]},{"@type":"WebSite","@id":"https:\/\/www.ghiblievo.com\/it\/#website","url":"https:\/\/www.ghiblievo.com\/it\/","name":"Ghibli Evo","description":"Hair Dryers for Hotel - Wall Mounted Hair Dryer","publisher":{"@id":"https:\/\/www.ghiblievo.com\/it\/#organization"},"potentialAction":[{"@type":"SearchAction","target":{"@type":"EntryPoint","urlTemplate":"https:\/\/www.ghiblievo.com\/it\/?s={search_term_string}"},"query-input":{"@type":"PropertyValueSpecification","valueRequired":true,"valueName":"search_term_string"}}],"inLanguage":"it-IT"},{"@type":"Organization","@id":"https:\/\/www.ghiblievo.com\/it\/#organization","name":"Ghibli Evo","url":"https:\/\/www.ghiblievo.com\/it\/","logo":{"@type":"ImageObject","inLanguage":"it-IT","@id":"https:\/\/www.ghiblievo.com\/it\/#\/schema\/logo\/image\/","url":"https:\/\/www.ghiblievo.com\/wp-content\/uploads\/2019\/09\/Emblema_HUB-footer.png","contentUrl":"https:\/\/www.ghiblievo.com\/wp-content\/uploads\/2019\/09\/Emblema_HUB-footer.png","width":300,"height":291,"caption":"Ghibli Evo"},"image":{"@id":"https:\/\/www.ghiblievo.com\/it\/#\/schema\/logo\/image\/"},"sameAs":["https:\/\/www.facebook.com\/ghiblievo","https:\/\/www.instagram.com\/ghiblievo\/"],"description":"Ghiblievo is specialized in hotel supplies, bathroom accessories for hotel and hair dryer","email":"info@ghiblievo.com","telephone":"+39 338 4733486","foundingDate":"2009-01-01","vatID":"IT 03607430166"}]},"product_price_amount":"155.00","product_price_currency":"EUR","og_availability":"instock","product_availability":"instock","product_condition":"new"},"_links":{"self":[{"href":"https:\/\/www.ghiblievo.com\/it\/wp-json\/wp\/v2\/product\/55600","targetHints":{"allow":["GET"]}}],"collection":[{"href":"https:\/\/www.ghiblievo.com\/it\/wp-json\/wp\/v2\/product"}],"about":[{"href":"https:\/\/www.ghiblievo.com\/it\/wp-json\/wp\/v2\/types\/product"}],"replies":[{"embeddable":true,"href":"https:\/\/www.ghiblievo.com\/it\/wp-json\/wp\/v2\/comments?post=55600"}],"version-history":[{"count":0,"href":"https:\/\/www.ghiblievo.com\/it\/wp-json\/wp\/v2\/product\/55600\/revisions"}],"wp:featuredmedia":[{"embeddable":true,"href":"https:\/\/www.ghiblievo.com\/it\/wp-json\/wp\/v2\/media\/55616"}],"wp:attachment":[{"href":"https:\/\/www.ghiblievo.com\/it\/wp-json\/wp\/v2\/media?parent=55600"}],"wp:term":[{"taxonomy":"product_cat","embeddable":true,"href":"https:\/\/www.ghiblievo.com\/it\/wp-json\/wp\/v2\/product_cat?post=55600"},{"taxonomy":"product_tag","embeddable":true,"href":"https:\/\/www.ghiblievo.com\/it\/wp-json\/wp\/v2\/product_tag?post=55600"}],"curies":[{"name":"wp","href":"https:\/\/api.w.org\/{rel}","templated":true}]}}