{"id":54612,"date":"2025-05-13T14:23:41","date_gmt":"2025-05-13T13:23:41","guid":{"rendered":"https:\/\/www.ghiblievo.com\/?post_type=product&#038;p=54612"},"modified":"2025-09-11T09:19:41","modified_gmt":"2025-09-11T08:19:41","slug":"appendiabiti-con-gancio-e-clip-graham","status":"publish","type":"product","link":"https:\/\/www.ghiblievo.com\/it\/prodotto\/appendiabiti-con-gancio-e-clip-graham\/","title":{"rendered":"Appendiabiti con gancio e clip: Graham"},"content":{"rendered":"","protected":false},"excerpt":{"rendered":"<h2>Caratteristiche dell&#8217;appendiabiti con gancio e clip: Graham<\/h2>\n<div>\n<h2 class=\"sottotitolo tabella-titolo\">DESCRIZIONE<\/h2>\n<hr>\n<p>L&#8217;appendiabiti Graham con gancio e clip \u00e8 un&#8217;aggiunta moderna e versatile a qualsiasi guardaroba di lusso. Gli appendini o grucce sono realizzati in legno di faggio certificato FSC, sono dotati di una robusta barra con clip, ideale per appendere in modo sicuro una variet\u00e0 di indumenti.<\/p>\n<\/div>\n<div>La finitura naturale aggiunge un tocco leggero e organico all&#8217;armadio, offrendo un mix di funzionalit\u00e0 ed eleganza sobria.<\/div>\n<div>La calda finitura in noce conferisce una profondit\u00e0 lussuosa al tuo guardaroba, rendendolo la scelta ideale per hotel di lusso e ospiti esigenti.<\/div>\n<div>La sofisticata finitura nera aggiunge un look elegante e contemporaneo a qualsiasi ambiente di lusso.<\/div>\n<h2 class=\"sottotitolo tabella-titolo\">CARATTERISTICHE degli appendini o grucce<\/h2>\n<hr>\n<ul class=\"artdetails-features\">\n<li>Appendiabiti Luxury dal design moderno<\/li>\n<li>Realizzato in legno di faggio certificato FSC<\/li>\n<li>Barra robusta con clip<\/li>\n<li>Disponibile nei colori naturale, noce e nero<\/li>\n<\/ul>\n<div class=\"artdetails\" data-unique-id=\"IDTUTS5CNL4BICHKUQCHOX2H4HFDG0SRJHT4NO5F4DZ0VLCWNSKLD\">\n<table id=\"artdetails-allprops\" class=\"fvs artdetails-allprops\">\n<tbody class=\"\" data-art-id=\"6544\">\n<tr>\n<td colspan=\"2\">\n<h2 class=\"sottotitolo tabella-titolo\">Specifiche<\/h2>\n<\/td>\n<\/tr>\n<tr>\n<td colspan=\"2\">\n<hr>\n<\/td>\n<\/tr>\n<tr>\n<td>Dimensioni articolo (LxPxA)<\/td>\n<td>44,5 x 1,4 x 23 cm<\/td>\n<\/tr>\n<tr>\n<td>Peso netto dell&#8217;articolo<\/td>\n<td>0,18 kg<\/td>\n<\/tr>\n<tr>\n<td colspan=\"2\">\n<h2 class=\"sottotitolo tabella-titolo\">Informazioni logistiche<\/h2>\n<\/td>\n<\/tr>\n<tr>\n<td colspan=\"2\">\n<hr>\n<\/td>\n<\/tr>\n<tr>\n<td>Dimensioni scatola esterna (LxPxA)<\/td>\n<td>40,5 x 41 x 39 cm<\/td>\n<\/tr>\n<tr>\n<td>Peso lordo dell&#8217;articolo<\/td>\n<td>0,1996 kg<\/td>\n<\/tr>\n<tr>\n<td>Quantit\u00e0 totale nella scatola esterna<\/td>\n<td>50<\/td>\n<\/tr>\n<tr>\n<td>Quantit\u00e0 totale per pallet (160 cm)<\/td>\n<td>1200<\/td>\n<\/tr>\n<tr>\n<td colspan=\"2\">\n<h2 class=\"sottotitolo tabella-titolo\">Informazioni aggiuntive<\/h2>\n<\/td>\n<\/tr>\n<tr>\n<td colspan=\"2\">\n<hr>\n<\/td>\n<\/tr>\n<tr>\n<td>Marca<\/td>\n<td>Bentley<\/td>\n<\/tr>\n<tr>\n<td>Colore<\/td>\n<td>Naturale, Noce, Nero<\/td>\n<\/tr>\n<tr>\n<td>Materiale<\/td>\n<td>Legno e metallo<\/td>\n<\/tr>\n<tr>\n<td colspan=\"2\">\n<h2 class=\"sottotitolo tabella-titolo\">Codici prodotto<\/h2>\n<\/td>\n<\/tr>\n<tr>\n<td colspan=\"2\">\n<hr>\n<\/td>\n<\/tr>\n<tr class=\"fvp \" data-art-id=\"6544\">\n<td class=\"fn\">ID prodotto<\/td>\n<td class=\"fv\"><strong>6544<\/strong> Gruccia Graham con gancio<br \/>\ne clip <strong>naturale<\/strong><\/td>\n<\/tr>\n<tr class=\"fvp \" data-art-id=\"6544\">\n<td class=\"fn\">ID prodotto<\/td>\n<td class=\"fv\"><strong>6545<\/strong> Gruccia Graham con gancio<br \/>\ne clip <strong>noce<\/strong><\/td>\n<\/tr>\n<tr class=\"fvp \" data-art-id=\"6544\">\n<td class=\"fn\">ID prodotto<\/td>\n<td class=\"fv\"><strong>6546<\/strong> Gruccia Graham con gancio<br \/>\ne clip <strong>nero<\/strong><\/td>\n<\/tr>\n<\/tbody>\n<\/table>\n<\/div>\n","protected":false},"featured_media":54635,"comment_status":"open","ping_status":"closed","template":"","meta":{"_acf_changed":false,"ngg_post_thumbnail":0,"footnotes":""},"product_cat":[1055,1061],"product_tag":[],"class_list":{"0":"post-54612","1":"product","2":"type-product","3":"status-publish","4":"has-post-thumbnail","6":"product_cat-complementi-darredo-per-hotel","7":"product_cat-complementi-per-camera-hotel","9":"first","10":"instock","11":"shipping-taxable","12":"purchasable","13":"product-type-simple"},"acf":[],"yoast_head":"<!-- This site is optimized with the Yoast SEO Premium plugin v26.7 (Yoast SEO v26.7) - https:\/\/yoast.com\/wordpress\/plugins\/seo\/ -->\n<title>Appendiabiti con gancio e clip: Graham - Ghibli Evo<\/title>\n<meta name=\"description\" content=\"Appendiabiti con gancio e clip: gruccia di lusso con design moderno, gruccia in legno di faggio certificato, nei colori naturale, noce e nero, appendini o grucce\" \/>\n<meta name=\"robots\" content=\"index, follow, max-snippet:-1, max-image-preview:large, max-video-preview:-1\" \/>\n<link rel=\"canonical\" href=\"https:\/\/www.ghiblievo.com\/it\/prodotto\/appendiabiti-con-gancio-e-clip-graham\/\" \/>\n<meta property=\"og:locale\" content=\"it_IT\" \/>\n<meta property=\"og:type\" content=\"article\" \/>\n<meta property=\"og:title\" content=\"Appendiabiti con gancio e clip: Graham\" \/>\n<meta property=\"og:description\" content=\"Caratteristiche dell&#039;appendiabiti con gancio e clip: Graham  DESCRIZIONE    L&#039;appendiabiti Graham con gancio e clip \u00e8 un&#039;aggiunta moderna e versatile a qualsiasi guardaroba di lusso. Gli appendini o grucce sono realizzati in legno di faggio certificato FSC, sono dotati di una robusta barra con clip, ideale per appendere in modo sicuro una variet\u00e0 di indumenti.   La finitura naturale aggiunge un tocco leggero e organico all&#039;armadio, offrendo un mix di funzionalit\u00e0 ed eleganza sobria. La calda finitura in noce conferisce una profondit\u00e0 lussuosa al tuo guardaroba, rendendolo la scelta ideale per hotel di lusso e ospiti esigenti. La sofisticata finitura nera aggiunge un look elegante e contemporaneo a qualsiasi ambiente di lusso. CARATTERISTICHE degli appendini o grucce      Appendiabiti Luxury dal design moderno  Realizzato in legno di faggio certificato FSC  Barra robusta con clip  Disponibile nei colori naturale, noce e nero       Specifiche           Dimensioni articolo (LxPxA) 44,5 x 1,4 x 23 cm   Peso netto dell&#039;articolo 0,18 kg    Informazioni logistiche           Dimensioni scatola esterna (LxPxA) 40,5 x 41 x 39 cm   Peso lordo dell&#039;articolo 0,1996 kg   Quantit\u00e0 totale nella scatola esterna 50   Quantit\u00e0 totale per pallet (160 cm) 1200    Informazioni aggiuntive           Marca Bentley   Colore Naturale, Noce, Nero   Materiale Legno e metallo    Codici prodotto           ID prodotto 6544 Gruccia Graham con gancio e clip naturale   ID prodotto 6545 Gruccia Graham con gancio e clip noce   ID prodotto 6546 Gruccia Graham con gancio e clip nero\" \/>\n<meta property=\"og:url\" content=\"https:\/\/www.ghiblievo.com\/it\/prodotto\/appendiabiti-con-gancio-e-clip-graham\/\" \/>\n<meta property=\"og:site_name\" content=\"Ghibli Evo\" \/>\n<meta property=\"article:publisher\" content=\"https:\/\/www.facebook.com\/ghiblievo\" \/>\n<meta property=\"article:modified_time\" content=\"2025-09-11T08:19:41+00:00\" \/>\n<meta property=\"og:image\" content=\"https:\/\/www.ghiblievo.com\/wp-content\/uploads\/2025\/05\/6544_hanger_GRAHAM_with_hook_clips_natural_1.webp\" \/>\n\t<meta property=\"og:image:width\" content=\"1000\" \/>\n\t<meta property=\"og:image:height\" content=\"1000\" \/>\n\t<meta property=\"og:image:type\" content=\"image\/webp\" \/>\n<meta name=\"twitter:card\" content=\"summary_large_image\" \/>\n<meta name=\"twitter:label1\" content=\"Prezzo\" \/>\n\t<meta name=\"twitter:data1\" content=\"&euro;5.70\" \/>\n\t<meta name=\"twitter:label2\" content=\"Disponibilit\u00e0\" \/>\n\t<meta name=\"twitter:data2\" content=\"In stock\" \/>\n<script type=\"application\/ld+json\" class=\"yoast-schema-graph\">{\"@context\":\"https:\/\/schema.org\",\"@graph\":[{\"@type\":\"WebPage\",\"@id\":\"https:\/\/www.ghiblievo.com\/it\/prodotto\/appendiabiti-con-gancio-e-clip-graham\/\",\"url\":\"https:\/\/www.ghiblievo.com\/it\/prodotto\/appendiabiti-con-gancio-e-clip-graham\/\",\"name\":\"Appendiabiti con gancio e clip: Graham - Ghibli Evo\",\"isPartOf\":{\"@id\":\"https:\/\/www.ghiblievo.com\/it\/#website\"},\"primaryImageOfPage\":{\"@id\":\"https:\/\/www.ghiblievo.com\/it\/prodotto\/appendiabiti-con-gancio-e-clip-graham\/#primaryimage\"},\"image\":{\"@id\":\"https:\/\/www.ghiblievo.com\/it\/prodotto\/appendiabiti-con-gancio-e-clip-graham\/#primaryimage\"},\"thumbnailUrl\":\"https:\/\/www.ghiblievo.com\/wp-content\/uploads\/2025\/05\/6544_hanger_GRAHAM_with_hook_clips_natural_1.webp\",\"datePublished\":\"2025-05-13T13:23:41+00:00\",\"dateModified\":\"2025-09-11T08:19:41+00:00\",\"description\":\"Appendiabiti con gancio e clip: gruccia di lusso con design moderno, gruccia in legno di faggio certificato, nei colori naturale, noce e nero, appendini o grucce\",\"breadcrumb\":{\"@id\":\"https:\/\/www.ghiblievo.com\/it\/prodotto\/appendiabiti-con-gancio-e-clip-graham\/#breadcrumb\"},\"inLanguage\":\"it-IT\",\"potentialAction\":[{\"@type\":\"ReadAction\",\"target\":[\"https:\/\/www.ghiblievo.com\/it\/prodotto\/appendiabiti-con-gancio-e-clip-graham\/\"]}]},{\"@type\":\"ImageObject\",\"inLanguage\":\"it-IT\",\"@id\":\"https:\/\/www.ghiblievo.com\/it\/prodotto\/appendiabiti-con-gancio-e-clip-graham\/#primaryimage\",\"url\":\"https:\/\/www.ghiblievo.com\/wp-content\/uploads\/2025\/05\/6544_hanger_GRAHAM_with_hook_clips_natural_1.webp\",\"contentUrl\":\"https:\/\/www.ghiblievo.com\/wp-content\/uploads\/2025\/05\/6544_hanger_GRAHAM_with_hook_clips_natural_1.webp\",\"width\":1000,\"height\":1000,\"caption\":\"Clothes hanger with hook and clips: Graham natural\"},{\"@type\":\"BreadcrumbList\",\"@id\":\"https:\/\/www.ghiblievo.com\/it\/prodotto\/appendiabiti-con-gancio-e-clip-graham\/#breadcrumb\",\"itemListElement\":[{\"@type\":\"ListItem\",\"position\":1,\"name\":\"Home\",\"item\":\"https:\/\/www.ghiblievo.com\/it\/\"},{\"@type\":\"ListItem\",\"position\":2,\"name\":\"Shop\",\"item\":\"https:\/\/www.ghiblievo.com\/it\/shop-it\/\"},{\"@type\":\"ListItem\",\"position\":3,\"name\":\"Complementi d'arredo per hotel\",\"item\":\"https:\/\/www.ghiblievo.com\/it\/categoria-prodotto\/complementi-darredo-per-hotel\/\"},{\"@type\":\"ListItem\",\"position\":4,\"name\":\"Appendiabiti con gancio e clip: Graham\"}]},{\"@type\":\"WebSite\",\"@id\":\"https:\/\/www.ghiblievo.com\/it\/#website\",\"url\":\"https:\/\/www.ghiblievo.com\/it\/\",\"name\":\"Ghibli Evo\",\"description\":\"Hair Dryers for Hotel - Wall Mounted Hair Dryer\",\"publisher\":{\"@id\":\"https:\/\/www.ghiblievo.com\/it\/#organization\"},\"potentialAction\":[{\"@type\":\"SearchAction\",\"target\":{\"@type\":\"EntryPoint\",\"urlTemplate\":\"https:\/\/www.ghiblievo.com\/it\/?s={search_term_string}\"},\"query-input\":{\"@type\":\"PropertyValueSpecification\",\"valueRequired\":true,\"valueName\":\"search_term_string\"}}],\"inLanguage\":\"it-IT\"},{\"@type\":\"Organization\",\"@id\":\"https:\/\/www.ghiblievo.com\/it\/#organization\",\"name\":\"Ghibli Evo\",\"url\":\"https:\/\/www.ghiblievo.com\/it\/\",\"logo\":{\"@type\":\"ImageObject\",\"inLanguage\":\"it-IT\",\"@id\":\"https:\/\/www.ghiblievo.com\/it\/#\/schema\/logo\/image\/\",\"url\":\"https:\/\/www.ghiblievo.com\/wp-content\/uploads\/2019\/09\/Emblema_HUB-footer.png\",\"contentUrl\":\"https:\/\/www.ghiblievo.com\/wp-content\/uploads\/2019\/09\/Emblema_HUB-footer.png\",\"width\":300,\"height\":291,\"caption\":\"Ghibli Evo\"},\"image\":{\"@id\":\"https:\/\/www.ghiblievo.com\/it\/#\/schema\/logo\/image\/\"},\"sameAs\":[\"https:\/\/www.facebook.com\/ghiblievo\",\"https:\/\/www.instagram.com\/ghiblievo\/\"],\"description\":\"Ghiblievo is specialized in hotel supplies, bathroom accessories for hotel and hair dryer\",\"email\":\"info@ghiblievo.com\",\"telephone\":\"+39 338 4733486\",\"foundingDate\":\"2009-01-01\",\"vatID\":\"IT 03607430166\"}]}<\/script>\n<meta property=\"product:price:amount\" content=\"5.70\" \/>\n<meta property=\"product:price:currency\" content=\"EUR\" \/>\n<meta property=\"og:availability\" content=\"instock\" \/>\n<meta property=\"product:availability\" content=\"instock\" \/>\n<meta property=\"product:condition\" content=\"new\" \/>\n<!-- \/ Yoast SEO Premium plugin. -->","yoast_head_json":{"title":"Appendiabiti con gancio e clip: Graham - Ghibli Evo","description":"Appendiabiti con gancio e clip: gruccia di lusso con design moderno, gruccia in legno di faggio certificato, nei colori naturale, noce e nero, appendini o grucce","robots":{"index":"index","follow":"follow","max-snippet":"max-snippet:-1","max-image-preview":"max-image-preview:large","max-video-preview":"max-video-preview:-1"},"canonical":"https:\/\/www.ghiblievo.com\/it\/prodotto\/appendiabiti-con-gancio-e-clip-graham\/","og_locale":"it_IT","og_type":"article","og_title":"Appendiabiti con gancio e clip: Graham","og_description":"Caratteristiche dell'appendiabiti con gancio e clip: Graham  DESCRIZIONE    L'appendiabiti Graham con gancio e clip \u00e8 un'aggiunta moderna e versatile a qualsiasi guardaroba di lusso. Gli appendini o grucce sono realizzati in legno di faggio certificato FSC, sono dotati di una robusta barra con clip, ideale per appendere in modo sicuro una variet\u00e0 di indumenti.   La finitura naturale aggiunge un tocco leggero e organico all'armadio, offrendo un mix di funzionalit\u00e0 ed eleganza sobria. La calda finitura in noce conferisce una profondit\u00e0 lussuosa al tuo guardaroba, rendendolo la scelta ideale per hotel di lusso e ospiti esigenti. La sofisticata finitura nera aggiunge un look elegante e contemporaneo a qualsiasi ambiente di lusso. CARATTERISTICHE degli appendini o grucce      Appendiabiti Luxury dal design moderno  Realizzato in legno di faggio certificato FSC  Barra robusta con clip  Disponibile nei colori naturale, noce e nero       Specifiche           Dimensioni articolo (LxPxA) 44,5 x 1,4 x 23 cm   Peso netto dell'articolo 0,18 kg    Informazioni logistiche           Dimensioni scatola esterna (LxPxA) 40,5 x 41 x 39 cm   Peso lordo dell'articolo 0,1996 kg   Quantit\u00e0 totale nella scatola esterna 50   Quantit\u00e0 totale per pallet (160 cm) 1200    Informazioni aggiuntive           Marca Bentley   Colore Naturale, Noce, Nero   Materiale Legno e metallo    Codici prodotto           ID prodotto 6544 Gruccia Graham con gancio e clip naturale   ID prodotto 6545 Gruccia Graham con gancio e clip noce   ID prodotto 6546 Gruccia Graham con gancio e clip nero","og_url":"https:\/\/www.ghiblievo.com\/it\/prodotto\/appendiabiti-con-gancio-e-clip-graham\/","og_site_name":"Ghibli Evo","article_publisher":"https:\/\/www.facebook.com\/ghiblievo","article_modified_time":"2025-09-11T08:19:41+00:00","og_image":[{"width":1000,"height":1000,"url":"https:\/\/www.ghiblievo.com\/wp-content\/uploads\/2025\/05\/6544_hanger_GRAHAM_with_hook_clips_natural_1.webp","type":"image\/webp"}],"twitter_card":"summary_large_image","twitter_misc":{"Prezzo":"&euro;5.70","Disponibilit\u00e0":"In stock"},"schema":{"@context":"https:\/\/schema.org","@graph":[{"@type":"WebPage","@id":"https:\/\/www.ghiblievo.com\/it\/prodotto\/appendiabiti-con-gancio-e-clip-graham\/","url":"https:\/\/www.ghiblievo.com\/it\/prodotto\/appendiabiti-con-gancio-e-clip-graham\/","name":"Appendiabiti con gancio e clip: Graham - Ghibli Evo","isPartOf":{"@id":"https:\/\/www.ghiblievo.com\/it\/#website"},"primaryImageOfPage":{"@id":"https:\/\/www.ghiblievo.com\/it\/prodotto\/appendiabiti-con-gancio-e-clip-graham\/#primaryimage"},"image":{"@id":"https:\/\/www.ghiblievo.com\/it\/prodotto\/appendiabiti-con-gancio-e-clip-graham\/#primaryimage"},"thumbnailUrl":"https:\/\/www.ghiblievo.com\/wp-content\/uploads\/2025\/05\/6544_hanger_GRAHAM_with_hook_clips_natural_1.webp","datePublished":"2025-05-13T13:23:41+00:00","dateModified":"2025-09-11T08:19:41+00:00","description":"Appendiabiti con gancio e clip: gruccia di lusso con design moderno, gruccia in legno di faggio certificato, nei colori naturale, noce e nero, appendini o grucce","breadcrumb":{"@id":"https:\/\/www.ghiblievo.com\/it\/prodotto\/appendiabiti-con-gancio-e-clip-graham\/#breadcrumb"},"inLanguage":"it-IT","potentialAction":[{"@type":"ReadAction","target":["https:\/\/www.ghiblievo.com\/it\/prodotto\/appendiabiti-con-gancio-e-clip-graham\/"]}]},{"@type":"ImageObject","inLanguage":"it-IT","@id":"https:\/\/www.ghiblievo.com\/it\/prodotto\/appendiabiti-con-gancio-e-clip-graham\/#primaryimage","url":"https:\/\/www.ghiblievo.com\/wp-content\/uploads\/2025\/05\/6544_hanger_GRAHAM_with_hook_clips_natural_1.webp","contentUrl":"https:\/\/www.ghiblievo.com\/wp-content\/uploads\/2025\/05\/6544_hanger_GRAHAM_with_hook_clips_natural_1.webp","width":1000,"height":1000,"caption":"Clothes hanger with hook and clips: Graham natural"},{"@type":"BreadcrumbList","@id":"https:\/\/www.ghiblievo.com\/it\/prodotto\/appendiabiti-con-gancio-e-clip-graham\/#breadcrumb","itemListElement":[{"@type":"ListItem","position":1,"name":"Home","item":"https:\/\/www.ghiblievo.com\/it\/"},{"@type":"ListItem","position":2,"name":"Shop","item":"https:\/\/www.ghiblievo.com\/it\/shop-it\/"},{"@type":"ListItem","position":3,"name":"Complementi d'arredo per hotel","item":"https:\/\/www.ghiblievo.com\/it\/categoria-prodotto\/complementi-darredo-per-hotel\/"},{"@type":"ListItem","position":4,"name":"Appendiabiti con gancio e clip: Graham"}]},{"@type":"WebSite","@id":"https:\/\/www.ghiblievo.com\/it\/#website","url":"https:\/\/www.ghiblievo.com\/it\/","name":"Ghibli Evo","description":"Hair Dryers for Hotel - Wall Mounted Hair Dryer","publisher":{"@id":"https:\/\/www.ghiblievo.com\/it\/#organization"},"potentialAction":[{"@type":"SearchAction","target":{"@type":"EntryPoint","urlTemplate":"https:\/\/www.ghiblievo.com\/it\/?s={search_term_string}"},"query-input":{"@type":"PropertyValueSpecification","valueRequired":true,"valueName":"search_term_string"}}],"inLanguage":"it-IT"},{"@type":"Organization","@id":"https:\/\/www.ghiblievo.com\/it\/#organization","name":"Ghibli Evo","url":"https:\/\/www.ghiblievo.com\/it\/","logo":{"@type":"ImageObject","inLanguage":"it-IT","@id":"https:\/\/www.ghiblievo.com\/it\/#\/schema\/logo\/image\/","url":"https:\/\/www.ghiblievo.com\/wp-content\/uploads\/2019\/09\/Emblema_HUB-footer.png","contentUrl":"https:\/\/www.ghiblievo.com\/wp-content\/uploads\/2019\/09\/Emblema_HUB-footer.png","width":300,"height":291,"caption":"Ghibli Evo"},"image":{"@id":"https:\/\/www.ghiblievo.com\/it\/#\/schema\/logo\/image\/"},"sameAs":["https:\/\/www.facebook.com\/ghiblievo","https:\/\/www.instagram.com\/ghiblievo\/"],"description":"Ghiblievo is specialized in hotel supplies, bathroom accessories for hotel and hair dryer","email":"info@ghiblievo.com","telephone":"+39 338 4733486","foundingDate":"2009-01-01","vatID":"IT 03607430166"}]},"product_price_amount":"5.70","product_price_currency":"EUR","og_availability":"instock","product_availability":"instock","product_condition":"new"},"_links":{"self":[{"href":"https:\/\/www.ghiblievo.com\/it\/wp-json\/wp\/v2\/product\/54612","targetHints":{"allow":["GET"]}}],"collection":[{"href":"https:\/\/www.ghiblievo.com\/it\/wp-json\/wp\/v2\/product"}],"about":[{"href":"https:\/\/www.ghiblievo.com\/it\/wp-json\/wp\/v2\/types\/product"}],"replies":[{"embeddable":true,"href":"https:\/\/www.ghiblievo.com\/it\/wp-json\/wp\/v2\/comments?post=54612"}],"version-history":[{"count":0,"href":"https:\/\/www.ghiblievo.com\/it\/wp-json\/wp\/v2\/product\/54612\/revisions"}],"wp:featuredmedia":[{"embeddable":true,"href":"https:\/\/www.ghiblievo.com\/it\/wp-json\/wp\/v2\/media\/54635"}],"wp:attachment":[{"href":"https:\/\/www.ghiblievo.com\/it\/wp-json\/wp\/v2\/media?parent=54612"}],"wp:term":[{"taxonomy":"product_cat","embeddable":true,"href":"https:\/\/www.ghiblievo.com\/it\/wp-json\/wp\/v2\/product_cat?post=54612"},{"taxonomy":"product_tag","embeddable":true,"href":"https:\/\/www.ghiblievo.com\/it\/wp-json\/wp\/v2\/product_tag?post=54612"}],"curies":[{"name":"wp","href":"https:\/\/api.w.org\/{rel}","templated":true}]}}