{"id":54293,"date":"2025-05-06T16:05:31","date_gmt":"2025-05-06T15:12:45","guid":{"rendered":"https:\/\/www.ghiblievo.com\/?post_type=product&#038;p=54293"},"modified":"2025-05-07T13:30:55","modified_gmt":"2025-05-07T12:30:55","slug":"piccolo-vassoio-di-benvenuto-color-mogano","status":"publish","type":"product","link":"https:\/\/www.ghiblievo.com\/it\/prodotto\/piccolo-vassoio-di-benvenuto-color-mogano\/","title":{"rendered":"Piccolo Vassoio di benvenuto color Mogano"},"content":{"rendered":"","protected":false},"excerpt":{"rendered":"<div>\n<h2 class=\"sottotitolo tabella-titolo\">DESCRIZIONE di piccolo vassoio di benvenuto color mogano<\/h2>\n<hr>\n<p>Ti presentiamo il piccolo vassoio di benvenuto color mogano Xanthic: un&#8217;aggiunta compatta e funzionale a qualsiasi camera d&#8217;albergo. Con uno spazio integrato per la base del bollitore, 2 rientranze per bustine e cucchiai, i tuoi ospiti possono facilmente preparare il proprio t\u00e8 o caff\u00e8.<\/p>\n<p>Realizzato in resistente legno di faggio e rivestito con una lacca resistente, questo vassoio \u00e8 progettato per ridurre al minimo graffi e macchie. Gli angoli arrotondati rendono la pulizia un gioco da ragazzi.<\/p>\n<p>Il vassoio Xanthic non \u00e8 solo pratico ma anche elegante, con la sua elegante finitura in mogano. Con un cavo antifurto che pu\u00f2 essere fissato alla base, hai la certezza che il tuo vassoio e il suo contenuto siano al sicuro. Pensiamo a tutto noi.<\/p>\n<\/div>\n<h2 class=\"sottotitolo tabella-titolo\">CARATTERISTICHE<\/h2>\n<hr>\n<ul class=\"artdetails-features\">\n<li style=\"list-style-type: none;\">\n<ul class=\"artdetails-features\">\n<li>Antifurto: il cavo pu\u00f2 essere fissato alla base del vassoio<\/li>\n<li>Spazio integrato per la base del bollitore<\/li>\n<li>Due rientranze per bustine e cucchiai<\/li>\n<li>Facile da pulire grazie agli angoli arrotondati<\/li>\n<li>Vernice forte per ridurre al minimo graffi e macchie<\/li>\n<\/ul>\n<\/li>\n<\/ul>\n<p>Vassoio di benvenuto<\/p>\n<ul class=\"artdetails-features\">\n<li style=\"list-style-type: none;\">\n<ul class=\"artdetails-features\">\n<li>Compact in legno di faggio<\/li>\n<li>Design olandese con angoli dritti<\/li>\n<\/ul>\n<\/li>\n<\/ul>\n<div class=\"artdetails\" data-unique-id=\"ID4HOK5EI5XY5BDIY1QSUYXF2NKGXYEYWH31GV1LONO1SKO2I1KNWM\">\n<table id=\"artdetails-allprops\" class=\"fvs artdetails-allprops\" style=\"width: 100%;\">\n<tbody class=\"\" data-art-id=\"4115P\">\n<tr>\n<td style=\"width: 99.8276%;\" colspan=\"2\">\n<h2 class=\"sottotitolo tabella-titolo\">Specifiche<\/h2>\n<\/td>\n<\/tr>\n<tr>\n<td style=\"width: 99.8276%;\" colspan=\"2\">\n<hr>\n<\/td>\n<\/tr>\n<tr>\n<td style=\"width: 65.6897%;\">Dimensioni articolo (LxPxA)<\/td>\n<td style=\"width: 34.1379%;\">42 x 20 x 4 cm<\/td>\n<\/tr>\n<tr>\n<td style=\"width: 65.6897%;\">Peso netto dell&#8217;articolo<\/td>\n<td style=\"width: 34.1379%;\">1,6 kg<\/td>\n<\/tr>\n<tr>\n<td style=\"width: 99.8276%;\" colspan=\"2\">\n<h2 class=\"sottotitolo tabella-titolo\">Informazioni logistiche<\/h2>\n<\/td>\n<\/tr>\n<tr>\n<td style=\"width: 99.8276%;\" colspan=\"2\">\n<hr>\n<\/td>\n<\/tr>\n<tr>\n<td style=\"width: 65.6897%;\">Dimensioni showbox (LxPxA)<\/td>\n<td style=\"width: 34.1379%;\">43,5 x 22 x 4,5 cm<\/td>\n<\/tr>\n<tr>\n<td style=\"width: 65.6897%;\">Peso della scatola da esposizione<\/td>\n<td style=\"width: 34.1379%;\">1,75 kg<\/td>\n<\/tr>\n<tr>\n<td style=\"width: 65.6897%;\">Dimensioni scatola esterna (LxPxA)<\/td>\n<td style=\"width: 34.1379%;\">45 x 24 x 24 cm<\/td>\n<\/tr>\n<tr>\n<td style=\"width: 65.6897%;\">Peso scatola esterna<\/td>\n<td style=\"width: 34.1379%;\">8,75 kg<\/td>\n<\/tr>\n<tr>\n<td style=\"width: 65.6897%;\">Peso lordo dell&#8217;articolo<\/td>\n<td style=\"width: 34.1379%;\">1,75 kg<\/td>\n<\/tr>\n<tr>\n<td style=\"width: 65.6897%;\">Quantit\u00e0 totale nella scatola esterna<\/td>\n<td style=\"width: 34.1379%;\">5<\/td>\n<\/tr>\n<tr>\n<td style=\"width: 65.6897%;\">Quantit\u00e0 totale per pallet (160 cm)<\/td>\n<td style=\"width: 34.1379%;\">144<\/td>\n<\/tr>\n<tr>\n<td style=\"width: 99.8276%;\" colspan=\"2\">\n<h2 class=\"sottotitolo tabella-titolo\">Informazioni aggiuntive<\/h2>\n<\/td>\n<\/tr>\n<tr>\n<td style=\"width: 99.8276%;\" colspan=\"2\">\n<hr>\n<\/td>\n<\/tr>\n<tr>\n<td style=\"width: 65.6897%;\">Marca<\/td>\n<td style=\"width: 34.1379%;\">Bentley<\/td>\n<\/tr>\n<tr>\n<td style=\"width: 65.6897%;\">Colore<\/td>\n<td style=\"width: 34.1379%;\">Mogano<\/td>\n<\/tr>\n<tr>\n<td style=\"width: 65.6897%;\">Materiale<\/td>\n<td style=\"width: 34.1379%;\">Legno di faggio<\/td>\n<\/tr>\n<tr>\n<td style=\"width: 65.6897%;\">Certificazioni<\/td>\n<td style=\"width: 34.1379%;\">FSC<\/td>\n<\/tr>\n<tr>\n<td style=\"width: 99.8276%;\" colspan=\"2\">\n<h2 class=\"sottotitolo tabella-titolo\">Codice prodotto<\/h2>\n<\/td>\n<\/tr>\n<tr>\n<td style=\"width: 99.8276%;\" colspan=\"2\">\n<hr>\n<\/td>\n<\/tr>\n<tr class=\"fvp \" data-art-id=\"4115P\">\n<td class=\"fn\" style=\"width: 65.6897%;\">ID prodotto<\/td>\n<td class=\"fv\" style=\"width: 34.1379%;\">4115P<\/td>\n<\/tr>\n<tr class=\"fvp \" data-art-id=\"4115P\">\n<td class=\"fn\" style=\"width: 65.6897%;\">Nome prodotto<\/td>\n<td class=\"fv\" style=\"width: 34.1379%;\">Xanthic Small<\/td>\n<\/tr>\n<tr class=\"fvp \" data-art-id=\"4115P\">\n<td class=\"fn\" style=\"width: 65.6897%;\">EAN<\/td>\n<td class=\"fv\" style=\"width: 34.1379%;\">8720256648260<\/td>\n<\/tr>\n<\/tbody>\n<tbody>\n<tr class=\"fvp\">\n<td class=\"fn\" style=\"width: 65.6897%;\">Collezione<\/td>\n<td class=\"fv\" style=\"width: 34.1379%;\">New Classic<\/td>\n<\/tr>\n<\/tbody>\n<\/table>\n<\/div>\n","protected":false},"featured_media":54273,"comment_status":"open","ping_status":"closed","template":"","meta":{"_acf_changed":false,"ngg_post_thumbnail":0,"footnotes":""},"product_cat":[1055,1061,992],"product_tag":[],"class_list":{"0":"post-54293","1":"product","2":"type-product","3":"status-publish","4":"has-post-thumbnail","6":"product_cat-complementi-darredo-per-hotel","7":"product_cat-complementi-per-camera-hotel","8":"product_cat-vassoi-di-cortesia","10":"first","11":"instock","12":"shipping-taxable","13":"purchasable","14":"product-type-simple"},"acf":[],"yoast_head":"<!-- This site is optimized with the Yoast SEO Premium plugin v26.7 (Yoast SEO v26.7) - https:\/\/yoast.com\/wordpress\/plugins\/seo\/ -->\n<title>Piccolo Vassoio di benvenuto color Mogano - Ghibli Evo<\/title>\n<meta name=\"description\" content=\"piccolo vassoio di benvenuto color Mogano Xanthic: un&#039;aggiunta compatta e funzionale a qualsiasi camera d&#039;albergo, con spazio per la base del bollitore\" \/>\n<meta name=\"robots\" content=\"index, follow, max-snippet:-1, max-image-preview:large, max-video-preview:-1\" \/>\n<link rel=\"canonical\" href=\"https:\/\/www.ghiblievo.com\/it\/prodotto\/piccolo-vassoio-di-benvenuto-color-mogano\/\" \/>\n<meta property=\"og:locale\" content=\"it_IT\" \/>\n<meta property=\"og:type\" content=\"article\" \/>\n<meta property=\"og:title\" content=\"Piccolo Vassoio di benvenuto color Mogano\" \/>\n<meta property=\"og:description\" content=\"DESCRIZIONE di piccolo vassoio di benvenuto color mogano    Ti presentiamo il piccolo vassoio di benvenuto color mogano Xanthic: un&#039;aggiunta compatta e funzionale a qualsiasi camera d&#039;albergo. Con uno spazio integrato per la base del bollitore, 2 rientranze per bustine e cucchiai, i tuoi ospiti possono facilmente preparare il proprio t\u00e8 o caff\u00e8.  Realizzato in resistente legno di faggio e rivestito con una lacca resistente, questo vassoio \u00e8 progettato per ridurre al minimo graffi e macchie. Gli angoli arrotondati rendono la pulizia un gioco da ragazzi.  Il vassoio Xanthic non \u00e8 solo pratico ma anche elegante, con la sua elegante finitura in mogano. Con un cavo antifurto che pu\u00f2 essere fissato alla base, hai la certezza che il tuo vassoio e il suo contenuto siano al sicuro. Pensiamo a tutto noi.   CARATTERISTICHE         Antifurto: il cavo pu\u00f2 essere fissato alla base del vassoio  Spazio integrato per la base del bollitore  Due rientranze per bustine e cucchiai  Facile da pulire grazie agli angoli arrotondati  Vernice forte per ridurre al minimo graffi e macchie    Vassoio di benvenuto      Compact in legno di faggio  Design olandese con angoli dritti         Specifiche           Dimensioni articolo (LxPxA) 42 x 20 x 4 cm   Peso netto dell&#039;articolo 1,6 kg    Informazioni logistiche           Dimensioni showbox (LxPxA) 43,5 x 22 x 4,5 cm   Peso della scatola da esposizione 1,75 kg   Dimensioni scatola esterna (LxPxA) 45 x 24 x 24 cm   Peso scatola esterna 8,75 kg   Peso lordo dell&#039;articolo 1,75 kg   Quantit\u00e0 totale nella scatola esterna 5   Quantit\u00e0 totale per pallet (160 cm) 144    Informazioni aggiuntive           Marca Bentley   Colore Mogano   Materiale Legno di faggio   Certificazioni FSC    Codice prodotto           ID prodotto 4115P   Nome prodotto Xanthic Small   EAN 8720256648260     Collezione New Classic\" \/>\n<meta property=\"og:url\" content=\"https:\/\/www.ghiblievo.com\/it\/prodotto\/piccolo-vassoio-di-benvenuto-color-mogano\/\" \/>\n<meta property=\"og:site_name\" content=\"Ghibli Evo\" \/>\n<meta property=\"article:publisher\" content=\"https:\/\/www.facebook.com\/ghiblievo\" \/>\n<meta property=\"article:modified_time\" content=\"2025-05-07T12:30:55+00:00\" \/>\n<meta property=\"og:image\" content=\"https:\/\/www.ghiblievo.com\/wp-content\/uploads\/2025\/05\/4115P_welcome_tray_XANTHIC_SMALL_mahogany_3.webp\" \/>\n\t<meta property=\"og:image:width\" content=\"1000\" \/>\n\t<meta property=\"og:image:height\" content=\"1000\" \/>\n\t<meta property=\"og:image:type\" content=\"image\/webp\" \/>\n<meta name=\"twitter:card\" content=\"summary_large_image\" \/>\n<meta name=\"twitter:label1\" content=\"Prezzo\" \/>\n\t<meta name=\"twitter:data1\" content=\"&euro;107.80\" \/>\n\t<meta name=\"twitter:label2\" content=\"Disponibilit\u00e0\" \/>\n\t<meta name=\"twitter:data2\" content=\"In stock\" \/>\n<script type=\"application\/ld+json\" class=\"yoast-schema-graph\">{\"@context\":\"https:\/\/schema.org\",\"@graph\":[{\"@type\":\"WebPage\",\"@id\":\"https:\/\/www.ghiblievo.com\/it\/prodotto\/piccolo-vassoio-di-benvenuto-color-mogano\/\",\"url\":\"https:\/\/www.ghiblievo.com\/it\/prodotto\/piccolo-vassoio-di-benvenuto-color-mogano\/\",\"name\":\"Piccolo Vassoio di benvenuto color Mogano - Ghibli Evo\",\"isPartOf\":{\"@id\":\"https:\/\/www.ghiblievo.com\/it\/#website\"},\"primaryImageOfPage\":{\"@id\":\"https:\/\/www.ghiblievo.com\/it\/prodotto\/piccolo-vassoio-di-benvenuto-color-mogano\/#primaryimage\"},\"image\":{\"@id\":\"https:\/\/www.ghiblievo.com\/it\/prodotto\/piccolo-vassoio-di-benvenuto-color-mogano\/#primaryimage\"},\"thumbnailUrl\":\"https:\/\/www.ghiblievo.com\/wp-content\/uploads\/2025\/05\/4115P_welcome_tray_XANTHIC_SMALL_mahogany_3.webp\",\"datePublished\":\"2025-05-06T15:12:45+00:00\",\"dateModified\":\"2025-05-07T12:30:55+00:00\",\"description\":\"piccolo vassoio di benvenuto color Mogano Xanthic: un'aggiunta compatta e funzionale a qualsiasi camera d'albergo, con spazio per la base del bollitore\",\"breadcrumb\":{\"@id\":\"https:\/\/www.ghiblievo.com\/it\/prodotto\/piccolo-vassoio-di-benvenuto-color-mogano\/#breadcrumb\"},\"inLanguage\":\"it-IT\",\"potentialAction\":[{\"@type\":\"ReadAction\",\"target\":[\"https:\/\/www.ghiblievo.com\/it\/prodotto\/piccolo-vassoio-di-benvenuto-color-mogano\/\"]}]},{\"@type\":\"ImageObject\",\"inLanguage\":\"it-IT\",\"@id\":\"https:\/\/www.ghiblievo.com\/it\/prodotto\/piccolo-vassoio-di-benvenuto-color-mogano\/#primaryimage\",\"url\":\"https:\/\/www.ghiblievo.com\/wp-content\/uploads\/2025\/05\/4115P_welcome_tray_XANTHIC_SMALL_mahogany_3.webp\",\"contentUrl\":\"https:\/\/www.ghiblievo.com\/wp-content\/uploads\/2025\/05\/4115P_welcome_tray_XANTHIC_SMALL_mahogany_3.webp\",\"width\":1000,\"height\":1000,\"caption\":\"piccolo vassoio di benvenuto color mogano Xanthic\"},{\"@type\":\"BreadcrumbList\",\"@id\":\"https:\/\/www.ghiblievo.com\/it\/prodotto\/piccolo-vassoio-di-benvenuto-color-mogano\/#breadcrumb\",\"itemListElement\":[{\"@type\":\"ListItem\",\"position\":1,\"name\":\"Home\",\"item\":\"https:\/\/www.ghiblievo.com\/it\/\"},{\"@type\":\"ListItem\",\"position\":2,\"name\":\"Shop\",\"item\":\"https:\/\/www.ghiblievo.com\/it\/shop-it\/\"},{\"@type\":\"ListItem\",\"position\":3,\"name\":\"Complementi d'arredo per hotel\",\"item\":\"https:\/\/www.ghiblievo.com\/it\/categoria-prodotto\/complementi-darredo-per-hotel\/\"},{\"@type\":\"ListItem\",\"position\":4,\"name\":\"Piccolo Vassoio di benvenuto color Mogano\"}]},{\"@type\":\"WebSite\",\"@id\":\"https:\/\/www.ghiblievo.com\/it\/#website\",\"url\":\"https:\/\/www.ghiblievo.com\/it\/\",\"name\":\"Ghibli Evo\",\"description\":\"Hair Dryers for Hotel - Wall Mounted Hair Dryer\",\"publisher\":{\"@id\":\"https:\/\/www.ghiblievo.com\/it\/#organization\"},\"potentialAction\":[{\"@type\":\"SearchAction\",\"target\":{\"@type\":\"EntryPoint\",\"urlTemplate\":\"https:\/\/www.ghiblievo.com\/it\/?s={search_term_string}\"},\"query-input\":{\"@type\":\"PropertyValueSpecification\",\"valueRequired\":true,\"valueName\":\"search_term_string\"}}],\"inLanguage\":\"it-IT\"},{\"@type\":\"Organization\",\"@id\":\"https:\/\/www.ghiblievo.com\/it\/#organization\",\"name\":\"Ghibli Evo\",\"url\":\"https:\/\/www.ghiblievo.com\/it\/\",\"logo\":{\"@type\":\"ImageObject\",\"inLanguage\":\"it-IT\",\"@id\":\"https:\/\/www.ghiblievo.com\/it\/#\/schema\/logo\/image\/\",\"url\":\"https:\/\/www.ghiblievo.com\/wp-content\/uploads\/2019\/09\/Emblema_HUB-footer.png\",\"contentUrl\":\"https:\/\/www.ghiblievo.com\/wp-content\/uploads\/2019\/09\/Emblema_HUB-footer.png\",\"width\":300,\"height\":291,\"caption\":\"Ghibli Evo\"},\"image\":{\"@id\":\"https:\/\/www.ghiblievo.com\/it\/#\/schema\/logo\/image\/\"},\"sameAs\":[\"https:\/\/www.facebook.com\/ghiblievo\",\"https:\/\/www.instagram.com\/ghiblievo\/\"],\"description\":\"Ghiblievo is specialized in hotel supplies, bathroom accessories for hotel and hair dryer\",\"email\":\"info@ghiblievo.com\",\"telephone\":\"+39 338 4733486\",\"foundingDate\":\"2009-01-01\",\"vatID\":\"IT 03607430166\"}]}<\/script>\n<meta property=\"product:price:amount\" content=\"107.80\" \/>\n<meta property=\"product:price:currency\" content=\"EUR\" \/>\n<meta property=\"og:availability\" content=\"instock\" \/>\n<meta property=\"product:availability\" content=\"instock\" \/>\n<meta property=\"product:condition\" content=\"new\" \/>\n<!-- \/ Yoast SEO Premium plugin. -->","yoast_head_json":{"title":"Piccolo Vassoio di benvenuto color Mogano - Ghibli Evo","description":"piccolo vassoio di benvenuto color Mogano Xanthic: un'aggiunta compatta e funzionale a qualsiasi camera d'albergo, con spazio per la base del bollitore","robots":{"index":"index","follow":"follow","max-snippet":"max-snippet:-1","max-image-preview":"max-image-preview:large","max-video-preview":"max-video-preview:-1"},"canonical":"https:\/\/www.ghiblievo.com\/it\/prodotto\/piccolo-vassoio-di-benvenuto-color-mogano\/","og_locale":"it_IT","og_type":"article","og_title":"Piccolo Vassoio di benvenuto color Mogano","og_description":"DESCRIZIONE di piccolo vassoio di benvenuto color mogano    Ti presentiamo il piccolo vassoio di benvenuto color mogano Xanthic: un'aggiunta compatta e funzionale a qualsiasi camera d'albergo. Con uno spazio integrato per la base del bollitore, 2 rientranze per bustine e cucchiai, i tuoi ospiti possono facilmente preparare il proprio t\u00e8 o caff\u00e8.  Realizzato in resistente legno di faggio e rivestito con una lacca resistente, questo vassoio \u00e8 progettato per ridurre al minimo graffi e macchie. Gli angoli arrotondati rendono la pulizia un gioco da ragazzi.  Il vassoio Xanthic non \u00e8 solo pratico ma anche elegante, con la sua elegante finitura in mogano. Con un cavo antifurto che pu\u00f2 essere fissato alla base, hai la certezza che il tuo vassoio e il suo contenuto siano al sicuro. Pensiamo a tutto noi.   CARATTERISTICHE         Antifurto: il cavo pu\u00f2 essere fissato alla base del vassoio  Spazio integrato per la base del bollitore  Due rientranze per bustine e cucchiai  Facile da pulire grazie agli angoli arrotondati  Vernice forte per ridurre al minimo graffi e macchie    Vassoio di benvenuto      Compact in legno di faggio  Design olandese con angoli dritti         Specifiche           Dimensioni articolo (LxPxA) 42 x 20 x 4 cm   Peso netto dell'articolo 1,6 kg    Informazioni logistiche           Dimensioni showbox (LxPxA) 43,5 x 22 x 4,5 cm   Peso della scatola da esposizione 1,75 kg   Dimensioni scatola esterna (LxPxA) 45 x 24 x 24 cm   Peso scatola esterna 8,75 kg   Peso lordo dell'articolo 1,75 kg   Quantit\u00e0 totale nella scatola esterna 5   Quantit\u00e0 totale per pallet (160 cm) 144    Informazioni aggiuntive           Marca Bentley   Colore Mogano   Materiale Legno di faggio   Certificazioni FSC    Codice prodotto           ID prodotto 4115P   Nome prodotto Xanthic Small   EAN 8720256648260     Collezione New Classic","og_url":"https:\/\/www.ghiblievo.com\/it\/prodotto\/piccolo-vassoio-di-benvenuto-color-mogano\/","og_site_name":"Ghibli Evo","article_publisher":"https:\/\/www.facebook.com\/ghiblievo","article_modified_time":"2025-05-07T12:30:55+00:00","og_image":[{"width":1000,"height":1000,"url":"https:\/\/www.ghiblievo.com\/wp-content\/uploads\/2025\/05\/4115P_welcome_tray_XANTHIC_SMALL_mahogany_3.webp","type":"image\/webp"}],"twitter_card":"summary_large_image","twitter_misc":{"Prezzo":"&euro;107.80","Disponibilit\u00e0":"In stock"},"schema":{"@context":"https:\/\/schema.org","@graph":[{"@type":"WebPage","@id":"https:\/\/www.ghiblievo.com\/it\/prodotto\/piccolo-vassoio-di-benvenuto-color-mogano\/","url":"https:\/\/www.ghiblievo.com\/it\/prodotto\/piccolo-vassoio-di-benvenuto-color-mogano\/","name":"Piccolo Vassoio di benvenuto color Mogano - Ghibli Evo","isPartOf":{"@id":"https:\/\/www.ghiblievo.com\/it\/#website"},"primaryImageOfPage":{"@id":"https:\/\/www.ghiblievo.com\/it\/prodotto\/piccolo-vassoio-di-benvenuto-color-mogano\/#primaryimage"},"image":{"@id":"https:\/\/www.ghiblievo.com\/it\/prodotto\/piccolo-vassoio-di-benvenuto-color-mogano\/#primaryimage"},"thumbnailUrl":"https:\/\/www.ghiblievo.com\/wp-content\/uploads\/2025\/05\/4115P_welcome_tray_XANTHIC_SMALL_mahogany_3.webp","datePublished":"2025-05-06T15:12:45+00:00","dateModified":"2025-05-07T12:30:55+00:00","description":"piccolo vassoio di benvenuto color Mogano Xanthic: un'aggiunta compatta e funzionale a qualsiasi camera d'albergo, con spazio per la base del bollitore","breadcrumb":{"@id":"https:\/\/www.ghiblievo.com\/it\/prodotto\/piccolo-vassoio-di-benvenuto-color-mogano\/#breadcrumb"},"inLanguage":"it-IT","potentialAction":[{"@type":"ReadAction","target":["https:\/\/www.ghiblievo.com\/it\/prodotto\/piccolo-vassoio-di-benvenuto-color-mogano\/"]}]},{"@type":"ImageObject","inLanguage":"it-IT","@id":"https:\/\/www.ghiblievo.com\/it\/prodotto\/piccolo-vassoio-di-benvenuto-color-mogano\/#primaryimage","url":"https:\/\/www.ghiblievo.com\/wp-content\/uploads\/2025\/05\/4115P_welcome_tray_XANTHIC_SMALL_mahogany_3.webp","contentUrl":"https:\/\/www.ghiblievo.com\/wp-content\/uploads\/2025\/05\/4115P_welcome_tray_XANTHIC_SMALL_mahogany_3.webp","width":1000,"height":1000,"caption":"piccolo vassoio di benvenuto color mogano Xanthic"},{"@type":"BreadcrumbList","@id":"https:\/\/www.ghiblievo.com\/it\/prodotto\/piccolo-vassoio-di-benvenuto-color-mogano\/#breadcrumb","itemListElement":[{"@type":"ListItem","position":1,"name":"Home","item":"https:\/\/www.ghiblievo.com\/it\/"},{"@type":"ListItem","position":2,"name":"Shop","item":"https:\/\/www.ghiblievo.com\/it\/shop-it\/"},{"@type":"ListItem","position":3,"name":"Complementi d'arredo per hotel","item":"https:\/\/www.ghiblievo.com\/it\/categoria-prodotto\/complementi-darredo-per-hotel\/"},{"@type":"ListItem","position":4,"name":"Piccolo Vassoio di benvenuto color Mogano"}]},{"@type":"WebSite","@id":"https:\/\/www.ghiblievo.com\/it\/#website","url":"https:\/\/www.ghiblievo.com\/it\/","name":"Ghibli Evo","description":"Hair Dryers for Hotel - Wall Mounted Hair Dryer","publisher":{"@id":"https:\/\/www.ghiblievo.com\/it\/#organization"},"potentialAction":[{"@type":"SearchAction","target":{"@type":"EntryPoint","urlTemplate":"https:\/\/www.ghiblievo.com\/it\/?s={search_term_string}"},"query-input":{"@type":"PropertyValueSpecification","valueRequired":true,"valueName":"search_term_string"}}],"inLanguage":"it-IT"},{"@type":"Organization","@id":"https:\/\/www.ghiblievo.com\/it\/#organization","name":"Ghibli Evo","url":"https:\/\/www.ghiblievo.com\/it\/","logo":{"@type":"ImageObject","inLanguage":"it-IT","@id":"https:\/\/www.ghiblievo.com\/it\/#\/schema\/logo\/image\/","url":"https:\/\/www.ghiblievo.com\/wp-content\/uploads\/2019\/09\/Emblema_HUB-footer.png","contentUrl":"https:\/\/www.ghiblievo.com\/wp-content\/uploads\/2019\/09\/Emblema_HUB-footer.png","width":300,"height":291,"caption":"Ghibli Evo"},"image":{"@id":"https:\/\/www.ghiblievo.com\/it\/#\/schema\/logo\/image\/"},"sameAs":["https:\/\/www.facebook.com\/ghiblievo","https:\/\/www.instagram.com\/ghiblievo\/"],"description":"Ghiblievo is specialized in hotel supplies, bathroom accessories for hotel and hair dryer","email":"info@ghiblievo.com","telephone":"+39 338 4733486","foundingDate":"2009-01-01","vatID":"IT 03607430166"}]},"product_price_amount":"107.80","product_price_currency":"EUR","og_availability":"instock","product_availability":"instock","product_condition":"new"},"_links":{"self":[{"href":"https:\/\/www.ghiblievo.com\/it\/wp-json\/wp\/v2\/product\/54293","targetHints":{"allow":["GET"]}}],"collection":[{"href":"https:\/\/www.ghiblievo.com\/it\/wp-json\/wp\/v2\/product"}],"about":[{"href":"https:\/\/www.ghiblievo.com\/it\/wp-json\/wp\/v2\/types\/product"}],"replies":[{"embeddable":true,"href":"https:\/\/www.ghiblievo.com\/it\/wp-json\/wp\/v2\/comments?post=54293"}],"version-history":[{"count":0,"href":"https:\/\/www.ghiblievo.com\/it\/wp-json\/wp\/v2\/product\/54293\/revisions"}],"wp:featuredmedia":[{"embeddable":true,"href":"https:\/\/www.ghiblievo.com\/it\/wp-json\/wp\/v2\/media\/54273"}],"wp:attachment":[{"href":"https:\/\/www.ghiblievo.com\/it\/wp-json\/wp\/v2\/media?parent=54293"}],"wp:term":[{"taxonomy":"product_cat","embeddable":true,"href":"https:\/\/www.ghiblievo.com\/it\/wp-json\/wp\/v2\/product_cat?post=54293"},{"taxonomy":"product_tag","embeddable":true,"href":"https:\/\/www.ghiblievo.com\/it\/wp-json\/wp\/v2\/product_tag?post=54293"}],"curies":[{"name":"wp","href":"https:\/\/api.w.org\/{rel}","templated":true}]}}