{"id":54196,"date":"2025-05-06T09:59:55","date_gmt":"2025-05-06T08:59:55","guid":{"rendered":"https:\/\/www.ghiblievo.com\/?post_type=product&#038;p=54196"},"modified":"2025-05-07T13:37:19","modified_gmt":"2025-05-07T12:37:19","slug":"vassoio-di-benvenuto-caffe-e-te-nero-xanthic","status":"publish","type":"product","link":"https:\/\/www.ghiblievo.com\/it\/prodotto\/vassoio-di-benvenuto-caffe-e-te-nero-xanthic\/","title":{"rendered":"Vassoio di benvenuto Caff\u00e8 e T\u00e8 nero: Xanthic"},"content":{"rendered":"","protected":false},"excerpt":{"rendered":"<div>\n<h2 class=\"sottotitolo tabella-titolo\">Descrizione del vassoio di benvenuto Caff\u00e8 e T\u00e8 nero<\/h2>\n<hr>\n<p>Vi presentiamo il vassoio per caff\u00e8 e t\u00e8 nero Xanthic, un ampio vassoio di benvenuto progettato per la praticit\u00e0 e la raffinatezza. Realizzato in resistente legno di faggio e rivestito con una lacca resistente per ridurre al minimo graffi e macchie, questo vassoio \u00e8 costruito per durare.<\/p>\n<p>Caratterizzato da un design olandese con angoli dritti, il vassoio per caff\u00e8 e t\u00e8 Xanthic trasuda eleganza e semplicit\u00e0. Il cavo antifurto del vassoio pu\u00f2 essere fissato alla base, assicurando che il vassoio dei tuoi ospiti e il suo contenuto rimangano al sicuro.<\/p>\n<p>Il vassoio per caff\u00e8 e t\u00e8 Xanthic include uno spazio integrato per la base del bollitore, oltre a 3 incavi per bustine e cucchiai e 6 incavi per capsule Nespresso\u00ae, rendendo facile per i tuoi ospiti creare la loro tazza di caff\u00e8 o t\u00e8 perfetta.<\/p>\n<p>Pulire il vassoio \u00e8 un gioco da ragazzi, grazie agli angoli arrotondati e alla superficie facile da pulire. Inoltre, l&#8217;elegante finitura nera del vassoio per caff\u00e8 e t\u00e8 Xanthic completer\u00e0 l&#8217;arredamento di qualsiasi camera d&#8217;albergo, aggiungendo un tocco di raffinatezza all&#8217;esperienza dei tuoi ospiti.<\/p>\n<\/div>\n<h2 class=\"sottotitolo tabella-titolo\">CARATTERISTICHE<\/h2>\n<hr>\n<ul class=\"artdetails-features\">\n<li style=\"list-style-type: none;\">\n<ul class=\"artdetails-features\">\n<li>Antifurto: il cavo pu\u00f2 essere fissato alla base del vassoio<\/li>\n<li>Spazio integrato per la base del bollitore<\/li>\n<li>Tre incavi per bustine e cucchiaini<\/li>\n<li>Sei incavi per tazzine Nespresso<\/li>\n<li>Finitura resistente a graffi e macchie<\/li>\n<li>Design olandese con angoli dritti<\/li>\n<\/ul>\n<\/li>\n<\/ul>\n<table id=\"artdetails-allprops\" class=\"fvs artdetails-allprops\" style=\"larghezza: 100%; altezza: 694px;\">\n<tbody class=\"\" data-art-id=\"4135P\">\n<tr style=\"altezza: 43px;\">\n<td style=\"altezza: 43px;\" colspan=\"2\">\n<h2 class=\"sottotitolo tabella-titolo\">Specifiche<\/h2>\n<\/td>\n<\/tr>\n<tr style=\"altezza: 33px;\">\n<td style=\"altezza: 33px;\" colspan=\"2\">\n<hr>\n<\/td>\n<\/tr>\n<tr style=\"altezza: 26px;\">\n<td style=\"altezza: 26px;\">Dimensioni articolo (LxPxA)<\/td>\n<td style=\"altezza: 26px;\">42 x 31,5 x 4 cm<\/td>\n<\/tr>\n<tr style=\"altezza: 26px;\">\n<td style=\"altezza: 26px;\">Peso netto dell&#8217;articolo<\/td>\n<td style=\"altezza: 26px;\">2,85 KG<\/td>\n<\/tr>\n<tr style=\"altezza: 43px;\">\n<td style=\"altezza: 43px;\" colspan=\"2\">\n<h2 class=\"sottotitolo tabella-titolo\">Informazioni logistiche<\/h2>\n<\/td>\n<\/tr>\n<tr style=\"altezza: 33px;\">\n<td style=\"altezza: 33px;\" colspan=\"2\">\n<hr>\n<\/td>\n<\/tr>\n<tr style=\"altezza: 26px;\">\n<td style=\"altezza: 26px;\">Dimensioni showbox (LxPxA)<\/td>\n<td style=\"altezza: 26px;\">43,5 x 33 x 4,5 cm<\/td>\n<\/tr>\n<tr style=\"altezza: 26px;\">\n<td style=\"altezza: 26px;\">Peso della scatola da esposizione<\/td>\n<td style=\"altezza: 26px;\">3 kg<\/td>\n<\/tr>\n<tr style=\"altezza: 26px;\">\n<td style=\"altezza: 26px;\">Dimensioni scatola esterna (LxPxA)<\/td>\n<td style=\"altezza: 26px;\">44,5 x 35,5 x 24 cm<\/td>\n<\/tr>\n<tr style=\"altezza: 26px;\">\n<td style=\"altezza: 26px;\">Peso della scatola esterna<\/td>\n<td style=\"altezza: 26px;\">16,3 kg<\/td>\n<\/tr>\n<tr style=\"altezza: 26px;\">\n<td style=\"altezza: 26px;\">Peso lordo dell&#8217;articolo<\/td>\n<td style=\"altezza: 26px;\">3,26 kg<\/td>\n<\/tr>\n<tr style=\"altezza: 26px;\">\n<td style=\"altezza: 26px;\">Quantit\u00e0 totale nella scatola esterna<\/td>\n<td style=\"altezza: 26px;\">5<\/td>\n<\/tr>\n<tr style=\"altezza: 43px;\">\n<td style=\"altezza: 43px;\" colspan=\"2\">\n<h2 class=\"sottotitolo tabella-titolo\">Informazioni aggiuntive<\/h2>\n<\/td>\n<\/tr>\n<tr style=\"altezza: 33px;\">\n<td style=\"altezza: 33px;\" colspan=\"2\">\n<hr>\n<\/td>\n<\/tr>\n<tr style=\"altezza: 26px;\">\n<td style=\"altezza: 26px;\">Marca<\/td>\n<td style=\"altezza: 26px;\">Bentley<\/td>\n<\/tr>\n<tr style=\"altezza: 26px;\">\n<td style=\"altezza: 26px;\">Colore<\/td>\n<td style=\"altezza: 26px;\">Nero<\/td>\n<\/tr>\n<tr style=\"altezza: 26px;\">\n<td style=\"altezza: 26px;\">Materiale<\/td>\n<td style=\"altezza: 26px;\">Legno di faggio<\/td>\n<\/tr>\n<tr style=\"altezza: 26px;\">\n<td style=\"altezza: 26px;\">Certificazioni<\/td>\n<td style=\"altezza: 26px;\">FSC<\/td>\n<\/tr>\n<tr style=\"altezza: 43px;\">\n<td style=\"altezza: 43px;\" colspan=\"2\">\n<h2 class=\"sottotitolo tabella-titolo\">Codice prodotto<\/h2>\n<\/td>\n<\/tr>\n<tr style=\"altezza: 33px;\">\n<td style=\"altezza: 33px;\" colspan=\"2\">\n<hr>\n<\/td>\n<\/tr>\n<tr class=\"fvp \" style=\"altezza: 26px;\" data-art-id=\"4135P\">\n<td class=\"fn\" style=\"altezza: 26px;\">ID prodotto<\/td>\n<td class=\"fv\" style=\"altezza: 26px;\">4152<\/td>\n<\/tr>\n<tr class=\"fvp \" style=\"altezza: 26px;\" data-art-id=\"4135P\">\n<td class=\"fn\" style=\"altezza: 26px;\">Nome prodotto<\/td>\n<td class=\"fv\" style=\"altezza: 26px;\">Xanthix coffee and tea<\/td>\n<\/tr>\n<tr class=\"fvp \" style=\"altezza: 26px;\" data-art-id=\"4135P\">\n<td class=\"fn\" style=\"altezza: 26px;\">EAN<\/td>\n<td class=\"fv\" style=\"altezza: 26px;\">8720618390042<\/td>\n<\/tr>\n<\/tbody>\n<tbody>\n<tr class=\"fvp\" style=\"altezza: 26px;\">\n<td class=\"fn\" style=\"altezza: 26px;\">Collezione<\/td>\n<td class=\"fv\" style=\"altezza: 26px;\">New classic<\/td>\n<\/tr>\n<\/tbody>\n<\/table>\n","protected":false},"featured_media":54202,"comment_status":"open","ping_status":"closed","template":"","meta":{"_acf_changed":false,"ngg_post_thumbnail":0,"footnotes":""},"product_cat":[1055,1061,992],"product_tag":[],"class_list":{"0":"post-54196","1":"product","2":"type-product","3":"status-publish","4":"has-post-thumbnail","6":"product_cat-complementi-darredo-per-hotel","7":"product_cat-complementi-per-camera-hotel","8":"product_cat-vassoi-di-cortesia","10":"first","11":"instock","12":"shipping-taxable","13":"purchasable","14":"product-type-simple"},"acf":[],"yoast_head":"<!-- This site is optimized with the Yoast SEO Premium plugin v26.7 (Yoast SEO v26.7) - https:\/\/yoast.com\/wordpress\/plugins\/seo\/ -->\n<title>Vassoio di benvenuto Caff\u00e8 e T\u00e8 nero: Xanthic - Ghibli Evo<\/title>\n<meta name=\"description\" content=\"Vassoio di benvenuto Caff\u00e8 e T\u00e8 nero Xanthic, un ampio vassoio di benvenuto progettato per la praticit\u00e0 e la raffinatezza\" \/>\n<meta name=\"robots\" content=\"index, follow, max-snippet:-1, max-image-preview:large, max-video-preview:-1\" \/>\n<link rel=\"canonical\" href=\"https:\/\/www.ghiblievo.com\/it\/prodotto\/vassoio-di-benvenuto-caffe-e-te-nero-xanthic\/\" \/>\n<meta property=\"og:locale\" content=\"it_IT\" \/>\n<meta property=\"og:type\" content=\"article\" \/>\n<meta property=\"og:title\" content=\"Vassoio di benvenuto Caff\u00e8 e T\u00e8 nero: Xanthic\" \/>\n<meta property=\"og:description\" content=\"Descrizione del vassoio di benvenuto Caff\u00e8 e T\u00e8 nero    Vi presentiamo il vassoio per caff\u00e8 e t\u00e8 nero Xanthic, un ampio vassoio di benvenuto progettato per la praticit\u00e0 e la raffinatezza. Realizzato in resistente legno di faggio e rivestito con una lacca resistente per ridurre al minimo graffi e macchie, questo vassoio \u00e8 costruito per durare.  Caratterizzato da un design olandese con angoli dritti, il vassoio per caff\u00e8 e t\u00e8 Xanthic trasuda eleganza e semplicit\u00e0. Il cavo antifurto del vassoio pu\u00f2 essere fissato alla base, assicurando che il vassoio dei tuoi ospiti e il suo contenuto rimangano al sicuro.  Il vassoio per caff\u00e8 e t\u00e8 Xanthic include uno spazio integrato per la base del bollitore, oltre a 3 incavi per bustine e cucchiai e 6 incavi per capsule Nespresso\u00ae, rendendo facile per i tuoi ospiti creare la loro tazza di caff\u00e8 o t\u00e8 perfetta.  Pulire il vassoio \u00e8 un gioco da ragazzi, grazie agli angoli arrotondati e alla superficie facile da pulire. Inoltre, l&#039;elegante finitura nera del vassoio per caff\u00e8 e t\u00e8 Xanthic completer\u00e0 l&#039;arredamento di qualsiasi camera d&#039;albergo, aggiungendo un tocco di raffinatezza all&#039;esperienza dei tuoi ospiti.   CARATTERISTICHE         Antifurto: il cavo pu\u00f2 essere fissato alla base del vassoio  Spazio integrato per la base del bollitore  Tre incavi per bustine e cucchiaini  Sei incavi per tazzine Nespresso  Finitura resistente a graffi e macchie  Design olandese con angoli dritti        Specifiche           Dimensioni articolo (LxPxA) 42 x 31,5 x 4 cm   Peso netto dell&#039;articolo 2,85 KG    Informazioni logistiche           Dimensioni showbox (LxPxA) 43,5 x 33 x 4,5 cm   Peso della scatola da esposizione 3 kg   Dimensioni scatola esterna (LxPxA) 44,5 x 35,5 x 24 cm   Peso della scatola esterna 16,3 kg   Peso lordo dell&#039;articolo 3,26 kg   Quantit\u00e0 totale nella scatola esterna 5    Informazioni aggiuntive           Marca Bentley   Colore Nero   Materiale Legno di faggio   Certificazioni FSC    Codice prodotto           ID prodotto 4152   Nome prodotto Xanthix coffee and tea   EAN 8720618390042     Collezione New classic\" \/>\n<meta property=\"og:url\" content=\"https:\/\/www.ghiblievo.com\/it\/prodotto\/vassoio-di-benvenuto-caffe-e-te-nero-xanthic\/\" \/>\n<meta property=\"og:site_name\" content=\"Ghibli Evo\" \/>\n<meta property=\"article:publisher\" content=\"https:\/\/www.facebook.com\/ghiblievo\" \/>\n<meta property=\"article:modified_time\" content=\"2025-05-07T12:37:19+00:00\" \/>\n<meta property=\"og:image\" content=\"https:\/\/www.ghiblievo.com\/wp-content\/uploads\/2025\/05\/4152_welcome_tray_XANTHIC_coffee_and_tea_BLACK_3.webp\" \/>\n\t<meta property=\"og:image:width\" content=\"1000\" \/>\n\t<meta property=\"og:image:height\" content=\"1000\" \/>\n\t<meta property=\"og:image:type\" content=\"image\/webp\" \/>\n<meta name=\"twitter:card\" content=\"summary_large_image\" \/>\n<meta name=\"twitter:label1\" content=\"Prezzo\" \/>\n\t<meta name=\"twitter:data1\" content=\"&euro;145.00\" \/>\n\t<meta name=\"twitter:label2\" content=\"Disponibilit\u00e0\" \/>\n\t<meta name=\"twitter:data2\" content=\"In stock\" \/>\n<script type=\"application\/ld+json\" class=\"yoast-schema-graph\">{\"@context\":\"https:\/\/schema.org\",\"@graph\":[{\"@type\":\"WebPage\",\"@id\":\"https:\/\/www.ghiblievo.com\/it\/prodotto\/vassoio-di-benvenuto-caffe-e-te-nero-xanthic\/\",\"url\":\"https:\/\/www.ghiblievo.com\/it\/prodotto\/vassoio-di-benvenuto-caffe-e-te-nero-xanthic\/\",\"name\":\"Vassoio di benvenuto Caff\u00e8 e T\u00e8 nero: Xanthic - Ghibli Evo\",\"isPartOf\":{\"@id\":\"https:\/\/www.ghiblievo.com\/it\/#website\"},\"primaryImageOfPage\":{\"@id\":\"https:\/\/www.ghiblievo.com\/it\/prodotto\/vassoio-di-benvenuto-caffe-e-te-nero-xanthic\/#primaryimage\"},\"image\":{\"@id\":\"https:\/\/www.ghiblievo.com\/it\/prodotto\/vassoio-di-benvenuto-caffe-e-te-nero-xanthic\/#primaryimage\"},\"thumbnailUrl\":\"https:\/\/www.ghiblievo.com\/wp-content\/uploads\/2025\/05\/4152_welcome_tray_XANTHIC_coffee_and_tea_BLACK_3.webp\",\"datePublished\":\"2025-05-06T08:59:55+00:00\",\"dateModified\":\"2025-05-07T12:37:19+00:00\",\"description\":\"Vassoio di benvenuto Caff\u00e8 e T\u00e8 nero Xanthic, un ampio vassoio di benvenuto progettato per la praticit\u00e0 e la raffinatezza\",\"breadcrumb\":{\"@id\":\"https:\/\/www.ghiblievo.com\/it\/prodotto\/vassoio-di-benvenuto-caffe-e-te-nero-xanthic\/#breadcrumb\"},\"inLanguage\":\"it-IT\",\"potentialAction\":[{\"@type\":\"ReadAction\",\"target\":[\"https:\/\/www.ghiblievo.com\/it\/prodotto\/vassoio-di-benvenuto-caffe-e-te-nero-xanthic\/\"]}]},{\"@type\":\"ImageObject\",\"inLanguage\":\"it-IT\",\"@id\":\"https:\/\/www.ghiblievo.com\/it\/prodotto\/vassoio-di-benvenuto-caffe-e-te-nero-xanthic\/#primaryimage\",\"url\":\"https:\/\/www.ghiblievo.com\/wp-content\/uploads\/2025\/05\/4152_welcome_tray_XANTHIC_coffee_and_tea_BLACK_3.webp\",\"contentUrl\":\"https:\/\/www.ghiblievo.com\/wp-content\/uploads\/2025\/05\/4152_welcome_tray_XANTHIC_coffee_and_tea_BLACK_3.webp\",\"width\":1000,\"height\":1000,\"caption\":\"Vassoio di benvenuto Caff\u00e8 e T\u00e8 nero: Xanthic\"},{\"@type\":\"BreadcrumbList\",\"@id\":\"https:\/\/www.ghiblievo.com\/it\/prodotto\/vassoio-di-benvenuto-caffe-e-te-nero-xanthic\/#breadcrumb\",\"itemListElement\":[{\"@type\":\"ListItem\",\"position\":1,\"name\":\"Home\",\"item\":\"https:\/\/www.ghiblievo.com\/it\/\"},{\"@type\":\"ListItem\",\"position\":2,\"name\":\"Shop\",\"item\":\"https:\/\/www.ghiblievo.com\/it\/shop-it\/\"},{\"@type\":\"ListItem\",\"position\":3,\"name\":\"Complementi d'arredo per hotel\",\"item\":\"https:\/\/www.ghiblievo.com\/it\/categoria-prodotto\/complementi-darredo-per-hotel\/\"},{\"@type\":\"ListItem\",\"position\":4,\"name\":\"Vassoio di benvenuto Caff\u00e8 e T\u00e8 nero: Xanthic\"}]},{\"@type\":\"WebSite\",\"@id\":\"https:\/\/www.ghiblievo.com\/it\/#website\",\"url\":\"https:\/\/www.ghiblievo.com\/it\/\",\"name\":\"Ghibli Evo\",\"description\":\"Hair Dryers for Hotel - Wall Mounted Hair Dryer\",\"publisher\":{\"@id\":\"https:\/\/www.ghiblievo.com\/it\/#organization\"},\"potentialAction\":[{\"@type\":\"SearchAction\",\"target\":{\"@type\":\"EntryPoint\",\"urlTemplate\":\"https:\/\/www.ghiblievo.com\/it\/?s={search_term_string}\"},\"query-input\":{\"@type\":\"PropertyValueSpecification\",\"valueRequired\":true,\"valueName\":\"search_term_string\"}}],\"inLanguage\":\"it-IT\"},{\"@type\":\"Organization\",\"@id\":\"https:\/\/www.ghiblievo.com\/it\/#organization\",\"name\":\"Ghibli Evo\",\"url\":\"https:\/\/www.ghiblievo.com\/it\/\",\"logo\":{\"@type\":\"ImageObject\",\"inLanguage\":\"it-IT\",\"@id\":\"https:\/\/www.ghiblievo.com\/it\/#\/schema\/logo\/image\/\",\"url\":\"https:\/\/www.ghiblievo.com\/wp-content\/uploads\/2019\/09\/Emblema_HUB-footer.png\",\"contentUrl\":\"https:\/\/www.ghiblievo.com\/wp-content\/uploads\/2019\/09\/Emblema_HUB-footer.png\",\"width\":300,\"height\":291,\"caption\":\"Ghibli Evo\"},\"image\":{\"@id\":\"https:\/\/www.ghiblievo.com\/it\/#\/schema\/logo\/image\/\"},\"sameAs\":[\"https:\/\/www.facebook.com\/ghiblievo\",\"https:\/\/www.instagram.com\/ghiblievo\/\"],\"description\":\"Ghiblievo is specialized in hotel supplies, bathroom accessories for hotel and hair dryer\",\"email\":\"info@ghiblievo.com\",\"telephone\":\"+39 338 4733486\",\"foundingDate\":\"2009-01-01\",\"vatID\":\"IT 03607430166\"}]}<\/script>\n<meta property=\"product:price:amount\" content=\"145.00\" \/>\n<meta property=\"product:price:currency\" content=\"EUR\" \/>\n<meta property=\"og:availability\" content=\"instock\" \/>\n<meta property=\"product:availability\" content=\"instock\" \/>\n<meta property=\"product:condition\" content=\"new\" \/>\n<!-- \/ Yoast SEO Premium plugin. -->","yoast_head_json":{"title":"Vassoio di benvenuto Caff\u00e8 e T\u00e8 nero: Xanthic - Ghibli Evo","description":"Vassoio di benvenuto Caff\u00e8 e T\u00e8 nero Xanthic, un ampio vassoio di benvenuto progettato per la praticit\u00e0 e la raffinatezza","robots":{"index":"index","follow":"follow","max-snippet":"max-snippet:-1","max-image-preview":"max-image-preview:large","max-video-preview":"max-video-preview:-1"},"canonical":"https:\/\/www.ghiblievo.com\/it\/prodotto\/vassoio-di-benvenuto-caffe-e-te-nero-xanthic\/","og_locale":"it_IT","og_type":"article","og_title":"Vassoio di benvenuto Caff\u00e8 e T\u00e8 nero: Xanthic","og_description":"Descrizione del vassoio di benvenuto Caff\u00e8 e T\u00e8 nero    Vi presentiamo il vassoio per caff\u00e8 e t\u00e8 nero Xanthic, un ampio vassoio di benvenuto progettato per la praticit\u00e0 e la raffinatezza. Realizzato in resistente legno di faggio e rivestito con una lacca resistente per ridurre al minimo graffi e macchie, questo vassoio \u00e8 costruito per durare.  Caratterizzato da un design olandese con angoli dritti, il vassoio per caff\u00e8 e t\u00e8 Xanthic trasuda eleganza e semplicit\u00e0. Il cavo antifurto del vassoio pu\u00f2 essere fissato alla base, assicurando che il vassoio dei tuoi ospiti e il suo contenuto rimangano al sicuro.  Il vassoio per caff\u00e8 e t\u00e8 Xanthic include uno spazio integrato per la base del bollitore, oltre a 3 incavi per bustine e cucchiai e 6 incavi per capsule Nespresso\u00ae, rendendo facile per i tuoi ospiti creare la loro tazza di caff\u00e8 o t\u00e8 perfetta.  Pulire il vassoio \u00e8 un gioco da ragazzi, grazie agli angoli arrotondati e alla superficie facile da pulire. Inoltre, l'elegante finitura nera del vassoio per caff\u00e8 e t\u00e8 Xanthic completer\u00e0 l'arredamento di qualsiasi camera d'albergo, aggiungendo un tocco di raffinatezza all'esperienza dei tuoi ospiti.   CARATTERISTICHE         Antifurto: il cavo pu\u00f2 essere fissato alla base del vassoio  Spazio integrato per la base del bollitore  Tre incavi per bustine e cucchiaini  Sei incavi per tazzine Nespresso  Finitura resistente a graffi e macchie  Design olandese con angoli dritti        Specifiche           Dimensioni articolo (LxPxA) 42 x 31,5 x 4 cm   Peso netto dell'articolo 2,85 KG    Informazioni logistiche           Dimensioni showbox (LxPxA) 43,5 x 33 x 4,5 cm   Peso della scatola da esposizione 3 kg   Dimensioni scatola esterna (LxPxA) 44,5 x 35,5 x 24 cm   Peso della scatola esterna 16,3 kg   Peso lordo dell'articolo 3,26 kg   Quantit\u00e0 totale nella scatola esterna 5    Informazioni aggiuntive           Marca Bentley   Colore Nero   Materiale Legno di faggio   Certificazioni FSC    Codice prodotto           ID prodotto 4152   Nome prodotto Xanthix coffee and tea   EAN 8720618390042     Collezione New classic","og_url":"https:\/\/www.ghiblievo.com\/it\/prodotto\/vassoio-di-benvenuto-caffe-e-te-nero-xanthic\/","og_site_name":"Ghibli Evo","article_publisher":"https:\/\/www.facebook.com\/ghiblievo","article_modified_time":"2025-05-07T12:37:19+00:00","og_image":[{"width":1000,"height":1000,"url":"https:\/\/www.ghiblievo.com\/wp-content\/uploads\/2025\/05\/4152_welcome_tray_XANTHIC_coffee_and_tea_BLACK_3.webp","type":"image\/webp"}],"twitter_card":"summary_large_image","twitter_misc":{"Prezzo":"&euro;145.00","Disponibilit\u00e0":"In stock"},"schema":{"@context":"https:\/\/schema.org","@graph":[{"@type":"WebPage","@id":"https:\/\/www.ghiblievo.com\/it\/prodotto\/vassoio-di-benvenuto-caffe-e-te-nero-xanthic\/","url":"https:\/\/www.ghiblievo.com\/it\/prodotto\/vassoio-di-benvenuto-caffe-e-te-nero-xanthic\/","name":"Vassoio di benvenuto Caff\u00e8 e T\u00e8 nero: Xanthic - Ghibli Evo","isPartOf":{"@id":"https:\/\/www.ghiblievo.com\/it\/#website"},"primaryImageOfPage":{"@id":"https:\/\/www.ghiblievo.com\/it\/prodotto\/vassoio-di-benvenuto-caffe-e-te-nero-xanthic\/#primaryimage"},"image":{"@id":"https:\/\/www.ghiblievo.com\/it\/prodotto\/vassoio-di-benvenuto-caffe-e-te-nero-xanthic\/#primaryimage"},"thumbnailUrl":"https:\/\/www.ghiblievo.com\/wp-content\/uploads\/2025\/05\/4152_welcome_tray_XANTHIC_coffee_and_tea_BLACK_3.webp","datePublished":"2025-05-06T08:59:55+00:00","dateModified":"2025-05-07T12:37:19+00:00","description":"Vassoio di benvenuto Caff\u00e8 e T\u00e8 nero Xanthic, un ampio vassoio di benvenuto progettato per la praticit\u00e0 e la raffinatezza","breadcrumb":{"@id":"https:\/\/www.ghiblievo.com\/it\/prodotto\/vassoio-di-benvenuto-caffe-e-te-nero-xanthic\/#breadcrumb"},"inLanguage":"it-IT","potentialAction":[{"@type":"ReadAction","target":["https:\/\/www.ghiblievo.com\/it\/prodotto\/vassoio-di-benvenuto-caffe-e-te-nero-xanthic\/"]}]},{"@type":"ImageObject","inLanguage":"it-IT","@id":"https:\/\/www.ghiblievo.com\/it\/prodotto\/vassoio-di-benvenuto-caffe-e-te-nero-xanthic\/#primaryimage","url":"https:\/\/www.ghiblievo.com\/wp-content\/uploads\/2025\/05\/4152_welcome_tray_XANTHIC_coffee_and_tea_BLACK_3.webp","contentUrl":"https:\/\/www.ghiblievo.com\/wp-content\/uploads\/2025\/05\/4152_welcome_tray_XANTHIC_coffee_and_tea_BLACK_3.webp","width":1000,"height":1000,"caption":"Vassoio di benvenuto Caff\u00e8 e T\u00e8 nero: Xanthic"},{"@type":"BreadcrumbList","@id":"https:\/\/www.ghiblievo.com\/it\/prodotto\/vassoio-di-benvenuto-caffe-e-te-nero-xanthic\/#breadcrumb","itemListElement":[{"@type":"ListItem","position":1,"name":"Home","item":"https:\/\/www.ghiblievo.com\/it\/"},{"@type":"ListItem","position":2,"name":"Shop","item":"https:\/\/www.ghiblievo.com\/it\/shop-it\/"},{"@type":"ListItem","position":3,"name":"Complementi d'arredo per hotel","item":"https:\/\/www.ghiblievo.com\/it\/categoria-prodotto\/complementi-darredo-per-hotel\/"},{"@type":"ListItem","position":4,"name":"Vassoio di benvenuto Caff\u00e8 e T\u00e8 nero: Xanthic"}]},{"@type":"WebSite","@id":"https:\/\/www.ghiblievo.com\/it\/#website","url":"https:\/\/www.ghiblievo.com\/it\/","name":"Ghibli Evo","description":"Hair Dryers for Hotel - Wall Mounted Hair Dryer","publisher":{"@id":"https:\/\/www.ghiblievo.com\/it\/#organization"},"potentialAction":[{"@type":"SearchAction","target":{"@type":"EntryPoint","urlTemplate":"https:\/\/www.ghiblievo.com\/it\/?s={search_term_string}"},"query-input":{"@type":"PropertyValueSpecification","valueRequired":true,"valueName":"search_term_string"}}],"inLanguage":"it-IT"},{"@type":"Organization","@id":"https:\/\/www.ghiblievo.com\/it\/#organization","name":"Ghibli Evo","url":"https:\/\/www.ghiblievo.com\/it\/","logo":{"@type":"ImageObject","inLanguage":"it-IT","@id":"https:\/\/www.ghiblievo.com\/it\/#\/schema\/logo\/image\/","url":"https:\/\/www.ghiblievo.com\/wp-content\/uploads\/2019\/09\/Emblema_HUB-footer.png","contentUrl":"https:\/\/www.ghiblievo.com\/wp-content\/uploads\/2019\/09\/Emblema_HUB-footer.png","width":300,"height":291,"caption":"Ghibli Evo"},"image":{"@id":"https:\/\/www.ghiblievo.com\/it\/#\/schema\/logo\/image\/"},"sameAs":["https:\/\/www.facebook.com\/ghiblievo","https:\/\/www.instagram.com\/ghiblievo\/"],"description":"Ghiblievo is specialized in hotel supplies, bathroom accessories for hotel and hair dryer","email":"info@ghiblievo.com","telephone":"+39 338 4733486","foundingDate":"2009-01-01","vatID":"IT 03607430166"}]},"product_price_amount":"145.00","product_price_currency":"EUR","og_availability":"instock","product_availability":"instock","product_condition":"new"},"_links":{"self":[{"href":"https:\/\/www.ghiblievo.com\/it\/wp-json\/wp\/v2\/product\/54196","targetHints":{"allow":["GET"]}}],"collection":[{"href":"https:\/\/www.ghiblievo.com\/it\/wp-json\/wp\/v2\/product"}],"about":[{"href":"https:\/\/www.ghiblievo.com\/it\/wp-json\/wp\/v2\/types\/product"}],"replies":[{"embeddable":true,"href":"https:\/\/www.ghiblievo.com\/it\/wp-json\/wp\/v2\/comments?post=54196"}],"version-history":[{"count":0,"href":"https:\/\/www.ghiblievo.com\/it\/wp-json\/wp\/v2\/product\/54196\/revisions"}],"wp:featuredmedia":[{"embeddable":true,"href":"https:\/\/www.ghiblievo.com\/it\/wp-json\/wp\/v2\/media\/54202"}],"wp:attachment":[{"href":"https:\/\/www.ghiblievo.com\/it\/wp-json\/wp\/v2\/media?parent=54196"}],"wp:term":[{"taxonomy":"product_cat","embeddable":true,"href":"https:\/\/www.ghiblievo.com\/it\/wp-json\/wp\/v2\/product_cat?post=54196"},{"taxonomy":"product_tag","embeddable":true,"href":"https:\/\/www.ghiblievo.com\/it\/wp-json\/wp\/v2\/product_tag?post=54196"}],"curies":[{"name":"wp","href":"https:\/\/api.w.org\/{rel}","templated":true}]}}