{"id":53734,"date":"2025-04-28T10:32:12","date_gmt":"2025-04-28T09:39:00","guid":{"rendered":"https:\/\/www.ghiblievo.com\/?post_type=product&#038;p=53734"},"modified":"2025-05-07T13:33:17","modified_gmt":"2025-05-07T12:33:17","slug":"vassoio-di-benvenuto-color-mogano-xanthic","status":"publish","type":"product","link":"https:\/\/www.ghiblievo.com\/it\/prodotto\/vassoio-di-benvenuto-color-mogano-xanthic\/","title":{"rendered":"Vassoio di benvenuto color mogano: Xanthic"},"content":{"rendered":"","protected":false},"excerpt":{"rendered":"<div>\n<h2 class=\"sottotitolo tabella-titolo\">Descrizione del vassoio di benvenuto color mogano<\/h2>\n<hr>\n<p>Il vassoio di benvenuto color Mogano Xanthic \u00e8 pi\u00f9 di una semplice aggiunta funzionale a qualsiasi camera d&#8217;albergo. \u00c8 un pezzo forte che eleva l&#8217;intera esperienza degli ospiti. Realizzato in resistente legno di faggio, questo vassoio \u00e8 progettato per resistere all&#8217;usura dell&#8217;uso quotidiano, mentre la finitura in mogano aggiunge un&#8217;aria di eleganza e raffinatezza a qualsiasi stanza.<\/p>\n<p>Con uno spazio integrato per la base del bollitore e 2 alloggiamenti per bustine e cucchiai, i tuoi ospiti possono facilmente preparare il proprio t\u00e8 o caff\u00e8. Gli angoli arrotondati rendono la pulizia un gioco da ragazzi, mentre la lacca resistente riduce al minimo graffi e macchie.<\/p>\n<p>Bentley comprende l&#8217;importanza della sicurezza quando si tratta di servizi nelle camere d&#8217;albergo. Il cavo antifurto pu\u00f2 essere fissato alla base del vassoio, assicurando che il vassoio e il suo contenuto siano sempre al sicuro.<\/p>\n<\/div>\n<h2 class=\"sottotitolo tabella-titolo\">CARATTERISTICHE<\/h2>\n<hr>\n<ul class=\"artdetails-features\">\n<li>Antifurto: il cavo pu\u00f2 essere fissato alla base del vassoio<\/li>\n<li>Spazio integrato per la base del bollitore<\/li>\n<li>Quattro rientranze per bustine e cucchiaini<\/li>\n<li>Facile da pulire grazie agli angoli arrotondati<\/li>\n<li>Vernice forte per ridurre al minimo graffi e macchie<\/li>\n<li>Realizzato in resistente legno di faggio<\/li>\n<\/ul>\n<div class=\"artdetails\" data-unique-id=\"IDL5200FTA5LNQG3BLJAWIOT41LORAY4XK45LTEJKULVY35HPUQILJ\">\n<table id=\"artdetails-allprops\" class=\"fvs artdetails-allprops\">\n<tbody class=\"\" data-art-id=\"4072P\">\n<tr>\n<td colspan=\"2\">\n<h2 class=\"sottotitolo tabella-titolo\">Specifiche<\/h2>\n<\/td>\n<\/tr>\n<tr>\n<td colspan=\"2\">\n<hr>\n<\/td>\n<\/tr>\n<tr>\n<td>Dimensioni articolo (LxPxA)<\/td>\n<td>50 x 20 x 4 cm<\/td>\n<\/tr>\n<tr>\n<td>Peso netto dell&#8217;articolo<\/td>\n<td>1,8 kg<\/td>\n<\/tr>\n<tr>\n<td colspan=\"2\">\n<h2 class=\"sottotitolo tabella-titolo\">Informazioni logistiche<\/h2>\n<\/td>\n<\/tr>\n<tr>\n<td colspan=\"2\">\n<hr>\n<\/td>\n<\/tr>\n<tr>\n<td>Dimensioni showbox (LxPxA)<\/td>\n<td>52 x 22,5 x 5 cm<\/td>\n<\/tr>\n<tr>\n<td>Peso della scatola da esposizione<\/td>\n<td>1,95 kg<\/td>\n<\/tr>\n<tr>\n<td>Dimensioni scatola esterna (LxPxA)<\/td>\n<td>52,5 x 23 x 31 cm<\/td>\n<\/tr>\n<tr>\n<td>Peso scatola esterna<\/td>\n<td>13 kg<\/td>\n<\/tr>\n<tr>\n<td>Peso lordo dell&#8217;articolo<\/td>\n<td>2,16 kg<\/td>\n<\/tr>\n<tr>\n<td>Quantit\u00e0 totale nella scatola esterna<\/td>\n<td>6<\/td>\n<\/tr>\n<tr>\n<td>Quantit\u00e0 totale per pallet (160 cm)<\/td>\n<td>144<\/td>\n<\/tr>\n<tr>\n<td colspan=\"2\">\n<h2 class=\"sottotitolo tabella-titolo\">Informazioni aggiuntive<\/h2>\n<\/td>\n<\/tr>\n<tr>\n<td colspan=\"2\">\n<hr>\n<\/td>\n<\/tr>\n<tr>\n<td>Marca<\/td>\n<td>Bentley<\/td>\n<\/tr>\n<tr>\n<td>Colore<\/td>\n<td>Mogano<\/td>\n<\/tr>\n<tr>\n<td>Materiale<\/td>\n<td>Legno di faggio<\/td>\n<\/tr>\n<tr>\n<td>Certificazioni<\/td>\n<td>FSC<\/td>\n<\/tr>\n<tr>\n<td colspan=\"2\">\n<h2 class=\"sottotitolo tabella-titolo\">Codice prodotto<\/h2>\n<\/td>\n<\/tr>\n<tr>\n<td colspan=\"2\">\n<hr>\n<\/td>\n<\/tr>\n<tr class=\"fvp \" data-art-id=\"4072P\">\n<td class=\"fn\">ID prodotto<\/td>\n<td class=\"fv\">4072P<\/td>\n<\/tr>\n<tr class=\"fvp \" data-art-id=\"4072P\">\n<td class=\"fn\">Nome prodotto<\/td>\n<td class=\"fv\">Xanthic<\/td>\n<\/tr>\n<tr class=\"fvp \" data-art-id=\"4072P\">\n<td class=\"fn\">EAN<\/td>\n<td class=\"fv\">8720256648284<\/td>\n<\/tr>\n<\/tbody>\n<tbody>\n<tr class=\"fvp\">\n<td class=\"fn\">Collezione<\/td>\n<td class=\"fv\">New Classic<\/td>\n<\/tr>\n<\/tbody>\n<\/table>\n<div class=\"artdetails\" data-unique-id=\"IDL5200FTA5LNQG3BLJAWIOT41LORAY4XK45LTEJKULVY35HPUQILJ\">&nbsp;<\/div>\n<\/div>\n","protected":false},"featured_media":53714,"comment_status":"open","ping_status":"closed","template":"","meta":{"_acf_changed":false,"ngg_post_thumbnail":0,"footnotes":""},"product_cat":[1055,1061,992],"product_tag":[],"class_list":{"0":"post-53734","1":"product","2":"type-product","3":"status-publish","4":"has-post-thumbnail","6":"product_cat-complementi-darredo-per-hotel","7":"product_cat-complementi-per-camera-hotel","8":"product_cat-vassoi-di-cortesia","10":"first","11":"instock","12":"shipping-taxable","13":"purchasable","14":"product-type-simple"},"acf":[],"yoast_head":"<!-- This site is optimized with the Yoast SEO Premium plugin v26.7 (Yoast SEO v26.7) - https:\/\/yoast.com\/wordpress\/plugins\/seo\/ -->\n<title>Vassoio di benvenuto color mogano: Xanthic - Ghibli Evo<\/title>\n<meta name=\"description\" content=\"Il vassoio di benvenuto color Mogano Xanthic \u00e8 pi\u00f9 di una semplice aggiunta funzionale a qualsiasi camera d&#039;albergo, eleva l&#039;intera esperienza degli ospiti\" \/>\n<meta name=\"robots\" content=\"index, follow, max-snippet:-1, max-image-preview:large, max-video-preview:-1\" \/>\n<link rel=\"canonical\" href=\"https:\/\/www.ghiblievo.com\/it\/prodotto\/vassoio-di-benvenuto-color-mogano-xanthic\/\" \/>\n<meta property=\"og:locale\" content=\"it_IT\" \/>\n<meta property=\"og:type\" content=\"article\" \/>\n<meta property=\"og:title\" content=\"Vassoio di benvenuto color mogano: Xanthic\" \/>\n<meta property=\"og:description\" content=\"Descrizione del vassoio di benvenuto color mogano    Il vassoio di benvenuto color Mogano Xanthic \u00e8 pi\u00f9 di una semplice aggiunta funzionale a qualsiasi camera d&#039;albergo. \u00c8 un pezzo forte che eleva l&#039;intera esperienza degli ospiti. Realizzato in resistente legno di faggio, questo vassoio \u00e8 progettato per resistere all&#039;usura dell&#039;uso quotidiano, mentre la finitura in mogano aggiunge un&#039;aria di eleganza e raffinatezza a qualsiasi stanza.  Con uno spazio integrato per la base del bollitore e 2 alloggiamenti per bustine e cucchiai, i tuoi ospiti possono facilmente preparare il proprio t\u00e8 o caff\u00e8. Gli angoli arrotondati rendono la pulizia un gioco da ragazzi, mentre la lacca resistente riduce al minimo graffi e macchie.  Bentley comprende l&#039;importanza della sicurezza quando si tratta di servizi nelle camere d&#039;albergo. Il cavo antifurto pu\u00f2 essere fissato alla base del vassoio, assicurando che il vassoio e il suo contenuto siano sempre al sicuro.   CARATTERISTICHE      Antifurto: il cavo pu\u00f2 essere fissato alla base del vassoio  Spazio integrato per la base del bollitore  Quattro rientranze per bustine e cucchiaini  Facile da pulire grazie agli angoli arrotondati  Vernice forte per ridurre al minimo graffi e macchie  Realizzato in resistente legno di faggio       Specifiche           Dimensioni articolo (LxPxA) 50 x 20 x 4 cm   Peso netto dell&#039;articolo 1,8 kg    Informazioni logistiche           Dimensioni showbox (LxPxA) 52 x 22,5 x 5 cm   Peso della scatola da esposizione 1,95 kg   Dimensioni scatola esterna (LxPxA) 52,5 x 23 x 31 cm   Peso scatola esterna 13 kg   Peso lordo dell&#039;articolo 2,16 kg   Quantit\u00e0 totale nella scatola esterna 6   Quantit\u00e0 totale per pallet (160 cm) 144    Informazioni aggiuntive           Marca Bentley   Colore Mogano   Materiale Legno di faggio   Certificazioni FSC    Codice prodotto           ID prodotto 4072P   Nome prodotto Xanthic   EAN 8720256648284     Collezione New Classic    &nbsp;\" \/>\n<meta property=\"og:url\" content=\"https:\/\/www.ghiblievo.com\/it\/prodotto\/vassoio-di-benvenuto-color-mogano-xanthic\/\" \/>\n<meta property=\"og:site_name\" content=\"Ghibli Evo\" \/>\n<meta property=\"article:publisher\" content=\"https:\/\/www.facebook.com\/ghiblievo\" \/>\n<meta property=\"article:modified_time\" content=\"2025-05-07T12:33:17+00:00\" \/>\n<meta property=\"og:image\" content=\"https:\/\/www.ghiblievo.com\/wp-content\/uploads\/2025\/04\/4072P_welcome_tray_XANTHIC_REGULAR_mahogany_3.webp\" \/>\n\t<meta property=\"og:image:width\" content=\"1000\" \/>\n\t<meta property=\"og:image:height\" content=\"1000\" \/>\n\t<meta property=\"og:image:type\" content=\"image\/webp\" \/>\n<meta name=\"twitter:card\" content=\"summary_large_image\" \/>\n<meta name=\"twitter:label1\" content=\"Prezzo\" \/>\n\t<meta name=\"twitter:data1\" content=\"&euro;117.00\" \/>\n\t<meta name=\"twitter:label2\" content=\"Disponibilit\u00e0\" \/>\n\t<meta name=\"twitter:data2\" content=\"In stock\" \/>\n<script type=\"application\/ld+json\" class=\"yoast-schema-graph\">{\"@context\":\"https:\/\/schema.org\",\"@graph\":[{\"@type\":\"WebPage\",\"@id\":\"https:\/\/www.ghiblievo.com\/it\/prodotto\/vassoio-di-benvenuto-color-mogano-xanthic\/\",\"url\":\"https:\/\/www.ghiblievo.com\/it\/prodotto\/vassoio-di-benvenuto-color-mogano-xanthic\/\",\"name\":\"Vassoio di benvenuto color mogano: Xanthic - Ghibli Evo\",\"isPartOf\":{\"@id\":\"https:\/\/www.ghiblievo.com\/it\/#website\"},\"primaryImageOfPage\":{\"@id\":\"https:\/\/www.ghiblievo.com\/it\/prodotto\/vassoio-di-benvenuto-color-mogano-xanthic\/#primaryimage\"},\"image\":{\"@id\":\"https:\/\/www.ghiblievo.com\/it\/prodotto\/vassoio-di-benvenuto-color-mogano-xanthic\/#primaryimage\"},\"thumbnailUrl\":\"https:\/\/www.ghiblievo.com\/wp-content\/uploads\/2025\/04\/4072P_welcome_tray_XANTHIC_REGULAR_mahogany_3.webp\",\"datePublished\":\"2025-04-28T09:39:00+00:00\",\"dateModified\":\"2025-05-07T12:33:17+00:00\",\"description\":\"Il vassoio di benvenuto color Mogano Xanthic \u00e8 pi\u00f9 di una semplice aggiunta funzionale a qualsiasi camera d'albergo, eleva l'intera esperienza degli ospiti\",\"breadcrumb\":{\"@id\":\"https:\/\/www.ghiblievo.com\/it\/prodotto\/vassoio-di-benvenuto-color-mogano-xanthic\/#breadcrumb\"},\"inLanguage\":\"it-IT\",\"potentialAction\":[{\"@type\":\"ReadAction\",\"target\":[\"https:\/\/www.ghiblievo.com\/it\/prodotto\/vassoio-di-benvenuto-color-mogano-xanthic\/\"]}]},{\"@type\":\"ImageObject\",\"inLanguage\":\"it-IT\",\"@id\":\"https:\/\/www.ghiblievo.com\/it\/prodotto\/vassoio-di-benvenuto-color-mogano-xanthic\/#primaryimage\",\"url\":\"https:\/\/www.ghiblievo.com\/wp-content\/uploads\/2025\/04\/4072P_welcome_tray_XANTHIC_REGULAR_mahogany_3.webp\",\"contentUrl\":\"https:\/\/www.ghiblievo.com\/wp-content\/uploads\/2025\/04\/4072P_welcome_tray_XANTHIC_REGULAR_mahogany_3.webp\",\"width\":1000,\"height\":1000,\"caption\":\"Vassoio di benvenuto color mogano: Xanthic\"},{\"@type\":\"BreadcrumbList\",\"@id\":\"https:\/\/www.ghiblievo.com\/it\/prodotto\/vassoio-di-benvenuto-color-mogano-xanthic\/#breadcrumb\",\"itemListElement\":[{\"@type\":\"ListItem\",\"position\":1,\"name\":\"Home\",\"item\":\"https:\/\/www.ghiblievo.com\/it\/\"},{\"@type\":\"ListItem\",\"position\":2,\"name\":\"Shop\",\"item\":\"https:\/\/www.ghiblievo.com\/it\/shop-it\/\"},{\"@type\":\"ListItem\",\"position\":3,\"name\":\"Complementi d'arredo per hotel\",\"item\":\"https:\/\/www.ghiblievo.com\/it\/categoria-prodotto\/complementi-darredo-per-hotel\/\"},{\"@type\":\"ListItem\",\"position\":4,\"name\":\"Vassoio di benvenuto color mogano: Xanthic\"}]},{\"@type\":\"WebSite\",\"@id\":\"https:\/\/www.ghiblievo.com\/it\/#website\",\"url\":\"https:\/\/www.ghiblievo.com\/it\/\",\"name\":\"Ghibli Evo\",\"description\":\"Hair Dryers for Hotel - Wall Mounted Hair Dryer\",\"publisher\":{\"@id\":\"https:\/\/www.ghiblievo.com\/it\/#organization\"},\"potentialAction\":[{\"@type\":\"SearchAction\",\"target\":{\"@type\":\"EntryPoint\",\"urlTemplate\":\"https:\/\/www.ghiblievo.com\/it\/?s={search_term_string}\"},\"query-input\":{\"@type\":\"PropertyValueSpecification\",\"valueRequired\":true,\"valueName\":\"search_term_string\"}}],\"inLanguage\":\"it-IT\"},{\"@type\":\"Organization\",\"@id\":\"https:\/\/www.ghiblievo.com\/it\/#organization\",\"name\":\"Ghibli Evo\",\"url\":\"https:\/\/www.ghiblievo.com\/it\/\",\"logo\":{\"@type\":\"ImageObject\",\"inLanguage\":\"it-IT\",\"@id\":\"https:\/\/www.ghiblievo.com\/it\/#\/schema\/logo\/image\/\",\"url\":\"https:\/\/www.ghiblievo.com\/wp-content\/uploads\/2019\/09\/Emblema_HUB-footer.png\",\"contentUrl\":\"https:\/\/www.ghiblievo.com\/wp-content\/uploads\/2019\/09\/Emblema_HUB-footer.png\",\"width\":300,\"height\":291,\"caption\":\"Ghibli Evo\"},\"image\":{\"@id\":\"https:\/\/www.ghiblievo.com\/it\/#\/schema\/logo\/image\/\"},\"sameAs\":[\"https:\/\/www.facebook.com\/ghiblievo\",\"https:\/\/www.instagram.com\/ghiblievo\/\"],\"description\":\"Ghiblievo is specialized in hotel supplies, bathroom accessories for hotel and hair dryer\",\"email\":\"info@ghiblievo.com\",\"telephone\":\"+39 338 4733486\",\"foundingDate\":\"2009-01-01\",\"vatID\":\"IT 03607430166\"}]}<\/script>\n<meta property=\"product:price:amount\" content=\"117.00\" \/>\n<meta property=\"product:price:currency\" content=\"EUR\" \/>\n<meta property=\"og:availability\" content=\"instock\" \/>\n<meta property=\"product:availability\" content=\"instock\" \/>\n<meta property=\"product:condition\" content=\"new\" \/>\n<!-- \/ Yoast SEO Premium plugin. -->","yoast_head_json":{"title":"Vassoio di benvenuto color mogano: Xanthic - Ghibli Evo","description":"Il vassoio di benvenuto color Mogano Xanthic \u00e8 pi\u00f9 di una semplice aggiunta funzionale a qualsiasi camera d'albergo, eleva l'intera esperienza degli ospiti","robots":{"index":"index","follow":"follow","max-snippet":"max-snippet:-1","max-image-preview":"max-image-preview:large","max-video-preview":"max-video-preview:-1"},"canonical":"https:\/\/www.ghiblievo.com\/it\/prodotto\/vassoio-di-benvenuto-color-mogano-xanthic\/","og_locale":"it_IT","og_type":"article","og_title":"Vassoio di benvenuto color mogano: Xanthic","og_description":"Descrizione del vassoio di benvenuto color mogano    Il vassoio di benvenuto color Mogano Xanthic \u00e8 pi\u00f9 di una semplice aggiunta funzionale a qualsiasi camera d'albergo. \u00c8 un pezzo forte che eleva l'intera esperienza degli ospiti. Realizzato in resistente legno di faggio, questo vassoio \u00e8 progettato per resistere all'usura dell'uso quotidiano, mentre la finitura in mogano aggiunge un'aria di eleganza e raffinatezza a qualsiasi stanza.  Con uno spazio integrato per la base del bollitore e 2 alloggiamenti per bustine e cucchiai, i tuoi ospiti possono facilmente preparare il proprio t\u00e8 o caff\u00e8. Gli angoli arrotondati rendono la pulizia un gioco da ragazzi, mentre la lacca resistente riduce al minimo graffi e macchie.  Bentley comprende l'importanza della sicurezza quando si tratta di servizi nelle camere d'albergo. Il cavo antifurto pu\u00f2 essere fissato alla base del vassoio, assicurando che il vassoio e il suo contenuto siano sempre al sicuro.   CARATTERISTICHE      Antifurto: il cavo pu\u00f2 essere fissato alla base del vassoio  Spazio integrato per la base del bollitore  Quattro rientranze per bustine e cucchiaini  Facile da pulire grazie agli angoli arrotondati  Vernice forte per ridurre al minimo graffi e macchie  Realizzato in resistente legno di faggio       Specifiche           Dimensioni articolo (LxPxA) 50 x 20 x 4 cm   Peso netto dell'articolo 1,8 kg    Informazioni logistiche           Dimensioni showbox (LxPxA) 52 x 22,5 x 5 cm   Peso della scatola da esposizione 1,95 kg   Dimensioni scatola esterna (LxPxA) 52,5 x 23 x 31 cm   Peso scatola esterna 13 kg   Peso lordo dell'articolo 2,16 kg   Quantit\u00e0 totale nella scatola esterna 6   Quantit\u00e0 totale per pallet (160 cm) 144    Informazioni aggiuntive           Marca Bentley   Colore Mogano   Materiale Legno di faggio   Certificazioni FSC    Codice prodotto           ID prodotto 4072P   Nome prodotto Xanthic   EAN 8720256648284     Collezione New Classic    &nbsp;","og_url":"https:\/\/www.ghiblievo.com\/it\/prodotto\/vassoio-di-benvenuto-color-mogano-xanthic\/","og_site_name":"Ghibli Evo","article_publisher":"https:\/\/www.facebook.com\/ghiblievo","article_modified_time":"2025-05-07T12:33:17+00:00","og_image":[{"width":1000,"height":1000,"url":"https:\/\/www.ghiblievo.com\/wp-content\/uploads\/2025\/04\/4072P_welcome_tray_XANTHIC_REGULAR_mahogany_3.webp","type":"image\/webp"}],"twitter_card":"summary_large_image","twitter_misc":{"Prezzo":"&euro;117.00","Disponibilit\u00e0":"In stock"},"schema":{"@context":"https:\/\/schema.org","@graph":[{"@type":"WebPage","@id":"https:\/\/www.ghiblievo.com\/it\/prodotto\/vassoio-di-benvenuto-color-mogano-xanthic\/","url":"https:\/\/www.ghiblievo.com\/it\/prodotto\/vassoio-di-benvenuto-color-mogano-xanthic\/","name":"Vassoio di benvenuto color mogano: Xanthic - Ghibli Evo","isPartOf":{"@id":"https:\/\/www.ghiblievo.com\/it\/#website"},"primaryImageOfPage":{"@id":"https:\/\/www.ghiblievo.com\/it\/prodotto\/vassoio-di-benvenuto-color-mogano-xanthic\/#primaryimage"},"image":{"@id":"https:\/\/www.ghiblievo.com\/it\/prodotto\/vassoio-di-benvenuto-color-mogano-xanthic\/#primaryimage"},"thumbnailUrl":"https:\/\/www.ghiblievo.com\/wp-content\/uploads\/2025\/04\/4072P_welcome_tray_XANTHIC_REGULAR_mahogany_3.webp","datePublished":"2025-04-28T09:39:00+00:00","dateModified":"2025-05-07T12:33:17+00:00","description":"Il vassoio di benvenuto color Mogano Xanthic \u00e8 pi\u00f9 di una semplice aggiunta funzionale a qualsiasi camera d'albergo, eleva l'intera esperienza degli ospiti","breadcrumb":{"@id":"https:\/\/www.ghiblievo.com\/it\/prodotto\/vassoio-di-benvenuto-color-mogano-xanthic\/#breadcrumb"},"inLanguage":"it-IT","potentialAction":[{"@type":"ReadAction","target":["https:\/\/www.ghiblievo.com\/it\/prodotto\/vassoio-di-benvenuto-color-mogano-xanthic\/"]}]},{"@type":"ImageObject","inLanguage":"it-IT","@id":"https:\/\/www.ghiblievo.com\/it\/prodotto\/vassoio-di-benvenuto-color-mogano-xanthic\/#primaryimage","url":"https:\/\/www.ghiblievo.com\/wp-content\/uploads\/2025\/04\/4072P_welcome_tray_XANTHIC_REGULAR_mahogany_3.webp","contentUrl":"https:\/\/www.ghiblievo.com\/wp-content\/uploads\/2025\/04\/4072P_welcome_tray_XANTHIC_REGULAR_mahogany_3.webp","width":1000,"height":1000,"caption":"Vassoio di benvenuto color mogano: Xanthic"},{"@type":"BreadcrumbList","@id":"https:\/\/www.ghiblievo.com\/it\/prodotto\/vassoio-di-benvenuto-color-mogano-xanthic\/#breadcrumb","itemListElement":[{"@type":"ListItem","position":1,"name":"Home","item":"https:\/\/www.ghiblievo.com\/it\/"},{"@type":"ListItem","position":2,"name":"Shop","item":"https:\/\/www.ghiblievo.com\/it\/shop-it\/"},{"@type":"ListItem","position":3,"name":"Complementi d'arredo per hotel","item":"https:\/\/www.ghiblievo.com\/it\/categoria-prodotto\/complementi-darredo-per-hotel\/"},{"@type":"ListItem","position":4,"name":"Vassoio di benvenuto color mogano: Xanthic"}]},{"@type":"WebSite","@id":"https:\/\/www.ghiblievo.com\/it\/#website","url":"https:\/\/www.ghiblievo.com\/it\/","name":"Ghibli Evo","description":"Hair Dryers for Hotel - Wall Mounted Hair Dryer","publisher":{"@id":"https:\/\/www.ghiblievo.com\/it\/#organization"},"potentialAction":[{"@type":"SearchAction","target":{"@type":"EntryPoint","urlTemplate":"https:\/\/www.ghiblievo.com\/it\/?s={search_term_string}"},"query-input":{"@type":"PropertyValueSpecification","valueRequired":true,"valueName":"search_term_string"}}],"inLanguage":"it-IT"},{"@type":"Organization","@id":"https:\/\/www.ghiblievo.com\/it\/#organization","name":"Ghibli Evo","url":"https:\/\/www.ghiblievo.com\/it\/","logo":{"@type":"ImageObject","inLanguage":"it-IT","@id":"https:\/\/www.ghiblievo.com\/it\/#\/schema\/logo\/image\/","url":"https:\/\/www.ghiblievo.com\/wp-content\/uploads\/2019\/09\/Emblema_HUB-footer.png","contentUrl":"https:\/\/www.ghiblievo.com\/wp-content\/uploads\/2019\/09\/Emblema_HUB-footer.png","width":300,"height":291,"caption":"Ghibli Evo"},"image":{"@id":"https:\/\/www.ghiblievo.com\/it\/#\/schema\/logo\/image\/"},"sameAs":["https:\/\/www.facebook.com\/ghiblievo","https:\/\/www.instagram.com\/ghiblievo\/"],"description":"Ghiblievo is specialized in hotel supplies, bathroom accessories for hotel and hair dryer","email":"info@ghiblievo.com","telephone":"+39 338 4733486","foundingDate":"2009-01-01","vatID":"IT 03607430166"}]},"product_price_amount":"117.00","product_price_currency":"EUR","og_availability":"instock","product_availability":"instock","product_condition":"new"},"_links":{"self":[{"href":"https:\/\/www.ghiblievo.com\/it\/wp-json\/wp\/v2\/product\/53734","targetHints":{"allow":["GET"]}}],"collection":[{"href":"https:\/\/www.ghiblievo.com\/it\/wp-json\/wp\/v2\/product"}],"about":[{"href":"https:\/\/www.ghiblievo.com\/it\/wp-json\/wp\/v2\/types\/product"}],"replies":[{"embeddable":true,"href":"https:\/\/www.ghiblievo.com\/it\/wp-json\/wp\/v2\/comments?post=53734"}],"version-history":[{"count":0,"href":"https:\/\/www.ghiblievo.com\/it\/wp-json\/wp\/v2\/product\/53734\/revisions"}],"wp:featuredmedia":[{"embeddable":true,"href":"https:\/\/www.ghiblievo.com\/it\/wp-json\/wp\/v2\/media\/53714"}],"wp:attachment":[{"href":"https:\/\/www.ghiblievo.com\/it\/wp-json\/wp\/v2\/media?parent=53734"}],"wp:term":[{"taxonomy":"product_cat","embeddable":true,"href":"https:\/\/www.ghiblievo.com\/it\/wp-json\/wp\/v2\/product_cat?post=53734"},{"taxonomy":"product_tag","embeddable":true,"href":"https:\/\/www.ghiblievo.com\/it\/wp-json\/wp\/v2\/product_tag?post=53734"}],"curies":[{"name":"wp","href":"https:\/\/api.w.org\/{rel}","templated":true}]}}