{"id":53328,"date":"2025-04-18T12:58:25","date_gmt":"2025-04-18T12:04:40","guid":{"rendered":"https:\/\/www.ghiblievo.com\/?post_type=product&#038;p=53328"},"modified":"2025-04-18T13:04:41","modified_gmt":"2025-04-18T12:04:41","slug":"vassoio-di-benvenuto-nero-ruby","status":"publish","type":"product","link":"https:\/\/www.ghiblievo.com\/it\/prodotto\/vassoio-di-benvenuto-nero-ruby\/","title":{"rendered":"Vassoio di benvenuto nero: Ruby"},"content":{"rendered":"","protected":false},"excerpt":{"rendered":"<h2>Vassoio di benvenuto Nero per hotel: Ruby<\/h2>\n<p>Il vassoio di benvenuto nero Ruby offre la soluzione perfetta con un design salvaspazio che misura 34 x 34 cm, questo vassoio offre funzionalit\u00e0 per camere d&#8217;albergo o aree ospiti, il tutto mantenendo un&#8217;elegante finitura melaminica lucida. Ruby non offre solo spazio, ma versatilit\u00e0. Il vassoio da portata separato e la griglia per gli ingredienti lo rendono facile da organizzare e servire con stile, mentre il suo design facile da pulire garantisce la comodit\u00e0 della brughiera per il personale. Orgogliosamente 100% olandese Design, Ruby offre praticit\u00e0 con un tocco pulito e moderno. Il nostro obiettivo \u00e8 darti MOOR. Il vassoio di benvenuto Ruby \u00e8 progettato per portare pi\u00f9 ordine, stile ed efficienza in qualsiasi ambiente di ospitalit\u00e0.<\/p>\n<h2 class=\"sottotitolo tabella-titolo\">CARATTERISTICHE<\/h2>\n<hr>\n<ul class=\"artdetails-features\">\n<li>Ingombro ridotto, di soli 34 x 34<\/li>\n<li>Vassoio da portata separato e griglia per ingredienti rimovibile<\/li>\n<li>Realizzato in resistente melamina lucida<\/li>\n<li>Spazio integrato per bollitore<\/li>\n<li>Adatto a tutti i bollitori Bentley\/MOOR<\/li>\n<li>Connettore per cavo antifurto integrato<\/li>\n<li>Facile da pulire e ricaricare<\/li>\n<li>Escluse tazze e piattini<\/li>\n<\/ul>\n<div class=\"artdetails\" data-unique-id=\"IDMXSDPUI2XLHQCO2QM2HMPY4SCKSTAUR1P5SHIOGBKGZ2KUAXZUSL\">\n<table id=\"artdetails-allprops\" class=\"fvs artdetails-allprops\">\n<tbody class=\"\" data-art-id=\"M4094\">\n<tr>\n<td colspan=\"2\">\n<h2 class=\"sottotitolo tabella-titolo\">Specifiche del vassoio di benvenuto nero per hotel<\/h2>\n<\/td>\n<\/tr>\n<tr>\n<td colspan=\"2\">\n<hr>\n<\/td>\n<\/tr>\n<tr>\n<td>Dimensioni articolo (LxPxA)<\/td>\n<td>33,9 x 34,3 x 3,5 cm<\/td>\n<\/tr>\n<tr>\n<td>Peso netto dell&#8217;articolo<\/td>\n<td>1,31 kg<\/td>\n<\/tr>\n<tr>\n<td colspan=\"2\">\n<h2 class=\"sottotitolo tabella-titolo\">Informazioni logistiche<\/h2>\n<\/td>\n<\/tr>\n<tr>\n<td colspan=\"2\">\n<hr>\n<\/td>\n<\/tr>\n<tr>\n<td>Dimensioni showbox (LxPxA)<\/td>\n<td>35,1 x 35,1 x 4,8 cm<\/td>\n<\/tr>\n<tr>\n<td>Peso della scatola da esposizione<\/td>\n<td>1,55 kg<\/td>\n<\/tr>\n<tr>\n<td>Dimensioni scatola esterna (LxPxA)<\/td>\n<td>36,8 x 37,6 x 30,3 cm<\/td>\n<\/tr>\n<tr>\n<td>Peso scatola esterna<\/td>\n<td>9,67 kg<\/td>\n<\/tr>\n<tr>\n<td>Peso lordo dell&#8217;articolo<\/td>\n<td>1,55 kg<\/td>\n<\/tr>\n<tr>\n<td>Quantit\u00e0 totale per pallet<\/td>\n<td>192<\/td>\n<\/tr>\n<tr>\n<td colspan=\"2\">\n<h2 class=\"sottotitolo tabella-titolo\">Informazioni aggiuntive<\/h2>\n<\/td>\n<\/tr>\n<tr>\n<td colspan=\"2\">\n<hr>\n<\/td>\n<\/tr>\n<tr>\n<td>Marca<\/td>\n<td>MOOR<\/td>\n<\/tr>\n<tr>\n<td>Colore<\/td>\n<td>Nero<\/td>\n<\/tr>\n<tr>\n<td>Materiale<\/td>\n<td>Melamina lucida<\/td>\n<\/tr>\n<tr>\n<td colspan=\"2\">\n<h2 class=\"sottotitolo tabella-titolo\">Numeri prodotto<\/h2>\n<\/td>\n<\/tr>\n<tr>\n<td colspan=\"2\">\n<hr>\n<\/td>\n<\/tr>\n<tr class=\"fvp \" data-art-id=\"M4094\">\n<td class=\"fn\">ID prodotto<\/td>\n<td class=\"fv\">M4094<\/td>\n<\/tr>\n<tr class=\"fvp \" data-art-id=\"M4094\">\n<td class=\"fn\">EAN<\/td>\n<td class=\"fv\">8720256648000<\/td>\n<\/tr>\n<\/tbody>\n<\/table>\n<\/div>\n","protected":false},"featured_media":53308,"comment_status":"open","ping_status":"closed","template":"","meta":{"_acf_changed":false,"ngg_post_thumbnail":0,"footnotes":""},"product_cat":[992],"product_tag":[],"class_list":{"0":"post-53328","1":"product","2":"type-product","3":"status-publish","4":"has-post-thumbnail","6":"product_cat-vassoi-di-cortesia","8":"first","9":"instock","10":"shipping-taxable","11":"purchasable","12":"product-type-simple"},"acf":[],"yoast_head":"<!-- This site is optimized with the Yoast SEO Premium plugin v26.7 (Yoast SEO v26.7) - https:\/\/yoast.com\/wordpress\/plugins\/seo\/ -->\n<title>Vassoio di benvenuto nero: Ruby - Ghibli Evo<\/title>\n<meta name=\"description\" content=\"Vassoio di benvenuto nero Ruby\" \/>\n<meta name=\"robots\" content=\"index, follow, max-snippet:-1, max-image-preview:large, max-video-preview:-1\" \/>\n<link rel=\"canonical\" href=\"https:\/\/www.ghiblievo.com\/it\/prodotto\/vassoio-di-benvenuto-nero-ruby\/\" \/>\n<meta property=\"og:locale\" content=\"it_IT\" \/>\n<meta property=\"og:type\" content=\"article\" \/>\n<meta property=\"og:title\" content=\"Vassoio di benvenuto nero: Ruby\" \/>\n<meta property=\"og:description\" content=\"Vassoio di benvenuto Nero per hotel: Ruby Il vassoio di benvenuto nero Ruby offre la soluzione perfetta con un design salvaspazio che misura 34 x 34 cm, questo vassoio offre funzionalit\u00e0 per camere d&#039;albergo o aree ospiti, il tutto mantenendo un&#039;elegante finitura melaminica lucida. Ruby non offre solo spazio, ma versatilit\u00e0. Il vassoio da portata separato e la griglia per gli ingredienti lo rendono facile da organizzare e servire con stile, mentre il suo design facile da pulire garantisce la comodit\u00e0 della brughiera per il personale. Orgogliosamente 100% olandese Design, Ruby offre praticit\u00e0 con un tocco pulito e moderno. Il nostro obiettivo \u00e8 darti MOOR. Il vassoio di benvenuto Ruby \u00e8 progettato per portare pi\u00f9 ordine, stile ed efficienza in qualsiasi ambiente di ospitalit\u00e0. CARATTERISTICHE      Ingombro ridotto, di soli 34 x 34  Vassoio da portata separato e griglia per ingredienti rimovibile  Realizzato in resistente melamina lucida  Spazio integrato per bollitore  Adatto a tutti i bollitori Bentley\/MOOR  Connettore per cavo antifurto integrato  Facile da pulire e ricaricare  Escluse tazze e piattini       Specifiche del vassoio di benvenuto nero per hotel           Dimensioni articolo (LxPxA) 33,9 x 34,3 x 3,5 cm   Peso netto dell&#039;articolo 1,31 kg    Informazioni logistiche           Dimensioni showbox (LxPxA) 35,1 x 35,1 x 4,8 cm   Peso della scatola da esposizione 1,55 kg   Dimensioni scatola esterna (LxPxA) 36,8 x 37,6 x 30,3 cm   Peso scatola esterna 9,67 kg   Peso lordo dell&#039;articolo 1,55 kg   Quantit\u00e0 totale per pallet 192    Informazioni aggiuntive           Marca MOOR   Colore Nero   Materiale Melamina lucida    Numeri prodotto           ID prodotto M4094   EAN 8720256648000\" \/>\n<meta property=\"og:url\" content=\"https:\/\/www.ghiblievo.com\/it\/prodotto\/vassoio-di-benvenuto-nero-ruby\/\" \/>\n<meta property=\"og:site_name\" content=\"Ghibli Evo\" \/>\n<meta property=\"article:publisher\" content=\"https:\/\/www.facebook.com\/ghiblievo\" \/>\n<meta property=\"article:modified_time\" content=\"2025-04-18T12:04:41+00:00\" \/>\n<meta property=\"og:image\" content=\"https:\/\/www.ghiblievo.com\/wp-content\/uploads\/2025\/04\/M4094_welcome_tray_RUBY_3.webp\" \/>\n\t<meta property=\"og:image:width\" content=\"1000\" \/>\n\t<meta property=\"og:image:height\" content=\"1000\" \/>\n\t<meta property=\"og:image:type\" content=\"image\/webp\" \/>\n<meta name=\"twitter:card\" content=\"summary_large_image\" \/>\n<meta name=\"twitter:label1\" content=\"Prezzo\" \/>\n\t<meta name=\"twitter:data1\" content=\"&euro;57.00\" \/>\n\t<meta name=\"twitter:label2\" content=\"Disponibilit\u00e0\" \/>\n\t<meta name=\"twitter:data2\" content=\"In stock\" \/>\n<script type=\"application\/ld+json\" class=\"yoast-schema-graph\">{\"@context\":\"https:\/\/schema.org\",\"@graph\":[{\"@type\":\"WebPage\",\"@id\":\"https:\/\/www.ghiblievo.com\/it\/prodotto\/vassoio-di-benvenuto-nero-ruby\/\",\"url\":\"https:\/\/www.ghiblievo.com\/it\/prodotto\/vassoio-di-benvenuto-nero-ruby\/\",\"name\":\"Vassoio di benvenuto nero: Ruby - Ghibli Evo\",\"isPartOf\":{\"@id\":\"https:\/\/www.ghiblievo.com\/it\/#website\"},\"primaryImageOfPage\":{\"@id\":\"https:\/\/www.ghiblievo.com\/it\/prodotto\/vassoio-di-benvenuto-nero-ruby\/#primaryimage\"},\"image\":{\"@id\":\"https:\/\/www.ghiblievo.com\/it\/prodotto\/vassoio-di-benvenuto-nero-ruby\/#primaryimage\"},\"thumbnailUrl\":\"https:\/\/www.ghiblievo.com\/wp-content\/uploads\/2025\/04\/M4094_welcome_tray_RUBY_3.webp\",\"datePublished\":\"2025-04-18T12:04:40+00:00\",\"dateModified\":\"2025-04-18T12:04:41+00:00\",\"description\":\"Vassoio di benvenuto nero Ruby\",\"breadcrumb\":{\"@id\":\"https:\/\/www.ghiblievo.com\/it\/prodotto\/vassoio-di-benvenuto-nero-ruby\/#breadcrumb\"},\"inLanguage\":\"it-IT\",\"potentialAction\":[{\"@type\":\"ReadAction\",\"target\":[\"https:\/\/www.ghiblievo.com\/it\/prodotto\/vassoio-di-benvenuto-nero-ruby\/\"]}]},{\"@type\":\"ImageObject\",\"inLanguage\":\"it-IT\",\"@id\":\"https:\/\/www.ghiblievo.com\/it\/prodotto\/vassoio-di-benvenuto-nero-ruby\/#primaryimage\",\"url\":\"https:\/\/www.ghiblievo.com\/wp-content\/uploads\/2025\/04\/M4094_welcome_tray_RUBY_3.webp\",\"contentUrl\":\"https:\/\/www.ghiblievo.com\/wp-content\/uploads\/2025\/04\/M4094_welcome_tray_RUBY_3.webp\",\"width\":1000,\"height\":1000,\"caption\":\"Vassoio di benvenuto nero per hotel: Ruby\"},{\"@type\":\"BreadcrumbList\",\"@id\":\"https:\/\/www.ghiblievo.com\/it\/prodotto\/vassoio-di-benvenuto-nero-ruby\/#breadcrumb\",\"itemListElement\":[{\"@type\":\"ListItem\",\"position\":1,\"name\":\"Home\",\"item\":\"https:\/\/www.ghiblievo.com\/it\/\"},{\"@type\":\"ListItem\",\"position\":2,\"name\":\"Shop\",\"item\":\"https:\/\/www.ghiblievo.com\/it\/shop-it\/\"},{\"@type\":\"ListItem\",\"position\":3,\"name\":\"Uncategorized\",\"item\":\"https:\/\/www.ghiblievo.com\/it\/categoria-prodotto\/uncategorized-it\/\"},{\"@type\":\"ListItem\",\"position\":4,\"name\":\"Vassoio di benvenuto nero: Ruby\"}]},{\"@type\":\"WebSite\",\"@id\":\"https:\/\/www.ghiblievo.com\/it\/#website\",\"url\":\"https:\/\/www.ghiblievo.com\/it\/\",\"name\":\"Ghibli Evo\",\"description\":\"Hair Dryers for Hotel - Wall Mounted Hair Dryer\",\"publisher\":{\"@id\":\"https:\/\/www.ghiblievo.com\/it\/#organization\"},\"potentialAction\":[{\"@type\":\"SearchAction\",\"target\":{\"@type\":\"EntryPoint\",\"urlTemplate\":\"https:\/\/www.ghiblievo.com\/it\/?s={search_term_string}\"},\"query-input\":{\"@type\":\"PropertyValueSpecification\",\"valueRequired\":true,\"valueName\":\"search_term_string\"}}],\"inLanguage\":\"it-IT\"},{\"@type\":\"Organization\",\"@id\":\"https:\/\/www.ghiblievo.com\/it\/#organization\",\"name\":\"Ghibli Evo\",\"url\":\"https:\/\/www.ghiblievo.com\/it\/\",\"logo\":{\"@type\":\"ImageObject\",\"inLanguage\":\"it-IT\",\"@id\":\"https:\/\/www.ghiblievo.com\/it\/#\/schema\/logo\/image\/\",\"url\":\"https:\/\/www.ghiblievo.com\/wp-content\/uploads\/2019\/09\/Emblema_HUB-footer.png\",\"contentUrl\":\"https:\/\/www.ghiblievo.com\/wp-content\/uploads\/2019\/09\/Emblema_HUB-footer.png\",\"width\":300,\"height\":291,\"caption\":\"Ghibli Evo\"},\"image\":{\"@id\":\"https:\/\/www.ghiblievo.com\/it\/#\/schema\/logo\/image\/\"},\"sameAs\":[\"https:\/\/www.facebook.com\/ghiblievo\",\"https:\/\/www.instagram.com\/ghiblievo\/\"],\"description\":\"Ghiblievo is specialized in hotel supplies, bathroom accessories for hotel and hair dryer\",\"email\":\"info@ghiblievo.com\",\"telephone\":\"+39 338 4733486\",\"foundingDate\":\"2009-01-01\",\"vatID\":\"IT 03607430166\"}]}<\/script>\n<meta property=\"product:price:amount\" content=\"57.00\" \/>\n<meta property=\"product:price:currency\" content=\"EUR\" \/>\n<meta property=\"og:availability\" content=\"instock\" \/>\n<meta property=\"product:availability\" content=\"instock\" \/>\n<meta property=\"product:condition\" content=\"new\" \/>\n<!-- \/ Yoast SEO Premium plugin. -->","yoast_head_json":{"title":"Vassoio di benvenuto nero: Ruby - Ghibli Evo","description":"Vassoio di benvenuto nero Ruby","robots":{"index":"index","follow":"follow","max-snippet":"max-snippet:-1","max-image-preview":"max-image-preview:large","max-video-preview":"max-video-preview:-1"},"canonical":"https:\/\/www.ghiblievo.com\/it\/prodotto\/vassoio-di-benvenuto-nero-ruby\/","og_locale":"it_IT","og_type":"article","og_title":"Vassoio di benvenuto nero: Ruby","og_description":"Vassoio di benvenuto Nero per hotel: Ruby Il vassoio di benvenuto nero Ruby offre la soluzione perfetta con un design salvaspazio che misura 34 x 34 cm, questo vassoio offre funzionalit\u00e0 per camere d'albergo o aree ospiti, il tutto mantenendo un'elegante finitura melaminica lucida. Ruby non offre solo spazio, ma versatilit\u00e0. Il vassoio da portata separato e la griglia per gli ingredienti lo rendono facile da organizzare e servire con stile, mentre il suo design facile da pulire garantisce la comodit\u00e0 della brughiera per il personale. Orgogliosamente 100% olandese Design, Ruby offre praticit\u00e0 con un tocco pulito e moderno. Il nostro obiettivo \u00e8 darti MOOR. Il vassoio di benvenuto Ruby \u00e8 progettato per portare pi\u00f9 ordine, stile ed efficienza in qualsiasi ambiente di ospitalit\u00e0. CARATTERISTICHE      Ingombro ridotto, di soli 34 x 34  Vassoio da portata separato e griglia per ingredienti rimovibile  Realizzato in resistente melamina lucida  Spazio integrato per bollitore  Adatto a tutti i bollitori Bentley\/MOOR  Connettore per cavo antifurto integrato  Facile da pulire e ricaricare  Escluse tazze e piattini       Specifiche del vassoio di benvenuto nero per hotel           Dimensioni articolo (LxPxA) 33,9 x 34,3 x 3,5 cm   Peso netto dell'articolo 1,31 kg    Informazioni logistiche           Dimensioni showbox (LxPxA) 35,1 x 35,1 x 4,8 cm   Peso della scatola da esposizione 1,55 kg   Dimensioni scatola esterna (LxPxA) 36,8 x 37,6 x 30,3 cm   Peso scatola esterna 9,67 kg   Peso lordo dell'articolo 1,55 kg   Quantit\u00e0 totale per pallet 192    Informazioni aggiuntive           Marca MOOR   Colore Nero   Materiale Melamina lucida    Numeri prodotto           ID prodotto M4094   EAN 8720256648000","og_url":"https:\/\/www.ghiblievo.com\/it\/prodotto\/vassoio-di-benvenuto-nero-ruby\/","og_site_name":"Ghibli Evo","article_publisher":"https:\/\/www.facebook.com\/ghiblievo","article_modified_time":"2025-04-18T12:04:41+00:00","og_image":[{"width":1000,"height":1000,"url":"https:\/\/www.ghiblievo.com\/wp-content\/uploads\/2025\/04\/M4094_welcome_tray_RUBY_3.webp","type":"image\/webp"}],"twitter_card":"summary_large_image","twitter_misc":{"Prezzo":"&euro;57.00","Disponibilit\u00e0":"In stock"},"schema":{"@context":"https:\/\/schema.org","@graph":[{"@type":"WebPage","@id":"https:\/\/www.ghiblievo.com\/it\/prodotto\/vassoio-di-benvenuto-nero-ruby\/","url":"https:\/\/www.ghiblievo.com\/it\/prodotto\/vassoio-di-benvenuto-nero-ruby\/","name":"Vassoio di benvenuto nero: Ruby - Ghibli Evo","isPartOf":{"@id":"https:\/\/www.ghiblievo.com\/it\/#website"},"primaryImageOfPage":{"@id":"https:\/\/www.ghiblievo.com\/it\/prodotto\/vassoio-di-benvenuto-nero-ruby\/#primaryimage"},"image":{"@id":"https:\/\/www.ghiblievo.com\/it\/prodotto\/vassoio-di-benvenuto-nero-ruby\/#primaryimage"},"thumbnailUrl":"https:\/\/www.ghiblievo.com\/wp-content\/uploads\/2025\/04\/M4094_welcome_tray_RUBY_3.webp","datePublished":"2025-04-18T12:04:40+00:00","dateModified":"2025-04-18T12:04:41+00:00","description":"Vassoio di benvenuto nero Ruby","breadcrumb":{"@id":"https:\/\/www.ghiblievo.com\/it\/prodotto\/vassoio-di-benvenuto-nero-ruby\/#breadcrumb"},"inLanguage":"it-IT","potentialAction":[{"@type":"ReadAction","target":["https:\/\/www.ghiblievo.com\/it\/prodotto\/vassoio-di-benvenuto-nero-ruby\/"]}]},{"@type":"ImageObject","inLanguage":"it-IT","@id":"https:\/\/www.ghiblievo.com\/it\/prodotto\/vassoio-di-benvenuto-nero-ruby\/#primaryimage","url":"https:\/\/www.ghiblievo.com\/wp-content\/uploads\/2025\/04\/M4094_welcome_tray_RUBY_3.webp","contentUrl":"https:\/\/www.ghiblievo.com\/wp-content\/uploads\/2025\/04\/M4094_welcome_tray_RUBY_3.webp","width":1000,"height":1000,"caption":"Vassoio di benvenuto nero per hotel: Ruby"},{"@type":"BreadcrumbList","@id":"https:\/\/www.ghiblievo.com\/it\/prodotto\/vassoio-di-benvenuto-nero-ruby\/#breadcrumb","itemListElement":[{"@type":"ListItem","position":1,"name":"Home","item":"https:\/\/www.ghiblievo.com\/it\/"},{"@type":"ListItem","position":2,"name":"Shop","item":"https:\/\/www.ghiblievo.com\/it\/shop-it\/"},{"@type":"ListItem","position":3,"name":"Uncategorized","item":"https:\/\/www.ghiblievo.com\/it\/categoria-prodotto\/uncategorized-it\/"},{"@type":"ListItem","position":4,"name":"Vassoio di benvenuto nero: Ruby"}]},{"@type":"WebSite","@id":"https:\/\/www.ghiblievo.com\/it\/#website","url":"https:\/\/www.ghiblievo.com\/it\/","name":"Ghibli Evo","description":"Hair Dryers for Hotel - Wall Mounted Hair Dryer","publisher":{"@id":"https:\/\/www.ghiblievo.com\/it\/#organization"},"potentialAction":[{"@type":"SearchAction","target":{"@type":"EntryPoint","urlTemplate":"https:\/\/www.ghiblievo.com\/it\/?s={search_term_string}"},"query-input":{"@type":"PropertyValueSpecification","valueRequired":true,"valueName":"search_term_string"}}],"inLanguage":"it-IT"},{"@type":"Organization","@id":"https:\/\/www.ghiblievo.com\/it\/#organization","name":"Ghibli Evo","url":"https:\/\/www.ghiblievo.com\/it\/","logo":{"@type":"ImageObject","inLanguage":"it-IT","@id":"https:\/\/www.ghiblievo.com\/it\/#\/schema\/logo\/image\/","url":"https:\/\/www.ghiblievo.com\/wp-content\/uploads\/2019\/09\/Emblema_HUB-footer.png","contentUrl":"https:\/\/www.ghiblievo.com\/wp-content\/uploads\/2019\/09\/Emblema_HUB-footer.png","width":300,"height":291,"caption":"Ghibli Evo"},"image":{"@id":"https:\/\/www.ghiblievo.com\/it\/#\/schema\/logo\/image\/"},"sameAs":["https:\/\/www.facebook.com\/ghiblievo","https:\/\/www.instagram.com\/ghiblievo\/"],"description":"Ghiblievo is specialized in hotel supplies, bathroom accessories for hotel and hair dryer","email":"info@ghiblievo.com","telephone":"+39 338 4733486","foundingDate":"2009-01-01","vatID":"IT 03607430166"}]},"product_price_amount":"57.00","product_price_currency":"EUR","og_availability":"instock","product_availability":"instock","product_condition":"new"},"_links":{"self":[{"href":"https:\/\/www.ghiblievo.com\/it\/wp-json\/wp\/v2\/product\/53328","targetHints":{"allow":["GET"]}}],"collection":[{"href":"https:\/\/www.ghiblievo.com\/it\/wp-json\/wp\/v2\/product"}],"about":[{"href":"https:\/\/www.ghiblievo.com\/it\/wp-json\/wp\/v2\/types\/product"}],"replies":[{"embeddable":true,"href":"https:\/\/www.ghiblievo.com\/it\/wp-json\/wp\/v2\/comments?post=53328"}],"version-history":[{"count":0,"href":"https:\/\/www.ghiblievo.com\/it\/wp-json\/wp\/v2\/product\/53328\/revisions"}],"wp:featuredmedia":[{"embeddable":true,"href":"https:\/\/www.ghiblievo.com\/it\/wp-json\/wp\/v2\/media\/53308"}],"wp:attachment":[{"href":"https:\/\/www.ghiblievo.com\/it\/wp-json\/wp\/v2\/media?parent=53328"}],"wp:term":[{"taxonomy":"product_cat","embeddable":true,"href":"https:\/\/www.ghiblievo.com\/it\/wp-json\/wp\/v2\/product_cat?post=53328"},{"taxonomy":"product_tag","embeddable":true,"href":"https:\/\/www.ghiblievo.com\/it\/wp-json\/wp\/v2\/product_tag?post=53328"}],"curies":[{"name":"wp","href":"https:\/\/api.w.org\/{rel}","templated":true}]}}