{"id":53284,"date":"2025-04-18T12:40:38","date_gmt":"2025-04-18T11:50:49","guid":{"rendered":"https:\/\/www.ghiblievo.com\/?post_type=product&#038;p=53284"},"modified":"2025-06-23T09:32:43","modified_gmt":"2025-06-23T08:32:43","slug":"bollitore-in-acciaio-inox-per-hotel-julia","status":"publish","type":"product","link":"https:\/\/www.ghiblievo.com\/it\/prodotto\/bollitore-in-acciaio-inox-per-hotel-julia\/","title":{"rendered":"Bollitore in acciaio inox per hotel: Julia"},"content":{"rendered":"","protected":false},"excerpt":{"rendered":"<h2 class=\"ai-optimize-31\">Bollitore in acciaio inox per hotel capacit\u00e0 1 litro<\/h2>\n<p class=\"ai-optimize-32\">Il bollitore in acciaio inox per hotel Julia offre una capacit\u00e0 di 1 litro e una potenza di 1850-2200 W, questo bollitore in acciaio inossidabile \u00e8 progettato per soddisfare le esigenze dell&#8217;uso alberghiero, offrendoti prestazioni di alto livello ad ogni versamento. Realizzato in resistente acciaio inossidabile, il bollitore Julia non \u00e8 solo bello da guardare. La base senza fili a 360\u00ba, l&#8217;elemento riscaldante nascosto e la spia luminosa blu offrono funzionalit\u00e0 e facilit\u00e0 d&#8217;uso. Sia che i tuoi ospiti abbiano bisogno di un&#8217;infusione veloce o si stiano rilassando con il loro t\u00e8 preferito, lo spegnimento automatico del vapore e la protezione dall&#8217;ebollizione garantiscono sicurezza e tranquillit\u00e0. Noi di MOOR sappiamo che vuoi un brughiere pi\u00f9 di un semplice bollitore. Ecco perch\u00e9 Julia \u00e8 dotato di un indicatore del livello dell&#8217;acqua e di un filtro integrato nel beccuccio, che offre la qualit\u00e0 MOOR in ogni tazza.<\/p>\n<h2 class=\"sottotitolo tabella-titolo ai-optimize-33\">CARATTERISTICHE<\/h2>\n<hr>\n<ul class=\"artdetails-features\">\n<li class=\"ai-optimize-34\" style=\"list-style-type: none;\">\n<ul class=\"artdetails-features\">\n<li class=\"ai-optimize-35\">Capacit\u00e0 1 litro<\/li>\n<li class=\"ai-optimize-27\">Tensione 220\/240 V<\/li>\n<li class=\"ai-optimize-35\">Potenza 1850-2200 W<\/li>\n<li class=\"ai-optimize-36\">Elemento riscaldante a scomparsa in acciaio inox<\/li>\n<li class=\"ai-optimize-37\">Spegnimento automatico del vapore, protezione dall&#8217;ebollizione a secco<\/li>\n<li class=\"ai-optimize-38\">Spia blu nel pulsante di accensione\/spegnimento<\/li>\n<li class=\"ai-optimize-39\">Compreso filtro dell&#8217;acqua nel beccuccio<\/li>\n<li class=\"ai-optimize-40\">360\u00b0 ruotabile<\/li>\n<li class=\"ai-optimize-41\">Bollitore in acciaio inox per uso alberghiero<\/li>\n<li class=\"ai-optimize-42\">Compreso indicatore del livello dell&#8217;acqua<\/li>\n<li class=\"ai-optimize-43\">Tecnologia Strix<\/li>\n<\/ul>\n<\/li>\n<\/ul>\n<div class=\"artdetails\" data-unique-id=\"ID25GLL1LQQDSHRA0OAH43HKMZFDGSXQTQASTJRGQDG4MG0G3432P\">\n<table id=\"artdetails-allprops\" class=\"fvs artdetails-allprops\">\n<tbody class=\"\" data-art-id=\"M4266\">\n<tr>\n<td colspan=\"2\">\n<h2 class=\"sottotitolo tabella-titolo ai-optimize-44\">Specifiche del bollitore in acciaio inox per hotel: Julia<\/h2>\n<\/td>\n<\/tr>\n<tr>\n<td colspan=\"2\">\n<hr>\n<\/td>\n<\/tr>\n<tr>\n<td>Dimensioni articolo (LxPxA)<\/td>\n<td>14,3 x 18,6 x 18,3 cm<\/td>\n<\/tr>\n<tr>\n<td>Peso netto dell&#8217;articolo<\/td>\n<td>0,62 kg<\/td>\n<\/tr>\n<tr>\n<td>Dimensione della base<\/td>\n<td>14 cm<\/td>\n<\/tr>\n<tr>\n<td>Capacit\u00e0 massima<\/td>\n<td>1 litro<\/td>\n<\/tr>\n<tr>\n<td colspan=\"2\">\n<h2 class=\"sottotitolo tabella-titolo ai-optimize-45\">Informazioni logistiche<\/h2>\n<\/td>\n<\/tr>\n<tr>\n<td colspan=\"2\">\n<hr>\n<\/td>\n<\/tr>\n<tr>\n<td>Dimensioni showbox (LxPxA)<\/td>\n<td>16 x 19 x 19,3 cm<\/td>\n<\/tr>\n<tr>\n<td>Peso della scatola da esposizione<\/td>\n<td>0,93 kg<\/td>\n<\/tr>\n<tr>\n<td>Dimensioni scatola esterna (LxPxA)<\/td>\n<td>39,3 x 49 x 22,5 cm<\/td>\n<\/tr>\n<tr>\n<td>Peso scatola esterna<\/td>\n<td>6,1 kg<\/td>\n<\/tr>\n<tr>\n<td>Peso lordo dell&#8217;articolo<\/td>\n<td>0,92 kg<\/td>\n<\/tr>\n<tr>\n<td>Quantit\u00e0 totale per pallet<\/td>\n<td>168<\/td>\n<\/tr>\n<tr>\n<td colspan=\"2\">\n<h2 class=\"sottotitolo tabella-titolo ai-optimize-46\">Informazioni aggiuntive<\/h2>\n<\/td>\n<\/tr>\n<tr>\n<td colspan=\"2\">\n<hr>\n<\/td>\n<\/tr>\n<tr>\n<td>Marca<\/td>\n<td>MOOR<\/td>\n<\/tr>\n<tr>\n<td>Colore<\/td>\n<td>Acciaio inossidabile<\/td>\n<\/tr>\n<tr>\n<td>Materiale<\/td>\n<td>Polipropilene<\/td>\n<\/tr>\n<tr>\n<td>Lunghezza del cavo<\/td>\n<td>70 cm<\/td>\n<\/tr>\n<tr>\n<td>Potenza<\/td>\n<td>1850-2200 W (220-240 V ~50-60 Hz)<\/td>\n<\/tr>\n<tr>\n<td>Certificazioni<\/td>\n<td>CE<\/td>\n<\/tr>\n<tr>\n<td colspan=\"2\">\n<h2 class=\"sottotitolo tabella-titolo ai-optimize-47\">Codice prodotto<\/h2>\n<\/td>\n<\/tr>\n<tr>\n<td colspan=\"2\">\n<hr>\n<\/td>\n<\/tr>\n<tr class=\"fvp\" data-art-id=\"M4266\">\n<td class=\"fn\">ID prodotto<\/td>\n<td class=\"fv\">M4266<\/td>\n<\/tr>\n<tr class=\"fvp\" data-art-id=\"M4266\">\n<td class=\"fn\">EAN<\/td>\n<td class=\"fv\">8720618275905<\/td>\n<\/tr>\n<\/tbody>\n<\/table>\n<\/div>\n","protected":false},"featured_media":53280,"comment_status":"open","ping_status":"closed","template":"","meta":{"_acf_changed":false,"ngg_post_thumbnail":0,"footnotes":""},"product_cat":[930],"product_tag":[],"class_list":{"0":"post-53284","1":"product","2":"type-product","3":"status-publish","4":"has-post-thumbnail","6":"product_cat-bollitori","8":"first","9":"instock","10":"shipping-taxable","11":"purchasable","12":"product-type-simple"},"acf":[],"yoast_head":"<!-- This site is optimized with the Yoast SEO Premium plugin v26.7 (Yoast SEO v26.7) - https:\/\/yoast.com\/wordpress\/plugins\/seo\/ -->\n<title>Bollitore in acciaio inox per hotel: Julia - Ghibli Evo<\/title>\n<meta name=\"description\" content=\"Bollitore in acciaio inox per hotelIl bollitore in acciaio inox per hotel Julia offre una capacit\u00e0 di 1 litro e una potenza di 1850-2200 W\" \/>\n<meta name=\"robots\" content=\"index, follow, max-snippet:-1, max-image-preview:large, max-video-preview:-1\" \/>\n<link rel=\"canonical\" href=\"https:\/\/www.ghiblievo.com\/it\/prodotto\/bollitore-in-acciaio-inox-per-hotel-julia\/\" \/>\n<meta property=\"og:locale\" content=\"it_IT\" \/>\n<meta property=\"og:type\" content=\"article\" \/>\n<meta property=\"og:title\" content=\"Bollitore in acciaio inox per hotel: Julia\" \/>\n<meta property=\"og:description\" content=\"Bollitore in acciaio inox per hotel capacit\u00e0 1 litro Il bollitore in acciaio inox per hotel Julia offre una capacit\u00e0 di 1 litro e una potenza di 1850-2200 W, questo bollitore in acciaio inossidabile \u00e8 progettato per soddisfare le esigenze dell&#039;uso alberghiero, offrendoti prestazioni di alto livello ad ogni versamento. Realizzato in resistente acciaio inossidabile, il bollitore Julia non \u00e8 solo bello da guardare. La base senza fili a 360\u00ba, l&#039;elemento riscaldante nascosto e la spia luminosa blu offrono funzionalit\u00e0 e facilit\u00e0 d&#039;uso. Sia che i tuoi ospiti abbiano bisogno di un&#039;infusione veloce o si stiano rilassando con il loro t\u00e8 preferito, lo spegnimento automatico del vapore e la protezione dall&#039;ebollizione garantiscono sicurezza e tranquillit\u00e0. Noi di MOOR sappiamo che vuoi un brughiere pi\u00f9 di un semplice bollitore. Ecco perch\u00e9 Julia \u00e8 dotato di un indicatore del livello dell&#039;acqua e di un filtro integrato nel beccuccio, che offre la qualit\u00e0 MOOR in ogni tazza.  CARATTERISTICHE         Capacit\u00e0 1 litro  Tensione 220\/240 V  Potenza 1850-2200 W  Elemento riscaldante a scomparsa in acciaio inox  Spegnimento automatico del vapore, protezione dall&#039;ebollizione a secco  Spia blu nel pulsante di accensione\/spegnimento  Compreso filtro dell&#039;acqua nel beccuccio  360\u00b0 ruotabile  Bollitore in acciaio inox per uso alberghiero  Compreso indicatore del livello dell&#039;acqua  Tecnologia Strix         Specifiche del bollitore in acciaio inox per hotel: Julia           Dimensioni articolo (LxPxA) 14,3 x 18,6 x 18,3 cm   Peso netto dell&#039;articolo 0,62 kg   Dimensione della base 14 cm   Capacit\u00e0 massima 1 litro    Informazioni logistiche           Dimensioni showbox (LxPxA) 16 x 19 x 19,3 cm   Peso della scatola da esposizione 0,93 kg   Dimensioni scatola esterna (LxPxA) 39,3 x 49 x 22,5 cm   Peso scatola esterna 6,1 kg   Peso lordo dell&#039;articolo 0,92 kg   Quantit\u00e0 totale per pallet 168    Informazioni aggiuntive           Marca MOOR   Colore Acciaio inossidabile   Materiale Polipropilene   Lunghezza del cavo 70 cm   Potenza 1850-2200 W (220-240 V ~50-60 Hz)   Certificazioni CE    Codice prodotto           ID prodotto M4266   EAN 8720618275905\" \/>\n<meta property=\"og:url\" content=\"https:\/\/www.ghiblievo.com\/it\/prodotto\/bollitore-in-acciaio-inox-per-hotel-julia\/\" \/>\n<meta property=\"og:site_name\" content=\"Ghibli Evo\" \/>\n<meta property=\"article:publisher\" content=\"https:\/\/www.facebook.com\/ghiblievo\" \/>\n<meta property=\"article:modified_time\" content=\"2025-06-23T08:32:43+00:00\" \/>\n<meta property=\"og:image\" content=\"https:\/\/www.ghiblievo.com\/wp-content\/uploads\/2025\/04\/M4265-M4266_water_kettle_Julia_1.webp\" \/>\n\t<meta property=\"og:image:width\" content=\"1000\" \/>\n\t<meta property=\"og:image:height\" content=\"1000\" \/>\n\t<meta property=\"og:image:type\" content=\"image\/webp\" \/>\n<meta name=\"twitter:card\" content=\"summary_large_image\" \/>\n<meta name=\"twitter:label1\" content=\"Prezzo\" \/>\n\t<meta name=\"twitter:data1\" content=\"&euro;65.80\" \/>\n\t<meta name=\"twitter:label2\" content=\"Disponibilit\u00e0\" \/>\n\t<meta name=\"twitter:data2\" content=\"In stock\" \/>\n<script type=\"application\/ld+json\" class=\"yoast-schema-graph\">{\"@context\":\"https:\/\/schema.org\",\"@graph\":[{\"@type\":\"WebPage\",\"@id\":\"https:\/\/www.ghiblievo.com\/it\/prodotto\/bollitore-in-acciaio-inox-per-hotel-julia\/\",\"url\":\"https:\/\/www.ghiblievo.com\/it\/prodotto\/bollitore-in-acciaio-inox-per-hotel-julia\/\",\"name\":\"Bollitore in acciaio inox per hotel: Julia - Ghibli Evo\",\"isPartOf\":{\"@id\":\"https:\/\/www.ghiblievo.com\/it\/#website\"},\"primaryImageOfPage\":{\"@id\":\"https:\/\/www.ghiblievo.com\/it\/prodotto\/bollitore-in-acciaio-inox-per-hotel-julia\/#primaryimage\"},\"image\":{\"@id\":\"https:\/\/www.ghiblievo.com\/it\/prodotto\/bollitore-in-acciaio-inox-per-hotel-julia\/#primaryimage\"},\"thumbnailUrl\":\"https:\/\/www.ghiblievo.com\/wp-content\/uploads\/2025\/04\/M4265-M4266_water_kettle_Julia_1.webp\",\"datePublished\":\"2025-04-18T11:50:49+00:00\",\"dateModified\":\"2025-06-23T08:32:43+00:00\",\"description\":\"Bollitore in acciaio inox per hotelIl bollitore in acciaio inox per hotel Julia offre una capacit\u00e0 di 1 litro e una potenza di 1850-2200 W\",\"breadcrumb\":{\"@id\":\"https:\/\/www.ghiblievo.com\/it\/prodotto\/bollitore-in-acciaio-inox-per-hotel-julia\/#breadcrumb\"},\"inLanguage\":\"it-IT\",\"potentialAction\":[{\"@type\":\"ReadAction\",\"target\":[\"https:\/\/www.ghiblievo.com\/it\/prodotto\/bollitore-in-acciaio-inox-per-hotel-julia\/\"]}]},{\"@type\":\"ImageObject\",\"inLanguage\":\"it-IT\",\"@id\":\"https:\/\/www.ghiblievo.com\/it\/prodotto\/bollitore-in-acciaio-inox-per-hotel-julia\/#primaryimage\",\"url\":\"https:\/\/www.ghiblievo.com\/wp-content\/uploads\/2025\/04\/M4265-M4266_water_kettle_Julia_1.webp\",\"contentUrl\":\"https:\/\/www.ghiblievo.com\/wp-content\/uploads\/2025\/04\/M4265-M4266_water_kettle_Julia_1.webp\",\"width\":1000,\"height\":1000,\"caption\":\"Bollitore in acciaio inox per hotel Julia\"},{\"@type\":\"BreadcrumbList\",\"@id\":\"https:\/\/www.ghiblievo.com\/it\/prodotto\/bollitore-in-acciaio-inox-per-hotel-julia\/#breadcrumb\",\"itemListElement\":[{\"@type\":\"ListItem\",\"position\":1,\"name\":\"Home\",\"item\":\"https:\/\/www.ghiblievo.com\/it\/\"},{\"@type\":\"ListItem\",\"position\":2,\"name\":\"Shop\",\"item\":\"https:\/\/www.ghiblievo.com\/it\/shop-it\/\"},{\"@type\":\"ListItem\",\"position\":3,\"name\":\"Bollitori\",\"item\":\"https:\/\/www.ghiblievo.com\/it\/categoria-prodotto\/bollitori\/\"},{\"@type\":\"ListItem\",\"position\":4,\"name\":\"Bollitore in acciaio inox per hotel: Julia\"}]},{\"@type\":\"WebSite\",\"@id\":\"https:\/\/www.ghiblievo.com\/it\/#website\",\"url\":\"https:\/\/www.ghiblievo.com\/it\/\",\"name\":\"Ghibli Evo\",\"description\":\"Hair Dryers for Hotel - Wall Mounted Hair Dryer\",\"publisher\":{\"@id\":\"https:\/\/www.ghiblievo.com\/it\/#organization\"},\"potentialAction\":[{\"@type\":\"SearchAction\",\"target\":{\"@type\":\"EntryPoint\",\"urlTemplate\":\"https:\/\/www.ghiblievo.com\/it\/?s={search_term_string}\"},\"query-input\":{\"@type\":\"PropertyValueSpecification\",\"valueRequired\":true,\"valueName\":\"search_term_string\"}}],\"inLanguage\":\"it-IT\"},{\"@type\":\"Organization\",\"@id\":\"https:\/\/www.ghiblievo.com\/it\/#organization\",\"name\":\"Ghibli Evo\",\"url\":\"https:\/\/www.ghiblievo.com\/it\/\",\"logo\":{\"@type\":\"ImageObject\",\"inLanguage\":\"it-IT\",\"@id\":\"https:\/\/www.ghiblievo.com\/it\/#\/schema\/logo\/image\/\",\"url\":\"https:\/\/www.ghiblievo.com\/wp-content\/uploads\/2019\/09\/Emblema_HUB-footer.png\",\"contentUrl\":\"https:\/\/www.ghiblievo.com\/wp-content\/uploads\/2019\/09\/Emblema_HUB-footer.png\",\"width\":300,\"height\":291,\"caption\":\"Ghibli Evo\"},\"image\":{\"@id\":\"https:\/\/www.ghiblievo.com\/it\/#\/schema\/logo\/image\/\"},\"sameAs\":[\"https:\/\/www.facebook.com\/ghiblievo\",\"https:\/\/www.instagram.com\/ghiblievo\/\"],\"description\":\"Ghiblievo is specialized in hotel supplies, bathroom accessories for hotel and hair dryer\",\"email\":\"info@ghiblievo.com\",\"telephone\":\"+39 338 4733486\",\"foundingDate\":\"2009-01-01\",\"vatID\":\"IT 03607430166\"}]}<\/script>\n<meta property=\"product:price:amount\" content=\"65.80\" \/>\n<meta property=\"product:price:currency\" content=\"EUR\" \/>\n<meta property=\"og:availability\" content=\"instock\" \/>\n<meta property=\"product:availability\" content=\"instock\" \/>\n<meta property=\"product:condition\" content=\"new\" \/>\n<!-- \/ Yoast SEO Premium plugin. -->","yoast_head_json":{"title":"Bollitore in acciaio inox per hotel: Julia - Ghibli Evo","description":"Bollitore in acciaio inox per hotelIl bollitore in acciaio inox per hotel Julia offre una capacit\u00e0 di 1 litro e una potenza di 1850-2200 W","robots":{"index":"index","follow":"follow","max-snippet":"max-snippet:-1","max-image-preview":"max-image-preview:large","max-video-preview":"max-video-preview:-1"},"canonical":"https:\/\/www.ghiblievo.com\/it\/prodotto\/bollitore-in-acciaio-inox-per-hotel-julia\/","og_locale":"it_IT","og_type":"article","og_title":"Bollitore in acciaio inox per hotel: Julia","og_description":"Bollitore in acciaio inox per hotel capacit\u00e0 1 litro Il bollitore in acciaio inox per hotel Julia offre una capacit\u00e0 di 1 litro e una potenza di 1850-2200 W, questo bollitore in acciaio inossidabile \u00e8 progettato per soddisfare le esigenze dell'uso alberghiero, offrendoti prestazioni di alto livello ad ogni versamento. Realizzato in resistente acciaio inossidabile, il bollitore Julia non \u00e8 solo bello da guardare. La base senza fili a 360\u00ba, l'elemento riscaldante nascosto e la spia luminosa blu offrono funzionalit\u00e0 e facilit\u00e0 d'uso. Sia che i tuoi ospiti abbiano bisogno di un'infusione veloce o si stiano rilassando con il loro t\u00e8 preferito, lo spegnimento automatico del vapore e la protezione dall'ebollizione garantiscono sicurezza e tranquillit\u00e0. Noi di MOOR sappiamo che vuoi un brughiere pi\u00f9 di un semplice bollitore. Ecco perch\u00e9 Julia \u00e8 dotato di un indicatore del livello dell'acqua e di un filtro integrato nel beccuccio, che offre la qualit\u00e0 MOOR in ogni tazza.  CARATTERISTICHE         Capacit\u00e0 1 litro  Tensione 220\/240 V  Potenza 1850-2200 W  Elemento riscaldante a scomparsa in acciaio inox  Spegnimento automatico del vapore, protezione dall'ebollizione a secco  Spia blu nel pulsante di accensione\/spegnimento  Compreso filtro dell'acqua nel beccuccio  360\u00b0 ruotabile  Bollitore in acciaio inox per uso alberghiero  Compreso indicatore del livello dell'acqua  Tecnologia Strix         Specifiche del bollitore in acciaio inox per hotel: Julia           Dimensioni articolo (LxPxA) 14,3 x 18,6 x 18,3 cm   Peso netto dell'articolo 0,62 kg   Dimensione della base 14 cm   Capacit\u00e0 massima 1 litro    Informazioni logistiche           Dimensioni showbox (LxPxA) 16 x 19 x 19,3 cm   Peso della scatola da esposizione 0,93 kg   Dimensioni scatola esterna (LxPxA) 39,3 x 49 x 22,5 cm   Peso scatola esterna 6,1 kg   Peso lordo dell'articolo 0,92 kg   Quantit\u00e0 totale per pallet 168    Informazioni aggiuntive           Marca MOOR   Colore Acciaio inossidabile   Materiale Polipropilene   Lunghezza del cavo 70 cm   Potenza 1850-2200 W (220-240 V ~50-60 Hz)   Certificazioni CE    Codice prodotto           ID prodotto M4266   EAN 8720618275905","og_url":"https:\/\/www.ghiblievo.com\/it\/prodotto\/bollitore-in-acciaio-inox-per-hotel-julia\/","og_site_name":"Ghibli Evo","article_publisher":"https:\/\/www.facebook.com\/ghiblievo","article_modified_time":"2025-06-23T08:32:43+00:00","og_image":[{"width":1000,"height":1000,"url":"https:\/\/www.ghiblievo.com\/wp-content\/uploads\/2025\/04\/M4265-M4266_water_kettle_Julia_1.webp","type":"image\/webp"}],"twitter_card":"summary_large_image","twitter_misc":{"Prezzo":"&euro;65.80","Disponibilit\u00e0":"In stock"},"schema":{"@context":"https:\/\/schema.org","@graph":[{"@type":"WebPage","@id":"https:\/\/www.ghiblievo.com\/it\/prodotto\/bollitore-in-acciaio-inox-per-hotel-julia\/","url":"https:\/\/www.ghiblievo.com\/it\/prodotto\/bollitore-in-acciaio-inox-per-hotel-julia\/","name":"Bollitore in acciaio inox per hotel: Julia - Ghibli Evo","isPartOf":{"@id":"https:\/\/www.ghiblievo.com\/it\/#website"},"primaryImageOfPage":{"@id":"https:\/\/www.ghiblievo.com\/it\/prodotto\/bollitore-in-acciaio-inox-per-hotel-julia\/#primaryimage"},"image":{"@id":"https:\/\/www.ghiblievo.com\/it\/prodotto\/bollitore-in-acciaio-inox-per-hotel-julia\/#primaryimage"},"thumbnailUrl":"https:\/\/www.ghiblievo.com\/wp-content\/uploads\/2025\/04\/M4265-M4266_water_kettle_Julia_1.webp","datePublished":"2025-04-18T11:50:49+00:00","dateModified":"2025-06-23T08:32:43+00:00","description":"Bollitore in acciaio inox per hotelIl bollitore in acciaio inox per hotel Julia offre una capacit\u00e0 di 1 litro e una potenza di 1850-2200 W","breadcrumb":{"@id":"https:\/\/www.ghiblievo.com\/it\/prodotto\/bollitore-in-acciaio-inox-per-hotel-julia\/#breadcrumb"},"inLanguage":"it-IT","potentialAction":[{"@type":"ReadAction","target":["https:\/\/www.ghiblievo.com\/it\/prodotto\/bollitore-in-acciaio-inox-per-hotel-julia\/"]}]},{"@type":"ImageObject","inLanguage":"it-IT","@id":"https:\/\/www.ghiblievo.com\/it\/prodotto\/bollitore-in-acciaio-inox-per-hotel-julia\/#primaryimage","url":"https:\/\/www.ghiblievo.com\/wp-content\/uploads\/2025\/04\/M4265-M4266_water_kettle_Julia_1.webp","contentUrl":"https:\/\/www.ghiblievo.com\/wp-content\/uploads\/2025\/04\/M4265-M4266_water_kettle_Julia_1.webp","width":1000,"height":1000,"caption":"Bollitore in acciaio inox per hotel Julia"},{"@type":"BreadcrumbList","@id":"https:\/\/www.ghiblievo.com\/it\/prodotto\/bollitore-in-acciaio-inox-per-hotel-julia\/#breadcrumb","itemListElement":[{"@type":"ListItem","position":1,"name":"Home","item":"https:\/\/www.ghiblievo.com\/it\/"},{"@type":"ListItem","position":2,"name":"Shop","item":"https:\/\/www.ghiblievo.com\/it\/shop-it\/"},{"@type":"ListItem","position":3,"name":"Bollitori","item":"https:\/\/www.ghiblievo.com\/it\/categoria-prodotto\/bollitori\/"},{"@type":"ListItem","position":4,"name":"Bollitore in acciaio inox per hotel: Julia"}]},{"@type":"WebSite","@id":"https:\/\/www.ghiblievo.com\/it\/#website","url":"https:\/\/www.ghiblievo.com\/it\/","name":"Ghibli Evo","description":"Hair Dryers for Hotel - Wall Mounted Hair Dryer","publisher":{"@id":"https:\/\/www.ghiblievo.com\/it\/#organization"},"potentialAction":[{"@type":"SearchAction","target":{"@type":"EntryPoint","urlTemplate":"https:\/\/www.ghiblievo.com\/it\/?s={search_term_string}"},"query-input":{"@type":"PropertyValueSpecification","valueRequired":true,"valueName":"search_term_string"}}],"inLanguage":"it-IT"},{"@type":"Organization","@id":"https:\/\/www.ghiblievo.com\/it\/#organization","name":"Ghibli Evo","url":"https:\/\/www.ghiblievo.com\/it\/","logo":{"@type":"ImageObject","inLanguage":"it-IT","@id":"https:\/\/www.ghiblievo.com\/it\/#\/schema\/logo\/image\/","url":"https:\/\/www.ghiblievo.com\/wp-content\/uploads\/2019\/09\/Emblema_HUB-footer.png","contentUrl":"https:\/\/www.ghiblievo.com\/wp-content\/uploads\/2019\/09\/Emblema_HUB-footer.png","width":300,"height":291,"caption":"Ghibli Evo"},"image":{"@id":"https:\/\/www.ghiblievo.com\/it\/#\/schema\/logo\/image\/"},"sameAs":["https:\/\/www.facebook.com\/ghiblievo","https:\/\/www.instagram.com\/ghiblievo\/"],"description":"Ghiblievo is specialized in hotel supplies, bathroom accessories for hotel and hair dryer","email":"info@ghiblievo.com","telephone":"+39 338 4733486","foundingDate":"2009-01-01","vatID":"IT 03607430166"}]},"product_price_amount":"65.80","product_price_currency":"EUR","og_availability":"instock","product_availability":"instock","product_condition":"new"},"_links":{"self":[{"href":"https:\/\/www.ghiblievo.com\/it\/wp-json\/wp\/v2\/product\/53284","targetHints":{"allow":["GET"]}}],"collection":[{"href":"https:\/\/www.ghiblievo.com\/it\/wp-json\/wp\/v2\/product"}],"about":[{"href":"https:\/\/www.ghiblievo.com\/it\/wp-json\/wp\/v2\/types\/product"}],"replies":[{"embeddable":true,"href":"https:\/\/www.ghiblievo.com\/it\/wp-json\/wp\/v2\/comments?post=53284"}],"version-history":[{"count":0,"href":"https:\/\/www.ghiblievo.com\/it\/wp-json\/wp\/v2\/product\/53284\/revisions"}],"wp:featuredmedia":[{"embeddable":true,"href":"https:\/\/www.ghiblievo.com\/it\/wp-json\/wp\/v2\/media\/53280"}],"wp:attachment":[{"href":"https:\/\/www.ghiblievo.com\/it\/wp-json\/wp\/v2\/media?parent=53284"}],"wp:term":[{"taxonomy":"product_cat","embeddable":true,"href":"https:\/\/www.ghiblievo.com\/it\/wp-json\/wp\/v2\/product_cat?post=53284"},{"taxonomy":"product_tag","embeddable":true,"href":"https:\/\/www.ghiblievo.com\/it\/wp-json\/wp\/v2\/product_tag?post=53284"}],"curies":[{"name":"wp","href":"https:\/\/api.w.org\/{rel}","templated":true}]}}