{"id":53214,"date":"2025-04-18T12:15:28","date_gmt":"2025-04-18T11:26:59","guid":{"rendered":"https:\/\/www.ghiblievo.com\/?post_type=product&#038;p=53214"},"modified":"2025-04-18T12:27:00","modified_gmt":"2025-04-18T11:27:00","slug":"bollitore-nero-per-hotel-cleo","status":"publish","type":"product","link":"https:\/\/www.ghiblievo.com\/it\/prodotto\/bollitore-nero-per-hotel-cleo\/","title":{"rendered":"Bollitore nero per hotel: Cleo"},"content":{"rendered":"","protected":false},"excerpt":{"rendered":"<h2>Bollitore nero per hotel girevole a 360\u00b0 cordless<\/h2>\n<div>Il bollitore nero per hotel Cleo offre prestazioni potenti in un design compatto. Con una potenza di 1850-2200 W e una capacit\u00e0 di 0,8 litri, Cleo fornisce tutto il necessario per far bollire l&#8217;acqua rapidamente, in modo affidabile e conveniente. Progettata con un robusto corpo in plastica ABS nell&#8217;intramontabile nero, Cleo combina forma e funzione. L&#8217;elemento riscaldante in acciaio inox e la protezione contro l&#8217;ebollizione a secco consentono di contare su sicurezza e durata. E con la sua base girevole a 360\u00ba, questo bollitore rende il versamento e la manipolazione il pi\u00f9 semplici possibile, ovunque sia posizionato. Disponibile con spina UE o UK. Noi di MOOR sappiamo che vuoi morire piuttosto che le basi: ecco perch\u00e9 Cleo \u00e8 dotato anche di uno spegnimento automatico per una maggiore tranquillit\u00e0. Che si tratti della tua birra mattutina o di quella tazza a tarda notte, Cleo offre MOOR.<\/div>\n<h2 class=\"sottotitolo tabella-titolo\">CARATTERISTICHE<\/h2>\n<hr>\n<ul class=\"artdetails-features\">\n<li style=\"list-style-type: none;\">\n<ul class=\"artdetails-features\">\n<li>0,8 litri di capacit\u00e0, 1850-2000W<\/li>\n<li>360\u00b0 ruotabile senza fili (per uso con la mano sinistra e destra)<\/li>\n<li>Spegnimento automatico del vapore, protezione dall&#8217;ebollizione a secco<\/li>\n<li>Spiarossa, pulsante di accensione sull&#8217;impugnatura<\/li>\n<li>Filtro acqua nel beccuccio<\/li>\n<li>Robusto corpo in ABS con indicatore del livello dell&#8217;acqua<\/li>\n<li>Bollitore d&#8217;acqua Compatto per uso alberghiero<\/li>\n<li>Elemento riscaldante in acciaio inox<\/li>\n<\/ul>\n<\/li>\n<\/ul>\n<div class=\"artdetails\" data-unique-id=\"IDDM3GHNWZEX2QKWS3NAZTOYQUQEOGRCIUVOQQQTDPOWDCA02O1GIF\">\n<table id=\"artdetails-allprops\" class=\"fvs artdetails-allprops\">\n<tbody class=\"\" data-art-id=\"M4065\">\n<tr>\n<td colspan=\"2\">\n<h2 class=\"sottotitolo tabella-titolo\">Specifiche Bollitore nero per hotel<\/h2>\n<\/td>\n<\/tr>\n<tr>\n<td colspan=\"2\">\n<hr>\n<\/td>\n<\/tr>\n<tr>\n<td>Dimensioni articolo (LxPxA)<\/td>\n<td>13,7 x 17 x 18,3 cm<\/td>\n<\/tr>\n<tr>\n<td>Peso netto dell&#8217;articolo<\/td>\n<td>0,52 kg<\/td>\n<\/tr>\n<tr>\n<td>Dimensione della base<\/td>\n<td>14 cm<\/td>\n<\/tr>\n<tr>\n<td colspan=\"2\">\n<h2 class=\"sottotitolo tabella-titolo\">Informazioni logistiche<\/h2>\n<\/td>\n<\/tr>\n<tr>\n<td colspan=\"2\">\n<hr>\n<\/td>\n<\/tr>\n<tr>\n<td>Dimensioni showbox (LxPxA)<\/td>\n<td>15,6 x 18,3 x 17,8 cm<\/td>\n<\/tr>\n<tr>\n<td>Peso della scatola da esposizione<\/td>\n<td>0,71 kg<\/td>\n<\/tr>\n<tr>\n<td>Dimensioni scatola esterna (LxPxA)<\/td>\n<td>38,8 x 48,3 x 38,3 cm<\/td>\n<\/tr>\n<tr>\n<td>Peso scatola esterna<\/td>\n<td>9,01 kg<\/td>\n<\/tr>\n<tr>\n<td>Peso lordo dell&#8217;articolo<\/td>\n<td>0,71 kg<\/td>\n<\/tr>\n<tr>\n<td>Quantit\u00e0 totale per pallet<\/td>\n<td>300<\/td>\n<\/tr>\n<tr>\n<td colspan=\"2\">\n<h2 class=\"sottotitolo tabella-titolo\">Informazioni aggiuntive<\/h2>\n<\/td>\n<\/tr>\n<tr>\n<td colspan=\"2\">\n<hr>\n<\/td>\n<\/tr>\n<tr>\n<td>Marca<\/td>\n<td>MOOR<\/td>\n<\/tr>\n<tr>\n<td>Colore<\/td>\n<td>Nero<\/td>\n<\/tr>\n<tr>\n<td>Materiale<\/td>\n<td>Corpo in plastica ABS<\/td>\n<\/tr>\n<tr>\n<td>Lunghezza del cavo<\/td>\n<td>75 cm<\/td>\n<\/tr>\n<tr>\n<td>Potenza<\/td>\n<td>1850-2200 W (220-240 V ~50-60 Hz)<\/td>\n<\/tr>\n<tr>\n<td>Certificazioni<\/td>\n<td>CE, GS<\/td>\n<\/tr>\n<tr>\n<td colspan=\"2\">\n<h2 class=\"sottotitolo tabella-titolo\">Codice prodotto<\/h2>\n<\/td>\n<\/tr>\n<tr>\n<td colspan=\"2\">\n<hr>\n<\/td>\n<\/tr>\n<tr class=\"fvp\" data-art-id=\"M4065\">\n<td class=\"fn\">ID prodotto<\/td>\n<td class=\"fv\">M4065<\/td>\n<\/tr>\n<tr class=\"fvp\" data-art-id=\"M4065\">\n<td class=\"fn\">EAN<\/td>\n<td class=\"fv\">8720618118608<\/td>\n<\/tr>\n<\/tbody>\n<\/table>\n<\/div>\n","protected":false},"featured_media":53202,"comment_status":"open","ping_status":"closed","template":"","meta":{"_acf_changed":false,"ngg_post_thumbnail":0,"footnotes":""},"product_cat":[930],"product_tag":[],"class_list":{"0":"post-53214","1":"product","2":"type-product","3":"status-publish","4":"has-post-thumbnail","6":"product_cat-bollitori","8":"first","9":"instock","10":"shipping-taxable","11":"purchasable","12":"product-type-simple"},"acf":[],"yoast_head":"<!-- This site is optimized with the Yoast SEO Premium plugin v26.7 (Yoast SEO v26.7) - https:\/\/yoast.com\/wordpress\/plugins\/seo\/ -->\n<title>Bollitore nero per hotel: Cleo - Ghibli Evo<\/title>\n<meta name=\"description\" content=\"Bollitore nero per hotel Cleo offre prestazioni potenti in un design compatto. Con una potenza di 1850-2200 W e una capacit\u00e0 di 0,8 litri\" \/>\n<meta name=\"robots\" content=\"index, follow, max-snippet:-1, max-image-preview:large, max-video-preview:-1\" \/>\n<link rel=\"canonical\" href=\"https:\/\/www.ghiblievo.com\/it\/prodotto\/bollitore-nero-per-hotel-cleo\/\" \/>\n<meta property=\"og:locale\" content=\"it_IT\" \/>\n<meta property=\"og:type\" content=\"article\" \/>\n<meta property=\"og:title\" content=\"Bollitore nero per hotel: Cleo\" \/>\n<meta property=\"og:description\" content=\"Bollitore nero per hotel girevole a 360\u00b0 cordless Il bollitore nero per hotel Cleo offre prestazioni potenti in un design compatto. Con una potenza di 1850-2200 W e una capacit\u00e0 di 0,8 litri, Cleo fornisce tutto il necessario per far bollire l&#039;acqua rapidamente, in modo affidabile e conveniente. Progettata con un robusto corpo in plastica ABS nell&#039;intramontabile nero, Cleo combina forma e funzione. L&#039;elemento riscaldante in acciaio inox e la protezione contro l&#039;ebollizione a secco consentono di contare su sicurezza e durata. E con la sua base girevole a 360\u00ba, questo bollitore rende il versamento e la manipolazione il pi\u00f9 semplici possibile, ovunque sia posizionato. Disponibile con spina UE o UK. Noi di MOOR sappiamo che vuoi morire piuttosto che le basi: ecco perch\u00e9 Cleo \u00e8 dotato anche di uno spegnimento automatico per una maggiore tranquillit\u00e0. Che si tratti della tua birra mattutina o di quella tazza a tarda notte, Cleo offre MOOR. CARATTERISTICHE         0,8 litri di capacit\u00e0, 1850-2000W  360\u00b0 ruotabile senza fili (per uso con la mano sinistra e destra)  Spegnimento automatico del vapore, protezione dall&#039;ebollizione a secco  Spiarossa, pulsante di accensione sull&#039;impugnatura  Filtro acqua nel beccuccio  Robusto corpo in ABS con indicatore del livello dell&#039;acqua  Bollitore d&#039;acqua Compatto per uso alberghiero  Elemento riscaldante in acciaio inox         Specifiche Bollitore nero per hotel           Dimensioni articolo (LxPxA) 13,7 x 17 x 18,3 cm   Peso netto dell&#039;articolo 0,52 kg   Dimensione della base 14 cm    Informazioni logistiche           Dimensioni showbox (LxPxA) 15,6 x 18,3 x 17,8 cm   Peso della scatola da esposizione 0,71 kg   Dimensioni scatola esterna (LxPxA) 38,8 x 48,3 x 38,3 cm   Peso scatola esterna 9,01 kg   Peso lordo dell&#039;articolo 0,71 kg   Quantit\u00e0 totale per pallet 300    Informazioni aggiuntive           Marca MOOR   Colore Nero   Materiale Corpo in plastica ABS   Lunghezza del cavo 75 cm   Potenza 1850-2200 W (220-240 V ~50-60 Hz)   Certificazioni CE, GS    Codice prodotto           ID prodotto M4065   EAN 8720618118608\" \/>\n<meta property=\"og:url\" content=\"https:\/\/www.ghiblievo.com\/it\/prodotto\/bollitore-nero-per-hotel-cleo\/\" \/>\n<meta property=\"og:site_name\" content=\"Ghibli Evo\" \/>\n<meta property=\"article:publisher\" content=\"https:\/\/www.facebook.com\/ghiblievo\" \/>\n<meta property=\"article:modified_time\" content=\"2025-04-18T11:27:00+00:00\" \/>\n<meta property=\"og:image\" content=\"https:\/\/www.ghiblievo.com\/wp-content\/uploads\/2025\/04\/M6066_water_kettle_CLEO_2.webp\" \/>\n\t<meta property=\"og:image:width\" content=\"1000\" \/>\n\t<meta property=\"og:image:height\" content=\"1000\" \/>\n\t<meta property=\"og:image:type\" content=\"image\/webp\" \/>\n<meta name=\"twitter:card\" content=\"summary_large_image\" \/>\n<meta name=\"twitter:label1\" content=\"Prezzo\" \/>\n\t<meta name=\"twitter:data1\" content=\"&euro;39.80\" \/>\n\t<meta name=\"twitter:label2\" content=\"Disponibilit\u00e0\" \/>\n\t<meta name=\"twitter:data2\" content=\"In stock\" \/>\n<script type=\"application\/ld+json\" class=\"yoast-schema-graph\">{\"@context\":\"https:\/\/schema.org\",\"@graph\":[{\"@type\":\"WebPage\",\"@id\":\"https:\/\/www.ghiblievo.com\/it\/prodotto\/bollitore-nero-per-hotel-cleo\/\",\"url\":\"https:\/\/www.ghiblievo.com\/it\/prodotto\/bollitore-nero-per-hotel-cleo\/\",\"name\":\"Bollitore nero per hotel: Cleo - Ghibli Evo\",\"isPartOf\":{\"@id\":\"https:\/\/www.ghiblievo.com\/it\/#website\"},\"primaryImageOfPage\":{\"@id\":\"https:\/\/www.ghiblievo.com\/it\/prodotto\/bollitore-nero-per-hotel-cleo\/#primaryimage\"},\"image\":{\"@id\":\"https:\/\/www.ghiblievo.com\/it\/prodotto\/bollitore-nero-per-hotel-cleo\/#primaryimage\"},\"thumbnailUrl\":\"https:\/\/www.ghiblievo.com\/wp-content\/uploads\/2025\/04\/M6066_water_kettle_CLEO_2.webp\",\"datePublished\":\"2025-04-18T11:26:59+00:00\",\"dateModified\":\"2025-04-18T11:27:00+00:00\",\"description\":\"Bollitore nero per hotel Cleo offre prestazioni potenti in un design compatto. Con una potenza di 1850-2200 W e una capacit\u00e0 di 0,8 litri\",\"breadcrumb\":{\"@id\":\"https:\/\/www.ghiblievo.com\/it\/prodotto\/bollitore-nero-per-hotel-cleo\/#breadcrumb\"},\"inLanguage\":\"it-IT\",\"potentialAction\":[{\"@type\":\"ReadAction\",\"target\":[\"https:\/\/www.ghiblievo.com\/it\/prodotto\/bollitore-nero-per-hotel-cleo\/\"]}]},{\"@type\":\"ImageObject\",\"inLanguage\":\"it-IT\",\"@id\":\"https:\/\/www.ghiblievo.com\/it\/prodotto\/bollitore-nero-per-hotel-cleo\/#primaryimage\",\"url\":\"https:\/\/www.ghiblievo.com\/wp-content\/uploads\/2025\/04\/M6066_water_kettle_CLEO_2.webp\",\"contentUrl\":\"https:\/\/www.ghiblievo.com\/wp-content\/uploads\/2025\/04\/M6066_water_kettle_CLEO_2.webp\",\"width\":1000,\"height\":1000,\"caption\":\"Bollitore nero per hotel\"},{\"@type\":\"BreadcrumbList\",\"@id\":\"https:\/\/www.ghiblievo.com\/it\/prodotto\/bollitore-nero-per-hotel-cleo\/#breadcrumb\",\"itemListElement\":[{\"@type\":\"ListItem\",\"position\":1,\"name\":\"Home\",\"item\":\"https:\/\/www.ghiblievo.com\/it\/\"},{\"@type\":\"ListItem\",\"position\":2,\"name\":\"Shop\",\"item\":\"https:\/\/www.ghiblievo.com\/it\/shop-it\/\"},{\"@type\":\"ListItem\",\"position\":3,\"name\":\"Bollitori\",\"item\":\"https:\/\/www.ghiblievo.com\/it\/categoria-prodotto\/bollitori\/\"},{\"@type\":\"ListItem\",\"position\":4,\"name\":\"Bollitore nero per hotel: Cleo\"}]},{\"@type\":\"WebSite\",\"@id\":\"https:\/\/www.ghiblievo.com\/it\/#website\",\"url\":\"https:\/\/www.ghiblievo.com\/it\/\",\"name\":\"Ghibli Evo\",\"description\":\"Hair Dryers for Hotel - Wall Mounted Hair Dryer\",\"publisher\":{\"@id\":\"https:\/\/www.ghiblievo.com\/it\/#organization\"},\"potentialAction\":[{\"@type\":\"SearchAction\",\"target\":{\"@type\":\"EntryPoint\",\"urlTemplate\":\"https:\/\/www.ghiblievo.com\/it\/?s={search_term_string}\"},\"query-input\":{\"@type\":\"PropertyValueSpecification\",\"valueRequired\":true,\"valueName\":\"search_term_string\"}}],\"inLanguage\":\"it-IT\"},{\"@type\":\"Organization\",\"@id\":\"https:\/\/www.ghiblievo.com\/it\/#organization\",\"name\":\"Ghibli Evo\",\"url\":\"https:\/\/www.ghiblievo.com\/it\/\",\"logo\":{\"@type\":\"ImageObject\",\"inLanguage\":\"it-IT\",\"@id\":\"https:\/\/www.ghiblievo.com\/it\/#\/schema\/logo\/image\/\",\"url\":\"https:\/\/www.ghiblievo.com\/wp-content\/uploads\/2019\/09\/Emblema_HUB-footer.png\",\"contentUrl\":\"https:\/\/www.ghiblievo.com\/wp-content\/uploads\/2019\/09\/Emblema_HUB-footer.png\",\"width\":300,\"height\":291,\"caption\":\"Ghibli Evo\"},\"image\":{\"@id\":\"https:\/\/www.ghiblievo.com\/it\/#\/schema\/logo\/image\/\"},\"sameAs\":[\"https:\/\/www.facebook.com\/ghiblievo\",\"https:\/\/www.instagram.com\/ghiblievo\/\"],\"description\":\"Ghiblievo is specialized in hotel supplies, bathroom accessories for hotel and hair dryer\",\"email\":\"info@ghiblievo.com\",\"telephone\":\"+39 338 4733486\",\"foundingDate\":\"2009-01-01\",\"vatID\":\"IT 03607430166\"}]}<\/script>\n<meta property=\"product:price:amount\" content=\"39.80\" \/>\n<meta property=\"product:price:currency\" content=\"EUR\" \/>\n<meta property=\"og:availability\" content=\"instock\" \/>\n<meta property=\"product:availability\" content=\"instock\" \/>\n<meta property=\"product:condition\" content=\"new\" \/>\n<!-- \/ Yoast SEO Premium plugin. -->","yoast_head_json":{"title":"Bollitore nero per hotel: Cleo - Ghibli Evo","description":"Bollitore nero per hotel Cleo offre prestazioni potenti in un design compatto. Con una potenza di 1850-2200 W e una capacit\u00e0 di 0,8 litri","robots":{"index":"index","follow":"follow","max-snippet":"max-snippet:-1","max-image-preview":"max-image-preview:large","max-video-preview":"max-video-preview:-1"},"canonical":"https:\/\/www.ghiblievo.com\/it\/prodotto\/bollitore-nero-per-hotel-cleo\/","og_locale":"it_IT","og_type":"article","og_title":"Bollitore nero per hotel: Cleo","og_description":"Bollitore nero per hotel girevole a 360\u00b0 cordless Il bollitore nero per hotel Cleo offre prestazioni potenti in un design compatto. Con una potenza di 1850-2200 W e una capacit\u00e0 di 0,8 litri, Cleo fornisce tutto il necessario per far bollire l'acqua rapidamente, in modo affidabile e conveniente. Progettata con un robusto corpo in plastica ABS nell'intramontabile nero, Cleo combina forma e funzione. L'elemento riscaldante in acciaio inox e la protezione contro l'ebollizione a secco consentono di contare su sicurezza e durata. E con la sua base girevole a 360\u00ba, questo bollitore rende il versamento e la manipolazione il pi\u00f9 semplici possibile, ovunque sia posizionato. Disponibile con spina UE o UK. Noi di MOOR sappiamo che vuoi morire piuttosto che le basi: ecco perch\u00e9 Cleo \u00e8 dotato anche di uno spegnimento automatico per una maggiore tranquillit\u00e0. Che si tratti della tua birra mattutina o di quella tazza a tarda notte, Cleo offre MOOR. CARATTERISTICHE         0,8 litri di capacit\u00e0, 1850-2000W  360\u00b0 ruotabile senza fili (per uso con la mano sinistra e destra)  Spegnimento automatico del vapore, protezione dall'ebollizione a secco  Spiarossa, pulsante di accensione sull'impugnatura  Filtro acqua nel beccuccio  Robusto corpo in ABS con indicatore del livello dell'acqua  Bollitore d'acqua Compatto per uso alberghiero  Elemento riscaldante in acciaio inox         Specifiche Bollitore nero per hotel           Dimensioni articolo (LxPxA) 13,7 x 17 x 18,3 cm   Peso netto dell'articolo 0,52 kg   Dimensione della base 14 cm    Informazioni logistiche           Dimensioni showbox (LxPxA) 15,6 x 18,3 x 17,8 cm   Peso della scatola da esposizione 0,71 kg   Dimensioni scatola esterna (LxPxA) 38,8 x 48,3 x 38,3 cm   Peso scatola esterna 9,01 kg   Peso lordo dell'articolo 0,71 kg   Quantit\u00e0 totale per pallet 300    Informazioni aggiuntive           Marca MOOR   Colore Nero   Materiale Corpo in plastica ABS   Lunghezza del cavo 75 cm   Potenza 1850-2200 W (220-240 V ~50-60 Hz)   Certificazioni CE, GS    Codice prodotto           ID prodotto M4065   EAN 8720618118608","og_url":"https:\/\/www.ghiblievo.com\/it\/prodotto\/bollitore-nero-per-hotel-cleo\/","og_site_name":"Ghibli Evo","article_publisher":"https:\/\/www.facebook.com\/ghiblievo","article_modified_time":"2025-04-18T11:27:00+00:00","og_image":[{"width":1000,"height":1000,"url":"https:\/\/www.ghiblievo.com\/wp-content\/uploads\/2025\/04\/M6066_water_kettle_CLEO_2.webp","type":"image\/webp"}],"twitter_card":"summary_large_image","twitter_misc":{"Prezzo":"&euro;39.80","Disponibilit\u00e0":"In stock"},"schema":{"@context":"https:\/\/schema.org","@graph":[{"@type":"WebPage","@id":"https:\/\/www.ghiblievo.com\/it\/prodotto\/bollitore-nero-per-hotel-cleo\/","url":"https:\/\/www.ghiblievo.com\/it\/prodotto\/bollitore-nero-per-hotel-cleo\/","name":"Bollitore nero per hotel: Cleo - Ghibli Evo","isPartOf":{"@id":"https:\/\/www.ghiblievo.com\/it\/#website"},"primaryImageOfPage":{"@id":"https:\/\/www.ghiblievo.com\/it\/prodotto\/bollitore-nero-per-hotel-cleo\/#primaryimage"},"image":{"@id":"https:\/\/www.ghiblievo.com\/it\/prodotto\/bollitore-nero-per-hotel-cleo\/#primaryimage"},"thumbnailUrl":"https:\/\/www.ghiblievo.com\/wp-content\/uploads\/2025\/04\/M6066_water_kettle_CLEO_2.webp","datePublished":"2025-04-18T11:26:59+00:00","dateModified":"2025-04-18T11:27:00+00:00","description":"Bollitore nero per hotel Cleo offre prestazioni potenti in un design compatto. Con una potenza di 1850-2200 W e una capacit\u00e0 di 0,8 litri","breadcrumb":{"@id":"https:\/\/www.ghiblievo.com\/it\/prodotto\/bollitore-nero-per-hotel-cleo\/#breadcrumb"},"inLanguage":"it-IT","potentialAction":[{"@type":"ReadAction","target":["https:\/\/www.ghiblievo.com\/it\/prodotto\/bollitore-nero-per-hotel-cleo\/"]}]},{"@type":"ImageObject","inLanguage":"it-IT","@id":"https:\/\/www.ghiblievo.com\/it\/prodotto\/bollitore-nero-per-hotel-cleo\/#primaryimage","url":"https:\/\/www.ghiblievo.com\/wp-content\/uploads\/2025\/04\/M6066_water_kettle_CLEO_2.webp","contentUrl":"https:\/\/www.ghiblievo.com\/wp-content\/uploads\/2025\/04\/M6066_water_kettle_CLEO_2.webp","width":1000,"height":1000,"caption":"Bollitore nero per hotel"},{"@type":"BreadcrumbList","@id":"https:\/\/www.ghiblievo.com\/it\/prodotto\/bollitore-nero-per-hotel-cleo\/#breadcrumb","itemListElement":[{"@type":"ListItem","position":1,"name":"Home","item":"https:\/\/www.ghiblievo.com\/it\/"},{"@type":"ListItem","position":2,"name":"Shop","item":"https:\/\/www.ghiblievo.com\/it\/shop-it\/"},{"@type":"ListItem","position":3,"name":"Bollitori","item":"https:\/\/www.ghiblievo.com\/it\/categoria-prodotto\/bollitori\/"},{"@type":"ListItem","position":4,"name":"Bollitore nero per hotel: Cleo"}]},{"@type":"WebSite","@id":"https:\/\/www.ghiblievo.com\/it\/#website","url":"https:\/\/www.ghiblievo.com\/it\/","name":"Ghibli Evo","description":"Hair Dryers for Hotel - Wall Mounted Hair Dryer","publisher":{"@id":"https:\/\/www.ghiblievo.com\/it\/#organization"},"potentialAction":[{"@type":"SearchAction","target":{"@type":"EntryPoint","urlTemplate":"https:\/\/www.ghiblievo.com\/it\/?s={search_term_string}"},"query-input":{"@type":"PropertyValueSpecification","valueRequired":true,"valueName":"search_term_string"}}],"inLanguage":"it-IT"},{"@type":"Organization","@id":"https:\/\/www.ghiblievo.com\/it\/#organization","name":"Ghibli Evo","url":"https:\/\/www.ghiblievo.com\/it\/","logo":{"@type":"ImageObject","inLanguage":"it-IT","@id":"https:\/\/www.ghiblievo.com\/it\/#\/schema\/logo\/image\/","url":"https:\/\/www.ghiblievo.com\/wp-content\/uploads\/2019\/09\/Emblema_HUB-footer.png","contentUrl":"https:\/\/www.ghiblievo.com\/wp-content\/uploads\/2019\/09\/Emblema_HUB-footer.png","width":300,"height":291,"caption":"Ghibli Evo"},"image":{"@id":"https:\/\/www.ghiblievo.com\/it\/#\/schema\/logo\/image\/"},"sameAs":["https:\/\/www.facebook.com\/ghiblievo","https:\/\/www.instagram.com\/ghiblievo\/"],"description":"Ghiblievo is specialized in hotel supplies, bathroom accessories for hotel and hair dryer","email":"info@ghiblievo.com","telephone":"+39 338 4733486","foundingDate":"2009-01-01","vatID":"IT 03607430166"}]},"product_price_amount":"39.80","product_price_currency":"EUR","og_availability":"instock","product_availability":"instock","product_condition":"new"},"_links":{"self":[{"href":"https:\/\/www.ghiblievo.com\/it\/wp-json\/wp\/v2\/product\/53214","targetHints":{"allow":["GET"]}}],"collection":[{"href":"https:\/\/www.ghiblievo.com\/it\/wp-json\/wp\/v2\/product"}],"about":[{"href":"https:\/\/www.ghiblievo.com\/it\/wp-json\/wp\/v2\/types\/product"}],"replies":[{"embeddable":true,"href":"https:\/\/www.ghiblievo.com\/it\/wp-json\/wp\/v2\/comments?post=53214"}],"version-history":[{"count":0,"href":"https:\/\/www.ghiblievo.com\/it\/wp-json\/wp\/v2\/product\/53214\/revisions"}],"wp:featuredmedia":[{"embeddable":true,"href":"https:\/\/www.ghiblievo.com\/it\/wp-json\/wp\/v2\/media\/53202"}],"wp:attachment":[{"href":"https:\/\/www.ghiblievo.com\/it\/wp-json\/wp\/v2\/media?parent=53214"}],"wp:term":[{"taxonomy":"product_cat","embeddable":true,"href":"https:\/\/www.ghiblievo.com\/it\/wp-json\/wp\/v2\/product_cat?post=53214"},{"taxonomy":"product_tag","embeddable":true,"href":"https:\/\/www.ghiblievo.com\/it\/wp-json\/wp\/v2\/product_tag?post=53214"}],"curies":[{"name":"wp","href":"https:\/\/api.w.org\/{rel}","templated":true}]}}