{"id":53176,"date":"2025-04-18T11:52:03","date_gmt":"2025-04-18T11:02:08","guid":{"rendered":"https:\/\/www.ghiblievo.com\/?post_type=product&#038;p=53176"},"modified":"2025-10-28T12:19:09","modified_gmt":"2025-10-28T11:19:09","slug":"asciugacapelli-nero-per-hotel-susan","status":"publish","type":"product","link":"https:\/\/www.ghiblievo.com\/it\/prodotto\/asciugacapelli-nero-per-hotel-susan\/","title":{"rendered":"Asciugacapelli nero per hotel: Susan"},"content":{"rendered":"","protected":false},"excerpt":{"rendered":"<h2>Asciugacapelli nero per hotel<\/h2>\n<p>Il nostro asciugacapelli nero per hotel Susan \u00e8 dotato di un potente motore da 2000-2400 W, che ti offre le prestazioni di cui hai bisogno per acconciare in modo rapido ed efficace i tuoi capelli. Che tu stia asciugando o modellando, le molteplici impostazioni offrono la versatilit\u00e0 di MOOR per tutti i tipi di capelli e stili. Progettato con una finitura nera opaca, Susan non solo si esibisce, ma ha anche un bell&#8217;aspetto mentre lo fa. Il suo cavo a spirale da 180 cm offre flessibilit\u00e0, consentendo un facile spostamento e portata. Dotato di protezione sicura contro il surriscaldamento. L&#8217;ugello rimovibile e il tappo di aspirazione dell&#8217;aria semplificano la pulizia e la manutenzione, garantendo una maggiore longevit\u00e0 e praticit\u00e0 per l&#8217;uso quotidiano.<\/p>\n<h2 class=\"sottotitolo tabella-titolo\">CARATTERISTICHE<\/h2>\n<hr>\n<ul class=\"artdetails-features\">\n<li style=\"list-style-type: none;\">\n<ul class=\"artdetails-features\">\n<li>Potente motore da 2000-2400 W<\/li>\n<li>Due impostazioni di velocit\u00e0 dell&#8217;aria<\/li>\n<li>Tre impostazioni di temperatura<\/li>\n<li>Pulsante aria fredda<\/li>\n<li>180 cm di cavo a spirale<\/li>\n<li>Ugello rimovibile e tappo di aspirazione dell&#8217;aria per una facile pulizia<\/li>\n<li>Luxury colore nero<\/li>\n<li>Protezione contro il surriscaldamento<\/li>\n<\/ul>\n<\/li>\n<\/ul>\n<div class=\"artdetails\" data-unique-id=\"IDGAX5JYOSEC0GBC0WKYS144MBBMKNDX4HEZDOTJNONNTRMWJGN54B\">\n<table id=\"artdetails-allprops\" class=\"fvs artdetails-allprops\">\n<tbody class=\"\" data-art-id=\"M6068N\">\n<tr>\n<td colspan=\"2\">\n<h2 class=\"sottotitolo tabella-titolo\">Specifiche dell&#8217;asciugacapelli nero per hotel<\/h2>\n<\/td>\n<\/tr>\n<tr>\n<td colspan=\"2\">\n<hr>\n<\/td>\n<\/tr>\n<tr>\n<td>\n<h3>Dimensioni<\/h3>\n<\/td>\n<\/tr>\n<tr>\n<td>Dimensioni articolo (LxPxA)<\/td>\n<td>23,8 x 9 x 27,4 cm<\/td>\n<\/tr>\n<tr>\n<td>Peso netto dell&#8217;articolo<\/td>\n<td>0,46 kg<\/td>\n<\/tr>\n<tr>\n<td colspan=\"2\">\n<h2 class=\"sottotitolo tabella-titolo\">Informazioni logistiche<\/h2>\n<\/td>\n<\/tr>\n<tr>\n<td colspan=\"2\">\n<hr>\n<\/td>\n<\/tr>\n<tr>\n<td>Dimensioni showbox (LxPxA)<\/td>\n<td>17,8 x 27,1 x 19,55 cm<\/td>\n<\/tr>\n<tr>\n<td>Peso della scatola da esposizione<\/td>\n<td>0,66 kg<\/td>\n<\/tr>\n<tr>\n<td>Dimensioni scatola esterna (LxPxA)<\/td>\n<td>30,55 x 51,45 x 31,4 cm<\/td>\n<\/tr>\n<tr>\n<td>Peso scatola esterna<\/td>\n<td>3,22 kg<\/td>\n<\/tr>\n<tr>\n<td>Peso lordo dell&#8217;articolo<\/td>\n<td>0,69 kg<\/td>\n<\/tr>\n<tr>\n<td>Quantit\u00e0 totale per pallet<\/td>\n<td>120<\/td>\n<\/tr>\n<tr>\n<td colspan=\"2\">\n<h2 class=\"sottotitolo tabella-titolo\">Informazioni aggiuntive<\/h2>\n<\/td>\n<\/tr>\n<tr>\n<td colspan=\"2\">\n<hr>\n<\/td>\n<\/tr>\n<tr>\n<td>Marca<\/td>\n<td>MOOR<\/td>\n<\/tr>\n<tr>\n<td>Colore<\/td>\n<td>Nero<\/td>\n<\/tr>\n<tr>\n<td>Materiale<\/td>\n<td>Polipropilene<\/td>\n<\/tr>\n<tr>\n<td colspan=\"2\">\n<h2 class=\"sottotitolo tabella-titolo\">Codice prodotto<\/h2>\n<\/td>\n<\/tr>\n<tr>\n<td colspan=\"2\">\n<hr>\n<\/td>\n<\/tr>\n<tr class=\"fvp\" data-art-id=\"M6068N\">\n<td class=\"fn\">ID prodotto<\/td>\n<td class=\"fv\">M6068N<\/td>\n<\/tr>\n<tr class=\"fvp\" data-art-id=\"M6068N\">\n<td class=\"fn\">EAN<\/td>\n<td class=\"fv\">8720256648710<\/td>\n<\/tr>\n<\/tbody>\n<\/table>\n<\/div>\n","protected":false},"featured_media":53172,"comment_status":"open","ping_status":"closed","template":"","meta":{"_acf_changed":false,"ngg_post_thumbnail":0,"footnotes":""},"product_cat":[498,1185],"product_tag":[],"class_list":{"0":"post-53176","1":"product","2":"type-product","3":"status-publish","4":"has-post-thumbnail","6":"product_cat-asciugacapelli","7":"product_cat-asciugacapelli-libera-installazione","9":"first","10":"instock","11":"shipping-taxable","12":"purchasable","13":"product-type-simple"},"acf":[],"yoast_head":"<!-- This site is optimized with the Yoast SEO Premium plugin v26.7 (Yoast SEO v26.7) - https:\/\/yoast.com\/wordpress\/plugins\/seo\/ -->\n<title>Asciugacapelli nero per hotel: Susan - Ghibli Evo<\/title>\n<meta name=\"description\" content=\"Asciugacapelli nero per hotel Susan \u00e8 dotato di un potente motore da 2000-2400 W per acconciare in modo rapido ed efficace i tuoi capelli\" \/>\n<meta name=\"robots\" content=\"index, follow, max-snippet:-1, max-image-preview:large, max-video-preview:-1\" \/>\n<link rel=\"canonical\" href=\"https:\/\/www.ghiblievo.com\/it\/prodotto\/asciugacapelli-nero-per-hotel-susan\/\" \/>\n<meta property=\"og:locale\" content=\"it_IT\" \/>\n<meta property=\"og:type\" content=\"article\" \/>\n<meta property=\"og:title\" content=\"Asciugacapelli nero per hotel: Susan\" \/>\n<meta property=\"og:description\" content=\"Asciugacapelli nero per hotel Il nostro asciugacapelli nero per hotel Susan \u00e8 dotato di un potente motore da 2000-2400 W, che ti offre le prestazioni di cui hai bisogno per acconciare in modo rapido ed efficace i tuoi capelli. Che tu stia asciugando o modellando, le molteplici impostazioni offrono la versatilit\u00e0 di MOOR per tutti i tipi di capelli e stili. Progettato con una finitura nera opaca, Susan non solo si esibisce, ma ha anche un bell&#039;aspetto mentre lo fa. Il suo cavo a spirale da 180 cm offre flessibilit\u00e0, consentendo un facile spostamento e portata. Dotato di protezione sicura contro il surriscaldamento. L&#039;ugello rimovibile e il tappo di aspirazione dell&#039;aria semplificano la pulizia e la manutenzione, garantendo una maggiore longevit\u00e0 e praticit\u00e0 per l&#039;uso quotidiano. CARATTERISTICHE         Potente motore da 2000-2400 W  Due impostazioni di velocit\u00e0 dell&#039;aria  Tre impostazioni di temperatura  Pulsante aria fredda  180 cm di cavo a spirale  Ugello rimovibile e tappo di aspirazione dell&#039;aria per una facile pulizia  Luxury colore nero  Protezione contro il surriscaldamento         Specifiche dell&#039;asciugacapelli nero per hotel            Dimensioni    Dimensioni articolo (LxPxA) 23,8 x 9 x 27,4 cm   Peso netto dell&#039;articolo 0,46 kg    Informazioni logistiche           Dimensioni showbox (LxPxA) 17,8 x 27,1 x 19,55 cm   Peso della scatola da esposizione 0,66 kg   Dimensioni scatola esterna (LxPxA) 30,55 x 51,45 x 31,4 cm   Peso scatola esterna 3,22 kg   Peso lordo dell&#039;articolo 0,69 kg   Quantit\u00e0 totale per pallet 120    Informazioni aggiuntive           Marca MOOR   Colore Nero   Materiale Polipropilene    Codice prodotto           ID prodotto M6068N   EAN 8720256648710\" \/>\n<meta property=\"og:url\" content=\"https:\/\/www.ghiblievo.com\/it\/prodotto\/asciugacapelli-nero-per-hotel-susan\/\" \/>\n<meta property=\"og:site_name\" content=\"Ghibli Evo\" \/>\n<meta property=\"article:publisher\" content=\"https:\/\/www.facebook.com\/ghiblievo\" \/>\n<meta property=\"article:modified_time\" content=\"2025-10-28T11:19:09+00:00\" \/>\n<meta property=\"og:image\" content=\"https:\/\/www.ghiblievo.com\/wp-content\/uploads\/2025\/04\/M6068_hair_dryer_SUSAN_EU_2.webp\" \/>\n\t<meta property=\"og:image:width\" content=\"1000\" \/>\n\t<meta property=\"og:image:height\" content=\"1000\" \/>\n\t<meta property=\"og:image:type\" content=\"image\/webp\" \/>\n<meta name=\"twitter:card\" content=\"summary_large_image\" \/>\n<meta name=\"twitter:label1\" content=\"Prezzo\" \/>\n\t<meta name=\"twitter:data1\" content=\"&euro;59.80\" \/>\n\t<meta name=\"twitter:label2\" content=\"Disponibilit\u00e0\" \/>\n\t<meta name=\"twitter:data2\" content=\"In stock\" \/>\n<script type=\"application\/ld+json\" class=\"yoast-schema-graph\">{\"@context\":\"https:\/\/schema.org\",\"@graph\":[{\"@type\":\"WebPage\",\"@id\":\"https:\/\/www.ghiblievo.com\/it\/prodotto\/asciugacapelli-nero-per-hotel-susan\/\",\"url\":\"https:\/\/www.ghiblievo.com\/it\/prodotto\/asciugacapelli-nero-per-hotel-susan\/\",\"name\":\"Asciugacapelli nero per hotel: Susan - Ghibli Evo\",\"isPartOf\":{\"@id\":\"https:\/\/www.ghiblievo.com\/it\/#website\"},\"primaryImageOfPage\":{\"@id\":\"https:\/\/www.ghiblievo.com\/it\/prodotto\/asciugacapelli-nero-per-hotel-susan\/#primaryimage\"},\"image\":{\"@id\":\"https:\/\/www.ghiblievo.com\/it\/prodotto\/asciugacapelli-nero-per-hotel-susan\/#primaryimage\"},\"thumbnailUrl\":\"https:\/\/www.ghiblievo.com\/wp-content\/uploads\/2025\/04\/M6068_hair_dryer_SUSAN_EU_2.webp\",\"datePublished\":\"2025-04-18T11:02:08+00:00\",\"dateModified\":\"2025-10-28T11:19:09+00:00\",\"description\":\"Asciugacapelli nero per hotel Susan \u00e8 dotato di un potente motore da 2000-2400 W per acconciare in modo rapido ed efficace i tuoi capelli\",\"breadcrumb\":{\"@id\":\"https:\/\/www.ghiblievo.com\/it\/prodotto\/asciugacapelli-nero-per-hotel-susan\/#breadcrumb\"},\"inLanguage\":\"it-IT\",\"potentialAction\":[{\"@type\":\"ReadAction\",\"target\":[\"https:\/\/www.ghiblievo.com\/it\/prodotto\/asciugacapelli-nero-per-hotel-susan\/\"]}]},{\"@type\":\"ImageObject\",\"inLanguage\":\"it-IT\",\"@id\":\"https:\/\/www.ghiblievo.com\/it\/prodotto\/asciugacapelli-nero-per-hotel-susan\/#primaryimage\",\"url\":\"https:\/\/www.ghiblievo.com\/wp-content\/uploads\/2025\/04\/M6068_hair_dryer_SUSAN_EU_2.webp\",\"contentUrl\":\"https:\/\/www.ghiblievo.com\/wp-content\/uploads\/2025\/04\/M6068_hair_dryer_SUSAN_EU_2.webp\",\"width\":1000,\"height\":1000,\"caption\":\"Asciugacapelli nero per hotel\"},{\"@type\":\"BreadcrumbList\",\"@id\":\"https:\/\/www.ghiblievo.com\/it\/prodotto\/asciugacapelli-nero-per-hotel-susan\/#breadcrumb\",\"itemListElement\":[{\"@type\":\"ListItem\",\"position\":1,\"name\":\"Home\",\"item\":\"https:\/\/www.ghiblievo.com\/it\/\"},{\"@type\":\"ListItem\",\"position\":2,\"name\":\"Shop\",\"item\":\"https:\/\/www.ghiblievo.com\/it\/shop-it\/\"},{\"@type\":\"ListItem\",\"position\":3,\"name\":\"Asciugacapelli\",\"item\":\"https:\/\/www.ghiblievo.com\/it\/categoria-prodotto\/asciugacapelli\/\"},{\"@type\":\"ListItem\",\"position\":4,\"name\":\"Asciugacapelli nero per hotel: Susan\"}]},{\"@type\":\"WebSite\",\"@id\":\"https:\/\/www.ghiblievo.com\/it\/#website\",\"url\":\"https:\/\/www.ghiblievo.com\/it\/\",\"name\":\"Ghibli Evo\",\"description\":\"Hair Dryers for Hotel - Wall Mounted Hair Dryer\",\"publisher\":{\"@id\":\"https:\/\/www.ghiblievo.com\/it\/#organization\"},\"potentialAction\":[{\"@type\":\"SearchAction\",\"target\":{\"@type\":\"EntryPoint\",\"urlTemplate\":\"https:\/\/www.ghiblievo.com\/it\/?s={search_term_string}\"},\"query-input\":{\"@type\":\"PropertyValueSpecification\",\"valueRequired\":true,\"valueName\":\"search_term_string\"}}],\"inLanguage\":\"it-IT\"},{\"@type\":\"Organization\",\"@id\":\"https:\/\/www.ghiblievo.com\/it\/#organization\",\"name\":\"Ghibli Evo\",\"url\":\"https:\/\/www.ghiblievo.com\/it\/\",\"logo\":{\"@type\":\"ImageObject\",\"inLanguage\":\"it-IT\",\"@id\":\"https:\/\/www.ghiblievo.com\/it\/#\/schema\/logo\/image\/\",\"url\":\"https:\/\/www.ghiblievo.com\/wp-content\/uploads\/2019\/09\/Emblema_HUB-footer.png\",\"contentUrl\":\"https:\/\/www.ghiblievo.com\/wp-content\/uploads\/2019\/09\/Emblema_HUB-footer.png\",\"width\":300,\"height\":291,\"caption\":\"Ghibli Evo\"},\"image\":{\"@id\":\"https:\/\/www.ghiblievo.com\/it\/#\/schema\/logo\/image\/\"},\"sameAs\":[\"https:\/\/www.facebook.com\/ghiblievo\",\"https:\/\/www.instagram.com\/ghiblievo\/\"],\"description\":\"Ghiblievo is specialized in hotel supplies, bathroom accessories for hotel and hair dryer\",\"email\":\"info@ghiblievo.com\",\"telephone\":\"+39 338 4733486\",\"foundingDate\":\"2009-01-01\",\"vatID\":\"IT 03607430166\"}]}<\/script>\n<meta property=\"product:price:amount\" content=\"59.80\" \/>\n<meta property=\"product:price:currency\" content=\"EUR\" \/>\n<meta property=\"og:availability\" content=\"instock\" \/>\n<meta property=\"product:availability\" content=\"instock\" \/>\n<meta property=\"product:condition\" content=\"new\" \/>\n<!-- \/ Yoast SEO Premium plugin. -->","yoast_head_json":{"title":"Asciugacapelli nero per hotel: Susan - Ghibli Evo","description":"Asciugacapelli nero per hotel Susan \u00e8 dotato di un potente motore da 2000-2400 W per acconciare in modo rapido ed efficace i tuoi capelli","robots":{"index":"index","follow":"follow","max-snippet":"max-snippet:-1","max-image-preview":"max-image-preview:large","max-video-preview":"max-video-preview:-1"},"canonical":"https:\/\/www.ghiblievo.com\/it\/prodotto\/asciugacapelli-nero-per-hotel-susan\/","og_locale":"it_IT","og_type":"article","og_title":"Asciugacapelli nero per hotel: Susan","og_description":"Asciugacapelli nero per hotel Il nostro asciugacapelli nero per hotel Susan \u00e8 dotato di un potente motore da 2000-2400 W, che ti offre le prestazioni di cui hai bisogno per acconciare in modo rapido ed efficace i tuoi capelli. Che tu stia asciugando o modellando, le molteplici impostazioni offrono la versatilit\u00e0 di MOOR per tutti i tipi di capelli e stili. Progettato con una finitura nera opaca, Susan non solo si esibisce, ma ha anche un bell'aspetto mentre lo fa. Il suo cavo a spirale da 180 cm offre flessibilit\u00e0, consentendo un facile spostamento e portata. Dotato di protezione sicura contro il surriscaldamento. L'ugello rimovibile e il tappo di aspirazione dell'aria semplificano la pulizia e la manutenzione, garantendo una maggiore longevit\u00e0 e praticit\u00e0 per l'uso quotidiano. CARATTERISTICHE         Potente motore da 2000-2400 W  Due impostazioni di velocit\u00e0 dell'aria  Tre impostazioni di temperatura  Pulsante aria fredda  180 cm di cavo a spirale  Ugello rimovibile e tappo di aspirazione dell'aria per una facile pulizia  Luxury colore nero  Protezione contro il surriscaldamento         Specifiche dell'asciugacapelli nero per hotel            Dimensioni    Dimensioni articolo (LxPxA) 23,8 x 9 x 27,4 cm   Peso netto dell'articolo 0,46 kg    Informazioni logistiche           Dimensioni showbox (LxPxA) 17,8 x 27,1 x 19,55 cm   Peso della scatola da esposizione 0,66 kg   Dimensioni scatola esterna (LxPxA) 30,55 x 51,45 x 31,4 cm   Peso scatola esterna 3,22 kg   Peso lordo dell'articolo 0,69 kg   Quantit\u00e0 totale per pallet 120    Informazioni aggiuntive           Marca MOOR   Colore Nero   Materiale Polipropilene    Codice prodotto           ID prodotto M6068N   EAN 8720256648710","og_url":"https:\/\/www.ghiblievo.com\/it\/prodotto\/asciugacapelli-nero-per-hotel-susan\/","og_site_name":"Ghibli Evo","article_publisher":"https:\/\/www.facebook.com\/ghiblievo","article_modified_time":"2025-10-28T11:19:09+00:00","og_image":[{"width":1000,"height":1000,"url":"https:\/\/www.ghiblievo.com\/wp-content\/uploads\/2025\/04\/M6068_hair_dryer_SUSAN_EU_2.webp","type":"image\/webp"}],"twitter_card":"summary_large_image","twitter_misc":{"Prezzo":"&euro;59.80","Disponibilit\u00e0":"In stock"},"schema":{"@context":"https:\/\/schema.org","@graph":[{"@type":"WebPage","@id":"https:\/\/www.ghiblievo.com\/it\/prodotto\/asciugacapelli-nero-per-hotel-susan\/","url":"https:\/\/www.ghiblievo.com\/it\/prodotto\/asciugacapelli-nero-per-hotel-susan\/","name":"Asciugacapelli nero per hotel: Susan - Ghibli Evo","isPartOf":{"@id":"https:\/\/www.ghiblievo.com\/it\/#website"},"primaryImageOfPage":{"@id":"https:\/\/www.ghiblievo.com\/it\/prodotto\/asciugacapelli-nero-per-hotel-susan\/#primaryimage"},"image":{"@id":"https:\/\/www.ghiblievo.com\/it\/prodotto\/asciugacapelli-nero-per-hotel-susan\/#primaryimage"},"thumbnailUrl":"https:\/\/www.ghiblievo.com\/wp-content\/uploads\/2025\/04\/M6068_hair_dryer_SUSAN_EU_2.webp","datePublished":"2025-04-18T11:02:08+00:00","dateModified":"2025-10-28T11:19:09+00:00","description":"Asciugacapelli nero per hotel Susan \u00e8 dotato di un potente motore da 2000-2400 W per acconciare in modo rapido ed efficace i tuoi capelli","breadcrumb":{"@id":"https:\/\/www.ghiblievo.com\/it\/prodotto\/asciugacapelli-nero-per-hotel-susan\/#breadcrumb"},"inLanguage":"it-IT","potentialAction":[{"@type":"ReadAction","target":["https:\/\/www.ghiblievo.com\/it\/prodotto\/asciugacapelli-nero-per-hotel-susan\/"]}]},{"@type":"ImageObject","inLanguage":"it-IT","@id":"https:\/\/www.ghiblievo.com\/it\/prodotto\/asciugacapelli-nero-per-hotel-susan\/#primaryimage","url":"https:\/\/www.ghiblievo.com\/wp-content\/uploads\/2025\/04\/M6068_hair_dryer_SUSAN_EU_2.webp","contentUrl":"https:\/\/www.ghiblievo.com\/wp-content\/uploads\/2025\/04\/M6068_hair_dryer_SUSAN_EU_2.webp","width":1000,"height":1000,"caption":"Asciugacapelli nero per hotel"},{"@type":"BreadcrumbList","@id":"https:\/\/www.ghiblievo.com\/it\/prodotto\/asciugacapelli-nero-per-hotel-susan\/#breadcrumb","itemListElement":[{"@type":"ListItem","position":1,"name":"Home","item":"https:\/\/www.ghiblievo.com\/it\/"},{"@type":"ListItem","position":2,"name":"Shop","item":"https:\/\/www.ghiblievo.com\/it\/shop-it\/"},{"@type":"ListItem","position":3,"name":"Asciugacapelli","item":"https:\/\/www.ghiblievo.com\/it\/categoria-prodotto\/asciugacapelli\/"},{"@type":"ListItem","position":4,"name":"Asciugacapelli nero per hotel: Susan"}]},{"@type":"WebSite","@id":"https:\/\/www.ghiblievo.com\/it\/#website","url":"https:\/\/www.ghiblievo.com\/it\/","name":"Ghibli Evo","description":"Hair Dryers for Hotel - Wall Mounted Hair Dryer","publisher":{"@id":"https:\/\/www.ghiblievo.com\/it\/#organization"},"potentialAction":[{"@type":"SearchAction","target":{"@type":"EntryPoint","urlTemplate":"https:\/\/www.ghiblievo.com\/it\/?s={search_term_string}"},"query-input":{"@type":"PropertyValueSpecification","valueRequired":true,"valueName":"search_term_string"}}],"inLanguage":"it-IT"},{"@type":"Organization","@id":"https:\/\/www.ghiblievo.com\/it\/#organization","name":"Ghibli Evo","url":"https:\/\/www.ghiblievo.com\/it\/","logo":{"@type":"ImageObject","inLanguage":"it-IT","@id":"https:\/\/www.ghiblievo.com\/it\/#\/schema\/logo\/image\/","url":"https:\/\/www.ghiblievo.com\/wp-content\/uploads\/2019\/09\/Emblema_HUB-footer.png","contentUrl":"https:\/\/www.ghiblievo.com\/wp-content\/uploads\/2019\/09\/Emblema_HUB-footer.png","width":300,"height":291,"caption":"Ghibli Evo"},"image":{"@id":"https:\/\/www.ghiblievo.com\/it\/#\/schema\/logo\/image\/"},"sameAs":["https:\/\/www.facebook.com\/ghiblievo","https:\/\/www.instagram.com\/ghiblievo\/"],"description":"Ghiblievo is specialized in hotel supplies, bathroom accessories for hotel and hair dryer","email":"info@ghiblievo.com","telephone":"+39 338 4733486","foundingDate":"2009-01-01","vatID":"IT 03607430166"}]},"product_price_amount":"59.80","product_price_currency":"EUR","og_availability":"instock","product_availability":"instock","product_condition":"new"},"_links":{"self":[{"href":"https:\/\/www.ghiblievo.com\/it\/wp-json\/wp\/v2\/product\/53176","targetHints":{"allow":["GET"]}}],"collection":[{"href":"https:\/\/www.ghiblievo.com\/it\/wp-json\/wp\/v2\/product"}],"about":[{"href":"https:\/\/www.ghiblievo.com\/it\/wp-json\/wp\/v2\/types\/product"}],"replies":[{"embeddable":true,"href":"https:\/\/www.ghiblievo.com\/it\/wp-json\/wp\/v2\/comments?post=53176"}],"version-history":[{"count":0,"href":"https:\/\/www.ghiblievo.com\/it\/wp-json\/wp\/v2\/product\/53176\/revisions"}],"wp:featuredmedia":[{"embeddable":true,"href":"https:\/\/www.ghiblievo.com\/it\/wp-json\/wp\/v2\/media\/53172"}],"wp:attachment":[{"href":"https:\/\/www.ghiblievo.com\/it\/wp-json\/wp\/v2\/media?parent=53176"}],"wp:term":[{"taxonomy":"product_cat","embeddable":true,"href":"https:\/\/www.ghiblievo.com\/it\/wp-json\/wp\/v2\/product_cat?post=53176"},{"taxonomy":"product_tag","embeddable":true,"href":"https:\/\/www.ghiblievo.com\/it\/wp-json\/wp\/v2\/product_tag?post=53176"}],"curies":[{"name":"wp","href":"https:\/\/api.w.org\/{rel}","templated":true}]}}