{"id":51493,"date":"2025-04-08T11:27:04","date_gmt":"2025-04-08T10:35:22","guid":{"rendered":"https:\/\/www.ghiblievo.com\/?post_type=product&#038;p=51493"},"modified":"2025-04-08T11:36:20","modified_gmt":"2025-04-08T10:36:20","slug":"tazza-da-caffe-per-hotel-bianca-o-nera-spring","status":"publish","type":"product","link":"https:\/\/www.ghiblievo.com\/it\/prodotto\/tazza-da-caffe-per-hotel-bianca-o-nera-spring\/","title":{"rendered":"Tazza da caff\u00e8 per hotel bianca o nera: Spring"},"content":{"rendered":"","protected":false},"excerpt":{"rendered":"<p>Tazza da caff\u00e8 per hotel in porcellana bianca o nera: Spring<\/p>\n<div class=\"elementor-element elementor-element-d984400 elementor-widget elementor-widget-text-editor\" data-id=\"d984400\" data-element_type=\"widget\" data-widget_type=\"text-editor.default\">\n<div class=\"elementor-widget-container\">\n<ul>\n<li>Porcellana per Hotel resistente<\/li>\n<li>Capacit\u00e0: 20cl<\/li>\n<li>Economico<\/li>\n<li><strong>2 anni di garanzia<\/strong><\/li>\n<\/ul>\n<p><strong>Colori disponibili<\/strong><br \/>\nBianca o Nera<\/p>\n<div class=\"elementor-element elementor-element-8f1e714 elementor-widget elementor-widget-heading\" data-id=\"8f1e714\" data-element_type=\"widget\" data-widget_type=\"heading.default\">\n<div class=\"elementor-widget-container\">\n<p class=\"elementor-heading-title elementor-size-default\"><strong>Specifiche<\/strong><\/p>\n<\/div>\n<\/div>\n<div class=\"elementor-element elementor-element-dfa685f elementor-widget elementor-widget-text-editor\" data-id=\"dfa685f\" data-element_type=\"widget\" data-widget_type=\"text-editor.default\">\n<div class=\"elementor-widget-container\">\n<p>Altezza: 73mm<br \/>\nDiametro superiore: 80mm<br \/>\nDiametro inferiore: 52mm<br \/>\nCapacit\u00e0: 20cl<\/p>\n<div class=\"elementor-element elementor-element-e68cc24 elementor-widget elementor-widget-heading\" data-id=\"e68cc24\" data-element_type=\"widget\" data-widget_type=\"heading.default\">\n<div class=\"elementor-widget-container\">\n<h4 class=\"elementor-heading-title elementor-size-default\">Tazza da caff\u00e8 per hotel economica di B-TRAY<\/h4>\n<\/div>\n<\/div>\n<div class=\"elementor-element elementor-element-dff6ad6 elementor-widget elementor-widget-text-editor\" data-id=\"dff6ad6\" data-element_type=\"widget\" data-widget_type=\"text-editor.default\">\n<div class=\"elementor-widget-container\">\n<p>Presentiamo la tazza da caff\u00e8 SPRING di B-TRAY, realizzata in porcellana alberghiera durevole per una qualit\u00e0 duratura. Questo modello economico \u00e8 progettato per resistere alle esigenze degli ambienti alberghieri affollati mantenendo un aspetto elegante. Con una capacit\u00e0 di 20 cl, \u00e8 perfetta per servire una deliziosa tazza di caff\u00e8 ai vostri ospiti.<\/p>\n<p>La tazza da caff\u00e8 SPRING (dimensione caff\u00e8) \u00e8 disponibile anche in bianco, offrendo un\u2019alternativa elegante al classico nero. Si abbina perfettamente ai nostri vassoi di cortesia, creando una presentazione coerente e sofisticata. Per una maggiore tranquillit\u00e0, la tazza SPRING viene fornita con una garanzia di 2 anni, garantendo la sua durata e affidabilit\u00e0 nel vostro hotel.<\/p>\n<p>Migliorate l\u2019esperienza dei vostri ospiti con la tazza da caff\u00e8 SPRING di B-TRAY!<\/p>\n<\/div>\n<\/div>\n<\/div>\n<\/div>\n<\/div>\n<\/div>\n","protected":false},"featured_media":51489,"comment_status":"open","ping_status":"closed","template":"","meta":{"_acf_changed":false,"ngg_post_thumbnail":0,"footnotes":""},"product_cat":[1055,1061],"product_tag":[],"class_list":{"0":"post-51493","1":"product","2":"type-product","3":"status-publish","4":"has-post-thumbnail","6":"product_cat-complementi-darredo-per-hotel","7":"product_cat-complementi-per-camera-hotel","9":"first","10":"instock","11":"shipping-taxable","12":"purchasable","13":"product-type-simple"},"acf":[],"yoast_head":"<!-- This site is optimized with the Yoast SEO Premium plugin v26.7 (Yoast SEO v26.7) - https:\/\/yoast.com\/wordpress\/plugins\/seo\/ -->\n<title>Tazza da caff\u00e8 per hotel bianca o nera: Spring - Ghibli Evo<\/title>\n<meta name=\"description\" content=\"Tazza da caff\u00e8 per hotel nei colori nero o bianco in porcellana, modello economico \u00e8 progettato per resistere alle esigenze degli ambienti alberghieri\" \/>\n<meta name=\"robots\" content=\"index, follow, max-snippet:-1, max-image-preview:large, max-video-preview:-1\" \/>\n<link rel=\"canonical\" href=\"https:\/\/www.ghiblievo.com\/it\/prodotto\/tazza-da-caffe-per-hotel-bianca-o-nera-spring\/\" \/>\n<meta property=\"og:locale\" content=\"it_IT\" \/>\n<meta property=\"og:type\" content=\"article\" \/>\n<meta property=\"og:title\" content=\"Tazza da caff\u00e8 per hotel bianca o nera: Spring\" \/>\n<meta property=\"og:description\" content=\"Tazza da caff\u00e8 per hotel in porcellana bianca o nera: Spring     Porcellana per Hotel resistente  Capacit\u00e0: 20cl  Economico  2 anni di garanzia  Colori disponibili Bianca o Nera   Specifiche       Altezza: 73mm Diametro superiore: 80mm Diametro inferiore: 52mm Capacit\u00e0: 20cl   Tazza da caff\u00e8 per hotel economica di B-TRAY      Presentiamo la tazza da caff\u00e8 SPRING di B-TRAY, realizzata in porcellana alberghiera durevole per una qualit\u00e0 duratura. Questo modello economico \u00e8 progettato per resistere alle esigenze degli ambienti alberghieri affollati mantenendo un aspetto elegante. Con una capacit\u00e0 di 20 cl, \u00e8 perfetta per servire una deliziosa tazza di caff\u00e8 ai vostri ospiti.  La tazza da caff\u00e8 SPRING (dimensione caff\u00e8) \u00e8 disponibile anche in bianco, offrendo un\u2019alternativa elegante al classico nero. Si abbina perfettamente ai nostri vassoi di cortesia, creando una presentazione coerente e sofisticata. Per una maggiore tranquillit\u00e0, la tazza SPRING viene fornita con una garanzia di 2 anni, garantendo la sua durata e affidabilit\u00e0 nel vostro hotel.  Migliorate l\u2019esperienza dei vostri ospiti con la tazza da caff\u00e8 SPRING di B-TRAY!\" \/>\n<meta property=\"og:url\" content=\"https:\/\/www.ghiblievo.com\/it\/prodotto\/tazza-da-caffe-per-hotel-bianca-o-nera-spring\/\" \/>\n<meta property=\"og:site_name\" content=\"Ghibli Evo\" \/>\n<meta property=\"article:publisher\" content=\"https:\/\/www.facebook.com\/ghiblievo\" \/>\n<meta property=\"article:modified_time\" content=\"2025-04-08T10:36:20+00:00\" \/>\n<meta property=\"og:image\" content=\"https:\/\/www.ghiblievo.com\/wp-content\/uploads\/2025\/04\/SPRING-hotel-porcelain-cup-B-TRAY-white-or-black.webp\" \/>\n\t<meta property=\"og:image:width\" content=\"1000\" \/>\n\t<meta property=\"og:image:height\" content=\"1000\" \/>\n\t<meta property=\"og:image:type\" content=\"image\/webp\" \/>\n<meta name=\"twitter:card\" content=\"summary_large_image\" \/>\n<meta name=\"twitter:label1\" content=\"Prezzo\" \/>\n\t<meta name=\"twitter:data1\" content=\"&euro;7.90\" \/>\n\t<meta name=\"twitter:label2\" content=\"Disponibilit\u00e0\" \/>\n\t<meta name=\"twitter:data2\" content=\"In stock\" \/>\n<script type=\"application\/ld+json\" class=\"yoast-schema-graph\">{\"@context\":\"https:\/\/schema.org\",\"@graph\":[{\"@type\":\"WebPage\",\"@id\":\"https:\/\/www.ghiblievo.com\/it\/prodotto\/tazza-da-caffe-per-hotel-bianca-o-nera-spring\/\",\"url\":\"https:\/\/www.ghiblievo.com\/it\/prodotto\/tazza-da-caffe-per-hotel-bianca-o-nera-spring\/\",\"name\":\"Tazza da caff\u00e8 per hotel bianca o nera: Spring - Ghibli Evo\",\"isPartOf\":{\"@id\":\"https:\/\/www.ghiblievo.com\/it\/#website\"},\"primaryImageOfPage\":{\"@id\":\"https:\/\/www.ghiblievo.com\/it\/prodotto\/tazza-da-caffe-per-hotel-bianca-o-nera-spring\/#primaryimage\"},\"image\":{\"@id\":\"https:\/\/www.ghiblievo.com\/it\/prodotto\/tazza-da-caffe-per-hotel-bianca-o-nera-spring\/#primaryimage\"},\"thumbnailUrl\":\"https:\/\/www.ghiblievo.com\/wp-content\/uploads\/2025\/04\/SPRING-hotel-porcelain-cup-B-TRAY-white-or-black.webp\",\"datePublished\":\"2025-04-08T10:35:22+00:00\",\"dateModified\":\"2025-04-08T10:36:20+00:00\",\"description\":\"Tazza da caff\u00e8 per hotel nei colori nero o bianco in porcellana, modello economico \u00e8 progettato per resistere alle esigenze degli ambienti alberghieri\",\"breadcrumb\":{\"@id\":\"https:\/\/www.ghiblievo.com\/it\/prodotto\/tazza-da-caffe-per-hotel-bianca-o-nera-spring\/#breadcrumb\"},\"inLanguage\":\"it-IT\",\"potentialAction\":[{\"@type\":\"ReadAction\",\"target\":[\"https:\/\/www.ghiblievo.com\/it\/prodotto\/tazza-da-caffe-per-hotel-bianca-o-nera-spring\/\"]}]},{\"@type\":\"ImageObject\",\"inLanguage\":\"it-IT\",\"@id\":\"https:\/\/www.ghiblievo.com\/it\/prodotto\/tazza-da-caffe-per-hotel-bianca-o-nera-spring\/#primaryimage\",\"url\":\"https:\/\/www.ghiblievo.com\/wp-content\/uploads\/2025\/04\/SPRING-hotel-porcelain-cup-B-TRAY-white-or-black.webp\",\"contentUrl\":\"https:\/\/www.ghiblievo.com\/wp-content\/uploads\/2025\/04\/SPRING-hotel-porcelain-cup-B-TRAY-white-or-black.webp\",\"width\":1000,\"height\":1000,\"caption\":\"Tazza da caff\u00e8 per hotel bianca o nera\"},{\"@type\":\"BreadcrumbList\",\"@id\":\"https:\/\/www.ghiblievo.com\/it\/prodotto\/tazza-da-caffe-per-hotel-bianca-o-nera-spring\/#breadcrumb\",\"itemListElement\":[{\"@type\":\"ListItem\",\"position\":1,\"name\":\"Home\",\"item\":\"https:\/\/www.ghiblievo.com\/it\/\"},{\"@type\":\"ListItem\",\"position\":2,\"name\":\"Shop\",\"item\":\"https:\/\/www.ghiblievo.com\/it\/shop-it\/\"},{\"@type\":\"ListItem\",\"position\":3,\"name\":\"Complementi d'arredo per hotel\",\"item\":\"https:\/\/www.ghiblievo.com\/it\/categoria-prodotto\/complementi-darredo-per-hotel\/\"},{\"@type\":\"ListItem\",\"position\":4,\"name\":\"Complementi per camera hotel\",\"item\":\"https:\/\/www.ghiblievo.com\/it\/categoria-prodotto\/complementi-darredo-per-hotel\/complementi-per-camera-hotel\/\"},{\"@type\":\"ListItem\",\"position\":5,\"name\":\"Tazza da caff\u00e8 per hotel bianca o nera: Spring\"}]},{\"@type\":\"WebSite\",\"@id\":\"https:\/\/www.ghiblievo.com\/it\/#website\",\"url\":\"https:\/\/www.ghiblievo.com\/it\/\",\"name\":\"Ghibli Evo\",\"description\":\"Hair Dryers for Hotel - Wall Mounted Hair Dryer\",\"publisher\":{\"@id\":\"https:\/\/www.ghiblievo.com\/it\/#organization\"},\"potentialAction\":[{\"@type\":\"SearchAction\",\"target\":{\"@type\":\"EntryPoint\",\"urlTemplate\":\"https:\/\/www.ghiblievo.com\/it\/?s={search_term_string}\"},\"query-input\":{\"@type\":\"PropertyValueSpecification\",\"valueRequired\":true,\"valueName\":\"search_term_string\"}}],\"inLanguage\":\"it-IT\"},{\"@type\":\"Organization\",\"@id\":\"https:\/\/www.ghiblievo.com\/it\/#organization\",\"name\":\"Ghibli Evo\",\"url\":\"https:\/\/www.ghiblievo.com\/it\/\",\"logo\":{\"@type\":\"ImageObject\",\"inLanguage\":\"it-IT\",\"@id\":\"https:\/\/www.ghiblievo.com\/it\/#\/schema\/logo\/image\/\",\"url\":\"https:\/\/www.ghiblievo.com\/wp-content\/uploads\/2019\/09\/Emblema_HUB-footer.png\",\"contentUrl\":\"https:\/\/www.ghiblievo.com\/wp-content\/uploads\/2019\/09\/Emblema_HUB-footer.png\",\"width\":300,\"height\":291,\"caption\":\"Ghibli Evo\"},\"image\":{\"@id\":\"https:\/\/www.ghiblievo.com\/it\/#\/schema\/logo\/image\/\"},\"sameAs\":[\"https:\/\/www.facebook.com\/ghiblievo\",\"https:\/\/www.instagram.com\/ghiblievo\/\"],\"description\":\"Ghiblievo is specialized in hotel supplies, bathroom accessories for hotel and hair dryer\",\"email\":\"info@ghiblievo.com\",\"telephone\":\"+39 338 4733486\",\"foundingDate\":\"2009-01-01\",\"vatID\":\"IT 03607430166\"}]}<\/script>\n<meta property=\"product:price:amount\" content=\"7.90\" \/>\n<meta property=\"product:price:currency\" content=\"EUR\" \/>\n<meta property=\"og:availability\" content=\"instock\" \/>\n<meta property=\"product:availability\" content=\"instock\" \/>\n<meta property=\"product:condition\" content=\"new\" \/>\n<!-- \/ Yoast SEO Premium plugin. -->","yoast_head_json":{"title":"Tazza da caff\u00e8 per hotel bianca o nera: Spring - Ghibli Evo","description":"Tazza da caff\u00e8 per hotel nei colori nero o bianco in porcellana, modello economico \u00e8 progettato per resistere alle esigenze degli ambienti alberghieri","robots":{"index":"index","follow":"follow","max-snippet":"max-snippet:-1","max-image-preview":"max-image-preview:large","max-video-preview":"max-video-preview:-1"},"canonical":"https:\/\/www.ghiblievo.com\/it\/prodotto\/tazza-da-caffe-per-hotel-bianca-o-nera-spring\/","og_locale":"it_IT","og_type":"article","og_title":"Tazza da caff\u00e8 per hotel bianca o nera: Spring","og_description":"Tazza da caff\u00e8 per hotel in porcellana bianca o nera: Spring     Porcellana per Hotel resistente  Capacit\u00e0: 20cl  Economico  2 anni di garanzia  Colori disponibili Bianca o Nera   Specifiche       Altezza: 73mm Diametro superiore: 80mm Diametro inferiore: 52mm Capacit\u00e0: 20cl   Tazza da caff\u00e8 per hotel economica di B-TRAY      Presentiamo la tazza da caff\u00e8 SPRING di B-TRAY, realizzata in porcellana alberghiera durevole per una qualit\u00e0 duratura. Questo modello economico \u00e8 progettato per resistere alle esigenze degli ambienti alberghieri affollati mantenendo un aspetto elegante. Con una capacit\u00e0 di 20 cl, \u00e8 perfetta per servire una deliziosa tazza di caff\u00e8 ai vostri ospiti.  La tazza da caff\u00e8 SPRING (dimensione caff\u00e8) \u00e8 disponibile anche in bianco, offrendo un\u2019alternativa elegante al classico nero. Si abbina perfettamente ai nostri vassoi di cortesia, creando una presentazione coerente e sofisticata. Per una maggiore tranquillit\u00e0, la tazza SPRING viene fornita con una garanzia di 2 anni, garantendo la sua durata e affidabilit\u00e0 nel vostro hotel.  Migliorate l\u2019esperienza dei vostri ospiti con la tazza da caff\u00e8 SPRING di B-TRAY!","og_url":"https:\/\/www.ghiblievo.com\/it\/prodotto\/tazza-da-caffe-per-hotel-bianca-o-nera-spring\/","og_site_name":"Ghibli Evo","article_publisher":"https:\/\/www.facebook.com\/ghiblievo","article_modified_time":"2025-04-08T10:36:20+00:00","og_image":[{"width":1000,"height":1000,"url":"https:\/\/www.ghiblievo.com\/wp-content\/uploads\/2025\/04\/SPRING-hotel-porcelain-cup-B-TRAY-white-or-black.webp","type":"image\/webp"}],"twitter_card":"summary_large_image","twitter_misc":{"Prezzo":"&euro;7.90","Disponibilit\u00e0":"In stock"},"schema":{"@context":"https:\/\/schema.org","@graph":[{"@type":"WebPage","@id":"https:\/\/www.ghiblievo.com\/it\/prodotto\/tazza-da-caffe-per-hotel-bianca-o-nera-spring\/","url":"https:\/\/www.ghiblievo.com\/it\/prodotto\/tazza-da-caffe-per-hotel-bianca-o-nera-spring\/","name":"Tazza da caff\u00e8 per hotel bianca o nera: Spring - Ghibli Evo","isPartOf":{"@id":"https:\/\/www.ghiblievo.com\/it\/#website"},"primaryImageOfPage":{"@id":"https:\/\/www.ghiblievo.com\/it\/prodotto\/tazza-da-caffe-per-hotel-bianca-o-nera-spring\/#primaryimage"},"image":{"@id":"https:\/\/www.ghiblievo.com\/it\/prodotto\/tazza-da-caffe-per-hotel-bianca-o-nera-spring\/#primaryimage"},"thumbnailUrl":"https:\/\/www.ghiblievo.com\/wp-content\/uploads\/2025\/04\/SPRING-hotel-porcelain-cup-B-TRAY-white-or-black.webp","datePublished":"2025-04-08T10:35:22+00:00","dateModified":"2025-04-08T10:36:20+00:00","description":"Tazza da caff\u00e8 per hotel nei colori nero o bianco in porcellana, modello economico \u00e8 progettato per resistere alle esigenze degli ambienti alberghieri","breadcrumb":{"@id":"https:\/\/www.ghiblievo.com\/it\/prodotto\/tazza-da-caffe-per-hotel-bianca-o-nera-spring\/#breadcrumb"},"inLanguage":"it-IT","potentialAction":[{"@type":"ReadAction","target":["https:\/\/www.ghiblievo.com\/it\/prodotto\/tazza-da-caffe-per-hotel-bianca-o-nera-spring\/"]}]},{"@type":"ImageObject","inLanguage":"it-IT","@id":"https:\/\/www.ghiblievo.com\/it\/prodotto\/tazza-da-caffe-per-hotel-bianca-o-nera-spring\/#primaryimage","url":"https:\/\/www.ghiblievo.com\/wp-content\/uploads\/2025\/04\/SPRING-hotel-porcelain-cup-B-TRAY-white-or-black.webp","contentUrl":"https:\/\/www.ghiblievo.com\/wp-content\/uploads\/2025\/04\/SPRING-hotel-porcelain-cup-B-TRAY-white-or-black.webp","width":1000,"height":1000,"caption":"Tazza da caff\u00e8 per hotel bianca o nera"},{"@type":"BreadcrumbList","@id":"https:\/\/www.ghiblievo.com\/it\/prodotto\/tazza-da-caffe-per-hotel-bianca-o-nera-spring\/#breadcrumb","itemListElement":[{"@type":"ListItem","position":1,"name":"Home","item":"https:\/\/www.ghiblievo.com\/it\/"},{"@type":"ListItem","position":2,"name":"Shop","item":"https:\/\/www.ghiblievo.com\/it\/shop-it\/"},{"@type":"ListItem","position":3,"name":"Complementi d'arredo per hotel","item":"https:\/\/www.ghiblievo.com\/it\/categoria-prodotto\/complementi-darredo-per-hotel\/"},{"@type":"ListItem","position":4,"name":"Complementi per camera hotel","item":"https:\/\/www.ghiblievo.com\/it\/categoria-prodotto\/complementi-darredo-per-hotel\/complementi-per-camera-hotel\/"},{"@type":"ListItem","position":5,"name":"Tazza da caff\u00e8 per hotel bianca o nera: Spring"}]},{"@type":"WebSite","@id":"https:\/\/www.ghiblievo.com\/it\/#website","url":"https:\/\/www.ghiblievo.com\/it\/","name":"Ghibli Evo","description":"Hair Dryers for Hotel - Wall Mounted Hair Dryer","publisher":{"@id":"https:\/\/www.ghiblievo.com\/it\/#organization"},"potentialAction":[{"@type":"SearchAction","target":{"@type":"EntryPoint","urlTemplate":"https:\/\/www.ghiblievo.com\/it\/?s={search_term_string}"},"query-input":{"@type":"PropertyValueSpecification","valueRequired":true,"valueName":"search_term_string"}}],"inLanguage":"it-IT"},{"@type":"Organization","@id":"https:\/\/www.ghiblievo.com\/it\/#organization","name":"Ghibli Evo","url":"https:\/\/www.ghiblievo.com\/it\/","logo":{"@type":"ImageObject","inLanguage":"it-IT","@id":"https:\/\/www.ghiblievo.com\/it\/#\/schema\/logo\/image\/","url":"https:\/\/www.ghiblievo.com\/wp-content\/uploads\/2019\/09\/Emblema_HUB-footer.png","contentUrl":"https:\/\/www.ghiblievo.com\/wp-content\/uploads\/2019\/09\/Emblema_HUB-footer.png","width":300,"height":291,"caption":"Ghibli Evo"},"image":{"@id":"https:\/\/www.ghiblievo.com\/it\/#\/schema\/logo\/image\/"},"sameAs":["https:\/\/www.facebook.com\/ghiblievo","https:\/\/www.instagram.com\/ghiblievo\/"],"description":"Ghiblievo is specialized in hotel supplies, bathroom accessories for hotel and hair dryer","email":"info@ghiblievo.com","telephone":"+39 338 4733486","foundingDate":"2009-01-01","vatID":"IT 03607430166"}]},"product_price_amount":"7.90","product_price_currency":"EUR","og_availability":"instock","product_availability":"instock","product_condition":"new"},"_links":{"self":[{"href":"https:\/\/www.ghiblievo.com\/it\/wp-json\/wp\/v2\/product\/51493","targetHints":{"allow":["GET"]}}],"collection":[{"href":"https:\/\/www.ghiblievo.com\/it\/wp-json\/wp\/v2\/product"}],"about":[{"href":"https:\/\/www.ghiblievo.com\/it\/wp-json\/wp\/v2\/types\/product"}],"replies":[{"embeddable":true,"href":"https:\/\/www.ghiblievo.com\/it\/wp-json\/wp\/v2\/comments?post=51493"}],"version-history":[{"count":0,"href":"https:\/\/www.ghiblievo.com\/it\/wp-json\/wp\/v2\/product\/51493\/revisions"}],"wp:featuredmedia":[{"embeddable":true,"href":"https:\/\/www.ghiblievo.com\/it\/wp-json\/wp\/v2\/media\/51489"}],"wp:attachment":[{"href":"https:\/\/www.ghiblievo.com\/it\/wp-json\/wp\/v2\/media?parent=51493"}],"wp:term":[{"taxonomy":"product_cat","embeddable":true,"href":"https:\/\/www.ghiblievo.com\/it\/wp-json\/wp\/v2\/product_cat?post=51493"},{"taxonomy":"product_tag","embeddable":true,"href":"https:\/\/www.ghiblievo.com\/it\/wp-json\/wp\/v2\/product_tag?post=51493"}],"curies":[{"name":"wp","href":"https:\/\/api.w.org\/{rel}","templated":true}]}}