{"id":51433,"date":"2025-04-08T10:53:43","date_gmt":"2025-04-08T10:05:31","guid":{"rendered":"https:\/\/www.ghiblievo.com\/?post_type=product&#038;p=51433"},"modified":"2025-04-08T11:07:18","modified_gmt":"2025-04-08T10:07:18","slug":"cestino-per-hotel-per-raccolta-differenziata-sumo","status":"publish","type":"product","link":"https:\/\/www.ghiblievo.com\/it\/prodotto\/cestino-per-hotel-per-raccolta-differenziata-sumo\/","title":{"rendered":"Cestino per hotel per raccolta differenziata: Sumo"},"content":{"rendered":"","protected":false},"excerpt":{"rendered":"<h2>Cestino per hotel per raccolta differenziata beige o nero: Sumo<\/h2>\n<ul>\n<li>Cestino per hotel per raccolta differenziata a doppio strato con finitura in similpelle<\/li>\n<li>Progettato per nascondere il sacchetto dell\u2019immondizia e mantenerlo al suo posto<\/li>\n<li>Scelta elegante e pratica per le camere degli ospiti<\/li>\n<li>Il cestino interno \u00e8 realizzato in metallo verniciato a polvere (nero)<\/li>\n<li>Il cestino esterno \u00e8 rivestito in ecopelle<br \/>\nIdrorepellente e facile da pulire<\/li>\n<li>Base antiscivolo per una maggiore stabilit\u00e0 e protezione del pavimento<\/li>\n<li><strong>Garanzia di 2 anni<\/strong><\/li>\n<\/ul>\n<p><strong>Colori<\/strong><br \/>\nBeige caldo o&nbsp;nero<\/p>\n<div class=\"elementor-element elementor-element-edc69f2 elementor-widget elementor-widget-heading\" data-id=\"edc69f2\" data-element_type=\"widget\" data-widget_type=\"heading.default\">\n<div class=\"elementor-widget-container\">\n<h2 class=\"elementor-heading-title elementor-size-default\">SUMO cestino per hotel: Praticit\u00e0 e Design<\/h2>\n<\/div>\n<\/div>\n<div class=\"elementor-element elementor-element-c462aa3 elementor-widget elementor-widget-text-editor\" data-id=\"c462aa3\" data-element_type=\"widget\" data-widget_type=\"text-editor.default\">\n<div class=\"elementor-widget-container\">\n<p>Il cestino SUMO vanta un design innovativo che nasconde astutamente i sacchetti della spazzatura, mantenendo il fascino estetico delle vostre camere d\u2019albergo. Composto da due componenti, il cestino presenta una sezione interna e uno strato esterno scorrevole rivestito in finta pelle di alta qualit\u00e0.<\/p>\n<p>Per utilizzarlo, gli ospiti o il personale di pulizia possono sollevare senza sforzo lo strato esterno, posizionare il sacchetto della spazzatura all\u2019interno della sezione interna e poi riposizionare lo strato esterno. Questa integrazione senza soluzione di continuit\u00e0 assicura una presentazione ordinata ed elegante, migliorando l\u2019atmosfera generale della stanza.<\/p>\n<div class=\"elementor-element elementor-element-208d452 elementor-widget elementor-widget-heading\" data-id=\"208d452\" data-element_type=\"widget\" data-widget_type=\"heading.default\">\n<div class=\"elementor-widget-container\">\n<h2 class=\"elementor-heading-title elementor-size-default\">Inserto per raccolta differenziata opzionale<\/h2>\n<\/div>\n<\/div>\n<div class=\"elementor-element elementor-element-adf014a elementor-widget elementor-widget-text-editor\" data-id=\"adf014a\" data-element_type=\"widget\" data-widget_type=\"text-editor.default\">\n<div class=\"elementor-widget-container\">\n<p>Potenziate l\u2019impegno ecologico del vostro hotel con l\u2019inserto riciclabile opzionale per il cestino SUMO. Questo accessorio intelligente facilita la separazione dei rifiuti riciclabili e non, direttamente nelle camere degli ospiti. \u00c8 una soluzione comoda e consapevole, che sostiene gli obiettivi di sostenibilit\u00e0 del vostro albergo. L\u2019inserto SUMO dimostra la vostra dedizione alle pratiche eco-sostenibili, contribuendo a un pianeta pi\u00f9 pulito e offrendo agli ospiti un modo semplice per aderire alle vostre iniziative verdi.<\/p>\n<\/div>\n<\/div>\n<\/div>\n<\/div>\n","protected":false},"featured_media":51365,"comment_status":"open","ping_status":"closed","template":"","meta":{"_acf_changed":false,"ngg_post_thumbnail":0,"footnotes":""},"product_cat":[1191,1202,1055,1061],"product_tag":[],"class_list":{"0":"post-51433","1":"product","2":"type-product","3":"status-publish","4":"has-post-thumbnail","6":"product_cat-cestini","7":"product_cat-cestini-da-appoggio","8":"product_cat-complementi-darredo-per-hotel","9":"product_cat-complementi-per-camera-hotel","11":"first","12":"instock","13":"shipping-taxable","14":"purchasable","15":"product-type-simple"},"acf":[],"yoast_head":"<!-- This site is optimized with the Yoast SEO Premium plugin v26.7 (Yoast SEO v26.7) - https:\/\/yoast.com\/wordpress\/plugins\/seo\/ -->\n<title>Cestino per hotel per raccolta differenziata: Sumo - Ghibli Evo<\/title>\n<meta name=\"description\" content=\"Cestino per hotel per raccolta differenziata: Sumo\" \/>\n<meta name=\"robots\" content=\"index, follow, max-snippet:-1, max-image-preview:large, max-video-preview:-1\" \/>\n<link rel=\"canonical\" href=\"https:\/\/www.ghiblievo.com\/it\/prodotto\/cestino-per-hotel-per-raccolta-differenziata-sumo\/\" \/>\n<meta property=\"og:locale\" content=\"it_IT\" \/>\n<meta property=\"og:type\" content=\"article\" \/>\n<meta property=\"og:title\" content=\"Cestino per hotel per raccolta differenziata: Sumo\" \/>\n<meta property=\"og:description\" content=\"Cestino per hotel per raccolta differenziata beige o nero: Sumo   Cestino per hotel per raccolta differenziata a doppio strato con finitura in similpelle  Progettato per nascondere il sacchetto dell\u2019immondizia e mantenerlo al suo posto  Scelta elegante e pratica per le camere degli ospiti  Il cestino interno \u00e8 realizzato in metallo verniciato a polvere (nero)  Il cestino esterno \u00e8 rivestito in ecopelle Idrorepellente e facile da pulire  Base antiscivolo per una maggiore stabilit\u00e0 e protezione del pavimento  Garanzia di 2 anni  Colori Beige caldo o&nbsp;nero   SUMO cestino per hotel: Praticit\u00e0 e Design      Il cestino SUMO vanta un design innovativo che nasconde astutamente i sacchetti della spazzatura, mantenendo il fascino estetico delle vostre camere d\u2019albergo. Composto da due componenti, il cestino presenta una sezione interna e uno strato esterno scorrevole rivestito in finta pelle di alta qualit\u00e0.  Per utilizzarlo, gli ospiti o il personale di pulizia possono sollevare senza sforzo lo strato esterno, posizionare il sacchetto della spazzatura all\u2019interno della sezione interna e poi riposizionare lo strato esterno. Questa integrazione senza soluzione di continuit\u00e0 assicura una presentazione ordinata ed elegante, migliorando l\u2019atmosfera generale della stanza.   Inserto per raccolta differenziata opzionale      Potenziate l\u2019impegno ecologico del vostro hotel con l\u2019inserto riciclabile opzionale per il cestino SUMO. Questo accessorio intelligente facilita la separazione dei rifiuti riciclabili e non, direttamente nelle camere degli ospiti. \u00c8 una soluzione comoda e consapevole, che sostiene gli obiettivi di sostenibilit\u00e0 del vostro albergo. L\u2019inserto SUMO dimostra la vostra dedizione alle pratiche eco-sostenibili, contribuendo a un pianeta pi\u00f9 pulito e offrendo agli ospiti un modo semplice per aderire alle vostre iniziative verdi.\" \/>\n<meta property=\"og:url\" content=\"https:\/\/www.ghiblievo.com\/it\/prodotto\/cestino-per-hotel-per-raccolta-differenziata-sumo\/\" \/>\n<meta property=\"og:site_name\" content=\"Ghibli Evo\" \/>\n<meta property=\"article:publisher\" content=\"https:\/\/www.facebook.com\/ghiblievo\" \/>\n<meta property=\"article:modified_time\" content=\"2025-04-08T10:07:18+00:00\" \/>\n<meta property=\"og:image\" content=\"https:\/\/www.ghiblievo.com\/wp-content\/uploads\/2025\/04\/SUMO-beige-and-black.webp\" \/>\n\t<meta property=\"og:image:width\" content=\"1000\" \/>\n\t<meta property=\"og:image:height\" content=\"1000\" \/>\n\t<meta property=\"og:image:type\" content=\"image\/webp\" \/>\n<meta name=\"twitter:card\" content=\"summary_large_image\" \/>\n<meta name=\"twitter:label1\" content=\"Prezzo\" \/>\n\t<meta name=\"twitter:data1\" content=\"&euro;60.00\" \/>\n\t<meta name=\"twitter:label2\" content=\"Disponibilit\u00e0\" \/>\n\t<meta name=\"twitter:data2\" content=\"In stock\" \/>\n<script type=\"application\/ld+json\" class=\"yoast-schema-graph\">{\"@context\":\"https:\/\/schema.org\",\"@graph\":[{\"@type\":\"WebPage\",\"@id\":\"https:\/\/www.ghiblievo.com\/it\/prodotto\/cestino-per-hotel-per-raccolta-differenziata-sumo\/\",\"url\":\"https:\/\/www.ghiblievo.com\/it\/prodotto\/cestino-per-hotel-per-raccolta-differenziata-sumo\/\",\"name\":\"Cestino per hotel per raccolta differenziata: Sumo - Ghibli Evo\",\"isPartOf\":{\"@id\":\"https:\/\/www.ghiblievo.com\/it\/#website\"},\"primaryImageOfPage\":{\"@id\":\"https:\/\/www.ghiblievo.com\/it\/prodotto\/cestino-per-hotel-per-raccolta-differenziata-sumo\/#primaryimage\"},\"image\":{\"@id\":\"https:\/\/www.ghiblievo.com\/it\/prodotto\/cestino-per-hotel-per-raccolta-differenziata-sumo\/#primaryimage\"},\"thumbnailUrl\":\"https:\/\/www.ghiblievo.com\/wp-content\/uploads\/2025\/04\/SUMO-beige-and-black.webp\",\"datePublished\":\"2025-04-08T10:05:31+00:00\",\"dateModified\":\"2025-04-08T10:07:18+00:00\",\"description\":\"Cestino per hotel per raccolta differenziata: Sumo\",\"breadcrumb\":{\"@id\":\"https:\/\/www.ghiblievo.com\/it\/prodotto\/cestino-per-hotel-per-raccolta-differenziata-sumo\/#breadcrumb\"},\"inLanguage\":\"it-IT\",\"potentialAction\":[{\"@type\":\"ReadAction\",\"target\":[\"https:\/\/www.ghiblievo.com\/it\/prodotto\/cestino-per-hotel-per-raccolta-differenziata-sumo\/\"]}]},{\"@type\":\"ImageObject\",\"inLanguage\":\"it-IT\",\"@id\":\"https:\/\/www.ghiblievo.com\/it\/prodotto\/cestino-per-hotel-per-raccolta-differenziata-sumo\/#primaryimage\",\"url\":\"https:\/\/www.ghiblievo.com\/wp-content\/uploads\/2025\/04\/SUMO-beige-and-black.webp\",\"contentUrl\":\"https:\/\/www.ghiblievo.com\/wp-content\/uploads\/2025\/04\/SUMO-beige-and-black.webp\",\"width\":1000,\"height\":1000,\"caption\":\"Cestino per hotel per raccolta differenziata\"},{\"@type\":\"BreadcrumbList\",\"@id\":\"https:\/\/www.ghiblievo.com\/it\/prodotto\/cestino-per-hotel-per-raccolta-differenziata-sumo\/#breadcrumb\",\"itemListElement\":[{\"@type\":\"ListItem\",\"position\":1,\"name\":\"Home\",\"item\":\"https:\/\/www.ghiblievo.com\/it\/\"},{\"@type\":\"ListItem\",\"position\":2,\"name\":\"Shop\",\"item\":\"https:\/\/www.ghiblievo.com\/it\/shop-it\/\"},{\"@type\":\"ListItem\",\"position\":3,\"name\":\"Cestini\",\"item\":\"https:\/\/www.ghiblievo.com\/it\/categoria-prodotto\/cestini\/\"},{\"@type\":\"ListItem\",\"position\":4,\"name\":\"Cestini da appoggio\",\"item\":\"https:\/\/www.ghiblievo.com\/it\/categoria-prodotto\/cestini\/cestini-da-appoggio\/\"},{\"@type\":\"ListItem\",\"position\":5,\"name\":\"Cestino per hotel per raccolta differenziata: Sumo\"}]},{\"@type\":\"WebSite\",\"@id\":\"https:\/\/www.ghiblievo.com\/it\/#website\",\"url\":\"https:\/\/www.ghiblievo.com\/it\/\",\"name\":\"Ghibli Evo\",\"description\":\"Hair Dryers for Hotel - Wall Mounted Hair Dryer\",\"publisher\":{\"@id\":\"https:\/\/www.ghiblievo.com\/it\/#organization\"},\"potentialAction\":[{\"@type\":\"SearchAction\",\"target\":{\"@type\":\"EntryPoint\",\"urlTemplate\":\"https:\/\/www.ghiblievo.com\/it\/?s={search_term_string}\"},\"query-input\":{\"@type\":\"PropertyValueSpecification\",\"valueRequired\":true,\"valueName\":\"search_term_string\"}}],\"inLanguage\":\"it-IT\"},{\"@type\":\"Organization\",\"@id\":\"https:\/\/www.ghiblievo.com\/it\/#organization\",\"name\":\"Ghibli Evo\",\"url\":\"https:\/\/www.ghiblievo.com\/it\/\",\"logo\":{\"@type\":\"ImageObject\",\"inLanguage\":\"it-IT\",\"@id\":\"https:\/\/www.ghiblievo.com\/it\/#\/schema\/logo\/image\/\",\"url\":\"https:\/\/www.ghiblievo.com\/wp-content\/uploads\/2019\/09\/Emblema_HUB-footer.png\",\"contentUrl\":\"https:\/\/www.ghiblievo.com\/wp-content\/uploads\/2019\/09\/Emblema_HUB-footer.png\",\"width\":300,\"height\":291,\"caption\":\"Ghibli Evo\"},\"image\":{\"@id\":\"https:\/\/www.ghiblievo.com\/it\/#\/schema\/logo\/image\/\"},\"sameAs\":[\"https:\/\/www.facebook.com\/ghiblievo\",\"https:\/\/www.instagram.com\/ghiblievo\/\"],\"description\":\"Ghiblievo is specialized in hotel supplies, bathroom accessories for hotel and hair dryer\",\"email\":\"info@ghiblievo.com\",\"telephone\":\"+39 338 4733486\",\"foundingDate\":\"2009-01-01\",\"vatID\":\"IT 03607430166\"}]}<\/script>\n<meta property=\"product:price:amount\" content=\"60.00\" \/>\n<meta property=\"product:price:currency\" content=\"EUR\" \/>\n<meta property=\"og:availability\" content=\"instock\" \/>\n<meta property=\"product:availability\" content=\"instock\" \/>\n<meta property=\"product:condition\" content=\"new\" \/>\n<!-- \/ Yoast SEO Premium plugin. -->","yoast_head_json":{"title":"Cestino per hotel per raccolta differenziata: Sumo - Ghibli Evo","description":"Cestino per hotel per raccolta differenziata: Sumo","robots":{"index":"index","follow":"follow","max-snippet":"max-snippet:-1","max-image-preview":"max-image-preview:large","max-video-preview":"max-video-preview:-1"},"canonical":"https:\/\/www.ghiblievo.com\/it\/prodotto\/cestino-per-hotel-per-raccolta-differenziata-sumo\/","og_locale":"it_IT","og_type":"article","og_title":"Cestino per hotel per raccolta differenziata: Sumo","og_description":"Cestino per hotel per raccolta differenziata beige o nero: Sumo   Cestino per hotel per raccolta differenziata a doppio strato con finitura in similpelle  Progettato per nascondere il sacchetto dell\u2019immondizia e mantenerlo al suo posto  Scelta elegante e pratica per le camere degli ospiti  Il cestino interno \u00e8 realizzato in metallo verniciato a polvere (nero)  Il cestino esterno \u00e8 rivestito in ecopelle Idrorepellente e facile da pulire  Base antiscivolo per una maggiore stabilit\u00e0 e protezione del pavimento  Garanzia di 2 anni  Colori Beige caldo o&nbsp;nero   SUMO cestino per hotel: Praticit\u00e0 e Design      Il cestino SUMO vanta un design innovativo che nasconde astutamente i sacchetti della spazzatura, mantenendo il fascino estetico delle vostre camere d\u2019albergo. Composto da due componenti, il cestino presenta una sezione interna e uno strato esterno scorrevole rivestito in finta pelle di alta qualit\u00e0.  Per utilizzarlo, gli ospiti o il personale di pulizia possono sollevare senza sforzo lo strato esterno, posizionare il sacchetto della spazzatura all\u2019interno della sezione interna e poi riposizionare lo strato esterno. Questa integrazione senza soluzione di continuit\u00e0 assicura una presentazione ordinata ed elegante, migliorando l\u2019atmosfera generale della stanza.   Inserto per raccolta differenziata opzionale      Potenziate l\u2019impegno ecologico del vostro hotel con l\u2019inserto riciclabile opzionale per il cestino SUMO. Questo accessorio intelligente facilita la separazione dei rifiuti riciclabili e non, direttamente nelle camere degli ospiti. \u00c8 una soluzione comoda e consapevole, che sostiene gli obiettivi di sostenibilit\u00e0 del vostro albergo. L\u2019inserto SUMO dimostra la vostra dedizione alle pratiche eco-sostenibili, contribuendo a un pianeta pi\u00f9 pulito e offrendo agli ospiti un modo semplice per aderire alle vostre iniziative verdi.","og_url":"https:\/\/www.ghiblievo.com\/it\/prodotto\/cestino-per-hotel-per-raccolta-differenziata-sumo\/","og_site_name":"Ghibli Evo","article_publisher":"https:\/\/www.facebook.com\/ghiblievo","article_modified_time":"2025-04-08T10:07:18+00:00","og_image":[{"width":1000,"height":1000,"url":"https:\/\/www.ghiblievo.com\/wp-content\/uploads\/2025\/04\/SUMO-beige-and-black.webp","type":"image\/webp"}],"twitter_card":"summary_large_image","twitter_misc":{"Prezzo":"&euro;60.00","Disponibilit\u00e0":"In stock"},"schema":{"@context":"https:\/\/schema.org","@graph":[{"@type":"WebPage","@id":"https:\/\/www.ghiblievo.com\/it\/prodotto\/cestino-per-hotel-per-raccolta-differenziata-sumo\/","url":"https:\/\/www.ghiblievo.com\/it\/prodotto\/cestino-per-hotel-per-raccolta-differenziata-sumo\/","name":"Cestino per hotel per raccolta differenziata: Sumo - Ghibli Evo","isPartOf":{"@id":"https:\/\/www.ghiblievo.com\/it\/#website"},"primaryImageOfPage":{"@id":"https:\/\/www.ghiblievo.com\/it\/prodotto\/cestino-per-hotel-per-raccolta-differenziata-sumo\/#primaryimage"},"image":{"@id":"https:\/\/www.ghiblievo.com\/it\/prodotto\/cestino-per-hotel-per-raccolta-differenziata-sumo\/#primaryimage"},"thumbnailUrl":"https:\/\/www.ghiblievo.com\/wp-content\/uploads\/2025\/04\/SUMO-beige-and-black.webp","datePublished":"2025-04-08T10:05:31+00:00","dateModified":"2025-04-08T10:07:18+00:00","description":"Cestino per hotel per raccolta differenziata: Sumo","breadcrumb":{"@id":"https:\/\/www.ghiblievo.com\/it\/prodotto\/cestino-per-hotel-per-raccolta-differenziata-sumo\/#breadcrumb"},"inLanguage":"it-IT","potentialAction":[{"@type":"ReadAction","target":["https:\/\/www.ghiblievo.com\/it\/prodotto\/cestino-per-hotel-per-raccolta-differenziata-sumo\/"]}]},{"@type":"ImageObject","inLanguage":"it-IT","@id":"https:\/\/www.ghiblievo.com\/it\/prodotto\/cestino-per-hotel-per-raccolta-differenziata-sumo\/#primaryimage","url":"https:\/\/www.ghiblievo.com\/wp-content\/uploads\/2025\/04\/SUMO-beige-and-black.webp","contentUrl":"https:\/\/www.ghiblievo.com\/wp-content\/uploads\/2025\/04\/SUMO-beige-and-black.webp","width":1000,"height":1000,"caption":"Cestino per hotel per raccolta differenziata"},{"@type":"BreadcrumbList","@id":"https:\/\/www.ghiblievo.com\/it\/prodotto\/cestino-per-hotel-per-raccolta-differenziata-sumo\/#breadcrumb","itemListElement":[{"@type":"ListItem","position":1,"name":"Home","item":"https:\/\/www.ghiblievo.com\/it\/"},{"@type":"ListItem","position":2,"name":"Shop","item":"https:\/\/www.ghiblievo.com\/it\/shop-it\/"},{"@type":"ListItem","position":3,"name":"Cestini","item":"https:\/\/www.ghiblievo.com\/it\/categoria-prodotto\/cestini\/"},{"@type":"ListItem","position":4,"name":"Cestini da appoggio","item":"https:\/\/www.ghiblievo.com\/it\/categoria-prodotto\/cestini\/cestini-da-appoggio\/"},{"@type":"ListItem","position":5,"name":"Cestino per hotel per raccolta differenziata: Sumo"}]},{"@type":"WebSite","@id":"https:\/\/www.ghiblievo.com\/it\/#website","url":"https:\/\/www.ghiblievo.com\/it\/","name":"Ghibli Evo","description":"Hair Dryers for Hotel - Wall Mounted Hair Dryer","publisher":{"@id":"https:\/\/www.ghiblievo.com\/it\/#organization"},"potentialAction":[{"@type":"SearchAction","target":{"@type":"EntryPoint","urlTemplate":"https:\/\/www.ghiblievo.com\/it\/?s={search_term_string}"},"query-input":{"@type":"PropertyValueSpecification","valueRequired":true,"valueName":"search_term_string"}}],"inLanguage":"it-IT"},{"@type":"Organization","@id":"https:\/\/www.ghiblievo.com\/it\/#organization","name":"Ghibli Evo","url":"https:\/\/www.ghiblievo.com\/it\/","logo":{"@type":"ImageObject","inLanguage":"it-IT","@id":"https:\/\/www.ghiblievo.com\/it\/#\/schema\/logo\/image\/","url":"https:\/\/www.ghiblievo.com\/wp-content\/uploads\/2019\/09\/Emblema_HUB-footer.png","contentUrl":"https:\/\/www.ghiblievo.com\/wp-content\/uploads\/2019\/09\/Emblema_HUB-footer.png","width":300,"height":291,"caption":"Ghibli Evo"},"image":{"@id":"https:\/\/www.ghiblievo.com\/it\/#\/schema\/logo\/image\/"},"sameAs":["https:\/\/www.facebook.com\/ghiblievo","https:\/\/www.instagram.com\/ghiblievo\/"],"description":"Ghiblievo is specialized in hotel supplies, bathroom accessories for hotel and hair dryer","email":"info@ghiblievo.com","telephone":"+39 338 4733486","foundingDate":"2009-01-01","vatID":"IT 03607430166"}]},"product_price_amount":"60.00","product_price_currency":"EUR","og_availability":"instock","product_availability":"instock","product_condition":"new"},"_links":{"self":[{"href":"https:\/\/www.ghiblievo.com\/it\/wp-json\/wp\/v2\/product\/51433","targetHints":{"allow":["GET"]}}],"collection":[{"href":"https:\/\/www.ghiblievo.com\/it\/wp-json\/wp\/v2\/product"}],"about":[{"href":"https:\/\/www.ghiblievo.com\/it\/wp-json\/wp\/v2\/types\/product"}],"replies":[{"embeddable":true,"href":"https:\/\/www.ghiblievo.com\/it\/wp-json\/wp\/v2\/comments?post=51433"}],"version-history":[{"count":0,"href":"https:\/\/www.ghiblievo.com\/it\/wp-json\/wp\/v2\/product\/51433\/revisions"}],"wp:featuredmedia":[{"embeddable":true,"href":"https:\/\/www.ghiblievo.com\/it\/wp-json\/wp\/v2\/media\/51365"}],"wp:attachment":[{"href":"https:\/\/www.ghiblievo.com\/it\/wp-json\/wp\/v2\/media?parent=51433"}],"wp:term":[{"taxonomy":"product_cat","embeddable":true,"href":"https:\/\/www.ghiblievo.com\/it\/wp-json\/wp\/v2\/product_cat?post=51433"},{"taxonomy":"product_tag","embeddable":true,"href":"https:\/\/www.ghiblievo.com\/it\/wp-json\/wp\/v2\/product_tag?post=51433"}],"curies":[{"name":"wp","href":"https:\/\/api.w.org\/{rel}","templated":true}]}}