{"id":51079,"date":"2025-04-07T16:14:07","date_gmt":"2025-04-07T15:20:25","guid":{"rendered":"https:\/\/www.ghiblievo.com\/?post_type=product&#038;p=51079"},"modified":"2025-04-08T15:03:05","modified_gmt":"2025-04-08T14:03:05","slug":"sottomano-in-ecopelle-per-hotel-switch","status":"publish","type":"product","link":"https:\/\/www.ghiblievo.com\/it\/prodotto\/sottomano-in-ecopelle-per-hotel-switch\/","title":{"rendered":"Sottomano in ecopelle per hotel: Switch"},"content":{"rendered":"","protected":false},"excerpt":{"rendered":"<h2 class=\"elementor-heading-title elementor-size-default\">Sottomano in ecopelle per hotel SWITCH | Design reversibile<\/h2>\n<ul>\n<li>Sottomano in ecopelle per hotel: realizzato in pelle sintetica di alta qualit\u00e0<\/li>\n<li>Pu\u00f2 essere utilizzato come&nbsp;sottomano&nbsp;o come&nbsp;vassoio di benvenuto<\/li>\n<li>Design reversibile con un lato in beige caldo e l\u2019altro in nero, permettendo ai clienti di scegliere il colore preferito<\/li>\n<li>Si abbinano perfettamente con altri prodotti B-TRAY come i&nbsp;secchielli per ghiaccio SLUSH, le&nbsp;scatole per fazzoletti SWEEP\/SHAPE&nbsp;e le&nbsp;scatole per condimenti SNAP<\/li>\n<li>Combina eleganza e praticit\u00e0, rendendolo un\u2019aggiunta perfetta a qualsiasi ambiente di ospitalit\u00e0 o scrivania d\u2019ufficio<\/li>\n<li>Idrorepellente e facile da pulire<\/li>\n<li><strong>Garanzia di 2 anni<\/strong><\/li>\n<\/ul>\n<h3 class=\"elementor-heading-title elementor-size-default\">Design reversibile con due colori<br \/>\nLato 1: beige caldo | Lato 2: nero<\/h3>\n<div class=\"elementor-element elementor-element-398b10f elementor-widget elementor-widget-heading\" data-id=\"398b10f\" data-element_type=\"widget\" data-widget_type=\"heading.default\">\n<div class=\"elementor-widget-container\">\n<h4 class=\"elementor-heading-title elementor-size-default\">Sottomano reversibile per hotel<\/h4>\n<\/div>\n<\/div>\n<div class=\"elementor-element elementor-element-10958de elementor-widget elementor-widget-text-editor\" data-id=\"10958de\" data-element_type=\"widget\" data-widget_type=\"text-editor.default\">\n<div class=\"elementor-widget-container\">\n<p>Scopri SWITCH di B-TRAY, un sottomano reversibile progettato per migliorare l\u2019eleganza e la funzionalit\u00e0 di qualsiasi camera d\u2019albergo. Questo accessorio versatile presenta due lati: un lato nero elegante e un lato beige caldo. Basta capovolgere il sottomano sul lato che meglio si adatta all\u2019arredamento della stanza, offrendo flessibilit\u00e0 e stile in un unico articolo pratico. Perfetto per aggiungere un tocco di raffinatezza allo spazio di lavoro dei tuoi ospiti.<\/p>\n<\/div>\n<\/div>\n<div class=\"elementor-element elementor-element-b11e287 elementor-widget elementor-widget-heading\" data-id=\"b11e287\" data-element_type=\"widget\" data-widget_type=\"heading.default\">\n<div class=\"elementor-widget-container\">\n<h5 class=\"elementor-heading-title elementor-size-default\">Doppia funzione: sottomano e vassoio di benvenuto<\/h5>\n<\/div>\n<\/div>\n<div class=\"elementor-element elementor-element-bc86867 elementor-widget elementor-widget-text-editor\" data-id=\"bc86867\" data-element_type=\"widget\" data-widget_type=\"text-editor.default\">\n<div class=\"elementor-widget-container\">\n<p>Il vassoio SWITCH pu\u00f2 servire come un sofisticato sottomano, fornendo uno spazio di lavoro elegante e funzionale. Ma \u00e8 anche perfetto per presentare le strutture per caff\u00e8 e t\u00e8 (o una scatola di fazzoletti o un secchiello per il ghiaccio). Il suo design elegante lo rende una scelta ideale sia per ambienti alberghieri che per uffici, permettendoti di mostrare le tue comodit\u00e0 in modo organizzato ed elegante.<\/p>\n<p><strong>Dimensioni<br \/>\n<\/strong>500 x 400 x 8mm (L x P x H)<strong> versione XL<\/strong><\/p>\n<\/div>\n<\/div>\n","protected":false},"featured_media":51059,"comment_status":"open","ping_status":"closed","template":"","meta":{"_acf_changed":false,"ngg_post_thumbnail":0,"footnotes":""},"product_cat":[1055,1061,992],"product_tag":[],"class_list":{"0":"post-51079","1":"product","2":"type-product","3":"status-publish","4":"has-post-thumbnail","6":"product_cat-complementi-darredo-per-hotel","7":"product_cat-complementi-per-camera-hotel","8":"product_cat-vassoi-di-cortesia","10":"first","11":"instock","12":"shipping-taxable","13":"purchasable","14":"product-type-simple"},"acf":[],"yoast_head":"<!-- This site is optimized with the Yoast SEO Premium plugin v26.7 (Yoast SEO v26.7) - https:\/\/yoast.com\/wordpress\/plugins\/seo\/ -->\n<title>Sottomano in ecopelle per hotel: Switch - Ghibli Evo<\/title>\n<meta name=\"description\" content=\"Sottomano in ecopelle per hotel: realizzato in pelle sintetica di alta qualit\u00e0, Pu\u00f2 essere utilizzato come\u00a0sottomano\u00a0o come\u00a0vassoio di benvenuto\" \/>\n<meta name=\"robots\" content=\"index, follow, max-snippet:-1, max-image-preview:large, max-video-preview:-1\" \/>\n<link rel=\"canonical\" href=\"https:\/\/www.ghiblievo.com\/it\/prodotto\/sottomano-in-ecopelle-per-hotel-switch\/\" \/>\n<meta property=\"og:locale\" content=\"it_IT\" \/>\n<meta property=\"og:type\" content=\"article\" \/>\n<meta property=\"og:title\" content=\"Sottomano in ecopelle per hotel: Switch\" \/>\n<meta property=\"og:description\" content=\"Sottomano in ecopelle per hotel SWITCH | Design reversibile   Sottomano in ecopelle per hotel: realizzato in pelle sintetica di alta qualit\u00e0  Pu\u00f2 essere utilizzato come&nbsp;sottomano&nbsp;o come&nbsp;vassoio di benvenuto  Design reversibile con un lato in beige caldo e l\u2019altro in nero, permettendo ai clienti di scegliere il colore preferito  Si abbinano perfettamente con altri prodotti B-TRAY come i&nbsp;secchielli per ghiaccio SLUSH, le&nbsp;scatole per fazzoletti SWEEP\/SHAPE&nbsp;e le&nbsp;scatole per condimenti SNAP  Combina eleganza e praticit\u00e0, rendendolo un\u2019aggiunta perfetta a qualsiasi ambiente di ospitalit\u00e0 o scrivania d\u2019ufficio  Idrorepellente e facile da pulire  Garanzia di 2 anni  Design reversibile con due colori Lato 1: beige caldo | Lato 2: nero   Sottomano reversibile per hotel      Scopri SWITCH di B-TRAY, un sottomano reversibile progettato per migliorare l\u2019eleganza e la funzionalit\u00e0 di qualsiasi camera d\u2019albergo. Questo accessorio versatile presenta due lati: un lato nero elegante e un lato beige caldo. Basta capovolgere il sottomano sul lato che meglio si adatta all\u2019arredamento della stanza, offrendo flessibilit\u00e0 e stile in un unico articolo pratico. Perfetto per aggiungere un tocco di raffinatezza allo spazio di lavoro dei tuoi ospiti.      Doppia funzione: sottomano e vassoio di benvenuto      Il vassoio SWITCH pu\u00f2 servire come un sofisticato sottomano, fornendo uno spazio di lavoro elegante e funzionale. Ma \u00e8 anche perfetto per presentare le strutture per caff\u00e8 e t\u00e8 (o una scatola di fazzoletti o un secchiello per il ghiaccio). Il suo design elegante lo rende una scelta ideale sia per ambienti alberghieri che per uffici, permettendoti di mostrare le tue comodit\u00e0 in modo organizzato ed elegante.  Dimensioni 500 x 400 x 8mm (L x P x H) versione XL\" \/>\n<meta property=\"og:url\" content=\"https:\/\/www.ghiblievo.com\/it\/prodotto\/sottomano-in-ecopelle-per-hotel-switch\/\" \/>\n<meta property=\"og:site_name\" content=\"Ghibli Evo\" \/>\n<meta property=\"article:publisher\" content=\"https:\/\/www.facebook.com\/ghiblievo\" \/>\n<meta property=\"article:modified_time\" content=\"2025-04-08T14:03:05+00:00\" \/>\n<meta property=\"og:image\" content=\"https:\/\/www.ghiblievo.com\/wp-content\/uploads\/2025\/04\/Hotel-desk-blotter-SWITCH.webp\" \/>\n\t<meta property=\"og:image:width\" content=\"1000\" \/>\n\t<meta property=\"og:image:height\" content=\"1000\" \/>\n\t<meta property=\"og:image:type\" content=\"image\/webp\" \/>\n<meta name=\"twitter:card\" content=\"summary_large_image\" \/>\n<meta name=\"twitter:label1\" content=\"Prezzo\" \/>\n\t<meta name=\"twitter:data1\" content=\"&euro;50.00\" \/>\n\t<meta name=\"twitter:label2\" content=\"Disponibilit\u00e0\" \/>\n\t<meta name=\"twitter:data2\" content=\"In stock\" \/>\n<script type=\"application\/ld+json\" class=\"yoast-schema-graph\">{\"@context\":\"https:\/\/schema.org\",\"@graph\":[{\"@type\":\"WebPage\",\"@id\":\"https:\/\/www.ghiblievo.com\/it\/prodotto\/sottomano-in-ecopelle-per-hotel-switch\/\",\"url\":\"https:\/\/www.ghiblievo.com\/it\/prodotto\/sottomano-in-ecopelle-per-hotel-switch\/\",\"name\":\"Sottomano in ecopelle per hotel: Switch - Ghibli Evo\",\"isPartOf\":{\"@id\":\"https:\/\/www.ghiblievo.com\/it\/#website\"},\"primaryImageOfPage\":{\"@id\":\"https:\/\/www.ghiblievo.com\/it\/prodotto\/sottomano-in-ecopelle-per-hotel-switch\/#primaryimage\"},\"image\":{\"@id\":\"https:\/\/www.ghiblievo.com\/it\/prodotto\/sottomano-in-ecopelle-per-hotel-switch\/#primaryimage\"},\"thumbnailUrl\":\"https:\/\/www.ghiblievo.com\/wp-content\/uploads\/2025\/04\/Hotel-desk-blotter-SWITCH-4.webp\",\"datePublished\":\"2025-04-07T15:20:25+00:00\",\"dateModified\":\"2025-04-08T14:03:05+00:00\",\"description\":\"Sottomano in ecopelle per hotel: realizzato in pelle sintetica di alta qualit\u00e0, Pu\u00f2 essere utilizzato come\u00a0sottomano\u00a0o come\u00a0vassoio di benvenuto\",\"breadcrumb\":{\"@id\":\"https:\/\/www.ghiblievo.com\/it\/prodotto\/sottomano-in-ecopelle-per-hotel-switch\/#breadcrumb\"},\"inLanguage\":\"it-IT\",\"potentialAction\":[{\"@type\":\"ReadAction\",\"target\":[\"https:\/\/www.ghiblievo.com\/it\/prodotto\/sottomano-in-ecopelle-per-hotel-switch\/\"]}]},{\"@type\":\"ImageObject\",\"inLanguage\":\"it-IT\",\"@id\":\"https:\/\/www.ghiblievo.com\/it\/prodotto\/sottomano-in-ecopelle-per-hotel-switch\/#primaryimage\",\"url\":\"https:\/\/www.ghiblievo.com\/wp-content\/uploads\/2025\/04\/Hotel-desk-blotter-SWITCH-4.webp\",\"contentUrl\":\"https:\/\/www.ghiblievo.com\/wp-content\/uploads\/2025\/04\/Hotel-desk-blotter-SWITCH-4.webp\",\"width\":1000,\"height\":1000,\"caption\":\"Sottomano in ecopelle per hotel reversibile in vassoio di cortesia\"},{\"@type\":\"BreadcrumbList\",\"@id\":\"https:\/\/www.ghiblievo.com\/it\/prodotto\/sottomano-in-ecopelle-per-hotel-switch\/#breadcrumb\",\"itemListElement\":[{\"@type\":\"ListItem\",\"position\":1,\"name\":\"Home\",\"item\":\"https:\/\/www.ghiblievo.com\/it\/\"},{\"@type\":\"ListItem\",\"position\":2,\"name\":\"Shop\",\"item\":\"https:\/\/www.ghiblievo.com\/it\/shop-it\/\"},{\"@type\":\"ListItem\",\"position\":3,\"name\":\"Complementi d'arredo per hotel\",\"item\":\"https:\/\/www.ghiblievo.com\/it\/categoria-prodotto\/complementi-darredo-per-hotel\/\"},{\"@type\":\"ListItem\",\"position\":4,\"name\":\"Complementi per camera hotel\",\"item\":\"https:\/\/www.ghiblievo.com\/it\/categoria-prodotto\/complementi-darredo-per-hotel\/complementi-per-camera-hotel\/\"},{\"@type\":\"ListItem\",\"position\":5,\"name\":\"Sottomano in ecopelle per hotel: Switch\"}]},{\"@type\":\"WebSite\",\"@id\":\"https:\/\/www.ghiblievo.com\/it\/#website\",\"url\":\"https:\/\/www.ghiblievo.com\/it\/\",\"name\":\"Ghibli Evo\",\"description\":\"Hair Dryers for Hotel - Wall Mounted Hair Dryer\",\"publisher\":{\"@id\":\"https:\/\/www.ghiblievo.com\/it\/#organization\"},\"potentialAction\":[{\"@type\":\"SearchAction\",\"target\":{\"@type\":\"EntryPoint\",\"urlTemplate\":\"https:\/\/www.ghiblievo.com\/it\/?s={search_term_string}\"},\"query-input\":{\"@type\":\"PropertyValueSpecification\",\"valueRequired\":true,\"valueName\":\"search_term_string\"}}],\"inLanguage\":\"it-IT\"},{\"@type\":\"Organization\",\"@id\":\"https:\/\/www.ghiblievo.com\/it\/#organization\",\"name\":\"Ghibli Evo\",\"url\":\"https:\/\/www.ghiblievo.com\/it\/\",\"logo\":{\"@type\":\"ImageObject\",\"inLanguage\":\"it-IT\",\"@id\":\"https:\/\/www.ghiblievo.com\/it\/#\/schema\/logo\/image\/\",\"url\":\"https:\/\/www.ghiblievo.com\/wp-content\/uploads\/2019\/09\/Emblema_HUB-footer.png\",\"contentUrl\":\"https:\/\/www.ghiblievo.com\/wp-content\/uploads\/2019\/09\/Emblema_HUB-footer.png\",\"width\":300,\"height\":291,\"caption\":\"Ghibli Evo\"},\"image\":{\"@id\":\"https:\/\/www.ghiblievo.com\/it\/#\/schema\/logo\/image\/\"},\"sameAs\":[\"https:\/\/www.facebook.com\/ghiblievo\",\"https:\/\/www.instagram.com\/ghiblievo\/\"],\"description\":\"Ghiblievo is specialized in hotel supplies, bathroom accessories for hotel and hair dryer\",\"email\":\"info@ghiblievo.com\",\"telephone\":\"+39 338 4733486\",\"foundingDate\":\"2009-01-01\",\"vatID\":\"IT 03607430166\"}]}<\/script>\n<meta property=\"product:price:amount\" content=\"50.00\" \/>\n<meta property=\"product:price:currency\" content=\"EUR\" \/>\n<meta property=\"og:availability\" content=\"instock\" \/>\n<meta property=\"product:availability\" content=\"instock\" \/>\n<meta property=\"product:condition\" content=\"new\" \/>\n<!-- \/ Yoast SEO Premium plugin. -->","yoast_head_json":{"title":"Sottomano in ecopelle per hotel: Switch - Ghibli Evo","description":"Sottomano in ecopelle per hotel: realizzato in pelle sintetica di alta qualit\u00e0, Pu\u00f2 essere utilizzato come\u00a0sottomano\u00a0o come\u00a0vassoio di benvenuto","robots":{"index":"index","follow":"follow","max-snippet":"max-snippet:-1","max-image-preview":"max-image-preview:large","max-video-preview":"max-video-preview:-1"},"canonical":"https:\/\/www.ghiblievo.com\/it\/prodotto\/sottomano-in-ecopelle-per-hotel-switch\/","og_locale":"it_IT","og_type":"article","og_title":"Sottomano in ecopelle per hotel: Switch","og_description":"Sottomano in ecopelle per hotel SWITCH | Design reversibile   Sottomano in ecopelle per hotel: realizzato in pelle sintetica di alta qualit\u00e0  Pu\u00f2 essere utilizzato come&nbsp;sottomano&nbsp;o come&nbsp;vassoio di benvenuto  Design reversibile con un lato in beige caldo e l\u2019altro in nero, permettendo ai clienti di scegliere il colore preferito  Si abbinano perfettamente con altri prodotti B-TRAY come i&nbsp;secchielli per ghiaccio SLUSH, le&nbsp;scatole per fazzoletti SWEEP\/SHAPE&nbsp;e le&nbsp;scatole per condimenti SNAP  Combina eleganza e praticit\u00e0, rendendolo un\u2019aggiunta perfetta a qualsiasi ambiente di ospitalit\u00e0 o scrivania d\u2019ufficio  Idrorepellente e facile da pulire  Garanzia di 2 anni  Design reversibile con due colori Lato 1: beige caldo | Lato 2: nero   Sottomano reversibile per hotel      Scopri SWITCH di B-TRAY, un sottomano reversibile progettato per migliorare l\u2019eleganza e la funzionalit\u00e0 di qualsiasi camera d\u2019albergo. Questo accessorio versatile presenta due lati: un lato nero elegante e un lato beige caldo. Basta capovolgere il sottomano sul lato che meglio si adatta all\u2019arredamento della stanza, offrendo flessibilit\u00e0 e stile in un unico articolo pratico. Perfetto per aggiungere un tocco di raffinatezza allo spazio di lavoro dei tuoi ospiti.      Doppia funzione: sottomano e vassoio di benvenuto      Il vassoio SWITCH pu\u00f2 servire come un sofisticato sottomano, fornendo uno spazio di lavoro elegante e funzionale. Ma \u00e8 anche perfetto per presentare le strutture per caff\u00e8 e t\u00e8 (o una scatola di fazzoletti o un secchiello per il ghiaccio). Il suo design elegante lo rende una scelta ideale sia per ambienti alberghieri che per uffici, permettendoti di mostrare le tue comodit\u00e0 in modo organizzato ed elegante.  Dimensioni 500 x 400 x 8mm (L x P x H) versione XL","og_url":"https:\/\/www.ghiblievo.com\/it\/prodotto\/sottomano-in-ecopelle-per-hotel-switch\/","og_site_name":"Ghibli Evo","article_publisher":"https:\/\/www.facebook.com\/ghiblievo","article_modified_time":"2025-04-08T14:03:05+00:00","og_image":[{"width":1000,"height":1000,"url":"https:\/\/www.ghiblievo.com\/wp-content\/uploads\/2025\/04\/Hotel-desk-blotter-SWITCH.webp","type":"image\/webp"}],"twitter_card":"summary_large_image","twitter_misc":{"Prezzo":"&euro;50.00","Disponibilit\u00e0":"In stock"},"schema":{"@context":"https:\/\/schema.org","@graph":[{"@type":"WebPage","@id":"https:\/\/www.ghiblievo.com\/it\/prodotto\/sottomano-in-ecopelle-per-hotel-switch\/","url":"https:\/\/www.ghiblievo.com\/it\/prodotto\/sottomano-in-ecopelle-per-hotel-switch\/","name":"Sottomano in ecopelle per hotel: Switch - Ghibli Evo","isPartOf":{"@id":"https:\/\/www.ghiblievo.com\/it\/#website"},"primaryImageOfPage":{"@id":"https:\/\/www.ghiblievo.com\/it\/prodotto\/sottomano-in-ecopelle-per-hotel-switch\/#primaryimage"},"image":{"@id":"https:\/\/www.ghiblievo.com\/it\/prodotto\/sottomano-in-ecopelle-per-hotel-switch\/#primaryimage"},"thumbnailUrl":"https:\/\/www.ghiblievo.com\/wp-content\/uploads\/2025\/04\/Hotel-desk-blotter-SWITCH-4.webp","datePublished":"2025-04-07T15:20:25+00:00","dateModified":"2025-04-08T14:03:05+00:00","description":"Sottomano in ecopelle per hotel: realizzato in pelle sintetica di alta qualit\u00e0, Pu\u00f2 essere utilizzato come\u00a0sottomano\u00a0o come\u00a0vassoio di benvenuto","breadcrumb":{"@id":"https:\/\/www.ghiblievo.com\/it\/prodotto\/sottomano-in-ecopelle-per-hotel-switch\/#breadcrumb"},"inLanguage":"it-IT","potentialAction":[{"@type":"ReadAction","target":["https:\/\/www.ghiblievo.com\/it\/prodotto\/sottomano-in-ecopelle-per-hotel-switch\/"]}]},{"@type":"ImageObject","inLanguage":"it-IT","@id":"https:\/\/www.ghiblievo.com\/it\/prodotto\/sottomano-in-ecopelle-per-hotel-switch\/#primaryimage","url":"https:\/\/www.ghiblievo.com\/wp-content\/uploads\/2025\/04\/Hotel-desk-blotter-SWITCH-4.webp","contentUrl":"https:\/\/www.ghiblievo.com\/wp-content\/uploads\/2025\/04\/Hotel-desk-blotter-SWITCH-4.webp","width":1000,"height":1000,"caption":"Sottomano in ecopelle per hotel reversibile in vassoio di cortesia"},{"@type":"BreadcrumbList","@id":"https:\/\/www.ghiblievo.com\/it\/prodotto\/sottomano-in-ecopelle-per-hotel-switch\/#breadcrumb","itemListElement":[{"@type":"ListItem","position":1,"name":"Home","item":"https:\/\/www.ghiblievo.com\/it\/"},{"@type":"ListItem","position":2,"name":"Shop","item":"https:\/\/www.ghiblievo.com\/it\/shop-it\/"},{"@type":"ListItem","position":3,"name":"Complementi d'arredo per hotel","item":"https:\/\/www.ghiblievo.com\/it\/categoria-prodotto\/complementi-darredo-per-hotel\/"},{"@type":"ListItem","position":4,"name":"Complementi per camera hotel","item":"https:\/\/www.ghiblievo.com\/it\/categoria-prodotto\/complementi-darredo-per-hotel\/complementi-per-camera-hotel\/"},{"@type":"ListItem","position":5,"name":"Sottomano in ecopelle per hotel: Switch"}]},{"@type":"WebSite","@id":"https:\/\/www.ghiblievo.com\/it\/#website","url":"https:\/\/www.ghiblievo.com\/it\/","name":"Ghibli Evo","description":"Hair Dryers for Hotel - Wall Mounted Hair Dryer","publisher":{"@id":"https:\/\/www.ghiblievo.com\/it\/#organization"},"potentialAction":[{"@type":"SearchAction","target":{"@type":"EntryPoint","urlTemplate":"https:\/\/www.ghiblievo.com\/it\/?s={search_term_string}"},"query-input":{"@type":"PropertyValueSpecification","valueRequired":true,"valueName":"search_term_string"}}],"inLanguage":"it-IT"},{"@type":"Organization","@id":"https:\/\/www.ghiblievo.com\/it\/#organization","name":"Ghibli Evo","url":"https:\/\/www.ghiblievo.com\/it\/","logo":{"@type":"ImageObject","inLanguage":"it-IT","@id":"https:\/\/www.ghiblievo.com\/it\/#\/schema\/logo\/image\/","url":"https:\/\/www.ghiblievo.com\/wp-content\/uploads\/2019\/09\/Emblema_HUB-footer.png","contentUrl":"https:\/\/www.ghiblievo.com\/wp-content\/uploads\/2019\/09\/Emblema_HUB-footer.png","width":300,"height":291,"caption":"Ghibli Evo"},"image":{"@id":"https:\/\/www.ghiblievo.com\/it\/#\/schema\/logo\/image\/"},"sameAs":["https:\/\/www.facebook.com\/ghiblievo","https:\/\/www.instagram.com\/ghiblievo\/"],"description":"Ghiblievo is specialized in hotel supplies, bathroom accessories for hotel and hair dryer","email":"info@ghiblievo.com","telephone":"+39 338 4733486","foundingDate":"2009-01-01","vatID":"IT 03607430166"}]},"product_price_amount":"50.00","product_price_currency":"EUR","og_availability":"instock","product_availability":"instock","product_condition":"new"},"_links":{"self":[{"href":"https:\/\/www.ghiblievo.com\/it\/wp-json\/wp\/v2\/product\/51079","targetHints":{"allow":["GET"]}}],"collection":[{"href":"https:\/\/www.ghiblievo.com\/it\/wp-json\/wp\/v2\/product"}],"about":[{"href":"https:\/\/www.ghiblievo.com\/it\/wp-json\/wp\/v2\/types\/product"}],"replies":[{"embeddable":true,"href":"https:\/\/www.ghiblievo.com\/it\/wp-json\/wp\/v2\/comments?post=51079"}],"version-history":[{"count":0,"href":"https:\/\/www.ghiblievo.com\/it\/wp-json\/wp\/v2\/product\/51079\/revisions"}],"wp:featuredmedia":[{"embeddable":true,"href":"https:\/\/www.ghiblievo.com\/it\/wp-json\/wp\/v2\/media\/51059"}],"wp:attachment":[{"href":"https:\/\/www.ghiblievo.com\/it\/wp-json\/wp\/v2\/media?parent=51079"}],"wp:term":[{"taxonomy":"product_cat","embeddable":true,"href":"https:\/\/www.ghiblievo.com\/it\/wp-json\/wp\/v2\/product_cat?post=51079"},{"taxonomy":"product_tag","embeddable":true,"href":"https:\/\/www.ghiblievo.com\/it\/wp-json\/wp\/v2\/product_tag?post=51079"}],"curies":[{"name":"wp","href":"https:\/\/api.w.org\/{rel}","templated":true}]}}