{"id":51024,"date":"2025-04-07T15:11:53","date_gmt":"2025-04-07T14:16:30","guid":{"rendered":"https:\/\/www.ghiblievo.com\/?post_type=product&#038;p=51024"},"modified":"2025-04-08T09:26:42","modified_gmt":"2025-04-08T08:26:42","slug":"scatola-per-condimenti-per-hotel-snap","status":"publish","type":"product","link":"https:\/\/www.ghiblievo.com\/it\/prodotto\/scatola-per-condimenti-per-hotel-snap\/","title":{"rendered":"Scatola per condimenti per hotel: SNAP"},"content":{"rendered":"","protected":false},"excerpt":{"rendered":"<div class=\"elementor-element elementor-element-37a2f9b elementor-widget elementor-widget-heading\" data-id=\"37a2f9b\" data-element_type=\"widget\" data-widget_type=\"heading.default\">\n<div class=\"elementor-widget-container\">\n<h2 class=\"elementor-heading-title elementor-size-default\">Scatola porta condimenti per hotel SNAP | Beige o NERA<\/h2>\n<\/div>\n<\/div>\n<div class=\"elementor-element elementor-element-c02d33f elementor-widget elementor-widget-text-editor\" data-id=\"c02d33f\" data-element_type=\"widget\" data-widget_type=\"text-editor.default\">\n<div class=\"elementor-widget-container\">\n<ul>\n<li>Scatola porta condimenti per hotel realizzata in pelle sintetica di alta qualit\u00e0<\/li>\n<li>Funzionale con un aspetto elegante<\/li>\n<li>3 scomparti per conservare capsule di caff\u00e8, bustine di t\u00e8 e bastoncini di zucchero<\/li>\n<li>Idrorepellente e facile da pulire<br \/>\nSi abbina perfettamente al&nbsp;vassoio SNAP&nbsp;o&nbsp;SWITCH&nbsp;per formare un vassoio di ospitalit\u00e0 completo<\/li>\n<li>Fondo antiscivolo<\/li>\n<li><strong>Garanzia di 2 anni<\/strong><\/li>\n<\/ul>\n<p>DIMENSIONI (L x P X H)<br \/>\n97 x 320 x 55 mm<\/p>\n<p>Scomparti:<br \/>\n83 x 137 x 45 mm<br \/>\n83 x 80 x 45 mm<br \/>\n8. x 80 x 25 mm<\/p>\n<div class=\"elementor-element elementor-element-398b10f elementor-widget elementor-widget-heading\" data-id=\"398b10f\" data-element_type=\"widget\" data-widget_type=\"heading.default\">\n<div class=\"elementor-widget-container\">\n<h3 class=\"elementor-heading-title elementor-size-default\">Elegante scatola per condimenti in similpelle ideale per hotel<\/h3>\n<\/div>\n<\/div>\n<div class=\"elementor-element elementor-element-d8c6567 elementor-widget-divider--view-line elementor-widget elementor-widget-divider\" data-id=\"d8c6567\" data-element_type=\"widget\" data-widget_type=\"divider.default\">\n<div class=\"elementor-widget-container\">\n<div class=\"elementor-divider\">&nbsp;<\/div>\n<\/div>\n<\/div>\n<div class=\"elementor-element elementor-element-10958de elementor-widget elementor-widget-text-editor\" data-id=\"10958de\" data-element_type=\"widget\" data-widget_type=\"text-editor.default\">\n<div class=\"elementor-widget-container\">\n<p>Scoprite la scatola per caff\u00e8 e t\u00e8 di B-TRAY. La nostra scatola per condimenti unisce funzionalit\u00e0 ed eleganza. Realizzata in similpelle di alta qualit\u00e0, questa scatola \u00e8 disponibile nei colori eleganti beige caldo e nero.<\/p>\n<p>La scatola dispone di tre pratici scomparti per conservare capsule di caff\u00e8, bustine di t\u00e8 e bastoncini di zucchero. Grazie alla sua superficie idrorepellente, \u00e8 facile da pulire, mentre il fondo antiscivolo garantisce stabilit\u00e0 su qualsiasi superficie. Abbinate la scatola facilmente al vassoio principale SNAP o SWITCH per creare un set di benvenuto completo e raffinato.<\/p>\n<p>Con una garanzia di 2 anni, questa scatola per condimenti offre non solo eleganza, ma anche durata nel tempo. Migliorate la vostra esperienza di ospitalit\u00e0 con questo accessorio elegante e pratico!<\/p>\n<\/div>\n<\/div>\n<\/div>\n<\/div>\n","protected":false},"featured_media":50996,"comment_status":"open","ping_status":"closed","template":"","meta":{"_acf_changed":false,"ngg_post_thumbnail":0,"footnotes":""},"product_cat":[1055,1061],"product_tag":[],"class_list":{"0":"post-51024","1":"product","2":"type-product","3":"status-publish","4":"has-post-thumbnail","6":"product_cat-complementi-darredo-per-hotel","7":"product_cat-complementi-per-camera-hotel","9":"first","10":"instock","11":"shipping-taxable","12":"purchasable","13":"product-type-simple"},"acf":[],"yoast_head":"<!-- This site is optimized with the Yoast SEO Premium plugin v26.7 (Yoast SEO v26.7) - https:\/\/yoast.com\/wordpress\/plugins\/seo\/ -->\n<title>Scatola per condimenti per hotel: SNAP - Ghibli Evo<\/title>\n<meta name=\"description\" content=\"Scatola porta condimenti per hotel realizzata in pelle sintetica di alta qualit\u00e0, disponibile nei colori sabbia o nera, per capsule di caff\u00e8, bustine di t\u00e8\" \/>\n<meta name=\"robots\" content=\"index, follow, max-snippet:-1, max-image-preview:large, max-video-preview:-1\" \/>\n<link rel=\"canonical\" href=\"https:\/\/www.ghiblievo.com\/it\/prodotto\/scatola-per-condimenti-per-hotel-snap\/\" \/>\n<meta property=\"og:locale\" content=\"it_IT\" \/>\n<meta property=\"og:type\" content=\"article\" \/>\n<meta property=\"og:title\" content=\"Scatola per condimenti per hotel: SNAP\" \/>\n<meta property=\"og:description\" content=\"Scatola porta condimenti per hotel SNAP | Beige o NERA       Scatola porta condimenti per hotel realizzata in pelle sintetica di alta qualit\u00e0  Funzionale con un aspetto elegante  3 scomparti per conservare capsule di caff\u00e8, bustine di t\u00e8 e bastoncini di zucchero  Idrorepellente e facile da pulire Si abbina perfettamente al&nbsp;vassoio SNAP&nbsp;o&nbsp;SWITCH&nbsp;per formare un vassoio di ospitalit\u00e0 completo  Fondo antiscivolo  Garanzia di 2 anni  DIMENSIONI (L x P X H) 97 x 320 x 55 mm  Scomparti: 83 x 137 x 45 mm 83 x 80 x 45 mm 8. x 80 x 25 mm   Elegante scatola per condimenti in similpelle ideale per hotel     &nbsp;      Scoprite la scatola per caff\u00e8 e t\u00e8 di B-TRAY. La nostra scatola per condimenti unisce funzionalit\u00e0 ed eleganza. Realizzata in similpelle di alta qualit\u00e0, questa scatola \u00e8 disponibile nei colori eleganti beige caldo e nero.  La scatola dispone di tre pratici scomparti per conservare capsule di caff\u00e8, bustine di t\u00e8 e bastoncini di zucchero. Grazie alla sua superficie idrorepellente, \u00e8 facile da pulire, mentre il fondo antiscivolo garantisce stabilit\u00e0 su qualsiasi superficie. Abbinate la scatola facilmente al vassoio principale SNAP o SWITCH per creare un set di benvenuto completo e raffinato.  Con una garanzia di 2 anni, questa scatola per condimenti offre non solo eleganza, ma anche durata nel tempo. Migliorate la vostra esperienza di ospitalit\u00e0 con questo accessorio elegante e pratico!\" \/>\n<meta property=\"og:url\" content=\"https:\/\/www.ghiblievo.com\/it\/prodotto\/scatola-per-condimenti-per-hotel-snap\/\" \/>\n<meta property=\"og:site_name\" content=\"Ghibli Evo\" \/>\n<meta property=\"article:publisher\" content=\"https:\/\/www.facebook.com\/ghiblievo\" \/>\n<meta property=\"article:modified_time\" content=\"2025-04-08T08:26:42+00:00\" \/>\n<meta property=\"og:image\" content=\"https:\/\/www.ghiblievo.com\/wp-content\/uploads\/2025\/04\/Condiment-box-for-hotel-sand-color.webp\" \/>\n\t<meta property=\"og:image:width\" content=\"1000\" \/>\n\t<meta property=\"og:image:height\" content=\"1000\" \/>\n\t<meta property=\"og:image:type\" content=\"image\/webp\" \/>\n<meta name=\"twitter:card\" content=\"summary_large_image\" \/>\n<meta name=\"twitter:label1\" content=\"Prezzo\" \/>\n\t<meta name=\"twitter:data1\" content=\"&euro;32.00\" \/>\n\t<meta name=\"twitter:label2\" content=\"Disponibilit\u00e0\" \/>\n\t<meta name=\"twitter:data2\" content=\"In stock\" \/>\n<script type=\"application\/ld+json\" class=\"yoast-schema-graph\">{\"@context\":\"https:\/\/schema.org\",\"@graph\":[{\"@type\":\"WebPage\",\"@id\":\"https:\/\/www.ghiblievo.com\/it\/prodotto\/scatola-per-condimenti-per-hotel-snap\/\",\"url\":\"https:\/\/www.ghiblievo.com\/it\/prodotto\/scatola-per-condimenti-per-hotel-snap\/\",\"name\":\"Scatola per condimenti per hotel: SNAP - Ghibli Evo\",\"isPartOf\":{\"@id\":\"https:\/\/www.ghiblievo.com\/it\/#website\"},\"primaryImageOfPage\":{\"@id\":\"https:\/\/www.ghiblievo.com\/it\/prodotto\/scatola-per-condimenti-per-hotel-snap\/#primaryimage\"},\"image\":{\"@id\":\"https:\/\/www.ghiblievo.com\/it\/prodotto\/scatola-per-condimenti-per-hotel-snap\/#primaryimage\"},\"thumbnailUrl\":\"https:\/\/www.ghiblievo.com\/wp-content\/uploads\/2025\/04\/Condiment-box-for-hotel-sand-color.webp\",\"datePublished\":\"2025-04-07T14:16:30+00:00\",\"dateModified\":\"2025-04-08T08:26:42+00:00\",\"description\":\"Scatola porta condimenti per hotel realizzata in pelle sintetica di alta qualit\u00e0, disponibile nei colori sabbia o nera, per capsule di caff\u00e8, bustine di t\u00e8\",\"breadcrumb\":{\"@id\":\"https:\/\/www.ghiblievo.com\/it\/prodotto\/scatola-per-condimenti-per-hotel-snap\/#breadcrumb\"},\"inLanguage\":\"it-IT\",\"potentialAction\":[{\"@type\":\"ReadAction\",\"target\":[\"https:\/\/www.ghiblievo.com\/it\/prodotto\/scatola-per-condimenti-per-hotel-snap\/\"]}]},{\"@type\":\"ImageObject\",\"inLanguage\":\"it-IT\",\"@id\":\"https:\/\/www.ghiblievo.com\/it\/prodotto\/scatola-per-condimenti-per-hotel-snap\/#primaryimage\",\"url\":\"https:\/\/www.ghiblievo.com\/wp-content\/uploads\/2025\/04\/Condiment-box-for-hotel-sand-color.webp\",\"contentUrl\":\"https:\/\/www.ghiblievo.com\/wp-content\/uploads\/2025\/04\/Condiment-box-for-hotel-sand-color.webp\",\"width\":1000,\"height\":1000,\"caption\":\"Scatola per condimenti per hotel color sabbia\"},{\"@type\":\"BreadcrumbList\",\"@id\":\"https:\/\/www.ghiblievo.com\/it\/prodotto\/scatola-per-condimenti-per-hotel-snap\/#breadcrumb\",\"itemListElement\":[{\"@type\":\"ListItem\",\"position\":1,\"name\":\"Home\",\"item\":\"https:\/\/www.ghiblievo.com\/it\/\"},{\"@type\":\"ListItem\",\"position\":2,\"name\":\"Shop\",\"item\":\"https:\/\/www.ghiblievo.com\/it\/shop-it\/\"},{\"@type\":\"ListItem\",\"position\":3,\"name\":\"Complementi d'arredo per hotel\",\"item\":\"https:\/\/www.ghiblievo.com\/it\/categoria-prodotto\/complementi-darredo-per-hotel\/\"},{\"@type\":\"ListItem\",\"position\":4,\"name\":\"Scatola per condimenti per hotel: SNAP\"}]},{\"@type\":\"WebSite\",\"@id\":\"https:\/\/www.ghiblievo.com\/it\/#website\",\"url\":\"https:\/\/www.ghiblievo.com\/it\/\",\"name\":\"Ghibli Evo\",\"description\":\"Hair Dryers for Hotel - Wall Mounted Hair Dryer\",\"publisher\":{\"@id\":\"https:\/\/www.ghiblievo.com\/it\/#organization\"},\"potentialAction\":[{\"@type\":\"SearchAction\",\"target\":{\"@type\":\"EntryPoint\",\"urlTemplate\":\"https:\/\/www.ghiblievo.com\/it\/?s={search_term_string}\"},\"query-input\":{\"@type\":\"PropertyValueSpecification\",\"valueRequired\":true,\"valueName\":\"search_term_string\"}}],\"inLanguage\":\"it-IT\"},{\"@type\":\"Organization\",\"@id\":\"https:\/\/www.ghiblievo.com\/it\/#organization\",\"name\":\"Ghibli Evo\",\"url\":\"https:\/\/www.ghiblievo.com\/it\/\",\"logo\":{\"@type\":\"ImageObject\",\"inLanguage\":\"it-IT\",\"@id\":\"https:\/\/www.ghiblievo.com\/it\/#\/schema\/logo\/image\/\",\"url\":\"https:\/\/www.ghiblievo.com\/wp-content\/uploads\/2019\/09\/Emblema_HUB-footer.png\",\"contentUrl\":\"https:\/\/www.ghiblievo.com\/wp-content\/uploads\/2019\/09\/Emblema_HUB-footer.png\",\"width\":300,\"height\":291,\"caption\":\"Ghibli Evo\"},\"image\":{\"@id\":\"https:\/\/www.ghiblievo.com\/it\/#\/schema\/logo\/image\/\"},\"sameAs\":[\"https:\/\/www.facebook.com\/ghiblievo\",\"https:\/\/www.instagram.com\/ghiblievo\/\"],\"description\":\"Ghiblievo is specialized in hotel supplies, bathroom accessories for hotel and hair dryer\",\"email\":\"info@ghiblievo.com\",\"telephone\":\"+39 338 4733486\",\"foundingDate\":\"2009-01-01\",\"vatID\":\"IT 03607430166\"}]}<\/script>\n<meta property=\"product:price:amount\" content=\"32.00\" \/>\n<meta property=\"product:price:currency\" content=\"EUR\" \/>\n<meta property=\"og:availability\" content=\"instock\" \/>\n<meta property=\"product:availability\" content=\"instock\" \/>\n<meta property=\"product:condition\" content=\"new\" \/>\n<!-- \/ Yoast SEO Premium plugin. -->","yoast_head_json":{"title":"Scatola per condimenti per hotel: SNAP - Ghibli Evo","description":"Scatola porta condimenti per hotel realizzata in pelle sintetica di alta qualit\u00e0, disponibile nei colori sabbia o nera, per capsule di caff\u00e8, bustine di t\u00e8","robots":{"index":"index","follow":"follow","max-snippet":"max-snippet:-1","max-image-preview":"max-image-preview:large","max-video-preview":"max-video-preview:-1"},"canonical":"https:\/\/www.ghiblievo.com\/it\/prodotto\/scatola-per-condimenti-per-hotel-snap\/","og_locale":"it_IT","og_type":"article","og_title":"Scatola per condimenti per hotel: SNAP","og_description":"Scatola porta condimenti per hotel SNAP | Beige o NERA       Scatola porta condimenti per hotel realizzata in pelle sintetica di alta qualit\u00e0  Funzionale con un aspetto elegante  3 scomparti per conservare capsule di caff\u00e8, bustine di t\u00e8 e bastoncini di zucchero  Idrorepellente e facile da pulire Si abbina perfettamente al&nbsp;vassoio SNAP&nbsp;o&nbsp;SWITCH&nbsp;per formare un vassoio di ospitalit\u00e0 completo  Fondo antiscivolo  Garanzia di 2 anni  DIMENSIONI (L x P X H) 97 x 320 x 55 mm  Scomparti: 83 x 137 x 45 mm 83 x 80 x 45 mm 8. x 80 x 25 mm   Elegante scatola per condimenti in similpelle ideale per hotel     &nbsp;      Scoprite la scatola per caff\u00e8 e t\u00e8 di B-TRAY. La nostra scatola per condimenti unisce funzionalit\u00e0 ed eleganza. Realizzata in similpelle di alta qualit\u00e0, questa scatola \u00e8 disponibile nei colori eleganti beige caldo e nero.  La scatola dispone di tre pratici scomparti per conservare capsule di caff\u00e8, bustine di t\u00e8 e bastoncini di zucchero. Grazie alla sua superficie idrorepellente, \u00e8 facile da pulire, mentre il fondo antiscivolo garantisce stabilit\u00e0 su qualsiasi superficie. Abbinate la scatola facilmente al vassoio principale SNAP o SWITCH per creare un set di benvenuto completo e raffinato.  Con una garanzia di 2 anni, questa scatola per condimenti offre non solo eleganza, ma anche durata nel tempo. Migliorate la vostra esperienza di ospitalit\u00e0 con questo accessorio elegante e pratico!","og_url":"https:\/\/www.ghiblievo.com\/it\/prodotto\/scatola-per-condimenti-per-hotel-snap\/","og_site_name":"Ghibli Evo","article_publisher":"https:\/\/www.facebook.com\/ghiblievo","article_modified_time":"2025-04-08T08:26:42+00:00","og_image":[{"width":1000,"height":1000,"url":"https:\/\/www.ghiblievo.com\/wp-content\/uploads\/2025\/04\/Condiment-box-for-hotel-sand-color.webp","type":"image\/webp"}],"twitter_card":"summary_large_image","twitter_misc":{"Prezzo":"&euro;32.00","Disponibilit\u00e0":"In stock"},"schema":{"@context":"https:\/\/schema.org","@graph":[{"@type":"WebPage","@id":"https:\/\/www.ghiblievo.com\/it\/prodotto\/scatola-per-condimenti-per-hotel-snap\/","url":"https:\/\/www.ghiblievo.com\/it\/prodotto\/scatola-per-condimenti-per-hotel-snap\/","name":"Scatola per condimenti per hotel: SNAP - Ghibli Evo","isPartOf":{"@id":"https:\/\/www.ghiblievo.com\/it\/#website"},"primaryImageOfPage":{"@id":"https:\/\/www.ghiblievo.com\/it\/prodotto\/scatola-per-condimenti-per-hotel-snap\/#primaryimage"},"image":{"@id":"https:\/\/www.ghiblievo.com\/it\/prodotto\/scatola-per-condimenti-per-hotel-snap\/#primaryimage"},"thumbnailUrl":"https:\/\/www.ghiblievo.com\/wp-content\/uploads\/2025\/04\/Condiment-box-for-hotel-sand-color.webp","datePublished":"2025-04-07T14:16:30+00:00","dateModified":"2025-04-08T08:26:42+00:00","description":"Scatola porta condimenti per hotel realizzata in pelle sintetica di alta qualit\u00e0, disponibile nei colori sabbia o nera, per capsule di caff\u00e8, bustine di t\u00e8","breadcrumb":{"@id":"https:\/\/www.ghiblievo.com\/it\/prodotto\/scatola-per-condimenti-per-hotel-snap\/#breadcrumb"},"inLanguage":"it-IT","potentialAction":[{"@type":"ReadAction","target":["https:\/\/www.ghiblievo.com\/it\/prodotto\/scatola-per-condimenti-per-hotel-snap\/"]}]},{"@type":"ImageObject","inLanguage":"it-IT","@id":"https:\/\/www.ghiblievo.com\/it\/prodotto\/scatola-per-condimenti-per-hotel-snap\/#primaryimage","url":"https:\/\/www.ghiblievo.com\/wp-content\/uploads\/2025\/04\/Condiment-box-for-hotel-sand-color.webp","contentUrl":"https:\/\/www.ghiblievo.com\/wp-content\/uploads\/2025\/04\/Condiment-box-for-hotel-sand-color.webp","width":1000,"height":1000,"caption":"Scatola per condimenti per hotel color sabbia"},{"@type":"BreadcrumbList","@id":"https:\/\/www.ghiblievo.com\/it\/prodotto\/scatola-per-condimenti-per-hotel-snap\/#breadcrumb","itemListElement":[{"@type":"ListItem","position":1,"name":"Home","item":"https:\/\/www.ghiblievo.com\/it\/"},{"@type":"ListItem","position":2,"name":"Shop","item":"https:\/\/www.ghiblievo.com\/it\/shop-it\/"},{"@type":"ListItem","position":3,"name":"Complementi d'arredo per hotel","item":"https:\/\/www.ghiblievo.com\/it\/categoria-prodotto\/complementi-darredo-per-hotel\/"},{"@type":"ListItem","position":4,"name":"Scatola per condimenti per hotel: SNAP"}]},{"@type":"WebSite","@id":"https:\/\/www.ghiblievo.com\/it\/#website","url":"https:\/\/www.ghiblievo.com\/it\/","name":"Ghibli Evo","description":"Hair Dryers for Hotel - Wall Mounted Hair Dryer","publisher":{"@id":"https:\/\/www.ghiblievo.com\/it\/#organization"},"potentialAction":[{"@type":"SearchAction","target":{"@type":"EntryPoint","urlTemplate":"https:\/\/www.ghiblievo.com\/it\/?s={search_term_string}"},"query-input":{"@type":"PropertyValueSpecification","valueRequired":true,"valueName":"search_term_string"}}],"inLanguage":"it-IT"},{"@type":"Organization","@id":"https:\/\/www.ghiblievo.com\/it\/#organization","name":"Ghibli Evo","url":"https:\/\/www.ghiblievo.com\/it\/","logo":{"@type":"ImageObject","inLanguage":"it-IT","@id":"https:\/\/www.ghiblievo.com\/it\/#\/schema\/logo\/image\/","url":"https:\/\/www.ghiblievo.com\/wp-content\/uploads\/2019\/09\/Emblema_HUB-footer.png","contentUrl":"https:\/\/www.ghiblievo.com\/wp-content\/uploads\/2019\/09\/Emblema_HUB-footer.png","width":300,"height":291,"caption":"Ghibli Evo"},"image":{"@id":"https:\/\/www.ghiblievo.com\/it\/#\/schema\/logo\/image\/"},"sameAs":["https:\/\/www.facebook.com\/ghiblievo","https:\/\/www.instagram.com\/ghiblievo\/"],"description":"Ghiblievo is specialized in hotel supplies, bathroom accessories for hotel and hair dryer","email":"info@ghiblievo.com","telephone":"+39 338 4733486","foundingDate":"2009-01-01","vatID":"IT 03607430166"}]},"product_price_amount":"32.00","product_price_currency":"EUR","og_availability":"instock","product_availability":"instock","product_condition":"new"},"_links":{"self":[{"href":"https:\/\/www.ghiblievo.com\/it\/wp-json\/wp\/v2\/product\/51024","targetHints":{"allow":["GET"]}}],"collection":[{"href":"https:\/\/www.ghiblievo.com\/it\/wp-json\/wp\/v2\/product"}],"about":[{"href":"https:\/\/www.ghiblievo.com\/it\/wp-json\/wp\/v2\/types\/product"}],"replies":[{"embeddable":true,"href":"https:\/\/www.ghiblievo.com\/it\/wp-json\/wp\/v2\/comments?post=51024"}],"version-history":[{"count":0,"href":"https:\/\/www.ghiblievo.com\/it\/wp-json\/wp\/v2\/product\/51024\/revisions"}],"wp:featuredmedia":[{"embeddable":true,"href":"https:\/\/www.ghiblievo.com\/it\/wp-json\/wp\/v2\/media\/50996"}],"wp:attachment":[{"href":"https:\/\/www.ghiblievo.com\/it\/wp-json\/wp\/v2\/media?parent=51024"}],"wp:term":[{"taxonomy":"product_cat","embeddable":true,"href":"https:\/\/www.ghiblievo.com\/it\/wp-json\/wp\/v2\/product_cat?post=51024"},{"taxonomy":"product_tag","embeddable":true,"href":"https:\/\/www.ghiblievo.com\/it\/wp-json\/wp\/v2\/product_tag?post=51024"}],"curies":[{"name":"wp","href":"https:\/\/api.w.org\/{rel}","templated":true}]}}