{"id":46123,"date":"2025-02-22T10:22:53","date_gmt":"2025-02-22T09:22:53","guid":{"rendered":"https:\/\/www.ghiblievo.com\/?post_type=product&#038;p=46123"},"modified":"2025-03-12T12:01:35","modified_gmt":"2025-03-12T11:01:35","slug":"lettino-legno-naturale-limea","status":"publish","type":"product","link":"https:\/\/www.ghiblievo.com\/it\/prodotto\/lettino-legno-naturale-limea\/","title":{"rendered":"Lettino legno naturale Limea"},"content":{"rendered":"","protected":false},"excerpt":{"rendered":"<h2>Lettino legno naturale Limea<\/h2>\n<p>Lettino legno naturale per hotel: offri ai tuoi piccoli ospiti un&#8217;esperienza di sonno sicura e confortevole con la culla Bentley. \u00c8 realizzato con il legno naturale duro pi\u00f9 pregiato e resistente. La base e il materasso possono essere riposti all&#8217;interno della culla quando \u00e8 piegata, quindi \u00e8 facile da riporre. Noi di Bentley pensiamo anche alla massima comodit\u00e0 durante lo stoccaggio. Pertanto, includiamo una fodera protettiva antipolvere.<\/p>\n<p><iframe title=\"YouTube video player\" src=\"https:\/\/www.youtube.com\/embed\/qVWJjZ7J658?si=vUbqGGeum6pDLHac\" width=\"560\" height=\"315\" frameborder=\"0\" allowfullscreen=\"allowfullscreen\"><\/iframe><\/p>\n<h2 class=\"subtitle\">CARATTERISTICHE<\/h2>\n<ul class=\"artdetails-features\">\n<li>realizzato in legno duro durevole e resistente<\/li>\n<li>Base e materasso riposti all&#8217;interno della culla quando piegati<\/li>\n<li>Incluso materasso in schiuma 7,5 cm<\/li>\n<li>Inclusa copertura antipolvere per una conservazione pulita<\/li>\n<li>Ruote piroettanti per carichi pesanti a doppia larghezza<\/li>\n<li>certificazioni EN716<\/li>\n<\/ul>\n","protected":false},"featured_media":46129,"comment_status":"open","ping_status":"closed","template":"","meta":{"_acf_changed":false,"ngg_post_thumbnail":0,"footnotes":""},"product_cat":[1055,1057],"product_tag":[],"class_list":{"0":"post-46123","1":"product","2":"type-product","3":"status-publish","4":"has-post-thumbnail","6":"product_cat-complementi-darredo-per-hotel","7":"product_cat-culle-e-lettini","9":"first","10":"instock","11":"shipping-taxable","12":"purchasable","13":"product-type-simple"},"acf":[],"yoast_head":"<!-- This site is optimized with the Yoast SEO Premium plugin v26.7 (Yoast SEO v26.7) - https:\/\/yoast.com\/wordpress\/plugins\/seo\/ -->\n<title>Lettino legno naturale Limea per hotel e camere albergo<\/title>\n<meta name=\"description\" content=\"Lettino legno naturale Limea: offri ai tuoi piccoli ospiti dell&#039; hotel un&#039;esperienza di sonno sicura e confortevole con la culla Bentley\" \/>\n<meta name=\"robots\" content=\"index, follow, max-snippet:-1, max-image-preview:large, max-video-preview:-1\" \/>\n<link rel=\"canonical\" href=\"https:\/\/www.ghiblievo.com\/it\/prodotto\/lettino-legno-naturale-limea\/\" \/>\n<meta property=\"og:locale\" content=\"it_IT\" \/>\n<meta property=\"og:type\" content=\"article\" \/>\n<meta property=\"og:title\" content=\"Lettino legno naturale Limea\" \/>\n<meta property=\"og:description\" content=\"Lettino legno naturale Limea Lettino legno naturale per hotel: offri ai tuoi piccoli ospiti un&#039;esperienza di sonno sicura e confortevole con la culla Bentley. \u00c8 realizzato con il legno naturale duro pi\u00f9 pregiato e resistente. La base e il materasso possono essere riposti all&#039;interno della culla quando \u00e8 piegata, quindi \u00e8 facile da riporre. Noi di Bentley pensiamo anche alla massima comodit\u00e0 durante lo stoccaggio. Pertanto, includiamo una fodera protettiva antipolvere.   CARATTERISTICHE   realizzato in legno duro durevole e resistente  Base e materasso riposti all&#039;interno della culla quando piegati  Incluso materasso in schiuma 7,5 cm  Inclusa copertura antipolvere per una conservazione pulita  Ruote piroettanti per carichi pesanti a doppia larghezza  certificazioni EN716\" \/>\n<meta property=\"og:url\" content=\"https:\/\/www.ghiblievo.com\/it\/prodotto\/lettino-legno-naturale-limea\/\" \/>\n<meta property=\"og:site_name\" content=\"Ghibli Evo\" \/>\n<meta property=\"article:publisher\" content=\"https:\/\/www.facebook.com\/ghiblievo\" \/>\n<meta property=\"article:modified_time\" content=\"2025-03-12T11:01:35+00:00\" \/>\n<meta property=\"og:image\" content=\"https:\/\/www.ghiblievo.com\/wp-content\/uploads\/2025\/02\/Baby-crib-natural-Limea.webp\" \/>\n\t<meta property=\"og:image:width\" content=\"1000\" \/>\n\t<meta property=\"og:image:height\" content=\"1000\" \/>\n\t<meta property=\"og:image:type\" content=\"image\/webp\" \/>\n<meta name=\"twitter:card\" content=\"summary_large_image\" \/>\n<meta name=\"twitter:label1\" content=\"Prezzo\" \/>\n\t<meta name=\"twitter:data1\" content=\"&euro;718.00\" \/>\n\t<meta name=\"twitter:label2\" content=\"Disponibilit\u00e0\" \/>\n\t<meta name=\"twitter:data2\" content=\"In stock\" \/>\n<script type=\"application\/ld+json\" class=\"yoast-schema-graph\">{\"@context\":\"https:\/\/schema.org\",\"@graph\":[{\"@type\":\"WebPage\",\"@id\":\"https:\/\/www.ghiblievo.com\/it\/prodotto\/lettino-legno-naturale-limea\/\",\"url\":\"https:\/\/www.ghiblievo.com\/it\/prodotto\/lettino-legno-naturale-limea\/\",\"name\":\"Lettino legno naturale Limea per hotel e camere albergo\",\"isPartOf\":{\"@id\":\"https:\/\/www.ghiblievo.com\/it\/#website\"},\"primaryImageOfPage\":{\"@id\":\"https:\/\/www.ghiblievo.com\/it\/prodotto\/lettino-legno-naturale-limea\/#primaryimage\"},\"image\":{\"@id\":\"https:\/\/www.ghiblievo.com\/it\/prodotto\/lettino-legno-naturale-limea\/#primaryimage\"},\"thumbnailUrl\":\"https:\/\/www.ghiblievo.com\/wp-content\/uploads\/2025\/02\/Baby-crib-natural-Limea.webp\",\"datePublished\":\"2025-02-22T09:22:53+00:00\",\"dateModified\":\"2025-03-12T11:01:35+00:00\",\"description\":\"Lettino legno naturale Limea: offri ai tuoi piccoli ospiti dell' hotel un'esperienza di sonno sicura e confortevole con la culla Bentley\",\"breadcrumb\":{\"@id\":\"https:\/\/www.ghiblievo.com\/it\/prodotto\/lettino-legno-naturale-limea\/#breadcrumb\"},\"inLanguage\":\"it-IT\",\"potentialAction\":[{\"@type\":\"ReadAction\",\"target\":[\"https:\/\/www.ghiblievo.com\/it\/prodotto\/lettino-legno-naturale-limea\/\"]}]},{\"@type\":\"ImageObject\",\"inLanguage\":\"it-IT\",\"@id\":\"https:\/\/www.ghiblievo.com\/it\/prodotto\/lettino-legno-naturale-limea\/#primaryimage\",\"url\":\"https:\/\/www.ghiblievo.com\/wp-content\/uploads\/2025\/02\/Baby-crib-natural-Limea.webp\",\"contentUrl\":\"https:\/\/www.ghiblievo.com\/wp-content\/uploads\/2025\/02\/Baby-crib-natural-Limea.webp\",\"width\":1000,\"height\":1000,\"caption\":\"Lettino legno naturale Limea per hotel e camere albergo\"},{\"@type\":\"BreadcrumbList\",\"@id\":\"https:\/\/www.ghiblievo.com\/it\/prodotto\/lettino-legno-naturale-limea\/#breadcrumb\",\"itemListElement\":[{\"@type\":\"ListItem\",\"position\":1,\"name\":\"Home\",\"item\":\"https:\/\/www.ghiblievo.com\/it\/\"},{\"@type\":\"ListItem\",\"position\":2,\"name\":\"Shop\",\"item\":\"https:\/\/www.ghiblievo.com\/it\/shop-it\/\"},{\"@type\":\"ListItem\",\"position\":3,\"name\":\"Complementi d'arredo per hotel\",\"item\":\"https:\/\/www.ghiblievo.com\/it\/categoria-prodotto\/complementi-darredo-per-hotel\/\"},{\"@type\":\"ListItem\",\"position\":4,\"name\":\"Culle e Lettini\",\"item\":\"https:\/\/www.ghiblievo.com\/it\/categoria-prodotto\/complementi-darredo-per-hotel\/culle-e-lettini\/\"},{\"@type\":\"ListItem\",\"position\":5,\"name\":\"Lettino legno naturale Limea\"}]},{\"@type\":\"WebSite\",\"@id\":\"https:\/\/www.ghiblievo.com\/it\/#website\",\"url\":\"https:\/\/www.ghiblievo.com\/it\/\",\"name\":\"Ghibli Evo\",\"description\":\"Hair Dryers for Hotel - Wall Mounted Hair Dryer\",\"publisher\":{\"@id\":\"https:\/\/www.ghiblievo.com\/it\/#organization\"},\"potentialAction\":[{\"@type\":\"SearchAction\",\"target\":{\"@type\":\"EntryPoint\",\"urlTemplate\":\"https:\/\/www.ghiblievo.com\/it\/?s={search_term_string}\"},\"query-input\":{\"@type\":\"PropertyValueSpecification\",\"valueRequired\":true,\"valueName\":\"search_term_string\"}}],\"inLanguage\":\"it-IT\"},{\"@type\":\"Organization\",\"@id\":\"https:\/\/www.ghiblievo.com\/it\/#organization\",\"name\":\"Ghibli Evo\",\"url\":\"https:\/\/www.ghiblievo.com\/it\/\",\"logo\":{\"@type\":\"ImageObject\",\"inLanguage\":\"it-IT\",\"@id\":\"https:\/\/www.ghiblievo.com\/it\/#\/schema\/logo\/image\/\",\"url\":\"https:\/\/www.ghiblievo.com\/wp-content\/uploads\/2019\/09\/Emblema_HUB-footer.png\",\"contentUrl\":\"https:\/\/www.ghiblievo.com\/wp-content\/uploads\/2019\/09\/Emblema_HUB-footer.png\",\"width\":300,\"height\":291,\"caption\":\"Ghibli Evo\"},\"image\":{\"@id\":\"https:\/\/www.ghiblievo.com\/it\/#\/schema\/logo\/image\/\"},\"sameAs\":[\"https:\/\/www.facebook.com\/ghiblievo\",\"https:\/\/www.instagram.com\/ghiblievo\/\"],\"description\":\"Ghiblievo is specialized in hotel supplies, bathroom accessories for hotel and hair dryer\",\"email\":\"info@ghiblievo.com\",\"telephone\":\"+39 338 4733486\",\"foundingDate\":\"2009-01-01\",\"vatID\":\"IT 03607430166\"}]}<\/script>\n<meta property=\"product:price:amount\" content=\"718.00\" \/>\n<meta property=\"product:price:currency\" content=\"EUR\" \/>\n<meta property=\"og:availability\" content=\"instock\" \/>\n<meta property=\"product:availability\" content=\"instock\" \/>\n<meta property=\"product:condition\" content=\"new\" \/>\n<!-- \/ Yoast SEO Premium plugin. -->","yoast_head_json":{"title":"Lettino legno naturale Limea per hotel e camere albergo","description":"Lettino legno naturale Limea: offri ai tuoi piccoli ospiti dell' hotel un'esperienza di sonno sicura e confortevole con la culla Bentley","robots":{"index":"index","follow":"follow","max-snippet":"max-snippet:-1","max-image-preview":"max-image-preview:large","max-video-preview":"max-video-preview:-1"},"canonical":"https:\/\/www.ghiblievo.com\/it\/prodotto\/lettino-legno-naturale-limea\/","og_locale":"it_IT","og_type":"article","og_title":"Lettino legno naturale Limea","og_description":"Lettino legno naturale Limea Lettino legno naturale per hotel: offri ai tuoi piccoli ospiti un'esperienza di sonno sicura e confortevole con la culla Bentley. \u00c8 realizzato con il legno naturale duro pi\u00f9 pregiato e resistente. La base e il materasso possono essere riposti all'interno della culla quando \u00e8 piegata, quindi \u00e8 facile da riporre. Noi di Bentley pensiamo anche alla massima comodit\u00e0 durante lo stoccaggio. Pertanto, includiamo una fodera protettiva antipolvere.   CARATTERISTICHE   realizzato in legno duro durevole e resistente  Base e materasso riposti all'interno della culla quando piegati  Incluso materasso in schiuma 7,5 cm  Inclusa copertura antipolvere per una conservazione pulita  Ruote piroettanti per carichi pesanti a doppia larghezza  certificazioni EN716","og_url":"https:\/\/www.ghiblievo.com\/it\/prodotto\/lettino-legno-naturale-limea\/","og_site_name":"Ghibli Evo","article_publisher":"https:\/\/www.facebook.com\/ghiblievo","article_modified_time":"2025-03-12T11:01:35+00:00","og_image":[{"width":1000,"height":1000,"url":"https:\/\/www.ghiblievo.com\/wp-content\/uploads\/2025\/02\/Baby-crib-natural-Limea.webp","type":"image\/webp"}],"twitter_card":"summary_large_image","twitter_misc":{"Prezzo":"&euro;718.00","Disponibilit\u00e0":"In stock"},"schema":{"@context":"https:\/\/schema.org","@graph":[{"@type":"WebPage","@id":"https:\/\/www.ghiblievo.com\/it\/prodotto\/lettino-legno-naturale-limea\/","url":"https:\/\/www.ghiblievo.com\/it\/prodotto\/lettino-legno-naturale-limea\/","name":"Lettino legno naturale Limea per hotel e camere albergo","isPartOf":{"@id":"https:\/\/www.ghiblievo.com\/it\/#website"},"primaryImageOfPage":{"@id":"https:\/\/www.ghiblievo.com\/it\/prodotto\/lettino-legno-naturale-limea\/#primaryimage"},"image":{"@id":"https:\/\/www.ghiblievo.com\/it\/prodotto\/lettino-legno-naturale-limea\/#primaryimage"},"thumbnailUrl":"https:\/\/www.ghiblievo.com\/wp-content\/uploads\/2025\/02\/Baby-crib-natural-Limea.webp","datePublished":"2025-02-22T09:22:53+00:00","dateModified":"2025-03-12T11:01:35+00:00","description":"Lettino legno naturale Limea: offri ai tuoi piccoli ospiti dell' hotel un'esperienza di sonno sicura e confortevole con la culla Bentley","breadcrumb":{"@id":"https:\/\/www.ghiblievo.com\/it\/prodotto\/lettino-legno-naturale-limea\/#breadcrumb"},"inLanguage":"it-IT","potentialAction":[{"@type":"ReadAction","target":["https:\/\/www.ghiblievo.com\/it\/prodotto\/lettino-legno-naturale-limea\/"]}]},{"@type":"ImageObject","inLanguage":"it-IT","@id":"https:\/\/www.ghiblievo.com\/it\/prodotto\/lettino-legno-naturale-limea\/#primaryimage","url":"https:\/\/www.ghiblievo.com\/wp-content\/uploads\/2025\/02\/Baby-crib-natural-Limea.webp","contentUrl":"https:\/\/www.ghiblievo.com\/wp-content\/uploads\/2025\/02\/Baby-crib-natural-Limea.webp","width":1000,"height":1000,"caption":"Lettino legno naturale Limea per hotel e camere albergo"},{"@type":"BreadcrumbList","@id":"https:\/\/www.ghiblievo.com\/it\/prodotto\/lettino-legno-naturale-limea\/#breadcrumb","itemListElement":[{"@type":"ListItem","position":1,"name":"Home","item":"https:\/\/www.ghiblievo.com\/it\/"},{"@type":"ListItem","position":2,"name":"Shop","item":"https:\/\/www.ghiblievo.com\/it\/shop-it\/"},{"@type":"ListItem","position":3,"name":"Complementi d'arredo per hotel","item":"https:\/\/www.ghiblievo.com\/it\/categoria-prodotto\/complementi-darredo-per-hotel\/"},{"@type":"ListItem","position":4,"name":"Culle e Lettini","item":"https:\/\/www.ghiblievo.com\/it\/categoria-prodotto\/complementi-darredo-per-hotel\/culle-e-lettini\/"},{"@type":"ListItem","position":5,"name":"Lettino legno naturale Limea"}]},{"@type":"WebSite","@id":"https:\/\/www.ghiblievo.com\/it\/#website","url":"https:\/\/www.ghiblievo.com\/it\/","name":"Ghibli Evo","description":"Hair Dryers for Hotel - Wall Mounted Hair Dryer","publisher":{"@id":"https:\/\/www.ghiblievo.com\/it\/#organization"},"potentialAction":[{"@type":"SearchAction","target":{"@type":"EntryPoint","urlTemplate":"https:\/\/www.ghiblievo.com\/it\/?s={search_term_string}"},"query-input":{"@type":"PropertyValueSpecification","valueRequired":true,"valueName":"search_term_string"}}],"inLanguage":"it-IT"},{"@type":"Organization","@id":"https:\/\/www.ghiblievo.com\/it\/#organization","name":"Ghibli Evo","url":"https:\/\/www.ghiblievo.com\/it\/","logo":{"@type":"ImageObject","inLanguage":"it-IT","@id":"https:\/\/www.ghiblievo.com\/it\/#\/schema\/logo\/image\/","url":"https:\/\/www.ghiblievo.com\/wp-content\/uploads\/2019\/09\/Emblema_HUB-footer.png","contentUrl":"https:\/\/www.ghiblievo.com\/wp-content\/uploads\/2019\/09\/Emblema_HUB-footer.png","width":300,"height":291,"caption":"Ghibli Evo"},"image":{"@id":"https:\/\/www.ghiblievo.com\/it\/#\/schema\/logo\/image\/"},"sameAs":["https:\/\/www.facebook.com\/ghiblievo","https:\/\/www.instagram.com\/ghiblievo\/"],"description":"Ghiblievo is specialized in hotel supplies, bathroom accessories for hotel and hair dryer","email":"info@ghiblievo.com","telephone":"+39 338 4733486","foundingDate":"2009-01-01","vatID":"IT 03607430166"}]},"product_price_amount":"718.00","product_price_currency":"EUR","og_availability":"instock","product_availability":"instock","product_condition":"new"},"_links":{"self":[{"href":"https:\/\/www.ghiblievo.com\/it\/wp-json\/wp\/v2\/product\/46123","targetHints":{"allow":["GET"]}}],"collection":[{"href":"https:\/\/www.ghiblievo.com\/it\/wp-json\/wp\/v2\/product"}],"about":[{"href":"https:\/\/www.ghiblievo.com\/it\/wp-json\/wp\/v2\/types\/product"}],"replies":[{"embeddable":true,"href":"https:\/\/www.ghiblievo.com\/it\/wp-json\/wp\/v2\/comments?post=46123"}],"version-history":[{"count":0,"href":"https:\/\/www.ghiblievo.com\/it\/wp-json\/wp\/v2\/product\/46123\/revisions"}],"wp:featuredmedia":[{"embeddable":true,"href":"https:\/\/www.ghiblievo.com\/it\/wp-json\/wp\/v2\/media\/46129"}],"wp:attachment":[{"href":"https:\/\/www.ghiblievo.com\/it\/wp-json\/wp\/v2\/media?parent=46123"}],"wp:term":[{"taxonomy":"product_cat","embeddable":true,"href":"https:\/\/www.ghiblievo.com\/it\/wp-json\/wp\/v2\/product_cat?post=46123"},{"taxonomy":"product_tag","embeddable":true,"href":"https:\/\/www.ghiblievo.com\/it\/wp-json\/wp\/v2\/product_tag?post=46123"}],"curies":[{"name":"wp","href":"https:\/\/api.w.org\/{rel}","templated":true}]}}