{"id":45904,"date":"2025-02-21T10:04:43","date_gmt":"2025-02-21T07:59:51","guid":{"rendered":"https:\/\/www.ghiblievo.com\/?post_type=product&#038;p=45904"},"modified":"2025-02-24T11:15:48","modified_gmt":"2025-02-24T10:15:48","slug":"letto-a-scomparsa-verticale-per-hotel-jade","status":"publish","type":"product","link":"https:\/\/www.ghiblievo.com\/it\/prodotto\/letto-a-scomparsa-verticale-per-hotel-jade\/","title":{"rendered":"Letto a scomparsa verticale per hotel: Jade"},"content":{"rendered":"","protected":false},"excerpt":{"rendered":"<h2>Letto a scomparsa verticale per hotel: Jade<\/h2>\n<p>Letto a scomparsa verticale per hotel: come proprietario di un hotel, \u00e8 fondamentale massimizzare il comfort dei tuoi ospiti e allo stesso tempo sfruttare al massimo lo spazio disponibile. \u00c8 qui che entrano in gioco i letti a scomparsa Bentley: i nostri letti a scomparsa sono progettati per offrire il massimo comfort, ma sono anche facili da riporre quando non vengono utilizzati.<\/p>\n<p>I nostri letti a scomparsa hanno un design olandese al 100% realizzato con materiali di altissima qualit\u00e0. Sono dotati di un comodo materasso (90 x 190 cm) che garantir\u00e0 sicuramente un buon riposo notturno ai tuoi ospiti.<\/p>\n<p>Grazie alle gambe pieghevoli \u00e8 molto facile riporre il letto in posizione verticale. Basta arrotolarli in un armadio o in un ripostiglio quando non sono necessari, liberando spazio prezioso sul pavimento in cui i tuoi ospiti possono muoversi.<\/p>\n<p><iframe title=\"YouTube video player\" src=\"https:\/\/www.youtube.com\/embed\/LFfMgJqpwIA?si=T6its_yPeZ1p-8ut\" width=\"560\" height=\"315\" frameborder=\"0\" allowfullscreen=\"allowfullscreen\"><\/iframe><\/p>\n<h3>Caratteristiche del letto salvaspazio verticale per hotel<\/h3>\n<ul class=\"artdetails-features\">\n<li>Design olandese al 100%, prodotto nei Paesi Bassi<\/li>\n<li>struttura in acciaio verniciato a polvere resistente e durevole<\/li>\n<li>Risparmio di spazio, perch\u00e9 i letti sono riposti in posizione verticale<\/li>\n<li>4 letti su 1,5 m2 quando riposti in verticale<\/li>\n<li>Letto a scomparsa full size con comodo materasso a molle 90 x 190 cm<\/li>\n<li>Facile da mettere in posizione verticale<\/li>\n<li>Le ruote resistenti prevengono danni al pavimento<\/li>\n<\/ul>\n","protected":false},"featured_media":45868,"comment_status":"open","ping_status":"closed","template":"","meta":{"_acf_changed":false,"ngg_post_thumbnail":0,"footnotes":""},"product_cat":[1055,1056],"product_tag":[],"class_list":{"0":"post-45904","1":"product","2":"type-product","3":"status-publish","4":"has-post-thumbnail","6":"product_cat-complementi-darredo-per-hotel","7":"product_cat-letti-aggiuntivi","9":"first","10":"instock","11":"shipping-taxable","12":"purchasable","13":"product-type-simple"},"acf":[],"yoast_head":"<!-- This site is optimized with the Yoast SEO Premium plugin v26.7 (Yoast SEO v26.7) - https:\/\/yoast.com\/wordpress\/plugins\/seo\/ -->\n<title>Letto a scomparsa verticale per hotel: Jade - Ghibli Evo<\/title>\n<meta name=\"description\" content=\"Letto a scomparsa verticale per hotel: letti a scomparsa sono progettati per offrire il massimo comfort, ma facili da riporre quando non vengono utilizzati.\" \/>\n<meta name=\"robots\" content=\"index, follow, max-snippet:-1, max-image-preview:large, max-video-preview:-1\" \/>\n<link rel=\"canonical\" href=\"https:\/\/www.ghiblievo.com\/it\/prodotto\/letto-a-scomparsa-verticale-per-hotel-jade\/\" \/>\n<meta property=\"og:locale\" content=\"it_IT\" \/>\n<meta property=\"og:type\" content=\"article\" \/>\n<meta property=\"og:title\" content=\"Letto a scomparsa verticale per hotel: Jade\" \/>\n<meta property=\"og:description\" content=\"Letto a scomparsa verticale per hotel: Jade Letto a scomparsa verticale per hotel: come proprietario di un hotel, \u00e8 fondamentale massimizzare il comfort dei tuoi ospiti e allo stesso tempo sfruttare al massimo lo spazio disponibile. \u00c8 qui che entrano in gioco i letti a scomparsa Bentley: i nostri letti a scomparsa sono progettati per offrire il massimo comfort, ma sono anche facili da riporre quando non vengono utilizzati.  I nostri letti a scomparsa hanno un design olandese al 100% realizzato con materiali di altissima qualit\u00e0. Sono dotati di un comodo materasso (90 x 190 cm) che garantir\u00e0 sicuramente un buon riposo notturno ai tuoi ospiti.  Grazie alle gambe pieghevoli \u00e8 molto facile riporre il letto in posizione verticale. Basta arrotolarli in un armadio o in un ripostiglio quando non sono necessari, liberando spazio prezioso sul pavimento in cui i tuoi ospiti possono muoversi.   Caratteristiche del letto salvaspazio verticale per hotel   Design olandese al 100%, prodotto nei Paesi Bassi  struttura in acciaio verniciato a polvere resistente e durevole  Risparmio di spazio, perch\u00e9 i letti sono riposti in posizione verticale  4 letti su 1,5 m2 quando riposti in verticale  Letto a scomparsa full size con comodo materasso a molle 90 x 190 cm  Facile da mettere in posizione verticale  Le ruote resistenti prevengono danni al pavimento\" \/>\n<meta property=\"og:url\" content=\"https:\/\/www.ghiblievo.com\/it\/prodotto\/letto-a-scomparsa-verticale-per-hotel-jade\/\" \/>\n<meta property=\"og:site_name\" content=\"Ghibli Evo\" \/>\n<meta property=\"article:publisher\" content=\"https:\/\/www.facebook.com\/ghiblievo\" \/>\n<meta property=\"article:modified_time\" content=\"2025-02-24T10:15:48+00:00\" \/>\n<meta property=\"og:image\" content=\"https:\/\/www.ghiblievo.com\/wp-content\/uploads\/2025\/02\/rollaway_bed_for-hotelJADE.webp\" \/>\n\t<meta property=\"og:image:width\" content=\"1000\" \/>\n\t<meta property=\"og:image:height\" content=\"1000\" \/>\n\t<meta property=\"og:image:type\" content=\"image\/webp\" \/>\n<meta name=\"twitter:card\" content=\"summary_large_image\" \/>\n<meta name=\"twitter:label1\" content=\"Prezzo\" \/>\n\t<meta name=\"twitter:data1\" content=\"&euro;1,698.00\" \/>\n\t<meta name=\"twitter:label2\" content=\"Disponibilit\u00e0\" \/>\n\t<meta name=\"twitter:data2\" content=\"In stock\" \/>\n<script type=\"application\/ld+json\" class=\"yoast-schema-graph\">{\"@context\":\"https:\/\/schema.org\",\"@graph\":[{\"@type\":\"WebPage\",\"@id\":\"https:\/\/www.ghiblievo.com\/it\/prodotto\/letto-a-scomparsa-verticale-per-hotel-jade\/\",\"url\":\"https:\/\/www.ghiblievo.com\/it\/prodotto\/letto-a-scomparsa-verticale-per-hotel-jade\/\",\"name\":\"Letto a scomparsa verticale per hotel: Jade - Ghibli Evo\",\"isPartOf\":{\"@id\":\"https:\/\/www.ghiblievo.com\/it\/#website\"},\"primaryImageOfPage\":{\"@id\":\"https:\/\/www.ghiblievo.com\/it\/prodotto\/letto-a-scomparsa-verticale-per-hotel-jade\/#primaryimage\"},\"image\":{\"@id\":\"https:\/\/www.ghiblievo.com\/it\/prodotto\/letto-a-scomparsa-verticale-per-hotel-jade\/#primaryimage\"},\"thumbnailUrl\":\"https:\/\/www.ghiblievo.com\/wp-content\/uploads\/2025\/02\/rollaway_bed_for-hotelJADE.webp\",\"datePublished\":\"2025-02-21T07:59:51+00:00\",\"dateModified\":\"2025-02-24T10:15:48+00:00\",\"description\":\"Letto a scomparsa verticale per hotel: letti a scomparsa sono progettati per offrire il massimo comfort, ma facili da riporre quando non vengono utilizzati.\",\"breadcrumb\":{\"@id\":\"https:\/\/www.ghiblievo.com\/it\/prodotto\/letto-a-scomparsa-verticale-per-hotel-jade\/#breadcrumb\"},\"inLanguage\":\"it-IT\",\"potentialAction\":[{\"@type\":\"ReadAction\",\"target\":[\"https:\/\/www.ghiblievo.com\/it\/prodotto\/letto-a-scomparsa-verticale-per-hotel-jade\/\"]}]},{\"@type\":\"ImageObject\",\"inLanguage\":\"it-IT\",\"@id\":\"https:\/\/www.ghiblievo.com\/it\/prodotto\/letto-a-scomparsa-verticale-per-hotel-jade\/#primaryimage\",\"url\":\"https:\/\/www.ghiblievo.com\/wp-content\/uploads\/2025\/02\/rollaway_bed_for-hotelJADE.webp\",\"contentUrl\":\"https:\/\/www.ghiblievo.com\/wp-content\/uploads\/2025\/02\/rollaway_bed_for-hotelJADE.webp\",\"width\":1000,\"height\":1000,\"caption\":\"Upright Bed Black for Hotel\"},{\"@type\":\"BreadcrumbList\",\"@id\":\"https:\/\/www.ghiblievo.com\/it\/prodotto\/letto-a-scomparsa-verticale-per-hotel-jade\/#breadcrumb\",\"itemListElement\":[{\"@type\":\"ListItem\",\"position\":1,\"name\":\"Home\",\"item\":\"https:\/\/www.ghiblievo.com\/it\/\"},{\"@type\":\"ListItem\",\"position\":2,\"name\":\"Shop\",\"item\":\"https:\/\/www.ghiblievo.com\/it\/shop-it\/\"},{\"@type\":\"ListItem\",\"position\":3,\"name\":\"Complementi d'arredo per hotel\",\"item\":\"https:\/\/www.ghiblievo.com\/it\/categoria-prodotto\/complementi-darredo-per-hotel\/\"},{\"@type\":\"ListItem\",\"position\":4,\"name\":\"Letti aggiuntivi\",\"item\":\"https:\/\/www.ghiblievo.com\/it\/categoria-prodotto\/complementi-darredo-per-hotel\/letti-aggiuntivi\/\"},{\"@type\":\"ListItem\",\"position\":5,\"name\":\"Letto a scomparsa verticale per hotel: Jade\"}]},{\"@type\":\"WebSite\",\"@id\":\"https:\/\/www.ghiblievo.com\/it\/#website\",\"url\":\"https:\/\/www.ghiblievo.com\/it\/\",\"name\":\"Ghibli Evo\",\"description\":\"Hair Dryers for Hotel - Wall Mounted Hair Dryer\",\"publisher\":{\"@id\":\"https:\/\/www.ghiblievo.com\/it\/#organization\"},\"potentialAction\":[{\"@type\":\"SearchAction\",\"target\":{\"@type\":\"EntryPoint\",\"urlTemplate\":\"https:\/\/www.ghiblievo.com\/it\/?s={search_term_string}\"},\"query-input\":{\"@type\":\"PropertyValueSpecification\",\"valueRequired\":true,\"valueName\":\"search_term_string\"}}],\"inLanguage\":\"it-IT\"},{\"@type\":\"Organization\",\"@id\":\"https:\/\/www.ghiblievo.com\/it\/#organization\",\"name\":\"Ghibli Evo\",\"url\":\"https:\/\/www.ghiblievo.com\/it\/\",\"logo\":{\"@type\":\"ImageObject\",\"inLanguage\":\"it-IT\",\"@id\":\"https:\/\/www.ghiblievo.com\/it\/#\/schema\/logo\/image\/\",\"url\":\"https:\/\/www.ghiblievo.com\/wp-content\/uploads\/2019\/09\/Emblema_HUB-footer.png\",\"contentUrl\":\"https:\/\/www.ghiblievo.com\/wp-content\/uploads\/2019\/09\/Emblema_HUB-footer.png\",\"width\":300,\"height\":291,\"caption\":\"Ghibli Evo\"},\"image\":{\"@id\":\"https:\/\/www.ghiblievo.com\/it\/#\/schema\/logo\/image\/\"},\"sameAs\":[\"https:\/\/www.facebook.com\/ghiblievo\",\"https:\/\/www.instagram.com\/ghiblievo\/\"],\"description\":\"Ghiblievo is specialized in hotel supplies, bathroom accessories for hotel and hair dryer\",\"email\":\"info@ghiblievo.com\",\"telephone\":\"+39 338 4733486\",\"foundingDate\":\"2009-01-01\",\"vatID\":\"IT 03607430166\"}]}<\/script>\n<meta property=\"product:price:amount\" content=\"1698.00\" \/>\n<meta property=\"product:price:currency\" content=\"EUR\" \/>\n<meta property=\"og:availability\" content=\"instock\" \/>\n<meta property=\"product:availability\" content=\"instock\" \/>\n<meta property=\"product:condition\" content=\"new\" \/>\n<!-- \/ Yoast SEO Premium plugin. -->","yoast_head_json":{"title":"Letto a scomparsa verticale per hotel: Jade - Ghibli Evo","description":"Letto a scomparsa verticale per hotel: letti a scomparsa sono progettati per offrire il massimo comfort, ma facili da riporre quando non vengono utilizzati.","robots":{"index":"index","follow":"follow","max-snippet":"max-snippet:-1","max-image-preview":"max-image-preview:large","max-video-preview":"max-video-preview:-1"},"canonical":"https:\/\/www.ghiblievo.com\/it\/prodotto\/letto-a-scomparsa-verticale-per-hotel-jade\/","og_locale":"it_IT","og_type":"article","og_title":"Letto a scomparsa verticale per hotel: Jade","og_description":"Letto a scomparsa verticale per hotel: Jade Letto a scomparsa verticale per hotel: come proprietario di un hotel, \u00e8 fondamentale massimizzare il comfort dei tuoi ospiti e allo stesso tempo sfruttare al massimo lo spazio disponibile. \u00c8 qui che entrano in gioco i letti a scomparsa Bentley: i nostri letti a scomparsa sono progettati per offrire il massimo comfort, ma sono anche facili da riporre quando non vengono utilizzati.  I nostri letti a scomparsa hanno un design olandese al 100% realizzato con materiali di altissima qualit\u00e0. Sono dotati di un comodo materasso (90 x 190 cm) che garantir\u00e0 sicuramente un buon riposo notturno ai tuoi ospiti.  Grazie alle gambe pieghevoli \u00e8 molto facile riporre il letto in posizione verticale. Basta arrotolarli in un armadio o in un ripostiglio quando non sono necessari, liberando spazio prezioso sul pavimento in cui i tuoi ospiti possono muoversi.   Caratteristiche del letto salvaspazio verticale per hotel   Design olandese al 100%, prodotto nei Paesi Bassi  struttura in acciaio verniciato a polvere resistente e durevole  Risparmio di spazio, perch\u00e9 i letti sono riposti in posizione verticale  4 letti su 1,5 m2 quando riposti in verticale  Letto a scomparsa full size con comodo materasso a molle 90 x 190 cm  Facile da mettere in posizione verticale  Le ruote resistenti prevengono danni al pavimento","og_url":"https:\/\/www.ghiblievo.com\/it\/prodotto\/letto-a-scomparsa-verticale-per-hotel-jade\/","og_site_name":"Ghibli Evo","article_publisher":"https:\/\/www.facebook.com\/ghiblievo","article_modified_time":"2025-02-24T10:15:48+00:00","og_image":[{"width":1000,"height":1000,"url":"https:\/\/www.ghiblievo.com\/wp-content\/uploads\/2025\/02\/rollaway_bed_for-hotelJADE.webp","type":"image\/webp"}],"twitter_card":"summary_large_image","twitter_misc":{"Prezzo":"&euro;1,698.00","Disponibilit\u00e0":"In stock"},"schema":{"@context":"https:\/\/schema.org","@graph":[{"@type":"WebPage","@id":"https:\/\/www.ghiblievo.com\/it\/prodotto\/letto-a-scomparsa-verticale-per-hotel-jade\/","url":"https:\/\/www.ghiblievo.com\/it\/prodotto\/letto-a-scomparsa-verticale-per-hotel-jade\/","name":"Letto a scomparsa verticale per hotel: Jade - Ghibli Evo","isPartOf":{"@id":"https:\/\/www.ghiblievo.com\/it\/#website"},"primaryImageOfPage":{"@id":"https:\/\/www.ghiblievo.com\/it\/prodotto\/letto-a-scomparsa-verticale-per-hotel-jade\/#primaryimage"},"image":{"@id":"https:\/\/www.ghiblievo.com\/it\/prodotto\/letto-a-scomparsa-verticale-per-hotel-jade\/#primaryimage"},"thumbnailUrl":"https:\/\/www.ghiblievo.com\/wp-content\/uploads\/2025\/02\/rollaway_bed_for-hotelJADE.webp","datePublished":"2025-02-21T07:59:51+00:00","dateModified":"2025-02-24T10:15:48+00:00","description":"Letto a scomparsa verticale per hotel: letti a scomparsa sono progettati per offrire il massimo comfort, ma facili da riporre quando non vengono utilizzati.","breadcrumb":{"@id":"https:\/\/www.ghiblievo.com\/it\/prodotto\/letto-a-scomparsa-verticale-per-hotel-jade\/#breadcrumb"},"inLanguage":"it-IT","potentialAction":[{"@type":"ReadAction","target":["https:\/\/www.ghiblievo.com\/it\/prodotto\/letto-a-scomparsa-verticale-per-hotel-jade\/"]}]},{"@type":"ImageObject","inLanguage":"it-IT","@id":"https:\/\/www.ghiblievo.com\/it\/prodotto\/letto-a-scomparsa-verticale-per-hotel-jade\/#primaryimage","url":"https:\/\/www.ghiblievo.com\/wp-content\/uploads\/2025\/02\/rollaway_bed_for-hotelJADE.webp","contentUrl":"https:\/\/www.ghiblievo.com\/wp-content\/uploads\/2025\/02\/rollaway_bed_for-hotelJADE.webp","width":1000,"height":1000,"caption":"Upright Bed Black for Hotel"},{"@type":"BreadcrumbList","@id":"https:\/\/www.ghiblievo.com\/it\/prodotto\/letto-a-scomparsa-verticale-per-hotel-jade\/#breadcrumb","itemListElement":[{"@type":"ListItem","position":1,"name":"Home","item":"https:\/\/www.ghiblievo.com\/it\/"},{"@type":"ListItem","position":2,"name":"Shop","item":"https:\/\/www.ghiblievo.com\/it\/shop-it\/"},{"@type":"ListItem","position":3,"name":"Complementi d'arredo per hotel","item":"https:\/\/www.ghiblievo.com\/it\/categoria-prodotto\/complementi-darredo-per-hotel\/"},{"@type":"ListItem","position":4,"name":"Letti aggiuntivi","item":"https:\/\/www.ghiblievo.com\/it\/categoria-prodotto\/complementi-darredo-per-hotel\/letti-aggiuntivi\/"},{"@type":"ListItem","position":5,"name":"Letto a scomparsa verticale per hotel: Jade"}]},{"@type":"WebSite","@id":"https:\/\/www.ghiblievo.com\/it\/#website","url":"https:\/\/www.ghiblievo.com\/it\/","name":"Ghibli Evo","description":"Hair Dryers for Hotel - Wall Mounted Hair Dryer","publisher":{"@id":"https:\/\/www.ghiblievo.com\/it\/#organization"},"potentialAction":[{"@type":"SearchAction","target":{"@type":"EntryPoint","urlTemplate":"https:\/\/www.ghiblievo.com\/it\/?s={search_term_string}"},"query-input":{"@type":"PropertyValueSpecification","valueRequired":true,"valueName":"search_term_string"}}],"inLanguage":"it-IT"},{"@type":"Organization","@id":"https:\/\/www.ghiblievo.com\/it\/#organization","name":"Ghibli Evo","url":"https:\/\/www.ghiblievo.com\/it\/","logo":{"@type":"ImageObject","inLanguage":"it-IT","@id":"https:\/\/www.ghiblievo.com\/it\/#\/schema\/logo\/image\/","url":"https:\/\/www.ghiblievo.com\/wp-content\/uploads\/2019\/09\/Emblema_HUB-footer.png","contentUrl":"https:\/\/www.ghiblievo.com\/wp-content\/uploads\/2019\/09\/Emblema_HUB-footer.png","width":300,"height":291,"caption":"Ghibli Evo"},"image":{"@id":"https:\/\/www.ghiblievo.com\/it\/#\/schema\/logo\/image\/"},"sameAs":["https:\/\/www.facebook.com\/ghiblievo","https:\/\/www.instagram.com\/ghiblievo\/"],"description":"Ghiblievo is specialized in hotel supplies, bathroom accessories for hotel and hair dryer","email":"info@ghiblievo.com","telephone":"+39 338 4733486","foundingDate":"2009-01-01","vatID":"IT 03607430166"}]},"product_price_amount":"1698.00","product_price_currency":"EUR","og_availability":"instock","product_availability":"instock","product_condition":"new"},"_links":{"self":[{"href":"https:\/\/www.ghiblievo.com\/it\/wp-json\/wp\/v2\/product\/45904","targetHints":{"allow":["GET"]}}],"collection":[{"href":"https:\/\/www.ghiblievo.com\/it\/wp-json\/wp\/v2\/product"}],"about":[{"href":"https:\/\/www.ghiblievo.com\/it\/wp-json\/wp\/v2\/types\/product"}],"replies":[{"embeddable":true,"href":"https:\/\/www.ghiblievo.com\/it\/wp-json\/wp\/v2\/comments?post=45904"}],"version-history":[{"count":0,"href":"https:\/\/www.ghiblievo.com\/it\/wp-json\/wp\/v2\/product\/45904\/revisions"}],"wp:featuredmedia":[{"embeddable":true,"href":"https:\/\/www.ghiblievo.com\/it\/wp-json\/wp\/v2\/media\/45868"}],"wp:attachment":[{"href":"https:\/\/www.ghiblievo.com\/it\/wp-json\/wp\/v2\/media?parent=45904"}],"wp:term":[{"taxonomy":"product_cat","embeddable":true,"href":"https:\/\/www.ghiblievo.com\/it\/wp-json\/wp\/v2\/product_cat?post=45904"},{"taxonomy":"product_tag","embeddable":true,"href":"https:\/\/www.ghiblievo.com\/it\/wp-json\/wp\/v2\/product_tag?post=45904"}],"curies":[{"name":"wp","href":"https:\/\/api.w.org\/{rel}","templated":true}]}}