{"id":45793,"date":"2025-02-20T11:28:42","date_gmt":"2025-02-20T10:28:42","guid":{"rendered":"https:\/\/www.ghiblievo.com\/?post_type=product&#038;p=45793"},"modified":"2025-02-20T12:04:29","modified_gmt":"2025-02-20T11:04:29","slug":"vassoio-di-benvenuto-nero-canella","status":"publish","type":"product","link":"https:\/\/www.ghiblievo.com\/it\/prodotto\/vassoio-di-benvenuto-nero-canella\/","title":{"rendered":"Vassoio di benvenuto Nero Canella"},"content":{"rendered":"","protected":false},"excerpt":{"rendered":"<h2>Vassoio di benvenuto Nero Canella<\/h2>\n<p>Vassoio di benvenuto Nero \u00e8 realizzato in legno di faggio, \u00e8 salvaspazio, il vassoio di benvenuto Canella \u00e8 tanto funzionale quanto elegante.<\/p>\n<p>Il vassoio di benvenuto per l&#8217;hotel \u00e8 dotato di un cassetto igienico per i materiali di consumo per garantire che i tuoi ospiti godano sempre di ingredienti freschi. \u00c8 dotato di tre ampi scomparti, perfetti per conservare t\u00e8, caff\u00e8, zucchero e altre necessit\u00e0. Con due lussuose <strong>tazze nere incluse<\/strong>, i tuoi ospiti potranno godersi le loro bevande con stile.<\/p>\n<p>Sia il cassetto che le tazze sono realizzati in melamina per alimenti, il che li rende facili da pulire e ne garantisce un utilizzo sicuro in qualsiasi ambiente. Il vassoio \u00e8 progettato pensando all&#8217;antifurto, dotato di un cavo che pu\u00f2 essere fissato alla base del vassoio. I nostri vassoi di benvenuto Canella sono disponibili anche in nero, per abbinarsi a qualsiasi interno della camera d&#8217;albergo. Porta il soggiorno dei tuoi ospiti a un livello superiore.<\/p>\n<p>CARATTERISTICHE<\/p>\n<ul>\n<li>Vassoio di benvenuto salvaspazio in legno di faggio<\/li>\n<li>cassetto igienico dei materiali di consumo<\/li>\n<li>Tre scomparti per gli ingredienti<\/li>\n<li>Due lussuose tazze nere incluse<\/li>\n<li>Cassetto e tazze in melamina per alimenti<\/li>\n<li>antifurto: il cavo pu\u00f2 essere fissato alla base del vassoio<\/li>\n<\/ul>\n","protected":false},"featured_media":45799,"comment_status":"open","ping_status":"closed","template":"","meta":{"_acf_changed":false,"ngg_post_thumbnail":0,"footnotes":""},"product_cat":[992],"product_tag":[],"class_list":{"0":"post-45793","1":"product","2":"type-product","3":"status-publish","4":"has-post-thumbnail","6":"product_cat-vassoi-di-cortesia","8":"first","9":"instock","10":"shipping-taxable","11":"purchasable","12":"product-type-simple"},"acf":[],"yoast_head":"<!-- This site is optimized with the Yoast SEO Premium plugin v26.7 (Yoast SEO v26.7) - https:\/\/yoast.com\/wordpress\/plugins\/seo\/ -->\n<title>Vassoio di benvenuto Nero Canella - Ghibli Evo<\/title>\n<meta name=\"description\" content=\"Vassoio di benvenuto Nero Canella: \u00e8 realizzato in legno di faggio, \u00e8 salvaspazio, dotato di un cassetto igienico per i materiali di consumo\" \/>\n<meta name=\"robots\" content=\"index, follow, max-snippet:-1, max-image-preview:large, max-video-preview:-1\" \/>\n<link rel=\"canonical\" href=\"https:\/\/www.ghiblievo.com\/it\/prodotto\/vassoio-di-benvenuto-nero-canella\/\" \/>\n<meta property=\"og:locale\" content=\"it_IT\" \/>\n<meta property=\"og:type\" content=\"article\" \/>\n<meta property=\"og:title\" content=\"Vassoio di benvenuto Nero Canella\" \/>\n<meta property=\"og:description\" content=\"Vassoio di benvenuto Nero Canella Vassoio di benvenuto Nero \u00e8 realizzato in legno di faggio, \u00e8 salvaspazio, il vassoio di benvenuto Canella \u00e8 tanto funzionale quanto elegante.  Il vassoio di benvenuto per l&#039;hotel \u00e8 dotato di un cassetto igienico per i materiali di consumo per garantire che i tuoi ospiti godano sempre di ingredienti freschi. \u00c8 dotato di tre ampi scomparti, perfetti per conservare t\u00e8, caff\u00e8, zucchero e altre necessit\u00e0. Con due lussuose tazze nere incluse, i tuoi ospiti potranno godersi le loro bevande con stile.  Sia il cassetto che le tazze sono realizzati in melamina per alimenti, il che li rende facili da pulire e ne garantisce un utilizzo sicuro in qualsiasi ambiente. Il vassoio \u00e8 progettato pensando all&#039;antifurto, dotato di un cavo che pu\u00f2 essere fissato alla base del vassoio. I nostri vassoi di benvenuto Canella sono disponibili anche in nero, per abbinarsi a qualsiasi interno della camera d&#039;albergo. Porta il soggiorno dei tuoi ospiti a un livello superiore.  CARATTERISTICHE   Vassoio di benvenuto salvaspazio in legno di faggio  cassetto igienico dei materiali di consumo  Tre scomparti per gli ingredienti  Due lussuose tazze nere incluse  Cassetto e tazze in melamina per alimenti  antifurto: il cavo pu\u00f2 essere fissato alla base del vassoio\" \/>\n<meta property=\"og:url\" content=\"https:\/\/www.ghiblievo.com\/it\/prodotto\/vassoio-di-benvenuto-nero-canella\/\" \/>\n<meta property=\"og:site_name\" content=\"Ghibli Evo\" \/>\n<meta property=\"article:publisher\" content=\"https:\/\/www.facebook.com\/ghiblievo\" \/>\n<meta property=\"article:modified_time\" content=\"2025-02-20T11:04:29+00:00\" \/>\n<meta property=\"og:image\" content=\"https:\/\/www.ghiblievo.com\/wp-content\/uploads\/2025\/02\/Welcome-tray-Black-Canella-for-hotel.webp\" \/>\n\t<meta property=\"og:image:width\" content=\"1000\" \/>\n\t<meta property=\"og:image:height\" content=\"1000\" \/>\n\t<meta property=\"og:image:type\" content=\"image\/webp\" \/>\n<meta name=\"twitter:card\" content=\"summary_large_image\" \/>\n<meta name=\"twitter:label1\" content=\"Prezzo\" \/>\n\t<meta name=\"twitter:data1\" content=\"&euro;99.00\" \/>\n\t<meta name=\"twitter:label2\" content=\"Disponibilit\u00e0\" \/>\n\t<meta name=\"twitter:data2\" content=\"In stock\" \/>\n<script type=\"application\/ld+json\" class=\"yoast-schema-graph\">{\"@context\":\"https:\/\/schema.org\",\"@graph\":[{\"@type\":\"WebPage\",\"@id\":\"https:\/\/www.ghiblievo.com\/it\/prodotto\/vassoio-di-benvenuto-nero-canella\/\",\"url\":\"https:\/\/www.ghiblievo.com\/it\/prodotto\/vassoio-di-benvenuto-nero-canella\/\",\"name\":\"Vassoio di benvenuto Nero Canella - Ghibli Evo\",\"isPartOf\":{\"@id\":\"https:\/\/www.ghiblievo.com\/it\/#website\"},\"primaryImageOfPage\":{\"@id\":\"https:\/\/www.ghiblievo.com\/it\/prodotto\/vassoio-di-benvenuto-nero-canella\/#primaryimage\"},\"image\":{\"@id\":\"https:\/\/www.ghiblievo.com\/it\/prodotto\/vassoio-di-benvenuto-nero-canella\/#primaryimage\"},\"thumbnailUrl\":\"https:\/\/www.ghiblievo.com\/wp-content\/uploads\/2025\/02\/Welcome-tray-Black-Canella-for-hotel.webp\",\"datePublished\":\"2025-02-20T10:28:42+00:00\",\"dateModified\":\"2025-02-20T11:04:29+00:00\",\"description\":\"Vassoio di benvenuto Nero Canella: \u00e8 realizzato in legno di faggio, \u00e8 salvaspazio, dotato di un cassetto igienico per i materiali di consumo\",\"breadcrumb\":{\"@id\":\"https:\/\/www.ghiblievo.com\/it\/prodotto\/vassoio-di-benvenuto-nero-canella\/#breadcrumb\"},\"inLanguage\":\"it-IT\",\"potentialAction\":[{\"@type\":\"ReadAction\",\"target\":[\"https:\/\/www.ghiblievo.com\/it\/prodotto\/vassoio-di-benvenuto-nero-canella\/\"]}]},{\"@type\":\"ImageObject\",\"inLanguage\":\"it-IT\",\"@id\":\"https:\/\/www.ghiblievo.com\/it\/prodotto\/vassoio-di-benvenuto-nero-canella\/#primaryimage\",\"url\":\"https:\/\/www.ghiblievo.com\/wp-content\/uploads\/2025\/02\/Welcome-tray-Black-Canella-for-hotel.webp\",\"contentUrl\":\"https:\/\/www.ghiblievo.com\/wp-content\/uploads\/2025\/02\/Welcome-tray-Black-Canella-for-hotel.webp\",\"width\":1000,\"height\":1000,\"caption\":\"Vassoio di benvenuto Nero per hotel\"},{\"@type\":\"BreadcrumbList\",\"@id\":\"https:\/\/www.ghiblievo.com\/it\/prodotto\/vassoio-di-benvenuto-nero-canella\/#breadcrumb\",\"itemListElement\":[{\"@type\":\"ListItem\",\"position\":1,\"name\":\"Home\",\"item\":\"https:\/\/www.ghiblievo.com\/it\/\"},{\"@type\":\"ListItem\",\"position\":2,\"name\":\"Shop\",\"item\":\"https:\/\/www.ghiblievo.com\/it\/shop-it\/\"},{\"@type\":\"ListItem\",\"position\":3,\"name\":\"Vassoi di Cortesia\",\"item\":\"https:\/\/www.ghiblievo.com\/it\/categoria-prodotto\/vassoi-di-cortesia\/\"},{\"@type\":\"ListItem\",\"position\":4,\"name\":\"Vassoio di benvenuto Nero Canella\"}]},{\"@type\":\"WebSite\",\"@id\":\"https:\/\/www.ghiblievo.com\/it\/#website\",\"url\":\"https:\/\/www.ghiblievo.com\/it\/\",\"name\":\"Ghibli Evo\",\"description\":\"Hair Dryers for Hotel - Wall Mounted Hair Dryer\",\"publisher\":{\"@id\":\"https:\/\/www.ghiblievo.com\/it\/#organization\"},\"potentialAction\":[{\"@type\":\"SearchAction\",\"target\":{\"@type\":\"EntryPoint\",\"urlTemplate\":\"https:\/\/www.ghiblievo.com\/it\/?s={search_term_string}\"},\"query-input\":{\"@type\":\"PropertyValueSpecification\",\"valueRequired\":true,\"valueName\":\"search_term_string\"}}],\"inLanguage\":\"it-IT\"},{\"@type\":\"Organization\",\"@id\":\"https:\/\/www.ghiblievo.com\/it\/#organization\",\"name\":\"Ghibli Evo\",\"url\":\"https:\/\/www.ghiblievo.com\/it\/\",\"logo\":{\"@type\":\"ImageObject\",\"inLanguage\":\"it-IT\",\"@id\":\"https:\/\/www.ghiblievo.com\/it\/#\/schema\/logo\/image\/\",\"url\":\"https:\/\/www.ghiblievo.com\/wp-content\/uploads\/2019\/09\/Emblema_HUB-footer.png\",\"contentUrl\":\"https:\/\/www.ghiblievo.com\/wp-content\/uploads\/2019\/09\/Emblema_HUB-footer.png\",\"width\":300,\"height\":291,\"caption\":\"Ghibli Evo\"},\"image\":{\"@id\":\"https:\/\/www.ghiblievo.com\/it\/#\/schema\/logo\/image\/\"},\"sameAs\":[\"https:\/\/www.facebook.com\/ghiblievo\",\"https:\/\/www.instagram.com\/ghiblievo\/\"],\"description\":\"Ghiblievo is specialized in hotel supplies, bathroom accessories for hotel and hair dryer\",\"email\":\"info@ghiblievo.com\",\"telephone\":\"+39 338 4733486\",\"foundingDate\":\"2009-01-01\",\"vatID\":\"IT 03607430166\"}]}<\/script>\n<meta property=\"product:price:amount\" content=\"99.00\" \/>\n<meta property=\"product:price:currency\" content=\"EUR\" \/>\n<meta property=\"og:availability\" content=\"instock\" \/>\n<meta property=\"product:availability\" content=\"instock\" \/>\n<meta property=\"product:condition\" content=\"new\" \/>\n<!-- \/ Yoast SEO Premium plugin. -->","yoast_head_json":{"title":"Vassoio di benvenuto Nero Canella - Ghibli Evo","description":"Vassoio di benvenuto Nero Canella: \u00e8 realizzato in legno di faggio, \u00e8 salvaspazio, dotato di un cassetto igienico per i materiali di consumo","robots":{"index":"index","follow":"follow","max-snippet":"max-snippet:-1","max-image-preview":"max-image-preview:large","max-video-preview":"max-video-preview:-1"},"canonical":"https:\/\/www.ghiblievo.com\/it\/prodotto\/vassoio-di-benvenuto-nero-canella\/","og_locale":"it_IT","og_type":"article","og_title":"Vassoio di benvenuto Nero Canella","og_description":"Vassoio di benvenuto Nero Canella Vassoio di benvenuto Nero \u00e8 realizzato in legno di faggio, \u00e8 salvaspazio, il vassoio di benvenuto Canella \u00e8 tanto funzionale quanto elegante.  Il vassoio di benvenuto per l'hotel \u00e8 dotato di un cassetto igienico per i materiali di consumo per garantire che i tuoi ospiti godano sempre di ingredienti freschi. \u00c8 dotato di tre ampi scomparti, perfetti per conservare t\u00e8, caff\u00e8, zucchero e altre necessit\u00e0. Con due lussuose tazze nere incluse, i tuoi ospiti potranno godersi le loro bevande con stile.  Sia il cassetto che le tazze sono realizzati in melamina per alimenti, il che li rende facili da pulire e ne garantisce un utilizzo sicuro in qualsiasi ambiente. Il vassoio \u00e8 progettato pensando all'antifurto, dotato di un cavo che pu\u00f2 essere fissato alla base del vassoio. I nostri vassoi di benvenuto Canella sono disponibili anche in nero, per abbinarsi a qualsiasi interno della camera d'albergo. Porta il soggiorno dei tuoi ospiti a un livello superiore.  CARATTERISTICHE   Vassoio di benvenuto salvaspazio in legno di faggio  cassetto igienico dei materiali di consumo  Tre scomparti per gli ingredienti  Due lussuose tazze nere incluse  Cassetto e tazze in melamina per alimenti  antifurto: il cavo pu\u00f2 essere fissato alla base del vassoio","og_url":"https:\/\/www.ghiblievo.com\/it\/prodotto\/vassoio-di-benvenuto-nero-canella\/","og_site_name":"Ghibli Evo","article_publisher":"https:\/\/www.facebook.com\/ghiblievo","article_modified_time":"2025-02-20T11:04:29+00:00","og_image":[{"width":1000,"height":1000,"url":"https:\/\/www.ghiblievo.com\/wp-content\/uploads\/2025\/02\/Welcome-tray-Black-Canella-for-hotel.webp","type":"image\/webp"}],"twitter_card":"summary_large_image","twitter_misc":{"Prezzo":"&euro;99.00","Disponibilit\u00e0":"In stock"},"schema":{"@context":"https:\/\/schema.org","@graph":[{"@type":"WebPage","@id":"https:\/\/www.ghiblievo.com\/it\/prodotto\/vassoio-di-benvenuto-nero-canella\/","url":"https:\/\/www.ghiblievo.com\/it\/prodotto\/vassoio-di-benvenuto-nero-canella\/","name":"Vassoio di benvenuto Nero Canella - Ghibli Evo","isPartOf":{"@id":"https:\/\/www.ghiblievo.com\/it\/#website"},"primaryImageOfPage":{"@id":"https:\/\/www.ghiblievo.com\/it\/prodotto\/vassoio-di-benvenuto-nero-canella\/#primaryimage"},"image":{"@id":"https:\/\/www.ghiblievo.com\/it\/prodotto\/vassoio-di-benvenuto-nero-canella\/#primaryimage"},"thumbnailUrl":"https:\/\/www.ghiblievo.com\/wp-content\/uploads\/2025\/02\/Welcome-tray-Black-Canella-for-hotel.webp","datePublished":"2025-02-20T10:28:42+00:00","dateModified":"2025-02-20T11:04:29+00:00","description":"Vassoio di benvenuto Nero Canella: \u00e8 realizzato in legno di faggio, \u00e8 salvaspazio, dotato di un cassetto igienico per i materiali di consumo","breadcrumb":{"@id":"https:\/\/www.ghiblievo.com\/it\/prodotto\/vassoio-di-benvenuto-nero-canella\/#breadcrumb"},"inLanguage":"it-IT","potentialAction":[{"@type":"ReadAction","target":["https:\/\/www.ghiblievo.com\/it\/prodotto\/vassoio-di-benvenuto-nero-canella\/"]}]},{"@type":"ImageObject","inLanguage":"it-IT","@id":"https:\/\/www.ghiblievo.com\/it\/prodotto\/vassoio-di-benvenuto-nero-canella\/#primaryimage","url":"https:\/\/www.ghiblievo.com\/wp-content\/uploads\/2025\/02\/Welcome-tray-Black-Canella-for-hotel.webp","contentUrl":"https:\/\/www.ghiblievo.com\/wp-content\/uploads\/2025\/02\/Welcome-tray-Black-Canella-for-hotel.webp","width":1000,"height":1000,"caption":"Vassoio di benvenuto Nero per hotel"},{"@type":"BreadcrumbList","@id":"https:\/\/www.ghiblievo.com\/it\/prodotto\/vassoio-di-benvenuto-nero-canella\/#breadcrumb","itemListElement":[{"@type":"ListItem","position":1,"name":"Home","item":"https:\/\/www.ghiblievo.com\/it\/"},{"@type":"ListItem","position":2,"name":"Shop","item":"https:\/\/www.ghiblievo.com\/it\/shop-it\/"},{"@type":"ListItem","position":3,"name":"Vassoi di Cortesia","item":"https:\/\/www.ghiblievo.com\/it\/categoria-prodotto\/vassoi-di-cortesia\/"},{"@type":"ListItem","position":4,"name":"Vassoio di benvenuto Nero Canella"}]},{"@type":"WebSite","@id":"https:\/\/www.ghiblievo.com\/it\/#website","url":"https:\/\/www.ghiblievo.com\/it\/","name":"Ghibli Evo","description":"Hair Dryers for Hotel - Wall Mounted Hair Dryer","publisher":{"@id":"https:\/\/www.ghiblievo.com\/it\/#organization"},"potentialAction":[{"@type":"SearchAction","target":{"@type":"EntryPoint","urlTemplate":"https:\/\/www.ghiblievo.com\/it\/?s={search_term_string}"},"query-input":{"@type":"PropertyValueSpecification","valueRequired":true,"valueName":"search_term_string"}}],"inLanguage":"it-IT"},{"@type":"Organization","@id":"https:\/\/www.ghiblievo.com\/it\/#organization","name":"Ghibli Evo","url":"https:\/\/www.ghiblievo.com\/it\/","logo":{"@type":"ImageObject","inLanguage":"it-IT","@id":"https:\/\/www.ghiblievo.com\/it\/#\/schema\/logo\/image\/","url":"https:\/\/www.ghiblievo.com\/wp-content\/uploads\/2019\/09\/Emblema_HUB-footer.png","contentUrl":"https:\/\/www.ghiblievo.com\/wp-content\/uploads\/2019\/09\/Emblema_HUB-footer.png","width":300,"height":291,"caption":"Ghibli Evo"},"image":{"@id":"https:\/\/www.ghiblievo.com\/it\/#\/schema\/logo\/image\/"},"sameAs":["https:\/\/www.facebook.com\/ghiblievo","https:\/\/www.instagram.com\/ghiblievo\/"],"description":"Ghiblievo is specialized in hotel supplies, bathroom accessories for hotel and hair dryer","email":"info@ghiblievo.com","telephone":"+39 338 4733486","foundingDate":"2009-01-01","vatID":"IT 03607430166"}]},"product_price_amount":"99.00","product_price_currency":"EUR","og_availability":"instock","product_availability":"instock","product_condition":"new"},"_links":{"self":[{"href":"https:\/\/www.ghiblievo.com\/it\/wp-json\/wp\/v2\/product\/45793","targetHints":{"allow":["GET"]}}],"collection":[{"href":"https:\/\/www.ghiblievo.com\/it\/wp-json\/wp\/v2\/product"}],"about":[{"href":"https:\/\/www.ghiblievo.com\/it\/wp-json\/wp\/v2\/types\/product"}],"replies":[{"embeddable":true,"href":"https:\/\/www.ghiblievo.com\/it\/wp-json\/wp\/v2\/comments?post=45793"}],"version-history":[{"count":0,"href":"https:\/\/www.ghiblievo.com\/it\/wp-json\/wp\/v2\/product\/45793\/revisions"}],"wp:featuredmedia":[{"embeddable":true,"href":"https:\/\/www.ghiblievo.com\/it\/wp-json\/wp\/v2\/media\/45799"}],"wp:attachment":[{"href":"https:\/\/www.ghiblievo.com\/it\/wp-json\/wp\/v2\/media?parent=45793"}],"wp:term":[{"taxonomy":"product_cat","embeddable":true,"href":"https:\/\/www.ghiblievo.com\/it\/wp-json\/wp\/v2\/product_cat?post=45793"},{"taxonomy":"product_tag","embeddable":true,"href":"https:\/\/www.ghiblievo.com\/it\/wp-json\/wp\/v2\/product_tag?post=45793"}],"curies":[{"name":"wp","href":"https:\/\/api.w.org\/{rel}","templated":true}]}}