{"id":45636,"date":"2025-02-19T15:23:56","date_gmt":"2025-02-19T14:23:56","guid":{"rendered":"https:\/\/www.ghiblievo.com\/?post_type=product&#038;p=45636"},"modified":"2025-05-09T10:17:03","modified_gmt":"2025-05-09T09:17:03","slug":"bollitore-nero-1-litro-halo","status":"publish","type":"product","link":"https:\/\/www.ghiblievo.com\/it\/prodotto\/bollitore-nero-1-litro-halo\/","title":{"rendered":"Bollitore nero 1 litro Halo"},"content":{"rendered":"<h2>HALO: Bollitore nero un litro<\/h2>\n<ul>\n<li>Indicatore LED blu &#8220;in uso&#8221;<\/li>\n<li>acciaio inossidabile all&#8217;interno<\/li>\n<li>realizzato con plastica PP riciclata<\/li>\n<li>elemento riscaldante nascosto<\/li>\n<li>spegnimento automatico del vapore<\/li>\n<li>protezione bollitore a secco<\/li>\n<li>coperchio con apertura extra large<\/li>\n<li>filtro dell&#8217;acqua nel beccuccio (sostituibile)<\/li>\n<li>Ruotabile a 360\u00b0, controller Strix<\/li>\n<\/ul>\n<h3>Specifiche Bollitore Elettrico<\/h3>\n<p><strong>DIMENSIONI E PESO<\/strong><br \/>\ndiametro superiore \u00d812 cm<br \/>\ndimensione alla base \u00d813,6 cm<br \/>\naltezza totale 17,7 cm<br \/>\ncapacit\u00e0 d&#8217;acqua 1 litro<br \/>\n<strong>INFORMAZIONI ELETTRICHE<\/strong><br \/>\ncorrente 1100-1300 W (230V &#8211; 50\/60 Hz)<br \/>\nlunghezza cavo 75 cm<\/p>\n","protected":false},"excerpt":{"rendered":"<p><strong> Halo: Bollitore Nero da 1 litro<\/strong><\/p>\n<p>Nuovo membro della nostra famiglia Halo!<br \/>\nCon la sua generosa capacit\u00e0 di 1 litro, consente agli ospiti di preparare pi\u00f9 tazze contemporaneamente, rendendola perfetta per coloro che amano condividere le loro bevande calde preferite.<\/p>\n<p>Realizzato con materiali di alta qualit\u00e0, la kettle Halo \u00e8 progettato sia per la durata che per la facilit\u00e0 d&#8217;uso. Dispone di una funzione di ebollizione rapida, spegnimento automatico per la sicurezza e un manico ergonomico per un versamento senza sforzo.<\/p>\n<p><iframe src=\"https:\/\/a.rendered.ar\/api\/EmbedTrigger?uuid=33973639&#038;rda=142375\" width=\"100%\" height=\"500\" frameborder=\"0\" allowfullscreen=\"allowfullscreen\"><\/iframe><\/p>\n<p><iframe width=\"560\" height=\"315\" src=\"https:\/\/www.youtube.com\/embed\/AeK-Ds7tC2Q?si=VlzOEvXpPm2JoE-0\" title=\"YouTube video player\" frameborder=\"0\" allow=\"accelerometer; autoplay; clipboard-write; encrypted-media; gyroscope; picture-in-picture; web-share\" referrerpolicy=\"strict-origin-when-cross-origin\" allowfullscreen><\/iframe><\/p>\n<p>Pur offrendo una maggiore capacit\u00e0, il Bollitore Nero HALO da 1 litro mantiene un design compatto, rendendolo facile da riporre senza occupare troppo spazio. La sua finitura nera lucida aggiunge un tocco di eleganza a qualsiasi stanza.<\/p>\n<p>Da Bentley, poniamo la soddisfazione degli ospiti al primo posto. Il nostro bollitore da 1 litro combina funzionalit\u00e0 e stile, garantendo che i tuoi ospiti possano gustare una deliziosa tazza di t\u00e8 o caff\u00e8 ogni volta che lo desiderano.<\/p>\n<p>Abbinalo a un vassoio accogliente per un&#8217;esperienza di massima eleganza e funzionalit\u00e0.<\/p>\n","protected":false},"featured_media":45645,"comment_status":"open","ping_status":"closed","template":"","meta":{"_acf_changed":false,"ngg_post_thumbnail":0,"footnotes":""},"product_cat":[930],"product_tag":[],"class_list":{"0":"post-45636","1":"product","2":"type-product","3":"status-publish","4":"has-post-thumbnail","6":"product_cat-bollitori","8":"first","9":"instock","10":"shipping-taxable","11":"purchasable","12":"product-type-simple"},"acf":[],"yoast_head":"<!-- This site is optimized with the Yoast SEO Premium plugin v26.7 (Yoast SEO v26.7) - https:\/\/yoast.com\/wordpress\/plugins\/seo\/ -->\n<title>Bollitore nero 1 litro HALO<\/title>\n<meta name=\"description\" content=\"Bollitore nero 1 litro Halo: Realizzato con materiali di alta qualit\u00e0 doppia parete in acciaio inossidabile progettato per la durata e per la facilit\u00e0 d&#039;uso\" \/>\n<meta name=\"robots\" content=\"index, follow, max-snippet:-1, max-image-preview:large, max-video-preview:-1\" \/>\n<link rel=\"canonical\" href=\"https:\/\/www.ghiblievo.com\/it\/prodotto\/bollitore-nero-1-litro-halo\/\" \/>\n<meta property=\"og:locale\" content=\"it_IT\" \/>\n<meta property=\"og:type\" content=\"article\" \/>\n<meta property=\"og:title\" content=\"Bollitore nero 1 litro Halo\" \/>\n<meta property=\"og:description\" content=\"Halo: Bollitore Nero da 1 litro  Nuovo membro della nostra famiglia Halo! Con la sua generosa capacit\u00e0 di 1 litro, consente agli ospiti di preparare pi\u00f9 tazze contemporaneamente, rendendola perfetta per coloro che amano condividere le loro bevande calde preferite.  Realizzato con materiali di alta qualit\u00e0, la kettle Halo \u00e8 progettato sia per la durata che per la facilit\u00e0 d&#039;uso. Dispone di una funzione di ebollizione rapida, spegnimento automatico per la sicurezza e un manico ergonomico per un versamento senza sforzo.      Pur offrendo una maggiore capacit\u00e0, il Bollitore Nero HALO da 1 litro mantiene un design compatto, rendendolo facile da riporre senza occupare troppo spazio. La sua finitura nera lucida aggiunge un tocco di eleganza a qualsiasi stanza.  Da Bentley, poniamo la soddisfazione degli ospiti al primo posto. Il nostro bollitore da 1 litro combina funzionalit\u00e0 e stile, garantendo che i tuoi ospiti possano gustare una deliziosa tazza di t\u00e8 o caff\u00e8 ogni volta che lo desiderano.  Abbinalo a un vassoio accogliente per un&#039;esperienza di massima eleganza e funzionalit\u00e0.\" \/>\n<meta property=\"og:url\" content=\"https:\/\/www.ghiblievo.com\/it\/prodotto\/bollitore-nero-1-litro-halo\/\" \/>\n<meta property=\"og:site_name\" content=\"Ghibli Evo\" \/>\n<meta property=\"article:publisher\" content=\"https:\/\/www.facebook.com\/ghiblievo\" \/>\n<meta property=\"article:modified_time\" content=\"2025-05-09T09:17:03+00:00\" \/>\n<meta property=\"og:image\" content=\"https:\/\/www.ghiblievo.com\/wp-content\/uploads\/2025\/02\/water_kettle_1_litre_black_HALO-led.webp\" \/>\n\t<meta property=\"og:image:width\" content=\"1000\" \/>\n\t<meta property=\"og:image:height\" content=\"1000\" \/>\n\t<meta property=\"og:image:type\" content=\"image\/webp\" \/>\n<meta name=\"twitter:card\" content=\"summary_large_image\" \/>\n<meta name=\"twitter:label1\" content=\"Prezzo\" \/>\n\t<meta name=\"twitter:data1\" content=\"&euro;95.00\" \/>\n\t<meta name=\"twitter:label2\" content=\"Disponibilit\u00e0\" \/>\n\t<meta name=\"twitter:data2\" content=\"In stock\" \/>\n<script type=\"application\/ld+json\" class=\"yoast-schema-graph\">{\"@context\":\"https:\/\/schema.org\",\"@graph\":[{\"@type\":\"WebPage\",\"@id\":\"https:\/\/www.ghiblievo.com\/it\/prodotto\/bollitore-nero-1-litro-halo\/\",\"url\":\"https:\/\/www.ghiblievo.com\/it\/prodotto\/bollitore-nero-1-litro-halo\/\",\"name\":\"Bollitore nero 1 litro HALO\",\"isPartOf\":{\"@id\":\"https:\/\/www.ghiblievo.com\/it\/#website\"},\"primaryImageOfPage\":{\"@id\":\"https:\/\/www.ghiblievo.com\/it\/prodotto\/bollitore-nero-1-litro-halo\/#primaryimage\"},\"image\":{\"@id\":\"https:\/\/www.ghiblievo.com\/it\/prodotto\/bollitore-nero-1-litro-halo\/#primaryimage\"},\"thumbnailUrl\":\"https:\/\/www.ghiblievo.com\/wp-content\/uploads\/2025\/02\/water_kettle_1_litre_black_HALO-led.webp\",\"datePublished\":\"2025-02-19T14:23:56+00:00\",\"dateModified\":\"2025-05-09T09:17:03+00:00\",\"description\":\"Bollitore nero 1 litro Halo: Realizzato con materiali di alta qualit\u00e0 doppia parete in acciaio inossidabile progettato per la durata e per la facilit\u00e0 d'uso\",\"breadcrumb\":{\"@id\":\"https:\/\/www.ghiblievo.com\/it\/prodotto\/bollitore-nero-1-litro-halo\/#breadcrumb\"},\"inLanguage\":\"it-IT\",\"potentialAction\":[{\"@type\":\"ReadAction\",\"target\":[\"https:\/\/www.ghiblievo.com\/it\/prodotto\/bollitore-nero-1-litro-halo\/\"]}]},{\"@type\":\"ImageObject\",\"inLanguage\":\"it-IT\",\"@id\":\"https:\/\/www.ghiblievo.com\/it\/prodotto\/bollitore-nero-1-litro-halo\/#primaryimage\",\"url\":\"https:\/\/www.ghiblievo.com\/wp-content\/uploads\/2025\/02\/water_kettle_1_litre_black_HALO-led.webp\",\"contentUrl\":\"https:\/\/www.ghiblievo.com\/wp-content\/uploads\/2025\/02\/water_kettle_1_litre_black_HALO-led.webp\",\"width\":1000,\"height\":1000,\"caption\":\"Bollitore nero 1 litro HALO con led\"},{\"@type\":\"BreadcrumbList\",\"@id\":\"https:\/\/www.ghiblievo.com\/it\/prodotto\/bollitore-nero-1-litro-halo\/#breadcrumb\",\"itemListElement\":[{\"@type\":\"ListItem\",\"position\":1,\"name\":\"Home\",\"item\":\"https:\/\/www.ghiblievo.com\/it\/\"},{\"@type\":\"ListItem\",\"position\":2,\"name\":\"Shop\",\"item\":\"https:\/\/www.ghiblievo.com\/it\/shop-it\/\"},{\"@type\":\"ListItem\",\"position\":3,\"name\":\"Bollitori\",\"item\":\"https:\/\/www.ghiblievo.com\/it\/categoria-prodotto\/bollitori\/\"},{\"@type\":\"ListItem\",\"position\":4,\"name\":\"Bollitore nero 1 litro Halo\"}]},{\"@type\":\"WebSite\",\"@id\":\"https:\/\/www.ghiblievo.com\/it\/#website\",\"url\":\"https:\/\/www.ghiblievo.com\/it\/\",\"name\":\"Ghibli Evo\",\"description\":\"Hair Dryers for Hotel - Wall Mounted Hair Dryer\",\"publisher\":{\"@id\":\"https:\/\/www.ghiblievo.com\/it\/#organization\"},\"potentialAction\":[{\"@type\":\"SearchAction\",\"target\":{\"@type\":\"EntryPoint\",\"urlTemplate\":\"https:\/\/www.ghiblievo.com\/it\/?s={search_term_string}\"},\"query-input\":{\"@type\":\"PropertyValueSpecification\",\"valueRequired\":true,\"valueName\":\"search_term_string\"}}],\"inLanguage\":\"it-IT\"},{\"@type\":\"Organization\",\"@id\":\"https:\/\/www.ghiblievo.com\/it\/#organization\",\"name\":\"Ghibli Evo\",\"url\":\"https:\/\/www.ghiblievo.com\/it\/\",\"logo\":{\"@type\":\"ImageObject\",\"inLanguage\":\"it-IT\",\"@id\":\"https:\/\/www.ghiblievo.com\/it\/#\/schema\/logo\/image\/\",\"url\":\"https:\/\/www.ghiblievo.com\/wp-content\/uploads\/2019\/09\/Emblema_HUB-footer.png\",\"contentUrl\":\"https:\/\/www.ghiblievo.com\/wp-content\/uploads\/2019\/09\/Emblema_HUB-footer.png\",\"width\":300,\"height\":291,\"caption\":\"Ghibli Evo\"},\"image\":{\"@id\":\"https:\/\/www.ghiblievo.com\/it\/#\/schema\/logo\/image\/\"},\"sameAs\":[\"https:\/\/www.facebook.com\/ghiblievo\",\"https:\/\/www.instagram.com\/ghiblievo\/\"],\"description\":\"Ghiblievo is specialized in hotel supplies, bathroom accessories for hotel and hair dryer\",\"email\":\"info@ghiblievo.com\",\"telephone\":\"+39 338 4733486\",\"foundingDate\":\"2009-01-01\",\"vatID\":\"IT 03607430166\"}]}<\/script>\n<meta property=\"product:price:amount\" content=\"95.00\" \/>\n<meta property=\"product:price:currency\" content=\"EUR\" \/>\n<meta property=\"og:availability\" content=\"instock\" \/>\n<meta property=\"product:availability\" content=\"instock\" \/>\n<meta property=\"product:condition\" content=\"new\" \/>\n<!-- \/ Yoast SEO Premium plugin. -->","yoast_head_json":{"title":"Bollitore nero 1 litro HALO","description":"Bollitore nero 1 litro Halo: Realizzato con materiali di alta qualit\u00e0 doppia parete in acciaio inossidabile progettato per la durata e per la facilit\u00e0 d'uso","robots":{"index":"index","follow":"follow","max-snippet":"max-snippet:-1","max-image-preview":"max-image-preview:large","max-video-preview":"max-video-preview:-1"},"canonical":"https:\/\/www.ghiblievo.com\/it\/prodotto\/bollitore-nero-1-litro-halo\/","og_locale":"it_IT","og_type":"article","og_title":"Bollitore nero 1 litro Halo","og_description":"Halo: Bollitore Nero da 1 litro  Nuovo membro della nostra famiglia Halo! Con la sua generosa capacit\u00e0 di 1 litro, consente agli ospiti di preparare pi\u00f9 tazze contemporaneamente, rendendola perfetta per coloro che amano condividere le loro bevande calde preferite.  Realizzato con materiali di alta qualit\u00e0, la kettle Halo \u00e8 progettato sia per la durata che per la facilit\u00e0 d'uso. Dispone di una funzione di ebollizione rapida, spegnimento automatico per la sicurezza e un manico ergonomico per un versamento senza sforzo.      Pur offrendo una maggiore capacit\u00e0, il Bollitore Nero HALO da 1 litro mantiene un design compatto, rendendolo facile da riporre senza occupare troppo spazio. La sua finitura nera lucida aggiunge un tocco di eleganza a qualsiasi stanza.  Da Bentley, poniamo la soddisfazione degli ospiti al primo posto. Il nostro bollitore da 1 litro combina funzionalit\u00e0 e stile, garantendo che i tuoi ospiti possano gustare una deliziosa tazza di t\u00e8 o caff\u00e8 ogni volta che lo desiderano.  Abbinalo a un vassoio accogliente per un'esperienza di massima eleganza e funzionalit\u00e0.","og_url":"https:\/\/www.ghiblievo.com\/it\/prodotto\/bollitore-nero-1-litro-halo\/","og_site_name":"Ghibli Evo","article_publisher":"https:\/\/www.facebook.com\/ghiblievo","article_modified_time":"2025-05-09T09:17:03+00:00","og_image":[{"width":1000,"height":1000,"url":"https:\/\/www.ghiblievo.com\/wp-content\/uploads\/2025\/02\/water_kettle_1_litre_black_HALO-led.webp","type":"image\/webp"}],"twitter_card":"summary_large_image","twitter_misc":{"Prezzo":"&euro;95.00","Disponibilit\u00e0":"In stock"},"schema":{"@context":"https:\/\/schema.org","@graph":[{"@type":"WebPage","@id":"https:\/\/www.ghiblievo.com\/it\/prodotto\/bollitore-nero-1-litro-halo\/","url":"https:\/\/www.ghiblievo.com\/it\/prodotto\/bollitore-nero-1-litro-halo\/","name":"Bollitore nero 1 litro HALO","isPartOf":{"@id":"https:\/\/www.ghiblievo.com\/it\/#website"},"primaryImageOfPage":{"@id":"https:\/\/www.ghiblievo.com\/it\/prodotto\/bollitore-nero-1-litro-halo\/#primaryimage"},"image":{"@id":"https:\/\/www.ghiblievo.com\/it\/prodotto\/bollitore-nero-1-litro-halo\/#primaryimage"},"thumbnailUrl":"https:\/\/www.ghiblievo.com\/wp-content\/uploads\/2025\/02\/water_kettle_1_litre_black_HALO-led.webp","datePublished":"2025-02-19T14:23:56+00:00","dateModified":"2025-05-09T09:17:03+00:00","description":"Bollitore nero 1 litro Halo: Realizzato con materiali di alta qualit\u00e0 doppia parete in acciaio inossidabile progettato per la durata e per la facilit\u00e0 d'uso","breadcrumb":{"@id":"https:\/\/www.ghiblievo.com\/it\/prodotto\/bollitore-nero-1-litro-halo\/#breadcrumb"},"inLanguage":"it-IT","potentialAction":[{"@type":"ReadAction","target":["https:\/\/www.ghiblievo.com\/it\/prodotto\/bollitore-nero-1-litro-halo\/"]}]},{"@type":"ImageObject","inLanguage":"it-IT","@id":"https:\/\/www.ghiblievo.com\/it\/prodotto\/bollitore-nero-1-litro-halo\/#primaryimage","url":"https:\/\/www.ghiblievo.com\/wp-content\/uploads\/2025\/02\/water_kettle_1_litre_black_HALO-led.webp","contentUrl":"https:\/\/www.ghiblievo.com\/wp-content\/uploads\/2025\/02\/water_kettle_1_litre_black_HALO-led.webp","width":1000,"height":1000,"caption":"Bollitore nero 1 litro HALO con led"},{"@type":"BreadcrumbList","@id":"https:\/\/www.ghiblievo.com\/it\/prodotto\/bollitore-nero-1-litro-halo\/#breadcrumb","itemListElement":[{"@type":"ListItem","position":1,"name":"Home","item":"https:\/\/www.ghiblievo.com\/it\/"},{"@type":"ListItem","position":2,"name":"Shop","item":"https:\/\/www.ghiblievo.com\/it\/shop-it\/"},{"@type":"ListItem","position":3,"name":"Bollitori","item":"https:\/\/www.ghiblievo.com\/it\/categoria-prodotto\/bollitori\/"},{"@type":"ListItem","position":4,"name":"Bollitore nero 1 litro Halo"}]},{"@type":"WebSite","@id":"https:\/\/www.ghiblievo.com\/it\/#website","url":"https:\/\/www.ghiblievo.com\/it\/","name":"Ghibli Evo","description":"Hair Dryers for Hotel - Wall Mounted Hair Dryer","publisher":{"@id":"https:\/\/www.ghiblievo.com\/it\/#organization"},"potentialAction":[{"@type":"SearchAction","target":{"@type":"EntryPoint","urlTemplate":"https:\/\/www.ghiblievo.com\/it\/?s={search_term_string}"},"query-input":{"@type":"PropertyValueSpecification","valueRequired":true,"valueName":"search_term_string"}}],"inLanguage":"it-IT"},{"@type":"Organization","@id":"https:\/\/www.ghiblievo.com\/it\/#organization","name":"Ghibli Evo","url":"https:\/\/www.ghiblievo.com\/it\/","logo":{"@type":"ImageObject","inLanguage":"it-IT","@id":"https:\/\/www.ghiblievo.com\/it\/#\/schema\/logo\/image\/","url":"https:\/\/www.ghiblievo.com\/wp-content\/uploads\/2019\/09\/Emblema_HUB-footer.png","contentUrl":"https:\/\/www.ghiblievo.com\/wp-content\/uploads\/2019\/09\/Emblema_HUB-footer.png","width":300,"height":291,"caption":"Ghibli Evo"},"image":{"@id":"https:\/\/www.ghiblievo.com\/it\/#\/schema\/logo\/image\/"},"sameAs":["https:\/\/www.facebook.com\/ghiblievo","https:\/\/www.instagram.com\/ghiblievo\/"],"description":"Ghiblievo is specialized in hotel supplies, bathroom accessories for hotel and hair dryer","email":"info@ghiblievo.com","telephone":"+39 338 4733486","foundingDate":"2009-01-01","vatID":"IT 03607430166"}]},"product_price_amount":"95.00","product_price_currency":"EUR","og_availability":"instock","product_availability":"instock","product_condition":"new"},"_links":{"self":[{"href":"https:\/\/www.ghiblievo.com\/it\/wp-json\/wp\/v2\/product\/45636","targetHints":{"allow":["GET"]}}],"collection":[{"href":"https:\/\/www.ghiblievo.com\/it\/wp-json\/wp\/v2\/product"}],"about":[{"href":"https:\/\/www.ghiblievo.com\/it\/wp-json\/wp\/v2\/types\/product"}],"replies":[{"embeddable":true,"href":"https:\/\/www.ghiblievo.com\/it\/wp-json\/wp\/v2\/comments?post=45636"}],"version-history":[{"count":0,"href":"https:\/\/www.ghiblievo.com\/it\/wp-json\/wp\/v2\/product\/45636\/revisions"}],"wp:featuredmedia":[{"embeddable":true,"href":"https:\/\/www.ghiblievo.com\/it\/wp-json\/wp\/v2\/media\/45645"}],"wp:attachment":[{"href":"https:\/\/www.ghiblievo.com\/it\/wp-json\/wp\/v2\/media?parent=45636"}],"wp:term":[{"taxonomy":"product_cat","embeddable":true,"href":"https:\/\/www.ghiblievo.com\/it\/wp-json\/wp\/v2\/product_cat?post=45636"},{"taxonomy":"product_tag","embeddable":true,"href":"https:\/\/www.ghiblievo.com\/it\/wp-json\/wp\/v2\/product_tag?post=45636"}],"curies":[{"name":"wp","href":"https:\/\/api.w.org\/{rel}","templated":true}]}}