{"id":41997,"date":"2024-12-06T10:01:29","date_gmt":"2024-12-06T09:16:15","guid":{"rendered":"https:\/\/www.ghiblievo.com\/?post_type=product&#038;p=41997"},"modified":"2024-12-06T11:15:24","modified_gmt":"2024-12-06T10:15:24","slug":"minibar-bianco-niagara","status":"publish","type":"product","link":"https:\/\/www.ghiblievo.com\/it\/prodotto\/minibar-bianco-niagara\/","title":{"rendered":"Minibar bianco Niagara"},"content":{"rendered":"","protected":false},"excerpt":{"rendered":"<h2>Minibar bianco Niagara per hotel con congelatore<\/h2>\n<p>Minibar bianco Niagara con un design elegante. Offre sia la refrigerazione che il congelamento in uno minibar. Combina uno stile pulito con funzionalit\u00e0 eccezionale.<\/p>\n<div class=\"wpb_text_column wpb_content_element vc_custom_1731069986089\">\n<div class=\"wpb_wrapper\">\n<h3><strong><img decoding=\"async\" class=\"alignleft wp-image-41977 size-medium\" src=\"https:\/\/www.ghiblievo.com\/wp-content\/uploads\/2024\/12\/White-Minibar-Niagara-opened-300x300.webp\" alt=\"\" width=\"300\" height=\"300\">Niagara 45<\/strong><\/h3>\n<ul>\n<li>Codice. 93152<\/li>\n<\/ul>\n<\/div>\n<\/div>\n<div class=\"wpb_text_column wpb_content_element vc_custom_1731070042551\">\n<div class=\"wpb_wrapper\">\n<p>Dimensioni (A x L x P) mm: <strong>495x 444 x 485<\/strong><br \/>\nCapacit\u00e0:&nbsp;<strong>46 L (frigorifero 44 L + congelatore 2 L)<\/strong><br \/>\nPeso:&nbsp;<strong>13,4 Kg<\/strong><br \/>\nConsumo:<strong>0,55 KW-h\/24h<\/strong><br \/>\nFiniture:&nbsp;<strong>Bianco<\/strong><\/p>\n<h4 class=\"vc_custom_heading\">Minibar con Congelatore incluso<\/h4>\n<h4 class=\"\u201cvc_custom_heading\u201d\">Porta reversibile<\/h4>\n<div class=\"wpb_text_column wpb_content_element vc_custom_1669542861036\">\n<div class=\"wpb_wrapper\">\n<p>\u00c8 possibile montare la porta con apertura a sinistra o a destra.<\/p>\n<\/div>\n<\/div>\n<h3 class=\"\u201cvc_custom_heading\u201d\">Optionals Minibar Niagara bianco<\/h3>\n<h4 class=\"\u201cvc_custom_heading\u201d\">Kit pannellatura<\/h4>\n<div class=\"wpb_text_column wpb_content_element vc_custom_1669991847855\">\n<div class=\"wpb_wrapper\">\n<p>\u00c8 composto dagli elementi necessari per integrare il frigobar con l&#8217;arredo richiesto dall&#8217;hotel, riducendone cos\u00ec l&#8217;impatto visivo.<\/p>\n<\/div>\n<\/div>\n<\/div>\n<\/div>\n","protected":false},"featured_media":41969,"comment_status":"open","ping_status":"closed","template":"","meta":{"_acf_changed":false,"ngg_post_thumbnail":0,"footnotes":""},"product_cat":[1032,1037],"product_tag":[],"class_list":{"0":"post-41997","1":"product","2":"type-product","3":"status-publish","4":"has-post-thumbnail","6":"product_cat-minibar-per-hotel","7":"product_cat-assorbimento","9":"first","10":"instock","11":"shipping-taxable","12":"product-type-simple"},"acf":[],"yoast_head":"<!-- This site is optimized with the Yoast SEO Premium plugin v26.7 (Yoast SEO v26.7) - https:\/\/yoast.com\/wordpress\/plugins\/seo\/ -->\n<title>Minibar bianco Niagara - Ghibli Evo<\/title>\n<meta name=\"description\" content=\"Minibar bianco Niagara con un design elegante. Offre sia la refrigerazione che il congelamento in uno minibar, possibile kit pannellatura\" \/>\n<meta name=\"robots\" content=\"index, follow, max-snippet:-1, max-image-preview:large, max-video-preview:-1\" \/>\n<link rel=\"canonical\" href=\"https:\/\/www.ghiblievo.com\/it\/prodotto\/minibar-bianco-niagara\/\" \/>\n<meta property=\"og:locale\" content=\"it_IT\" \/>\n<meta property=\"og:type\" content=\"article\" \/>\n<meta property=\"og:title\" content=\"Minibar bianco Niagara\" \/>\n<meta property=\"og:description\" content=\"Minibar bianco Niagara per hotel con congelatore Minibar bianco Niagara con un design elegante. Offre sia la refrigerazione che il congelamento in uno minibar. Combina uno stile pulito con funzionalit\u00e0 eccezionale.   Niagara 45   Codice. 93152       Dimensioni (A x L x P) mm: 495x 444 x 485 Capacit\u00e0:&nbsp;46 L (frigorifero 44 L + congelatore 2 L) Peso:&nbsp;13,4 Kg Consumo:0,55 KW-h\/24h Finiture:&nbsp;Bianco Minibar con Congelatore incluso Porta reversibile    \u00c8 possibile montare la porta con apertura a sinistra o a destra.    Optionals Minibar Niagara bianco Kit pannellatura    \u00c8 composto dagli elementi necessari per integrare il frigobar con l&#039;arredo richiesto dall&#039;hotel, riducendone cos\u00ec l&#039;impatto visivo.\" \/>\n<meta property=\"og:url\" content=\"https:\/\/www.ghiblievo.com\/it\/prodotto\/minibar-bianco-niagara\/\" \/>\n<meta property=\"og:site_name\" content=\"Ghibli Evo\" \/>\n<meta property=\"article:publisher\" content=\"https:\/\/www.facebook.com\/ghiblievo\" \/>\n<meta property=\"article:modified_time\" content=\"2024-12-06T10:15:24+00:00\" \/>\n<meta property=\"og:image\" content=\"https:\/\/www.ghiblievo.com\/wp-content\/uploads\/2024\/12\/White-Minibar-Niagara.webp\" \/>\n\t<meta property=\"og:image:width\" content=\"790\" \/>\n\t<meta property=\"og:image:height\" content=\"790\" \/>\n\t<meta property=\"og:image:type\" content=\"image\/webp\" \/>\n<meta name=\"twitter:card\" content=\"summary_large_image\" \/>\n<meta name=\"twitter:label1\" content=\"Prezzo\" \/>\n\t<meta name=\"twitter:data1\" content=\"\" \/>\n\t<meta name=\"twitter:label2\" content=\"Disponibilit\u00e0\" \/>\n\t<meta name=\"twitter:data2\" content=\"In stock\" \/>\n<script type=\"application\/ld+json\" class=\"yoast-schema-graph\">{\"@context\":\"https:\/\/schema.org\",\"@graph\":[{\"@type\":\"WebPage\",\"@id\":\"https:\/\/www.ghiblievo.com\/it\/prodotto\/minibar-bianco-niagara\/\",\"url\":\"https:\/\/www.ghiblievo.com\/it\/prodotto\/minibar-bianco-niagara\/\",\"name\":\"Minibar bianco Niagara - Ghibli Evo\",\"isPartOf\":{\"@id\":\"https:\/\/www.ghiblievo.com\/it\/#website\"},\"primaryImageOfPage\":{\"@id\":\"https:\/\/www.ghiblievo.com\/it\/prodotto\/minibar-bianco-niagara\/#primaryimage\"},\"image\":{\"@id\":\"https:\/\/www.ghiblievo.com\/it\/prodotto\/minibar-bianco-niagara\/#primaryimage\"},\"thumbnailUrl\":\"https:\/\/www.ghiblievo.com\/wp-content\/uploads\/2024\/12\/White-Minibar-Niagara.webp\",\"datePublished\":\"2024-12-06T09:16:15+00:00\",\"dateModified\":\"2024-12-06T10:15:24+00:00\",\"description\":\"Minibar bianco Niagara con un design elegante. Offre sia la refrigerazione che il congelamento in uno minibar, possibile kit pannellatura\",\"breadcrumb\":{\"@id\":\"https:\/\/www.ghiblievo.com\/it\/prodotto\/minibar-bianco-niagara\/#breadcrumb\"},\"inLanguage\":\"it-IT\",\"potentialAction\":[{\"@type\":\"ReadAction\",\"target\":[\"https:\/\/www.ghiblievo.com\/it\/prodotto\/minibar-bianco-niagara\/\"]}]},{\"@type\":\"ImageObject\",\"inLanguage\":\"it-IT\",\"@id\":\"https:\/\/www.ghiblievo.com\/it\/prodotto\/minibar-bianco-niagara\/#primaryimage\",\"url\":\"https:\/\/www.ghiblievo.com\/wp-content\/uploads\/2024\/12\/White-Minibar-Niagara.webp\",\"contentUrl\":\"https:\/\/www.ghiblievo.com\/wp-content\/uploads\/2024\/12\/White-Minibar-Niagara.webp\",\"width\":790,\"height\":790,\"caption\":\"White Minibar Niagara\"},{\"@type\":\"BreadcrumbList\",\"@id\":\"https:\/\/www.ghiblievo.com\/it\/prodotto\/minibar-bianco-niagara\/#breadcrumb\",\"itemListElement\":[{\"@type\":\"ListItem\",\"position\":1,\"name\":\"Home\",\"item\":\"https:\/\/www.ghiblievo.com\/it\/\"},{\"@type\":\"ListItem\",\"position\":2,\"name\":\"Shop\",\"item\":\"https:\/\/www.ghiblievo.com\/it\/shop-it\/\"},{\"@type\":\"ListItem\",\"position\":3,\"name\":\"Minibar per Hotel\",\"item\":\"https:\/\/www.ghiblievo.com\/it\/categoria-prodotto\/minibar-per-hotel\/\"},{\"@type\":\"ListItem\",\"position\":4,\"name\":\"Minibar bianco Niagara\"}]},{\"@type\":\"WebSite\",\"@id\":\"https:\/\/www.ghiblievo.com\/it\/#website\",\"url\":\"https:\/\/www.ghiblievo.com\/it\/\",\"name\":\"Ghibli Evo\",\"description\":\"Hair Dryers for Hotel - Wall Mounted Hair Dryer\",\"publisher\":{\"@id\":\"https:\/\/www.ghiblievo.com\/it\/#organization\"},\"potentialAction\":[{\"@type\":\"SearchAction\",\"target\":{\"@type\":\"EntryPoint\",\"urlTemplate\":\"https:\/\/www.ghiblievo.com\/it\/?s={search_term_string}\"},\"query-input\":{\"@type\":\"PropertyValueSpecification\",\"valueRequired\":true,\"valueName\":\"search_term_string\"}}],\"inLanguage\":\"it-IT\"},{\"@type\":\"Organization\",\"@id\":\"https:\/\/www.ghiblievo.com\/it\/#organization\",\"name\":\"Ghibli Evo\",\"url\":\"https:\/\/www.ghiblievo.com\/it\/\",\"logo\":{\"@type\":\"ImageObject\",\"inLanguage\":\"it-IT\",\"@id\":\"https:\/\/www.ghiblievo.com\/it\/#\/schema\/logo\/image\/\",\"url\":\"https:\/\/www.ghiblievo.com\/wp-content\/uploads\/2019\/09\/Emblema_HUB-footer.png\",\"contentUrl\":\"https:\/\/www.ghiblievo.com\/wp-content\/uploads\/2019\/09\/Emblema_HUB-footer.png\",\"width\":300,\"height\":291,\"caption\":\"Ghibli Evo\"},\"image\":{\"@id\":\"https:\/\/www.ghiblievo.com\/it\/#\/schema\/logo\/image\/\"},\"sameAs\":[\"https:\/\/www.facebook.com\/ghiblievo\",\"https:\/\/www.instagram.com\/ghiblievo\/\"],\"description\":\"Ghiblievo is specialized in hotel supplies, bathroom accessories for hotel and hair dryer\",\"email\":\"info@ghiblievo.com\",\"telephone\":\"+39 338 4733486\",\"foundingDate\":\"2009-01-01\",\"vatID\":\"IT 03607430166\"}]}<\/script>\n<meta property=\"product:price:amount\" content=\"0.00\" \/>\n<meta property=\"product:price:currency\" content=\"EUR\" \/>\n<meta property=\"og:availability\" content=\"instock\" \/>\n<meta property=\"product:availability\" content=\"instock\" \/>\n<meta property=\"product:condition\" content=\"new\" \/>\n<!-- \/ Yoast SEO Premium plugin. -->","yoast_head_json":{"title":"Minibar bianco Niagara - Ghibli Evo","description":"Minibar bianco Niagara con un design elegante. Offre sia la refrigerazione che il congelamento in uno minibar, possibile kit pannellatura","robots":{"index":"index","follow":"follow","max-snippet":"max-snippet:-1","max-image-preview":"max-image-preview:large","max-video-preview":"max-video-preview:-1"},"canonical":"https:\/\/www.ghiblievo.com\/it\/prodotto\/minibar-bianco-niagara\/","og_locale":"it_IT","og_type":"article","og_title":"Minibar bianco Niagara","og_description":"Minibar bianco Niagara per hotel con congelatore Minibar bianco Niagara con un design elegante. Offre sia la refrigerazione che il congelamento in uno minibar. Combina uno stile pulito con funzionalit\u00e0 eccezionale.   Niagara 45   Codice. 93152       Dimensioni (A x L x P) mm: 495x 444 x 485 Capacit\u00e0:&nbsp;46 L (frigorifero 44 L + congelatore 2 L) Peso:&nbsp;13,4 Kg Consumo:0,55 KW-h\/24h Finiture:&nbsp;Bianco Minibar con Congelatore incluso Porta reversibile    \u00c8 possibile montare la porta con apertura a sinistra o a destra.    Optionals Minibar Niagara bianco Kit pannellatura    \u00c8 composto dagli elementi necessari per integrare il frigobar con l'arredo richiesto dall'hotel, riducendone cos\u00ec l'impatto visivo.","og_url":"https:\/\/www.ghiblievo.com\/it\/prodotto\/minibar-bianco-niagara\/","og_site_name":"Ghibli Evo","article_publisher":"https:\/\/www.facebook.com\/ghiblievo","article_modified_time":"2024-12-06T10:15:24+00:00","og_image":[{"width":790,"height":790,"url":"https:\/\/www.ghiblievo.com\/wp-content\/uploads\/2024\/12\/White-Minibar-Niagara.webp","type":"image\/webp"}],"twitter_card":"summary_large_image","twitter_misc":{"Prezzo":"","Disponibilit\u00e0":"In stock"},"schema":{"@context":"https:\/\/schema.org","@graph":[{"@type":"WebPage","@id":"https:\/\/www.ghiblievo.com\/it\/prodotto\/minibar-bianco-niagara\/","url":"https:\/\/www.ghiblievo.com\/it\/prodotto\/minibar-bianco-niagara\/","name":"Minibar bianco Niagara - Ghibli Evo","isPartOf":{"@id":"https:\/\/www.ghiblievo.com\/it\/#website"},"primaryImageOfPage":{"@id":"https:\/\/www.ghiblievo.com\/it\/prodotto\/minibar-bianco-niagara\/#primaryimage"},"image":{"@id":"https:\/\/www.ghiblievo.com\/it\/prodotto\/minibar-bianco-niagara\/#primaryimage"},"thumbnailUrl":"https:\/\/www.ghiblievo.com\/wp-content\/uploads\/2024\/12\/White-Minibar-Niagara.webp","datePublished":"2024-12-06T09:16:15+00:00","dateModified":"2024-12-06T10:15:24+00:00","description":"Minibar bianco Niagara con un design elegante. Offre sia la refrigerazione che il congelamento in uno minibar, possibile kit pannellatura","breadcrumb":{"@id":"https:\/\/www.ghiblievo.com\/it\/prodotto\/minibar-bianco-niagara\/#breadcrumb"},"inLanguage":"it-IT","potentialAction":[{"@type":"ReadAction","target":["https:\/\/www.ghiblievo.com\/it\/prodotto\/minibar-bianco-niagara\/"]}]},{"@type":"ImageObject","inLanguage":"it-IT","@id":"https:\/\/www.ghiblievo.com\/it\/prodotto\/minibar-bianco-niagara\/#primaryimage","url":"https:\/\/www.ghiblievo.com\/wp-content\/uploads\/2024\/12\/White-Minibar-Niagara.webp","contentUrl":"https:\/\/www.ghiblievo.com\/wp-content\/uploads\/2024\/12\/White-Minibar-Niagara.webp","width":790,"height":790,"caption":"White Minibar Niagara"},{"@type":"BreadcrumbList","@id":"https:\/\/www.ghiblievo.com\/it\/prodotto\/minibar-bianco-niagara\/#breadcrumb","itemListElement":[{"@type":"ListItem","position":1,"name":"Home","item":"https:\/\/www.ghiblievo.com\/it\/"},{"@type":"ListItem","position":2,"name":"Shop","item":"https:\/\/www.ghiblievo.com\/it\/shop-it\/"},{"@type":"ListItem","position":3,"name":"Minibar per Hotel","item":"https:\/\/www.ghiblievo.com\/it\/categoria-prodotto\/minibar-per-hotel\/"},{"@type":"ListItem","position":4,"name":"Minibar bianco Niagara"}]},{"@type":"WebSite","@id":"https:\/\/www.ghiblievo.com\/it\/#website","url":"https:\/\/www.ghiblievo.com\/it\/","name":"Ghibli Evo","description":"Hair Dryers for Hotel - Wall Mounted Hair Dryer","publisher":{"@id":"https:\/\/www.ghiblievo.com\/it\/#organization"},"potentialAction":[{"@type":"SearchAction","target":{"@type":"EntryPoint","urlTemplate":"https:\/\/www.ghiblievo.com\/it\/?s={search_term_string}"},"query-input":{"@type":"PropertyValueSpecification","valueRequired":true,"valueName":"search_term_string"}}],"inLanguage":"it-IT"},{"@type":"Organization","@id":"https:\/\/www.ghiblievo.com\/it\/#organization","name":"Ghibli Evo","url":"https:\/\/www.ghiblievo.com\/it\/","logo":{"@type":"ImageObject","inLanguage":"it-IT","@id":"https:\/\/www.ghiblievo.com\/it\/#\/schema\/logo\/image\/","url":"https:\/\/www.ghiblievo.com\/wp-content\/uploads\/2019\/09\/Emblema_HUB-footer.png","contentUrl":"https:\/\/www.ghiblievo.com\/wp-content\/uploads\/2019\/09\/Emblema_HUB-footer.png","width":300,"height":291,"caption":"Ghibli Evo"},"image":{"@id":"https:\/\/www.ghiblievo.com\/it\/#\/schema\/logo\/image\/"},"sameAs":["https:\/\/www.facebook.com\/ghiblievo","https:\/\/www.instagram.com\/ghiblievo\/"],"description":"Ghiblievo is specialized in hotel supplies, bathroom accessories for hotel and hair dryer","email":"info@ghiblievo.com","telephone":"+39 338 4733486","foundingDate":"2009-01-01","vatID":"IT 03607430166"}]},"product_price_amount":"0.00","product_price_currency":"EUR","og_availability":"instock","product_availability":"instock","product_condition":"new"},"_links":{"self":[{"href":"https:\/\/www.ghiblievo.com\/it\/wp-json\/wp\/v2\/product\/41997","targetHints":{"allow":["GET"]}}],"collection":[{"href":"https:\/\/www.ghiblievo.com\/it\/wp-json\/wp\/v2\/product"}],"about":[{"href":"https:\/\/www.ghiblievo.com\/it\/wp-json\/wp\/v2\/types\/product"}],"replies":[{"embeddable":true,"href":"https:\/\/www.ghiblievo.com\/it\/wp-json\/wp\/v2\/comments?post=41997"}],"version-history":[{"count":0,"href":"https:\/\/www.ghiblievo.com\/it\/wp-json\/wp\/v2\/product\/41997\/revisions"}],"wp:featuredmedia":[{"embeddable":true,"href":"https:\/\/www.ghiblievo.com\/it\/wp-json\/wp\/v2\/media\/41969"}],"wp:attachment":[{"href":"https:\/\/www.ghiblievo.com\/it\/wp-json\/wp\/v2\/media?parent=41997"}],"wp:term":[{"taxonomy":"product_cat","embeddable":true,"href":"https:\/\/www.ghiblievo.com\/it\/wp-json\/wp\/v2\/product_cat?post=41997"},{"taxonomy":"product_tag","embeddable":true,"href":"https:\/\/www.ghiblievo.com\/it\/wp-json\/wp\/v2\/product_tag?post=41997"}],"curies":[{"name":"wp","href":"https:\/\/api.w.org\/{rel}","templated":true}]}}