{"id":41550,"date":"2024-11-29T10:03:39","date_gmt":"2024-11-29T09:26:05","guid":{"rendered":"https:\/\/www.ghiblievo.com\/?post_type=product&#038;p=41550"},"modified":"2024-11-29T11:02:28","modified_gmt":"2024-11-29T10:02:28","slug":"elegante-minibar-winter","status":"publish","type":"product","link":"https:\/\/www.ghiblievo.com\/it\/prodotto\/elegante-minibar-winter\/","title":{"rendered":"Elegante Minibar Winter"},"content":{"rendered":"","protected":false},"excerpt":{"rendered":"<h2>Perch\u00e9 scegliere un Elegante Minibar Winter?<\/h2>\n<p>Scegli un elegante minibar della serie Winter perch\u00e9 si distingue per la loro grande efficienza energetica, che si traduce in un notevole risparmio per l&#8217;hotel. I minibar Winter sono adattati alle nuove normative europee, in vigore dal 2021. Questa serie di minibar \u00e8 100% silenziosa, ideale per gli ospiti pi\u00f9 esigenti. Il suo design \u00e8 elegante e tiene conto di tutti i tipi di dettagli.<\/p>\n<p>Tecnologia di termoassorbimento<br \/>\nPotenza: 60 W<br \/>\nTensione: 220 V<br \/>\nCompletamente silenzioso (0 dB)<br \/>\nMaggiore capacit\u00e0 di raffreddamento, con un diffusore ad alte prestazioni<br \/>\nTermostato regolabile<br \/>\nSbrinamento automatico<br \/>\nPorta reversibile<br \/>\nVassoi regolabili in altezza<br \/>\nVassoi delle porte<br \/>\nIlluminazione interna, LED a basso consumo<br \/>\nOPZIONI: Accessorio kit di rivestimento<\/p>\n<p><strong><img decoding=\"async\" class=\"alignleft wp-image-41620 size-medium\" src=\"https:\/\/www.ghiblievo.com\/wp-content\/uploads\/2024\/11\/Elegant-Minibar-Winter-30L-300x300.webp\" alt=\"Elegant Minibar Winter 30L\" width=\"300\" height=\"300\">Winter 30<\/strong><\/p>\n<ul>\n<li>Codice: 93070 (nero)<\/li>\n<li>Codice: 93090 (bianco)<\/li>\n<\/ul>\n<p>Dimensioni<br \/>\n(H x L x P) mm: 485 x 400 x 385<br \/>\nCapacit\u00e0: 26 L<br \/>\nPeso: 11 Kg<br \/>\nConsumo: 0,29 KW-h\/24 h<br \/>\nFiniture: nero \/ bianco<\/p>\n<div style=\"clear: both;\">&nbsp;<\/div>\n<p><strong><img decoding=\"async\" class=\"alignleft wp-image-41628 size-medium\" src=\"https:\/\/www.ghiblievo.com\/wp-content\/uploads\/2024\/11\/Elegant-Minibar-Winter-40L-300x300.webp\" alt=\"Elegant Minibar Winter 40L\" width=\"300\" height=\"300\">Inverno 40<\/strong><\/p>\n<ul>\n<li>Codice: 93075 (nero)<\/li>\n<li>Codice: 93091 (bianco)<\/li>\n<\/ul>\n<p>Dimensioni<br \/>\n(H x L x P) mm: 555 x 400 x 450<br \/>\nCapacit\u00e0: 32 L<br \/>\nPeso: 13,5 Kg<br \/>\nConsumo: 0,24 KW-h\/24 h<br \/>\nFiniture: nero \/ bianco<\/p>\n<div style=\"clear: both;\">&nbsp;<\/div>\n<p><strong>100% silenzioso. Ideale per qualsiasi tipo di hotel grazie alla sua variet\u00e0 di modelli e finiture.<\/strong><\/p>\n<p><em><strong> Scegli il codice del tuo prodotto:<\/strong><\/em><\/p>\n","protected":false},"featured_media":41612,"comment_status":"open","ping_status":"closed","template":"","meta":{"_acf_changed":false,"ngg_post_thumbnail":0,"footnotes":""},"product_cat":[1032,1036],"product_tag":[],"class_list":{"0":"post-41550","1":"product","2":"type-product","3":"status-publish","4":"has-post-thumbnail","6":"product_cat-minibar-per-hotel","7":"product_cat-termoelettrico","9":"first","10":"instock","11":"shipping-taxable","12":"purchasable","13":"product-type-variable"},"acf":[],"yoast_head":"<!-- This site is optimized with the Yoast SEO Premium plugin v26.7 (Yoast SEO v26.7) - https:\/\/yoast.com\/wordpress\/plugins\/seo\/ -->\n<title>Elegante Minibar Winter - Ghibli Evo<\/title>\n<meta name=\"description\" content=\"elegante minibar della serie Winter si distingue per la loro grande efficienza energetica, che si traduce in un notevole risparmio per l&#039;hotel\" \/>\n<meta name=\"robots\" content=\"index, follow, max-snippet:-1, max-image-preview:large, max-video-preview:-1\" \/>\n<link rel=\"canonical\" href=\"https:\/\/www.ghiblievo.com\/it\/prodotto\/elegante-minibar-winter\/\" \/>\n<meta property=\"og:locale\" content=\"it_IT\" \/>\n<meta property=\"og:type\" content=\"article\" \/>\n<meta property=\"og:title\" content=\"Elegante Minibar Winter\" \/>\n<meta property=\"og:description\" content=\"Perch\u00e9 scegliere un Elegante Minibar Winter? Scegli un elegante minibar della serie Winter perch\u00e9 si distingue per la loro grande efficienza energetica, che si traduce in un notevole risparmio per l&#039;hotel. I minibar Winter sono adattati alle nuove normative europee, in vigore dal 2021. Questa serie di minibar \u00e8 100% silenziosa, ideale per gli ospiti pi\u00f9 esigenti. Il suo design \u00e8 elegante e tiene conto di tutti i tipi di dettagli.  Tecnologia di termoassorbimento Potenza: 60 W Tensione: 220 V Completamente silenzioso (0 dB) Maggiore capacit\u00e0 di raffreddamento, con un diffusore ad alte prestazioni Termostato regolabile Sbrinamento automatico Porta reversibile Vassoi regolabili in altezza Vassoi delle porte Illuminazione interna, LED a basso consumo OPZIONI: Accessorio kit di rivestimento  Winter 30   Codice: 93070 (nero)  Codice: 93090 (bianco)  Dimensioni (H x L x P) mm: 485 x 400 x 385 Capacit\u00e0: 26 L Peso: 11 Kg Consumo: 0,29 KW-h\/24 h Finiture: nero \/ bianco &nbsp; Inverno 40   Codice: 93075 (nero)  Codice: 93091 (bianco)  Dimensioni (H x L x P) mm: 555 x 400 x 450 Capacit\u00e0: 32 L Peso: 13,5 Kg Consumo: 0,24 KW-h\/24 h Finiture: nero \/ bianco &nbsp; 100% silenzioso. Ideale per qualsiasi tipo di hotel grazie alla sua variet\u00e0 di modelli e finiture.   Scegli il codice del tuo prodotto:\" \/>\n<meta property=\"og:url\" content=\"https:\/\/www.ghiblievo.com\/it\/prodotto\/elegante-minibar-winter\/\" \/>\n<meta property=\"og:site_name\" content=\"Ghibli Evo\" \/>\n<meta property=\"article:publisher\" content=\"https:\/\/www.facebook.com\/ghiblievo\" \/>\n<meta property=\"article:modified_time\" content=\"2024-11-29T10:02:28+00:00\" \/>\n<meta property=\"og:image\" content=\"https:\/\/www.ghiblievo.com\/wp-content\/uploads\/2024\/11\/Elegant-Minibar-Winter.webp\" \/>\n\t<meta property=\"og:image:width\" content=\"790\" \/>\n\t<meta property=\"og:image:height\" content=\"790\" \/>\n\t<meta property=\"og:image:type\" content=\"image\/webp\" \/>\n<meta name=\"twitter:card\" content=\"summary_large_image\" \/>\n<meta name=\"twitter:label1\" content=\"Disponibilit\u00e0\" \/>\n\t<meta name=\"twitter:data1\" content=\"In stock\" \/>\n<script type=\"application\/ld+json\" class=\"yoast-schema-graph\">{\"@context\":\"https:\/\/schema.org\",\"@graph\":[{\"@type\":\"WebPage\",\"@id\":\"https:\/\/www.ghiblievo.com\/it\/prodotto\/elegante-minibar-winter\/\",\"url\":\"https:\/\/www.ghiblievo.com\/it\/prodotto\/elegante-minibar-winter\/\",\"name\":\"Elegante Minibar Winter - Ghibli Evo\",\"isPartOf\":{\"@id\":\"https:\/\/www.ghiblievo.com\/it\/#website\"},\"primaryImageOfPage\":{\"@id\":\"https:\/\/www.ghiblievo.com\/it\/prodotto\/elegante-minibar-winter\/#primaryimage\"},\"image\":{\"@id\":\"https:\/\/www.ghiblievo.com\/it\/prodotto\/elegante-minibar-winter\/#primaryimage\"},\"thumbnailUrl\":\"https:\/\/www.ghiblievo.com\/wp-content\/uploads\/2024\/11\/Elegant-Minibar-Winter.webp\",\"datePublished\":\"2024-11-29T09:26:05+00:00\",\"dateModified\":\"2024-11-29T10:02:28+00:00\",\"description\":\"elegante minibar della serie Winter si distingue per la loro grande efficienza energetica, che si traduce in un notevole risparmio per l'hotel\",\"breadcrumb\":{\"@id\":\"https:\/\/www.ghiblievo.com\/it\/prodotto\/elegante-minibar-winter\/#breadcrumb\"},\"inLanguage\":\"it-IT\",\"potentialAction\":[{\"@type\":\"ReadAction\",\"target\":[\"https:\/\/www.ghiblievo.com\/it\/prodotto\/elegante-minibar-winter\/\"]}]},{\"@type\":\"ImageObject\",\"inLanguage\":\"it-IT\",\"@id\":\"https:\/\/www.ghiblievo.com\/it\/prodotto\/elegante-minibar-winter\/#primaryimage\",\"url\":\"https:\/\/www.ghiblievo.com\/wp-content\/uploads\/2024\/11\/Elegant-Minibar-Winter.webp\",\"contentUrl\":\"https:\/\/www.ghiblievo.com\/wp-content\/uploads\/2024\/11\/Elegant-Minibar-Winter.webp\",\"width\":790,\"height\":790,\"caption\":\"Elegant Minibar Winter\"},{\"@type\":\"BreadcrumbList\",\"@id\":\"https:\/\/www.ghiblievo.com\/it\/prodotto\/elegante-minibar-winter\/#breadcrumb\",\"itemListElement\":[{\"@type\":\"ListItem\",\"position\":1,\"name\":\"Home\",\"item\":\"https:\/\/www.ghiblievo.com\/it\/\"},{\"@type\":\"ListItem\",\"position\":2,\"name\":\"Shop\",\"item\":\"https:\/\/www.ghiblievo.com\/it\/shop-it\/\"},{\"@type\":\"ListItem\",\"position\":3,\"name\":\"Minibar per Hotel\",\"item\":\"https:\/\/www.ghiblievo.com\/it\/categoria-prodotto\/minibar-per-hotel\/\"},{\"@type\":\"ListItem\",\"position\":4,\"name\":\"Termoelettrico\",\"item\":\"https:\/\/www.ghiblievo.com\/it\/categoria-prodotto\/minibar-per-hotel\/termoelettrico\/\"},{\"@type\":\"ListItem\",\"position\":5,\"name\":\"Elegante Minibar Winter\"}]},{\"@type\":\"WebSite\",\"@id\":\"https:\/\/www.ghiblievo.com\/it\/#website\",\"url\":\"https:\/\/www.ghiblievo.com\/it\/\",\"name\":\"Ghibli Evo\",\"description\":\"Hair Dryers for Hotel - Wall Mounted Hair Dryer\",\"publisher\":{\"@id\":\"https:\/\/www.ghiblievo.com\/it\/#organization\"},\"potentialAction\":[{\"@type\":\"SearchAction\",\"target\":{\"@type\":\"EntryPoint\",\"urlTemplate\":\"https:\/\/www.ghiblievo.com\/it\/?s={search_term_string}\"},\"query-input\":{\"@type\":\"PropertyValueSpecification\",\"valueRequired\":true,\"valueName\":\"search_term_string\"}}],\"inLanguage\":\"it-IT\"},{\"@type\":\"Organization\",\"@id\":\"https:\/\/www.ghiblievo.com\/it\/#organization\",\"name\":\"Ghibli Evo\",\"url\":\"https:\/\/www.ghiblievo.com\/it\/\",\"logo\":{\"@type\":\"ImageObject\",\"inLanguage\":\"it-IT\",\"@id\":\"https:\/\/www.ghiblievo.com\/it\/#\/schema\/logo\/image\/\",\"url\":\"https:\/\/www.ghiblievo.com\/wp-content\/uploads\/2019\/09\/Emblema_HUB-footer.png\",\"contentUrl\":\"https:\/\/www.ghiblievo.com\/wp-content\/uploads\/2019\/09\/Emblema_HUB-footer.png\",\"width\":300,\"height\":291,\"caption\":\"Ghibli Evo\"},\"image\":{\"@id\":\"https:\/\/www.ghiblievo.com\/it\/#\/schema\/logo\/image\/\"},\"sameAs\":[\"https:\/\/www.facebook.com\/ghiblievo\",\"https:\/\/www.instagram.com\/ghiblievo\/\"],\"description\":\"Ghiblievo is specialized in hotel supplies, bathroom accessories for hotel and hair dryer\",\"email\":\"info@ghiblievo.com\",\"telephone\":\"+39 338 4733486\",\"foundingDate\":\"2009-01-01\",\"vatID\":\"IT 03607430166\"}]}<\/script>\n<meta property=\"og:availability\" content=\"instock\" \/>\n<meta property=\"product:availability\" content=\"instock\" \/>\n<meta property=\"product:condition\" content=\"new\" \/>\n<!-- \/ Yoast SEO Premium plugin. -->","yoast_head_json":{"title":"Elegante Minibar Winter - Ghibli Evo","description":"elegante minibar della serie Winter si distingue per la loro grande efficienza energetica, che si traduce in un notevole risparmio per l'hotel","robots":{"index":"index","follow":"follow","max-snippet":"max-snippet:-1","max-image-preview":"max-image-preview:large","max-video-preview":"max-video-preview:-1"},"canonical":"https:\/\/www.ghiblievo.com\/it\/prodotto\/elegante-minibar-winter\/","og_locale":"it_IT","og_type":"article","og_title":"Elegante Minibar Winter","og_description":"Perch\u00e9 scegliere un Elegante Minibar Winter? Scegli un elegante minibar della serie Winter perch\u00e9 si distingue per la loro grande efficienza energetica, che si traduce in un notevole risparmio per l'hotel. I minibar Winter sono adattati alle nuove normative europee, in vigore dal 2021. Questa serie di minibar \u00e8 100% silenziosa, ideale per gli ospiti pi\u00f9 esigenti. Il suo design \u00e8 elegante e tiene conto di tutti i tipi di dettagli.  Tecnologia di termoassorbimento Potenza: 60 W Tensione: 220 V Completamente silenzioso (0 dB) Maggiore capacit\u00e0 di raffreddamento, con un diffusore ad alte prestazioni Termostato regolabile Sbrinamento automatico Porta reversibile Vassoi regolabili in altezza Vassoi delle porte Illuminazione interna, LED a basso consumo OPZIONI: Accessorio kit di rivestimento  Winter 30   Codice: 93070 (nero)  Codice: 93090 (bianco)  Dimensioni (H x L x P) mm: 485 x 400 x 385 Capacit\u00e0: 26 L Peso: 11 Kg Consumo: 0,29 KW-h\/24 h Finiture: nero \/ bianco &nbsp; Inverno 40   Codice: 93075 (nero)  Codice: 93091 (bianco)  Dimensioni (H x L x P) mm: 555 x 400 x 450 Capacit\u00e0: 32 L Peso: 13,5 Kg Consumo: 0,24 KW-h\/24 h Finiture: nero \/ bianco &nbsp; 100% silenzioso. Ideale per qualsiasi tipo di hotel grazie alla sua variet\u00e0 di modelli e finiture.   Scegli il codice del tuo prodotto:","og_url":"https:\/\/www.ghiblievo.com\/it\/prodotto\/elegante-minibar-winter\/","og_site_name":"Ghibli Evo","article_publisher":"https:\/\/www.facebook.com\/ghiblievo","article_modified_time":"2024-11-29T10:02:28+00:00","og_image":[{"width":790,"height":790,"url":"https:\/\/www.ghiblievo.com\/wp-content\/uploads\/2024\/11\/Elegant-Minibar-Winter.webp","type":"image\/webp"}],"twitter_card":"summary_large_image","twitter_misc":{"Disponibilit\u00e0":"In stock"},"schema":{"@context":"https:\/\/schema.org","@graph":[{"@type":"WebPage","@id":"https:\/\/www.ghiblievo.com\/it\/prodotto\/elegante-minibar-winter\/","url":"https:\/\/www.ghiblievo.com\/it\/prodotto\/elegante-minibar-winter\/","name":"Elegante Minibar Winter - Ghibli Evo","isPartOf":{"@id":"https:\/\/www.ghiblievo.com\/it\/#website"},"primaryImageOfPage":{"@id":"https:\/\/www.ghiblievo.com\/it\/prodotto\/elegante-minibar-winter\/#primaryimage"},"image":{"@id":"https:\/\/www.ghiblievo.com\/it\/prodotto\/elegante-minibar-winter\/#primaryimage"},"thumbnailUrl":"https:\/\/www.ghiblievo.com\/wp-content\/uploads\/2024\/11\/Elegant-Minibar-Winter.webp","datePublished":"2024-11-29T09:26:05+00:00","dateModified":"2024-11-29T10:02:28+00:00","description":"elegante minibar della serie Winter si distingue per la loro grande efficienza energetica, che si traduce in un notevole risparmio per l'hotel","breadcrumb":{"@id":"https:\/\/www.ghiblievo.com\/it\/prodotto\/elegante-minibar-winter\/#breadcrumb"},"inLanguage":"it-IT","potentialAction":[{"@type":"ReadAction","target":["https:\/\/www.ghiblievo.com\/it\/prodotto\/elegante-minibar-winter\/"]}]},{"@type":"ImageObject","inLanguage":"it-IT","@id":"https:\/\/www.ghiblievo.com\/it\/prodotto\/elegante-minibar-winter\/#primaryimage","url":"https:\/\/www.ghiblievo.com\/wp-content\/uploads\/2024\/11\/Elegant-Minibar-Winter.webp","contentUrl":"https:\/\/www.ghiblievo.com\/wp-content\/uploads\/2024\/11\/Elegant-Minibar-Winter.webp","width":790,"height":790,"caption":"Elegant Minibar Winter"},{"@type":"BreadcrumbList","@id":"https:\/\/www.ghiblievo.com\/it\/prodotto\/elegante-minibar-winter\/#breadcrumb","itemListElement":[{"@type":"ListItem","position":1,"name":"Home","item":"https:\/\/www.ghiblievo.com\/it\/"},{"@type":"ListItem","position":2,"name":"Shop","item":"https:\/\/www.ghiblievo.com\/it\/shop-it\/"},{"@type":"ListItem","position":3,"name":"Minibar per Hotel","item":"https:\/\/www.ghiblievo.com\/it\/categoria-prodotto\/minibar-per-hotel\/"},{"@type":"ListItem","position":4,"name":"Termoelettrico","item":"https:\/\/www.ghiblievo.com\/it\/categoria-prodotto\/minibar-per-hotel\/termoelettrico\/"},{"@type":"ListItem","position":5,"name":"Elegante Minibar Winter"}]},{"@type":"WebSite","@id":"https:\/\/www.ghiblievo.com\/it\/#website","url":"https:\/\/www.ghiblievo.com\/it\/","name":"Ghibli Evo","description":"Hair Dryers for Hotel - Wall Mounted Hair Dryer","publisher":{"@id":"https:\/\/www.ghiblievo.com\/it\/#organization"},"potentialAction":[{"@type":"SearchAction","target":{"@type":"EntryPoint","urlTemplate":"https:\/\/www.ghiblievo.com\/it\/?s={search_term_string}"},"query-input":{"@type":"PropertyValueSpecification","valueRequired":true,"valueName":"search_term_string"}}],"inLanguage":"it-IT"},{"@type":"Organization","@id":"https:\/\/www.ghiblievo.com\/it\/#organization","name":"Ghibli Evo","url":"https:\/\/www.ghiblievo.com\/it\/","logo":{"@type":"ImageObject","inLanguage":"it-IT","@id":"https:\/\/www.ghiblievo.com\/it\/#\/schema\/logo\/image\/","url":"https:\/\/www.ghiblievo.com\/wp-content\/uploads\/2019\/09\/Emblema_HUB-footer.png","contentUrl":"https:\/\/www.ghiblievo.com\/wp-content\/uploads\/2019\/09\/Emblema_HUB-footer.png","width":300,"height":291,"caption":"Ghibli Evo"},"image":{"@id":"https:\/\/www.ghiblievo.com\/it\/#\/schema\/logo\/image\/"},"sameAs":["https:\/\/www.facebook.com\/ghiblievo","https:\/\/www.instagram.com\/ghiblievo\/"],"description":"Ghiblievo is specialized in hotel supplies, bathroom accessories for hotel and hair dryer","email":"info@ghiblievo.com","telephone":"+39 338 4733486","foundingDate":"2009-01-01","vatID":"IT 03607430166"}]},"og_availability":"instock","product_availability":"instock","product_condition":"new"},"_links":{"self":[{"href":"https:\/\/www.ghiblievo.com\/it\/wp-json\/wp\/v2\/product\/41550","targetHints":{"allow":["GET"]}}],"collection":[{"href":"https:\/\/www.ghiblievo.com\/it\/wp-json\/wp\/v2\/product"}],"about":[{"href":"https:\/\/www.ghiblievo.com\/it\/wp-json\/wp\/v2\/types\/product"}],"replies":[{"embeddable":true,"href":"https:\/\/www.ghiblievo.com\/it\/wp-json\/wp\/v2\/comments?post=41550"}],"version-history":[{"count":0,"href":"https:\/\/www.ghiblievo.com\/it\/wp-json\/wp\/v2\/product\/41550\/revisions"}],"wp:featuredmedia":[{"embeddable":true,"href":"https:\/\/www.ghiblievo.com\/it\/wp-json\/wp\/v2\/media\/41612"}],"wp:attachment":[{"href":"https:\/\/www.ghiblievo.com\/it\/wp-json\/wp\/v2\/media?parent=41550"}],"wp:term":[{"taxonomy":"product_cat","embeddable":true,"href":"https:\/\/www.ghiblievo.com\/it\/wp-json\/wp\/v2\/product_cat?post=41550"},{"taxonomy":"product_tag","embeddable":true,"href":"https:\/\/www.ghiblievo.com\/it\/wp-json\/wp\/v2\/product_tag?post=41550"}],"curies":[{"name":"wp","href":"https:\/\/api.w.org\/{rel}","templated":true}]}}