{"id":41448,"date":"2024-11-28T17:11:38","date_gmt":"2024-11-28T16:15:19","guid":{"rendered":"https:\/\/www.ghiblievo.com\/?post_type=product&#038;p=41448"},"modified":"2024-11-29T09:16:14","modified_gmt":"2024-11-29T08:16:14","slug":"minibar-silenzioso-silence","status":"publish","type":"product","link":"https:\/\/www.ghiblievo.com\/it\/prodotto\/minibar-silenzioso-silence\/","title":{"rendered":"Minibar silenzioso Silence"},"content":{"rendered":"","protected":false},"excerpt":{"rendered":"<h2>Perch\u00e9 Minibar silenzioso Silence?<\/h2>\n<p>La serie Minibar silenzioso Silence \u00e8 una delle pi\u00f9 complete in termini di funzionalit\u00e0: I minibar Silence sono 100% silenziosi, hanno il certificato G per l&#8217;efficienza energetica che garantisce un basso consumo e grazie alla loro finitura in acciaio inossidabile 304 sono altamente resistenti agli agenti esterni.<\/p>\n<p>Tecnologia di termoassorbimento<br \/>\nPotenza: 65 W<br \/>\nTensione: 220 V<br \/>\nCompletamente silenzioso (0 dB)<br \/>\nMaggiore capacit\u00e0 di raffreddamento, con un diffusore sovradimensionato<br \/>\nSbrinamento automatico<br \/>\nPorta reversibile<br \/>\nVassoi regolabili in altezza<br \/>\nIlluminazione interna, LED a basso consumo<br \/>\nOPZIONI: Accessorio kit di pannellatura<\/p>\n<p><strong><img decoding=\"async\" class=\"alignleft wp-image-41389 size-medium\" src=\"https:\/\/www.ghiblievo.com\/wp-content\/uploads\/2024\/11\/Silent-Minibar-for-hotel-Silence-300x300.webp\" alt=\"Silent Minibar for hotel Silente\" width=\"300\" height=\"300\">Silenzio 20<\/strong><\/p>\n<ul>\n<li>Codice: 93038<\/li>\n<\/ul>\n<p>Dimensioni<br \/>\n(A x L x P) mm: 450 x 402 x 350<br \/>\nCapacit\u00e0: 19 L<br \/>\nPeso: 9 Kg<br \/>\nConsumo: 0,33 KW-h\/24 h<br \/>\nFiniture: nero, porta in SST<\/p>\n<div style=\"clear: both;\">&nbsp;<\/div>\n<p><strong><img decoding=\"async\" class=\"alignleft wp-image-41397 size-medium\" src=\"https:\/\/www.ghiblievo.com\/wp-content\/uploads\/2024\/11\/Silent-Minibar-for-hotel-Silence-40-300x300.webp\" alt=\"Minibar Silenzioso per hotel Silence 40\" width=\"300\" height=\"300\"> Silence 40&#8243; larghezza=&#8221;300&#8243; altezza=&#8221;300&#8243;&gt;Silenzio 40<\/strong><\/p>\n<ul>\n<li>Codice: 93039<\/li>\n<\/ul>\n<p>Dimensioni<br \/>\n(H x L x P) mm: 550 x 403 x 435<br \/>\nCapacit\u00e0: 33 L<br \/>\nPeso: 13,2 Kg<br \/>\nConsumo: 0,44 KW-h\/24 h<br \/>\nFiniture: nero, porta in SST<\/p>\n<div style=\"clear: both;\">&nbsp;<\/div>\n<p><strong>La sua finitura in acciaio inossidabile lo rende particolarmente resistente agli urti.<br \/>\n<\/strong><strong>Silenzioso ed efficiente.<\/strong><\/p>\n<p><em><strong>Scegli il tuo codice prodotto:<\/strong><\/em><\/p>\n","protected":false},"featured_media":41394,"comment_status":"open","ping_status":"closed","template":"","meta":{"_acf_changed":false,"ngg_post_thumbnail":0,"footnotes":""},"product_cat":[1032,1036],"product_tag":[],"class_list":{"0":"post-41448","1":"product","2":"type-product","3":"status-publish","4":"has-post-thumbnail","6":"product_cat-minibar-per-hotel","7":"product_cat-termoelettrico","9":"first","10":"instock","11":"shipping-taxable","12":"purchasable","13":"product-type-variable"},"acf":[],"yoast_head":"<!-- This site is optimized with the Yoast SEO Premium plugin v26.7 (Yoast SEO v26.7) - https:\/\/yoast.com\/wordpress\/plugins\/seo\/ -->\n<title>Minibar silenzioso Silence - Ghibli Evo<\/title>\n<meta name=\"description\" content=\"Minibar silenzioso Silence sono 100% silenziosi, hanno il certificato G per l&#039;efficienza energetica grazie alla loro finitura in acciaio\" \/>\n<meta name=\"robots\" content=\"index, follow, max-snippet:-1, max-image-preview:large, max-video-preview:-1\" \/>\n<link rel=\"canonical\" href=\"https:\/\/www.ghiblievo.com\/it\/prodotto\/minibar-silenzioso-silence\/\" \/>\n<meta property=\"og:locale\" content=\"it_IT\" \/>\n<meta property=\"og:type\" content=\"article\" \/>\n<meta property=\"og:title\" content=\"Minibar silenzioso Silence\" \/>\n<meta property=\"og:description\" content=\"Perch\u00e9 Minibar silenzioso Silence? La serie Minibar silenzioso Silence \u00e8 una delle pi\u00f9 complete in termini di funzionalit\u00e0: I minibar Silence sono 100% silenziosi, hanno il certificato G per l&#039;efficienza energetica che garantisce un basso consumo e grazie alla loro finitura in acciaio inossidabile 304 sono altamente resistenti agli agenti esterni.  Tecnologia di termoassorbimento Potenza: 65 W Tensione: 220 V Completamente silenzioso (0 dB) Maggiore capacit\u00e0 di raffreddamento, con un diffusore sovradimensionato Sbrinamento automatico Porta reversibile Vassoi regolabili in altezza Illuminazione interna, LED a basso consumo OPZIONI: Accessorio kit di pannellatura  Silenzio 20   Codice: 93038  Dimensioni (A x L x P) mm: 450 x 402 x 350 Capacit\u00e0: 19 L Peso: 9 Kg Consumo: 0,33 KW-h\/24 h Finiture: nero, porta in SST &nbsp;  Silence 40&quot; larghezza=&quot;300&quot; altezza=&quot;300&quot;&gt;Silenzio 40   Codice: 93039  Dimensioni (H x L x P) mm: 550 x 403 x 435 Capacit\u00e0: 33 L Peso: 13,2 Kg Consumo: 0,44 KW-h\/24 h Finiture: nero, porta in SST &nbsp; La sua finitura in acciaio inossidabile lo rende particolarmente resistente agli urti. Silenzioso ed efficiente.  Scegli il tuo codice prodotto:\" \/>\n<meta property=\"og:url\" content=\"https:\/\/www.ghiblievo.com\/it\/prodotto\/minibar-silenzioso-silence\/\" \/>\n<meta property=\"og:site_name\" content=\"Ghibli Evo\" \/>\n<meta property=\"article:publisher\" content=\"https:\/\/www.facebook.com\/ghiblievo\" \/>\n<meta property=\"article:modified_time\" content=\"2024-11-29T08:16:14+00:00\" \/>\n<meta property=\"og:image\" content=\"https:\/\/www.ghiblievo.com\/wp-content\/uploads\/2024\/11\/Silent-Minibar-for-hotel-Silence.webp\" \/>\n\t<meta property=\"og:image:width\" content=\"790\" \/>\n\t<meta property=\"og:image:height\" content=\"790\" \/>\n\t<meta property=\"og:image:type\" content=\"image\/webp\" \/>\n<meta name=\"twitter:card\" content=\"summary_large_image\" \/>\n<meta name=\"twitter:label1\" content=\"Disponibilit\u00e0\" \/>\n\t<meta name=\"twitter:data1\" content=\"In stock\" \/>\n<script type=\"application\/ld+json\" class=\"yoast-schema-graph\">{\"@context\":\"https:\/\/schema.org\",\"@graph\":[{\"@type\":\"WebPage\",\"@id\":\"https:\/\/www.ghiblievo.com\/it\/prodotto\/minibar-silenzioso-silence\/\",\"url\":\"https:\/\/www.ghiblievo.com\/it\/prodotto\/minibar-silenzioso-silence\/\",\"name\":\"Minibar silenzioso Silence - Ghibli Evo\",\"isPartOf\":{\"@id\":\"https:\/\/www.ghiblievo.com\/it\/#website\"},\"primaryImageOfPage\":{\"@id\":\"https:\/\/www.ghiblievo.com\/it\/prodotto\/minibar-silenzioso-silence\/#primaryimage\"},\"image\":{\"@id\":\"https:\/\/www.ghiblievo.com\/it\/prodotto\/minibar-silenzioso-silence\/#primaryimage\"},\"thumbnailUrl\":\"https:\/\/www.ghiblievo.com\/wp-content\/uploads\/2024\/11\/Silent-Minibar-for-hotel-Silence.webp\",\"datePublished\":\"2024-11-28T16:15:19+00:00\",\"dateModified\":\"2024-11-29T08:16:14+00:00\",\"description\":\"Minibar silenzioso Silence sono 100% silenziosi, hanno il certificato G per l'efficienza energetica grazie alla loro finitura in acciaio\",\"breadcrumb\":{\"@id\":\"https:\/\/www.ghiblievo.com\/it\/prodotto\/minibar-silenzioso-silence\/#breadcrumb\"},\"inLanguage\":\"it-IT\",\"potentialAction\":[{\"@type\":\"ReadAction\",\"target\":[\"https:\/\/www.ghiblievo.com\/it\/prodotto\/minibar-silenzioso-silence\/\"]}]},{\"@type\":\"ImageObject\",\"inLanguage\":\"it-IT\",\"@id\":\"https:\/\/www.ghiblievo.com\/it\/prodotto\/minibar-silenzioso-silence\/#primaryimage\",\"url\":\"https:\/\/www.ghiblievo.com\/wp-content\/uploads\/2024\/11\/Silent-Minibar-for-hotel-Silence.webp\",\"contentUrl\":\"https:\/\/www.ghiblievo.com\/wp-content\/uploads\/2024\/11\/Silent-Minibar-for-hotel-Silence.webp\",\"width\":790,\"height\":790,\"caption\":\"Minibar silenzioso per hotel Silence\"},{\"@type\":\"BreadcrumbList\",\"@id\":\"https:\/\/www.ghiblievo.com\/it\/prodotto\/minibar-silenzioso-silence\/#breadcrumb\",\"itemListElement\":[{\"@type\":\"ListItem\",\"position\":1,\"name\":\"Home\",\"item\":\"https:\/\/www.ghiblievo.com\/it\/\"},{\"@type\":\"ListItem\",\"position\":2,\"name\":\"Shop\",\"item\":\"https:\/\/www.ghiblievo.com\/it\/shop-it\/\"},{\"@type\":\"ListItem\",\"position\":3,\"name\":\"Minibar per Hotel\",\"item\":\"https:\/\/www.ghiblievo.com\/it\/categoria-prodotto\/minibar-per-hotel\/\"},{\"@type\":\"ListItem\",\"position\":4,\"name\":\"Termoelettrico\",\"item\":\"https:\/\/www.ghiblievo.com\/it\/categoria-prodotto\/minibar-per-hotel\/termoelettrico\/\"},{\"@type\":\"ListItem\",\"position\":5,\"name\":\"Minibar silenzioso Silence\"}]},{\"@type\":\"WebSite\",\"@id\":\"https:\/\/www.ghiblievo.com\/it\/#website\",\"url\":\"https:\/\/www.ghiblievo.com\/it\/\",\"name\":\"Ghibli Evo\",\"description\":\"Hair Dryers for Hotel - Wall Mounted Hair Dryer\",\"publisher\":{\"@id\":\"https:\/\/www.ghiblievo.com\/it\/#organization\"},\"potentialAction\":[{\"@type\":\"SearchAction\",\"target\":{\"@type\":\"EntryPoint\",\"urlTemplate\":\"https:\/\/www.ghiblievo.com\/it\/?s={search_term_string}\"},\"query-input\":{\"@type\":\"PropertyValueSpecification\",\"valueRequired\":true,\"valueName\":\"search_term_string\"}}],\"inLanguage\":\"it-IT\"},{\"@type\":\"Organization\",\"@id\":\"https:\/\/www.ghiblievo.com\/it\/#organization\",\"name\":\"Ghibli Evo\",\"url\":\"https:\/\/www.ghiblievo.com\/it\/\",\"logo\":{\"@type\":\"ImageObject\",\"inLanguage\":\"it-IT\",\"@id\":\"https:\/\/www.ghiblievo.com\/it\/#\/schema\/logo\/image\/\",\"url\":\"https:\/\/www.ghiblievo.com\/wp-content\/uploads\/2019\/09\/Emblema_HUB-footer.png\",\"contentUrl\":\"https:\/\/www.ghiblievo.com\/wp-content\/uploads\/2019\/09\/Emblema_HUB-footer.png\",\"width\":300,\"height\":291,\"caption\":\"Ghibli Evo\"},\"image\":{\"@id\":\"https:\/\/www.ghiblievo.com\/it\/#\/schema\/logo\/image\/\"},\"sameAs\":[\"https:\/\/www.facebook.com\/ghiblievo\",\"https:\/\/www.instagram.com\/ghiblievo\/\"],\"description\":\"Ghiblievo is specialized in hotel supplies, bathroom accessories for hotel and hair dryer\",\"email\":\"info@ghiblievo.com\",\"telephone\":\"+39 338 4733486\",\"foundingDate\":\"2009-01-01\",\"vatID\":\"IT 03607430166\"}]}<\/script>\n<meta property=\"og:availability\" content=\"instock\" \/>\n<meta property=\"product:availability\" content=\"instock\" \/>\n<meta property=\"product:condition\" content=\"new\" \/>\n<!-- \/ Yoast SEO Premium plugin. -->","yoast_head_json":{"title":"Minibar silenzioso Silence - Ghibli Evo","description":"Minibar silenzioso Silence sono 100% silenziosi, hanno il certificato G per l'efficienza energetica grazie alla loro finitura in acciaio","robots":{"index":"index","follow":"follow","max-snippet":"max-snippet:-1","max-image-preview":"max-image-preview:large","max-video-preview":"max-video-preview:-1"},"canonical":"https:\/\/www.ghiblievo.com\/it\/prodotto\/minibar-silenzioso-silence\/","og_locale":"it_IT","og_type":"article","og_title":"Minibar silenzioso Silence","og_description":"Perch\u00e9 Minibar silenzioso Silence? La serie Minibar silenzioso Silence \u00e8 una delle pi\u00f9 complete in termini di funzionalit\u00e0: I minibar Silence sono 100% silenziosi, hanno il certificato G per l'efficienza energetica che garantisce un basso consumo e grazie alla loro finitura in acciaio inossidabile 304 sono altamente resistenti agli agenti esterni.  Tecnologia di termoassorbimento Potenza: 65 W Tensione: 220 V Completamente silenzioso (0 dB) Maggiore capacit\u00e0 di raffreddamento, con un diffusore sovradimensionato Sbrinamento automatico Porta reversibile Vassoi regolabili in altezza Illuminazione interna, LED a basso consumo OPZIONI: Accessorio kit di pannellatura  Silenzio 20   Codice: 93038  Dimensioni (A x L x P) mm: 450 x 402 x 350 Capacit\u00e0: 19 L Peso: 9 Kg Consumo: 0,33 KW-h\/24 h Finiture: nero, porta in SST &nbsp;  Silence 40\" larghezza=\"300\" altezza=\"300\"&gt;Silenzio 40   Codice: 93039  Dimensioni (H x L x P) mm: 550 x 403 x 435 Capacit\u00e0: 33 L Peso: 13,2 Kg Consumo: 0,44 KW-h\/24 h Finiture: nero, porta in SST &nbsp; La sua finitura in acciaio inossidabile lo rende particolarmente resistente agli urti. Silenzioso ed efficiente.  Scegli il tuo codice prodotto:","og_url":"https:\/\/www.ghiblievo.com\/it\/prodotto\/minibar-silenzioso-silence\/","og_site_name":"Ghibli Evo","article_publisher":"https:\/\/www.facebook.com\/ghiblievo","article_modified_time":"2024-11-29T08:16:14+00:00","og_image":[{"width":790,"height":790,"url":"https:\/\/www.ghiblievo.com\/wp-content\/uploads\/2024\/11\/Silent-Minibar-for-hotel-Silence.webp","type":"image\/webp"}],"twitter_card":"summary_large_image","twitter_misc":{"Disponibilit\u00e0":"In stock"},"schema":{"@context":"https:\/\/schema.org","@graph":[{"@type":"WebPage","@id":"https:\/\/www.ghiblievo.com\/it\/prodotto\/minibar-silenzioso-silence\/","url":"https:\/\/www.ghiblievo.com\/it\/prodotto\/minibar-silenzioso-silence\/","name":"Minibar silenzioso Silence - Ghibli Evo","isPartOf":{"@id":"https:\/\/www.ghiblievo.com\/it\/#website"},"primaryImageOfPage":{"@id":"https:\/\/www.ghiblievo.com\/it\/prodotto\/minibar-silenzioso-silence\/#primaryimage"},"image":{"@id":"https:\/\/www.ghiblievo.com\/it\/prodotto\/minibar-silenzioso-silence\/#primaryimage"},"thumbnailUrl":"https:\/\/www.ghiblievo.com\/wp-content\/uploads\/2024\/11\/Silent-Minibar-for-hotel-Silence.webp","datePublished":"2024-11-28T16:15:19+00:00","dateModified":"2024-11-29T08:16:14+00:00","description":"Minibar silenzioso Silence sono 100% silenziosi, hanno il certificato G per l'efficienza energetica grazie alla loro finitura in acciaio","breadcrumb":{"@id":"https:\/\/www.ghiblievo.com\/it\/prodotto\/minibar-silenzioso-silence\/#breadcrumb"},"inLanguage":"it-IT","potentialAction":[{"@type":"ReadAction","target":["https:\/\/www.ghiblievo.com\/it\/prodotto\/minibar-silenzioso-silence\/"]}]},{"@type":"ImageObject","inLanguage":"it-IT","@id":"https:\/\/www.ghiblievo.com\/it\/prodotto\/minibar-silenzioso-silence\/#primaryimage","url":"https:\/\/www.ghiblievo.com\/wp-content\/uploads\/2024\/11\/Silent-Minibar-for-hotel-Silence.webp","contentUrl":"https:\/\/www.ghiblievo.com\/wp-content\/uploads\/2024\/11\/Silent-Minibar-for-hotel-Silence.webp","width":790,"height":790,"caption":"Minibar silenzioso per hotel Silence"},{"@type":"BreadcrumbList","@id":"https:\/\/www.ghiblievo.com\/it\/prodotto\/minibar-silenzioso-silence\/#breadcrumb","itemListElement":[{"@type":"ListItem","position":1,"name":"Home","item":"https:\/\/www.ghiblievo.com\/it\/"},{"@type":"ListItem","position":2,"name":"Shop","item":"https:\/\/www.ghiblievo.com\/it\/shop-it\/"},{"@type":"ListItem","position":3,"name":"Minibar per Hotel","item":"https:\/\/www.ghiblievo.com\/it\/categoria-prodotto\/minibar-per-hotel\/"},{"@type":"ListItem","position":4,"name":"Termoelettrico","item":"https:\/\/www.ghiblievo.com\/it\/categoria-prodotto\/minibar-per-hotel\/termoelettrico\/"},{"@type":"ListItem","position":5,"name":"Minibar silenzioso Silence"}]},{"@type":"WebSite","@id":"https:\/\/www.ghiblievo.com\/it\/#website","url":"https:\/\/www.ghiblievo.com\/it\/","name":"Ghibli Evo","description":"Hair Dryers for Hotel - Wall Mounted Hair Dryer","publisher":{"@id":"https:\/\/www.ghiblievo.com\/it\/#organization"},"potentialAction":[{"@type":"SearchAction","target":{"@type":"EntryPoint","urlTemplate":"https:\/\/www.ghiblievo.com\/it\/?s={search_term_string}"},"query-input":{"@type":"PropertyValueSpecification","valueRequired":true,"valueName":"search_term_string"}}],"inLanguage":"it-IT"},{"@type":"Organization","@id":"https:\/\/www.ghiblievo.com\/it\/#organization","name":"Ghibli Evo","url":"https:\/\/www.ghiblievo.com\/it\/","logo":{"@type":"ImageObject","inLanguage":"it-IT","@id":"https:\/\/www.ghiblievo.com\/it\/#\/schema\/logo\/image\/","url":"https:\/\/www.ghiblievo.com\/wp-content\/uploads\/2019\/09\/Emblema_HUB-footer.png","contentUrl":"https:\/\/www.ghiblievo.com\/wp-content\/uploads\/2019\/09\/Emblema_HUB-footer.png","width":300,"height":291,"caption":"Ghibli Evo"},"image":{"@id":"https:\/\/www.ghiblievo.com\/it\/#\/schema\/logo\/image\/"},"sameAs":["https:\/\/www.facebook.com\/ghiblievo","https:\/\/www.instagram.com\/ghiblievo\/"],"description":"Ghiblievo is specialized in hotel supplies, bathroom accessories for hotel and hair dryer","email":"info@ghiblievo.com","telephone":"+39 338 4733486","foundingDate":"2009-01-01","vatID":"IT 03607430166"}]},"og_availability":"instock","product_availability":"instock","product_condition":"new"},"_links":{"self":[{"href":"https:\/\/www.ghiblievo.com\/it\/wp-json\/wp\/v2\/product\/41448","targetHints":{"allow":["GET"]}}],"collection":[{"href":"https:\/\/www.ghiblievo.com\/it\/wp-json\/wp\/v2\/product"}],"about":[{"href":"https:\/\/www.ghiblievo.com\/it\/wp-json\/wp\/v2\/types\/product"}],"replies":[{"embeddable":true,"href":"https:\/\/www.ghiblievo.com\/it\/wp-json\/wp\/v2\/comments?post=41448"}],"version-history":[{"count":0,"href":"https:\/\/www.ghiblievo.com\/it\/wp-json\/wp\/v2\/product\/41448\/revisions"}],"wp:featuredmedia":[{"embeddable":true,"href":"https:\/\/www.ghiblievo.com\/it\/wp-json\/wp\/v2\/media\/41394"}],"wp:attachment":[{"href":"https:\/\/www.ghiblievo.com\/it\/wp-json\/wp\/v2\/media?parent=41448"}],"wp:term":[{"taxonomy":"product_cat","embeddable":true,"href":"https:\/\/www.ghiblievo.com\/it\/wp-json\/wp\/v2\/product_cat?post=41448"},{"taxonomy":"product_tag","embeddable":true,"href":"https:\/\/www.ghiblievo.com\/it\/wp-json\/wp\/v2\/product_tag?post=41448"}],"curies":[{"name":"wp","href":"https:\/\/api.w.org\/{rel}","templated":true}]}}