{"id":41375,"date":"2024-11-28T12:43:40","date_gmt":"2024-11-28T15:40:31","guid":{"rendered":"https:\/\/www.ghiblievo.com\/?post_type=product&#038;p=41375"},"modified":"2024-11-28T16:45:59","modified_gmt":"2024-11-28T15:45:59","slug":"minibar-a-compressione-oslo","status":"publish","type":"product","link":"https:\/\/www.ghiblievo.com\/it\/prodotto\/minibar-a-compressione-oslo\/","title":{"rendered":"Minibar a Compressione Oslo"},"content":{"rendered":"","protected":false},"excerpt":{"rendered":"<h2>Minibar a Compressione Oslo 40L<\/h2>\n<p>Questo Minibar a Compressione include una pratica modalit\u00e0 silenziosa per ridurre il rumore nella stanza:<br \/>\n&#8211;<b> Durata regolabile:<\/b> Scegli tra 3, 6 o 9 ore di <b>silenzio totale.<\/b><b>Silenzio totale per 3, 6 o 9 ore.<\/b><br \/>\n<b>&#8211; Facile da usare:<\/b> Facile da usare: Basta premere il <b>pulsante SNOOZE<\/b> per selezionare l&#8217;ora desiderata.<br \/>\n&#8211;<b> Indicatore LED:<\/b> Mostra gli orari di spegnimento programmati.<br \/>\n&#8211;<b> Riavvio automatico:<\/b> Alla fine del periodo, torna al funzionamento normale.<br \/>\n&#8211;<b> Temperatura costante:<\/b> Mantiene le tue bevande alla temperatura giusta.<\/p>\n<p><strong><img decoding=\"async\" class=\"alignleft wp-image-41346 size-medium\" src=\"https:\/\/www.ghiblievo.com\/wp-content\/uploads\/2024\/11\/Compressor-Minibar-Oslo-40L-300x300.webp\" alt=\"Minibar a Compressione 40L\" width=\"300\" height=\"300\">Minibar a Compressione Oslo 40<strong>Minibar Oslo 40<\/strong><\/strong><\/p>\n<ul>\n<li>Codice: 93120<\/li>\n<\/ul>\n<p>Dimensioni (H x L x P) 555 x 400 x 485 mm<br \/>\nCapacit\u00e0 interna 40 L<br \/>\nIsolante R600a<br \/>\nSistema di refrigerazione Compressione<br \/>\nSistema di sbrinamento Manuale. Per temperatura<br \/>\nGambe regolabili S\u00ec<br \/>\nPorta reversibile S\u00ec<br \/>\nPotenza 60 W<br \/>\nTensione\/Frequenza 220 &#8211; 240 V \/ 50Hz<br \/>\nAccessori Vassoi e ripiani sulla porta<br \/>\nPeso netto 18 Kg<br \/>\nCertificati RoHS, CE, EEI<\/p>\n<h3>Modalit\u00e0 Silenziosa del Minibar<\/h3>\n<p>Premere il pulsante SNOOZE per scegliere il tempo di snooze.<br \/>\nIl LED acceso indica le ore in cui il minibar sar\u00e0 in modalit\u00e0 snooze. Durante questo periodo, il minibar sar\u00e0 completamente silenzioso.<\/p>\n","protected":false},"featured_media":41351,"comment_status":"open","ping_status":"closed","template":"","meta":{"_acf_changed":false,"ngg_post_thumbnail":0,"footnotes":""},"product_cat":[1032,1037],"product_tag":[],"class_list":{"0":"post-41375","1":"product","2":"type-product","3":"status-publish","4":"has-post-thumbnail","6":"product_cat-minibar-per-hotel","7":"product_cat-assorbimento","9":"first","10":"instock","11":"shipping-taxable","12":"purchasable","13":"product-type-simple"},"acf":[],"yoast_head":"<!-- This site is optimized with the Yoast SEO Premium plugin v26.7 (Yoast SEO v26.7) - https:\/\/yoast.com\/wordpress\/plugins\/seo\/ -->\n<title>Minibar a Compressione Oslo - Ghibli Evo<\/title>\n<meta name=\"description\" content=\"Minibar a Compressione include una pratica modalit\u00e0 silenziosa per ridurre il rumore nella stanza, Silenzio totale per 3, 6 o 9 ore\" \/>\n<meta name=\"robots\" content=\"index, follow, max-snippet:-1, max-image-preview:large, max-video-preview:-1\" \/>\n<link rel=\"canonical\" href=\"https:\/\/www.ghiblievo.com\/it\/prodotto\/minibar-a-compressione-oslo\/\" \/>\n<meta property=\"og:locale\" content=\"it_IT\" \/>\n<meta property=\"og:type\" content=\"article\" \/>\n<meta property=\"og:title\" content=\"Minibar a Compressione Oslo\" \/>\n<meta property=\"og:description\" content=\"Minibar a Compressione Oslo 40L Questo Minibar a Compressione include una pratica modalit\u00e0 silenziosa per ridurre il rumore nella stanza: - Durata regolabile: Scegli tra 3, 6 o 9 ore di silenzio totale.Silenzio totale per 3, 6 o 9 ore. - Facile da usare: Facile da usare: Basta premere il pulsante SNOOZE per selezionare l&#039;ora desiderata. - Indicatore LED: Mostra gli orari di spegnimento programmati. - Riavvio automatico: Alla fine del periodo, torna al funzionamento normale. - Temperatura costante: Mantiene le tue bevande alla temperatura giusta.  Minibar a Compressione Oslo 40Minibar Oslo 40   Codice: 93120  Dimensioni (H x L x P) 555 x 400 x 485 mm Capacit\u00e0 interna 40 L Isolante R600a Sistema di refrigerazione Compressione Sistema di sbrinamento Manuale. Per temperatura Gambe regolabili S\u00ec Porta reversibile S\u00ec Potenza 60 W Tensione\/Frequenza 220 - 240 V \/ 50Hz Accessori Vassoi e ripiani sulla porta Peso netto 18 Kg Certificati RoHS, CE, EEI Modalit\u00e0 Silenziosa del Minibar Premere il pulsante SNOOZE per scegliere il tempo di snooze. Il LED acceso indica le ore in cui il minibar sar\u00e0 in modalit\u00e0 snooze. Durante questo periodo, il minibar sar\u00e0 completamente silenzioso.\" \/>\n<meta property=\"og:url\" content=\"https:\/\/www.ghiblievo.com\/it\/prodotto\/minibar-a-compressione-oslo\/\" \/>\n<meta property=\"og:site_name\" content=\"Ghibli Evo\" \/>\n<meta property=\"article:publisher\" content=\"https:\/\/www.facebook.com\/ghiblievo\" \/>\n<meta property=\"article:modified_time\" content=\"2024-11-28T15:45:59+00:00\" \/>\n<meta property=\"og:image\" content=\"https:\/\/www.ghiblievo.com\/wp-content\/uploads\/2024\/11\/Compressor-Minibar-Oslo-40L.webp\" \/>\n\t<meta property=\"og:image:width\" content=\"790\" \/>\n\t<meta property=\"og:image:height\" content=\"790\" \/>\n\t<meta property=\"og:image:type\" content=\"image\/webp\" \/>\n<meta name=\"twitter:card\" content=\"summary_large_image\" \/>\n<meta name=\"twitter:label1\" content=\"Prezzo\" \/>\n\t<meta name=\"twitter:data1\" content=\"&euro;313.25\" \/>\n\t<meta name=\"twitter:label2\" content=\"Disponibilit\u00e0\" \/>\n\t<meta name=\"twitter:data2\" content=\"In stock\" \/>\n<script type=\"application\/ld+json\" class=\"yoast-schema-graph\">{\"@context\":\"https:\/\/schema.org\",\"@graph\":[{\"@type\":\"WebPage\",\"@id\":\"https:\/\/www.ghiblievo.com\/it\/prodotto\/minibar-a-compressione-oslo\/\",\"url\":\"https:\/\/www.ghiblievo.com\/it\/prodotto\/minibar-a-compressione-oslo\/\",\"name\":\"Minibar a Compressione Oslo - Ghibli Evo\",\"isPartOf\":{\"@id\":\"https:\/\/www.ghiblievo.com\/it\/#website\"},\"primaryImageOfPage\":{\"@id\":\"https:\/\/www.ghiblievo.com\/it\/prodotto\/minibar-a-compressione-oslo\/#primaryimage\"},\"image\":{\"@id\":\"https:\/\/www.ghiblievo.com\/it\/prodotto\/minibar-a-compressione-oslo\/#primaryimage\"},\"thumbnailUrl\":\"https:\/\/www.ghiblievo.com\/wp-content\/uploads\/2024\/11\/Compressor-Minibar-Oslo-40L.webp\",\"datePublished\":\"2024-11-28T15:40:31+00:00\",\"dateModified\":\"2024-11-28T15:45:59+00:00\",\"description\":\"Minibar a Compressione include una pratica modalit\u00e0 silenziosa per ridurre il rumore nella stanza, Silenzio totale per 3, 6 o 9 ore\",\"breadcrumb\":{\"@id\":\"https:\/\/www.ghiblievo.com\/it\/prodotto\/minibar-a-compressione-oslo\/#breadcrumb\"},\"inLanguage\":\"it-IT\",\"potentialAction\":[{\"@type\":\"ReadAction\",\"target\":[\"https:\/\/www.ghiblievo.com\/it\/prodotto\/minibar-a-compressione-oslo\/\"]}]},{\"@type\":\"ImageObject\",\"inLanguage\":\"it-IT\",\"@id\":\"https:\/\/www.ghiblievo.com\/it\/prodotto\/minibar-a-compressione-oslo\/#primaryimage\",\"url\":\"https:\/\/www.ghiblievo.com\/wp-content\/uploads\/2024\/11\/Compressor-Minibar-Oslo-40L.webp\",\"contentUrl\":\"https:\/\/www.ghiblievo.com\/wp-content\/uploads\/2024\/11\/Compressor-Minibar-Oslo-40L.webp\",\"width\":790,\"height\":790,\"caption\":\"Minibar a Compressione Oslo 40L\"},{\"@type\":\"BreadcrumbList\",\"@id\":\"https:\/\/www.ghiblievo.com\/it\/prodotto\/minibar-a-compressione-oslo\/#breadcrumb\",\"itemListElement\":[{\"@type\":\"ListItem\",\"position\":1,\"name\":\"Home\",\"item\":\"https:\/\/www.ghiblievo.com\/it\/\"},{\"@type\":\"ListItem\",\"position\":2,\"name\":\"Shop\",\"item\":\"https:\/\/www.ghiblievo.com\/it\/shop-it\/\"},{\"@type\":\"ListItem\",\"position\":3,\"name\":\"Minibar per Hotel\",\"item\":\"https:\/\/www.ghiblievo.com\/it\/categoria-prodotto\/minibar-per-hotel\/\"},{\"@type\":\"ListItem\",\"position\":4,\"name\":\"Compressore\",\"item\":\"https:\/\/www.ghiblievo.com\/it\/categoria-prodotto\/minibar-per-hotel\/assorbimento\/\"},{\"@type\":\"ListItem\",\"position\":5,\"name\":\"Minibar a Compressione Oslo\"}]},{\"@type\":\"WebSite\",\"@id\":\"https:\/\/www.ghiblievo.com\/it\/#website\",\"url\":\"https:\/\/www.ghiblievo.com\/it\/\",\"name\":\"Ghibli Evo\",\"description\":\"Hair Dryers for Hotel - Wall Mounted Hair Dryer\",\"publisher\":{\"@id\":\"https:\/\/www.ghiblievo.com\/it\/#organization\"},\"potentialAction\":[{\"@type\":\"SearchAction\",\"target\":{\"@type\":\"EntryPoint\",\"urlTemplate\":\"https:\/\/www.ghiblievo.com\/it\/?s={search_term_string}\"},\"query-input\":{\"@type\":\"PropertyValueSpecification\",\"valueRequired\":true,\"valueName\":\"search_term_string\"}}],\"inLanguage\":\"it-IT\"},{\"@type\":\"Organization\",\"@id\":\"https:\/\/www.ghiblievo.com\/it\/#organization\",\"name\":\"Ghibli Evo\",\"url\":\"https:\/\/www.ghiblievo.com\/it\/\",\"logo\":{\"@type\":\"ImageObject\",\"inLanguage\":\"it-IT\",\"@id\":\"https:\/\/www.ghiblievo.com\/it\/#\/schema\/logo\/image\/\",\"url\":\"https:\/\/www.ghiblievo.com\/wp-content\/uploads\/2019\/09\/Emblema_HUB-footer.png\",\"contentUrl\":\"https:\/\/www.ghiblievo.com\/wp-content\/uploads\/2019\/09\/Emblema_HUB-footer.png\",\"width\":300,\"height\":291,\"caption\":\"Ghibli Evo\"},\"image\":{\"@id\":\"https:\/\/www.ghiblievo.com\/it\/#\/schema\/logo\/image\/\"},\"sameAs\":[\"https:\/\/www.facebook.com\/ghiblievo\",\"https:\/\/www.instagram.com\/ghiblievo\/\"],\"description\":\"Ghiblievo is specialized in hotel supplies, bathroom accessories for hotel and hair dryer\",\"email\":\"info@ghiblievo.com\",\"telephone\":\"+39 338 4733486\",\"foundingDate\":\"2009-01-01\",\"vatID\":\"IT 03607430166\"}]}<\/script>\n<meta property=\"product:price:amount\" content=\"313.25\" \/>\n<meta property=\"product:price:currency\" content=\"EUR\" \/>\n<meta property=\"og:availability\" content=\"instock\" \/>\n<meta property=\"product:availability\" content=\"instock\" \/>\n<meta property=\"product:condition\" content=\"new\" \/>\n<!-- \/ Yoast SEO Premium plugin. -->","yoast_head_json":{"title":"Minibar a Compressione Oslo - Ghibli Evo","description":"Minibar a Compressione include una pratica modalit\u00e0 silenziosa per ridurre il rumore nella stanza, Silenzio totale per 3, 6 o 9 ore","robots":{"index":"index","follow":"follow","max-snippet":"max-snippet:-1","max-image-preview":"max-image-preview:large","max-video-preview":"max-video-preview:-1"},"canonical":"https:\/\/www.ghiblievo.com\/it\/prodotto\/minibar-a-compressione-oslo\/","og_locale":"it_IT","og_type":"article","og_title":"Minibar a Compressione Oslo","og_description":"Minibar a Compressione Oslo 40L Questo Minibar a Compressione include una pratica modalit\u00e0 silenziosa per ridurre il rumore nella stanza: - Durata regolabile: Scegli tra 3, 6 o 9 ore di silenzio totale.Silenzio totale per 3, 6 o 9 ore. - Facile da usare: Facile da usare: Basta premere il pulsante SNOOZE per selezionare l'ora desiderata. - Indicatore LED: Mostra gli orari di spegnimento programmati. - Riavvio automatico: Alla fine del periodo, torna al funzionamento normale. - Temperatura costante: Mantiene le tue bevande alla temperatura giusta.  Minibar a Compressione Oslo 40Minibar Oslo 40   Codice: 93120  Dimensioni (H x L x P) 555 x 400 x 485 mm Capacit\u00e0 interna 40 L Isolante R600a Sistema di refrigerazione Compressione Sistema di sbrinamento Manuale. Per temperatura Gambe regolabili S\u00ec Porta reversibile S\u00ec Potenza 60 W Tensione\/Frequenza 220 - 240 V \/ 50Hz Accessori Vassoi e ripiani sulla porta Peso netto 18 Kg Certificati RoHS, CE, EEI Modalit\u00e0 Silenziosa del Minibar Premere il pulsante SNOOZE per scegliere il tempo di snooze. Il LED acceso indica le ore in cui il minibar sar\u00e0 in modalit\u00e0 snooze. Durante questo periodo, il minibar sar\u00e0 completamente silenzioso.","og_url":"https:\/\/www.ghiblievo.com\/it\/prodotto\/minibar-a-compressione-oslo\/","og_site_name":"Ghibli Evo","article_publisher":"https:\/\/www.facebook.com\/ghiblievo","article_modified_time":"2024-11-28T15:45:59+00:00","og_image":[{"width":790,"height":790,"url":"https:\/\/www.ghiblievo.com\/wp-content\/uploads\/2024\/11\/Compressor-Minibar-Oslo-40L.webp","type":"image\/webp"}],"twitter_card":"summary_large_image","twitter_misc":{"Prezzo":"&euro;313.25","Disponibilit\u00e0":"In stock"},"schema":{"@context":"https:\/\/schema.org","@graph":[{"@type":"WebPage","@id":"https:\/\/www.ghiblievo.com\/it\/prodotto\/minibar-a-compressione-oslo\/","url":"https:\/\/www.ghiblievo.com\/it\/prodotto\/minibar-a-compressione-oslo\/","name":"Minibar a Compressione Oslo - Ghibli Evo","isPartOf":{"@id":"https:\/\/www.ghiblievo.com\/it\/#website"},"primaryImageOfPage":{"@id":"https:\/\/www.ghiblievo.com\/it\/prodotto\/minibar-a-compressione-oslo\/#primaryimage"},"image":{"@id":"https:\/\/www.ghiblievo.com\/it\/prodotto\/minibar-a-compressione-oslo\/#primaryimage"},"thumbnailUrl":"https:\/\/www.ghiblievo.com\/wp-content\/uploads\/2024\/11\/Compressor-Minibar-Oslo-40L.webp","datePublished":"2024-11-28T15:40:31+00:00","dateModified":"2024-11-28T15:45:59+00:00","description":"Minibar a Compressione include una pratica modalit\u00e0 silenziosa per ridurre il rumore nella stanza, Silenzio totale per 3, 6 o 9 ore","breadcrumb":{"@id":"https:\/\/www.ghiblievo.com\/it\/prodotto\/minibar-a-compressione-oslo\/#breadcrumb"},"inLanguage":"it-IT","potentialAction":[{"@type":"ReadAction","target":["https:\/\/www.ghiblievo.com\/it\/prodotto\/minibar-a-compressione-oslo\/"]}]},{"@type":"ImageObject","inLanguage":"it-IT","@id":"https:\/\/www.ghiblievo.com\/it\/prodotto\/minibar-a-compressione-oslo\/#primaryimage","url":"https:\/\/www.ghiblievo.com\/wp-content\/uploads\/2024\/11\/Compressor-Minibar-Oslo-40L.webp","contentUrl":"https:\/\/www.ghiblievo.com\/wp-content\/uploads\/2024\/11\/Compressor-Minibar-Oslo-40L.webp","width":790,"height":790,"caption":"Minibar a Compressione Oslo 40L"},{"@type":"BreadcrumbList","@id":"https:\/\/www.ghiblievo.com\/it\/prodotto\/minibar-a-compressione-oslo\/#breadcrumb","itemListElement":[{"@type":"ListItem","position":1,"name":"Home","item":"https:\/\/www.ghiblievo.com\/it\/"},{"@type":"ListItem","position":2,"name":"Shop","item":"https:\/\/www.ghiblievo.com\/it\/shop-it\/"},{"@type":"ListItem","position":3,"name":"Minibar per Hotel","item":"https:\/\/www.ghiblievo.com\/it\/categoria-prodotto\/minibar-per-hotel\/"},{"@type":"ListItem","position":4,"name":"Compressore","item":"https:\/\/www.ghiblievo.com\/it\/categoria-prodotto\/minibar-per-hotel\/assorbimento\/"},{"@type":"ListItem","position":5,"name":"Minibar a Compressione Oslo"}]},{"@type":"WebSite","@id":"https:\/\/www.ghiblievo.com\/it\/#website","url":"https:\/\/www.ghiblievo.com\/it\/","name":"Ghibli Evo","description":"Hair Dryers for Hotel - Wall Mounted Hair Dryer","publisher":{"@id":"https:\/\/www.ghiblievo.com\/it\/#organization"},"potentialAction":[{"@type":"SearchAction","target":{"@type":"EntryPoint","urlTemplate":"https:\/\/www.ghiblievo.com\/it\/?s={search_term_string}"},"query-input":{"@type":"PropertyValueSpecification","valueRequired":true,"valueName":"search_term_string"}}],"inLanguage":"it-IT"},{"@type":"Organization","@id":"https:\/\/www.ghiblievo.com\/it\/#organization","name":"Ghibli Evo","url":"https:\/\/www.ghiblievo.com\/it\/","logo":{"@type":"ImageObject","inLanguage":"it-IT","@id":"https:\/\/www.ghiblievo.com\/it\/#\/schema\/logo\/image\/","url":"https:\/\/www.ghiblievo.com\/wp-content\/uploads\/2019\/09\/Emblema_HUB-footer.png","contentUrl":"https:\/\/www.ghiblievo.com\/wp-content\/uploads\/2019\/09\/Emblema_HUB-footer.png","width":300,"height":291,"caption":"Ghibli Evo"},"image":{"@id":"https:\/\/www.ghiblievo.com\/it\/#\/schema\/logo\/image\/"},"sameAs":["https:\/\/www.facebook.com\/ghiblievo","https:\/\/www.instagram.com\/ghiblievo\/"],"description":"Ghiblievo is specialized in hotel supplies, bathroom accessories for hotel and hair dryer","email":"info@ghiblievo.com","telephone":"+39 338 4733486","foundingDate":"2009-01-01","vatID":"IT 03607430166"}]},"product_price_amount":"313.25","product_price_currency":"EUR","og_availability":"instock","product_availability":"instock","product_condition":"new"},"_links":{"self":[{"href":"https:\/\/www.ghiblievo.com\/it\/wp-json\/wp\/v2\/product\/41375","targetHints":{"allow":["GET"]}}],"collection":[{"href":"https:\/\/www.ghiblievo.com\/it\/wp-json\/wp\/v2\/product"}],"about":[{"href":"https:\/\/www.ghiblievo.com\/it\/wp-json\/wp\/v2\/types\/product"}],"replies":[{"embeddable":true,"href":"https:\/\/www.ghiblievo.com\/it\/wp-json\/wp\/v2\/comments?post=41375"}],"version-history":[{"count":0,"href":"https:\/\/www.ghiblievo.com\/it\/wp-json\/wp\/v2\/product\/41375\/revisions"}],"wp:featuredmedia":[{"embeddable":true,"href":"https:\/\/www.ghiblievo.com\/it\/wp-json\/wp\/v2\/media\/41351"}],"wp:attachment":[{"href":"https:\/\/www.ghiblievo.com\/it\/wp-json\/wp\/v2\/media?parent=41375"}],"wp:term":[{"taxonomy":"product_cat","embeddable":true,"href":"https:\/\/www.ghiblievo.com\/it\/wp-json\/wp\/v2\/product_cat?post=41375"},{"taxonomy":"product_tag","embeddable":true,"href":"https:\/\/www.ghiblievo.com\/it\/wp-json\/wp\/v2\/product_tag?post=41375"}],"curies":[{"name":"wp","href":"https:\/\/api.w.org\/{rel}","templated":true}]}}