{"id":41209,"date":"2024-11-28T11:11:46","date_gmt":"2024-11-28T10:22:09","guid":{"rendered":"https:\/\/www.ghiblievo.com\/?post_type=product&#038;p=41209"},"modified":"2024-11-28T11:26:06","modified_gmt":"2024-11-28T10:26:06","slug":"minibar-nero-glow","status":"publish","type":"product","link":"https:\/\/www.ghiblievo.com\/it\/prodotto\/minibar-nero-glow\/","title":{"rendered":"Minibar Nero Glow"},"content":{"rendered":"","protected":false},"excerpt":{"rendered":"<h2>Perch\u00e9 Minibar Nero GLOW?<\/h2>\n<p>Grazie al suo design curato, la porta \u00e8 rifinita in metacrilato lucido, che riflette la luce e le conferisce un aspetto molto attraente. Inoltre, \u00e8 silenzioso al 100% e molto efficiente dal punto di vista energetico. Ideale per hotel di<br \/>\nlusso che cercano quel tocco di design in pi\u00f9 che l&#8217;ospite pi\u00f9 esigente richiede.<\/p>\n<p>Tecnologia a termoassorbimento<br \/>\nPotenza: 60 W<br \/>\nTensione: 220 V<br \/>\nTotalmente silenzioso (0 dB)<br \/>\nOttima capacit\u00e0 di raffreddamento.<br \/>\nSbrinamento automatico<br \/>\nPorta reversibile<br \/>\nVassoi regolabili in altezza<br \/>\nIlluminazione interna, LED a basso consumo<\/p>\n<p><strong><img decoding=\"async\" class=\"alignleft wp-image-41180 size-medium\" src=\"https:\/\/www.ghiblievo.com\/wp-content\/uploads\/2024\/11\/Minibar-Black-Glow-300x300.webp\" alt=\"Minibar Black Glow\" width=\"300\" height=\"300\">Minibar Black Glow 35<\/strong><\/p>\n<ul>\n<li>Codice: 93130<\/li>\n<\/ul>\n<p>Dimensioni<br \/>\n(A x L x P) mm: Dimensioni: 530x400x430<br \/>\nCapacit\u00e0: 29 litri<br \/>\nPeso: 15 Kg<br \/>\nConsumo: 0,235 kWh\/24h<br \/>\nFiniture: nero<\/p>\n<div style=\"clear: both;\">&nbsp;<\/div>\n<p><strong>100% silenzioso. Ideale per hotel dal gusto squisito, che fanno vivere all&#8217;ospite<\/strong><br \/>\n<strong>un&#8217;esperienza unica.<\/strong><\/p>\n","protected":false},"featured_media":41180,"comment_status":"open","ping_status":"closed","template":"","meta":{"_acf_changed":false,"ngg_post_thumbnail":0,"footnotes":""},"product_cat":[1032,1036],"product_tag":[],"class_list":{"0":"post-41209","1":"product","2":"type-product","3":"status-publish","4":"has-post-thumbnail","6":"product_cat-minibar-per-hotel","7":"product_cat-termoelettrico","9":"first","10":"instock","11":"shipping-taxable","12":"purchasable","13":"product-type-simple"},"acf":[],"yoast_head":"<!-- This site is optimized with the Yoast SEO Premium plugin v26.7 (Yoast SEO v26.7) - https:\/\/yoast.com\/wordpress\/plugins\/seo\/ -->\n<title>Minibar Nero Glow - Ghibli Evo<\/title>\n<meta name=\"description\" content=\"Minibar Nero Glow\" \/>\n<meta name=\"robots\" content=\"index, follow, max-snippet:-1, max-image-preview:large, max-video-preview:-1\" \/>\n<link rel=\"canonical\" href=\"https:\/\/www.ghiblievo.com\/it\/prodotto\/minibar-nero-glow\/\" \/>\n<meta property=\"og:locale\" content=\"it_IT\" \/>\n<meta property=\"og:type\" content=\"article\" \/>\n<meta property=\"og:title\" content=\"Minibar Nero Glow\" \/>\n<meta property=\"og:description\" content=\"Perch\u00e9 Minibar Nero GLOW? Grazie al suo design curato, la porta \u00e8 rifinita in metacrilato lucido, che riflette la luce e le conferisce un aspetto molto attraente. Inoltre, \u00e8 silenzioso al 100% e molto efficiente dal punto di vista energetico. Ideale per hotel di lusso che cercano quel tocco di design in pi\u00f9 che l&#039;ospite pi\u00f9 esigente richiede.  Tecnologia a termoassorbimento Potenza: 60 W Tensione: 220 V Totalmente silenzioso (0 dB) Ottima capacit\u00e0 di raffreddamento. Sbrinamento automatico Porta reversibile Vassoi regolabili in altezza Illuminazione interna, LED a basso consumo  Minibar Black Glow 35   Codice: 93130  Dimensioni (A x L x P) mm: Dimensioni: 530x400x430 Capacit\u00e0: 29 litri Peso: 15 Kg Consumo: 0,235 kWh\/24h Finiture: nero &nbsp; 100% silenzioso. Ideale per hotel dal gusto squisito, che fanno vivere all&#039;ospite un&#039;esperienza unica.\" \/>\n<meta property=\"og:url\" content=\"https:\/\/www.ghiblievo.com\/it\/prodotto\/minibar-nero-glow\/\" \/>\n<meta property=\"og:site_name\" content=\"Ghibli Evo\" \/>\n<meta property=\"article:publisher\" content=\"https:\/\/www.facebook.com\/ghiblievo\" \/>\n<meta property=\"article:modified_time\" content=\"2024-11-28T10:26:06+00:00\" \/>\n<meta property=\"og:image\" content=\"https:\/\/www.ghiblievo.com\/wp-content\/uploads\/2024\/11\/Minibar-Black-Glow.webp\" \/>\n\t<meta property=\"og:image:width\" content=\"790\" \/>\n\t<meta property=\"og:image:height\" content=\"790\" \/>\n\t<meta property=\"og:image:type\" content=\"image\/webp\" \/>\n<meta name=\"twitter:card\" content=\"summary_large_image\" \/>\n<meta name=\"twitter:label1\" content=\"Prezzo\" \/>\n\t<meta name=\"twitter:data1\" content=\"&euro;295.75\" \/>\n\t<meta name=\"twitter:label2\" content=\"Disponibilit\u00e0\" \/>\n\t<meta name=\"twitter:data2\" content=\"In stock\" \/>\n<script type=\"application\/ld+json\" class=\"yoast-schema-graph\">{\"@context\":\"https:\/\/schema.org\",\"@graph\":[{\"@type\":\"WebPage\",\"@id\":\"https:\/\/www.ghiblievo.com\/it\/prodotto\/minibar-nero-glow\/\",\"url\":\"https:\/\/www.ghiblievo.com\/it\/prodotto\/minibar-nero-glow\/\",\"name\":\"Minibar Nero Glow - Ghibli Evo\",\"isPartOf\":{\"@id\":\"https:\/\/www.ghiblievo.com\/it\/#website\"},\"primaryImageOfPage\":{\"@id\":\"https:\/\/www.ghiblievo.com\/it\/prodotto\/minibar-nero-glow\/#primaryimage\"},\"image\":{\"@id\":\"https:\/\/www.ghiblievo.com\/it\/prodotto\/minibar-nero-glow\/#primaryimage\"},\"thumbnailUrl\":\"https:\/\/www.ghiblievo.com\/wp-content\/uploads\/2024\/11\/Minibar-Black-Glow.webp\",\"datePublished\":\"2024-11-28T10:22:09+00:00\",\"dateModified\":\"2024-11-28T10:26:06+00:00\",\"description\":\"Minibar Nero Glow\",\"breadcrumb\":{\"@id\":\"https:\/\/www.ghiblievo.com\/it\/prodotto\/minibar-nero-glow\/#breadcrumb\"},\"inLanguage\":\"it-IT\",\"potentialAction\":[{\"@type\":\"ReadAction\",\"target\":[\"https:\/\/www.ghiblievo.com\/it\/prodotto\/minibar-nero-glow\/\"]}]},{\"@type\":\"ImageObject\",\"inLanguage\":\"it-IT\",\"@id\":\"https:\/\/www.ghiblievo.com\/it\/prodotto\/minibar-nero-glow\/#primaryimage\",\"url\":\"https:\/\/www.ghiblievo.com\/wp-content\/uploads\/2024\/11\/Minibar-Black-Glow.webp\",\"contentUrl\":\"https:\/\/www.ghiblievo.com\/wp-content\/uploads\/2024\/11\/Minibar-Black-Glow.webp\",\"width\":790,\"height\":790,\"caption\":\"Minibar Black Glow\"},{\"@type\":\"BreadcrumbList\",\"@id\":\"https:\/\/www.ghiblievo.com\/it\/prodotto\/minibar-nero-glow\/#breadcrumb\",\"itemListElement\":[{\"@type\":\"ListItem\",\"position\":1,\"name\":\"Home\",\"item\":\"https:\/\/www.ghiblievo.com\/it\/\"},{\"@type\":\"ListItem\",\"position\":2,\"name\":\"Shop\",\"item\":\"https:\/\/www.ghiblievo.com\/it\/shop-it\/\"},{\"@type\":\"ListItem\",\"position\":3,\"name\":\"Minibar per Hotel\",\"item\":\"https:\/\/www.ghiblievo.com\/it\/categoria-prodotto\/minibar-per-hotel\/\"},{\"@type\":\"ListItem\",\"position\":4,\"name\":\"Termoelettrico\",\"item\":\"https:\/\/www.ghiblievo.com\/it\/categoria-prodotto\/minibar-per-hotel\/termoelettrico\/\"},{\"@type\":\"ListItem\",\"position\":5,\"name\":\"Minibar Nero Glow\"}]},{\"@type\":\"WebSite\",\"@id\":\"https:\/\/www.ghiblievo.com\/it\/#website\",\"url\":\"https:\/\/www.ghiblievo.com\/it\/\",\"name\":\"Ghibli Evo\",\"description\":\"Hair Dryers for Hotel - Wall Mounted Hair Dryer\",\"publisher\":{\"@id\":\"https:\/\/www.ghiblievo.com\/it\/#organization\"},\"potentialAction\":[{\"@type\":\"SearchAction\",\"target\":{\"@type\":\"EntryPoint\",\"urlTemplate\":\"https:\/\/www.ghiblievo.com\/it\/?s={search_term_string}\"},\"query-input\":{\"@type\":\"PropertyValueSpecification\",\"valueRequired\":true,\"valueName\":\"search_term_string\"}}],\"inLanguage\":\"it-IT\"},{\"@type\":\"Organization\",\"@id\":\"https:\/\/www.ghiblievo.com\/it\/#organization\",\"name\":\"Ghibli Evo\",\"url\":\"https:\/\/www.ghiblievo.com\/it\/\",\"logo\":{\"@type\":\"ImageObject\",\"inLanguage\":\"it-IT\",\"@id\":\"https:\/\/www.ghiblievo.com\/it\/#\/schema\/logo\/image\/\",\"url\":\"https:\/\/www.ghiblievo.com\/wp-content\/uploads\/2019\/09\/Emblema_HUB-footer.png\",\"contentUrl\":\"https:\/\/www.ghiblievo.com\/wp-content\/uploads\/2019\/09\/Emblema_HUB-footer.png\",\"width\":300,\"height\":291,\"caption\":\"Ghibli Evo\"},\"image\":{\"@id\":\"https:\/\/www.ghiblievo.com\/it\/#\/schema\/logo\/image\/\"},\"sameAs\":[\"https:\/\/www.facebook.com\/ghiblievo\",\"https:\/\/www.instagram.com\/ghiblievo\/\"],\"description\":\"Ghiblievo is specialized in hotel supplies, bathroom accessories for hotel and hair dryer\",\"email\":\"info@ghiblievo.com\",\"telephone\":\"+39 338 4733486\",\"foundingDate\":\"2009-01-01\",\"vatID\":\"IT 03607430166\"}]}<\/script>\n<meta property=\"product:price:amount\" content=\"295.75\" \/>\n<meta property=\"product:price:currency\" content=\"EUR\" \/>\n<meta property=\"og:availability\" content=\"instock\" \/>\n<meta property=\"product:availability\" content=\"instock\" \/>\n<meta property=\"product:condition\" content=\"new\" \/>\n<!-- \/ Yoast SEO Premium plugin. -->","yoast_head_json":{"title":"Minibar Nero Glow - Ghibli Evo","description":"Minibar Nero Glow","robots":{"index":"index","follow":"follow","max-snippet":"max-snippet:-1","max-image-preview":"max-image-preview:large","max-video-preview":"max-video-preview:-1"},"canonical":"https:\/\/www.ghiblievo.com\/it\/prodotto\/minibar-nero-glow\/","og_locale":"it_IT","og_type":"article","og_title":"Minibar Nero Glow","og_description":"Perch\u00e9 Minibar Nero GLOW? Grazie al suo design curato, la porta \u00e8 rifinita in metacrilato lucido, che riflette la luce e le conferisce un aspetto molto attraente. Inoltre, \u00e8 silenzioso al 100% e molto efficiente dal punto di vista energetico. Ideale per hotel di lusso che cercano quel tocco di design in pi\u00f9 che l'ospite pi\u00f9 esigente richiede.  Tecnologia a termoassorbimento Potenza: 60 W Tensione: 220 V Totalmente silenzioso (0 dB) Ottima capacit\u00e0 di raffreddamento. Sbrinamento automatico Porta reversibile Vassoi regolabili in altezza Illuminazione interna, LED a basso consumo  Minibar Black Glow 35   Codice: 93130  Dimensioni (A x L x P) mm: Dimensioni: 530x400x430 Capacit\u00e0: 29 litri Peso: 15 Kg Consumo: 0,235 kWh\/24h Finiture: nero &nbsp; 100% silenzioso. Ideale per hotel dal gusto squisito, che fanno vivere all'ospite un'esperienza unica.","og_url":"https:\/\/www.ghiblievo.com\/it\/prodotto\/minibar-nero-glow\/","og_site_name":"Ghibli Evo","article_publisher":"https:\/\/www.facebook.com\/ghiblievo","article_modified_time":"2024-11-28T10:26:06+00:00","og_image":[{"width":790,"height":790,"url":"https:\/\/www.ghiblievo.com\/wp-content\/uploads\/2024\/11\/Minibar-Black-Glow.webp","type":"image\/webp"}],"twitter_card":"summary_large_image","twitter_misc":{"Prezzo":"&euro;295.75","Disponibilit\u00e0":"In stock"},"schema":{"@context":"https:\/\/schema.org","@graph":[{"@type":"WebPage","@id":"https:\/\/www.ghiblievo.com\/it\/prodotto\/minibar-nero-glow\/","url":"https:\/\/www.ghiblievo.com\/it\/prodotto\/minibar-nero-glow\/","name":"Minibar Nero Glow - Ghibli Evo","isPartOf":{"@id":"https:\/\/www.ghiblievo.com\/it\/#website"},"primaryImageOfPage":{"@id":"https:\/\/www.ghiblievo.com\/it\/prodotto\/minibar-nero-glow\/#primaryimage"},"image":{"@id":"https:\/\/www.ghiblievo.com\/it\/prodotto\/minibar-nero-glow\/#primaryimage"},"thumbnailUrl":"https:\/\/www.ghiblievo.com\/wp-content\/uploads\/2024\/11\/Minibar-Black-Glow.webp","datePublished":"2024-11-28T10:22:09+00:00","dateModified":"2024-11-28T10:26:06+00:00","description":"Minibar Nero Glow","breadcrumb":{"@id":"https:\/\/www.ghiblievo.com\/it\/prodotto\/minibar-nero-glow\/#breadcrumb"},"inLanguage":"it-IT","potentialAction":[{"@type":"ReadAction","target":["https:\/\/www.ghiblievo.com\/it\/prodotto\/minibar-nero-glow\/"]}]},{"@type":"ImageObject","inLanguage":"it-IT","@id":"https:\/\/www.ghiblievo.com\/it\/prodotto\/minibar-nero-glow\/#primaryimage","url":"https:\/\/www.ghiblievo.com\/wp-content\/uploads\/2024\/11\/Minibar-Black-Glow.webp","contentUrl":"https:\/\/www.ghiblievo.com\/wp-content\/uploads\/2024\/11\/Minibar-Black-Glow.webp","width":790,"height":790,"caption":"Minibar Black Glow"},{"@type":"BreadcrumbList","@id":"https:\/\/www.ghiblievo.com\/it\/prodotto\/minibar-nero-glow\/#breadcrumb","itemListElement":[{"@type":"ListItem","position":1,"name":"Home","item":"https:\/\/www.ghiblievo.com\/it\/"},{"@type":"ListItem","position":2,"name":"Shop","item":"https:\/\/www.ghiblievo.com\/it\/shop-it\/"},{"@type":"ListItem","position":3,"name":"Minibar per Hotel","item":"https:\/\/www.ghiblievo.com\/it\/categoria-prodotto\/minibar-per-hotel\/"},{"@type":"ListItem","position":4,"name":"Termoelettrico","item":"https:\/\/www.ghiblievo.com\/it\/categoria-prodotto\/minibar-per-hotel\/termoelettrico\/"},{"@type":"ListItem","position":5,"name":"Minibar Nero Glow"}]},{"@type":"WebSite","@id":"https:\/\/www.ghiblievo.com\/it\/#website","url":"https:\/\/www.ghiblievo.com\/it\/","name":"Ghibli Evo","description":"Hair Dryers for Hotel - Wall Mounted Hair Dryer","publisher":{"@id":"https:\/\/www.ghiblievo.com\/it\/#organization"},"potentialAction":[{"@type":"SearchAction","target":{"@type":"EntryPoint","urlTemplate":"https:\/\/www.ghiblievo.com\/it\/?s={search_term_string}"},"query-input":{"@type":"PropertyValueSpecification","valueRequired":true,"valueName":"search_term_string"}}],"inLanguage":"it-IT"},{"@type":"Organization","@id":"https:\/\/www.ghiblievo.com\/it\/#organization","name":"Ghibli Evo","url":"https:\/\/www.ghiblievo.com\/it\/","logo":{"@type":"ImageObject","inLanguage":"it-IT","@id":"https:\/\/www.ghiblievo.com\/it\/#\/schema\/logo\/image\/","url":"https:\/\/www.ghiblievo.com\/wp-content\/uploads\/2019\/09\/Emblema_HUB-footer.png","contentUrl":"https:\/\/www.ghiblievo.com\/wp-content\/uploads\/2019\/09\/Emblema_HUB-footer.png","width":300,"height":291,"caption":"Ghibli Evo"},"image":{"@id":"https:\/\/www.ghiblievo.com\/it\/#\/schema\/logo\/image\/"},"sameAs":["https:\/\/www.facebook.com\/ghiblievo","https:\/\/www.instagram.com\/ghiblievo\/"],"description":"Ghiblievo is specialized in hotel supplies, bathroom accessories for hotel and hair dryer","email":"info@ghiblievo.com","telephone":"+39 338 4733486","foundingDate":"2009-01-01","vatID":"IT 03607430166"}]},"product_price_amount":"295.75","product_price_currency":"EUR","og_availability":"instock","product_availability":"instock","product_condition":"new"},"_links":{"self":[{"href":"https:\/\/www.ghiblievo.com\/it\/wp-json\/wp\/v2\/product\/41209","targetHints":{"allow":["GET"]}}],"collection":[{"href":"https:\/\/www.ghiblievo.com\/it\/wp-json\/wp\/v2\/product"}],"about":[{"href":"https:\/\/www.ghiblievo.com\/it\/wp-json\/wp\/v2\/types\/product"}],"replies":[{"embeddable":true,"href":"https:\/\/www.ghiblievo.com\/it\/wp-json\/wp\/v2\/comments?post=41209"}],"version-history":[{"count":0,"href":"https:\/\/www.ghiblievo.com\/it\/wp-json\/wp\/v2\/product\/41209\/revisions"}],"wp:featuredmedia":[{"embeddable":true,"href":"https:\/\/www.ghiblievo.com\/it\/wp-json\/wp\/v2\/media\/41180"}],"wp:attachment":[{"href":"https:\/\/www.ghiblievo.com\/it\/wp-json\/wp\/v2\/media?parent=41209"}],"wp:term":[{"taxonomy":"product_cat","embeddable":true,"href":"https:\/\/www.ghiblievo.com\/it\/wp-json\/wp\/v2\/product_cat?post=41209"},{"taxonomy":"product_tag","embeddable":true,"href":"https:\/\/www.ghiblievo.com\/it\/wp-json\/wp\/v2\/product_tag?post=41209"}],"curies":[{"name":"wp","href":"https:\/\/api.w.org\/{rel}","templated":true}]}}