{"id":41108,"date":"2024-11-28T10:20:24","date_gmt":"2024-11-28T09:20:25","guid":{"rendered":"https:\/\/www.ghiblievo.com\/?post_type=product&#038;p=41108"},"modified":"2024-11-28T10:53:57","modified_gmt":"2024-11-28T09:53:57","slug":"minibar-glaciar-glass","status":"publish","type":"product","link":"https:\/\/www.ghiblievo.com\/it\/prodotto\/minibar-glaciar-glass\/","title":{"rendered":"Minibar Glaciar Glass"},"content":{"rendered":"","protected":false},"excerpt":{"rendered":"<h2>Perch\u00e9 Minibar Glaciar Glass?<\/h2>\n<p>Perch\u00e9 il Minibar Glaciar Glass mostra bevande e snack in modo cos\u00ec attraente che sar\u00e0 impossibile resistergli. Ha anche un grande potere di raffreddamento ed \u00e8 efficiente<br \/>\ndal punto di vista energetico.<\/p>\n<p>Tecnologia del compressore<br \/>\nPotenza: 85 W<br \/>\nTensione: 220 ~ 240 V &#8211; 50 Hz<br \/>\nOttima potenza di raffreddamento<br \/>\nCongelatore incluso<br \/>\nEcologico, privo di CFC<br \/>\nPorta in vetro temperato trasparente da 3 mm di spessore<br \/>\nIlluminazione interna, LED a basso consumo<br \/>\nPorta reversibile<br \/>\nOPZIONI: Accessorio kit di pannellatura.<\/p>\n<p><strong><img decoding=\"async\" class=\"alignleft wp-image-40700 size-medium\" src=\"https:\/\/www.ghiblievo.com\/wp-content\/uploads\/2024\/11\/glaciar-46-negro-86006-2-WEB-300x300.webp\" alt=\"hotel minibar glaciar 46\" width=\"300\" height=\"300\">Glaciar Glass<\/strong><\/p>\n<ul>\n<li>Codice 86022<\/li>\n<\/ul>\n<p>Dimensioni<br \/>\n(A x L x P) mm: 535 x 440 x 470<br \/>\nCapacit\u00e0: 46 L<br \/>\nPeso: 18 Kg<br \/>\nConsumo: 0,18 KW-h\/24 h<br \/>\nFiniture: nero<\/p>\n<div style=\"clear: both;\">\n<p>&nbsp;<\/p>\n<div style=\"clear: both;\">\n<p><strong>Grande potenza di raffreddamento e design curato. Con illuminazione interna per rendere i tuoi contenuti ancora pi\u00f9 accattivanti.<\/strong><\/p>\n<p><em><strong>&nbsp;<\/strong><\/em><\/p>\n<\/div>\n<\/div>\n","protected":false},"featured_media":41125,"comment_status":"open","ping_status":"closed","template":"","meta":{"_acf_changed":false,"ngg_post_thumbnail":0,"footnotes":""},"product_cat":[1032,1037],"product_tag":[],"class_list":{"0":"post-41108","1":"product","2":"type-product","3":"status-publish","4":"has-post-thumbnail","6":"product_cat-minibar-per-hotel","7":"product_cat-assorbimento","9":"first","10":"instock","11":"shipping-taxable","12":"purchasable","13":"product-type-simple"},"acf":[],"yoast_head":"<!-- This site is optimized with the Yoast SEO Premium plugin v26.7 (Yoast SEO v26.7) - https:\/\/yoast.com\/wordpress\/plugins\/seo\/ -->\n<title>Minibar Glaciar Glass - Ghibli Evo<\/title>\n<meta name=\"description\" content=\"Minibar Glaciar Glass: grande potere di raffreddamento e design. Ha un congelatore. Perfetto per appartamenti vacanze e hotel molto speciali.\" \/>\n<meta name=\"robots\" content=\"index, follow, max-snippet:-1, max-image-preview:large, max-video-preview:-1\" \/>\n<link rel=\"canonical\" href=\"https:\/\/www.ghiblievo.com\/it\/prodotto\/minibar-glaciar-glass\/\" \/>\n<meta property=\"og:locale\" content=\"it_IT\" \/>\n<meta property=\"og:type\" content=\"article\" \/>\n<meta property=\"og:title\" content=\"Minibar Glaciar Glass\" \/>\n<meta property=\"og:description\" content=\"Perch\u00e9 Minibar Glaciar Glass? Perch\u00e9 il Minibar Glaciar Glass mostra bevande e snack in modo cos\u00ec attraente che sar\u00e0 impossibile resistergli. Ha anche un grande potere di raffreddamento ed \u00e8 efficiente dal punto di vista energetico.  Tecnologia del compressore Potenza: 85 W Tensione: 220 ~ 240 V - 50 Hz Ottima potenza di raffreddamento Congelatore incluso Ecologico, privo di CFC Porta in vetro temperato trasparente da 3 mm di spessore Illuminazione interna, LED a basso consumo Porta reversibile OPZIONI: Accessorio kit di pannellatura.  Glaciar Glass   Codice 86022  Dimensioni (A x L x P) mm: 535 x 440 x 470 Capacit\u00e0: 46 L Peso: 18 Kg Consumo: 0,18 KW-h\/24 h Finiture: nero   &nbsp;   Grande potenza di raffreddamento e design curato. Con illuminazione interna per rendere i tuoi contenuti ancora pi\u00f9 accattivanti.  &nbsp;\" \/>\n<meta property=\"og:url\" content=\"https:\/\/www.ghiblievo.com\/it\/prodotto\/minibar-glaciar-glass\/\" \/>\n<meta property=\"og:site_name\" content=\"Ghibli Evo\" \/>\n<meta property=\"article:publisher\" content=\"https:\/\/www.facebook.com\/ghiblievo\" \/>\n<meta property=\"article:modified_time\" content=\"2024-11-28T09:53:57+00:00\" \/>\n<meta property=\"og:image\" content=\"https:\/\/www.ghiblievo.com\/wp-content\/uploads\/2024\/11\/Minibar-Glaciar-Glass.webp\" \/>\n\t<meta property=\"og:image:width\" content=\"790\" \/>\n\t<meta property=\"og:image:height\" content=\"790\" \/>\n\t<meta property=\"og:image:type\" content=\"image\/webp\" \/>\n<meta name=\"twitter:card\" content=\"summary_large_image\" \/>\n<meta name=\"twitter:label1\" content=\"Prezzo\" \/>\n\t<meta name=\"twitter:data1\" content=\"&euro;302.75\" \/>\n\t<meta name=\"twitter:label2\" content=\"Disponibilit\u00e0\" \/>\n\t<meta name=\"twitter:data2\" content=\"In stock\" \/>\n<script type=\"application\/ld+json\" class=\"yoast-schema-graph\">{\"@context\":\"https:\/\/schema.org\",\"@graph\":[{\"@type\":\"WebPage\",\"@id\":\"https:\/\/www.ghiblievo.com\/it\/prodotto\/minibar-glaciar-glass\/\",\"url\":\"https:\/\/www.ghiblievo.com\/it\/prodotto\/minibar-glaciar-glass\/\",\"name\":\"Minibar Glaciar Glass - Ghibli Evo\",\"isPartOf\":{\"@id\":\"https:\/\/www.ghiblievo.com\/it\/#website\"},\"primaryImageOfPage\":{\"@id\":\"https:\/\/www.ghiblievo.com\/it\/prodotto\/minibar-glaciar-glass\/#primaryimage\"},\"image\":{\"@id\":\"https:\/\/www.ghiblievo.com\/it\/prodotto\/minibar-glaciar-glass\/#primaryimage\"},\"thumbnailUrl\":\"https:\/\/www.ghiblievo.com\/wp-content\/uploads\/2024\/11\/Minibar-Glaciar-Glass.webp\",\"datePublished\":\"2024-11-28T09:20:25+00:00\",\"dateModified\":\"2024-11-28T09:53:57+00:00\",\"description\":\"Minibar Glaciar Glass: grande potere di raffreddamento e design. Ha un congelatore. Perfetto per appartamenti vacanze e hotel molto speciali.\",\"breadcrumb\":{\"@id\":\"https:\/\/www.ghiblievo.com\/it\/prodotto\/minibar-glaciar-glass\/#breadcrumb\"},\"inLanguage\":\"it-IT\",\"potentialAction\":[{\"@type\":\"ReadAction\",\"target\":[\"https:\/\/www.ghiblievo.com\/it\/prodotto\/minibar-glaciar-glass\/\"]}]},{\"@type\":\"ImageObject\",\"inLanguage\":\"it-IT\",\"@id\":\"https:\/\/www.ghiblievo.com\/it\/prodotto\/minibar-glaciar-glass\/#primaryimage\",\"url\":\"https:\/\/www.ghiblievo.com\/wp-content\/uploads\/2024\/11\/Minibar-Glaciar-Glass.webp\",\"contentUrl\":\"https:\/\/www.ghiblievo.com\/wp-content\/uploads\/2024\/11\/Minibar-Glaciar-Glass.webp\",\"width\":790,\"height\":790,\"caption\":\"Minibar Glaciar Glass\"},{\"@type\":\"BreadcrumbList\",\"@id\":\"https:\/\/www.ghiblievo.com\/it\/prodotto\/minibar-glaciar-glass\/#breadcrumb\",\"itemListElement\":[{\"@type\":\"ListItem\",\"position\":1,\"name\":\"Home\",\"item\":\"https:\/\/www.ghiblievo.com\/it\/\"},{\"@type\":\"ListItem\",\"position\":2,\"name\":\"Shop\",\"item\":\"https:\/\/www.ghiblievo.com\/it\/shop-it\/\"},{\"@type\":\"ListItem\",\"position\":3,\"name\":\"Minibar per Hotel\",\"item\":\"https:\/\/www.ghiblievo.com\/it\/categoria-prodotto\/minibar-per-hotel\/\"},{\"@type\":\"ListItem\",\"position\":4,\"name\":\"Compressore\",\"item\":\"https:\/\/www.ghiblievo.com\/it\/categoria-prodotto\/minibar-per-hotel\/assorbimento\/\"},{\"@type\":\"ListItem\",\"position\":5,\"name\":\"Minibar Glaciar Glass\"}]},{\"@type\":\"WebSite\",\"@id\":\"https:\/\/www.ghiblievo.com\/it\/#website\",\"url\":\"https:\/\/www.ghiblievo.com\/it\/\",\"name\":\"Ghibli Evo\",\"description\":\"Hair Dryers for Hotel - Wall Mounted Hair Dryer\",\"publisher\":{\"@id\":\"https:\/\/www.ghiblievo.com\/it\/#organization\"},\"potentialAction\":[{\"@type\":\"SearchAction\",\"target\":{\"@type\":\"EntryPoint\",\"urlTemplate\":\"https:\/\/www.ghiblievo.com\/it\/?s={search_term_string}\"},\"query-input\":{\"@type\":\"PropertyValueSpecification\",\"valueRequired\":true,\"valueName\":\"search_term_string\"}}],\"inLanguage\":\"it-IT\"},{\"@type\":\"Organization\",\"@id\":\"https:\/\/www.ghiblievo.com\/it\/#organization\",\"name\":\"Ghibli Evo\",\"url\":\"https:\/\/www.ghiblievo.com\/it\/\",\"logo\":{\"@type\":\"ImageObject\",\"inLanguage\":\"it-IT\",\"@id\":\"https:\/\/www.ghiblievo.com\/it\/#\/schema\/logo\/image\/\",\"url\":\"https:\/\/www.ghiblievo.com\/wp-content\/uploads\/2019\/09\/Emblema_HUB-footer.png\",\"contentUrl\":\"https:\/\/www.ghiblievo.com\/wp-content\/uploads\/2019\/09\/Emblema_HUB-footer.png\",\"width\":300,\"height\":291,\"caption\":\"Ghibli Evo\"},\"image\":{\"@id\":\"https:\/\/www.ghiblievo.com\/it\/#\/schema\/logo\/image\/\"},\"sameAs\":[\"https:\/\/www.facebook.com\/ghiblievo\",\"https:\/\/www.instagram.com\/ghiblievo\/\"],\"description\":\"Ghiblievo is specialized in hotel supplies, bathroom accessories for hotel and hair dryer\",\"email\":\"info@ghiblievo.com\",\"telephone\":\"+39 338 4733486\",\"foundingDate\":\"2009-01-01\",\"vatID\":\"IT 03607430166\"}]}<\/script>\n<meta property=\"product:price:amount\" content=\"302.75\" \/>\n<meta property=\"product:price:currency\" content=\"EUR\" \/>\n<meta property=\"og:availability\" content=\"instock\" \/>\n<meta property=\"product:availability\" content=\"instock\" \/>\n<meta property=\"product:condition\" content=\"new\" \/>\n<!-- \/ Yoast SEO Premium plugin. -->","yoast_head_json":{"title":"Minibar Glaciar Glass - Ghibli Evo","description":"Minibar Glaciar Glass: grande potere di raffreddamento e design. Ha un congelatore. Perfetto per appartamenti vacanze e hotel molto speciali.","robots":{"index":"index","follow":"follow","max-snippet":"max-snippet:-1","max-image-preview":"max-image-preview:large","max-video-preview":"max-video-preview:-1"},"canonical":"https:\/\/www.ghiblievo.com\/it\/prodotto\/minibar-glaciar-glass\/","og_locale":"it_IT","og_type":"article","og_title":"Minibar Glaciar Glass","og_description":"Perch\u00e9 Minibar Glaciar Glass? Perch\u00e9 il Minibar Glaciar Glass mostra bevande e snack in modo cos\u00ec attraente che sar\u00e0 impossibile resistergli. Ha anche un grande potere di raffreddamento ed \u00e8 efficiente dal punto di vista energetico.  Tecnologia del compressore Potenza: 85 W Tensione: 220 ~ 240 V - 50 Hz Ottima potenza di raffreddamento Congelatore incluso Ecologico, privo di CFC Porta in vetro temperato trasparente da 3 mm di spessore Illuminazione interna, LED a basso consumo Porta reversibile OPZIONI: Accessorio kit di pannellatura.  Glaciar Glass   Codice 86022  Dimensioni (A x L x P) mm: 535 x 440 x 470 Capacit\u00e0: 46 L Peso: 18 Kg Consumo: 0,18 KW-h\/24 h Finiture: nero   &nbsp;   Grande potenza di raffreddamento e design curato. Con illuminazione interna per rendere i tuoi contenuti ancora pi\u00f9 accattivanti.  &nbsp;","og_url":"https:\/\/www.ghiblievo.com\/it\/prodotto\/minibar-glaciar-glass\/","og_site_name":"Ghibli Evo","article_publisher":"https:\/\/www.facebook.com\/ghiblievo","article_modified_time":"2024-11-28T09:53:57+00:00","og_image":[{"width":790,"height":790,"url":"https:\/\/www.ghiblievo.com\/wp-content\/uploads\/2024\/11\/Minibar-Glaciar-Glass.webp","type":"image\/webp"}],"twitter_card":"summary_large_image","twitter_misc":{"Prezzo":"&euro;302.75","Disponibilit\u00e0":"In stock"},"schema":{"@context":"https:\/\/schema.org","@graph":[{"@type":"WebPage","@id":"https:\/\/www.ghiblievo.com\/it\/prodotto\/minibar-glaciar-glass\/","url":"https:\/\/www.ghiblievo.com\/it\/prodotto\/minibar-glaciar-glass\/","name":"Minibar Glaciar Glass - Ghibli Evo","isPartOf":{"@id":"https:\/\/www.ghiblievo.com\/it\/#website"},"primaryImageOfPage":{"@id":"https:\/\/www.ghiblievo.com\/it\/prodotto\/minibar-glaciar-glass\/#primaryimage"},"image":{"@id":"https:\/\/www.ghiblievo.com\/it\/prodotto\/minibar-glaciar-glass\/#primaryimage"},"thumbnailUrl":"https:\/\/www.ghiblievo.com\/wp-content\/uploads\/2024\/11\/Minibar-Glaciar-Glass.webp","datePublished":"2024-11-28T09:20:25+00:00","dateModified":"2024-11-28T09:53:57+00:00","description":"Minibar Glaciar Glass: grande potere di raffreddamento e design. Ha un congelatore. Perfetto per appartamenti vacanze e hotel molto speciali.","breadcrumb":{"@id":"https:\/\/www.ghiblievo.com\/it\/prodotto\/minibar-glaciar-glass\/#breadcrumb"},"inLanguage":"it-IT","potentialAction":[{"@type":"ReadAction","target":["https:\/\/www.ghiblievo.com\/it\/prodotto\/minibar-glaciar-glass\/"]}]},{"@type":"ImageObject","inLanguage":"it-IT","@id":"https:\/\/www.ghiblievo.com\/it\/prodotto\/minibar-glaciar-glass\/#primaryimage","url":"https:\/\/www.ghiblievo.com\/wp-content\/uploads\/2024\/11\/Minibar-Glaciar-Glass.webp","contentUrl":"https:\/\/www.ghiblievo.com\/wp-content\/uploads\/2024\/11\/Minibar-Glaciar-Glass.webp","width":790,"height":790,"caption":"Minibar Glaciar Glass"},{"@type":"BreadcrumbList","@id":"https:\/\/www.ghiblievo.com\/it\/prodotto\/minibar-glaciar-glass\/#breadcrumb","itemListElement":[{"@type":"ListItem","position":1,"name":"Home","item":"https:\/\/www.ghiblievo.com\/it\/"},{"@type":"ListItem","position":2,"name":"Shop","item":"https:\/\/www.ghiblievo.com\/it\/shop-it\/"},{"@type":"ListItem","position":3,"name":"Minibar per Hotel","item":"https:\/\/www.ghiblievo.com\/it\/categoria-prodotto\/minibar-per-hotel\/"},{"@type":"ListItem","position":4,"name":"Compressore","item":"https:\/\/www.ghiblievo.com\/it\/categoria-prodotto\/minibar-per-hotel\/assorbimento\/"},{"@type":"ListItem","position":5,"name":"Minibar Glaciar Glass"}]},{"@type":"WebSite","@id":"https:\/\/www.ghiblievo.com\/it\/#website","url":"https:\/\/www.ghiblievo.com\/it\/","name":"Ghibli Evo","description":"Hair Dryers for Hotel - Wall Mounted Hair Dryer","publisher":{"@id":"https:\/\/www.ghiblievo.com\/it\/#organization"},"potentialAction":[{"@type":"SearchAction","target":{"@type":"EntryPoint","urlTemplate":"https:\/\/www.ghiblievo.com\/it\/?s={search_term_string}"},"query-input":{"@type":"PropertyValueSpecification","valueRequired":true,"valueName":"search_term_string"}}],"inLanguage":"it-IT"},{"@type":"Organization","@id":"https:\/\/www.ghiblievo.com\/it\/#organization","name":"Ghibli Evo","url":"https:\/\/www.ghiblievo.com\/it\/","logo":{"@type":"ImageObject","inLanguage":"it-IT","@id":"https:\/\/www.ghiblievo.com\/it\/#\/schema\/logo\/image\/","url":"https:\/\/www.ghiblievo.com\/wp-content\/uploads\/2019\/09\/Emblema_HUB-footer.png","contentUrl":"https:\/\/www.ghiblievo.com\/wp-content\/uploads\/2019\/09\/Emblema_HUB-footer.png","width":300,"height":291,"caption":"Ghibli Evo"},"image":{"@id":"https:\/\/www.ghiblievo.com\/it\/#\/schema\/logo\/image\/"},"sameAs":["https:\/\/www.facebook.com\/ghiblievo","https:\/\/www.instagram.com\/ghiblievo\/"],"description":"Ghiblievo is specialized in hotel supplies, bathroom accessories for hotel and hair dryer","email":"info@ghiblievo.com","telephone":"+39 338 4733486","foundingDate":"2009-01-01","vatID":"IT 03607430166"}]},"product_price_amount":"302.75","product_price_currency":"EUR","og_availability":"instock","product_availability":"instock","product_condition":"new"},"_links":{"self":[{"href":"https:\/\/www.ghiblievo.com\/it\/wp-json\/wp\/v2\/product\/41108","targetHints":{"allow":["GET"]}}],"collection":[{"href":"https:\/\/www.ghiblievo.com\/it\/wp-json\/wp\/v2\/product"}],"about":[{"href":"https:\/\/www.ghiblievo.com\/it\/wp-json\/wp\/v2\/types\/product"}],"replies":[{"embeddable":true,"href":"https:\/\/www.ghiblievo.com\/it\/wp-json\/wp\/v2\/comments?post=41108"}],"version-history":[{"count":0,"href":"https:\/\/www.ghiblievo.com\/it\/wp-json\/wp\/v2\/product\/41108\/revisions"}],"wp:featuredmedia":[{"embeddable":true,"href":"https:\/\/www.ghiblievo.com\/it\/wp-json\/wp\/v2\/media\/41125"}],"wp:attachment":[{"href":"https:\/\/www.ghiblievo.com\/it\/wp-json\/wp\/v2\/media?parent=41108"}],"wp:term":[{"taxonomy":"product_cat","embeddable":true,"href":"https:\/\/www.ghiblievo.com\/it\/wp-json\/wp\/v2\/product_cat?post=41108"},{"taxonomy":"product_tag","embeddable":true,"href":"https:\/\/www.ghiblievo.com\/it\/wp-json\/wp\/v2\/product_tag?post=41108"}],"curies":[{"name":"wp","href":"https:\/\/api.w.org\/{rel}","templated":true}]}}