{"id":41015,"date":"2024-11-27T17:26:25","date_gmt":"2024-11-27T16:37:46","guid":{"rendered":"https:\/\/www.ghiblievo.com\/?post_type=product&#038;p=41015"},"modified":"2024-11-27T17:38:40","modified_gmt":"2024-11-27T16:38:40","slug":"minibar-per-hotel-baco","status":"publish","type":"product","link":"https:\/\/www.ghiblievo.com\/it\/prodotto\/minibar-per-hotel-baco\/","title":{"rendered":"Minibar per hotel Baco (cantinetta)"},"content":{"rendered":"","protected":false},"excerpt":{"rendered":"<h2>Perch\u00e9 scegliere il minibar per hotel BACO?<\/h2>\n<p>Il minibar per hotel Baco della serie di cantinette offre una grande capacit\u00e0, con spazio per 8 bottiglie, un controllo esaustivo della temperatura interna e vetro temperato per poter vedere l&#8217;interno senza dover aprire il dispositivo.<br \/>\nEleganza e qualit\u00e0 nello stesso posto.<\/p>\n<p>Tecnologia termoelettrica<br \/>\nPotenza: 70 W<br \/>\nTensione: 220 V<br \/>\nCapacit\u00e0: 8 bottiglie<br \/>\nOttima capacit\u00e0 di raffreddamento<br \/>\nPulsanti sulla parte anteriore con selezione della temperatura e altre opzioni<br \/>\nVetro doppio oscurato<br \/>\nVassoi in acciaio inox<br \/>\nIlluminazione interna, LED a basso consumo<\/p>\n<p><strong>Minibar per hotel Baco 8 bottiglie (cantinetta)<br \/>\n<\/strong><\/p>\n<ul>\n<li>Codice 85999<\/li>\n<\/ul>\n<p>Dimensioni<br \/>\n(A x L x P) mm: 495 x 260 x 480 mm<br \/>\nCapacit\u00e0: 23 L<br \/>\nPeso: 10,5 Kg<br \/>\nConsumo: 0,494 KW-h\/24 h<br \/>\nFiniture: nero<\/p>\n<p style=\"text-align: left;\"><strong>Grande capacit\u00e0, estetica curata e sobriet\u00e0.Contesto: Grande capacit\u00e0, estetica curata e sobriet\u00e0.<br \/>\n<\/strong><\/p>\n","protected":false},"featured_media":40988,"comment_status":"open","ping_status":"closed","template":"","meta":{"_acf_changed":false,"ngg_post_thumbnail":0,"footnotes":""},"product_cat":[1032,1040],"product_tag":[],"class_list":{"0":"post-41015","1":"product","2":"type-product","3":"status-publish","4":"has-post-thumbnail","6":"product_cat-minibar-per-hotel","7":"product_cat-cantinetta","9":"first","10":"instock","11":"shipping-taxable","12":"purchasable","13":"product-type-simple"},"acf":[],"yoast_head":"<!-- This site is optimized with the Yoast SEO Premium plugin v26.7 (Yoast SEO v26.7) - https:\/\/yoast.com\/wordpress\/plugins\/seo\/ -->\n<title>Minibar per hotel Baco (cantinetta) - Ghibli Evo<\/title>\n<meta name=\"description\" content=\"Il minibar per hotel Baco della serie di cantinette offre una grande capacit\u00e0, con spazio per 8 bottiglie, vetro temperato e display con temperatura\" \/>\n<meta name=\"robots\" content=\"index, follow, max-snippet:-1, max-image-preview:large, max-video-preview:-1\" \/>\n<link rel=\"canonical\" href=\"https:\/\/www.ghiblievo.com\/it\/prodotto\/minibar-per-hotel-baco\/\" \/>\n<meta property=\"og:locale\" content=\"it_IT\" \/>\n<meta property=\"og:type\" content=\"article\" \/>\n<meta property=\"og:title\" content=\"Minibar per hotel Baco (cantinetta)\" \/>\n<meta property=\"og:description\" content=\"Perch\u00e9 scegliere il minibar per hotel BACO? Il minibar per hotel Baco della serie di cantinette offre una grande capacit\u00e0, con spazio per 8 bottiglie, un controllo esaustivo della temperatura interna e vetro temperato per poter vedere l&#039;interno senza dover aprire il dispositivo. Eleganza e qualit\u00e0 nello stesso posto.  Tecnologia termoelettrica Potenza: 70 W Tensione: 220 V Capacit\u00e0: 8 bottiglie Ottima capacit\u00e0 di raffreddamento Pulsanti sulla parte anteriore con selezione della temperatura e altre opzioni Vetro doppio oscurato Vassoi in acciaio inox Illuminazione interna, LED a basso consumo  Minibar per hotel Baco 8 bottiglie (cantinetta)    Codice 85999  Dimensioni (A x L x P) mm: 495 x 260 x 480 mm Capacit\u00e0: 23 L Peso: 10,5 Kg Consumo: 0,494 KW-h\/24 h Finiture: nero Grande capacit\u00e0, estetica curata e sobriet\u00e0.Contesto: Grande capacit\u00e0, estetica curata e sobriet\u00e0.\" \/>\n<meta property=\"og:url\" content=\"https:\/\/www.ghiblievo.com\/it\/prodotto\/minibar-per-hotel-baco\/\" \/>\n<meta property=\"og:site_name\" content=\"Ghibli Evo\" \/>\n<meta property=\"article:publisher\" content=\"https:\/\/www.facebook.com\/ghiblievo\" \/>\n<meta property=\"article:modified_time\" content=\"2024-11-27T16:38:40+00:00\" \/>\n<meta property=\"og:image\" content=\"https:\/\/www.ghiblievo.com\/wp-content\/uploads\/2024\/11\/Minibar-Baco-series-for-hotel.webp\" \/>\n\t<meta property=\"og:image:width\" content=\"790\" \/>\n\t<meta property=\"og:image:height\" content=\"790\" \/>\n\t<meta property=\"og:image:type\" content=\"image\/webp\" \/>\n<meta name=\"twitter:card\" content=\"summary_large_image\" \/>\n<meta name=\"twitter:label1\" content=\"Prezzo\" \/>\n\t<meta name=\"twitter:data1\" content=\"&euro;206.50\" \/>\n\t<meta name=\"twitter:label2\" content=\"Disponibilit\u00e0\" \/>\n\t<meta name=\"twitter:data2\" content=\"In stock\" \/>\n<script type=\"application\/ld+json\" class=\"yoast-schema-graph\">{\"@context\":\"https:\/\/schema.org\",\"@graph\":[{\"@type\":\"WebPage\",\"@id\":\"https:\/\/www.ghiblievo.com\/it\/prodotto\/minibar-per-hotel-baco\/\",\"url\":\"https:\/\/www.ghiblievo.com\/it\/prodotto\/minibar-per-hotel-baco\/\",\"name\":\"Minibar per hotel Baco (cantinetta) - Ghibli Evo\",\"isPartOf\":{\"@id\":\"https:\/\/www.ghiblievo.com\/it\/#website\"},\"primaryImageOfPage\":{\"@id\":\"https:\/\/www.ghiblievo.com\/it\/prodotto\/minibar-per-hotel-baco\/#primaryimage\"},\"image\":{\"@id\":\"https:\/\/www.ghiblievo.com\/it\/prodotto\/minibar-per-hotel-baco\/#primaryimage\"},\"thumbnailUrl\":\"https:\/\/www.ghiblievo.com\/wp-content\/uploads\/2024\/11\/Minibar-Baco-series-for-hotel.webp\",\"datePublished\":\"2024-11-27T16:37:46+00:00\",\"dateModified\":\"2024-11-27T16:38:40+00:00\",\"description\":\"Il minibar per hotel Baco della serie di cantinette offre una grande capacit\u00e0, con spazio per 8 bottiglie, vetro temperato e display con temperatura\",\"breadcrumb\":{\"@id\":\"https:\/\/www.ghiblievo.com\/it\/prodotto\/minibar-per-hotel-baco\/#breadcrumb\"},\"inLanguage\":\"it-IT\",\"potentialAction\":[{\"@type\":\"ReadAction\",\"target\":[\"https:\/\/www.ghiblievo.com\/it\/prodotto\/minibar-per-hotel-baco\/\"]}]},{\"@type\":\"ImageObject\",\"inLanguage\":\"it-IT\",\"@id\":\"https:\/\/www.ghiblievo.com\/it\/prodotto\/minibar-per-hotel-baco\/#primaryimage\",\"url\":\"https:\/\/www.ghiblievo.com\/wp-content\/uploads\/2024\/11\/Minibar-Baco-series-for-hotel.webp\",\"contentUrl\":\"https:\/\/www.ghiblievo.com\/wp-content\/uploads\/2024\/11\/Minibar-Baco-series-for-hotel.webp\",\"width\":790,\"height\":790,\"caption\":\"Minibar Baco series for hotel\"},{\"@type\":\"BreadcrumbList\",\"@id\":\"https:\/\/www.ghiblievo.com\/it\/prodotto\/minibar-per-hotel-baco\/#breadcrumb\",\"itemListElement\":[{\"@type\":\"ListItem\",\"position\":1,\"name\":\"Home\",\"item\":\"https:\/\/www.ghiblievo.com\/it\/\"},{\"@type\":\"ListItem\",\"position\":2,\"name\":\"Shop\",\"item\":\"https:\/\/www.ghiblievo.com\/it\/shop-it\/\"},{\"@type\":\"ListItem\",\"position\":3,\"name\":\"Minibar per Hotel\",\"item\":\"https:\/\/www.ghiblievo.com\/it\/categoria-prodotto\/minibar-per-hotel\/\"},{\"@type\":\"ListItem\",\"position\":4,\"name\":\"Cantinetta\",\"item\":\"https:\/\/www.ghiblievo.com\/it\/categoria-prodotto\/minibar-per-hotel\/cantinetta\/\"},{\"@type\":\"ListItem\",\"position\":5,\"name\":\"Minibar per hotel Baco (cantinetta)\"}]},{\"@type\":\"WebSite\",\"@id\":\"https:\/\/www.ghiblievo.com\/it\/#website\",\"url\":\"https:\/\/www.ghiblievo.com\/it\/\",\"name\":\"Ghibli Evo\",\"description\":\"Hair Dryers for Hotel - Wall Mounted Hair Dryer\",\"publisher\":{\"@id\":\"https:\/\/www.ghiblievo.com\/it\/#organization\"},\"potentialAction\":[{\"@type\":\"SearchAction\",\"target\":{\"@type\":\"EntryPoint\",\"urlTemplate\":\"https:\/\/www.ghiblievo.com\/it\/?s={search_term_string}\"},\"query-input\":{\"@type\":\"PropertyValueSpecification\",\"valueRequired\":true,\"valueName\":\"search_term_string\"}}],\"inLanguage\":\"it-IT\"},{\"@type\":\"Organization\",\"@id\":\"https:\/\/www.ghiblievo.com\/it\/#organization\",\"name\":\"Ghibli Evo\",\"url\":\"https:\/\/www.ghiblievo.com\/it\/\",\"logo\":{\"@type\":\"ImageObject\",\"inLanguage\":\"it-IT\",\"@id\":\"https:\/\/www.ghiblievo.com\/it\/#\/schema\/logo\/image\/\",\"url\":\"https:\/\/www.ghiblievo.com\/wp-content\/uploads\/2019\/09\/Emblema_HUB-footer.png\",\"contentUrl\":\"https:\/\/www.ghiblievo.com\/wp-content\/uploads\/2019\/09\/Emblema_HUB-footer.png\",\"width\":300,\"height\":291,\"caption\":\"Ghibli Evo\"},\"image\":{\"@id\":\"https:\/\/www.ghiblievo.com\/it\/#\/schema\/logo\/image\/\"},\"sameAs\":[\"https:\/\/www.facebook.com\/ghiblievo\",\"https:\/\/www.instagram.com\/ghiblievo\/\"],\"description\":\"Ghiblievo is specialized in hotel supplies, bathroom accessories for hotel and hair dryer\",\"email\":\"info@ghiblievo.com\",\"telephone\":\"+39 338 4733486\",\"foundingDate\":\"2009-01-01\",\"vatID\":\"IT 03607430166\"}]}<\/script>\n<meta property=\"product:price:amount\" content=\"206.50\" \/>\n<meta property=\"product:price:currency\" content=\"EUR\" \/>\n<meta property=\"og:availability\" content=\"instock\" \/>\n<meta property=\"product:availability\" content=\"instock\" \/>\n<meta property=\"product:condition\" content=\"new\" \/>\n<!-- \/ Yoast SEO Premium plugin. -->","yoast_head_json":{"title":"Minibar per hotel Baco (cantinetta) - Ghibli Evo","description":"Il minibar per hotel Baco della serie di cantinette offre una grande capacit\u00e0, con spazio per 8 bottiglie, vetro temperato e display con temperatura","robots":{"index":"index","follow":"follow","max-snippet":"max-snippet:-1","max-image-preview":"max-image-preview:large","max-video-preview":"max-video-preview:-1"},"canonical":"https:\/\/www.ghiblievo.com\/it\/prodotto\/minibar-per-hotel-baco\/","og_locale":"it_IT","og_type":"article","og_title":"Minibar per hotel Baco (cantinetta)","og_description":"Perch\u00e9 scegliere il minibar per hotel BACO? Il minibar per hotel Baco della serie di cantinette offre una grande capacit\u00e0, con spazio per 8 bottiglie, un controllo esaustivo della temperatura interna e vetro temperato per poter vedere l'interno senza dover aprire il dispositivo. Eleganza e qualit\u00e0 nello stesso posto.  Tecnologia termoelettrica Potenza: 70 W Tensione: 220 V Capacit\u00e0: 8 bottiglie Ottima capacit\u00e0 di raffreddamento Pulsanti sulla parte anteriore con selezione della temperatura e altre opzioni Vetro doppio oscurato Vassoi in acciaio inox Illuminazione interna, LED a basso consumo  Minibar per hotel Baco 8 bottiglie (cantinetta)    Codice 85999  Dimensioni (A x L x P) mm: 495 x 260 x 480 mm Capacit\u00e0: 23 L Peso: 10,5 Kg Consumo: 0,494 KW-h\/24 h Finiture: nero Grande capacit\u00e0, estetica curata e sobriet\u00e0.Contesto: Grande capacit\u00e0, estetica curata e sobriet\u00e0.","og_url":"https:\/\/www.ghiblievo.com\/it\/prodotto\/minibar-per-hotel-baco\/","og_site_name":"Ghibli Evo","article_publisher":"https:\/\/www.facebook.com\/ghiblievo","article_modified_time":"2024-11-27T16:38:40+00:00","og_image":[{"width":790,"height":790,"url":"https:\/\/www.ghiblievo.com\/wp-content\/uploads\/2024\/11\/Minibar-Baco-series-for-hotel.webp","type":"image\/webp"}],"twitter_card":"summary_large_image","twitter_misc":{"Prezzo":"&euro;206.50","Disponibilit\u00e0":"In stock"},"schema":{"@context":"https:\/\/schema.org","@graph":[{"@type":"WebPage","@id":"https:\/\/www.ghiblievo.com\/it\/prodotto\/minibar-per-hotel-baco\/","url":"https:\/\/www.ghiblievo.com\/it\/prodotto\/minibar-per-hotel-baco\/","name":"Minibar per hotel Baco (cantinetta) - Ghibli Evo","isPartOf":{"@id":"https:\/\/www.ghiblievo.com\/it\/#website"},"primaryImageOfPage":{"@id":"https:\/\/www.ghiblievo.com\/it\/prodotto\/minibar-per-hotel-baco\/#primaryimage"},"image":{"@id":"https:\/\/www.ghiblievo.com\/it\/prodotto\/minibar-per-hotel-baco\/#primaryimage"},"thumbnailUrl":"https:\/\/www.ghiblievo.com\/wp-content\/uploads\/2024\/11\/Minibar-Baco-series-for-hotel.webp","datePublished":"2024-11-27T16:37:46+00:00","dateModified":"2024-11-27T16:38:40+00:00","description":"Il minibar per hotel Baco della serie di cantinette offre una grande capacit\u00e0, con spazio per 8 bottiglie, vetro temperato e display con temperatura","breadcrumb":{"@id":"https:\/\/www.ghiblievo.com\/it\/prodotto\/minibar-per-hotel-baco\/#breadcrumb"},"inLanguage":"it-IT","potentialAction":[{"@type":"ReadAction","target":["https:\/\/www.ghiblievo.com\/it\/prodotto\/minibar-per-hotel-baco\/"]}]},{"@type":"ImageObject","inLanguage":"it-IT","@id":"https:\/\/www.ghiblievo.com\/it\/prodotto\/minibar-per-hotel-baco\/#primaryimage","url":"https:\/\/www.ghiblievo.com\/wp-content\/uploads\/2024\/11\/Minibar-Baco-series-for-hotel.webp","contentUrl":"https:\/\/www.ghiblievo.com\/wp-content\/uploads\/2024\/11\/Minibar-Baco-series-for-hotel.webp","width":790,"height":790,"caption":"Minibar Baco series for hotel"},{"@type":"BreadcrumbList","@id":"https:\/\/www.ghiblievo.com\/it\/prodotto\/minibar-per-hotel-baco\/#breadcrumb","itemListElement":[{"@type":"ListItem","position":1,"name":"Home","item":"https:\/\/www.ghiblievo.com\/it\/"},{"@type":"ListItem","position":2,"name":"Shop","item":"https:\/\/www.ghiblievo.com\/it\/shop-it\/"},{"@type":"ListItem","position":3,"name":"Minibar per Hotel","item":"https:\/\/www.ghiblievo.com\/it\/categoria-prodotto\/minibar-per-hotel\/"},{"@type":"ListItem","position":4,"name":"Cantinetta","item":"https:\/\/www.ghiblievo.com\/it\/categoria-prodotto\/minibar-per-hotel\/cantinetta\/"},{"@type":"ListItem","position":5,"name":"Minibar per hotel Baco (cantinetta)"}]},{"@type":"WebSite","@id":"https:\/\/www.ghiblievo.com\/it\/#website","url":"https:\/\/www.ghiblievo.com\/it\/","name":"Ghibli Evo","description":"Hair Dryers for Hotel - Wall Mounted Hair Dryer","publisher":{"@id":"https:\/\/www.ghiblievo.com\/it\/#organization"},"potentialAction":[{"@type":"SearchAction","target":{"@type":"EntryPoint","urlTemplate":"https:\/\/www.ghiblievo.com\/it\/?s={search_term_string}"},"query-input":{"@type":"PropertyValueSpecification","valueRequired":true,"valueName":"search_term_string"}}],"inLanguage":"it-IT"},{"@type":"Organization","@id":"https:\/\/www.ghiblievo.com\/it\/#organization","name":"Ghibli Evo","url":"https:\/\/www.ghiblievo.com\/it\/","logo":{"@type":"ImageObject","inLanguage":"it-IT","@id":"https:\/\/www.ghiblievo.com\/it\/#\/schema\/logo\/image\/","url":"https:\/\/www.ghiblievo.com\/wp-content\/uploads\/2019\/09\/Emblema_HUB-footer.png","contentUrl":"https:\/\/www.ghiblievo.com\/wp-content\/uploads\/2019\/09\/Emblema_HUB-footer.png","width":300,"height":291,"caption":"Ghibli Evo"},"image":{"@id":"https:\/\/www.ghiblievo.com\/it\/#\/schema\/logo\/image\/"},"sameAs":["https:\/\/www.facebook.com\/ghiblievo","https:\/\/www.instagram.com\/ghiblievo\/"],"description":"Ghiblievo is specialized in hotel supplies, bathroom accessories for hotel and hair dryer","email":"info@ghiblievo.com","telephone":"+39 338 4733486","foundingDate":"2009-01-01","vatID":"IT 03607430166"}]},"product_price_amount":"206.50","product_price_currency":"EUR","og_availability":"instock","product_availability":"instock","product_condition":"new"},"_links":{"self":[{"href":"https:\/\/www.ghiblievo.com\/it\/wp-json\/wp\/v2\/product\/41015","targetHints":{"allow":["GET"]}}],"collection":[{"href":"https:\/\/www.ghiblievo.com\/it\/wp-json\/wp\/v2\/product"}],"about":[{"href":"https:\/\/www.ghiblievo.com\/it\/wp-json\/wp\/v2\/types\/product"}],"replies":[{"embeddable":true,"href":"https:\/\/www.ghiblievo.com\/it\/wp-json\/wp\/v2\/comments?post=41015"}],"version-history":[{"count":0,"href":"https:\/\/www.ghiblievo.com\/it\/wp-json\/wp\/v2\/product\/41015\/revisions"}],"wp:featuredmedia":[{"embeddable":true,"href":"https:\/\/www.ghiblievo.com\/it\/wp-json\/wp\/v2\/media\/40988"}],"wp:attachment":[{"href":"https:\/\/www.ghiblievo.com\/it\/wp-json\/wp\/v2\/media?parent=41015"}],"wp:term":[{"taxonomy":"product_cat","embeddable":true,"href":"https:\/\/www.ghiblievo.com\/it\/wp-json\/wp\/v2\/product_cat?post=41015"},{"taxonomy":"product_tag","embeddable":true,"href":"https:\/\/www.ghiblievo.com\/it\/wp-json\/wp\/v2\/product_tag?post=41015"}],"curies":[{"name":"wp","href":"https:\/\/api.w.org\/{rel}","templated":true}]}}