{"id":40324,"date":"2024-11-19T10:08:30","date_gmt":"2024-11-19T09:08:03","guid":{"rendered":"https:\/\/www.ghiblievo.com\/?post_type=product&#038;p=40324"},"modified":"2024-11-19T10:08:05","modified_gmt":"2024-11-19T09:08:05","slug":"smile-specchio-cosmetico-con-piedistallo","status":"publish","type":"product","link":"https:\/\/www.ghiblievo.com\/it\/prodotto\/smile-specchio-cosmetico-con-piedistallo\/","title":{"rendered":"Smile Specchio Cosmetico con piedistallo"},"content":{"rendered":"<p>Uno specchio cosmetico con piedistallo \u00e8 un accessorio indispensabile per ogni bagno d&#8217;albergo che aggiunge un tocco di lusso e comodit\u00e0 all&#8217;esperienza dei vostri ospiti. Mettendo uno specchio per il make-up nei vostri bagni, dimostrerete agli ospiti che tenete al loro comfort e alla loro soddisfazione. Inoltre, risparmierete loro la fatica di portarsi dietro il proprio.<\/p>\n<p>Lo specchio SMILE di B-TRAY \u00e8 la scelta perfetta per il vostro bagno. \u00c8 un prodotto resistente ed elegante, realizzato in acciaio inossidabile di alta qualit\u00e0 con finitura nera opaca o spazzolata. SMILE ha un vetro trasparente ingranditore (5x) che permette ai vostri ospiti di truccarsi, radersi o pettinarsi con facilit\u00e0. Regalate ai vostri ospiti comfort e attenzione ai dettagli e create un&#8217;atmosfera lussuosa e sofisticata nei bagni dei vostri hotel.<\/p>\n","protected":false},"excerpt":{"rendered":"<h2>Smile Specchio Cosmetico con piedistallo<\/h2>\n<p>SPECCHIO IN ACCIAIO INOX AUTOPORTANTE<\/p>\n<ul>\n<li>Specchio laterale singolo con ingrandimento x5<\/li>\n<li>Elemento indispensabile per il bagno di ogni hotel<\/li>\n<li>Realizzato in acciaio inox 304 di alta qualit\u00e0<\/li>\n<li>A prova di impronte digitali<\/li>\n<li>Design elegante e moderno<\/li>\n<li>L&#8217;angolo pu\u00f2 essere modificato manualmente con la grande maniglia integrata<\/li>\n<li>Base appesantita per una maggiore stabilit\u00e0<\/li>\n<li>Incluso adesivo biadesivo 3M per fissare lo specchio a una superficie e piccolo panno per la pulizia<\/li>\n<li>Garanzia di 2 anni<\/li>\n<\/ul>\n<p>Colori Specchio cosmetico<\/p>\n<ul>\n<li>Nero Opaco<\/li>\n<li>Acciaio Spazzolato<\/li>\n<\/ul>\n","protected":false},"featured_media":40297,"comment_status":"open","ping_status":"closed","template":"","meta":{"_acf_changed":false,"ngg_post_thumbnail":0,"footnotes":""},"product_cat":[988],"product_tag":[],"class_list":{"0":"post-40324","1":"product","2":"type-product","3":"status-publish","4":"has-post-thumbnail","6":"product_cat-specchi-cosmetici-non-illuminati","8":"first","9":"instock","10":"shipping-taxable","11":"purchasable","12":"product-type-simple"},"acf":[],"yoast_head":"<!-- This site is optimized with the Yoast SEO Premium plugin v26.7 (Yoast SEO v26.7) - https:\/\/yoast.com\/wordpress\/plugins\/seo\/ -->\n<title>Specchio Cosmetico con piedistallo per hotel<\/title>\n<meta name=\"description\" content=\"Specchio Cosmetico con piedistallo \u00e8 un accessorio indispensabile per ogni bagno d&#039;albergo, un tocco di lusso e comodit\u00e0 all&#039;esperienza dei vostri ospiti\" \/>\n<meta name=\"robots\" content=\"index, follow, max-snippet:-1, max-image-preview:large, max-video-preview:-1\" \/>\n<link rel=\"canonical\" href=\"https:\/\/www.ghiblievo.com\/it\/prodotto\/smile-specchio-cosmetico-con-piedistallo\/\" \/>\n<meta property=\"og:locale\" content=\"it_IT\" \/>\n<meta property=\"og:type\" content=\"article\" \/>\n<meta property=\"og:title\" content=\"Smile Specchio Cosmetico con piedistallo\" \/>\n<meta property=\"og:description\" content=\"Smile Specchio Cosmetico con piedistallo SPECCHIO IN ACCIAIO INOX AUTOPORTANTE   Specchio laterale singolo con ingrandimento x5  Elemento indispensabile per il bagno di ogni hotel  Realizzato in acciaio inox 304 di alta qualit\u00e0  A prova di impronte digitali  Design elegante e moderno  L&#039;angolo pu\u00f2 essere modificato manualmente con la grande maniglia integrata  Base appesantita per una maggiore stabilit\u00e0  Incluso adesivo biadesivo 3M per fissare lo specchio a una superficie e piccolo panno per la pulizia  Garanzia di 2 anni  Colori Specchio cosmetico   Nero Opaco  Acciaio Spazzolato\" \/>\n<meta property=\"og:url\" content=\"https:\/\/www.ghiblievo.com\/it\/prodotto\/smile-specchio-cosmetico-con-piedistallo\/\" \/>\n<meta property=\"og:site_name\" content=\"Ghibli Evo\" \/>\n<meta property=\"article:publisher\" content=\"https:\/\/www.facebook.com\/ghiblievo\" \/>\n<meta property=\"article:modified_time\" content=\"2024-11-19T09:08:05+00:00\" \/>\n<meta property=\"og:image\" content=\"https:\/\/www.ghiblievo.com\/wp-content\/uploads\/2024\/11\/Cosmetic-Mirro-free-standing-SMILE-SS.webp\" \/>\n\t<meta property=\"og:image:width\" content=\"1000\" \/>\n\t<meta property=\"og:image:height\" content=\"1000\" \/>\n\t<meta property=\"og:image:type\" content=\"image\/webp\" \/>\n<meta name=\"twitter:card\" content=\"summary_large_image\" \/>\n<meta name=\"twitter:label1\" content=\"Prezzo\" \/>\n\t<meta name=\"twitter:data1\" content=\"&euro;59.00\" \/>\n\t<meta name=\"twitter:label2\" content=\"Disponibilit\u00e0\" \/>\n\t<meta name=\"twitter:data2\" content=\"In stock\" \/>\n<script type=\"application\/ld+json\" class=\"yoast-schema-graph\">{\"@context\":\"https:\/\/schema.org\",\"@graph\":[{\"@type\":\"WebPage\",\"@id\":\"https:\/\/www.ghiblievo.com\/it\/prodotto\/smile-specchio-cosmetico-con-piedistallo\/\",\"url\":\"https:\/\/www.ghiblievo.com\/it\/prodotto\/smile-specchio-cosmetico-con-piedistallo\/\",\"name\":\"Specchio Cosmetico con piedistallo per hotel\",\"isPartOf\":{\"@id\":\"https:\/\/www.ghiblievo.com\/it\/#website\"},\"primaryImageOfPage\":{\"@id\":\"https:\/\/www.ghiblievo.com\/it\/prodotto\/smile-specchio-cosmetico-con-piedistallo\/#primaryimage\"},\"image\":{\"@id\":\"https:\/\/www.ghiblievo.com\/it\/prodotto\/smile-specchio-cosmetico-con-piedistallo\/#primaryimage\"},\"thumbnailUrl\":\"https:\/\/www.ghiblievo.com\/wp-content\/uploads\/2024\/11\/Cosmetic-Mirro-free-standing-SMILE-SS.webp\",\"datePublished\":\"2024-11-19T09:08:03+00:00\",\"dateModified\":\"2024-11-19T09:08:05+00:00\",\"description\":\"Specchio Cosmetico con piedistallo \u00e8 un accessorio indispensabile per ogni bagno d'albergo, un tocco di lusso e comodit\u00e0 all'esperienza dei vostri ospiti\",\"breadcrumb\":{\"@id\":\"https:\/\/www.ghiblievo.com\/it\/prodotto\/smile-specchio-cosmetico-con-piedistallo\/#breadcrumb\"},\"inLanguage\":\"it-IT\",\"potentialAction\":[{\"@type\":\"ReadAction\",\"target\":[\"https:\/\/www.ghiblievo.com\/it\/prodotto\/smile-specchio-cosmetico-con-piedistallo\/\"]}]},{\"@type\":\"ImageObject\",\"inLanguage\":\"it-IT\",\"@id\":\"https:\/\/www.ghiblievo.com\/it\/prodotto\/smile-specchio-cosmetico-con-piedistallo\/#primaryimage\",\"url\":\"https:\/\/www.ghiblievo.com\/wp-content\/uploads\/2024\/11\/Cosmetic-Mirro-free-standing-SMILE-SS.webp\",\"contentUrl\":\"https:\/\/www.ghiblievo.com\/wp-content\/uploads\/2024\/11\/Cosmetic-Mirro-free-standing-SMILE-SS.webp\",\"width\":1000,\"height\":1000,\"caption\":\"Specchio Cosmetico con piedistallo per hotel SMILE acciao spazzolato\"},{\"@type\":\"BreadcrumbList\",\"@id\":\"https:\/\/www.ghiblievo.com\/it\/prodotto\/smile-specchio-cosmetico-con-piedistallo\/#breadcrumb\",\"itemListElement\":[{\"@type\":\"ListItem\",\"position\":1,\"name\":\"Home\",\"item\":\"https:\/\/www.ghiblievo.com\/it\/\"},{\"@type\":\"ListItem\",\"position\":2,\"name\":\"Shop\",\"item\":\"https:\/\/www.ghiblievo.com\/it\/shop-it\/\"},{\"@type\":\"ListItem\",\"position\":3,\"name\":\"Specchi\",\"item\":\"https:\/\/www.ghiblievo.com\/it\/categoria-prodotto\/specchi-per-hotel\/\"},{\"@type\":\"ListItem\",\"position\":4,\"name\":\"Specchi Cosmetici non illuminati\",\"item\":\"https:\/\/www.ghiblievo.com\/it\/categoria-prodotto\/specchi-per-hotel\/specchi-cosmetici-non-illuminati\/\"},{\"@type\":\"ListItem\",\"position\":5,\"name\":\"Smile Specchio Cosmetico con piedistallo\"}]},{\"@type\":\"WebSite\",\"@id\":\"https:\/\/www.ghiblievo.com\/it\/#website\",\"url\":\"https:\/\/www.ghiblievo.com\/it\/\",\"name\":\"Ghibli Evo\",\"description\":\"Hair Dryers for Hotel - Wall Mounted Hair Dryer\",\"publisher\":{\"@id\":\"https:\/\/www.ghiblievo.com\/it\/#organization\"},\"potentialAction\":[{\"@type\":\"SearchAction\",\"target\":{\"@type\":\"EntryPoint\",\"urlTemplate\":\"https:\/\/www.ghiblievo.com\/it\/?s={search_term_string}\"},\"query-input\":{\"@type\":\"PropertyValueSpecification\",\"valueRequired\":true,\"valueName\":\"search_term_string\"}}],\"inLanguage\":\"it-IT\"},{\"@type\":\"Organization\",\"@id\":\"https:\/\/www.ghiblievo.com\/it\/#organization\",\"name\":\"Ghibli Evo\",\"url\":\"https:\/\/www.ghiblievo.com\/it\/\",\"logo\":{\"@type\":\"ImageObject\",\"inLanguage\":\"it-IT\",\"@id\":\"https:\/\/www.ghiblievo.com\/it\/#\/schema\/logo\/image\/\",\"url\":\"https:\/\/www.ghiblievo.com\/wp-content\/uploads\/2019\/09\/Emblema_HUB-footer.png\",\"contentUrl\":\"https:\/\/www.ghiblievo.com\/wp-content\/uploads\/2019\/09\/Emblema_HUB-footer.png\",\"width\":300,\"height\":291,\"caption\":\"Ghibli Evo\"},\"image\":{\"@id\":\"https:\/\/www.ghiblievo.com\/it\/#\/schema\/logo\/image\/\"},\"sameAs\":[\"https:\/\/www.facebook.com\/ghiblievo\",\"https:\/\/www.instagram.com\/ghiblievo\/\"],\"description\":\"Ghiblievo is specialized in hotel supplies, bathroom accessories for hotel and hair dryer\",\"email\":\"info@ghiblievo.com\",\"telephone\":\"+39 338 4733486\",\"foundingDate\":\"2009-01-01\",\"vatID\":\"IT 03607430166\"}]}<\/script>\n<meta property=\"product:price:amount\" content=\"59.00\" \/>\n<meta property=\"product:price:currency\" content=\"EUR\" \/>\n<meta property=\"og:availability\" content=\"instock\" \/>\n<meta property=\"product:availability\" content=\"instock\" \/>\n<meta property=\"product:condition\" content=\"new\" \/>\n<!-- \/ Yoast SEO Premium plugin. -->","yoast_head_json":{"title":"Specchio Cosmetico con piedistallo per hotel","description":"Specchio Cosmetico con piedistallo \u00e8 un accessorio indispensabile per ogni bagno d'albergo, un tocco di lusso e comodit\u00e0 all'esperienza dei vostri ospiti","robots":{"index":"index","follow":"follow","max-snippet":"max-snippet:-1","max-image-preview":"max-image-preview:large","max-video-preview":"max-video-preview:-1"},"canonical":"https:\/\/www.ghiblievo.com\/it\/prodotto\/smile-specchio-cosmetico-con-piedistallo\/","og_locale":"it_IT","og_type":"article","og_title":"Smile Specchio Cosmetico con piedistallo","og_description":"Smile Specchio Cosmetico con piedistallo SPECCHIO IN ACCIAIO INOX AUTOPORTANTE   Specchio laterale singolo con ingrandimento x5  Elemento indispensabile per il bagno di ogni hotel  Realizzato in acciaio inox 304 di alta qualit\u00e0  A prova di impronte digitali  Design elegante e moderno  L'angolo pu\u00f2 essere modificato manualmente con la grande maniglia integrata  Base appesantita per una maggiore stabilit\u00e0  Incluso adesivo biadesivo 3M per fissare lo specchio a una superficie e piccolo panno per la pulizia  Garanzia di 2 anni  Colori Specchio cosmetico   Nero Opaco  Acciaio Spazzolato","og_url":"https:\/\/www.ghiblievo.com\/it\/prodotto\/smile-specchio-cosmetico-con-piedistallo\/","og_site_name":"Ghibli Evo","article_publisher":"https:\/\/www.facebook.com\/ghiblievo","article_modified_time":"2024-11-19T09:08:05+00:00","og_image":[{"width":1000,"height":1000,"url":"https:\/\/www.ghiblievo.com\/wp-content\/uploads\/2024\/11\/Cosmetic-Mirro-free-standing-SMILE-SS.webp","type":"image\/webp"}],"twitter_card":"summary_large_image","twitter_misc":{"Prezzo":"&euro;59.00","Disponibilit\u00e0":"In stock"},"schema":{"@context":"https:\/\/schema.org","@graph":[{"@type":"WebPage","@id":"https:\/\/www.ghiblievo.com\/it\/prodotto\/smile-specchio-cosmetico-con-piedistallo\/","url":"https:\/\/www.ghiblievo.com\/it\/prodotto\/smile-specchio-cosmetico-con-piedistallo\/","name":"Specchio Cosmetico con piedistallo per hotel","isPartOf":{"@id":"https:\/\/www.ghiblievo.com\/it\/#website"},"primaryImageOfPage":{"@id":"https:\/\/www.ghiblievo.com\/it\/prodotto\/smile-specchio-cosmetico-con-piedistallo\/#primaryimage"},"image":{"@id":"https:\/\/www.ghiblievo.com\/it\/prodotto\/smile-specchio-cosmetico-con-piedistallo\/#primaryimage"},"thumbnailUrl":"https:\/\/www.ghiblievo.com\/wp-content\/uploads\/2024\/11\/Cosmetic-Mirro-free-standing-SMILE-SS.webp","datePublished":"2024-11-19T09:08:03+00:00","dateModified":"2024-11-19T09:08:05+00:00","description":"Specchio Cosmetico con piedistallo \u00e8 un accessorio indispensabile per ogni bagno d'albergo, un tocco di lusso e comodit\u00e0 all'esperienza dei vostri ospiti","breadcrumb":{"@id":"https:\/\/www.ghiblievo.com\/it\/prodotto\/smile-specchio-cosmetico-con-piedistallo\/#breadcrumb"},"inLanguage":"it-IT","potentialAction":[{"@type":"ReadAction","target":["https:\/\/www.ghiblievo.com\/it\/prodotto\/smile-specchio-cosmetico-con-piedistallo\/"]}]},{"@type":"ImageObject","inLanguage":"it-IT","@id":"https:\/\/www.ghiblievo.com\/it\/prodotto\/smile-specchio-cosmetico-con-piedistallo\/#primaryimage","url":"https:\/\/www.ghiblievo.com\/wp-content\/uploads\/2024\/11\/Cosmetic-Mirro-free-standing-SMILE-SS.webp","contentUrl":"https:\/\/www.ghiblievo.com\/wp-content\/uploads\/2024\/11\/Cosmetic-Mirro-free-standing-SMILE-SS.webp","width":1000,"height":1000,"caption":"Specchio Cosmetico con piedistallo per hotel SMILE acciao spazzolato"},{"@type":"BreadcrumbList","@id":"https:\/\/www.ghiblievo.com\/it\/prodotto\/smile-specchio-cosmetico-con-piedistallo\/#breadcrumb","itemListElement":[{"@type":"ListItem","position":1,"name":"Home","item":"https:\/\/www.ghiblievo.com\/it\/"},{"@type":"ListItem","position":2,"name":"Shop","item":"https:\/\/www.ghiblievo.com\/it\/shop-it\/"},{"@type":"ListItem","position":3,"name":"Specchi","item":"https:\/\/www.ghiblievo.com\/it\/categoria-prodotto\/specchi-per-hotel\/"},{"@type":"ListItem","position":4,"name":"Specchi Cosmetici non illuminati","item":"https:\/\/www.ghiblievo.com\/it\/categoria-prodotto\/specchi-per-hotel\/specchi-cosmetici-non-illuminati\/"},{"@type":"ListItem","position":5,"name":"Smile Specchio Cosmetico con piedistallo"}]},{"@type":"WebSite","@id":"https:\/\/www.ghiblievo.com\/it\/#website","url":"https:\/\/www.ghiblievo.com\/it\/","name":"Ghibli Evo","description":"Hair Dryers for Hotel - Wall Mounted Hair Dryer","publisher":{"@id":"https:\/\/www.ghiblievo.com\/it\/#organization"},"potentialAction":[{"@type":"SearchAction","target":{"@type":"EntryPoint","urlTemplate":"https:\/\/www.ghiblievo.com\/it\/?s={search_term_string}"},"query-input":{"@type":"PropertyValueSpecification","valueRequired":true,"valueName":"search_term_string"}}],"inLanguage":"it-IT"},{"@type":"Organization","@id":"https:\/\/www.ghiblievo.com\/it\/#organization","name":"Ghibli Evo","url":"https:\/\/www.ghiblievo.com\/it\/","logo":{"@type":"ImageObject","inLanguage":"it-IT","@id":"https:\/\/www.ghiblievo.com\/it\/#\/schema\/logo\/image\/","url":"https:\/\/www.ghiblievo.com\/wp-content\/uploads\/2019\/09\/Emblema_HUB-footer.png","contentUrl":"https:\/\/www.ghiblievo.com\/wp-content\/uploads\/2019\/09\/Emblema_HUB-footer.png","width":300,"height":291,"caption":"Ghibli Evo"},"image":{"@id":"https:\/\/www.ghiblievo.com\/it\/#\/schema\/logo\/image\/"},"sameAs":["https:\/\/www.facebook.com\/ghiblievo","https:\/\/www.instagram.com\/ghiblievo\/"],"description":"Ghiblievo is specialized in hotel supplies, bathroom accessories for hotel and hair dryer","email":"info@ghiblievo.com","telephone":"+39 338 4733486","foundingDate":"2009-01-01","vatID":"IT 03607430166"}]},"product_price_amount":"59.00","product_price_currency":"EUR","og_availability":"instock","product_availability":"instock","product_condition":"new"},"_links":{"self":[{"href":"https:\/\/www.ghiblievo.com\/it\/wp-json\/wp\/v2\/product\/40324","targetHints":{"allow":["GET"]}}],"collection":[{"href":"https:\/\/www.ghiblievo.com\/it\/wp-json\/wp\/v2\/product"}],"about":[{"href":"https:\/\/www.ghiblievo.com\/it\/wp-json\/wp\/v2\/types\/product"}],"replies":[{"embeddable":true,"href":"https:\/\/www.ghiblievo.com\/it\/wp-json\/wp\/v2\/comments?post=40324"}],"version-history":[{"count":0,"href":"https:\/\/www.ghiblievo.com\/it\/wp-json\/wp\/v2\/product\/40324\/revisions"}],"wp:featuredmedia":[{"embeddable":true,"href":"https:\/\/www.ghiblievo.com\/it\/wp-json\/wp\/v2\/media\/40297"}],"wp:attachment":[{"href":"https:\/\/www.ghiblievo.com\/it\/wp-json\/wp\/v2\/media?parent=40324"}],"wp:term":[{"taxonomy":"product_cat","embeddable":true,"href":"https:\/\/www.ghiblievo.com\/it\/wp-json\/wp\/v2\/product_cat?post=40324"},{"taxonomy":"product_tag","embeddable":true,"href":"https:\/\/www.ghiblievo.com\/it\/wp-json\/wp\/v2\/product_tag?post=40324"}],"curies":[{"name":"wp","href":"https:\/\/api.w.org\/{rel}","templated":true}]}}