{"id":37491,"date":"2024-07-01T16:06:43","date_gmt":"2024-07-01T15:14:36","guid":{"rendered":"https:\/\/www.ghiblievo.com\/?post_type=product&#038;p=37491"},"modified":"2024-07-01T16:14:37","modified_gmt":"2024-07-01T15:14:37","slug":"porta-capsule-per-caffe-per-hotel","status":"publish","type":"product","link":"https:\/\/www.ghiblievo.com\/it\/prodotto\/porta-capsule-per-caffe-per-hotel\/","title":{"rendered":"Porta capsule per caff\u00e9 per hotel"},"content":{"rendered":"<div class=\"elementor-column elementor-col-50 elementor-inner-column elementor-element elementor-element-c18ab52\" data-id=\"c18ab52\" data-element_type=\"column\">\n<div class=\"elementor-widget-wrap elementor-element-populated\">\n<div class=\"elementor-element elementor-element-b6c088c elementor-widget elementor-widget-text-editor\" data-id=\"b6c088c\" data-element_type=\"widget\" data-widget_type=\"text-editor.default\">\n<div class=\"elementor-widget-container\">\n<div class=\"elementor-column elementor-col-50 elementor-inner-column elementor-element elementor-element-4081b8b\" data-id=\"4081b8b\" data-element_type=\"column\">\n<div class=\"elementor-widget-wrap elementor-element-populated\">\n<div class=\"elementor-element elementor-element-f7dea87 elementor-widget elementor-widget-heading\" data-id=\"f7dea87\" data-element_type=\"widget\" data-widget_type=\"heading.default\">\n<div class=\"elementor-widget-container\">\n<div class=\"elementor-column elementor-col-50 elementor-inner-column elementor-element elementor-element-c18ab52\" data-id=\"c18ab52\" data-element_type=\"column\">\n<div class=\"elementor-widget-wrap elementor-element-populated\">\n<div class=\"elementor-element elementor-element-bdfc85c elementor-widget elementor-widget-heading\" data-id=\"bdfc85c\" data-element_type=\"widget\" data-widget_type=\"heading.default\">\n<div class=\"elementor-widget-container\">\n<h4 class=\"elementor-heading-title elementor-size-default\">MDF di alta qualit\u00e0<\/h4>\n<\/div>\n<\/div>\n<div class=\"elementor-element elementor-element-b6c088c elementor-widget elementor-widget-text-editor\" data-id=\"b6c088c\" data-element_type=\"widget\" data-widget_type=\"text-editor.default\">\n<div class=\"elementor-widget-container\">\n<p>La scatola porta capsule per caff\u00e9 STORE \u00e8 realizzata in MDF di alta qualit\u00e0 ed \u00e8 trattata con diversi mani di colorazione, per evitare l\u2019assorbimento di sporco e umidit\u00e0.<\/p>\n<\/div>\n<\/div>\n<\/div>\n<\/div>\n<div class=\"elementor-column elementor-col-50 elementor-inner-column elementor-element elementor-element-4081b8b\" data-id=\"4081b8b\" data-element_type=\"column\">\n<div class=\"elementor-widget-wrap elementor-element-populated\">\n<div class=\"elementor-element elementor-element-f7dea87 elementor-widget elementor-widget-heading\" data-id=\"f7dea87\" data-element_type=\"widget\" data-widget_type=\"heading.default\">\n<div class=\"elementor-widget-container\">\n<h4 class=\"elementor-heading-title elementor-size-default\">Inserto rimovibile utilizzabile<\/h4>\n<\/div>\n<\/div>\n<div class=\"elementor-element elementor-element-2076fde elementor-widget elementor-widget-text-editor\" data-id=\"2076fde\" data-element_type=\"widget\" data-widget_type=\"text-editor.default\">\n<div class=\"elementor-widget-container\">\n<p>La scatola \u00e8 dotata di un inserto rimovibile utilizzabile su due lati per 4 o 6 capsule Nespresso\u00ae classiche. \u00c8 anche possibile utilizzare la scatola senza questo inserto (dimensioni senza inserto 147 x 97 x 30 mm).<\/p>\n<\/div>\n<\/div>\n<\/div>\n<\/div>\n<div class=\"elementor-column elementor-col-50 elementor-inner-column elementor-element elementor-element-eebda07\" data-id=\"eebda07\" data-element_type=\"column\">\n<div class=\"elementor-widget-wrap elementor-element-populated\">\n<div class=\"elementor-element elementor-element-94e4a05 elementor-widget elementor-widget-text-editor\" data-id=\"94e4a05\" data-element_type=\"widget\" data-widget_type=\"text-editor.default\">\n<div class=\"elementor-widget-container\">\n<div class=\"elementor-column elementor-col-50 elementor-inner-column elementor-element elementor-element-7915384\" data-id=\"7915384\" data-element_type=\"column\">\n<div class=\"elementor-widget-wrap elementor-element-populated\">\n<div class=\"elementor-element elementor-element-d276921 elementor-widget elementor-widget-heading\" data-id=\"d276921\" data-element_type=\"widget\" data-widget_type=\"heading.default\">\n<div class=\"elementor-widget-container\">\n<div class=\"elementor-column elementor-col-50 elementor-inner-column elementor-element elementor-element-eebda07\" data-id=\"eebda07\" data-element_type=\"column\">\n<div class=\"elementor-widget-wrap elementor-element-populated\">\n<div class=\"elementor-element elementor-element-0980199 elementor-widget elementor-widget-heading\" data-id=\"0980199\" data-element_type=\"widget\" data-widget_type=\"heading.default\">\n<div class=\"elementor-widget-container\">\n<h4 class=\"elementor-heading-title elementor-size-default\">Molti scomparti<\/h4>\n<\/div>\n<\/div>\n<div class=\"elementor-element elementor-element-94e4a05 elementor-widget elementor-widget-text-editor\" data-id=\"94e4a05\" data-element_type=\"widget\" data-widget_type=\"text-editor.default\">\n<div class=\"elementor-widget-container\">\n<p>La porta capsule per caff\u00e9 STORE \u00e8 progettato con diversi scomparti per conservare capsule di caff\u00e8, cucchiaini e bustine di zucchero\/latte. Gli scomparti hanno bordi arrotondati per una facile pulizia!<\/p>\n<\/div>\n<\/div>\n<\/div>\n<\/div>\n<div class=\"elementor-column elementor-col-50 elementor-inner-column elementor-element elementor-element-7915384\" data-id=\"7915384\" data-element_type=\"column\">\n<div class=\"elementor-widget-wrap elementor-element-populated\">\n<div class=\"elementor-element elementor-element-d276921 elementor-widget elementor-widget-heading\" data-id=\"d276921\" data-element_type=\"widget\" data-widget_type=\"heading.default\">\n<div class=\"elementor-widget-container\">\n<h4 class=\"elementor-heading-title elementor-size-default\">Ultracompatto<\/h4>\n<\/div>\n<\/div>\n<div class=\"elementor-element elementor-element-fd7ca7e elementor-widget elementor-widget-text-editor\" data-id=\"fd7ca7e\" data-element_type=\"widget\" data-widget_type=\"text-editor.default\">\n<div class=\"elementor-widget-container\">\n<p>Se desideri offrire caff\u00e8 ai tuoi ospiti, ma hai spazio limitato nelle tue camere d\u2019albergo, il porta capsule per caff\u00e9 STORE \u00e8 la soluzione ideale per te.<\/p>\n<\/div>\n<\/div>\n<\/div>\n<\/div>\n<\/div>\n<\/div>\n<\/div>\n<\/div>\n<\/div>\n<\/div>\n<\/div>\n<\/div>\n<\/div>\n<\/div>\n<\/div>\n<\/div>\n<\/div>\n<\/div>\n<\/div>\n<\/div>\n","protected":false},"excerpt":{"rendered":"<div class=\"elementor-element elementor-element-95f069f elementor-widget elementor-widget-text-editor\" data-id=\"95f069f\" data-element_type=\"widget\" data-widget_type=\"text-editor.default\">\n<div class=\"elementor-widget-container\">\n<div class=\"elementor-element elementor-element-2c9629b elementor-widget elementor-widget-heading\" data-id=\"2c9629b\" data-element_type=\"widget\" data-widget_type=\"heading.default\">\n<div class=\"elementor-widget-container\">\n<div class=\"elementor-element elementor-element-5785b5d elementor-widget elementor-widget-heading\" data-id=\"5785b5d\" data-element_type=\"widget\" data-widget_type=\"heading.default\">\n<div class=\"elementor-widget-container\">\n<h5 class=\"elementor-heading-title elementor-size-default\">B-TRAY STORE | MDF<\/h5>\n<\/div>\n<\/div>\n<div class=\"elementor-element elementor-element-95f069f elementor-widget elementor-widget-text-editor\" data-id=\"95f069f\" data-element_type=\"widget\" data-widget_type=\"text-editor.default\">\n<div class=\"elementor-widget-container\">\n<ul>\n<li>Scatola per conservare capsule di caff\u00e8, cucchiaini e bustine di zucchero\/latte<\/li>\n<li>Inserto rimovibile utilizzabile su due lati per 4 o 6 capsule Nespresso\u00ae classiche<\/li>\n<li>Design elegante ed esclusivo, modello quadrato<\/li>\n<li>Dimensioni compatte, solo 165 x 165 x 60mm<\/li>\n<li>Realizzato in MDF con laccatura di alta qualit\u00e0 e finitura nera opaca<\/li>\n<li>Design anti-polvere con coperchio, facile manutenzione<\/li>\n<li>4 piedini di protezione per i mobili<\/li>\n<li>Garanzia di 2 anni<\/li>\n<\/ul>\n<\/div>\n<\/div>\n<h2 class=\"elementor-heading-title elementor-size-default\">Dimensioni Porta capsule per caff\u00e9 per hotel<\/h2>\n<\/div>\n<\/div>\n<div class=\"elementor-element elementor-element-999dec7 elementor-widget elementor-widget-text-editor\" data-id=\"999dec7\" data-element_type=\"widget\" data-widget_type=\"text-editor.default\">\n<div class=\"elementor-widget-container\">\n<div class=\"elementor-element elementor-element-999dec7 elementor-widget elementor-widget-text-editor\" data-id=\"999dec7\" data-element_type=\"widget\" data-widget_type=\"text-editor.default\">\n<div class=\"elementor-widget-container\">\n<p>Scatola chiusa:<br \/>\n165 x 165 x 60mm<\/p>\n<p>Inserto per capsule di caff\u00e9:<br \/>\n145 x 95 x 29mm<\/p>\n<p>Diametro portacapsula: \u00d838mm<\/p>\n<p>Scomparto 1 per cucchiaini o bustine di zucchero\/latte:<br \/>\n147 x 44 x 30mm<\/p>\n<p>Scomparto 2 per l\u2019inserto (o altri condimenti):<br \/>\n147 x 97 x 30mm<\/p>\n<\/div>\n<\/div>\n<\/div>\n<\/div>\n<\/div>\n<\/div>\n","protected":false},"featured_media":37448,"comment_status":"open","ping_status":"closed","template":"","meta":{"_acf_changed":false,"ngg_post_thumbnail":0,"footnotes":""},"product_cat":[992],"product_tag":[994],"class_list":{"0":"post-37491","1":"product","2":"type-product","3":"status-publish","4":"has-post-thumbnail","6":"product_cat-vassoi-di-cortesia","7":"product_tag-b-tray-it","9":"first","10":"instock","11":"shipping-taxable","12":"purchasable","13":"product-type-simple"},"acf":[],"yoast_head":"<!-- This site is optimized with the Yoast SEO Premium plugin v26.7 (Yoast SEO v26.7) - https:\/\/yoast.com\/wordpress\/plugins\/seo\/ -->\n<title>Porta capsule per caff\u00e9 per hotel - Ghibli Evo<\/title>\n<meta name=\"description\" content=\"Porta capsule per caff\u00e9 per hotel: Scatola per conservare capsule di caff\u00e8, cucchiaini e bustine di zucchero\/latte, per 4 o 6 capsule Nespresso\u00ae classiche\" \/>\n<meta name=\"robots\" content=\"index, follow, max-snippet:-1, max-image-preview:large, max-video-preview:-1\" \/>\n<link rel=\"canonical\" href=\"https:\/\/www.ghiblievo.com\/it\/prodotto\/porta-capsule-per-caffe-per-hotel\/\" \/>\n<meta property=\"og:locale\" content=\"it_IT\" \/>\n<meta property=\"og:type\" content=\"article\" \/>\n<meta property=\"og:title\" content=\"Porta capsule per caff\u00e9 per hotel\" \/>\n<meta property=\"og:description\" content=\"B-TRAY STORE | MDF       Scatola per conservare capsule di caff\u00e8, cucchiaini e bustine di zucchero\/latte  Inserto rimovibile utilizzabile su due lati per 4 o 6 capsule Nespresso\u00ae classiche  Design elegante ed esclusivo, modello quadrato  Dimensioni compatte, solo 165 x 165 x 60mm  Realizzato in MDF con laccatura di alta qualit\u00e0 e finitura nera opaca  Design anti-polvere con coperchio, facile manutenzione  4 piedini di protezione per i mobili  Garanzia di 2 anni    Dimensioni Porta capsule per caff\u00e9 per hotel        Scatola chiusa: 165 x 165 x 60mm  Inserto per capsule di caff\u00e9: 145 x 95 x 29mm  Diametro portacapsula: \u00d838mm  Scomparto 1 per cucchiaini o bustine di zucchero\/latte: 147 x 44 x 30mm  Scomparto 2 per l\u2019inserto (o altri condimenti): 147 x 97 x 30mm\" \/>\n<meta property=\"og:url\" content=\"https:\/\/www.ghiblievo.com\/it\/prodotto\/porta-capsule-per-caffe-per-hotel\/\" \/>\n<meta property=\"og:site_name\" content=\"Ghibli Evo\" \/>\n<meta property=\"article:publisher\" content=\"https:\/\/www.facebook.com\/ghiblievo\" \/>\n<meta property=\"article:modified_time\" content=\"2024-07-01T15:14:37+00:00\" \/>\n<meta property=\"og:image\" content=\"https:\/\/www.ghiblievo.com\/wp-content\/uploads\/2024\/07\/Coffee-hotel-Capsule-Box-STORE-B-TRAY2.jpg\" \/>\n\t<meta property=\"og:image:width\" content=\"1200\" \/>\n\t<meta property=\"og:image:height\" content=\"800\" \/>\n\t<meta property=\"og:image:type\" content=\"image\/jpeg\" \/>\n<meta name=\"twitter:card\" content=\"summary_large_image\" \/>\n<meta name=\"twitter:label1\" content=\"Prezzo\" \/>\n\t<meta name=\"twitter:data1\" content=\"&euro;30.00\" \/>\n\t<meta name=\"twitter:label2\" content=\"Disponibilit\u00e0\" \/>\n\t<meta name=\"twitter:data2\" content=\"In stock\" \/>\n<script type=\"application\/ld+json\" class=\"yoast-schema-graph\">{\"@context\":\"https:\/\/schema.org\",\"@graph\":[{\"@type\":\"WebPage\",\"@id\":\"https:\/\/www.ghiblievo.com\/it\/prodotto\/porta-capsule-per-caffe-per-hotel\/\",\"url\":\"https:\/\/www.ghiblievo.com\/it\/prodotto\/porta-capsule-per-caffe-per-hotel\/\",\"name\":\"Porta capsule per caff\u00e9 per hotel - Ghibli Evo\",\"isPartOf\":{\"@id\":\"https:\/\/www.ghiblievo.com\/it\/#website\"},\"primaryImageOfPage\":{\"@id\":\"https:\/\/www.ghiblievo.com\/it\/prodotto\/porta-capsule-per-caffe-per-hotel\/#primaryimage\"},\"image\":{\"@id\":\"https:\/\/www.ghiblievo.com\/it\/prodotto\/porta-capsule-per-caffe-per-hotel\/#primaryimage\"},\"thumbnailUrl\":\"https:\/\/www.ghiblievo.com\/wp-content\/uploads\/2024\/07\/Coffee-hotel-Capsule-Box-STORE-B-TRAY2.jpg\",\"datePublished\":\"2024-07-01T15:14:36+00:00\",\"dateModified\":\"2024-07-01T15:14:37+00:00\",\"description\":\"Porta capsule per caff\u00e9 per hotel: Scatola per conservare capsule di caff\u00e8, cucchiaini e bustine di zucchero\/latte, per 4 o 6 capsule Nespresso\u00ae classiche\",\"breadcrumb\":{\"@id\":\"https:\/\/www.ghiblievo.com\/it\/prodotto\/porta-capsule-per-caffe-per-hotel\/#breadcrumb\"},\"inLanguage\":\"it-IT\",\"potentialAction\":[{\"@type\":\"ReadAction\",\"target\":[\"https:\/\/www.ghiblievo.com\/it\/prodotto\/porta-capsule-per-caffe-per-hotel\/\"]}]},{\"@type\":\"ImageObject\",\"inLanguage\":\"it-IT\",\"@id\":\"https:\/\/www.ghiblievo.com\/it\/prodotto\/porta-capsule-per-caffe-per-hotel\/#primaryimage\",\"url\":\"https:\/\/www.ghiblievo.com\/wp-content\/uploads\/2024\/07\/Coffee-hotel-Capsule-Box-STORE-B-TRAY2.jpg\",\"contentUrl\":\"https:\/\/www.ghiblievo.com\/wp-content\/uploads\/2024\/07\/Coffee-hotel-Capsule-Box-STORE-B-TRAY2.jpg\",\"width\":1200,\"height\":800,\"caption\":\"Ontwerp zonder titel - 2\"},{\"@type\":\"BreadcrumbList\",\"@id\":\"https:\/\/www.ghiblievo.com\/it\/prodotto\/porta-capsule-per-caffe-per-hotel\/#breadcrumb\",\"itemListElement\":[{\"@type\":\"ListItem\",\"position\":1,\"name\":\"Home\",\"item\":\"https:\/\/www.ghiblievo.com\/it\/\"},{\"@type\":\"ListItem\",\"position\":2,\"name\":\"Shop\",\"item\":\"https:\/\/www.ghiblievo.com\/it\/shop-it\/\"},{\"@type\":\"ListItem\",\"position\":3,\"name\":\"Vassoi di Cortesia\",\"item\":\"https:\/\/www.ghiblievo.com\/it\/categoria-prodotto\/vassoi-di-cortesia\/\"},{\"@type\":\"ListItem\",\"position\":4,\"name\":\"Porta capsule per caff\u00e9 per hotel\"}]},{\"@type\":\"WebSite\",\"@id\":\"https:\/\/www.ghiblievo.com\/it\/#website\",\"url\":\"https:\/\/www.ghiblievo.com\/it\/\",\"name\":\"Ghibli Evo\",\"description\":\"Hair Dryers for Hotel - Wall Mounted Hair Dryer\",\"publisher\":{\"@id\":\"https:\/\/www.ghiblievo.com\/it\/#organization\"},\"potentialAction\":[{\"@type\":\"SearchAction\",\"target\":{\"@type\":\"EntryPoint\",\"urlTemplate\":\"https:\/\/www.ghiblievo.com\/it\/?s={search_term_string}\"},\"query-input\":{\"@type\":\"PropertyValueSpecification\",\"valueRequired\":true,\"valueName\":\"search_term_string\"}}],\"inLanguage\":\"it-IT\"},{\"@type\":\"Organization\",\"@id\":\"https:\/\/www.ghiblievo.com\/it\/#organization\",\"name\":\"Ghibli Evo\",\"url\":\"https:\/\/www.ghiblievo.com\/it\/\",\"logo\":{\"@type\":\"ImageObject\",\"inLanguage\":\"it-IT\",\"@id\":\"https:\/\/www.ghiblievo.com\/it\/#\/schema\/logo\/image\/\",\"url\":\"https:\/\/www.ghiblievo.com\/wp-content\/uploads\/2019\/09\/Emblema_HUB-footer.png\",\"contentUrl\":\"https:\/\/www.ghiblievo.com\/wp-content\/uploads\/2019\/09\/Emblema_HUB-footer.png\",\"width\":300,\"height\":291,\"caption\":\"Ghibli Evo\"},\"image\":{\"@id\":\"https:\/\/www.ghiblievo.com\/it\/#\/schema\/logo\/image\/\"},\"sameAs\":[\"https:\/\/www.facebook.com\/ghiblievo\",\"https:\/\/www.instagram.com\/ghiblievo\/\"],\"description\":\"Ghiblievo is specialized in hotel supplies, bathroom accessories for hotel and hair dryer\",\"email\":\"info@ghiblievo.com\",\"telephone\":\"+39 338 4733486\",\"foundingDate\":\"2009-01-01\",\"vatID\":\"IT 03607430166\"}]}<\/script>\n<meta property=\"product:price:amount\" content=\"30.00\" \/>\n<meta property=\"product:price:currency\" content=\"EUR\" \/>\n<meta property=\"og:availability\" content=\"instock\" \/>\n<meta property=\"product:availability\" content=\"instock\" \/>\n<meta property=\"product:condition\" content=\"new\" \/>\n<!-- \/ Yoast SEO Premium plugin. -->","yoast_head_json":{"title":"Porta capsule per caff\u00e9 per hotel - Ghibli Evo","description":"Porta capsule per caff\u00e9 per hotel: Scatola per conservare capsule di caff\u00e8, cucchiaini e bustine di zucchero\/latte, per 4 o 6 capsule Nespresso\u00ae classiche","robots":{"index":"index","follow":"follow","max-snippet":"max-snippet:-1","max-image-preview":"max-image-preview:large","max-video-preview":"max-video-preview:-1"},"canonical":"https:\/\/www.ghiblievo.com\/it\/prodotto\/porta-capsule-per-caffe-per-hotel\/","og_locale":"it_IT","og_type":"article","og_title":"Porta capsule per caff\u00e9 per hotel","og_description":"B-TRAY STORE | MDF       Scatola per conservare capsule di caff\u00e8, cucchiaini e bustine di zucchero\/latte  Inserto rimovibile utilizzabile su due lati per 4 o 6 capsule Nespresso\u00ae classiche  Design elegante ed esclusivo, modello quadrato  Dimensioni compatte, solo 165 x 165 x 60mm  Realizzato in MDF con laccatura di alta qualit\u00e0 e finitura nera opaca  Design anti-polvere con coperchio, facile manutenzione  4 piedini di protezione per i mobili  Garanzia di 2 anni    Dimensioni Porta capsule per caff\u00e9 per hotel        Scatola chiusa: 165 x 165 x 60mm  Inserto per capsule di caff\u00e9: 145 x 95 x 29mm  Diametro portacapsula: \u00d838mm  Scomparto 1 per cucchiaini o bustine di zucchero\/latte: 147 x 44 x 30mm  Scomparto 2 per l\u2019inserto (o altri condimenti): 147 x 97 x 30mm","og_url":"https:\/\/www.ghiblievo.com\/it\/prodotto\/porta-capsule-per-caffe-per-hotel\/","og_site_name":"Ghibli Evo","article_publisher":"https:\/\/www.facebook.com\/ghiblievo","article_modified_time":"2024-07-01T15:14:37+00:00","og_image":[{"width":1200,"height":800,"url":"https:\/\/www.ghiblievo.com\/wp-content\/uploads\/2024\/07\/Coffee-hotel-Capsule-Box-STORE-B-TRAY2.jpg","type":"image\/jpeg"}],"twitter_card":"summary_large_image","twitter_misc":{"Prezzo":"&euro;30.00","Disponibilit\u00e0":"In stock"},"schema":{"@context":"https:\/\/schema.org","@graph":[{"@type":"WebPage","@id":"https:\/\/www.ghiblievo.com\/it\/prodotto\/porta-capsule-per-caffe-per-hotel\/","url":"https:\/\/www.ghiblievo.com\/it\/prodotto\/porta-capsule-per-caffe-per-hotel\/","name":"Porta capsule per caff\u00e9 per hotel - Ghibli Evo","isPartOf":{"@id":"https:\/\/www.ghiblievo.com\/it\/#website"},"primaryImageOfPage":{"@id":"https:\/\/www.ghiblievo.com\/it\/prodotto\/porta-capsule-per-caffe-per-hotel\/#primaryimage"},"image":{"@id":"https:\/\/www.ghiblievo.com\/it\/prodotto\/porta-capsule-per-caffe-per-hotel\/#primaryimage"},"thumbnailUrl":"https:\/\/www.ghiblievo.com\/wp-content\/uploads\/2024\/07\/Coffee-hotel-Capsule-Box-STORE-B-TRAY2.jpg","datePublished":"2024-07-01T15:14:36+00:00","dateModified":"2024-07-01T15:14:37+00:00","description":"Porta capsule per caff\u00e9 per hotel: Scatola per conservare capsule di caff\u00e8, cucchiaini e bustine di zucchero\/latte, per 4 o 6 capsule Nespresso\u00ae classiche","breadcrumb":{"@id":"https:\/\/www.ghiblievo.com\/it\/prodotto\/porta-capsule-per-caffe-per-hotel\/#breadcrumb"},"inLanguage":"it-IT","potentialAction":[{"@type":"ReadAction","target":["https:\/\/www.ghiblievo.com\/it\/prodotto\/porta-capsule-per-caffe-per-hotel\/"]}]},{"@type":"ImageObject","inLanguage":"it-IT","@id":"https:\/\/www.ghiblievo.com\/it\/prodotto\/porta-capsule-per-caffe-per-hotel\/#primaryimage","url":"https:\/\/www.ghiblievo.com\/wp-content\/uploads\/2024\/07\/Coffee-hotel-Capsule-Box-STORE-B-TRAY2.jpg","contentUrl":"https:\/\/www.ghiblievo.com\/wp-content\/uploads\/2024\/07\/Coffee-hotel-Capsule-Box-STORE-B-TRAY2.jpg","width":1200,"height":800,"caption":"Ontwerp zonder titel - 2"},{"@type":"BreadcrumbList","@id":"https:\/\/www.ghiblievo.com\/it\/prodotto\/porta-capsule-per-caffe-per-hotel\/#breadcrumb","itemListElement":[{"@type":"ListItem","position":1,"name":"Home","item":"https:\/\/www.ghiblievo.com\/it\/"},{"@type":"ListItem","position":2,"name":"Shop","item":"https:\/\/www.ghiblievo.com\/it\/shop-it\/"},{"@type":"ListItem","position":3,"name":"Vassoi di Cortesia","item":"https:\/\/www.ghiblievo.com\/it\/categoria-prodotto\/vassoi-di-cortesia\/"},{"@type":"ListItem","position":4,"name":"Porta capsule per caff\u00e9 per hotel"}]},{"@type":"WebSite","@id":"https:\/\/www.ghiblievo.com\/it\/#website","url":"https:\/\/www.ghiblievo.com\/it\/","name":"Ghibli Evo","description":"Hair Dryers for Hotel - Wall Mounted Hair Dryer","publisher":{"@id":"https:\/\/www.ghiblievo.com\/it\/#organization"},"potentialAction":[{"@type":"SearchAction","target":{"@type":"EntryPoint","urlTemplate":"https:\/\/www.ghiblievo.com\/it\/?s={search_term_string}"},"query-input":{"@type":"PropertyValueSpecification","valueRequired":true,"valueName":"search_term_string"}}],"inLanguage":"it-IT"},{"@type":"Organization","@id":"https:\/\/www.ghiblievo.com\/it\/#organization","name":"Ghibli Evo","url":"https:\/\/www.ghiblievo.com\/it\/","logo":{"@type":"ImageObject","inLanguage":"it-IT","@id":"https:\/\/www.ghiblievo.com\/it\/#\/schema\/logo\/image\/","url":"https:\/\/www.ghiblievo.com\/wp-content\/uploads\/2019\/09\/Emblema_HUB-footer.png","contentUrl":"https:\/\/www.ghiblievo.com\/wp-content\/uploads\/2019\/09\/Emblema_HUB-footer.png","width":300,"height":291,"caption":"Ghibli Evo"},"image":{"@id":"https:\/\/www.ghiblievo.com\/it\/#\/schema\/logo\/image\/"},"sameAs":["https:\/\/www.facebook.com\/ghiblievo","https:\/\/www.instagram.com\/ghiblievo\/"],"description":"Ghiblievo is specialized in hotel supplies, bathroom accessories for hotel and hair dryer","email":"info@ghiblievo.com","telephone":"+39 338 4733486","foundingDate":"2009-01-01","vatID":"IT 03607430166"}]},"product_price_amount":"30.00","product_price_currency":"EUR","og_availability":"instock","product_availability":"instock","product_condition":"new"},"_links":{"self":[{"href":"https:\/\/www.ghiblievo.com\/it\/wp-json\/wp\/v2\/product\/37491","targetHints":{"allow":["GET"]}}],"collection":[{"href":"https:\/\/www.ghiblievo.com\/it\/wp-json\/wp\/v2\/product"}],"about":[{"href":"https:\/\/www.ghiblievo.com\/it\/wp-json\/wp\/v2\/types\/product"}],"replies":[{"embeddable":true,"href":"https:\/\/www.ghiblievo.com\/it\/wp-json\/wp\/v2\/comments?post=37491"}],"version-history":[{"count":0,"href":"https:\/\/www.ghiblievo.com\/it\/wp-json\/wp\/v2\/product\/37491\/revisions"}],"wp:featuredmedia":[{"embeddable":true,"href":"https:\/\/www.ghiblievo.com\/it\/wp-json\/wp\/v2\/media\/37448"}],"wp:attachment":[{"href":"https:\/\/www.ghiblievo.com\/it\/wp-json\/wp\/v2\/media?parent=37491"}],"wp:term":[{"taxonomy":"product_cat","embeddable":true,"href":"https:\/\/www.ghiblievo.com\/it\/wp-json\/wp\/v2\/product_cat?post=37491"},{"taxonomy":"product_tag","embeddable":true,"href":"https:\/\/www.ghiblievo.com\/it\/wp-json\/wp\/v2\/product_tag?post=37491"}],"curies":[{"name":"wp","href":"https:\/\/api.w.org\/{rel}","templated":true}]}}