{"id":32497,"date":"2024-03-13T14:39:55","date_gmt":"2024-03-13T13:39:55","guid":{"rendered":"https:\/\/www.ghiblievo.com\/?post_type=product&#038;p=32497"},"modified":"2024-03-15T09:26:34","modified_gmt":"2024-03-15T08:26:34","slug":"bollitore-in-acciaio-inossidabile-spazzolato-saffron","status":"publish","type":"product","link":"https:\/\/www.ghiblievo.com\/it\/prodotto\/bollitore-in-acciaio-inossidabile-spazzolato-saffron\/","title":{"rendered":"Bollitore in Acciaio Inossidabile Spazzolato Saffron View"},"content":{"rendered":"","protected":false},"excerpt":{"rendered":"<h2>Bollitore in Acciaio Inossidabile Spazzolato Saffron View<\/h2>\n<p>elemento riscaldante nascosto, facile da pulire<br \/>\nspegnimento automatico del vapore, protezione contro il funzionamento a secco<br \/>\nspia rossa &#8220;in uso&#8221; nell&#8217;impugnatura<br \/>\nindicatore del livello dell&#8217;acqua\/filtro dell&#8217;acqua nel beccuccio<br \/>\nController Strix ruotabile a 360\u00b0<br \/>\nfinitura in acciaio inossidabile spazzolato di lusso<\/p>\n<p><strong>DIMENSIONI E PESO<\/strong><\/p>\n<p>Dimensioni apertura \u00d89 cm<br \/>\nBase \u00d814,5 cm<br \/>\naltezza 21,5 cm<br \/>\ncapacit\u00e0 acqua 1 litro<br \/>\npeso 1 Kg<\/p>\n<p><strong>INFORMAZIONI ELETTRICHE<\/strong><\/p>\n<p>energia elettrica 1500 W (220-240 V &#8211; 50\/60Hz)<br \/>\nlunghezza del cavo 75cm<\/p>\n<p><strong>Codici prodotto<\/strong><\/p>\n<p>4069 Bollitore Saffron View (spina EU)<br \/>\n4067 Bollitore Saffron View (spina UK)<\/p>\n","protected":false},"featured_media":32503,"comment_status":"open","ping_status":"closed","template":"","meta":{"_acf_changed":false,"ngg_post_thumbnail":0,"footnotes":""},"product_cat":[930],"product_tag":[],"class_list":{"0":"post-32497","1":"product","2":"type-product","3":"status-publish","4":"has-post-thumbnail","6":"product_cat-bollitori","8":"first","9":"instock","10":"shipping-taxable","11":"purchasable","12":"product-type-simple"},"acf":[],"yoast_head":"<!-- This site is optimized with the Yoast SEO Premium plugin v26.7 (Yoast SEO v26.7) - https:\/\/yoast.com\/wordpress\/plugins\/seo\/ -->\n<title>Bollitore in Acciaio Inossidabile Spazzolato Saffron View - Ghibli Evo<\/title>\n<meta name=\"description\" content=\"Bollitore in Acciaio Inossidabile Spazzolato Saffron View elemento riscaldante nascosto, facile da pulire, spegnimento automatico, finitura in acciaio\" \/>\n<meta name=\"robots\" content=\"index, follow, max-snippet:-1, max-image-preview:large, max-video-preview:-1\" \/>\n<link rel=\"canonical\" href=\"https:\/\/www.ghiblievo.com\/it\/prodotto\/bollitore-in-acciaio-inossidabile-spazzolato-saffron\/\" \/>\n<meta property=\"og:locale\" content=\"it_IT\" \/>\n<meta property=\"og:type\" content=\"article\" \/>\n<meta property=\"og:title\" content=\"Bollitore in Acciaio Inossidabile Spazzolato Saffron View\" \/>\n<meta property=\"og:description\" content=\"Bollitore in Acciaio Inossidabile Spazzolato Saffron View elemento riscaldante nascosto, facile da pulire spegnimento automatico del vapore, protezione contro il funzionamento a secco spia rossa &quot;in uso&quot; nell&#039;impugnatura indicatore del livello dell&#039;acqua\/filtro dell&#039;acqua nel beccuccio Controller Strix ruotabile a 360\u00b0 finitura in acciaio inossidabile spazzolato di lusso  DIMENSIONI E PESO  Dimensioni apertura \u00d89 cm Base \u00d814,5 cm altezza 21,5 cm capacit\u00e0 acqua 1 litro peso 1 Kg  INFORMAZIONI ELETTRICHE  energia elettrica 1500 W (220-240 V - 50\/60Hz) lunghezza del cavo 75cm  Codici prodotto  4069 Bollitore Saffron View (spina EU) 4067 Bollitore Saffron View (spina UK)\" \/>\n<meta property=\"og:url\" content=\"https:\/\/www.ghiblievo.com\/it\/prodotto\/bollitore-in-acciaio-inossidabile-spazzolato-saffron\/\" \/>\n<meta property=\"og:site_name\" content=\"Ghibli Evo\" \/>\n<meta property=\"article:publisher\" content=\"https:\/\/www.facebook.com\/ghiblievo\" \/>\n<meta property=\"article:modified_time\" content=\"2024-03-15T08:26:34+00:00\" \/>\n<meta property=\"og:image\" content=\"https:\/\/www.ghiblievo.com\/wp-content\/uploads\/2024\/03\/4069_water_kettle_SAFFRON_EU_1-jpg.webp\" \/>\n\t<meta property=\"og:image:width\" content=\"1000\" \/>\n\t<meta property=\"og:image:height\" content=\"1000\" \/>\n\t<meta property=\"og:image:type\" content=\"image\/jpeg\" \/>\n<meta name=\"twitter:card\" content=\"summary_large_image\" \/>\n<meta name=\"twitter:label1\" content=\"Prezzo\" \/>\n\t<meta name=\"twitter:data1\" content=\"&euro;47.50\" \/>\n\t<meta name=\"twitter:label2\" content=\"Disponibilit\u00e0\" \/>\n\t<meta name=\"twitter:data2\" content=\"In stock\" \/>\n<script type=\"application\/ld+json\" class=\"yoast-schema-graph\">{\"@context\":\"https:\/\/schema.org\",\"@graph\":[{\"@type\":\"WebPage\",\"@id\":\"https:\/\/www.ghiblievo.com\/it\/prodotto\/bollitore-in-acciaio-inossidabile-spazzolato-saffron\/\",\"url\":\"https:\/\/www.ghiblievo.com\/it\/prodotto\/bollitore-in-acciaio-inossidabile-spazzolato-saffron\/\",\"name\":\"Bollitore in Acciaio Inossidabile Spazzolato Saffron View - Ghibli Evo\",\"isPartOf\":{\"@id\":\"https:\/\/www.ghiblievo.com\/it\/#website\"},\"primaryImageOfPage\":{\"@id\":\"https:\/\/www.ghiblievo.com\/it\/prodotto\/bollitore-in-acciaio-inossidabile-spazzolato-saffron\/#primaryimage\"},\"image\":{\"@id\":\"https:\/\/www.ghiblievo.com\/it\/prodotto\/bollitore-in-acciaio-inossidabile-spazzolato-saffron\/#primaryimage\"},\"thumbnailUrl\":\"https:\/\/www.ghiblievo.com\/wp-content\/uploads\/2024\/03\/4069_water_kettle_SAFFRON_EU_1-jpg.webp\",\"datePublished\":\"2024-03-13T13:39:55+00:00\",\"dateModified\":\"2024-03-15T08:26:34+00:00\",\"description\":\"Bollitore in Acciaio Inossidabile Spazzolato Saffron View elemento riscaldante nascosto, facile da pulire, spegnimento automatico, finitura in acciaio\",\"breadcrumb\":{\"@id\":\"https:\/\/www.ghiblievo.com\/it\/prodotto\/bollitore-in-acciaio-inossidabile-spazzolato-saffron\/#breadcrumb\"},\"inLanguage\":\"it-IT\",\"potentialAction\":[{\"@type\":\"ReadAction\",\"target\":[\"https:\/\/www.ghiblievo.com\/it\/prodotto\/bollitore-in-acciaio-inossidabile-spazzolato-saffron\/\"]}]},{\"@type\":\"ImageObject\",\"inLanguage\":\"it-IT\",\"@id\":\"https:\/\/www.ghiblievo.com\/it\/prodotto\/bollitore-in-acciaio-inossidabile-spazzolato-saffron\/#primaryimage\",\"url\":\"https:\/\/www.ghiblievo.com\/wp-content\/uploads\/2024\/03\/4069_water_kettle_SAFFRON_EU_1-jpg.webp\",\"contentUrl\":\"https:\/\/www.ghiblievo.com\/wp-content\/uploads\/2024\/03\/4069_water_kettle_SAFFRON_EU_1-jpg.webp\",\"width\":1000,\"height\":1000,\"caption\":\"Bollitore in Acciaio Inossidabile Spazzolato Saffron\"},{\"@type\":\"BreadcrumbList\",\"@id\":\"https:\/\/www.ghiblievo.com\/it\/prodotto\/bollitore-in-acciaio-inossidabile-spazzolato-saffron\/#breadcrumb\",\"itemListElement\":[{\"@type\":\"ListItem\",\"position\":1,\"name\":\"Home\",\"item\":\"https:\/\/www.ghiblievo.com\/it\/\"},{\"@type\":\"ListItem\",\"position\":2,\"name\":\"Shop\",\"item\":\"https:\/\/www.ghiblievo.com\/it\/shop-it\/\"},{\"@type\":\"ListItem\",\"position\":3,\"name\":\"Bollitori\",\"item\":\"https:\/\/www.ghiblievo.com\/it\/categoria-prodotto\/bollitori\/\"},{\"@type\":\"ListItem\",\"position\":4,\"name\":\"Bollitore in Acciaio Inossidabile Spazzolato Saffron View\"}]},{\"@type\":\"WebSite\",\"@id\":\"https:\/\/www.ghiblievo.com\/it\/#website\",\"url\":\"https:\/\/www.ghiblievo.com\/it\/\",\"name\":\"Ghibli Evo\",\"description\":\"Hair Dryers for Hotel - Wall Mounted Hair Dryer\",\"publisher\":{\"@id\":\"https:\/\/www.ghiblievo.com\/it\/#organization\"},\"potentialAction\":[{\"@type\":\"SearchAction\",\"target\":{\"@type\":\"EntryPoint\",\"urlTemplate\":\"https:\/\/www.ghiblievo.com\/it\/?s={search_term_string}\"},\"query-input\":{\"@type\":\"PropertyValueSpecification\",\"valueRequired\":true,\"valueName\":\"search_term_string\"}}],\"inLanguage\":\"it-IT\"},{\"@type\":\"Organization\",\"@id\":\"https:\/\/www.ghiblievo.com\/it\/#organization\",\"name\":\"Ghibli Evo\",\"url\":\"https:\/\/www.ghiblievo.com\/it\/\",\"logo\":{\"@type\":\"ImageObject\",\"inLanguage\":\"it-IT\",\"@id\":\"https:\/\/www.ghiblievo.com\/it\/#\/schema\/logo\/image\/\",\"url\":\"https:\/\/www.ghiblievo.com\/wp-content\/uploads\/2019\/09\/Emblema_HUB-footer.png\",\"contentUrl\":\"https:\/\/www.ghiblievo.com\/wp-content\/uploads\/2019\/09\/Emblema_HUB-footer.png\",\"width\":300,\"height\":291,\"caption\":\"Ghibli Evo\"},\"image\":{\"@id\":\"https:\/\/www.ghiblievo.com\/it\/#\/schema\/logo\/image\/\"},\"sameAs\":[\"https:\/\/www.facebook.com\/ghiblievo\",\"https:\/\/www.instagram.com\/ghiblievo\/\"],\"description\":\"Ghiblievo is specialized in hotel supplies, bathroom accessories for hotel and hair dryer\",\"email\":\"info@ghiblievo.com\",\"telephone\":\"+39 338 4733486\",\"foundingDate\":\"2009-01-01\",\"vatID\":\"IT 03607430166\"}]}<\/script>\n<meta property=\"product:price:amount\" content=\"47.50\" \/>\n<meta property=\"product:price:currency\" content=\"EUR\" \/>\n<meta property=\"og:availability\" content=\"instock\" \/>\n<meta property=\"product:availability\" content=\"instock\" \/>\n<meta property=\"product:condition\" content=\"new\" \/>\n<!-- \/ Yoast SEO Premium plugin. -->","yoast_head_json":{"title":"Bollitore in Acciaio Inossidabile Spazzolato Saffron View - Ghibli Evo","description":"Bollitore in Acciaio Inossidabile Spazzolato Saffron View elemento riscaldante nascosto, facile da pulire, spegnimento automatico, finitura in acciaio","robots":{"index":"index","follow":"follow","max-snippet":"max-snippet:-1","max-image-preview":"max-image-preview:large","max-video-preview":"max-video-preview:-1"},"canonical":"https:\/\/www.ghiblievo.com\/it\/prodotto\/bollitore-in-acciaio-inossidabile-spazzolato-saffron\/","og_locale":"it_IT","og_type":"article","og_title":"Bollitore in Acciaio Inossidabile Spazzolato Saffron View","og_description":"Bollitore in Acciaio Inossidabile Spazzolato Saffron View elemento riscaldante nascosto, facile da pulire spegnimento automatico del vapore, protezione contro il funzionamento a secco spia rossa \"in uso\" nell'impugnatura indicatore del livello dell'acqua\/filtro dell'acqua nel beccuccio Controller Strix ruotabile a 360\u00b0 finitura in acciaio inossidabile spazzolato di lusso  DIMENSIONI E PESO  Dimensioni apertura \u00d89 cm Base \u00d814,5 cm altezza 21,5 cm capacit\u00e0 acqua 1 litro peso 1 Kg  INFORMAZIONI ELETTRICHE  energia elettrica 1500 W (220-240 V - 50\/60Hz) lunghezza del cavo 75cm  Codici prodotto  4069 Bollitore Saffron View (spina EU) 4067 Bollitore Saffron View (spina UK)","og_url":"https:\/\/www.ghiblievo.com\/it\/prodotto\/bollitore-in-acciaio-inossidabile-spazzolato-saffron\/","og_site_name":"Ghibli Evo","article_publisher":"https:\/\/www.facebook.com\/ghiblievo","article_modified_time":"2024-03-15T08:26:34+00:00","og_image":[{"width":1000,"height":1000,"url":"https:\/\/www.ghiblievo.com\/wp-content\/uploads\/2024\/03\/4069_water_kettle_SAFFRON_EU_1-jpg.webp","type":"image\/jpeg"}],"twitter_card":"summary_large_image","twitter_misc":{"Prezzo":"&euro;47.50","Disponibilit\u00e0":"In stock"},"schema":{"@context":"https:\/\/schema.org","@graph":[{"@type":"WebPage","@id":"https:\/\/www.ghiblievo.com\/it\/prodotto\/bollitore-in-acciaio-inossidabile-spazzolato-saffron\/","url":"https:\/\/www.ghiblievo.com\/it\/prodotto\/bollitore-in-acciaio-inossidabile-spazzolato-saffron\/","name":"Bollitore in Acciaio Inossidabile Spazzolato Saffron View - Ghibli Evo","isPartOf":{"@id":"https:\/\/www.ghiblievo.com\/it\/#website"},"primaryImageOfPage":{"@id":"https:\/\/www.ghiblievo.com\/it\/prodotto\/bollitore-in-acciaio-inossidabile-spazzolato-saffron\/#primaryimage"},"image":{"@id":"https:\/\/www.ghiblievo.com\/it\/prodotto\/bollitore-in-acciaio-inossidabile-spazzolato-saffron\/#primaryimage"},"thumbnailUrl":"https:\/\/www.ghiblievo.com\/wp-content\/uploads\/2024\/03\/4069_water_kettle_SAFFRON_EU_1-jpg.webp","datePublished":"2024-03-13T13:39:55+00:00","dateModified":"2024-03-15T08:26:34+00:00","description":"Bollitore in Acciaio Inossidabile Spazzolato Saffron View elemento riscaldante nascosto, facile da pulire, spegnimento automatico, finitura in acciaio","breadcrumb":{"@id":"https:\/\/www.ghiblievo.com\/it\/prodotto\/bollitore-in-acciaio-inossidabile-spazzolato-saffron\/#breadcrumb"},"inLanguage":"it-IT","potentialAction":[{"@type":"ReadAction","target":["https:\/\/www.ghiblievo.com\/it\/prodotto\/bollitore-in-acciaio-inossidabile-spazzolato-saffron\/"]}]},{"@type":"ImageObject","inLanguage":"it-IT","@id":"https:\/\/www.ghiblievo.com\/it\/prodotto\/bollitore-in-acciaio-inossidabile-spazzolato-saffron\/#primaryimage","url":"https:\/\/www.ghiblievo.com\/wp-content\/uploads\/2024\/03\/4069_water_kettle_SAFFRON_EU_1-jpg.webp","contentUrl":"https:\/\/www.ghiblievo.com\/wp-content\/uploads\/2024\/03\/4069_water_kettle_SAFFRON_EU_1-jpg.webp","width":1000,"height":1000,"caption":"Bollitore in Acciaio Inossidabile Spazzolato Saffron"},{"@type":"BreadcrumbList","@id":"https:\/\/www.ghiblievo.com\/it\/prodotto\/bollitore-in-acciaio-inossidabile-spazzolato-saffron\/#breadcrumb","itemListElement":[{"@type":"ListItem","position":1,"name":"Home","item":"https:\/\/www.ghiblievo.com\/it\/"},{"@type":"ListItem","position":2,"name":"Shop","item":"https:\/\/www.ghiblievo.com\/it\/shop-it\/"},{"@type":"ListItem","position":3,"name":"Bollitori","item":"https:\/\/www.ghiblievo.com\/it\/categoria-prodotto\/bollitori\/"},{"@type":"ListItem","position":4,"name":"Bollitore in Acciaio Inossidabile Spazzolato Saffron View"}]},{"@type":"WebSite","@id":"https:\/\/www.ghiblievo.com\/it\/#website","url":"https:\/\/www.ghiblievo.com\/it\/","name":"Ghibli Evo","description":"Hair Dryers for Hotel - Wall Mounted Hair Dryer","publisher":{"@id":"https:\/\/www.ghiblievo.com\/it\/#organization"},"potentialAction":[{"@type":"SearchAction","target":{"@type":"EntryPoint","urlTemplate":"https:\/\/www.ghiblievo.com\/it\/?s={search_term_string}"},"query-input":{"@type":"PropertyValueSpecification","valueRequired":true,"valueName":"search_term_string"}}],"inLanguage":"it-IT"},{"@type":"Organization","@id":"https:\/\/www.ghiblievo.com\/it\/#organization","name":"Ghibli Evo","url":"https:\/\/www.ghiblievo.com\/it\/","logo":{"@type":"ImageObject","inLanguage":"it-IT","@id":"https:\/\/www.ghiblievo.com\/it\/#\/schema\/logo\/image\/","url":"https:\/\/www.ghiblievo.com\/wp-content\/uploads\/2019\/09\/Emblema_HUB-footer.png","contentUrl":"https:\/\/www.ghiblievo.com\/wp-content\/uploads\/2019\/09\/Emblema_HUB-footer.png","width":300,"height":291,"caption":"Ghibli Evo"},"image":{"@id":"https:\/\/www.ghiblievo.com\/it\/#\/schema\/logo\/image\/"},"sameAs":["https:\/\/www.facebook.com\/ghiblievo","https:\/\/www.instagram.com\/ghiblievo\/"],"description":"Ghiblievo is specialized in hotel supplies, bathroom accessories for hotel and hair dryer","email":"info@ghiblievo.com","telephone":"+39 338 4733486","foundingDate":"2009-01-01","vatID":"IT 03607430166"}]},"product_price_amount":"47.50","product_price_currency":"EUR","og_availability":"instock","product_availability":"instock","product_condition":"new"},"_links":{"self":[{"href":"https:\/\/www.ghiblievo.com\/it\/wp-json\/wp\/v2\/product\/32497","targetHints":{"allow":["GET"]}}],"collection":[{"href":"https:\/\/www.ghiblievo.com\/it\/wp-json\/wp\/v2\/product"}],"about":[{"href":"https:\/\/www.ghiblievo.com\/it\/wp-json\/wp\/v2\/types\/product"}],"replies":[{"embeddable":true,"href":"https:\/\/www.ghiblievo.com\/it\/wp-json\/wp\/v2\/comments?post=32497"}],"version-history":[{"count":0,"href":"https:\/\/www.ghiblievo.com\/it\/wp-json\/wp\/v2\/product\/32497\/revisions"}],"wp:featuredmedia":[{"embeddable":true,"href":"https:\/\/www.ghiblievo.com\/it\/wp-json\/wp\/v2\/media\/32503"}],"wp:attachment":[{"href":"https:\/\/www.ghiblievo.com\/it\/wp-json\/wp\/v2\/media?parent=32497"}],"wp:term":[{"taxonomy":"product_cat","embeddable":true,"href":"https:\/\/www.ghiblievo.com\/it\/wp-json\/wp\/v2\/product_cat?post=32497"},{"taxonomy":"product_tag","embeddable":true,"href":"https:\/\/www.ghiblievo.com\/it\/wp-json\/wp\/v2\/product_tag?post=32497"}],"curies":[{"name":"wp","href":"https:\/\/api.w.org\/{rel}","templated":true}]}}