{"id":29238,"date":"2024-01-25T12:06:06","date_gmt":"2024-01-25T11:15:41","guid":{"rendered":"https:\/\/www.ghiblievo.com\/?post_type=product&#038;p=29238"},"modified":"2024-01-25T15:49:46","modified_gmt":"2024-01-25T14:49:46","slug":"macchina-da-caffe-per-hotel","status":"publish","type":"product","link":"https:\/\/www.ghiblievo.com\/it\/prodotto\/macchina-da-caffe-per-hotel\/","title":{"rendered":"Macchina da caff\u00e8 per hotel &#8211; START"},"content":{"rendered":"<p><strong>Specifiche<\/strong><br \/>\nDimensioni: La93 x Lu342 x A210mm<br \/>\nCapacit\u00e0 del serbatoio: 0.8 litri<br \/>\nAlimentazione: 1200W<br \/>\nVoltaggio: 220~240V<br \/>\nPeso: 2.4kg<br \/>\nLunghezza del cavo: 100cm<br \/>\nIsolamento elettrico: Classe 1<br \/>\nQuesta macchina da caff\u00e8 per hotel \u00e8 disponibile con presa europea o Svizzera.<\/p>\n","protected":false},"excerpt":{"rendered":"<div class=\"elementor-element elementor-element-1e4c7a6 elementor-widget elementor-widget-heading\" data-id=\"1e4c7a6\" data-element_type=\"widget\" data-widget_type=\"heading.default\">\n<div class=\"elementor-widget-container\">\n<h2 class=\"elementor-heading-title elementor-size-default\">Macchina da caff\u00e8 per hotel | Nera<\/h2>\n<\/div>\n<\/div>\n<div class=\"elementor-element elementor-element-e4cd2cf elementor-widget elementor-widget-text-editor\" data-id=\"e4cd2cf\" data-element_type=\"widget\" data-widget_type=\"text-editor.default\">\n<div class=\"elementor-widget-container\">\n<ul>\n<li>Design elegante e moderno<\/li>\n<li>Dimensioni ultracompatte, larghezza solo 93mm<\/li>\n<li>Compatibile con capsule stile Nespresso\u00ae<\/li>\n<li>Realizzato in resistente ABS plastica, colore nero lucido<\/li>\n<li>Pompa (20 Bar) realizzata in Italia<\/li>\n<li>Pratico serbatoio di acqua, facile da rimuovere e pulire<\/li>\n<li>Caratteristiche di sicurezza: spia e spegnimento automatico<\/li>\n<li>Facile da usare con solo due pulsanti (Espresso o Lungo)<\/li>\n<li>I pezzi di ricambio possono essere ordinati separatamente<\/li>\n<li>Disponibile con presa europea o Svizzera<\/li>\n<li>Garanzia di 2 anni<\/li>\n<\/ul>\n<h4>Piccola macchina da caff\u00e8 per grandi momenti di caff\u00e8<\/h4>\n<p>Il caff\u00e8 \u00e8 uno dei componenti chiave di qualsiasi esperienza in hotel e siamo consapevoli che la qualit\u00e0 servita \u00e8 specchio del vostro hotel. Farsi una tazza di caff\u00e8 \u00e8 spesso la prima cosa che gli ospiti fanno quando arrivano nella loro camera d\u2019albergo ed \u00e8 anche una parte importante della routine mattutina di molte persone. Con le macchine per il caff\u00e8 a capsule in crescita nel mercato per la casa, gli ospiti si aspettano di trovarle anche nelle loro camere d\u2019albergo. La nostra macchina ultra-compatta per l\u2019espresso START risponde a questa tendenza ed \u00e8 perfetta come un extra in camera per i vostri ospiti, per farli sentire davvero a casa. \u00c8 specificamente progettata per dare la migliore esperienza in quanto a caff\u00e8 agli ospiti! La macchina da caff\u00e8 per hotel \u00e8 facile da usare (con solo 2 pulsanti), si riscalda in soli 30 secondi e si spegne dopo 9 minuti di inattivit\u00e0 per ridurre il consumo energetico. Offre un ottimo caff\u00e8 ed \u00e8 compatibile con capsule per il caff\u00e8 stile Nespresso\u00ae.<\/p>\n<\/div>\n<\/div>\n","protected":false},"featured_media":29130,"comment_status":"open","ping_status":"closed","template":"","meta":{"_acf_changed":false,"ngg_post_thumbnail":0,"footnotes":""},"product_cat":[999,930],"product_tag":[994],"class_list":{"0":"post-29238","1":"product","2":"type-product","3":"status-publish","4":"has-post-thumbnail","6":"product_cat-macchina-caffe","7":"product_cat-bollitori","8":"product_tag-b-tray-it","10":"first","11":"instock","12":"shipping-taxable","13":"purchasable","14":"product-type-simple"},"acf":[],"yoast_head":"<!-- This site is optimized with the Yoast SEO Premium plugin v26.7 (Yoast SEO v26.7) - https:\/\/yoast.com\/wordpress\/plugins\/seo\/ -->\n<title>Macchina da caff\u00e8 per hotel - START - Ghibli Evo<\/title>\n<meta name=\"description\" content=\"Macchina da caff\u00e8 per hotel\" \/>\n<meta name=\"robots\" content=\"index, follow, max-snippet:-1, max-image-preview:large, max-video-preview:-1\" \/>\n<link rel=\"canonical\" href=\"https:\/\/www.ghiblievo.com\/it\/prodotto\/macchina-da-caffe-per-hotel\/\" \/>\n<meta property=\"og:locale\" content=\"it_IT\" \/>\n<meta property=\"og:type\" content=\"article\" \/>\n<meta property=\"og:title\" content=\"Macchina da caff\u00e8 per hotel - START\" \/>\n<meta property=\"og:description\" content=\"Macchina da caff\u00e8 per hotel | Nera       Design elegante e moderno  Dimensioni ultracompatte, larghezza solo 93mm  Compatibile con capsule stile Nespresso\u00ae  Realizzato in resistente ABS plastica, colore nero lucido  Pompa (20 Bar) realizzata in Italia  Pratico serbatoio di acqua, facile da rimuovere e pulire  Caratteristiche di sicurezza: spia e spegnimento automatico  Facile da usare con solo due pulsanti (Espresso o Lungo)  I pezzi di ricambio possono essere ordinati separatamente  Disponibile con presa europea o Svizzera  Garanzia di 2 anni  Piccola macchina da caff\u00e8 per grandi momenti di caff\u00e8 Il caff\u00e8 \u00e8 uno dei componenti chiave di qualsiasi esperienza in hotel e siamo consapevoli che la qualit\u00e0 servita \u00e8 specchio del vostro hotel. Farsi una tazza di caff\u00e8 \u00e8 spesso la prima cosa che gli ospiti fanno quando arrivano nella loro camera d\u2019albergo ed \u00e8 anche una parte importante della routine mattutina di molte persone. Con le macchine per il caff\u00e8 a capsule in crescita nel mercato per la casa, gli ospiti si aspettano di trovarle anche nelle loro camere d\u2019albergo. La nostra macchina ultra-compatta per l\u2019espresso START risponde a questa tendenza ed \u00e8 perfetta come un extra in camera per i vostri ospiti, per farli sentire davvero a casa. \u00c8 specificamente progettata per dare la migliore esperienza in quanto a caff\u00e8 agli ospiti! La macchina da caff\u00e8 per hotel \u00e8 facile da usare (con solo 2 pulsanti), si riscalda in soli 30 secondi e si spegne dopo 9 minuti di inattivit\u00e0 per ridurre il consumo energetico. Offre un ottimo caff\u00e8 ed \u00e8 compatibile con capsule per il caff\u00e8 stile Nespresso\u00ae.\" \/>\n<meta property=\"og:url\" content=\"https:\/\/www.ghiblievo.com\/it\/prodotto\/macchina-da-caffe-per-hotel\/\" \/>\n<meta property=\"og:site_name\" content=\"Ghibli Evo\" \/>\n<meta property=\"article:publisher\" content=\"https:\/\/www.facebook.com\/ghiblievo\" \/>\n<meta property=\"article:modified_time\" content=\"2024-01-25T14:49:46+00:00\" \/>\n<meta property=\"og:image\" content=\"https:\/\/www.ghiblievo.com\/wp-content\/uploads\/2024\/01\/Coffee-machine-START1.png\" \/>\n\t<meta property=\"og:image:width\" content=\"1200\" \/>\n\t<meta property=\"og:image:height\" content=\"800\" \/>\n\t<meta property=\"og:image:type\" content=\"image\/png\" \/>\n<meta name=\"twitter:card\" content=\"summary_large_image\" \/>\n<meta name=\"twitter:label1\" content=\"Prezzo\" \/>\n\t<meta name=\"twitter:data1\" content=\"&euro;99.00\" \/>\n\t<meta name=\"twitter:label2\" content=\"Disponibilit\u00e0\" \/>\n\t<meta name=\"twitter:data2\" content=\"In stock\" \/>\n<script type=\"application\/ld+json\" class=\"yoast-schema-graph\">{\"@context\":\"https:\/\/schema.org\",\"@graph\":[{\"@type\":\"WebPage\",\"@id\":\"https:\/\/www.ghiblievo.com\/it\/prodotto\/macchina-da-caffe-per-hotel\/\",\"url\":\"https:\/\/www.ghiblievo.com\/it\/prodotto\/macchina-da-caffe-per-hotel\/\",\"name\":\"Macchina da caff\u00e8 per hotel - START - Ghibli Evo\",\"isPartOf\":{\"@id\":\"https:\/\/www.ghiblievo.com\/it\/#website\"},\"primaryImageOfPage\":{\"@id\":\"https:\/\/www.ghiblievo.com\/it\/prodotto\/macchina-da-caffe-per-hotel\/#primaryimage\"},\"image\":{\"@id\":\"https:\/\/www.ghiblievo.com\/it\/prodotto\/macchina-da-caffe-per-hotel\/#primaryimage\"},\"thumbnailUrl\":\"https:\/\/www.ghiblievo.com\/wp-content\/uploads\/2024\/01\/Coffee-machine-START1.png\",\"datePublished\":\"2024-01-25T11:15:41+00:00\",\"dateModified\":\"2024-01-25T14:49:46+00:00\",\"description\":\"Macchina da caff\u00e8 per hotel\",\"breadcrumb\":{\"@id\":\"https:\/\/www.ghiblievo.com\/it\/prodotto\/macchina-da-caffe-per-hotel\/#breadcrumb\"},\"inLanguage\":\"it-IT\",\"potentialAction\":[{\"@type\":\"ReadAction\",\"target\":[\"https:\/\/www.ghiblievo.com\/it\/prodotto\/macchina-da-caffe-per-hotel\/\"]}]},{\"@type\":\"ImageObject\",\"inLanguage\":\"it-IT\",\"@id\":\"https:\/\/www.ghiblievo.com\/it\/prodotto\/macchina-da-caffe-per-hotel\/#primaryimage\",\"url\":\"https:\/\/www.ghiblievo.com\/wp-content\/uploads\/2024\/01\/Coffee-machine-START1.png\",\"contentUrl\":\"https:\/\/www.ghiblievo.com\/wp-content\/uploads\/2024\/01\/Coffee-machine-START1.png\",\"width\":1200,\"height\":800,\"caption\":\"Macchina da caff\u00e8 per hotel\"},{\"@type\":\"BreadcrumbList\",\"@id\":\"https:\/\/www.ghiblievo.com\/it\/prodotto\/macchina-da-caffe-per-hotel\/#breadcrumb\",\"itemListElement\":[{\"@type\":\"ListItem\",\"position\":1,\"name\":\"Home\",\"item\":\"https:\/\/www.ghiblievo.com\/it\/\"},{\"@type\":\"ListItem\",\"position\":2,\"name\":\"Shop\",\"item\":\"https:\/\/www.ghiblievo.com\/it\/shop-it\/\"},{\"@type\":\"ListItem\",\"position\":3,\"name\":\"Macchina caff\u00e8\",\"item\":\"https:\/\/www.ghiblievo.com\/it\/categoria-prodotto\/macchina-caffe\/\"},{\"@type\":\"ListItem\",\"position\":4,\"name\":\"Macchina da caff\u00e8 per hotel &#8211; START\"}]},{\"@type\":\"WebSite\",\"@id\":\"https:\/\/www.ghiblievo.com\/it\/#website\",\"url\":\"https:\/\/www.ghiblievo.com\/it\/\",\"name\":\"Ghibli Evo\",\"description\":\"Hair Dryers for Hotel - Wall Mounted Hair Dryer\",\"publisher\":{\"@id\":\"https:\/\/www.ghiblievo.com\/it\/#organization\"},\"potentialAction\":[{\"@type\":\"SearchAction\",\"target\":{\"@type\":\"EntryPoint\",\"urlTemplate\":\"https:\/\/www.ghiblievo.com\/it\/?s={search_term_string}\"},\"query-input\":{\"@type\":\"PropertyValueSpecification\",\"valueRequired\":true,\"valueName\":\"search_term_string\"}}],\"inLanguage\":\"it-IT\"},{\"@type\":\"Organization\",\"@id\":\"https:\/\/www.ghiblievo.com\/it\/#organization\",\"name\":\"Ghibli Evo\",\"url\":\"https:\/\/www.ghiblievo.com\/it\/\",\"logo\":{\"@type\":\"ImageObject\",\"inLanguage\":\"it-IT\",\"@id\":\"https:\/\/www.ghiblievo.com\/it\/#\/schema\/logo\/image\/\",\"url\":\"https:\/\/www.ghiblievo.com\/wp-content\/uploads\/2019\/09\/Emblema_HUB-footer.png\",\"contentUrl\":\"https:\/\/www.ghiblievo.com\/wp-content\/uploads\/2019\/09\/Emblema_HUB-footer.png\",\"width\":300,\"height\":291,\"caption\":\"Ghibli Evo\"},\"image\":{\"@id\":\"https:\/\/www.ghiblievo.com\/it\/#\/schema\/logo\/image\/\"},\"sameAs\":[\"https:\/\/www.facebook.com\/ghiblievo\",\"https:\/\/www.instagram.com\/ghiblievo\/\"],\"description\":\"Ghiblievo is specialized in hotel supplies, bathroom accessories for hotel and hair dryer\",\"email\":\"info@ghiblievo.com\",\"telephone\":\"+39 338 4733486\",\"foundingDate\":\"2009-01-01\",\"vatID\":\"IT 03607430166\"}]}<\/script>\n<meta property=\"product:price:amount\" content=\"99.00\" \/>\n<meta property=\"product:price:currency\" content=\"EUR\" \/>\n<meta property=\"og:availability\" content=\"instock\" \/>\n<meta property=\"product:availability\" content=\"instock\" \/>\n<meta property=\"product:condition\" content=\"new\" \/>\n<!-- \/ Yoast SEO Premium plugin. -->","yoast_head_json":{"title":"Macchina da caff\u00e8 per hotel - START - Ghibli Evo","description":"Macchina da caff\u00e8 per hotel","robots":{"index":"index","follow":"follow","max-snippet":"max-snippet:-1","max-image-preview":"max-image-preview:large","max-video-preview":"max-video-preview:-1"},"canonical":"https:\/\/www.ghiblievo.com\/it\/prodotto\/macchina-da-caffe-per-hotel\/","og_locale":"it_IT","og_type":"article","og_title":"Macchina da caff\u00e8 per hotel - START","og_description":"Macchina da caff\u00e8 per hotel | Nera       Design elegante e moderno  Dimensioni ultracompatte, larghezza solo 93mm  Compatibile con capsule stile Nespresso\u00ae  Realizzato in resistente ABS plastica, colore nero lucido  Pompa (20 Bar) realizzata in Italia  Pratico serbatoio di acqua, facile da rimuovere e pulire  Caratteristiche di sicurezza: spia e spegnimento automatico  Facile da usare con solo due pulsanti (Espresso o Lungo)  I pezzi di ricambio possono essere ordinati separatamente  Disponibile con presa europea o Svizzera  Garanzia di 2 anni  Piccola macchina da caff\u00e8 per grandi momenti di caff\u00e8 Il caff\u00e8 \u00e8 uno dei componenti chiave di qualsiasi esperienza in hotel e siamo consapevoli che la qualit\u00e0 servita \u00e8 specchio del vostro hotel. Farsi una tazza di caff\u00e8 \u00e8 spesso la prima cosa che gli ospiti fanno quando arrivano nella loro camera d\u2019albergo ed \u00e8 anche una parte importante della routine mattutina di molte persone. Con le macchine per il caff\u00e8 a capsule in crescita nel mercato per la casa, gli ospiti si aspettano di trovarle anche nelle loro camere d\u2019albergo. La nostra macchina ultra-compatta per l\u2019espresso START risponde a questa tendenza ed \u00e8 perfetta come un extra in camera per i vostri ospiti, per farli sentire davvero a casa. \u00c8 specificamente progettata per dare la migliore esperienza in quanto a caff\u00e8 agli ospiti! La macchina da caff\u00e8 per hotel \u00e8 facile da usare (con solo 2 pulsanti), si riscalda in soli 30 secondi e si spegne dopo 9 minuti di inattivit\u00e0 per ridurre il consumo energetico. Offre un ottimo caff\u00e8 ed \u00e8 compatibile con capsule per il caff\u00e8 stile Nespresso\u00ae.","og_url":"https:\/\/www.ghiblievo.com\/it\/prodotto\/macchina-da-caffe-per-hotel\/","og_site_name":"Ghibli Evo","article_publisher":"https:\/\/www.facebook.com\/ghiblievo","article_modified_time":"2024-01-25T14:49:46+00:00","og_image":[{"width":1200,"height":800,"url":"https:\/\/www.ghiblievo.com\/wp-content\/uploads\/2024\/01\/Coffee-machine-START1.png","type":"image\/png"}],"twitter_card":"summary_large_image","twitter_misc":{"Prezzo":"&euro;99.00","Disponibilit\u00e0":"In stock"},"schema":{"@context":"https:\/\/schema.org","@graph":[{"@type":"WebPage","@id":"https:\/\/www.ghiblievo.com\/it\/prodotto\/macchina-da-caffe-per-hotel\/","url":"https:\/\/www.ghiblievo.com\/it\/prodotto\/macchina-da-caffe-per-hotel\/","name":"Macchina da caff\u00e8 per hotel - START - Ghibli Evo","isPartOf":{"@id":"https:\/\/www.ghiblievo.com\/it\/#website"},"primaryImageOfPage":{"@id":"https:\/\/www.ghiblievo.com\/it\/prodotto\/macchina-da-caffe-per-hotel\/#primaryimage"},"image":{"@id":"https:\/\/www.ghiblievo.com\/it\/prodotto\/macchina-da-caffe-per-hotel\/#primaryimage"},"thumbnailUrl":"https:\/\/www.ghiblievo.com\/wp-content\/uploads\/2024\/01\/Coffee-machine-START1.png","datePublished":"2024-01-25T11:15:41+00:00","dateModified":"2024-01-25T14:49:46+00:00","description":"Macchina da caff\u00e8 per hotel","breadcrumb":{"@id":"https:\/\/www.ghiblievo.com\/it\/prodotto\/macchina-da-caffe-per-hotel\/#breadcrumb"},"inLanguage":"it-IT","potentialAction":[{"@type":"ReadAction","target":["https:\/\/www.ghiblievo.com\/it\/prodotto\/macchina-da-caffe-per-hotel\/"]}]},{"@type":"ImageObject","inLanguage":"it-IT","@id":"https:\/\/www.ghiblievo.com\/it\/prodotto\/macchina-da-caffe-per-hotel\/#primaryimage","url":"https:\/\/www.ghiblievo.com\/wp-content\/uploads\/2024\/01\/Coffee-machine-START1.png","contentUrl":"https:\/\/www.ghiblievo.com\/wp-content\/uploads\/2024\/01\/Coffee-machine-START1.png","width":1200,"height":800,"caption":"Macchina da caff\u00e8 per hotel"},{"@type":"BreadcrumbList","@id":"https:\/\/www.ghiblievo.com\/it\/prodotto\/macchina-da-caffe-per-hotel\/#breadcrumb","itemListElement":[{"@type":"ListItem","position":1,"name":"Home","item":"https:\/\/www.ghiblievo.com\/it\/"},{"@type":"ListItem","position":2,"name":"Shop","item":"https:\/\/www.ghiblievo.com\/it\/shop-it\/"},{"@type":"ListItem","position":3,"name":"Macchina caff\u00e8","item":"https:\/\/www.ghiblievo.com\/it\/categoria-prodotto\/macchina-caffe\/"},{"@type":"ListItem","position":4,"name":"Macchina da caff\u00e8 per hotel &#8211; START"}]},{"@type":"WebSite","@id":"https:\/\/www.ghiblievo.com\/it\/#website","url":"https:\/\/www.ghiblievo.com\/it\/","name":"Ghibli Evo","description":"Hair Dryers for Hotel - Wall Mounted Hair Dryer","publisher":{"@id":"https:\/\/www.ghiblievo.com\/it\/#organization"},"potentialAction":[{"@type":"SearchAction","target":{"@type":"EntryPoint","urlTemplate":"https:\/\/www.ghiblievo.com\/it\/?s={search_term_string}"},"query-input":{"@type":"PropertyValueSpecification","valueRequired":true,"valueName":"search_term_string"}}],"inLanguage":"it-IT"},{"@type":"Organization","@id":"https:\/\/www.ghiblievo.com\/it\/#organization","name":"Ghibli Evo","url":"https:\/\/www.ghiblievo.com\/it\/","logo":{"@type":"ImageObject","inLanguage":"it-IT","@id":"https:\/\/www.ghiblievo.com\/it\/#\/schema\/logo\/image\/","url":"https:\/\/www.ghiblievo.com\/wp-content\/uploads\/2019\/09\/Emblema_HUB-footer.png","contentUrl":"https:\/\/www.ghiblievo.com\/wp-content\/uploads\/2019\/09\/Emblema_HUB-footer.png","width":300,"height":291,"caption":"Ghibli Evo"},"image":{"@id":"https:\/\/www.ghiblievo.com\/it\/#\/schema\/logo\/image\/"},"sameAs":["https:\/\/www.facebook.com\/ghiblievo","https:\/\/www.instagram.com\/ghiblievo\/"],"description":"Ghiblievo is specialized in hotel supplies, bathroom accessories for hotel and hair dryer","email":"info@ghiblievo.com","telephone":"+39 338 4733486","foundingDate":"2009-01-01","vatID":"IT 03607430166"}]},"product_price_amount":"99.00","product_price_currency":"EUR","og_availability":"instock","product_availability":"instock","product_condition":"new"},"_links":{"self":[{"href":"https:\/\/www.ghiblievo.com\/it\/wp-json\/wp\/v2\/product\/29238","targetHints":{"allow":["GET"]}}],"collection":[{"href":"https:\/\/www.ghiblievo.com\/it\/wp-json\/wp\/v2\/product"}],"about":[{"href":"https:\/\/www.ghiblievo.com\/it\/wp-json\/wp\/v2\/types\/product"}],"replies":[{"embeddable":true,"href":"https:\/\/www.ghiblievo.com\/it\/wp-json\/wp\/v2\/comments?post=29238"}],"version-history":[{"count":0,"href":"https:\/\/www.ghiblievo.com\/it\/wp-json\/wp\/v2\/product\/29238\/revisions"}],"wp:featuredmedia":[{"embeddable":true,"href":"https:\/\/www.ghiblievo.com\/it\/wp-json\/wp\/v2\/media\/29130"}],"wp:attachment":[{"href":"https:\/\/www.ghiblievo.com\/it\/wp-json\/wp\/v2\/media?parent=29238"}],"wp:term":[{"taxonomy":"product_cat","embeddable":true,"href":"https:\/\/www.ghiblievo.com\/it\/wp-json\/wp\/v2\/product_cat?post=29238"},{"taxonomy":"product_tag","embeddable":true,"href":"https:\/\/www.ghiblievo.com\/it\/wp-json\/wp\/v2\/product_tag?post=29238"}],"curies":[{"name":"wp","href":"https:\/\/api.w.org\/{rel}","templated":true}]}}