{"id":29105,"date":"2024-01-24T17:29:11","date_gmt":"2024-01-24T16:33:29","guid":{"rendered":"https:\/\/www.ghiblievo.com\/?post_type=product&#038;p=29105"},"modified":"2025-02-07T11:43:06","modified_gmt":"2025-02-07T10:43:06","slug":"hospitality-tray-per-hotel-sense","status":"publish","type":"product","link":"https:\/\/www.ghiblievo.com\/it\/prodotto\/hospitality-tray-per-hotel-sense\/","title":{"rendered":"Hospitality tray per hotel &#8211; SENSE"},"content":{"rendered":"<p>Materiale vassoio: ABS plastica, nero &#8211; <strong>Autoestinguente (ABS ignifugo in classe V0-5VB a norme americane UL-94)<\/strong><br \/>\nFinitura: Resistente al calore<br \/>\n<strong>Dimensioni vassoio<\/strong><br \/>\nL455 x P228 x A38mm<br \/>\nL\u2019altezza incluso bollitore: 210\/250mm<br \/>\n<strong>Compartimenti<\/strong><br \/>\n\u2013 Per bustine di t\u00e8: L80 x P45 x A20mm (3x)<br \/>\n\u2013 Per bustine di zucchero: L35 x P149 x A15mm (1x)<br \/>\n\u2013 Per la base del bollitore: \u00d8 145mm<br \/>\n<strong>Dettagli Hospitality tray per hotel<\/strong><br \/>\nIn basso<br \/>\n4 cuscinetti in silicone trasparente<br \/>\nSistema antifurto sulla base del bollitore<br \/>\n<strong>Istruzione di pulizia<\/strong><br \/>\n<a href=\"https:\/\/btray.com\/download\/Cleaning_Instructions_Kettles_and_Trays_B-TRAY.pdf\" target=\"_blank\" rel=\"noopener\">Istruzione di pulizia<\/a><\/p>\n","protected":false},"excerpt":{"rendered":"<div class=\"elementor-element elementor-element-5785b5d elementor-widget elementor-widget-heading\" data-id=\"5785b5d\" data-element_type=\"widget\" data-widget_type=\"heading.default\">\n<div class=\"elementor-widget-container\">\n<h2 class=\"innerProductSubIntro\">Hospitality tray per hotel | ABS<\/h2>\n<\/div>\n<\/div>\n<div class=\"elementor-element elementor-element-95f069f elementor-widget elementor-widget-text-editor\" data-id=\"95f069f\" data-element_type=\"widget\" data-widget_type=\"text-editor.default\">\n<div class=\"elementor-widget-container\">\n<ul>\n<li>Materiali durevoli e di lusso<\/li>\n<li>ABS resistente al calore, con struttura in legno<\/li>\n<li><strong>Autoestinguente (ABS ignifugo in classe V0-5VB a norme americane UL-94)<\/strong><\/li>\n<li>Vaschetta gocciolante per bustine di t\u00e8 usate e cucchiaini<\/li>\n<li>Sistema antifurto per il bollitore e vassoio<\/li>\n<li>Facile da pulire (bordi completamente arrotondati)<\/li>\n<li>Prezzo interessante e garanzia di 2&nbsp;anni<\/li>\n<\/ul>\n<p>Questo hospitality tray \u00e8 disponibile con bollitore e&nbsp;tazze (opzionale).<\/p>\n<p><strong>Vassoio raccogligoccia<\/strong><br \/>\n&nbsp;<br \/>\nQuesto vassoio di cortesia per hotel \u00e8 dotato di un vassoio raccogligoccia in acciaio inox forato per le bustine di t\u00e8 e i cucchiaini usati. Il vassoio \u00e8 rimovibile e quindi facile da pulire.<\/p>\n<p><strong>Comodo e spazioso<\/strong><br \/>\n&nbsp;<br \/>\nIl vassoio \u00e8 dotato di spazio sufficiente per riporre diversi ingredienti per il caff\u00e8 e il t\u00e8 (3 scomparti per le bustine di t\u00e8 e 1 scomparto per le bustine e i cucchiaini).<\/p>\n<p><strong>Blocco antifurto<\/strong><br \/>\n&nbsp;<br \/>\nGrazie al blocco antifurto, \u00e8 possibile fissare facilmente il cavo della base del bollitore alla base del vassoio.<\/p>\n<p><strong>Facile da pulire<\/strong><br \/>\n&nbsp;<br \/>\nIl vassoio \u00e8 realizzato in plastica ABS resistente al calore per offrire un\u2019eccellente resistenza a calore, acqua, macchie e graffi. Gli scomparti hanno bordi arrotondati per facilitare la pulizia.<\/p>\n<h4>Vassoio economico e resistente al calore ABS<\/h4>\n<p>Per poter essere in grado di rispondere alle sempre pi\u00f9 crescenti esigenze dei tuoi clienti, abbiamo sviluppato il vassoio di benvenuto (hospitality tray) B-TRAY SENSE. Un vassoio per t\u00e8 e caff\u00e8 di alta qualit\u00e0, con un prezzo molto interessante, in grado di fornire un caloroso benvenuto ai tuoi ospiti e rendere il tuo albergo personale ed unico! Questo vassoio di benvenuto \u00e8 composto da ABS durevole, con una finitura in legno, disponibile in colore nero. Cosa c\u2019\u00e8 da aggiungere? Questo vassoio unico \u00e8 dotato di una \u2018vaschetta di raccolta\u2019 in acciaio inox rimovibile, adatto per bustine di t\u00e8 usate e cucchiaini.<\/p>\n<\/div>\n<\/div>\n","protected":false},"featured_media":30413,"comment_status":"open","ping_status":"closed","template":"","meta":{"_acf_changed":false,"ngg_post_thumbnail":0,"footnotes":""},"product_cat":[992],"product_tag":[994],"class_list":{"0":"post-29105","1":"product","2":"type-product","3":"status-publish","4":"has-post-thumbnail","6":"product_cat-vassoi-di-cortesia","7":"product_tag-b-tray-it","9":"first","10":"instock","11":"shipping-taxable","12":"purchasable","13":"product-type-simple"},"acf":[],"yoast_head":"<!-- This site is optimized with the Yoast SEO Premium plugin v26.7 (Yoast SEO v26.7) - https:\/\/yoast.com\/wordpress\/plugins\/seo\/ -->\n<title>Hospitality tray per hotel - SENSE - Ghibli Evo<\/title>\n<meta name=\"description\" content=\"Hospitality tray per hotel: Materiali durevoli e di lusso, ABS resistente al calore, struttura in legno, vaschetta a scolo per bustine di t\u00e8 e cucchiaini\" \/>\n<meta name=\"robots\" content=\"index, follow, max-snippet:-1, max-image-preview:large, max-video-preview:-1\" \/>\n<link rel=\"canonical\" href=\"https:\/\/www.ghiblievo.com\/it\/prodotto\/hospitality-tray-per-hotel-sense\/\" \/>\n<meta property=\"og:locale\" content=\"it_IT\" \/>\n<meta property=\"og:type\" content=\"article\" \/>\n<meta property=\"og:title\" content=\"Hospitality tray per hotel - SENSE\" \/>\n<meta property=\"og:description\" content=\"Hospitality tray per hotel | ABS       Materiali durevoli e di lusso  ABS resistente al calore, con struttura in legno  Autoestinguente (ABS ignifugo in classe V0-5VB a norme americane UL-94)  Vaschetta gocciolante per bustine di t\u00e8 usate e cucchiaini  Sistema antifurto per il bollitore e vassoio  Facile da pulire (bordi completamente arrotondati)  Prezzo interessante e garanzia di 2&nbsp;anni  Questo hospitality tray \u00e8 disponibile con bollitore e&nbsp;tazze (opzionale).  Vassoio raccogligoccia &nbsp; Questo vassoio di cortesia per hotel \u00e8 dotato di un vassoio raccogligoccia in acciaio inox forato per le bustine di t\u00e8 e i cucchiaini usati. Il vassoio \u00e8 rimovibile e quindi facile da pulire.  Comodo e spazioso &nbsp; Il vassoio \u00e8 dotato di spazio sufficiente per riporre diversi ingredienti per il caff\u00e8 e il t\u00e8 (3 scomparti per le bustine di t\u00e8 e 1 scomparto per le bustine e i cucchiaini).  Blocco antifurto &nbsp; Grazie al blocco antifurto, \u00e8 possibile fissare facilmente il cavo della base del bollitore alla base del vassoio.  Facile da pulire &nbsp; Il vassoio \u00e8 realizzato in plastica ABS resistente al calore per offrire un\u2019eccellente resistenza a calore, acqua, macchie e graffi. Gli scomparti hanno bordi arrotondati per facilitare la pulizia. Vassoio economico e resistente al calore ABS Per poter essere in grado di rispondere alle sempre pi\u00f9 crescenti esigenze dei tuoi clienti, abbiamo sviluppato il vassoio di benvenuto (hospitality tray) B-TRAY SENSE. Un vassoio per t\u00e8 e caff\u00e8 di alta qualit\u00e0, con un prezzo molto interessante, in grado di fornire un caloroso benvenuto ai tuoi ospiti e rendere il tuo albergo personale ed unico! Questo vassoio di benvenuto \u00e8 composto da ABS durevole, con una finitura in legno, disponibile in colore nero. Cosa c\u2019\u00e8 da aggiungere? Questo vassoio unico \u00e8 dotato di una \u2018vaschetta di raccolta\u2019 in acciaio inox rimovibile, adatto per bustine di t\u00e8 usate e cucchiaini.\" \/>\n<meta property=\"og:url\" content=\"https:\/\/www.ghiblievo.com\/it\/prodotto\/hospitality-tray-per-hotel-sense\/\" \/>\n<meta property=\"og:site_name\" content=\"Ghibli Evo\" \/>\n<meta property=\"article:publisher\" content=\"https:\/\/www.facebook.com\/ghiblievo\" \/>\n<meta property=\"article:modified_time\" content=\"2025-02-07T10:43:06+00:00\" \/>\n<meta property=\"og:image\" content=\"https:\/\/www.ghiblievo.com\/wp-content\/uploads\/2024\/01\/Hospitality-Tray-SENSE-Kettle-STAR-0.5L-WhiteCups-jpg.webp\" \/>\n\t<meta property=\"og:image:width\" content=\"1200\" \/>\n\t<meta property=\"og:image:height\" content=\"800\" \/>\n\t<meta property=\"og:image:type\" content=\"image\/jpeg\" \/>\n<meta name=\"twitter:card\" content=\"summary_large_image\" \/>\n<meta name=\"twitter:label1\" content=\"Prezzo\" \/>\n\t<meta name=\"twitter:data1\" content=\"&euro;20.00\" \/>\n\t<meta name=\"twitter:label2\" content=\"Disponibilit\u00e0\" \/>\n\t<meta name=\"twitter:data2\" content=\"In stock\" \/>\n<script type=\"application\/ld+json\" class=\"yoast-schema-graph\">{\"@context\":\"https:\/\/schema.org\",\"@graph\":[{\"@type\":\"WebPage\",\"@id\":\"https:\/\/www.ghiblievo.com\/it\/prodotto\/hospitality-tray-per-hotel-sense\/\",\"url\":\"https:\/\/www.ghiblievo.com\/it\/prodotto\/hospitality-tray-per-hotel-sense\/\",\"name\":\"Hospitality tray per hotel - SENSE - Ghibli Evo\",\"isPartOf\":{\"@id\":\"https:\/\/www.ghiblievo.com\/it\/#website\"},\"primaryImageOfPage\":{\"@id\":\"https:\/\/www.ghiblievo.com\/it\/prodotto\/hospitality-tray-per-hotel-sense\/#primaryimage\"},\"image\":{\"@id\":\"https:\/\/www.ghiblievo.com\/it\/prodotto\/hospitality-tray-per-hotel-sense\/#primaryimage\"},\"thumbnailUrl\":\"https:\/\/www.ghiblievo.com\/wp-content\/uploads\/2024\/01\/Hospitality-Tray-SENSE-Kettle-STAR-0.5L-WhiteCups-jpg.webp\",\"datePublished\":\"2024-01-24T16:33:29+00:00\",\"dateModified\":\"2025-02-07T10:43:06+00:00\",\"description\":\"Hospitality tray per hotel: Materiali durevoli e di lusso, ABS resistente al calore, struttura in legno, vaschetta a scolo per bustine di t\u00e8 e cucchiaini\",\"breadcrumb\":{\"@id\":\"https:\/\/www.ghiblievo.com\/it\/prodotto\/hospitality-tray-per-hotel-sense\/#breadcrumb\"},\"inLanguage\":\"it-IT\",\"potentialAction\":[{\"@type\":\"ReadAction\",\"target\":[\"https:\/\/www.ghiblievo.com\/it\/prodotto\/hospitality-tray-per-hotel-sense\/\"]}]},{\"@type\":\"ImageObject\",\"inLanguage\":\"it-IT\",\"@id\":\"https:\/\/www.ghiblievo.com\/it\/prodotto\/hospitality-tray-per-hotel-sense\/#primaryimage\",\"url\":\"https:\/\/www.ghiblievo.com\/wp-content\/uploads\/2024\/01\/Hospitality-Tray-SENSE-Kettle-STAR-0.5L-WhiteCups-jpg.webp\",\"contentUrl\":\"https:\/\/www.ghiblievo.com\/wp-content\/uploads\/2024\/01\/Hospitality-Tray-SENSE-Kettle-STAR-0.5L-WhiteCups-jpg.webp\",\"width\":1200,\"height\":800,\"caption\":\"Hospitality tray per hotel - SENSE\"},{\"@type\":\"BreadcrumbList\",\"@id\":\"https:\/\/www.ghiblievo.com\/it\/prodotto\/hospitality-tray-per-hotel-sense\/#breadcrumb\",\"itemListElement\":[{\"@type\":\"ListItem\",\"position\":1,\"name\":\"Home\",\"item\":\"https:\/\/www.ghiblievo.com\/it\/\"},{\"@type\":\"ListItem\",\"position\":2,\"name\":\"Shop\",\"item\":\"https:\/\/www.ghiblievo.com\/it\/shop-it\/\"},{\"@type\":\"ListItem\",\"position\":3,\"name\":\"Vassoi di Cortesia\",\"item\":\"https:\/\/www.ghiblievo.com\/it\/categoria-prodotto\/vassoi-di-cortesia\/\"},{\"@type\":\"ListItem\",\"position\":4,\"name\":\"Hospitality tray per hotel &#8211; SENSE\"}]},{\"@type\":\"WebSite\",\"@id\":\"https:\/\/www.ghiblievo.com\/it\/#website\",\"url\":\"https:\/\/www.ghiblievo.com\/it\/\",\"name\":\"Ghibli Evo\",\"description\":\"Hair Dryers for Hotel - Wall Mounted Hair Dryer\",\"publisher\":{\"@id\":\"https:\/\/www.ghiblievo.com\/it\/#organization\"},\"potentialAction\":[{\"@type\":\"SearchAction\",\"target\":{\"@type\":\"EntryPoint\",\"urlTemplate\":\"https:\/\/www.ghiblievo.com\/it\/?s={search_term_string}\"},\"query-input\":{\"@type\":\"PropertyValueSpecification\",\"valueRequired\":true,\"valueName\":\"search_term_string\"}}],\"inLanguage\":\"it-IT\"},{\"@type\":\"Organization\",\"@id\":\"https:\/\/www.ghiblievo.com\/it\/#organization\",\"name\":\"Ghibli Evo\",\"url\":\"https:\/\/www.ghiblievo.com\/it\/\",\"logo\":{\"@type\":\"ImageObject\",\"inLanguage\":\"it-IT\",\"@id\":\"https:\/\/www.ghiblievo.com\/it\/#\/schema\/logo\/image\/\",\"url\":\"https:\/\/www.ghiblievo.com\/wp-content\/uploads\/2019\/09\/Emblema_HUB-footer.png\",\"contentUrl\":\"https:\/\/www.ghiblievo.com\/wp-content\/uploads\/2019\/09\/Emblema_HUB-footer.png\",\"width\":300,\"height\":291,\"caption\":\"Ghibli Evo\"},\"image\":{\"@id\":\"https:\/\/www.ghiblievo.com\/it\/#\/schema\/logo\/image\/\"},\"sameAs\":[\"https:\/\/www.facebook.com\/ghiblievo\",\"https:\/\/www.instagram.com\/ghiblievo\/\"],\"description\":\"Ghiblievo is specialized in hotel supplies, bathroom accessories for hotel and hair dryer\",\"email\":\"info@ghiblievo.com\",\"telephone\":\"+39 338 4733486\",\"foundingDate\":\"2009-01-01\",\"vatID\":\"IT 03607430166\"}]}<\/script>\n<meta property=\"product:price:amount\" content=\"20.00\" \/>\n<meta property=\"product:price:currency\" content=\"EUR\" \/>\n<meta property=\"og:availability\" content=\"instock\" \/>\n<meta property=\"product:availability\" content=\"instock\" \/>\n<meta property=\"product:condition\" content=\"new\" \/>\n<!-- \/ Yoast SEO Premium plugin. -->","yoast_head_json":{"title":"Hospitality tray per hotel - SENSE - Ghibli Evo","description":"Hospitality tray per hotel: Materiali durevoli e di lusso, ABS resistente al calore, struttura in legno, vaschetta a scolo per bustine di t\u00e8 e cucchiaini","robots":{"index":"index","follow":"follow","max-snippet":"max-snippet:-1","max-image-preview":"max-image-preview:large","max-video-preview":"max-video-preview:-1"},"canonical":"https:\/\/www.ghiblievo.com\/it\/prodotto\/hospitality-tray-per-hotel-sense\/","og_locale":"it_IT","og_type":"article","og_title":"Hospitality tray per hotel - SENSE","og_description":"Hospitality tray per hotel | ABS       Materiali durevoli e di lusso  ABS resistente al calore, con struttura in legno  Autoestinguente (ABS ignifugo in classe V0-5VB a norme americane UL-94)  Vaschetta gocciolante per bustine di t\u00e8 usate e cucchiaini  Sistema antifurto per il bollitore e vassoio  Facile da pulire (bordi completamente arrotondati)  Prezzo interessante e garanzia di 2&nbsp;anni  Questo hospitality tray \u00e8 disponibile con bollitore e&nbsp;tazze (opzionale).  Vassoio raccogligoccia &nbsp; Questo vassoio di cortesia per hotel \u00e8 dotato di un vassoio raccogligoccia in acciaio inox forato per le bustine di t\u00e8 e i cucchiaini usati. Il vassoio \u00e8 rimovibile e quindi facile da pulire.  Comodo e spazioso &nbsp; Il vassoio \u00e8 dotato di spazio sufficiente per riporre diversi ingredienti per il caff\u00e8 e il t\u00e8 (3 scomparti per le bustine di t\u00e8 e 1 scomparto per le bustine e i cucchiaini).  Blocco antifurto &nbsp; Grazie al blocco antifurto, \u00e8 possibile fissare facilmente il cavo della base del bollitore alla base del vassoio.  Facile da pulire &nbsp; Il vassoio \u00e8 realizzato in plastica ABS resistente al calore per offrire un\u2019eccellente resistenza a calore, acqua, macchie e graffi. Gli scomparti hanno bordi arrotondati per facilitare la pulizia. Vassoio economico e resistente al calore ABS Per poter essere in grado di rispondere alle sempre pi\u00f9 crescenti esigenze dei tuoi clienti, abbiamo sviluppato il vassoio di benvenuto (hospitality tray) B-TRAY SENSE. Un vassoio per t\u00e8 e caff\u00e8 di alta qualit\u00e0, con un prezzo molto interessante, in grado di fornire un caloroso benvenuto ai tuoi ospiti e rendere il tuo albergo personale ed unico! Questo vassoio di benvenuto \u00e8 composto da ABS durevole, con una finitura in legno, disponibile in colore nero. Cosa c\u2019\u00e8 da aggiungere? Questo vassoio unico \u00e8 dotato di una \u2018vaschetta di raccolta\u2019 in acciaio inox rimovibile, adatto per bustine di t\u00e8 usate e cucchiaini.","og_url":"https:\/\/www.ghiblievo.com\/it\/prodotto\/hospitality-tray-per-hotel-sense\/","og_site_name":"Ghibli Evo","article_publisher":"https:\/\/www.facebook.com\/ghiblievo","article_modified_time":"2025-02-07T10:43:06+00:00","og_image":[{"width":1200,"height":800,"url":"https:\/\/www.ghiblievo.com\/wp-content\/uploads\/2024\/01\/Hospitality-Tray-SENSE-Kettle-STAR-0.5L-WhiteCups-jpg.webp","type":"image\/jpeg"}],"twitter_card":"summary_large_image","twitter_misc":{"Prezzo":"&euro;20.00","Disponibilit\u00e0":"In stock"},"schema":{"@context":"https:\/\/schema.org","@graph":[{"@type":"WebPage","@id":"https:\/\/www.ghiblievo.com\/it\/prodotto\/hospitality-tray-per-hotel-sense\/","url":"https:\/\/www.ghiblievo.com\/it\/prodotto\/hospitality-tray-per-hotel-sense\/","name":"Hospitality tray per hotel - SENSE - Ghibli Evo","isPartOf":{"@id":"https:\/\/www.ghiblievo.com\/it\/#website"},"primaryImageOfPage":{"@id":"https:\/\/www.ghiblievo.com\/it\/prodotto\/hospitality-tray-per-hotel-sense\/#primaryimage"},"image":{"@id":"https:\/\/www.ghiblievo.com\/it\/prodotto\/hospitality-tray-per-hotel-sense\/#primaryimage"},"thumbnailUrl":"https:\/\/www.ghiblievo.com\/wp-content\/uploads\/2024\/01\/Hospitality-Tray-SENSE-Kettle-STAR-0.5L-WhiteCups-jpg.webp","datePublished":"2024-01-24T16:33:29+00:00","dateModified":"2025-02-07T10:43:06+00:00","description":"Hospitality tray per hotel: Materiali durevoli e di lusso, ABS resistente al calore, struttura in legno, vaschetta a scolo per bustine di t\u00e8 e cucchiaini","breadcrumb":{"@id":"https:\/\/www.ghiblievo.com\/it\/prodotto\/hospitality-tray-per-hotel-sense\/#breadcrumb"},"inLanguage":"it-IT","potentialAction":[{"@type":"ReadAction","target":["https:\/\/www.ghiblievo.com\/it\/prodotto\/hospitality-tray-per-hotel-sense\/"]}]},{"@type":"ImageObject","inLanguage":"it-IT","@id":"https:\/\/www.ghiblievo.com\/it\/prodotto\/hospitality-tray-per-hotel-sense\/#primaryimage","url":"https:\/\/www.ghiblievo.com\/wp-content\/uploads\/2024\/01\/Hospitality-Tray-SENSE-Kettle-STAR-0.5L-WhiteCups-jpg.webp","contentUrl":"https:\/\/www.ghiblievo.com\/wp-content\/uploads\/2024\/01\/Hospitality-Tray-SENSE-Kettle-STAR-0.5L-WhiteCups-jpg.webp","width":1200,"height":800,"caption":"Hospitality tray per hotel - SENSE"},{"@type":"BreadcrumbList","@id":"https:\/\/www.ghiblievo.com\/it\/prodotto\/hospitality-tray-per-hotel-sense\/#breadcrumb","itemListElement":[{"@type":"ListItem","position":1,"name":"Home","item":"https:\/\/www.ghiblievo.com\/it\/"},{"@type":"ListItem","position":2,"name":"Shop","item":"https:\/\/www.ghiblievo.com\/it\/shop-it\/"},{"@type":"ListItem","position":3,"name":"Vassoi di Cortesia","item":"https:\/\/www.ghiblievo.com\/it\/categoria-prodotto\/vassoi-di-cortesia\/"},{"@type":"ListItem","position":4,"name":"Hospitality tray per hotel &#8211; SENSE"}]},{"@type":"WebSite","@id":"https:\/\/www.ghiblievo.com\/it\/#website","url":"https:\/\/www.ghiblievo.com\/it\/","name":"Ghibli Evo","description":"Hair Dryers for Hotel - Wall Mounted Hair Dryer","publisher":{"@id":"https:\/\/www.ghiblievo.com\/it\/#organization"},"potentialAction":[{"@type":"SearchAction","target":{"@type":"EntryPoint","urlTemplate":"https:\/\/www.ghiblievo.com\/it\/?s={search_term_string}"},"query-input":{"@type":"PropertyValueSpecification","valueRequired":true,"valueName":"search_term_string"}}],"inLanguage":"it-IT"},{"@type":"Organization","@id":"https:\/\/www.ghiblievo.com\/it\/#organization","name":"Ghibli Evo","url":"https:\/\/www.ghiblievo.com\/it\/","logo":{"@type":"ImageObject","inLanguage":"it-IT","@id":"https:\/\/www.ghiblievo.com\/it\/#\/schema\/logo\/image\/","url":"https:\/\/www.ghiblievo.com\/wp-content\/uploads\/2019\/09\/Emblema_HUB-footer.png","contentUrl":"https:\/\/www.ghiblievo.com\/wp-content\/uploads\/2019\/09\/Emblema_HUB-footer.png","width":300,"height":291,"caption":"Ghibli Evo"},"image":{"@id":"https:\/\/www.ghiblievo.com\/it\/#\/schema\/logo\/image\/"},"sameAs":["https:\/\/www.facebook.com\/ghiblievo","https:\/\/www.instagram.com\/ghiblievo\/"],"description":"Ghiblievo is specialized in hotel supplies, bathroom accessories for hotel and hair dryer","email":"info@ghiblievo.com","telephone":"+39 338 4733486","foundingDate":"2009-01-01","vatID":"IT 03607430166"}]},"product_price_amount":"20.00","product_price_currency":"EUR","og_availability":"instock","product_availability":"instock","product_condition":"new"},"_links":{"self":[{"href":"https:\/\/www.ghiblievo.com\/it\/wp-json\/wp\/v2\/product\/29105","targetHints":{"allow":["GET"]}}],"collection":[{"href":"https:\/\/www.ghiblievo.com\/it\/wp-json\/wp\/v2\/product"}],"about":[{"href":"https:\/\/www.ghiblievo.com\/it\/wp-json\/wp\/v2\/types\/product"}],"replies":[{"embeddable":true,"href":"https:\/\/www.ghiblievo.com\/it\/wp-json\/wp\/v2\/comments?post=29105"}],"version-history":[{"count":0,"href":"https:\/\/www.ghiblievo.com\/it\/wp-json\/wp\/v2\/product\/29105\/revisions"}],"wp:featuredmedia":[{"embeddable":true,"href":"https:\/\/www.ghiblievo.com\/it\/wp-json\/wp\/v2\/media\/30413"}],"wp:attachment":[{"href":"https:\/\/www.ghiblievo.com\/it\/wp-json\/wp\/v2\/media?parent=29105"}],"wp:term":[{"taxonomy":"product_cat","embeddable":true,"href":"https:\/\/www.ghiblievo.com\/it\/wp-json\/wp\/v2\/product_cat?post=29105"},{"taxonomy":"product_tag","embeddable":true,"href":"https:\/\/www.ghiblievo.com\/it\/wp-json\/wp\/v2\/product_tag?post=29105"}],"curies":[{"name":"wp","href":"https:\/\/api.w.org\/{rel}","templated":true}]}}