{"id":29038,"date":"2024-01-24T14:58:41","date_gmt":"2024-01-24T14:04:38","guid":{"rendered":"https:\/\/www.ghiblievo.com\/?post_type=product&#038;p=29038"},"modified":"2025-02-07T11:41:49","modified_gmt":"2025-02-07T10:41:49","slug":"vassoio-di-benvenuto-compatto-square","status":"publish","type":"product","link":"https:\/\/www.ghiblievo.com\/it\/prodotto\/vassoio-di-benvenuto-compatto-square\/","title":{"rendered":"Vassoio di benvenuto compatto &#8211; SQUARE"},"content":{"rendered":"<p>Materiale vassoio: ABS plastica, nero &#8211; <strong>Autoestinguente (ABS ignifugo in classe V0-5VB a norme americane UL-94)<\/strong><br \/>\nFinitura: Resistente al calore<br \/>\n<strong>Dimensioni vassoio<\/strong><br \/>\nL258 x P258 x A38mm<br \/>\nL\u2019altezza incluso bollitore: 210\/250mm<br \/>\n<strong>Compartimenti<\/strong><br \/>\n\u2013 Per bustine di t\u00e8: L70 x P6 x H20mm (3x)<br \/>\n\u2013 Per bustine di zucchero: L140 x P60 x H20mm (1x)<br \/>\n\u2013 Per la base del bollitore: \u00d8 145mm<br \/>\n<strong>Dettagli<\/strong><br \/>\nIn basso<br \/>\n4 cuscinetti in silicone trasparente<br \/>\nSistema antifurto sulla base del bollitore<br \/>\n<strong>Istruzione di pulizia<\/strong><br \/>\n<a href=\"https:\/\/btray.com\/download\/Cleaning_Instructions_Kettles_and_Trays_B-TRAY.pdf\" target=\"_blank\" rel=\"noopener\">Istruzione di pulizia<\/a><\/p>\n","protected":false},"excerpt":{"rendered":"<div class=\"elementor-element elementor-element-66c579e elementor-widget elementor-widget-heading\" data-id=\"66c579e\" data-element_type=\"widget\" data-widget_type=\"heading.default\">\n<div class=\"elementor-widget-container\">\n<h5 class=\"elementor-heading-title elementor-size-default\">Vassoio di benvenuto compatto SQUARE | Plastica nera<\/h5>\n<\/div>\n<\/div>\n<div class=\"elementor-element elementor-element-a556323 elementor-widget elementor-widget-text-editor\" data-id=\"a556323\" data-element_type=\"widget\" data-widget_type=\"text-editor.default\">\n<div class=\"elementor-widget-container\">\n<ul>\n<li>ABS resistente al calore, con struttura in legno<\/li>\n<li><strong>Autoestinguente (ABS ignifugo in classe V0-5VB a norme americane UL-94)<\/strong><\/li>\n<li>Dimensioni ridotte, occupa poco spazio<\/li>\n<li>3 compartimenti per sacchetti e cucchiai<\/li>\n<li>Antifurto: il cavo si pu\u00f2 fissare alla base del vassoio<\/li>\n<li>Vaschetta gocciolante per bustine di t\u00e8 usate e cucchiaini<\/li>\n<li>Prezzo interessante e garanzia di 2&nbsp;anni<\/li>\n<\/ul>\n<p>Questo vassoio di benvenuto compatto \u00e8 disponibile con bollitore e tazze (opzionale).<\/p>\n<p><strong>Vassoio raccogligoccia rimovibile<\/strong><br \/>\n&nbsp;<br \/>\nIl vassoio SQUARE \u00e8 dotato di un vassoio raccogligoccia forato in acciaio inossidabile per le bustine di t\u00e8 e i cucchiaini usati. Il vassoio \u00e8 rimovibile e quindi facile da pulire.<\/p>\n<p><strong>Comodo e spazioso<\/strong><br \/>\n&nbsp;<br \/>\nQuesto vassoio da t\u00e8 compatto ha spazio sufficiente per riporre diversi tipi di articoli. Gli scomparti hanno bordi arrotondati per facilitare la pulizia.<\/p>\n<p><strong>Antifurto<\/strong><br \/>\n&nbsp;<br \/>\nGrazie al blocco antifurto, \u00e8 possibile fissare facilmente il cavo della base del bollitore alla base del vassoio.<\/p>\n<p><strong>ABS resistente al calore<\/strong><br \/>\n&nbsp;<br \/>\nSQUARE \u00e8 realizzato in plastica ABS (con un\u2019esclusiva struttura in legno) resistente al calore, all\u2019acqua, alle macchie e ai graffi.<\/p>\n<h4>Elegante. Resistente. Ultra compatto.<\/h4>\n<p>&nbsp;<br \/>\nQuesti sono i punti forza del vassoio di benvenuto B-TRAY SQUARE.<\/p>\n<p>Molte persone pensano che questo vassoio per caff\u00e8 e t\u00e8 sia fatto in legno massello, ma in realt\u00e0 si tratta di ABS plastica di alta qualit\u00e0, con finiture in legno uniche. Offre un\u2019eccellente resistenza al calore, acqua, macchie e graffi. Inoltre, ABS, \u00e8 meno costoso del legno massiccio.<\/p>\n<p>Un\u2019altra componentistica unica \u00e8 la vaschetta per la raccolta, fatta in acciaio inox e rimovibile, adatta alle bustine da t\u00e8 usate e cucchiaini. Questa elimina il bisogno di usare i piattini.<\/p>\n<\/div>\n<\/div>\n","protected":false},"featured_media":30317,"comment_status":"open","ping_status":"closed","template":"","meta":{"_acf_changed":false,"ngg_post_thumbnail":0,"footnotes":""},"product_cat":[992],"product_tag":[994],"class_list":{"0":"post-29038","1":"product","2":"type-product","3":"status-publish","4":"has-post-thumbnail","6":"product_cat-vassoi-di-cortesia","7":"product_tag-b-tray-it","9":"first","10":"instock","11":"shipping-taxable","12":"purchasable","13":"product-type-simple"},"acf":[],"yoast_head":"<!-- This site is optimized with the Yoast SEO Premium plugin v26.7 (Yoast SEO v26.7) - https:\/\/yoast.com\/wordpress\/plugins\/seo\/ -->\n<title>Vassoio di benvenuto compatto - SQUARE - Ghibli Evo<\/title>\n<meta name=\"description\" content=\"Vassoio di benvenuto compatto: ABS resistente al calore, con struttura in legno, Dimensioni ridotte, 3 compartimenti per sacchetti e cucchiai\" \/>\n<meta name=\"robots\" content=\"index, follow, max-snippet:-1, max-image-preview:large, max-video-preview:-1\" \/>\n<link rel=\"canonical\" href=\"https:\/\/www.ghiblievo.com\/it\/prodotto\/vassoio-di-benvenuto-compatto-square\/\" \/>\n<meta property=\"og:locale\" content=\"it_IT\" \/>\n<meta property=\"og:type\" content=\"article\" \/>\n<meta property=\"og:title\" content=\"Vassoio di benvenuto compatto - SQUARE\" \/>\n<meta property=\"og:description\" content=\"Vassoio di benvenuto compatto SQUARE | Plastica nera       ABS resistente al calore, con struttura in legno  Autoestinguente (ABS ignifugo in classe V0-5VB a norme americane UL-94)  Dimensioni ridotte, occupa poco spazio  3 compartimenti per sacchetti e cucchiai  Antifurto: il cavo si pu\u00f2 fissare alla base del vassoio  Vaschetta gocciolante per bustine di t\u00e8 usate e cucchiaini  Prezzo interessante e garanzia di 2&nbsp;anni  Questo vassoio di benvenuto compatto \u00e8 disponibile con bollitore e tazze (opzionale).  Vassoio raccogligoccia rimovibile &nbsp; Il vassoio SQUARE \u00e8 dotato di un vassoio raccogligoccia forato in acciaio inossidabile per le bustine di t\u00e8 e i cucchiaini usati. Il vassoio \u00e8 rimovibile e quindi facile da pulire.  Comodo e spazioso &nbsp; Questo vassoio da t\u00e8 compatto ha spazio sufficiente per riporre diversi tipi di articoli. Gli scomparti hanno bordi arrotondati per facilitare la pulizia.  Antifurto &nbsp; Grazie al blocco antifurto, \u00e8 possibile fissare facilmente il cavo della base del bollitore alla base del vassoio.  ABS resistente al calore &nbsp; SQUARE \u00e8 realizzato in plastica ABS (con un\u2019esclusiva struttura in legno) resistente al calore, all\u2019acqua, alle macchie e ai graffi. Elegante. Resistente. Ultra compatto. &nbsp; Questi sono i punti forza del vassoio di benvenuto B-TRAY SQUARE.  Molte persone pensano che questo vassoio per caff\u00e8 e t\u00e8 sia fatto in legno massello, ma in realt\u00e0 si tratta di ABS plastica di alta qualit\u00e0, con finiture in legno uniche. Offre un\u2019eccellente resistenza al calore, acqua, macchie e graffi. Inoltre, ABS, \u00e8 meno costoso del legno massiccio.  Un\u2019altra componentistica unica \u00e8 la vaschetta per la raccolta, fatta in acciaio inox e rimovibile, adatta alle bustine da t\u00e8 usate e cucchiaini. Questa elimina il bisogno di usare i piattini.\" \/>\n<meta property=\"og:url\" content=\"https:\/\/www.ghiblievo.com\/it\/prodotto\/vassoio-di-benvenuto-compatto-square\/\" \/>\n<meta property=\"og:site_name\" content=\"Ghibli Evo\" \/>\n<meta property=\"article:publisher\" content=\"https:\/\/www.facebook.com\/ghiblievo\" \/>\n<meta property=\"article:modified_time\" content=\"2025-02-07T10:41:49+00:00\" \/>\n<meta property=\"og:image\" content=\"https:\/\/www.ghiblievo.com\/wp-content\/uploads\/2024\/01\/Hospitality-tray-SQUARE-Kettle-STYLE-1.0L-WhiteCups-jpg.webp\" \/>\n\t<meta property=\"og:image:width\" content=\"1200\" \/>\n\t<meta property=\"og:image:height\" content=\"800\" \/>\n\t<meta property=\"og:image:type\" content=\"image\/jpeg\" \/>\n<meta name=\"twitter:card\" content=\"summary_large_image\" \/>\n<meta name=\"twitter:label1\" content=\"Prezzo\" \/>\n\t<meta name=\"twitter:data1\" content=\"&euro;20.00\" \/>\n\t<meta name=\"twitter:label2\" content=\"Disponibilit\u00e0\" \/>\n\t<meta name=\"twitter:data2\" content=\"In stock\" \/>\n<script type=\"application\/ld+json\" class=\"yoast-schema-graph\">{\"@context\":\"https:\/\/schema.org\",\"@graph\":[{\"@type\":\"WebPage\",\"@id\":\"https:\/\/www.ghiblievo.com\/it\/prodotto\/vassoio-di-benvenuto-compatto-square\/\",\"url\":\"https:\/\/www.ghiblievo.com\/it\/prodotto\/vassoio-di-benvenuto-compatto-square\/\",\"name\":\"Vassoio di benvenuto compatto - SQUARE - Ghibli Evo\",\"isPartOf\":{\"@id\":\"https:\/\/www.ghiblievo.com\/it\/#website\"},\"primaryImageOfPage\":{\"@id\":\"https:\/\/www.ghiblievo.com\/it\/prodotto\/vassoio-di-benvenuto-compatto-square\/#primaryimage\"},\"image\":{\"@id\":\"https:\/\/www.ghiblievo.com\/it\/prodotto\/vassoio-di-benvenuto-compatto-square\/#primaryimage\"},\"thumbnailUrl\":\"https:\/\/www.ghiblievo.com\/wp-content\/uploads\/2024\/01\/Hospitality-tray-SQUARE-Kettle-STYLE-1.0L-WhiteCups-jpg.webp\",\"datePublished\":\"2024-01-24T14:04:38+00:00\",\"dateModified\":\"2025-02-07T10:41:49+00:00\",\"description\":\"Vassoio di benvenuto compatto: ABS resistente al calore, con struttura in legno, Dimensioni ridotte, 3 compartimenti per sacchetti e cucchiai\",\"breadcrumb\":{\"@id\":\"https:\/\/www.ghiblievo.com\/it\/prodotto\/vassoio-di-benvenuto-compatto-square\/#breadcrumb\"},\"inLanguage\":\"it-IT\",\"potentialAction\":[{\"@type\":\"ReadAction\",\"target\":[\"https:\/\/www.ghiblievo.com\/it\/prodotto\/vassoio-di-benvenuto-compatto-square\/\"]}]},{\"@type\":\"ImageObject\",\"inLanguage\":\"it-IT\",\"@id\":\"https:\/\/www.ghiblievo.com\/it\/prodotto\/vassoio-di-benvenuto-compatto-square\/#primaryimage\",\"url\":\"https:\/\/www.ghiblievo.com\/wp-content\/uploads\/2024\/01\/Hospitality-tray-SQUARE-Kettle-STYLE-1.0L-WhiteCups-jpg.webp\",\"contentUrl\":\"https:\/\/www.ghiblievo.com\/wp-content\/uploads\/2024\/01\/Hospitality-tray-SQUARE-Kettle-STYLE-1.0L-WhiteCups-jpg.webp\",\"width\":1200,\"height\":800,\"caption\":\"Vassoio di benvenuto compatto - SQUARE\"},{\"@type\":\"BreadcrumbList\",\"@id\":\"https:\/\/www.ghiblievo.com\/it\/prodotto\/vassoio-di-benvenuto-compatto-square\/#breadcrumb\",\"itemListElement\":[{\"@type\":\"ListItem\",\"position\":1,\"name\":\"Home\",\"item\":\"https:\/\/www.ghiblievo.com\/it\/\"},{\"@type\":\"ListItem\",\"position\":2,\"name\":\"Shop\",\"item\":\"https:\/\/www.ghiblievo.com\/it\/shop-it\/\"},{\"@type\":\"ListItem\",\"position\":3,\"name\":\"Vassoi di Cortesia\",\"item\":\"https:\/\/www.ghiblievo.com\/it\/categoria-prodotto\/vassoi-di-cortesia\/\"},{\"@type\":\"ListItem\",\"position\":4,\"name\":\"Vassoio di benvenuto compatto &#8211; SQUARE\"}]},{\"@type\":\"WebSite\",\"@id\":\"https:\/\/www.ghiblievo.com\/it\/#website\",\"url\":\"https:\/\/www.ghiblievo.com\/it\/\",\"name\":\"Ghibli Evo\",\"description\":\"Hair Dryers for Hotel - Wall Mounted Hair Dryer\",\"publisher\":{\"@id\":\"https:\/\/www.ghiblievo.com\/it\/#organization\"},\"potentialAction\":[{\"@type\":\"SearchAction\",\"target\":{\"@type\":\"EntryPoint\",\"urlTemplate\":\"https:\/\/www.ghiblievo.com\/it\/?s={search_term_string}\"},\"query-input\":{\"@type\":\"PropertyValueSpecification\",\"valueRequired\":true,\"valueName\":\"search_term_string\"}}],\"inLanguage\":\"it-IT\"},{\"@type\":\"Organization\",\"@id\":\"https:\/\/www.ghiblievo.com\/it\/#organization\",\"name\":\"Ghibli Evo\",\"url\":\"https:\/\/www.ghiblievo.com\/it\/\",\"logo\":{\"@type\":\"ImageObject\",\"inLanguage\":\"it-IT\",\"@id\":\"https:\/\/www.ghiblievo.com\/it\/#\/schema\/logo\/image\/\",\"url\":\"https:\/\/www.ghiblievo.com\/wp-content\/uploads\/2019\/09\/Emblema_HUB-footer.png\",\"contentUrl\":\"https:\/\/www.ghiblievo.com\/wp-content\/uploads\/2019\/09\/Emblema_HUB-footer.png\",\"width\":300,\"height\":291,\"caption\":\"Ghibli Evo\"},\"image\":{\"@id\":\"https:\/\/www.ghiblievo.com\/it\/#\/schema\/logo\/image\/\"},\"sameAs\":[\"https:\/\/www.facebook.com\/ghiblievo\",\"https:\/\/www.instagram.com\/ghiblievo\/\"],\"description\":\"Ghiblievo is specialized in hotel supplies, bathroom accessories for hotel and hair dryer\",\"email\":\"info@ghiblievo.com\",\"telephone\":\"+39 338 4733486\",\"foundingDate\":\"2009-01-01\",\"vatID\":\"IT 03607430166\"}]}<\/script>\n<meta property=\"product:price:amount\" content=\"20.00\" \/>\n<meta property=\"product:price:currency\" content=\"EUR\" \/>\n<meta property=\"og:availability\" content=\"instock\" \/>\n<meta property=\"product:availability\" content=\"instock\" \/>\n<meta property=\"product:condition\" content=\"new\" \/>\n<!-- \/ Yoast SEO Premium plugin. -->","yoast_head_json":{"title":"Vassoio di benvenuto compatto - SQUARE - Ghibli Evo","description":"Vassoio di benvenuto compatto: ABS resistente al calore, con struttura in legno, Dimensioni ridotte, 3 compartimenti per sacchetti e cucchiai","robots":{"index":"index","follow":"follow","max-snippet":"max-snippet:-1","max-image-preview":"max-image-preview:large","max-video-preview":"max-video-preview:-1"},"canonical":"https:\/\/www.ghiblievo.com\/it\/prodotto\/vassoio-di-benvenuto-compatto-square\/","og_locale":"it_IT","og_type":"article","og_title":"Vassoio di benvenuto compatto - SQUARE","og_description":"Vassoio di benvenuto compatto SQUARE | Plastica nera       ABS resistente al calore, con struttura in legno  Autoestinguente (ABS ignifugo in classe V0-5VB a norme americane UL-94)  Dimensioni ridotte, occupa poco spazio  3 compartimenti per sacchetti e cucchiai  Antifurto: il cavo si pu\u00f2 fissare alla base del vassoio  Vaschetta gocciolante per bustine di t\u00e8 usate e cucchiaini  Prezzo interessante e garanzia di 2&nbsp;anni  Questo vassoio di benvenuto compatto \u00e8 disponibile con bollitore e tazze (opzionale).  Vassoio raccogligoccia rimovibile &nbsp; Il vassoio SQUARE \u00e8 dotato di un vassoio raccogligoccia forato in acciaio inossidabile per le bustine di t\u00e8 e i cucchiaini usati. Il vassoio \u00e8 rimovibile e quindi facile da pulire.  Comodo e spazioso &nbsp; Questo vassoio da t\u00e8 compatto ha spazio sufficiente per riporre diversi tipi di articoli. Gli scomparti hanno bordi arrotondati per facilitare la pulizia.  Antifurto &nbsp; Grazie al blocco antifurto, \u00e8 possibile fissare facilmente il cavo della base del bollitore alla base del vassoio.  ABS resistente al calore &nbsp; SQUARE \u00e8 realizzato in plastica ABS (con un\u2019esclusiva struttura in legno) resistente al calore, all\u2019acqua, alle macchie e ai graffi. Elegante. Resistente. Ultra compatto. &nbsp; Questi sono i punti forza del vassoio di benvenuto B-TRAY SQUARE.  Molte persone pensano che questo vassoio per caff\u00e8 e t\u00e8 sia fatto in legno massello, ma in realt\u00e0 si tratta di ABS plastica di alta qualit\u00e0, con finiture in legno uniche. Offre un\u2019eccellente resistenza al calore, acqua, macchie e graffi. Inoltre, ABS, \u00e8 meno costoso del legno massiccio.  Un\u2019altra componentistica unica \u00e8 la vaschetta per la raccolta, fatta in acciaio inox e rimovibile, adatta alle bustine da t\u00e8 usate e cucchiaini. Questa elimina il bisogno di usare i piattini.","og_url":"https:\/\/www.ghiblievo.com\/it\/prodotto\/vassoio-di-benvenuto-compatto-square\/","og_site_name":"Ghibli Evo","article_publisher":"https:\/\/www.facebook.com\/ghiblievo","article_modified_time":"2025-02-07T10:41:49+00:00","og_image":[{"width":1200,"height":800,"url":"https:\/\/www.ghiblievo.com\/wp-content\/uploads\/2024\/01\/Hospitality-tray-SQUARE-Kettle-STYLE-1.0L-WhiteCups-jpg.webp","type":"image\/jpeg"}],"twitter_card":"summary_large_image","twitter_misc":{"Prezzo":"&euro;20.00","Disponibilit\u00e0":"In stock"},"schema":{"@context":"https:\/\/schema.org","@graph":[{"@type":"WebPage","@id":"https:\/\/www.ghiblievo.com\/it\/prodotto\/vassoio-di-benvenuto-compatto-square\/","url":"https:\/\/www.ghiblievo.com\/it\/prodotto\/vassoio-di-benvenuto-compatto-square\/","name":"Vassoio di benvenuto compatto - SQUARE - Ghibli Evo","isPartOf":{"@id":"https:\/\/www.ghiblievo.com\/it\/#website"},"primaryImageOfPage":{"@id":"https:\/\/www.ghiblievo.com\/it\/prodotto\/vassoio-di-benvenuto-compatto-square\/#primaryimage"},"image":{"@id":"https:\/\/www.ghiblievo.com\/it\/prodotto\/vassoio-di-benvenuto-compatto-square\/#primaryimage"},"thumbnailUrl":"https:\/\/www.ghiblievo.com\/wp-content\/uploads\/2024\/01\/Hospitality-tray-SQUARE-Kettle-STYLE-1.0L-WhiteCups-jpg.webp","datePublished":"2024-01-24T14:04:38+00:00","dateModified":"2025-02-07T10:41:49+00:00","description":"Vassoio di benvenuto compatto: ABS resistente al calore, con struttura in legno, Dimensioni ridotte, 3 compartimenti per sacchetti e cucchiai","breadcrumb":{"@id":"https:\/\/www.ghiblievo.com\/it\/prodotto\/vassoio-di-benvenuto-compatto-square\/#breadcrumb"},"inLanguage":"it-IT","potentialAction":[{"@type":"ReadAction","target":["https:\/\/www.ghiblievo.com\/it\/prodotto\/vassoio-di-benvenuto-compatto-square\/"]}]},{"@type":"ImageObject","inLanguage":"it-IT","@id":"https:\/\/www.ghiblievo.com\/it\/prodotto\/vassoio-di-benvenuto-compatto-square\/#primaryimage","url":"https:\/\/www.ghiblievo.com\/wp-content\/uploads\/2024\/01\/Hospitality-tray-SQUARE-Kettle-STYLE-1.0L-WhiteCups-jpg.webp","contentUrl":"https:\/\/www.ghiblievo.com\/wp-content\/uploads\/2024\/01\/Hospitality-tray-SQUARE-Kettle-STYLE-1.0L-WhiteCups-jpg.webp","width":1200,"height":800,"caption":"Vassoio di benvenuto compatto - SQUARE"},{"@type":"BreadcrumbList","@id":"https:\/\/www.ghiblievo.com\/it\/prodotto\/vassoio-di-benvenuto-compatto-square\/#breadcrumb","itemListElement":[{"@type":"ListItem","position":1,"name":"Home","item":"https:\/\/www.ghiblievo.com\/it\/"},{"@type":"ListItem","position":2,"name":"Shop","item":"https:\/\/www.ghiblievo.com\/it\/shop-it\/"},{"@type":"ListItem","position":3,"name":"Vassoi di Cortesia","item":"https:\/\/www.ghiblievo.com\/it\/categoria-prodotto\/vassoi-di-cortesia\/"},{"@type":"ListItem","position":4,"name":"Vassoio di benvenuto compatto &#8211; SQUARE"}]},{"@type":"WebSite","@id":"https:\/\/www.ghiblievo.com\/it\/#website","url":"https:\/\/www.ghiblievo.com\/it\/","name":"Ghibli Evo","description":"Hair Dryers for Hotel - Wall Mounted Hair Dryer","publisher":{"@id":"https:\/\/www.ghiblievo.com\/it\/#organization"},"potentialAction":[{"@type":"SearchAction","target":{"@type":"EntryPoint","urlTemplate":"https:\/\/www.ghiblievo.com\/it\/?s={search_term_string}"},"query-input":{"@type":"PropertyValueSpecification","valueRequired":true,"valueName":"search_term_string"}}],"inLanguage":"it-IT"},{"@type":"Organization","@id":"https:\/\/www.ghiblievo.com\/it\/#organization","name":"Ghibli Evo","url":"https:\/\/www.ghiblievo.com\/it\/","logo":{"@type":"ImageObject","inLanguage":"it-IT","@id":"https:\/\/www.ghiblievo.com\/it\/#\/schema\/logo\/image\/","url":"https:\/\/www.ghiblievo.com\/wp-content\/uploads\/2019\/09\/Emblema_HUB-footer.png","contentUrl":"https:\/\/www.ghiblievo.com\/wp-content\/uploads\/2019\/09\/Emblema_HUB-footer.png","width":300,"height":291,"caption":"Ghibli Evo"},"image":{"@id":"https:\/\/www.ghiblievo.com\/it\/#\/schema\/logo\/image\/"},"sameAs":["https:\/\/www.facebook.com\/ghiblievo","https:\/\/www.instagram.com\/ghiblievo\/"],"description":"Ghiblievo is specialized in hotel supplies, bathroom accessories for hotel and hair dryer","email":"info@ghiblievo.com","telephone":"+39 338 4733486","foundingDate":"2009-01-01","vatID":"IT 03607430166"}]},"product_price_amount":"20.00","product_price_currency":"EUR","og_availability":"instock","product_availability":"instock","product_condition":"new"},"_links":{"self":[{"href":"https:\/\/www.ghiblievo.com\/it\/wp-json\/wp\/v2\/product\/29038","targetHints":{"allow":["GET"]}}],"collection":[{"href":"https:\/\/www.ghiblievo.com\/it\/wp-json\/wp\/v2\/product"}],"about":[{"href":"https:\/\/www.ghiblievo.com\/it\/wp-json\/wp\/v2\/types\/product"}],"replies":[{"embeddable":true,"href":"https:\/\/www.ghiblievo.com\/it\/wp-json\/wp\/v2\/comments?post=29038"}],"version-history":[{"count":0,"href":"https:\/\/www.ghiblievo.com\/it\/wp-json\/wp\/v2\/product\/29038\/revisions"}],"wp:featuredmedia":[{"embeddable":true,"href":"https:\/\/www.ghiblievo.com\/it\/wp-json\/wp\/v2\/media\/30317"}],"wp:attachment":[{"href":"https:\/\/www.ghiblievo.com\/it\/wp-json\/wp\/v2\/media?parent=29038"}],"wp:term":[{"taxonomy":"product_cat","embeddable":true,"href":"https:\/\/www.ghiblievo.com\/it\/wp-json\/wp\/v2\/product_cat?post=29038"},{"taxonomy":"product_tag","embeddable":true,"href":"https:\/\/www.ghiblievo.com\/it\/wp-json\/wp\/v2\/product_tag?post=29038"}],"curies":[{"name":"wp","href":"https:\/\/api.w.org\/{rel}","templated":true}]}}