{"id":28916,"date":"2024-01-24T14:31:53","date_gmt":"2024-01-24T13:42:51","guid":{"rendered":"https:\/\/www.ghiblievo.com\/?post_type=product&#038;p=28916"},"modified":"2025-02-07T11:08:13","modified_gmt":"2025-02-07T10:08:13","slug":"set-bollitore-per-hotel-stay","status":"publish","type":"product","link":"https:\/\/www.ghiblievo.com\/it\/prodotto\/set-bollitore-per-hotel-stay\/","title":{"rendered":"Set bollitore per hotel &#8211; STAY"},"content":{"rendered":"<p>Materiale vassoio: ABS plastica, nero &#8211; <strong>Autoestinguente (ABS ignifugo in classe V0-5VB a norme americane UL-94)<\/strong><br \/>\nFinitura: Resistente al calore<br \/>\n<strong>Dimensioni vassoio<\/strong><br \/>\nL356 x P240 x A38mm<br \/>\nL\u2019altezza incluso bollitore: 210\/250mm<br \/>\n<strong>Compartimenti<\/strong><br \/>\n\u2013 Per bustine di t\u00e8: L69 x P104 x H20mm (2x)<br \/>\n\u2013 Per bustine di zucchero: L140 x P35 x H20mm (1x)<br \/>\n\u2013 Per la base del bollitore: \u00d8 145mm<br \/>\n<strong>Dettagli<\/strong><br \/>\nIn basso<br \/>\n4 cuscinetti in silicone trasparente<br \/>\nSistema antifurto sulla base del bollitore<br \/>\n<strong>Istruzione di pulizia<\/strong><br \/>\n<a href=\"https:\/\/btray.com\/download\/Cleaning_Instructions_Kettles_and_Trays_B-TRAY.pdf\">Istruzione di pulizia<\/a><\/p>\n","protected":false},"excerpt":{"rendered":"<div class=\"elementor-element elementor-element-6d45aab elementor-widget elementor-widget-heading\" data-id=\"6d45aab\" data-element_type=\"widget\" data-widget_type=\"heading.default\">\n<div class=\"elementor-widget-container\">\n<h5 class=\"elementor-heading-title elementor-size-default\">Set bollitore per hotel STAY | ABS<\/h5>\n<\/div>\n<\/div>\n<div class=\"elementor-element elementor-element-50777bb elementor-widget elementor-widget-text-editor\" data-id=\"50777bb\" data-element_type=\"widget\" data-widget_type=\"text-editor.default\">\n<div class=\"elementor-widget-container\">\n<ul>\n<li>ABS resistente al calore, con struttura in legno<\/li>\n<li><strong>Autoestinguente (ABS ignifugo in classe V0-5VB a norme americane UL-94)<\/strong><\/li>\n<li>Vaschetta gocciolante per bustine di t\u00e8 usate e cucchiaini<\/li>\n<li>Antifurto: il cavo si pu\u00f2 fissare alla base del vassoio<\/li>\n<li>Facile da pulire (bordi completamente arrotondati)<\/li>\n<li>Garanzia di 2&nbsp;anni<\/li>\n<\/ul>\n<p>Questo \u201cSet bollitore per hotel\u201d \u00e8 disponibile con bollitore, porta brochure A5 e tazze (opzionale).<\/p>\n<p><strong>ABS resistente al calore<\/strong><br \/>\n&nbsp;<br \/>\nIl vassoio di cortesia STAY \u00e8 realizzato in plastica ABS termoresistente per offrire un\u2019eccellente resistenza al calore, all\u2019acqua, alle macchie e ai graffi. La superficie presenta un\u2019esclusiva struttura in legno.<\/p>\n<p><strong>Comodo e spazioso<\/strong><br \/>\n&nbsp;<br \/>\nIl vassoio dispone di spazio sufficiente per riporre diversi tipi di ingredienti per caff\u00e8 e t\u00e8 (bustine di t\u00e8, bustine di zucchero e latte, ecc.) e cucchiaini.<\/p>\n<p><strong>Antifurto<\/strong><br \/>\n&nbsp;<br \/>\nGrazie al blocco antifurto, \u00e8 possibile collegare facilmente il cavo della base del bollitore alla base del vassoio.<\/p>\n<p><strong>Porta brochure A5<\/strong><br \/>\n&nbsp;<br \/>\n\u00c8 possibile integrare un supporto per brochure A5 in cui riporre informazioni sulle offerte o sui canali televisivi per i vostri ospiti, risparmiando cos\u00ec spazio prezioso sulla scrivania o sul com\u00f2.<\/p>\n<h4>Vassoio di cortesia resistente al calore ABS con struttura in legno<\/h4>\n<p>Il vassoio B-TRAY STAY \u00e8 un vassoio di benvenuto (hospitality tray), fatto in ABS durevole, con una struttura in legno. Un vassoio porta caff\u00e8 e t\u00e8 in alta qualit\u00e0, che ti mostrer\u00e0 come un vassoio di benvenuto in plastica possa apparire all\u2019avanguardia ed alla moda!<\/p>\n<p>Per risparmiare spazio sulla scrivania o comodino, \u00e8 possibile integrare un supporto A5 per un opuscolo o brochure. Inoltre, questo vassoio di benvenuto unico, \u00e8 dotato di una \u201cvaschetta di raccolta\u201d rimovibile, fatta in acciaio inox, adatta per bustine di t\u00e8 usate e cucchiaini.<\/p>\n<p>Il vassoio STAY, \u00e8 attualmente disponibile in colore nero.<\/p>\n<\/div>\n<\/div>\n","protected":false},"featured_media":30115,"comment_status":"open","ping_status":"closed","template":"","meta":{"_acf_changed":false,"ngg_post_thumbnail":0,"footnotes":""},"product_cat":[992],"product_tag":[994],"class_list":{"0":"post-28916","1":"product","2":"type-product","3":"status-publish","4":"has-post-thumbnail","6":"product_cat-vassoi-di-cortesia","7":"product_tag-b-tray-it","9":"first","10":"instock","11":"shipping-taxable","12":"purchasable","13":"product-type-simple"},"acf":[],"yoast_head":"<!-- This site is optimized with the Yoast SEO Premium plugin v26.7 (Yoast SEO v26.7) - https:\/\/yoast.com\/wordpress\/plugins\/seo\/ -->\n<title>Set bollitore per hotel - STAY - Ghibli Evo<\/title>\n<meta name=\"description\" content=\"Set bollitore per hotel: ABS resistente al calore, con struttura in legno, Vaschetta gocciolante per bustine di t\u00e8 usate e cucchiaini\" \/>\n<meta name=\"robots\" content=\"index, follow, max-snippet:-1, max-image-preview:large, max-video-preview:-1\" \/>\n<link rel=\"canonical\" href=\"https:\/\/www.ghiblievo.com\/it\/prodotto\/set-bollitore-per-hotel-stay\/\" \/>\n<meta property=\"og:locale\" content=\"it_IT\" \/>\n<meta property=\"og:type\" content=\"article\" \/>\n<meta property=\"og:title\" content=\"Set bollitore per hotel - STAY\" \/>\n<meta property=\"og:description\" content=\"Set bollitore per hotel STAY | ABS       ABS resistente al calore, con struttura in legno  Autoestinguente (ABS ignifugo in classe V0-5VB a norme americane UL-94)  Vaschetta gocciolante per bustine di t\u00e8 usate e cucchiaini  Antifurto: il cavo si pu\u00f2 fissare alla base del vassoio  Facile da pulire (bordi completamente arrotondati)  Garanzia di 2&nbsp;anni  Questo \u201cSet bollitore per hotel\u201d \u00e8 disponibile con bollitore, porta brochure A5 e tazze (opzionale).  ABS resistente al calore &nbsp; Il vassoio di cortesia STAY \u00e8 realizzato in plastica ABS termoresistente per offrire un\u2019eccellente resistenza al calore, all\u2019acqua, alle macchie e ai graffi. La superficie presenta un\u2019esclusiva struttura in legno.  Comodo e spazioso &nbsp; Il vassoio dispone di spazio sufficiente per riporre diversi tipi di ingredienti per caff\u00e8 e t\u00e8 (bustine di t\u00e8, bustine di zucchero e latte, ecc.) e cucchiaini.  Antifurto &nbsp; Grazie al blocco antifurto, \u00e8 possibile collegare facilmente il cavo della base del bollitore alla base del vassoio.  Porta brochure A5 &nbsp; \u00c8 possibile integrare un supporto per brochure A5 in cui riporre informazioni sulle offerte o sui canali televisivi per i vostri ospiti, risparmiando cos\u00ec spazio prezioso sulla scrivania o sul com\u00f2. Vassoio di cortesia resistente al calore ABS con struttura in legno Il vassoio B-TRAY STAY \u00e8 un vassoio di benvenuto (hospitality tray), fatto in ABS durevole, con una struttura in legno. Un vassoio porta caff\u00e8 e t\u00e8 in alta qualit\u00e0, che ti mostrer\u00e0 come un vassoio di benvenuto in plastica possa apparire all\u2019avanguardia ed alla moda!  Per risparmiare spazio sulla scrivania o comodino, \u00e8 possibile integrare un supporto A5 per un opuscolo o brochure. Inoltre, questo vassoio di benvenuto unico, \u00e8 dotato di una \u201cvaschetta di raccolta\u201d rimovibile, fatta in acciaio inox, adatta per bustine di t\u00e8 usate e cucchiaini.  Il vassoio STAY, \u00e8 attualmente disponibile in colore nero.\" \/>\n<meta property=\"og:url\" content=\"https:\/\/www.ghiblievo.com\/it\/prodotto\/set-bollitore-per-hotel-stay\/\" \/>\n<meta property=\"og:site_name\" content=\"Ghibli Evo\" \/>\n<meta property=\"article:publisher\" content=\"https:\/\/www.facebook.com\/ghiblievo\" \/>\n<meta property=\"article:modified_time\" content=\"2025-02-07T10:08:13+00:00\" \/>\n<meta property=\"og:image\" content=\"https:\/\/www.ghiblievo.com\/wp-content\/uploads\/2024\/01\/HospitalityTray-STAY-Kettle-STYLE-1.0L-Leaflet-RedCups-jpg.webp\" \/>\n\t<meta property=\"og:image:width\" content=\"1200\" \/>\n\t<meta property=\"og:image:height\" content=\"800\" \/>\n\t<meta property=\"og:image:type\" content=\"image\/jpeg\" \/>\n<meta name=\"twitter:card\" content=\"summary_large_image\" \/>\n<meta name=\"twitter:label1\" content=\"Prezzo\" \/>\n\t<meta name=\"twitter:data1\" content=\"&euro;22.00\" \/>\n\t<meta name=\"twitter:label2\" content=\"Disponibilit\u00e0\" \/>\n\t<meta name=\"twitter:data2\" content=\"In stock\" \/>\n<script type=\"application\/ld+json\" class=\"yoast-schema-graph\">{\"@context\":\"https:\/\/schema.org\",\"@graph\":[{\"@type\":\"WebPage\",\"@id\":\"https:\/\/www.ghiblievo.com\/it\/prodotto\/set-bollitore-per-hotel-stay\/\",\"url\":\"https:\/\/www.ghiblievo.com\/it\/prodotto\/set-bollitore-per-hotel-stay\/\",\"name\":\"Set bollitore per hotel - STAY - Ghibli Evo\",\"isPartOf\":{\"@id\":\"https:\/\/www.ghiblievo.com\/it\/#website\"},\"primaryImageOfPage\":{\"@id\":\"https:\/\/www.ghiblievo.com\/it\/prodotto\/set-bollitore-per-hotel-stay\/#primaryimage\"},\"image\":{\"@id\":\"https:\/\/www.ghiblievo.com\/it\/prodotto\/set-bollitore-per-hotel-stay\/#primaryimage\"},\"thumbnailUrl\":\"https:\/\/www.ghiblievo.com\/wp-content\/uploads\/2024\/01\/HospitalityTray-STAY-Kettle-STYLE-1.0L-Leaflet-RedCups-jpg.webp\",\"datePublished\":\"2024-01-24T13:42:51+00:00\",\"dateModified\":\"2025-02-07T10:08:13+00:00\",\"description\":\"Set bollitore per hotel: ABS resistente al calore, con struttura in legno, Vaschetta gocciolante per bustine di t\u00e8 usate e cucchiaini\",\"breadcrumb\":{\"@id\":\"https:\/\/www.ghiblievo.com\/it\/prodotto\/set-bollitore-per-hotel-stay\/#breadcrumb\"},\"inLanguage\":\"it-IT\",\"potentialAction\":[{\"@type\":\"ReadAction\",\"target\":[\"https:\/\/www.ghiblievo.com\/it\/prodotto\/set-bollitore-per-hotel-stay\/\"]}]},{\"@type\":\"ImageObject\",\"inLanguage\":\"it-IT\",\"@id\":\"https:\/\/www.ghiblievo.com\/it\/prodotto\/set-bollitore-per-hotel-stay\/#primaryimage\",\"url\":\"https:\/\/www.ghiblievo.com\/wp-content\/uploads\/2024\/01\/HospitalityTray-STAY-Kettle-STYLE-1.0L-Leaflet-RedCups-jpg.webp\",\"contentUrl\":\"https:\/\/www.ghiblievo.com\/wp-content\/uploads\/2024\/01\/HospitalityTray-STAY-Kettle-STYLE-1.0L-Leaflet-RedCups-jpg.webp\",\"width\":1200,\"height\":800,\"caption\":\"Set bollitore per hotel - STAY\"},{\"@type\":\"BreadcrumbList\",\"@id\":\"https:\/\/www.ghiblievo.com\/it\/prodotto\/set-bollitore-per-hotel-stay\/#breadcrumb\",\"itemListElement\":[{\"@type\":\"ListItem\",\"position\":1,\"name\":\"Home\",\"item\":\"https:\/\/www.ghiblievo.com\/it\/\"},{\"@type\":\"ListItem\",\"position\":2,\"name\":\"Shop\",\"item\":\"https:\/\/www.ghiblievo.com\/it\/shop-it\/\"},{\"@type\":\"ListItem\",\"position\":3,\"name\":\"Vassoi di Cortesia\",\"item\":\"https:\/\/www.ghiblievo.com\/it\/categoria-prodotto\/vassoi-di-cortesia\/\"},{\"@type\":\"ListItem\",\"position\":4,\"name\":\"Set bollitore per hotel &#8211; STAY\"}]},{\"@type\":\"WebSite\",\"@id\":\"https:\/\/www.ghiblievo.com\/it\/#website\",\"url\":\"https:\/\/www.ghiblievo.com\/it\/\",\"name\":\"Ghibli Evo\",\"description\":\"Hair Dryers for Hotel - Wall Mounted Hair Dryer\",\"publisher\":{\"@id\":\"https:\/\/www.ghiblievo.com\/it\/#organization\"},\"potentialAction\":[{\"@type\":\"SearchAction\",\"target\":{\"@type\":\"EntryPoint\",\"urlTemplate\":\"https:\/\/www.ghiblievo.com\/it\/?s={search_term_string}\"},\"query-input\":{\"@type\":\"PropertyValueSpecification\",\"valueRequired\":true,\"valueName\":\"search_term_string\"}}],\"inLanguage\":\"it-IT\"},{\"@type\":\"Organization\",\"@id\":\"https:\/\/www.ghiblievo.com\/it\/#organization\",\"name\":\"Ghibli Evo\",\"url\":\"https:\/\/www.ghiblievo.com\/it\/\",\"logo\":{\"@type\":\"ImageObject\",\"inLanguage\":\"it-IT\",\"@id\":\"https:\/\/www.ghiblievo.com\/it\/#\/schema\/logo\/image\/\",\"url\":\"https:\/\/www.ghiblievo.com\/wp-content\/uploads\/2019\/09\/Emblema_HUB-footer.png\",\"contentUrl\":\"https:\/\/www.ghiblievo.com\/wp-content\/uploads\/2019\/09\/Emblema_HUB-footer.png\",\"width\":300,\"height\":291,\"caption\":\"Ghibli Evo\"},\"image\":{\"@id\":\"https:\/\/www.ghiblievo.com\/it\/#\/schema\/logo\/image\/\"},\"sameAs\":[\"https:\/\/www.facebook.com\/ghiblievo\",\"https:\/\/www.instagram.com\/ghiblievo\/\"],\"description\":\"Ghiblievo is specialized in hotel supplies, bathroom accessories for hotel and hair dryer\",\"email\":\"info@ghiblievo.com\",\"telephone\":\"+39 338 4733486\",\"foundingDate\":\"2009-01-01\",\"vatID\":\"IT 03607430166\"}]}<\/script>\n<meta property=\"product:price:amount\" content=\"22.00\" \/>\n<meta property=\"product:price:currency\" content=\"EUR\" \/>\n<meta property=\"og:availability\" content=\"instock\" \/>\n<meta property=\"product:availability\" content=\"instock\" \/>\n<meta property=\"product:condition\" content=\"new\" \/>\n<!-- \/ Yoast SEO Premium plugin. -->","yoast_head_json":{"title":"Set bollitore per hotel - STAY - Ghibli Evo","description":"Set bollitore per hotel: ABS resistente al calore, con struttura in legno, Vaschetta gocciolante per bustine di t\u00e8 usate e cucchiaini","robots":{"index":"index","follow":"follow","max-snippet":"max-snippet:-1","max-image-preview":"max-image-preview:large","max-video-preview":"max-video-preview:-1"},"canonical":"https:\/\/www.ghiblievo.com\/it\/prodotto\/set-bollitore-per-hotel-stay\/","og_locale":"it_IT","og_type":"article","og_title":"Set bollitore per hotel - STAY","og_description":"Set bollitore per hotel STAY | ABS       ABS resistente al calore, con struttura in legno  Autoestinguente (ABS ignifugo in classe V0-5VB a norme americane UL-94)  Vaschetta gocciolante per bustine di t\u00e8 usate e cucchiaini  Antifurto: il cavo si pu\u00f2 fissare alla base del vassoio  Facile da pulire (bordi completamente arrotondati)  Garanzia di 2&nbsp;anni  Questo \u201cSet bollitore per hotel\u201d \u00e8 disponibile con bollitore, porta brochure A5 e tazze (opzionale).  ABS resistente al calore &nbsp; Il vassoio di cortesia STAY \u00e8 realizzato in plastica ABS termoresistente per offrire un\u2019eccellente resistenza al calore, all\u2019acqua, alle macchie e ai graffi. La superficie presenta un\u2019esclusiva struttura in legno.  Comodo e spazioso &nbsp; Il vassoio dispone di spazio sufficiente per riporre diversi tipi di ingredienti per caff\u00e8 e t\u00e8 (bustine di t\u00e8, bustine di zucchero e latte, ecc.) e cucchiaini.  Antifurto &nbsp; Grazie al blocco antifurto, \u00e8 possibile collegare facilmente il cavo della base del bollitore alla base del vassoio.  Porta brochure A5 &nbsp; \u00c8 possibile integrare un supporto per brochure A5 in cui riporre informazioni sulle offerte o sui canali televisivi per i vostri ospiti, risparmiando cos\u00ec spazio prezioso sulla scrivania o sul com\u00f2. Vassoio di cortesia resistente al calore ABS con struttura in legno Il vassoio B-TRAY STAY \u00e8 un vassoio di benvenuto (hospitality tray), fatto in ABS durevole, con una struttura in legno. Un vassoio porta caff\u00e8 e t\u00e8 in alta qualit\u00e0, che ti mostrer\u00e0 come un vassoio di benvenuto in plastica possa apparire all\u2019avanguardia ed alla moda!  Per risparmiare spazio sulla scrivania o comodino, \u00e8 possibile integrare un supporto A5 per un opuscolo o brochure. Inoltre, questo vassoio di benvenuto unico, \u00e8 dotato di una \u201cvaschetta di raccolta\u201d rimovibile, fatta in acciaio inox, adatta per bustine di t\u00e8 usate e cucchiaini.  Il vassoio STAY, \u00e8 attualmente disponibile in colore nero.","og_url":"https:\/\/www.ghiblievo.com\/it\/prodotto\/set-bollitore-per-hotel-stay\/","og_site_name":"Ghibli Evo","article_publisher":"https:\/\/www.facebook.com\/ghiblievo","article_modified_time":"2025-02-07T10:08:13+00:00","og_image":[{"width":1200,"height":800,"url":"https:\/\/www.ghiblievo.com\/wp-content\/uploads\/2024\/01\/HospitalityTray-STAY-Kettle-STYLE-1.0L-Leaflet-RedCups-jpg.webp","type":"image\/jpeg"}],"twitter_card":"summary_large_image","twitter_misc":{"Prezzo":"&euro;22.00","Disponibilit\u00e0":"In stock"},"schema":{"@context":"https:\/\/schema.org","@graph":[{"@type":"WebPage","@id":"https:\/\/www.ghiblievo.com\/it\/prodotto\/set-bollitore-per-hotel-stay\/","url":"https:\/\/www.ghiblievo.com\/it\/prodotto\/set-bollitore-per-hotel-stay\/","name":"Set bollitore per hotel - STAY - Ghibli Evo","isPartOf":{"@id":"https:\/\/www.ghiblievo.com\/it\/#website"},"primaryImageOfPage":{"@id":"https:\/\/www.ghiblievo.com\/it\/prodotto\/set-bollitore-per-hotel-stay\/#primaryimage"},"image":{"@id":"https:\/\/www.ghiblievo.com\/it\/prodotto\/set-bollitore-per-hotel-stay\/#primaryimage"},"thumbnailUrl":"https:\/\/www.ghiblievo.com\/wp-content\/uploads\/2024\/01\/HospitalityTray-STAY-Kettle-STYLE-1.0L-Leaflet-RedCups-jpg.webp","datePublished":"2024-01-24T13:42:51+00:00","dateModified":"2025-02-07T10:08:13+00:00","description":"Set bollitore per hotel: ABS resistente al calore, con struttura in legno, Vaschetta gocciolante per bustine di t\u00e8 usate e cucchiaini","breadcrumb":{"@id":"https:\/\/www.ghiblievo.com\/it\/prodotto\/set-bollitore-per-hotel-stay\/#breadcrumb"},"inLanguage":"it-IT","potentialAction":[{"@type":"ReadAction","target":["https:\/\/www.ghiblievo.com\/it\/prodotto\/set-bollitore-per-hotel-stay\/"]}]},{"@type":"ImageObject","inLanguage":"it-IT","@id":"https:\/\/www.ghiblievo.com\/it\/prodotto\/set-bollitore-per-hotel-stay\/#primaryimage","url":"https:\/\/www.ghiblievo.com\/wp-content\/uploads\/2024\/01\/HospitalityTray-STAY-Kettle-STYLE-1.0L-Leaflet-RedCups-jpg.webp","contentUrl":"https:\/\/www.ghiblievo.com\/wp-content\/uploads\/2024\/01\/HospitalityTray-STAY-Kettle-STYLE-1.0L-Leaflet-RedCups-jpg.webp","width":1200,"height":800,"caption":"Set bollitore per hotel - STAY"},{"@type":"BreadcrumbList","@id":"https:\/\/www.ghiblievo.com\/it\/prodotto\/set-bollitore-per-hotel-stay\/#breadcrumb","itemListElement":[{"@type":"ListItem","position":1,"name":"Home","item":"https:\/\/www.ghiblievo.com\/it\/"},{"@type":"ListItem","position":2,"name":"Shop","item":"https:\/\/www.ghiblievo.com\/it\/shop-it\/"},{"@type":"ListItem","position":3,"name":"Vassoi di Cortesia","item":"https:\/\/www.ghiblievo.com\/it\/categoria-prodotto\/vassoi-di-cortesia\/"},{"@type":"ListItem","position":4,"name":"Set bollitore per hotel &#8211; STAY"}]},{"@type":"WebSite","@id":"https:\/\/www.ghiblievo.com\/it\/#website","url":"https:\/\/www.ghiblievo.com\/it\/","name":"Ghibli Evo","description":"Hair Dryers for Hotel - Wall Mounted Hair Dryer","publisher":{"@id":"https:\/\/www.ghiblievo.com\/it\/#organization"},"potentialAction":[{"@type":"SearchAction","target":{"@type":"EntryPoint","urlTemplate":"https:\/\/www.ghiblievo.com\/it\/?s={search_term_string}"},"query-input":{"@type":"PropertyValueSpecification","valueRequired":true,"valueName":"search_term_string"}}],"inLanguage":"it-IT"},{"@type":"Organization","@id":"https:\/\/www.ghiblievo.com\/it\/#organization","name":"Ghibli Evo","url":"https:\/\/www.ghiblievo.com\/it\/","logo":{"@type":"ImageObject","inLanguage":"it-IT","@id":"https:\/\/www.ghiblievo.com\/it\/#\/schema\/logo\/image\/","url":"https:\/\/www.ghiblievo.com\/wp-content\/uploads\/2019\/09\/Emblema_HUB-footer.png","contentUrl":"https:\/\/www.ghiblievo.com\/wp-content\/uploads\/2019\/09\/Emblema_HUB-footer.png","width":300,"height":291,"caption":"Ghibli Evo"},"image":{"@id":"https:\/\/www.ghiblievo.com\/it\/#\/schema\/logo\/image\/"},"sameAs":["https:\/\/www.facebook.com\/ghiblievo","https:\/\/www.instagram.com\/ghiblievo\/"],"description":"Ghiblievo is specialized in hotel supplies, bathroom accessories for hotel and hair dryer","email":"info@ghiblievo.com","telephone":"+39 338 4733486","foundingDate":"2009-01-01","vatID":"IT 03607430166"}]},"product_price_amount":"22.00","product_price_currency":"EUR","og_availability":"instock","product_availability":"instock","product_condition":"new"},"_links":{"self":[{"href":"https:\/\/www.ghiblievo.com\/it\/wp-json\/wp\/v2\/product\/28916","targetHints":{"allow":["GET"]}}],"collection":[{"href":"https:\/\/www.ghiblievo.com\/it\/wp-json\/wp\/v2\/product"}],"about":[{"href":"https:\/\/www.ghiblievo.com\/it\/wp-json\/wp\/v2\/types\/product"}],"replies":[{"embeddable":true,"href":"https:\/\/www.ghiblievo.com\/it\/wp-json\/wp\/v2\/comments?post=28916"}],"version-history":[{"count":0,"href":"https:\/\/www.ghiblievo.com\/it\/wp-json\/wp\/v2\/product\/28916\/revisions"}],"wp:featuredmedia":[{"embeddable":true,"href":"https:\/\/www.ghiblievo.com\/it\/wp-json\/wp\/v2\/media\/30115"}],"wp:attachment":[{"href":"https:\/\/www.ghiblievo.com\/it\/wp-json\/wp\/v2\/media?parent=28916"}],"wp:term":[{"taxonomy":"product_cat","embeddable":true,"href":"https:\/\/www.ghiblievo.com\/it\/wp-json\/wp\/v2\/product_cat?post=28916"},{"taxonomy":"product_tag","embeddable":true,"href":"https:\/\/www.ghiblievo.com\/it\/wp-json\/wp\/v2\/product_tag?post=28916"}],"curies":[{"name":"wp","href":"https:\/\/api.w.org\/{rel}","templated":true}]}}