{"id":28637,"date":"2024-01-24T13:16:12","date_gmt":"2024-01-24T12:21:26","guid":{"rendered":"https:\/\/www.ghiblievo.com\/?post_type=product&#038;p=28637"},"modified":"2025-02-07T11:37:00","modified_gmt":"2025-02-07T10:37:00","slug":"vassoio-di-benvenuto-nero-opaco-siesta","status":"publish","type":"product","link":"https:\/\/www.ghiblievo.com\/it\/prodotto\/vassoio-di-benvenuto-nero-opaco-siesta\/","title":{"rendered":"Vassoio di benvenuto nero opaco &#8211; SIESTA"},"content":{"rendered":"<p><strong>Materiale Vassoio di benvenuto nero opaco<\/strong><br \/>\nABS plastica, nero &#8211; <strong>Autoestinguente (ABS ignifugo in classe V0-5VB a norme americane UL-94)<\/strong><br \/>\n<strong>Finitura<\/strong><br \/>\nResistente al calore<br \/>\n<strong>Dimensioni vassoio<\/strong><br \/>\nL432 x P362 x A40mm<br \/>\nL\u2019altezza incluso bollitore: 212\/252mm<br \/>\n<strong>Compartimenti<\/strong><br \/>\n\u2013 Per bustine di t\u00e8: L70 x P115 x A23mm (2x)<br \/>\n\u2013 Per bustine di zucchero: L150 x P40 x A23mm (1x)<br \/>\n\u2013 Per capsule di caff\u00e8: \u00d8 40mm (4x)<br \/>\n\u2013 Per la base del bollitore: \u00d8 145mm<br \/>\n<strong>Dettagli<\/strong><br \/>\nIn basso<br \/>\n4 cuscinetti in silicone trasparente<br \/>\nSistema antifurto sulla base del bollitore<br \/>\n<a href=\"https:\/\/btray.com\/download\/Cleaning_Instructions_Kettles_and_Trays_B-TRAY.pdf\"><strong>Istruzione di pulizia<\/strong><\/a><br \/>\nIstruzione di pulizia<\/p>\n","protected":false},"excerpt":{"rendered":"<div class=\"elementor-element elementor-element-725a87f elementor-widget elementor-widget-heading\" data-id=\"725a87f\" data-element_type=\"widget\" data-widget_type=\"heading.default\">\n<div class=\"elementor-widget-container\">\n<h5 class=\"elementor-heading-title elementor-size-default\">Vassoio di benvenuto nero opaco SIESTA | ABS<\/h5>\n<\/div>\n<\/div>\n<div class=\"elementor-element elementor-element-f454957 elementor-widget elementor-widget-text-editor\" data-id=\"f454957\" data-element_type=\"widget\" data-widget_type=\"text-editor.default\">\n<div class=\"elementor-widget-container\">\n<ul>\n<li>ABS resistente al calore, colore nero<\/li>\n<li><strong>Autoestinguente (ABS ignifugo in classe V0-5VB a norme americane UL-94)<\/strong><\/li>\n<li>Spazio per una macchina da caff\u00e8 (START o Nespresso\u00ae)<\/li>\n<li>Antifurto: il cavo si pu\u00f2 fissare alla base del vassoio<\/li>\n<li>Vaschetta gocciolante&nbsp;per bustine di t\u00e8 usate e cucchiaini<\/li>\n<li>Garanzia di 2&nbsp;anni<\/li>\n<\/ul>\n<p>Questo vassoio di benvenuto nero opaco \u00e8 disponibile con bollitore, macchina da caff\u00e8, porta brochure A5 e tazze (opzionale).<\/p>\n<p><strong>Vassoio raccogligoccia rimovibile<\/strong><br \/>\n&nbsp;<br \/>\nQuesto vassoio in plastica per caff\u00e8 e t\u00e8 \u00e8 dotato di un vassoio raccogligoccia forato in acciaio inossidabile per le bustine di t\u00e8 e i cucchiaini usati. Il vassoio \u00e8 rimovibile e quindi facile da pulire.<\/p>\n<p><strong>ABS resistente al calore<\/strong><br \/>\n&nbsp;<br \/>\nIl vassoio SIESTA \u00e8 realizzato in plastica ABS resistente al calore per offrire un\u2019eccellente resistenza al calore, all\u2019acqua, alle macchie e ai graffi.<\/p>\n<p><strong>Blocco antifurto<\/strong><br \/>\n&nbsp;<br \/>\nGrazie al blocco antifurto, \u00e8 possibile collegare facilmente il cavo della base del bollitore alla base del vassoio.<\/p>\n<p><strong>Porta brochure A5<\/strong><br \/>\n&nbsp;<br \/>\n\u00c8 possibile integrare nel vassoio un porta brochure per collocare informazioni sulle offerte, l\u2019elenco dei canali TV o le istruzioni per la macchina da caff\u00e8.<\/p>\n<h4>Vassoio di benvenuto in ABS con spazio per una macchina da caff\u00e8<\/h4>\n<p>Questo vassoio da caff\u00e8 e t\u00e8 unico, fatto in ABS plastica resistente al calore, include spazio sufficiente per posizionare una macchina per il caff\u00e8 (START o Nespresso\u00ae), bollitore, tazze di caff\u00e8, bustine di t\u00e8, bustine di zucchero\/latte e 4 capsule Nespresso\u00ae. Tutto su un vassoio budget-friendly di lusso!<\/p>\n<p>\u00c8 possibile integrare un supporto per volantini A5 per collocare informazioni per i vostri ospiti su offerte, elenco canali TV o istruzioni per la macchina del caff\u00e8, risparmiando cos\u00ec spazio prezioso sulla scrivania o cassettiera.<\/p>\n<p>Dotato di \u2018vaschetta di raccolta\u2019 in acciaio inossidabile per bustine di t\u00e8 e cucchiai usati, questo vassoio di benvenuto nero opaco contiene tutto ci\u00f2 di cui gli ospiti hanno bisogno.<\/p>\n<\/div>\n<\/div>\n","protected":false},"featured_media":29819,"comment_status":"open","ping_status":"closed","template":"","meta":{"_acf_changed":false,"ngg_post_thumbnail":0,"footnotes":""},"product_cat":[992],"product_tag":[994],"class_list":{"0":"post-28637","1":"product","2":"type-product","3":"status-publish","4":"has-post-thumbnail","6":"product_cat-vassoi-di-cortesia","7":"product_tag-b-tray-it","9":"first","10":"instock","11":"shipping-taxable","12":"purchasable","13":"product-type-simple"},"acf":[],"yoast_head":"<!-- This site is optimized with the Yoast SEO Premium plugin v26.7 (Yoast SEO v26.7) - https:\/\/yoast.com\/wordpress\/plugins\/seo\/ -->\n<title>Vassoio di benvenuto nero opaco - SIESTA - Ghibli Evo<\/title>\n<meta name=\"description\" content=\"Vassoio di benvenuto nero opaco: vassoio da caff\u00e8 e t\u00e8 unico, fatto in ABS plastica resistente al calore, macchina per il caff\u00e8, bollitore, tazze di caff\u00e8\" \/>\n<meta name=\"robots\" content=\"index, follow, max-snippet:-1, max-image-preview:large, max-video-preview:-1\" \/>\n<link rel=\"canonical\" href=\"https:\/\/www.ghiblievo.com\/it\/prodotto\/vassoio-di-benvenuto-nero-opaco-siesta\/\" \/>\n<meta property=\"og:locale\" content=\"it_IT\" \/>\n<meta property=\"og:type\" content=\"article\" \/>\n<meta property=\"og:title\" content=\"Vassoio di benvenuto nero opaco - SIESTA\" \/>\n<meta property=\"og:description\" content=\"Vassoio di benvenuto nero opaco SIESTA | ABS       ABS resistente al calore, colore nero  Autoestinguente (ABS ignifugo in classe V0-5VB a norme americane UL-94)  Spazio per una macchina da caff\u00e8 (START o Nespresso\u00ae)  Antifurto: il cavo si pu\u00f2 fissare alla base del vassoio  Vaschetta gocciolante&nbsp;per bustine di t\u00e8 usate e cucchiaini  Garanzia di 2&nbsp;anni  Questo vassoio di benvenuto nero opaco \u00e8 disponibile con bollitore, macchina da caff\u00e8, porta brochure A5 e tazze (opzionale).  Vassoio raccogligoccia rimovibile &nbsp; Questo vassoio in plastica per caff\u00e8 e t\u00e8 \u00e8 dotato di un vassoio raccogligoccia forato in acciaio inossidabile per le bustine di t\u00e8 e i cucchiaini usati. Il vassoio \u00e8 rimovibile e quindi facile da pulire.  ABS resistente al calore &nbsp; Il vassoio SIESTA \u00e8 realizzato in plastica ABS resistente al calore per offrire un\u2019eccellente resistenza al calore, all\u2019acqua, alle macchie e ai graffi.  Blocco antifurto &nbsp; Grazie al blocco antifurto, \u00e8 possibile collegare facilmente il cavo della base del bollitore alla base del vassoio.  Porta brochure A5 &nbsp; \u00c8 possibile integrare nel vassoio un porta brochure per collocare informazioni sulle offerte, l\u2019elenco dei canali TV o le istruzioni per la macchina da caff\u00e8. Vassoio di benvenuto in ABS con spazio per una macchina da caff\u00e8 Questo vassoio da caff\u00e8 e t\u00e8 unico, fatto in ABS plastica resistente al calore, include spazio sufficiente per posizionare una macchina per il caff\u00e8 (START o Nespresso\u00ae), bollitore, tazze di caff\u00e8, bustine di t\u00e8, bustine di zucchero\/latte e 4 capsule Nespresso\u00ae. Tutto su un vassoio budget-friendly di lusso!  \u00c8 possibile integrare un supporto per volantini A5 per collocare informazioni per i vostri ospiti su offerte, elenco canali TV o istruzioni per la macchina del caff\u00e8, risparmiando cos\u00ec spazio prezioso sulla scrivania o cassettiera.  Dotato di \u2018vaschetta di raccolta\u2019 in acciaio inossidabile per bustine di t\u00e8 e cucchiai usati, questo vassoio di benvenuto nero opaco contiene tutto ci\u00f2 di cui gli ospiti hanno bisogno.\" \/>\n<meta property=\"og:url\" content=\"https:\/\/www.ghiblievo.com\/it\/prodotto\/vassoio-di-benvenuto-nero-opaco-siesta\/\" \/>\n<meta property=\"og:site_name\" content=\"Ghibli Evo\" \/>\n<meta property=\"article:publisher\" content=\"https:\/\/www.facebook.com\/ghiblievo\" \/>\n<meta property=\"article:modified_time\" content=\"2025-02-07T10:37:00+00:00\" \/>\n<meta property=\"og:image\" content=\"https:\/\/www.ghiblievo.com\/wp-content\/uploads\/2024\/01\/HospitalityTray-SIESTA-Kettle-STYLE-1.0L-Leaflet-RedCups-jpg.webp\" \/>\n\t<meta property=\"og:image:width\" content=\"1200\" \/>\n\t<meta property=\"og:image:height\" content=\"800\" \/>\n\t<meta property=\"og:image:type\" content=\"image\/jpeg\" \/>\n<meta name=\"twitter:card\" content=\"summary_large_image\" \/>\n<meta name=\"twitter:label1\" content=\"Prezzo\" \/>\n\t<meta name=\"twitter:data1\" content=\"&euro;35.00\" \/>\n\t<meta name=\"twitter:label2\" content=\"Disponibilit\u00e0\" \/>\n\t<meta name=\"twitter:data2\" content=\"In stock\" \/>\n<script type=\"application\/ld+json\" class=\"yoast-schema-graph\">{\"@context\":\"https:\/\/schema.org\",\"@graph\":[{\"@type\":\"WebPage\",\"@id\":\"https:\/\/www.ghiblievo.com\/it\/prodotto\/vassoio-di-benvenuto-nero-opaco-siesta\/\",\"url\":\"https:\/\/www.ghiblievo.com\/it\/prodotto\/vassoio-di-benvenuto-nero-opaco-siesta\/\",\"name\":\"Vassoio di benvenuto nero opaco - SIESTA - Ghibli Evo\",\"isPartOf\":{\"@id\":\"https:\/\/www.ghiblievo.com\/it\/#website\"},\"primaryImageOfPage\":{\"@id\":\"https:\/\/www.ghiblievo.com\/it\/prodotto\/vassoio-di-benvenuto-nero-opaco-siesta\/#primaryimage\"},\"image\":{\"@id\":\"https:\/\/www.ghiblievo.com\/it\/prodotto\/vassoio-di-benvenuto-nero-opaco-siesta\/#primaryimage\"},\"thumbnailUrl\":\"https:\/\/www.ghiblievo.com\/wp-content\/uploads\/2024\/01\/HospitalityTray-SIESTA-Kettle-STYLE-1.0L-Leaflet-RedCups-jpg.webp\",\"datePublished\":\"2024-01-24T12:21:26+00:00\",\"dateModified\":\"2025-02-07T10:37:00+00:00\",\"description\":\"Vassoio di benvenuto nero opaco: vassoio da caff\u00e8 e t\u00e8 unico, fatto in ABS plastica resistente al calore, macchina per il caff\u00e8, bollitore, tazze di caff\u00e8\",\"breadcrumb\":{\"@id\":\"https:\/\/www.ghiblievo.com\/it\/prodotto\/vassoio-di-benvenuto-nero-opaco-siesta\/#breadcrumb\"},\"inLanguage\":\"it-IT\",\"potentialAction\":[{\"@type\":\"ReadAction\",\"target\":[\"https:\/\/www.ghiblievo.com\/it\/prodotto\/vassoio-di-benvenuto-nero-opaco-siesta\/\"]}]},{\"@type\":\"ImageObject\",\"inLanguage\":\"it-IT\",\"@id\":\"https:\/\/www.ghiblievo.com\/it\/prodotto\/vassoio-di-benvenuto-nero-opaco-siesta\/#primaryimage\",\"url\":\"https:\/\/www.ghiblievo.com\/wp-content\/uploads\/2024\/01\/HospitalityTray-SIESTA-Kettle-STYLE-1.0L-Leaflet-RedCups-jpg.webp\",\"contentUrl\":\"https:\/\/www.ghiblievo.com\/wp-content\/uploads\/2024\/01\/HospitalityTray-SIESTA-Kettle-STYLE-1.0L-Leaflet-RedCups-jpg.webp\",\"width\":1200,\"height\":800,\"caption\":\"Plastic coffee and tea tray - SIESTA\"},{\"@type\":\"BreadcrumbList\",\"@id\":\"https:\/\/www.ghiblievo.com\/it\/prodotto\/vassoio-di-benvenuto-nero-opaco-siesta\/#breadcrumb\",\"itemListElement\":[{\"@type\":\"ListItem\",\"position\":1,\"name\":\"Home\",\"item\":\"https:\/\/www.ghiblievo.com\/it\/\"},{\"@type\":\"ListItem\",\"position\":2,\"name\":\"Shop\",\"item\":\"https:\/\/www.ghiblievo.com\/it\/shop-it\/\"},{\"@type\":\"ListItem\",\"position\":3,\"name\":\"Vassoi di Cortesia\",\"item\":\"https:\/\/www.ghiblievo.com\/it\/categoria-prodotto\/vassoi-di-cortesia\/\"},{\"@type\":\"ListItem\",\"position\":4,\"name\":\"Vassoio di benvenuto nero opaco &#8211; SIESTA\"}]},{\"@type\":\"WebSite\",\"@id\":\"https:\/\/www.ghiblievo.com\/it\/#website\",\"url\":\"https:\/\/www.ghiblievo.com\/it\/\",\"name\":\"Ghibli Evo\",\"description\":\"Hair Dryers for Hotel - Wall Mounted Hair Dryer\",\"publisher\":{\"@id\":\"https:\/\/www.ghiblievo.com\/it\/#organization\"},\"potentialAction\":[{\"@type\":\"SearchAction\",\"target\":{\"@type\":\"EntryPoint\",\"urlTemplate\":\"https:\/\/www.ghiblievo.com\/it\/?s={search_term_string}\"},\"query-input\":{\"@type\":\"PropertyValueSpecification\",\"valueRequired\":true,\"valueName\":\"search_term_string\"}}],\"inLanguage\":\"it-IT\"},{\"@type\":\"Organization\",\"@id\":\"https:\/\/www.ghiblievo.com\/it\/#organization\",\"name\":\"Ghibli Evo\",\"url\":\"https:\/\/www.ghiblievo.com\/it\/\",\"logo\":{\"@type\":\"ImageObject\",\"inLanguage\":\"it-IT\",\"@id\":\"https:\/\/www.ghiblievo.com\/it\/#\/schema\/logo\/image\/\",\"url\":\"https:\/\/www.ghiblievo.com\/wp-content\/uploads\/2019\/09\/Emblema_HUB-footer.png\",\"contentUrl\":\"https:\/\/www.ghiblievo.com\/wp-content\/uploads\/2019\/09\/Emblema_HUB-footer.png\",\"width\":300,\"height\":291,\"caption\":\"Ghibli Evo\"},\"image\":{\"@id\":\"https:\/\/www.ghiblievo.com\/it\/#\/schema\/logo\/image\/\"},\"sameAs\":[\"https:\/\/www.facebook.com\/ghiblievo\",\"https:\/\/www.instagram.com\/ghiblievo\/\"],\"description\":\"Ghiblievo is specialized in hotel supplies, bathroom accessories for hotel and hair dryer\",\"email\":\"info@ghiblievo.com\",\"telephone\":\"+39 338 4733486\",\"foundingDate\":\"2009-01-01\",\"vatID\":\"IT 03607430166\"}]}<\/script>\n<meta property=\"product:price:amount\" content=\"35.00\" \/>\n<meta property=\"product:price:currency\" content=\"EUR\" \/>\n<meta property=\"og:availability\" content=\"instock\" \/>\n<meta property=\"product:availability\" content=\"instock\" \/>\n<meta property=\"product:condition\" content=\"new\" \/>\n<!-- \/ Yoast SEO Premium plugin. -->","yoast_head_json":{"title":"Vassoio di benvenuto nero opaco - SIESTA - Ghibli Evo","description":"Vassoio di benvenuto nero opaco: vassoio da caff\u00e8 e t\u00e8 unico, fatto in ABS plastica resistente al calore, macchina per il caff\u00e8, bollitore, tazze di caff\u00e8","robots":{"index":"index","follow":"follow","max-snippet":"max-snippet:-1","max-image-preview":"max-image-preview:large","max-video-preview":"max-video-preview:-1"},"canonical":"https:\/\/www.ghiblievo.com\/it\/prodotto\/vassoio-di-benvenuto-nero-opaco-siesta\/","og_locale":"it_IT","og_type":"article","og_title":"Vassoio di benvenuto nero opaco - SIESTA","og_description":"Vassoio di benvenuto nero opaco SIESTA | ABS       ABS resistente al calore, colore nero  Autoestinguente (ABS ignifugo in classe V0-5VB a norme americane UL-94)  Spazio per una macchina da caff\u00e8 (START o Nespresso\u00ae)  Antifurto: il cavo si pu\u00f2 fissare alla base del vassoio  Vaschetta gocciolante&nbsp;per bustine di t\u00e8 usate e cucchiaini  Garanzia di 2&nbsp;anni  Questo vassoio di benvenuto nero opaco \u00e8 disponibile con bollitore, macchina da caff\u00e8, porta brochure A5 e tazze (opzionale).  Vassoio raccogligoccia rimovibile &nbsp; Questo vassoio in plastica per caff\u00e8 e t\u00e8 \u00e8 dotato di un vassoio raccogligoccia forato in acciaio inossidabile per le bustine di t\u00e8 e i cucchiaini usati. Il vassoio \u00e8 rimovibile e quindi facile da pulire.  ABS resistente al calore &nbsp; Il vassoio SIESTA \u00e8 realizzato in plastica ABS resistente al calore per offrire un\u2019eccellente resistenza al calore, all\u2019acqua, alle macchie e ai graffi.  Blocco antifurto &nbsp; Grazie al blocco antifurto, \u00e8 possibile collegare facilmente il cavo della base del bollitore alla base del vassoio.  Porta brochure A5 &nbsp; \u00c8 possibile integrare nel vassoio un porta brochure per collocare informazioni sulle offerte, l\u2019elenco dei canali TV o le istruzioni per la macchina da caff\u00e8. Vassoio di benvenuto in ABS con spazio per una macchina da caff\u00e8 Questo vassoio da caff\u00e8 e t\u00e8 unico, fatto in ABS plastica resistente al calore, include spazio sufficiente per posizionare una macchina per il caff\u00e8 (START o Nespresso\u00ae), bollitore, tazze di caff\u00e8, bustine di t\u00e8, bustine di zucchero\/latte e 4 capsule Nespresso\u00ae. Tutto su un vassoio budget-friendly di lusso!  \u00c8 possibile integrare un supporto per volantini A5 per collocare informazioni per i vostri ospiti su offerte, elenco canali TV o istruzioni per la macchina del caff\u00e8, risparmiando cos\u00ec spazio prezioso sulla scrivania o cassettiera.  Dotato di \u2018vaschetta di raccolta\u2019 in acciaio inossidabile per bustine di t\u00e8 e cucchiai usati, questo vassoio di benvenuto nero opaco contiene tutto ci\u00f2 di cui gli ospiti hanno bisogno.","og_url":"https:\/\/www.ghiblievo.com\/it\/prodotto\/vassoio-di-benvenuto-nero-opaco-siesta\/","og_site_name":"Ghibli Evo","article_publisher":"https:\/\/www.facebook.com\/ghiblievo","article_modified_time":"2025-02-07T10:37:00+00:00","og_image":[{"width":1200,"height":800,"url":"https:\/\/www.ghiblievo.com\/wp-content\/uploads\/2024\/01\/HospitalityTray-SIESTA-Kettle-STYLE-1.0L-Leaflet-RedCups-jpg.webp","type":"image\/jpeg"}],"twitter_card":"summary_large_image","twitter_misc":{"Prezzo":"&euro;35.00","Disponibilit\u00e0":"In stock"},"schema":{"@context":"https:\/\/schema.org","@graph":[{"@type":"WebPage","@id":"https:\/\/www.ghiblievo.com\/it\/prodotto\/vassoio-di-benvenuto-nero-opaco-siesta\/","url":"https:\/\/www.ghiblievo.com\/it\/prodotto\/vassoio-di-benvenuto-nero-opaco-siesta\/","name":"Vassoio di benvenuto nero opaco - SIESTA - Ghibli Evo","isPartOf":{"@id":"https:\/\/www.ghiblievo.com\/it\/#website"},"primaryImageOfPage":{"@id":"https:\/\/www.ghiblievo.com\/it\/prodotto\/vassoio-di-benvenuto-nero-opaco-siesta\/#primaryimage"},"image":{"@id":"https:\/\/www.ghiblievo.com\/it\/prodotto\/vassoio-di-benvenuto-nero-opaco-siesta\/#primaryimage"},"thumbnailUrl":"https:\/\/www.ghiblievo.com\/wp-content\/uploads\/2024\/01\/HospitalityTray-SIESTA-Kettle-STYLE-1.0L-Leaflet-RedCups-jpg.webp","datePublished":"2024-01-24T12:21:26+00:00","dateModified":"2025-02-07T10:37:00+00:00","description":"Vassoio di benvenuto nero opaco: vassoio da caff\u00e8 e t\u00e8 unico, fatto in ABS plastica resistente al calore, macchina per il caff\u00e8, bollitore, tazze di caff\u00e8","breadcrumb":{"@id":"https:\/\/www.ghiblievo.com\/it\/prodotto\/vassoio-di-benvenuto-nero-opaco-siesta\/#breadcrumb"},"inLanguage":"it-IT","potentialAction":[{"@type":"ReadAction","target":["https:\/\/www.ghiblievo.com\/it\/prodotto\/vassoio-di-benvenuto-nero-opaco-siesta\/"]}]},{"@type":"ImageObject","inLanguage":"it-IT","@id":"https:\/\/www.ghiblievo.com\/it\/prodotto\/vassoio-di-benvenuto-nero-opaco-siesta\/#primaryimage","url":"https:\/\/www.ghiblievo.com\/wp-content\/uploads\/2024\/01\/HospitalityTray-SIESTA-Kettle-STYLE-1.0L-Leaflet-RedCups-jpg.webp","contentUrl":"https:\/\/www.ghiblievo.com\/wp-content\/uploads\/2024\/01\/HospitalityTray-SIESTA-Kettle-STYLE-1.0L-Leaflet-RedCups-jpg.webp","width":1200,"height":800,"caption":"Plastic coffee and tea tray - SIESTA"},{"@type":"BreadcrumbList","@id":"https:\/\/www.ghiblievo.com\/it\/prodotto\/vassoio-di-benvenuto-nero-opaco-siesta\/#breadcrumb","itemListElement":[{"@type":"ListItem","position":1,"name":"Home","item":"https:\/\/www.ghiblievo.com\/it\/"},{"@type":"ListItem","position":2,"name":"Shop","item":"https:\/\/www.ghiblievo.com\/it\/shop-it\/"},{"@type":"ListItem","position":3,"name":"Vassoi di Cortesia","item":"https:\/\/www.ghiblievo.com\/it\/categoria-prodotto\/vassoi-di-cortesia\/"},{"@type":"ListItem","position":4,"name":"Vassoio di benvenuto nero opaco &#8211; SIESTA"}]},{"@type":"WebSite","@id":"https:\/\/www.ghiblievo.com\/it\/#website","url":"https:\/\/www.ghiblievo.com\/it\/","name":"Ghibli Evo","description":"Hair Dryers for Hotel - Wall Mounted Hair Dryer","publisher":{"@id":"https:\/\/www.ghiblievo.com\/it\/#organization"},"potentialAction":[{"@type":"SearchAction","target":{"@type":"EntryPoint","urlTemplate":"https:\/\/www.ghiblievo.com\/it\/?s={search_term_string}"},"query-input":{"@type":"PropertyValueSpecification","valueRequired":true,"valueName":"search_term_string"}}],"inLanguage":"it-IT"},{"@type":"Organization","@id":"https:\/\/www.ghiblievo.com\/it\/#organization","name":"Ghibli Evo","url":"https:\/\/www.ghiblievo.com\/it\/","logo":{"@type":"ImageObject","inLanguage":"it-IT","@id":"https:\/\/www.ghiblievo.com\/it\/#\/schema\/logo\/image\/","url":"https:\/\/www.ghiblievo.com\/wp-content\/uploads\/2019\/09\/Emblema_HUB-footer.png","contentUrl":"https:\/\/www.ghiblievo.com\/wp-content\/uploads\/2019\/09\/Emblema_HUB-footer.png","width":300,"height":291,"caption":"Ghibli Evo"},"image":{"@id":"https:\/\/www.ghiblievo.com\/it\/#\/schema\/logo\/image\/"},"sameAs":["https:\/\/www.facebook.com\/ghiblievo","https:\/\/www.instagram.com\/ghiblievo\/"],"description":"Ghiblievo is specialized in hotel supplies, bathroom accessories for hotel and hair dryer","email":"info@ghiblievo.com","telephone":"+39 338 4733486","foundingDate":"2009-01-01","vatID":"IT 03607430166"}]},"product_price_amount":"35.00","product_price_currency":"EUR","og_availability":"instock","product_availability":"instock","product_condition":"new"},"_links":{"self":[{"href":"https:\/\/www.ghiblievo.com\/it\/wp-json\/wp\/v2\/product\/28637","targetHints":{"allow":["GET"]}}],"collection":[{"href":"https:\/\/www.ghiblievo.com\/it\/wp-json\/wp\/v2\/product"}],"about":[{"href":"https:\/\/www.ghiblievo.com\/it\/wp-json\/wp\/v2\/types\/product"}],"replies":[{"embeddable":true,"href":"https:\/\/www.ghiblievo.com\/it\/wp-json\/wp\/v2\/comments?post=28637"}],"version-history":[{"count":0,"href":"https:\/\/www.ghiblievo.com\/it\/wp-json\/wp\/v2\/product\/28637\/revisions"}],"wp:featuredmedia":[{"embeddable":true,"href":"https:\/\/www.ghiblievo.com\/it\/wp-json\/wp\/v2\/media\/29819"}],"wp:attachment":[{"href":"https:\/\/www.ghiblievo.com\/it\/wp-json\/wp\/v2\/media?parent=28637"}],"wp:term":[{"taxonomy":"product_cat","embeddable":true,"href":"https:\/\/www.ghiblievo.com\/it\/wp-json\/wp\/v2\/product_cat?post=28637"},{"taxonomy":"product_tag","embeddable":true,"href":"https:\/\/www.ghiblievo.com\/it\/wp-json\/wp\/v2\/product_tag?post=28637"}],"curies":[{"name":"wp","href":"https:\/\/api.w.org\/{rel}","templated":true}]}}