{"id":28467,"date":"2024-01-24T12:25:29","date_gmt":"2024-01-24T11:43:10","guid":{"rendered":"https:\/\/www.ghiblievo.com\/?post_type=product&#038;p=28467"},"modified":"2024-01-25T17:50:13","modified_gmt":"2024-01-25T16:50:13","slug":"vassoio-di-ospitalita-per-hotel","status":"publish","type":"product","link":"https:\/\/www.ghiblievo.com\/it\/prodotto\/vassoio-di-ospitalita-per-hotel\/","title":{"rendered":"Vassoio di ospitalit\u00e0 per hotel &#8211; SMART"},"content":{"rendered":"<p>Materiale vassoio: Compensato impiallacciato in faggio, marrone-nero<br \/>\nFinitura: Rivestimento impermeabile<br \/>\n<strong>Dimensioni vassoio<\/strong><br \/>\nL265 x P190 x H84mm<br \/>\nL\u2019altezza incluso bollitore STAR: 250mm<br \/>\nL\u2019altezza incluso bollitore STYLE: 290mm<br \/>\n<strong>Compartimenti<\/strong><br \/>\n\u2013 L78 x P85 x H43mm (2x)<br \/>\n\u2013 L78 x P174 x H43mm (2x)<br \/>\n<strong>Particolarit\u00e0<\/strong><br \/>\nCassetti con scompartimenti rimovibili, in modo da proteggere dalla polvere le bustine di t\u00e8, zucchero, panna, bastoncini da caff\u00e8 e cucchiaini.<br \/>\n<strong>Dettagli<\/strong><br \/>\nIn basso<br \/>\n4 cuscinetti in silicone trasparente<br \/>\nSistema guida del bollitore<br \/>\nIstruzione di pulizia<br \/>\n<a href=\"https:\/\/btray.com\/download\/Cleaning_Instructions_Kettles_and_Trays_B-TRAY.pdf\" target=\"_blank\" rel=\"noopener\">Istruzione di pulizia<\/a><br \/>\nSistema di guida<br \/>\nPer tutti gli scompartimenti (a sinistra, a destra ed indietro)<\/p>\n","protected":false},"excerpt":{"rendered":"<div class=\"elementor-element elementor-element-fb977ad elementor-widget elementor-widget-heading\" data-id=\"fb977ad\" data-element_type=\"widget\" data-widget_type=\"heading.default\">\n<div class=\"elementor-widget-container\">\n<h5 class=\"elementor-heading-title elementor-size-default\">Vassoio di ospitalit\u00e0 per hotel SMART | Impiallacciato di legno<\/h5>\n<\/div>\n<\/div>\n<div class=\"elementor-element elementor-element-2504b29 elementor-widget elementor-widget-text-editor\" data-id=\"2504b29\" data-element_type=\"widget\" data-widget_type=\"text-editor.default\">\n<div class=\"elementor-widget-container\">\n<ul>\n<li>Dimensioni ridotte, occupa poco spazio<\/li>\n<li>Compensato con impiallacciato di faggio<\/li>\n<li>Finiture di alta qualit\u00e0 per un aspetto lussuoso<\/li>\n<li>Cassetto con divisori amovibili<\/li>\n<li>Adatto anche per il proprio bollitore per albergo<\/li>\n<li>B-TRAY pianta un albero per ogni 5 vassoi venduti<\/li>\n<li>Garanzia di 2&nbsp;anni<\/li>\n<\/ul>\n<p>Questo vassoio di ospitalit\u00e0 \u00e8 disponibile con bollitore e tazze (opzionale).<\/p>\n<p><strong>Design ultracompatto<\/strong><br \/>\n&nbsp;<br \/>\nDesiderate offrire caff\u00e8 e t\u00e8 ai vostri ospiti, ma avete poco spazio nelle vostre camere d\u2019albergo? Questo vassoio di cortesia compatto di B-TRAY \u00e8 la soluzione perfetta per il vostro hotel!<\/p>\n<p><strong>Comodo e spazioso<\/strong><br \/>\n&nbsp;<br \/>\nSMART \u00e8 dotato di un cassetto anti-polvere in cui riporre bustine di t\u00e8, bustine di zucchero e di latte, cucchiaini, ecc. Gli scomparti del cassetto si possono regolare con divisori rimovibili.<\/p>\n<p><strong>Guida per cavi<\/strong><br \/>\n&nbsp;<br \/>\nSulla parte superiore del vassoio sono presenti quattro guide per portare il cavo del bollitore in direzione della presa di corrente (a sinistra, a destra o all\u2019indietro).<\/p>\n<p><strong>Vernice di alta qualit\u00e0<\/strong><br \/>\n&nbsp;<br \/>\nIl vassoio \u00e8 realizzato in faggio impiallacciato di alta qualit\u00e0 ed \u00e8 stato trattato con diverse mani di vernice che prevengono l\u2019assorbimento di sporco e umidit\u00e0.<\/p>\n<h4>Vassoio di ospitalit\u00e0 ultracompatto con un cassetto<\/h4>\n<p>Desideri offrire caff\u00e8 e t\u00e8 ai tuoi ospiti, ma disponi di spazio limitato nelle tue camere d\u2019albergo? Il vassoio di ospitalit\u00e0 B-TRAY SMART \u00e8 la soluzione ideale per te! Con il suo design elegante e dimensioni compatte, questo vassoio di benvenuto con impiallacciatura nero, si adatta ad ogni camera d\u2019albergo, anche a quelle molto piccole. Misura appena 26,5 x 19cm! Abbiamo progettato questo vassoio unico, con un cassetto incorporato per proteggere dalla polvere le bustine di t\u00e8, zucchero, panna, bastoncini da caff\u00e8 e cucchiaini. Inoltre, gli scomparti possono essere regolati con diversi divisori. Cos\u00ec da creare il proprio design!<br \/>\nYoutube<\/p>\n<\/div>\n<\/div>\n","protected":false},"featured_media":29723,"comment_status":"open","ping_status":"closed","template":"","meta":{"_acf_changed":false,"ngg_post_thumbnail":0,"footnotes":""},"product_cat":[992],"product_tag":[994],"class_list":{"0":"post-28467","1":"product","2":"type-product","3":"status-publish","4":"has-post-thumbnail","6":"product_cat-vassoi-di-cortesia","7":"product_tag-b-tray-it","9":"first","10":"instock","11":"shipping-taxable","12":"purchasable","13":"product-type-simple"},"acf":[],"yoast_head":"<!-- This site is optimized with the Yoast SEO Premium plugin v26.7 (Yoast SEO v26.7) - https:\/\/yoast.com\/wordpress\/plugins\/seo\/ -->\n<title>Vassoio di ospitalit\u00e0 per hotel - SMART - Ghibli Evo<\/title>\n<meta name=\"description\" content=\"Vassoio di ospitalit\u00e0 per hotel: offrire caff\u00e8 e t\u00e8 ai vostri ospiti con vassoio di cortesia compatto \u00e8 la soluzione perfetta per il vostro hotel\" \/>\n<meta name=\"robots\" content=\"index, follow, max-snippet:-1, max-image-preview:large, max-video-preview:-1\" \/>\n<link rel=\"canonical\" href=\"https:\/\/www.ghiblievo.com\/it\/prodotto\/vassoio-di-ospitalita-per-hotel\/\" \/>\n<meta property=\"og:locale\" content=\"it_IT\" \/>\n<meta property=\"og:type\" content=\"article\" \/>\n<meta property=\"og:title\" content=\"Vassoio di ospitalit\u00e0 per hotel - SMART\" \/>\n<meta property=\"og:description\" content=\"Vassoio di ospitalit\u00e0 per hotel SMART | Impiallacciato di legno       Dimensioni ridotte, occupa poco spazio  Compensato con impiallacciato di faggio  Finiture di alta qualit\u00e0 per un aspetto lussuoso  Cassetto con divisori amovibili  Adatto anche per il proprio bollitore per albergo  B-TRAY pianta un albero per ogni 5 vassoi venduti  Garanzia di 2&nbsp;anni  Questo vassoio di ospitalit\u00e0 \u00e8 disponibile con bollitore e tazze (opzionale).  Design ultracompatto &nbsp; Desiderate offrire caff\u00e8 e t\u00e8 ai vostri ospiti, ma avete poco spazio nelle vostre camere d\u2019albergo? Questo vassoio di cortesia compatto di B-TRAY \u00e8 la soluzione perfetta per il vostro hotel!  Comodo e spazioso &nbsp; SMART \u00e8 dotato di un cassetto anti-polvere in cui riporre bustine di t\u00e8, bustine di zucchero e di latte, cucchiaini, ecc. Gli scomparti del cassetto si possono regolare con divisori rimovibili.  Guida per cavi &nbsp; Sulla parte superiore del vassoio sono presenti quattro guide per portare il cavo del bollitore in direzione della presa di corrente (a sinistra, a destra o all\u2019indietro).  Vernice di alta qualit\u00e0 &nbsp; Il vassoio \u00e8 realizzato in faggio impiallacciato di alta qualit\u00e0 ed \u00e8 stato trattato con diverse mani di vernice che prevengono l\u2019assorbimento di sporco e umidit\u00e0. Vassoio di ospitalit\u00e0 ultracompatto con un cassetto Desideri offrire caff\u00e8 e t\u00e8 ai tuoi ospiti, ma disponi di spazio limitato nelle tue camere d\u2019albergo? Il vassoio di ospitalit\u00e0 B-TRAY SMART \u00e8 la soluzione ideale per te! Con il suo design elegante e dimensioni compatte, questo vassoio di benvenuto con impiallacciatura nero, si adatta ad ogni camera d\u2019albergo, anche a quelle molto piccole. Misura appena 26,5 x 19cm! Abbiamo progettato questo vassoio unico, con un cassetto incorporato per proteggere dalla polvere le bustine di t\u00e8, zucchero, panna, bastoncini da caff\u00e8 e cucchiaini. Inoltre, gli scomparti possono essere regolati con diversi divisori. Cos\u00ec da creare il proprio design! Youtube\" \/>\n<meta property=\"og:url\" content=\"https:\/\/www.ghiblievo.com\/it\/prodotto\/vassoio-di-ospitalita-per-hotel\/\" \/>\n<meta property=\"og:site_name\" content=\"Ghibli Evo\" \/>\n<meta property=\"article:publisher\" content=\"https:\/\/www.facebook.com\/ghiblievo\" \/>\n<meta property=\"article:modified_time\" content=\"2024-01-25T16:50:13+00:00\" \/>\n<meta property=\"og:image\" content=\"https:\/\/www.ghiblievo.com\/wp-content\/uploads\/2024\/01\/Hospitality-tray-SMART-Kettle-STAR-BLACK-0.5L-RedCups-jpg.webp\" \/>\n\t<meta property=\"og:image:width\" content=\"1200\" \/>\n\t<meta property=\"og:image:height\" content=\"800\" \/>\n\t<meta property=\"og:image:type\" content=\"image\/jpeg\" \/>\n<meta name=\"twitter:card\" content=\"summary_large_image\" \/>\n<meta name=\"twitter:label1\" content=\"Prezzo\" \/>\n\t<meta name=\"twitter:data1\" content=\"&euro;35.00\" \/>\n\t<meta name=\"twitter:label2\" content=\"Disponibilit\u00e0\" \/>\n\t<meta name=\"twitter:data2\" content=\"In stock\" \/>\n<script type=\"application\/ld+json\" class=\"yoast-schema-graph\">{\"@context\":\"https:\/\/schema.org\",\"@graph\":[{\"@type\":\"WebPage\",\"@id\":\"https:\/\/www.ghiblievo.com\/it\/prodotto\/vassoio-di-ospitalita-per-hotel\/\",\"url\":\"https:\/\/www.ghiblievo.com\/it\/prodotto\/vassoio-di-ospitalita-per-hotel\/\",\"name\":\"Vassoio di ospitalit\u00e0 per hotel - SMART - Ghibli Evo\",\"isPartOf\":{\"@id\":\"https:\/\/www.ghiblievo.com\/it\/#website\"},\"primaryImageOfPage\":{\"@id\":\"https:\/\/www.ghiblievo.com\/it\/prodotto\/vassoio-di-ospitalita-per-hotel\/#primaryimage\"},\"image\":{\"@id\":\"https:\/\/www.ghiblievo.com\/it\/prodotto\/vassoio-di-ospitalita-per-hotel\/#primaryimage\"},\"thumbnailUrl\":\"https:\/\/www.ghiblievo.com\/wp-content\/uploads\/2024\/01\/Hospitality-tray-SMART-Kettle-STAR-BLACK-0.5L-RedCups-jpg.webp\",\"datePublished\":\"2024-01-24T11:43:10+00:00\",\"dateModified\":\"2024-01-25T16:50:13+00:00\",\"description\":\"Vassoio di ospitalit\u00e0 per hotel: offrire caff\u00e8 e t\u00e8 ai vostri ospiti con vassoio di cortesia compatto \u00e8 la soluzione perfetta per il vostro hotel\",\"breadcrumb\":{\"@id\":\"https:\/\/www.ghiblievo.com\/it\/prodotto\/vassoio-di-ospitalita-per-hotel\/#breadcrumb\"},\"inLanguage\":\"it-IT\",\"potentialAction\":[{\"@type\":\"ReadAction\",\"target\":[\"https:\/\/www.ghiblievo.com\/it\/prodotto\/vassoio-di-ospitalita-per-hotel\/\"]}]},{\"@type\":\"ImageObject\",\"inLanguage\":\"it-IT\",\"@id\":\"https:\/\/www.ghiblievo.com\/it\/prodotto\/vassoio-di-ospitalita-per-hotel\/#primaryimage\",\"url\":\"https:\/\/www.ghiblievo.com\/wp-content\/uploads\/2024\/01\/Hospitality-tray-SMART-Kettle-STAR-BLACK-0.5L-RedCups-jpg.webp\",\"contentUrl\":\"https:\/\/www.ghiblievo.com\/wp-content\/uploads\/2024\/01\/Hospitality-tray-SMART-Kettle-STAR-BLACK-0.5L-RedCups-jpg.webp\",\"width\":1200,\"height\":800,\"caption\":\"Vassoio di ospitalit\u00e0 per hotel - SMART\"},{\"@type\":\"BreadcrumbList\",\"@id\":\"https:\/\/www.ghiblievo.com\/it\/prodotto\/vassoio-di-ospitalita-per-hotel\/#breadcrumb\",\"itemListElement\":[{\"@type\":\"ListItem\",\"position\":1,\"name\":\"Home\",\"item\":\"https:\/\/www.ghiblievo.com\/it\/\"},{\"@type\":\"ListItem\",\"position\":2,\"name\":\"Shop\",\"item\":\"https:\/\/www.ghiblievo.com\/it\/shop-it\/\"},{\"@type\":\"ListItem\",\"position\":3,\"name\":\"Vassoi di Cortesia\",\"item\":\"https:\/\/www.ghiblievo.com\/it\/categoria-prodotto\/vassoi-di-cortesia\/\"},{\"@type\":\"ListItem\",\"position\":4,\"name\":\"Vassoio di ospitalit\u00e0 per hotel &#8211; SMART\"}]},{\"@type\":\"WebSite\",\"@id\":\"https:\/\/www.ghiblievo.com\/it\/#website\",\"url\":\"https:\/\/www.ghiblievo.com\/it\/\",\"name\":\"Ghibli Evo\",\"description\":\"Hair Dryers for Hotel - Wall Mounted Hair Dryer\",\"publisher\":{\"@id\":\"https:\/\/www.ghiblievo.com\/it\/#organization\"},\"potentialAction\":[{\"@type\":\"SearchAction\",\"target\":{\"@type\":\"EntryPoint\",\"urlTemplate\":\"https:\/\/www.ghiblievo.com\/it\/?s={search_term_string}\"},\"query-input\":{\"@type\":\"PropertyValueSpecification\",\"valueRequired\":true,\"valueName\":\"search_term_string\"}}],\"inLanguage\":\"it-IT\"},{\"@type\":\"Organization\",\"@id\":\"https:\/\/www.ghiblievo.com\/it\/#organization\",\"name\":\"Ghibli Evo\",\"url\":\"https:\/\/www.ghiblievo.com\/it\/\",\"logo\":{\"@type\":\"ImageObject\",\"inLanguage\":\"it-IT\",\"@id\":\"https:\/\/www.ghiblievo.com\/it\/#\/schema\/logo\/image\/\",\"url\":\"https:\/\/www.ghiblievo.com\/wp-content\/uploads\/2019\/09\/Emblema_HUB-footer.png\",\"contentUrl\":\"https:\/\/www.ghiblievo.com\/wp-content\/uploads\/2019\/09\/Emblema_HUB-footer.png\",\"width\":300,\"height\":291,\"caption\":\"Ghibli Evo\"},\"image\":{\"@id\":\"https:\/\/www.ghiblievo.com\/it\/#\/schema\/logo\/image\/\"},\"sameAs\":[\"https:\/\/www.facebook.com\/ghiblievo\",\"https:\/\/www.instagram.com\/ghiblievo\/\"],\"description\":\"Ghiblievo is specialized in hotel supplies, bathroom accessories for hotel and hair dryer\",\"email\":\"info@ghiblievo.com\",\"telephone\":\"+39 338 4733486\",\"foundingDate\":\"2009-01-01\",\"vatID\":\"IT 03607430166\"}]}<\/script>\n<meta property=\"product:price:amount\" content=\"35.00\" \/>\n<meta property=\"product:price:currency\" content=\"EUR\" \/>\n<meta property=\"og:availability\" content=\"instock\" \/>\n<meta property=\"product:availability\" content=\"instock\" \/>\n<meta property=\"product:condition\" content=\"new\" \/>\n<!-- \/ Yoast SEO Premium plugin. -->","yoast_head_json":{"title":"Vassoio di ospitalit\u00e0 per hotel - SMART - Ghibli Evo","description":"Vassoio di ospitalit\u00e0 per hotel: offrire caff\u00e8 e t\u00e8 ai vostri ospiti con vassoio di cortesia compatto \u00e8 la soluzione perfetta per il vostro hotel","robots":{"index":"index","follow":"follow","max-snippet":"max-snippet:-1","max-image-preview":"max-image-preview:large","max-video-preview":"max-video-preview:-1"},"canonical":"https:\/\/www.ghiblievo.com\/it\/prodotto\/vassoio-di-ospitalita-per-hotel\/","og_locale":"it_IT","og_type":"article","og_title":"Vassoio di ospitalit\u00e0 per hotel - SMART","og_description":"Vassoio di ospitalit\u00e0 per hotel SMART | Impiallacciato di legno       Dimensioni ridotte, occupa poco spazio  Compensato con impiallacciato di faggio  Finiture di alta qualit\u00e0 per un aspetto lussuoso  Cassetto con divisori amovibili  Adatto anche per il proprio bollitore per albergo  B-TRAY pianta un albero per ogni 5 vassoi venduti  Garanzia di 2&nbsp;anni  Questo vassoio di ospitalit\u00e0 \u00e8 disponibile con bollitore e tazze (opzionale).  Design ultracompatto &nbsp; Desiderate offrire caff\u00e8 e t\u00e8 ai vostri ospiti, ma avete poco spazio nelle vostre camere d\u2019albergo? Questo vassoio di cortesia compatto di B-TRAY \u00e8 la soluzione perfetta per il vostro hotel!  Comodo e spazioso &nbsp; SMART \u00e8 dotato di un cassetto anti-polvere in cui riporre bustine di t\u00e8, bustine di zucchero e di latte, cucchiaini, ecc. Gli scomparti del cassetto si possono regolare con divisori rimovibili.  Guida per cavi &nbsp; Sulla parte superiore del vassoio sono presenti quattro guide per portare il cavo del bollitore in direzione della presa di corrente (a sinistra, a destra o all\u2019indietro).  Vernice di alta qualit\u00e0 &nbsp; Il vassoio \u00e8 realizzato in faggio impiallacciato di alta qualit\u00e0 ed \u00e8 stato trattato con diverse mani di vernice che prevengono l\u2019assorbimento di sporco e umidit\u00e0. Vassoio di ospitalit\u00e0 ultracompatto con un cassetto Desideri offrire caff\u00e8 e t\u00e8 ai tuoi ospiti, ma disponi di spazio limitato nelle tue camere d\u2019albergo? Il vassoio di ospitalit\u00e0 B-TRAY SMART \u00e8 la soluzione ideale per te! Con il suo design elegante e dimensioni compatte, questo vassoio di benvenuto con impiallacciatura nero, si adatta ad ogni camera d\u2019albergo, anche a quelle molto piccole. Misura appena 26,5 x 19cm! Abbiamo progettato questo vassoio unico, con un cassetto incorporato per proteggere dalla polvere le bustine di t\u00e8, zucchero, panna, bastoncini da caff\u00e8 e cucchiaini. Inoltre, gli scomparti possono essere regolati con diversi divisori. Cos\u00ec da creare il proprio design! Youtube","og_url":"https:\/\/www.ghiblievo.com\/it\/prodotto\/vassoio-di-ospitalita-per-hotel\/","og_site_name":"Ghibli Evo","article_publisher":"https:\/\/www.facebook.com\/ghiblievo","article_modified_time":"2024-01-25T16:50:13+00:00","og_image":[{"width":1200,"height":800,"url":"https:\/\/www.ghiblievo.com\/wp-content\/uploads\/2024\/01\/Hospitality-tray-SMART-Kettle-STAR-BLACK-0.5L-RedCups-jpg.webp","type":"image\/jpeg"}],"twitter_card":"summary_large_image","twitter_misc":{"Prezzo":"&euro;35.00","Disponibilit\u00e0":"In stock"},"schema":{"@context":"https:\/\/schema.org","@graph":[{"@type":"WebPage","@id":"https:\/\/www.ghiblievo.com\/it\/prodotto\/vassoio-di-ospitalita-per-hotel\/","url":"https:\/\/www.ghiblievo.com\/it\/prodotto\/vassoio-di-ospitalita-per-hotel\/","name":"Vassoio di ospitalit\u00e0 per hotel - SMART - Ghibli Evo","isPartOf":{"@id":"https:\/\/www.ghiblievo.com\/it\/#website"},"primaryImageOfPage":{"@id":"https:\/\/www.ghiblievo.com\/it\/prodotto\/vassoio-di-ospitalita-per-hotel\/#primaryimage"},"image":{"@id":"https:\/\/www.ghiblievo.com\/it\/prodotto\/vassoio-di-ospitalita-per-hotel\/#primaryimage"},"thumbnailUrl":"https:\/\/www.ghiblievo.com\/wp-content\/uploads\/2024\/01\/Hospitality-tray-SMART-Kettle-STAR-BLACK-0.5L-RedCups-jpg.webp","datePublished":"2024-01-24T11:43:10+00:00","dateModified":"2024-01-25T16:50:13+00:00","description":"Vassoio di ospitalit\u00e0 per hotel: offrire caff\u00e8 e t\u00e8 ai vostri ospiti con vassoio di cortesia compatto \u00e8 la soluzione perfetta per il vostro hotel","breadcrumb":{"@id":"https:\/\/www.ghiblievo.com\/it\/prodotto\/vassoio-di-ospitalita-per-hotel\/#breadcrumb"},"inLanguage":"it-IT","potentialAction":[{"@type":"ReadAction","target":["https:\/\/www.ghiblievo.com\/it\/prodotto\/vassoio-di-ospitalita-per-hotel\/"]}]},{"@type":"ImageObject","inLanguage":"it-IT","@id":"https:\/\/www.ghiblievo.com\/it\/prodotto\/vassoio-di-ospitalita-per-hotel\/#primaryimage","url":"https:\/\/www.ghiblievo.com\/wp-content\/uploads\/2024\/01\/Hospitality-tray-SMART-Kettle-STAR-BLACK-0.5L-RedCups-jpg.webp","contentUrl":"https:\/\/www.ghiblievo.com\/wp-content\/uploads\/2024\/01\/Hospitality-tray-SMART-Kettle-STAR-BLACK-0.5L-RedCups-jpg.webp","width":1200,"height":800,"caption":"Vassoio di ospitalit\u00e0 per hotel - SMART"},{"@type":"BreadcrumbList","@id":"https:\/\/www.ghiblievo.com\/it\/prodotto\/vassoio-di-ospitalita-per-hotel\/#breadcrumb","itemListElement":[{"@type":"ListItem","position":1,"name":"Home","item":"https:\/\/www.ghiblievo.com\/it\/"},{"@type":"ListItem","position":2,"name":"Shop","item":"https:\/\/www.ghiblievo.com\/it\/shop-it\/"},{"@type":"ListItem","position":3,"name":"Vassoi di Cortesia","item":"https:\/\/www.ghiblievo.com\/it\/categoria-prodotto\/vassoi-di-cortesia\/"},{"@type":"ListItem","position":4,"name":"Vassoio di ospitalit\u00e0 per hotel &#8211; SMART"}]},{"@type":"WebSite","@id":"https:\/\/www.ghiblievo.com\/it\/#website","url":"https:\/\/www.ghiblievo.com\/it\/","name":"Ghibli Evo","description":"Hair Dryers for Hotel - Wall Mounted Hair Dryer","publisher":{"@id":"https:\/\/www.ghiblievo.com\/it\/#organization"},"potentialAction":[{"@type":"SearchAction","target":{"@type":"EntryPoint","urlTemplate":"https:\/\/www.ghiblievo.com\/it\/?s={search_term_string}"},"query-input":{"@type":"PropertyValueSpecification","valueRequired":true,"valueName":"search_term_string"}}],"inLanguage":"it-IT"},{"@type":"Organization","@id":"https:\/\/www.ghiblievo.com\/it\/#organization","name":"Ghibli Evo","url":"https:\/\/www.ghiblievo.com\/it\/","logo":{"@type":"ImageObject","inLanguage":"it-IT","@id":"https:\/\/www.ghiblievo.com\/it\/#\/schema\/logo\/image\/","url":"https:\/\/www.ghiblievo.com\/wp-content\/uploads\/2019\/09\/Emblema_HUB-footer.png","contentUrl":"https:\/\/www.ghiblievo.com\/wp-content\/uploads\/2019\/09\/Emblema_HUB-footer.png","width":300,"height":291,"caption":"Ghibli Evo"},"image":{"@id":"https:\/\/www.ghiblievo.com\/it\/#\/schema\/logo\/image\/"},"sameAs":["https:\/\/www.facebook.com\/ghiblievo","https:\/\/www.instagram.com\/ghiblievo\/"],"description":"Ghiblievo is specialized in hotel supplies, bathroom accessories for hotel and hair dryer","email":"info@ghiblievo.com","telephone":"+39 338 4733486","foundingDate":"2009-01-01","vatID":"IT 03607430166"}]},"product_price_amount":"35.00","product_price_currency":"EUR","og_availability":"instock","product_availability":"instock","product_condition":"new"},"_links":{"self":[{"href":"https:\/\/www.ghiblievo.com\/it\/wp-json\/wp\/v2\/product\/28467","targetHints":{"allow":["GET"]}}],"collection":[{"href":"https:\/\/www.ghiblievo.com\/it\/wp-json\/wp\/v2\/product"}],"about":[{"href":"https:\/\/www.ghiblievo.com\/it\/wp-json\/wp\/v2\/types\/product"}],"replies":[{"embeddable":true,"href":"https:\/\/www.ghiblievo.com\/it\/wp-json\/wp\/v2\/comments?post=28467"}],"version-history":[{"count":0,"href":"https:\/\/www.ghiblievo.com\/it\/wp-json\/wp\/v2\/product\/28467\/revisions"}],"wp:featuredmedia":[{"embeddable":true,"href":"https:\/\/www.ghiblievo.com\/it\/wp-json\/wp\/v2\/media\/29723"}],"wp:attachment":[{"href":"https:\/\/www.ghiblievo.com\/it\/wp-json\/wp\/v2\/media?parent=28467"}],"wp:term":[{"taxonomy":"product_cat","embeddable":true,"href":"https:\/\/www.ghiblievo.com\/it\/wp-json\/wp\/v2\/product_cat?post=28467"},{"taxonomy":"product_tag","embeddable":true,"href":"https:\/\/www.ghiblievo.com\/it\/wp-json\/wp\/v2\/product_tag?post=28467"}],"curies":[{"name":"wp","href":"https:\/\/api.w.org\/{rel}","templated":true}]}}