{"id":28407,"date":"2024-01-24T10:15:46","date_gmt":"2024-01-24T09:33:51","guid":{"rendered":"https:\/\/www.ghiblievo.com\/?post_type=product&#038;p=28407"},"modified":"2024-01-25T16:30:09","modified_gmt":"2024-01-25T15:30:09","slug":"vassoio-di-ospitalita-compatto-nero-slim","status":"publish","type":"product","link":"https:\/\/www.ghiblievo.com\/it\/prodotto\/vassoio-di-ospitalita-compatto-nero-slim\/","title":{"rendered":"Vassoio di ospitalit\u00e0 compatto Nero &#8211; SLIM"},"content":{"rendered":"<p>Materiale vassoio: MDF, marrone-nero<br \/>\nFinitura: Vernice resistente per ridurre al minimo graffi e macchie<br \/>\n<strong>Dimensioni vassoio<\/strong><br \/>\nL258 x P258 x A40mm<br \/>\nL\u2019altezza incluso bollitore: 212\/252mm<br \/>\n<strong>Compartimenti<\/strong><br \/>\n\u2013 Per bustine di t\u00e8: L70 x P6 x A20mm (3x)<br \/>\n\u2013 Per bustine di zucchero: L142 x P70 x A25mm (1x)<br \/>\n\u2013 Per la base del bollitore: \u00d8 145mm<br \/>\n<strong>Dettagli<\/strong><br \/>\nSotto<br \/>\n4 cuscinetti in silicone trasparente<br \/>\nSistema antifurto sulla base del bollitore<br \/>\nIstruzione di pulizia<br \/>\n<a href=\"https:\/\/btray.com\/download\/Cleaning_Instructions_Kettles_and_Trays_B-TRAY.pdf\" target=\"_blank\" rel=\"noopener\">Istruzione di pulizia<\/a><\/p>\n","protected":false},"excerpt":{"rendered":"<div class=\"elementor-element elementor-element-8e7cb84 elementor-widget elementor-widget-heading\" data-id=\"8e7cb84\" data-element_type=\"widget\" data-widget_type=\"heading.default\">\n<div class=\"elementor-widget-container\">\n<div class=\"innerProductSubIntro\">B-TRAY SLIM | MDF<\/div>\n<\/div>\n<\/div>\n<div class=\"elementor-element elementor-element-e1fbb9d elementor-widget elementor-widget-text-editor\" data-id=\"e1fbb9d\" data-element_type=\"widget\" data-widget_type=\"text-editor.default\">\n<div class=\"elementor-widget-container\">\n<ul>\n<li>Ultracompatto, occupa poco spazio<\/li>\n<li>Materiale: MDF di alta qualit\u00e0<\/li>\n<li>Antifurto: il cavo si pu\u00f2 fissare alla base del vassoio<\/li>\n<li>Facile da pulire (bordi completamente arrotondati)<\/li>\n<li>Possibilit\u00e0 su misura<\/li>\n<li>B-TRAY pianta un albero per ogni 5&nbsp;vassoi venduti<\/li>\n<li>Garanzia di 2&nbsp;anni<\/li>\n<\/ul>\n<p>Questo vassoio di ospitalit\u00e0 compatto \u00e8 disponibile con bollitore e tazze (opzionale).<\/p>\n<p><strong>Design ultracompatto<\/strong><br \/>\n&nbsp;<br \/>\nSe desiderate offrire caff\u00e8 e t\u00e8 ai vostri ospiti ma lo spazio nelle camere \u00e8 limitato, il nostro vassoio di cortesia SLIM, dalle dimensioni ultracompatte, \u00e8 la soluzione ideale per il vostro hotel.<\/p>\n<p><strong>Comodo e spazioso<\/strong><br \/>\n&nbsp;<br \/>\nIl vassoio SLIM dispone di spazio sufficiente per riporre diversi tipi di articoli (3 scomparti per le bustine di t\u00e8 e 1 scomparto grande per bustine di zucchero o di latte e i cucchiaini).<\/p>\n<p><strong>Blocco antifurto<\/strong><br \/>\n&nbsp;<br \/>\nGrazie al blocco antifurto, \u00e8 possibile collegare facilmente il cavo della base del bollitore alla base del vassoio.<\/p>\n<p><strong>Vernice di alta qualit\u00e0<\/strong><br \/>\n&nbsp;<br \/>\nQuesto vassoio compatto per hotel \u00e8 realizzato in MDF di alta qualit\u00e0 ed \u00e8 stato trattato con diversi strati di vernice che prevengono l\u2019assorbimento di sporco e umidit\u00e0.<\/p>\n<h4>Vassoio di ospitalit\u00e0 di lusso con una piccola &#8216;impronta&#8217;<\/h4>\n<p>Se desideri offrire caff\u00e8 e t\u00e8 ai tuoi ospiti, ma hai spazio limitato nelle tue camere d\u2019albergo, il vassoio B-TRAY SLIM \u00e8 la soluzione ideale per te.<\/p>\n<p>Con le sue finiture di alta qualit\u00e0, questo vassoio di ospitalit\u00e0 compatto, offre un design lussuoso e, grazie alle sue misure sottili e ridotte, si adatta ad ogni camera d\u2019albergo. Il vassoio \u00e8 in massello di faggio, ed \u00e8 disponibile in nero. Per grandi ordini, pu\u00f2 essere fornito in qualsiasi colore a tua scelta. Con un vassoio di benvenuto SLIM, ogni camera avr\u00e0 un tocco in pi\u00f9, facendo sentire i tuoi ospiti a casa!<\/p>\n<p>Progettiamo e produciamo vassoi di cortesia, anche su richiesta. I&nbsp;vassoi su misura&nbsp;sono disponibili in qualsiasi colore, dimensione o forma.<\/p>\n<\/div>\n<\/div>\n","protected":false},"featured_media":29650,"comment_status":"open","ping_status":"closed","template":"","meta":{"_acf_changed":false,"ngg_post_thumbnail":0,"footnotes":""},"product_cat":[992],"product_tag":[994],"class_list":{"0":"post-28407","1":"product","2":"type-product","3":"status-publish","4":"has-post-thumbnail","6":"product_cat-vassoi-di-cortesia","7":"product_tag-b-tray-it","9":"first","10":"instock","11":"shipping-taxable","12":"purchasable","13":"product-type-simple"},"acf":[],"yoast_head":"<!-- This site is optimized with the Yoast SEO Premium plugin v26.7 (Yoast SEO v26.7) - https:\/\/yoast.com\/wordpress\/plugins\/seo\/ -->\n<title>Vassoio di ospitalit\u00e0 compatto Nero - SLIM - Ghibli Evo<\/title>\n<meta name=\"description\" content=\"Vassoio di ospitalit\u00e0 compatto Nero: caff\u00e8 e t\u00e8 ai vostri ospiti il nostro vassoio di cortesia SLIM, dimensioni compatte, la soluzione ideale per hotel\" \/>\n<meta name=\"robots\" content=\"index, follow, max-snippet:-1, max-image-preview:large, max-video-preview:-1\" \/>\n<link rel=\"canonical\" href=\"https:\/\/www.ghiblievo.com\/it\/prodotto\/vassoio-di-ospitalita-compatto-nero-slim\/\" \/>\n<meta property=\"og:locale\" content=\"it_IT\" \/>\n<meta property=\"og:type\" content=\"article\" \/>\n<meta property=\"og:title\" content=\"Vassoio di ospitalit\u00e0 compatto Nero - SLIM\" \/>\n<meta property=\"og:description\" content=\"B-TRAY SLIM | MDF       Ultracompatto, occupa poco spazio  Materiale: MDF di alta qualit\u00e0  Antifurto: il cavo si pu\u00f2 fissare alla base del vassoio  Facile da pulire (bordi completamente arrotondati)  Possibilit\u00e0 su misura  B-TRAY pianta un albero per ogni 5&nbsp;vassoi venduti  Garanzia di 2&nbsp;anni  Questo vassoio di ospitalit\u00e0 compatto \u00e8 disponibile con bollitore e tazze (opzionale).  Design ultracompatto &nbsp; Se desiderate offrire caff\u00e8 e t\u00e8 ai vostri ospiti ma lo spazio nelle camere \u00e8 limitato, il nostro vassoio di cortesia SLIM, dalle dimensioni ultracompatte, \u00e8 la soluzione ideale per il vostro hotel.  Comodo e spazioso &nbsp; Il vassoio SLIM dispone di spazio sufficiente per riporre diversi tipi di articoli (3 scomparti per le bustine di t\u00e8 e 1 scomparto grande per bustine di zucchero o di latte e i cucchiaini).  Blocco antifurto &nbsp; Grazie al blocco antifurto, \u00e8 possibile collegare facilmente il cavo della base del bollitore alla base del vassoio.  Vernice di alta qualit\u00e0 &nbsp; Questo vassoio compatto per hotel \u00e8 realizzato in MDF di alta qualit\u00e0 ed \u00e8 stato trattato con diversi strati di vernice che prevengono l\u2019assorbimento di sporco e umidit\u00e0. Vassoio di ospitalit\u00e0 di lusso con una piccola &#039;impronta&#039; Se desideri offrire caff\u00e8 e t\u00e8 ai tuoi ospiti, ma hai spazio limitato nelle tue camere d\u2019albergo, il vassoio B-TRAY SLIM \u00e8 la soluzione ideale per te.  Con le sue finiture di alta qualit\u00e0, questo vassoio di ospitalit\u00e0 compatto, offre un design lussuoso e, grazie alle sue misure sottili e ridotte, si adatta ad ogni camera d\u2019albergo. Il vassoio \u00e8 in massello di faggio, ed \u00e8 disponibile in nero. Per grandi ordini, pu\u00f2 essere fornito in qualsiasi colore a tua scelta. Con un vassoio di benvenuto SLIM, ogni camera avr\u00e0 un tocco in pi\u00f9, facendo sentire i tuoi ospiti a casa!  Progettiamo e produciamo vassoi di cortesia, anche su richiesta. I&nbsp;vassoi su misura&nbsp;sono disponibili in qualsiasi colore, dimensione o forma.\" \/>\n<meta property=\"og:url\" content=\"https:\/\/www.ghiblievo.com\/it\/prodotto\/vassoio-di-ospitalita-compatto-nero-slim\/\" \/>\n<meta property=\"og:site_name\" content=\"Ghibli Evo\" \/>\n<meta property=\"article:publisher\" content=\"https:\/\/www.facebook.com\/ghiblievo\" \/>\n<meta property=\"article:modified_time\" content=\"2024-01-25T15:30:09+00:00\" \/>\n<meta property=\"og:image\" content=\"https:\/\/www.ghiblievo.com\/wp-content\/uploads\/2024\/01\/Hospitality-tray-SLIM-Kettle-STAR-0.5L-RedCups-jpg.webp\" \/>\n\t<meta property=\"og:image:width\" content=\"1200\" \/>\n\t<meta property=\"og:image:height\" content=\"800\" \/>\n\t<meta property=\"og:image:type\" content=\"image\/jpeg\" \/>\n<meta name=\"twitter:card\" content=\"summary_large_image\" \/>\n<meta name=\"twitter:label1\" content=\"Prezzo\" \/>\n\t<meta name=\"twitter:data1\" content=\"&euro;35.00\" \/>\n\t<meta name=\"twitter:label2\" content=\"Disponibilit\u00e0\" \/>\n\t<meta name=\"twitter:data2\" content=\"In stock\" \/>\n<script type=\"application\/ld+json\" class=\"yoast-schema-graph\">{\"@context\":\"https:\/\/schema.org\",\"@graph\":[{\"@type\":\"WebPage\",\"@id\":\"https:\/\/www.ghiblievo.com\/it\/prodotto\/vassoio-di-ospitalita-compatto-nero-slim\/\",\"url\":\"https:\/\/www.ghiblievo.com\/it\/prodotto\/vassoio-di-ospitalita-compatto-nero-slim\/\",\"name\":\"Vassoio di ospitalit\u00e0 compatto Nero - SLIM - Ghibli Evo\",\"isPartOf\":{\"@id\":\"https:\/\/www.ghiblievo.com\/it\/#website\"},\"primaryImageOfPage\":{\"@id\":\"https:\/\/www.ghiblievo.com\/it\/prodotto\/vassoio-di-ospitalita-compatto-nero-slim\/#primaryimage\"},\"image\":{\"@id\":\"https:\/\/www.ghiblievo.com\/it\/prodotto\/vassoio-di-ospitalita-compatto-nero-slim\/#primaryimage\"},\"thumbnailUrl\":\"https:\/\/www.ghiblievo.com\/wp-content\/uploads\/2024\/01\/Hospitality-tray-SLIM-Kettle-STAR-0.5L-RedCups-jpg.webp\",\"datePublished\":\"2024-01-24T09:33:51+00:00\",\"dateModified\":\"2024-01-25T15:30:09+00:00\",\"description\":\"Vassoio di ospitalit\u00e0 compatto Nero: caff\u00e8 e t\u00e8 ai vostri ospiti il nostro vassoio di cortesia SLIM, dimensioni compatte, la soluzione ideale per hotel\",\"breadcrumb\":{\"@id\":\"https:\/\/www.ghiblievo.com\/it\/prodotto\/vassoio-di-ospitalita-compatto-nero-slim\/#breadcrumb\"},\"inLanguage\":\"it-IT\",\"potentialAction\":[{\"@type\":\"ReadAction\",\"target\":[\"https:\/\/www.ghiblievo.com\/it\/prodotto\/vassoio-di-ospitalita-compatto-nero-slim\/\"]}]},{\"@type\":\"ImageObject\",\"inLanguage\":\"it-IT\",\"@id\":\"https:\/\/www.ghiblievo.com\/it\/prodotto\/vassoio-di-ospitalita-compatto-nero-slim\/#primaryimage\",\"url\":\"https:\/\/www.ghiblievo.com\/wp-content\/uploads\/2024\/01\/Hospitality-tray-SLIM-Kettle-STAR-0.5L-RedCups-jpg.webp\",\"contentUrl\":\"https:\/\/www.ghiblievo.com\/wp-content\/uploads\/2024\/01\/Hospitality-tray-SLIM-Kettle-STAR-0.5L-RedCups-jpg.webp\",\"width\":1200,\"height\":800,\"caption\":\"Vassoio di ospitalit\u00e0 compatto Nero - SLIM\"},{\"@type\":\"BreadcrumbList\",\"@id\":\"https:\/\/www.ghiblievo.com\/it\/prodotto\/vassoio-di-ospitalita-compatto-nero-slim\/#breadcrumb\",\"itemListElement\":[{\"@type\":\"ListItem\",\"position\":1,\"name\":\"Home\",\"item\":\"https:\/\/www.ghiblievo.com\/it\/\"},{\"@type\":\"ListItem\",\"position\":2,\"name\":\"Shop\",\"item\":\"https:\/\/www.ghiblievo.com\/it\/shop-it\/\"},{\"@type\":\"ListItem\",\"position\":3,\"name\":\"Vassoi di Cortesia\",\"item\":\"https:\/\/www.ghiblievo.com\/it\/categoria-prodotto\/vassoi-di-cortesia\/\"},{\"@type\":\"ListItem\",\"position\":4,\"name\":\"Vassoio di ospitalit\u00e0 compatto Nero &#8211; SLIM\"}]},{\"@type\":\"WebSite\",\"@id\":\"https:\/\/www.ghiblievo.com\/it\/#website\",\"url\":\"https:\/\/www.ghiblievo.com\/it\/\",\"name\":\"Ghibli Evo\",\"description\":\"Hair Dryers for Hotel - Wall Mounted Hair Dryer\",\"publisher\":{\"@id\":\"https:\/\/www.ghiblievo.com\/it\/#organization\"},\"potentialAction\":[{\"@type\":\"SearchAction\",\"target\":{\"@type\":\"EntryPoint\",\"urlTemplate\":\"https:\/\/www.ghiblievo.com\/it\/?s={search_term_string}\"},\"query-input\":{\"@type\":\"PropertyValueSpecification\",\"valueRequired\":true,\"valueName\":\"search_term_string\"}}],\"inLanguage\":\"it-IT\"},{\"@type\":\"Organization\",\"@id\":\"https:\/\/www.ghiblievo.com\/it\/#organization\",\"name\":\"Ghibli Evo\",\"url\":\"https:\/\/www.ghiblievo.com\/it\/\",\"logo\":{\"@type\":\"ImageObject\",\"inLanguage\":\"it-IT\",\"@id\":\"https:\/\/www.ghiblievo.com\/it\/#\/schema\/logo\/image\/\",\"url\":\"https:\/\/www.ghiblievo.com\/wp-content\/uploads\/2019\/09\/Emblema_HUB-footer.png\",\"contentUrl\":\"https:\/\/www.ghiblievo.com\/wp-content\/uploads\/2019\/09\/Emblema_HUB-footer.png\",\"width\":300,\"height\":291,\"caption\":\"Ghibli Evo\"},\"image\":{\"@id\":\"https:\/\/www.ghiblievo.com\/it\/#\/schema\/logo\/image\/\"},\"sameAs\":[\"https:\/\/www.facebook.com\/ghiblievo\",\"https:\/\/www.instagram.com\/ghiblievo\/\"],\"description\":\"Ghiblievo is specialized in hotel supplies, bathroom accessories for hotel and hair dryer\",\"email\":\"info@ghiblievo.com\",\"telephone\":\"+39 338 4733486\",\"foundingDate\":\"2009-01-01\",\"vatID\":\"IT 03607430166\"}]}<\/script>\n<meta property=\"product:price:amount\" content=\"35.00\" \/>\n<meta property=\"product:price:currency\" content=\"EUR\" \/>\n<meta property=\"og:availability\" content=\"instock\" \/>\n<meta property=\"product:availability\" content=\"instock\" \/>\n<meta property=\"product:condition\" content=\"new\" \/>\n<!-- \/ Yoast SEO Premium plugin. -->","yoast_head_json":{"title":"Vassoio di ospitalit\u00e0 compatto Nero - SLIM - Ghibli Evo","description":"Vassoio di ospitalit\u00e0 compatto Nero: caff\u00e8 e t\u00e8 ai vostri ospiti il nostro vassoio di cortesia SLIM, dimensioni compatte, la soluzione ideale per hotel","robots":{"index":"index","follow":"follow","max-snippet":"max-snippet:-1","max-image-preview":"max-image-preview:large","max-video-preview":"max-video-preview:-1"},"canonical":"https:\/\/www.ghiblievo.com\/it\/prodotto\/vassoio-di-ospitalita-compatto-nero-slim\/","og_locale":"it_IT","og_type":"article","og_title":"Vassoio di ospitalit\u00e0 compatto Nero - SLIM","og_description":"B-TRAY SLIM | MDF       Ultracompatto, occupa poco spazio  Materiale: MDF di alta qualit\u00e0  Antifurto: il cavo si pu\u00f2 fissare alla base del vassoio  Facile da pulire (bordi completamente arrotondati)  Possibilit\u00e0 su misura  B-TRAY pianta un albero per ogni 5&nbsp;vassoi venduti  Garanzia di 2&nbsp;anni  Questo vassoio di ospitalit\u00e0 compatto \u00e8 disponibile con bollitore e tazze (opzionale).  Design ultracompatto &nbsp; Se desiderate offrire caff\u00e8 e t\u00e8 ai vostri ospiti ma lo spazio nelle camere \u00e8 limitato, il nostro vassoio di cortesia SLIM, dalle dimensioni ultracompatte, \u00e8 la soluzione ideale per il vostro hotel.  Comodo e spazioso &nbsp; Il vassoio SLIM dispone di spazio sufficiente per riporre diversi tipi di articoli (3 scomparti per le bustine di t\u00e8 e 1 scomparto grande per bustine di zucchero o di latte e i cucchiaini).  Blocco antifurto &nbsp; Grazie al blocco antifurto, \u00e8 possibile collegare facilmente il cavo della base del bollitore alla base del vassoio.  Vernice di alta qualit\u00e0 &nbsp; Questo vassoio compatto per hotel \u00e8 realizzato in MDF di alta qualit\u00e0 ed \u00e8 stato trattato con diversi strati di vernice che prevengono l\u2019assorbimento di sporco e umidit\u00e0. Vassoio di ospitalit\u00e0 di lusso con una piccola 'impronta' Se desideri offrire caff\u00e8 e t\u00e8 ai tuoi ospiti, ma hai spazio limitato nelle tue camere d\u2019albergo, il vassoio B-TRAY SLIM \u00e8 la soluzione ideale per te.  Con le sue finiture di alta qualit\u00e0, questo vassoio di ospitalit\u00e0 compatto, offre un design lussuoso e, grazie alle sue misure sottili e ridotte, si adatta ad ogni camera d\u2019albergo. Il vassoio \u00e8 in massello di faggio, ed \u00e8 disponibile in nero. Per grandi ordini, pu\u00f2 essere fornito in qualsiasi colore a tua scelta. Con un vassoio di benvenuto SLIM, ogni camera avr\u00e0 un tocco in pi\u00f9, facendo sentire i tuoi ospiti a casa!  Progettiamo e produciamo vassoi di cortesia, anche su richiesta. I&nbsp;vassoi su misura&nbsp;sono disponibili in qualsiasi colore, dimensione o forma.","og_url":"https:\/\/www.ghiblievo.com\/it\/prodotto\/vassoio-di-ospitalita-compatto-nero-slim\/","og_site_name":"Ghibli Evo","article_publisher":"https:\/\/www.facebook.com\/ghiblievo","article_modified_time":"2024-01-25T15:30:09+00:00","og_image":[{"width":1200,"height":800,"url":"https:\/\/www.ghiblievo.com\/wp-content\/uploads\/2024\/01\/Hospitality-tray-SLIM-Kettle-STAR-0.5L-RedCups-jpg.webp","type":"image\/jpeg"}],"twitter_card":"summary_large_image","twitter_misc":{"Prezzo":"&euro;35.00","Disponibilit\u00e0":"In stock"},"schema":{"@context":"https:\/\/schema.org","@graph":[{"@type":"WebPage","@id":"https:\/\/www.ghiblievo.com\/it\/prodotto\/vassoio-di-ospitalita-compatto-nero-slim\/","url":"https:\/\/www.ghiblievo.com\/it\/prodotto\/vassoio-di-ospitalita-compatto-nero-slim\/","name":"Vassoio di ospitalit\u00e0 compatto Nero - SLIM - Ghibli Evo","isPartOf":{"@id":"https:\/\/www.ghiblievo.com\/it\/#website"},"primaryImageOfPage":{"@id":"https:\/\/www.ghiblievo.com\/it\/prodotto\/vassoio-di-ospitalita-compatto-nero-slim\/#primaryimage"},"image":{"@id":"https:\/\/www.ghiblievo.com\/it\/prodotto\/vassoio-di-ospitalita-compatto-nero-slim\/#primaryimage"},"thumbnailUrl":"https:\/\/www.ghiblievo.com\/wp-content\/uploads\/2024\/01\/Hospitality-tray-SLIM-Kettle-STAR-0.5L-RedCups-jpg.webp","datePublished":"2024-01-24T09:33:51+00:00","dateModified":"2024-01-25T15:30:09+00:00","description":"Vassoio di ospitalit\u00e0 compatto Nero: caff\u00e8 e t\u00e8 ai vostri ospiti il nostro vassoio di cortesia SLIM, dimensioni compatte, la soluzione ideale per hotel","breadcrumb":{"@id":"https:\/\/www.ghiblievo.com\/it\/prodotto\/vassoio-di-ospitalita-compatto-nero-slim\/#breadcrumb"},"inLanguage":"it-IT","potentialAction":[{"@type":"ReadAction","target":["https:\/\/www.ghiblievo.com\/it\/prodotto\/vassoio-di-ospitalita-compatto-nero-slim\/"]}]},{"@type":"ImageObject","inLanguage":"it-IT","@id":"https:\/\/www.ghiblievo.com\/it\/prodotto\/vassoio-di-ospitalita-compatto-nero-slim\/#primaryimage","url":"https:\/\/www.ghiblievo.com\/wp-content\/uploads\/2024\/01\/Hospitality-tray-SLIM-Kettle-STAR-0.5L-RedCups-jpg.webp","contentUrl":"https:\/\/www.ghiblievo.com\/wp-content\/uploads\/2024\/01\/Hospitality-tray-SLIM-Kettle-STAR-0.5L-RedCups-jpg.webp","width":1200,"height":800,"caption":"Vassoio di ospitalit\u00e0 compatto Nero - SLIM"},{"@type":"BreadcrumbList","@id":"https:\/\/www.ghiblievo.com\/it\/prodotto\/vassoio-di-ospitalita-compatto-nero-slim\/#breadcrumb","itemListElement":[{"@type":"ListItem","position":1,"name":"Home","item":"https:\/\/www.ghiblievo.com\/it\/"},{"@type":"ListItem","position":2,"name":"Shop","item":"https:\/\/www.ghiblievo.com\/it\/shop-it\/"},{"@type":"ListItem","position":3,"name":"Vassoi di Cortesia","item":"https:\/\/www.ghiblievo.com\/it\/categoria-prodotto\/vassoi-di-cortesia\/"},{"@type":"ListItem","position":4,"name":"Vassoio di ospitalit\u00e0 compatto Nero &#8211; SLIM"}]},{"@type":"WebSite","@id":"https:\/\/www.ghiblievo.com\/it\/#website","url":"https:\/\/www.ghiblievo.com\/it\/","name":"Ghibli Evo","description":"Hair Dryers for Hotel - Wall Mounted Hair Dryer","publisher":{"@id":"https:\/\/www.ghiblievo.com\/it\/#organization"},"potentialAction":[{"@type":"SearchAction","target":{"@type":"EntryPoint","urlTemplate":"https:\/\/www.ghiblievo.com\/it\/?s={search_term_string}"},"query-input":{"@type":"PropertyValueSpecification","valueRequired":true,"valueName":"search_term_string"}}],"inLanguage":"it-IT"},{"@type":"Organization","@id":"https:\/\/www.ghiblievo.com\/it\/#organization","name":"Ghibli Evo","url":"https:\/\/www.ghiblievo.com\/it\/","logo":{"@type":"ImageObject","inLanguage":"it-IT","@id":"https:\/\/www.ghiblievo.com\/it\/#\/schema\/logo\/image\/","url":"https:\/\/www.ghiblievo.com\/wp-content\/uploads\/2019\/09\/Emblema_HUB-footer.png","contentUrl":"https:\/\/www.ghiblievo.com\/wp-content\/uploads\/2019\/09\/Emblema_HUB-footer.png","width":300,"height":291,"caption":"Ghibli Evo"},"image":{"@id":"https:\/\/www.ghiblievo.com\/it\/#\/schema\/logo\/image\/"},"sameAs":["https:\/\/www.facebook.com\/ghiblievo","https:\/\/www.instagram.com\/ghiblievo\/"],"description":"Ghiblievo is specialized in hotel supplies, bathroom accessories for hotel and hair dryer","email":"info@ghiblievo.com","telephone":"+39 338 4733486","foundingDate":"2009-01-01","vatID":"IT 03607430166"}]},"product_price_amount":"35.00","product_price_currency":"EUR","og_availability":"instock","product_availability":"instock","product_condition":"new"},"_links":{"self":[{"href":"https:\/\/www.ghiblievo.com\/it\/wp-json\/wp\/v2\/product\/28407","targetHints":{"allow":["GET"]}}],"collection":[{"href":"https:\/\/www.ghiblievo.com\/it\/wp-json\/wp\/v2\/product"}],"about":[{"href":"https:\/\/www.ghiblievo.com\/it\/wp-json\/wp\/v2\/types\/product"}],"replies":[{"embeddable":true,"href":"https:\/\/www.ghiblievo.com\/it\/wp-json\/wp\/v2\/comments?post=28407"}],"version-history":[{"count":0,"href":"https:\/\/www.ghiblievo.com\/it\/wp-json\/wp\/v2\/product\/28407\/revisions"}],"wp:featuredmedia":[{"embeddable":true,"href":"https:\/\/www.ghiblievo.com\/it\/wp-json\/wp\/v2\/media\/29650"}],"wp:attachment":[{"href":"https:\/\/www.ghiblievo.com\/it\/wp-json\/wp\/v2\/media?parent=28407"}],"wp:term":[{"taxonomy":"product_cat","embeddable":true,"href":"https:\/\/www.ghiblievo.com\/it\/wp-json\/wp\/v2\/product_cat?post=28407"},{"taxonomy":"product_tag","embeddable":true,"href":"https:\/\/www.ghiblievo.com\/it\/wp-json\/wp\/v2\/product_tag?post=28407"}],"curies":[{"name":"wp","href":"https:\/\/api.w.org\/{rel}","templated":true}]}}