{"id":28158,"date":"2024-01-23T12:15:28","date_gmt":"2024-01-23T11:22:15","guid":{"rendered":"https:\/\/www.ghiblievo.com\/?post_type=product&#038;p=28158"},"modified":"2024-01-25T15:58:00","modified_gmt":"2024-01-25T14:58:00","slug":"vassoio-di-cortesia-in-ecopelle-con-cassetto-e-macchina-caffe-nespresso","status":"publish","type":"product","link":"https:\/\/www.ghiblievo.com\/it\/prodotto\/vassoio-di-cortesia-in-ecopelle-con-cassetto-e-macchina-caffe-nespresso\/","title":{"rendered":"Vassoio di cortesia in ecopelle &#8211; SPACE"},"content":{"rendered":"<p>Materiale vassoio: Pelle sintetica, nero<\/p>\n<p><strong>Dimensioni vassoio<\/strong><br \/>\nEsterna: L315 x P415 x A78mm<br \/>\nInterno: L300 x P400mm<\/p>\n<p><strong>Compartimenti<\/strong><br \/>\n\u2013 L60 x P275 x A45mm (2x)<br \/>\n\u2013 L75 x P135 x A45mm (2x)<\/p>\n<p><strong>Particolarit\u00e0<\/strong><br \/>\nIl cassetto \u00e8 dotato di 2 inserti in schiuma rimovibili per contenere 2 tipi di capsule Nespresso: dimensioni standard e grands crus professionali<\/p>\n<p><strong>Dettagli del Vassoio di cortesia in ecopelle<\/strong><br \/>\nSotto: 4 cuscinetti in silicone trasparente<br \/>\nSistema guida del bollitore<\/p>\n<p><strong>Istruzione di pulizia<\/strong><br \/>\n<a href=\"https:\/\/btray.com\/download\/Cleaning_Instructions_Kettles_and_Trays_B-TRAY.pdf\" target=\"_blank\" rel=\"noopener\">Istruzione di pulizia<\/a><\/p>\n<p><strong>Sistema di guida<\/strong><br \/>\nPer tutti gli scompartimenti (a sinistra, a destra ed indietro)<\/p>\n","protected":false},"excerpt":{"rendered":"<div class=\"elementor-element elementor-element-b2d24ca elementor-widget elementor-widget-heading\" data-id=\"b2d24ca\" data-element_type=\"widget\" data-widget_type=\"heading.default\">\n<div class=\"elementor-widget-container\">\n<h5 class=\"elementor-heading-title elementor-size-default\">B-TRAY SPACE | Ecopelle (PU)<\/h5>\n<h3><strong>Vassoio di cortesia in ecopelle con cassetto<\/strong><\/h3>\n<\/div>\n<\/div>\n<div class=\"elementor-element elementor-element-3de9932 elementor-widget elementor-widget-text-editor\" data-id=\"3de9932\" data-element_type=\"widget\" data-widget_type=\"text-editor.default\">\n<div class=\"elementor-widget-container\">\n<ul>\n<li>Ecopelle di prima qualit\u00e0, colore nero<\/li>\n<li>Spazio per una macchina per il caff\u00e8 (START o Nespresso\u00ae)<\/li>\n<li>Cassetto per proteggere dalla polvere i condimenti<\/li>\n<li>Dotato di 2 inserti rimovibili per l\u2019alloggiamentodi 2 tipi di capsule Nespresso<\/li>\n<li>Adatto anche per il proprio bollitore per albergo<\/li>\n<li>Garanzia di 2 anni<\/li>\n<\/ul>\n<p>Questo vassoio di cortesia con cassetto \u00e8 disponibile con bollitore, macchina da caff\u00e8 e tazze (opzionale).<\/p>\n<p><strong>Alta qualit\u00e0 e lusso<\/strong><br \/>\n&nbsp;<br \/>\nLo SPACE \u00e8 uno dei nostri vassoio di cortesia pi\u00f9 lussuosi. Realizzato in ecopelle (PU) di alta qualit\u00e0, viene rifinito con cuciture nere per un tocco esclusivo.<\/p>\n<p><strong>Comodo e spazioso<\/strong><br \/>\n&nbsp;<br \/>\nSPACE dispone di uno spazioso cassetto per tutti i tipi di forniture per caff\u00e8 e t\u00e8. Offre spazio sufficiente per riporre una macchina da caff\u00e8, un bollitore, tazze e\/o bicchieri. Scegli il vassoio pi\u00f9 adatto per il tuo hotel!<\/p>\n<p><strong>Guida per i cavi<\/strong><br \/>\n&nbsp;<br \/>\nSulla parte superiore del cassetto sono presenti quattro guide per portare il cavo del bollitore in direzione della presa di corrente (a sinistra, a destra o all\u2019indietro).<\/p>\n<p><strong>Spazio per la macchina del caff\u00e8<\/strong><br \/>\n&nbsp;<br \/>\nIl vassoio \u00e8 compatibile con tutte le macchine Nespresso\u00ae pi\u00f9 diffuse (come Inissia, Pixie, Essenza, Citiz, Zenius e Vertuo) e con la macchina del caff\u00e8 START di B-TRAY.<\/p>\n<h4>Vassoio di cortesia di lusso in ecopelle<\/h4>\n<p>Se siete alla ricerca di un vassoio di cortesia elegante,e abbastanza spazioso da potervi alloggiare una macchina per il caff\u00e8, B-TRAY SPACE \u00e8 il vassoio di cortesia che fa al caso vostro.<\/p>\n<p>Realizzato in ecopelle di prima qualit\u00e0 e completo di un ampio cassetto, questo straordinario vassoio di benvenuto \u00e8 rifinito con cuciture nere per un tocco di assoluta eleganza. Abbastanza spazioso da poter contenere una macchina per il caff\u00e8, un bollitore, tazze e bustine varie.<\/p>\n<\/div>\n<\/div>\n","protected":false},"featured_media":28019,"comment_status":"open","ping_status":"closed","template":"","meta":{"_acf_changed":false,"ngg_post_thumbnail":0,"footnotes":""},"product_cat":[992],"product_tag":[994],"class_list":{"0":"post-28158","1":"product","2":"type-product","3":"status-publish","4":"has-post-thumbnail","6":"product_cat-vassoi-di-cortesia","7":"product_tag-b-tray-it","9":"first","10":"instock","11":"shipping-taxable","12":"purchasable","13":"product-type-variable"},"acf":[],"yoast_head":"<!-- This site is optimized with the Yoast SEO Premium plugin v26.7 (Yoast SEO v26.7) - https:\/\/yoast.com\/wordpress\/plugins\/seo\/ -->\n<title>Vassoio di cortesia in ecopelle con cassettoe macchina Nespresso<\/title>\n<meta name=\"description\" content=\"Vassoio di cortesia in ecopelle con cassetto: Spazio per una macchina per il caff\u00e8 (START o Nespresso\u00ae) e adatto per bollitore per albergo\" \/>\n<meta name=\"robots\" content=\"index, follow, max-snippet:-1, max-image-preview:large, max-video-preview:-1\" \/>\n<link rel=\"canonical\" href=\"https:\/\/www.ghiblievo.com\/it\/prodotto\/vassoio-di-cortesia-in-ecopelle-con-cassetto-e-macchina-caffe-nespresso\/\" \/>\n<meta property=\"og:locale\" content=\"it_IT\" \/>\n<meta property=\"og:type\" content=\"article\" \/>\n<meta property=\"og:title\" content=\"Vassoio di cortesia in ecopelle - SPACE\" \/>\n<meta property=\"og:description\" content=\"B-TRAY SPACE | Ecopelle (PU) Vassoio di cortesia in ecopelle con cassetto       Ecopelle di prima qualit\u00e0, colore nero  Spazio per una macchina per il caff\u00e8 (START o Nespresso\u00ae)  Cassetto per proteggere dalla polvere i condimenti  Dotato di 2 inserti rimovibili per l\u2019alloggiamentodi 2 tipi di capsule Nespresso  Adatto anche per il proprio bollitore per albergo  Garanzia di 2 anni  Questo vassoio di cortesia con cassetto \u00e8 disponibile con bollitore, macchina da caff\u00e8 e tazze (opzionale).  Alta qualit\u00e0 e lusso &nbsp; Lo SPACE \u00e8 uno dei nostri vassoio di cortesia pi\u00f9 lussuosi. Realizzato in ecopelle (PU) di alta qualit\u00e0, viene rifinito con cuciture nere per un tocco esclusivo.  Comodo e spazioso &nbsp; SPACE dispone di uno spazioso cassetto per tutti i tipi di forniture per caff\u00e8 e t\u00e8. Offre spazio sufficiente per riporre una macchina da caff\u00e8, un bollitore, tazze e\/o bicchieri. Scegli il vassoio pi\u00f9 adatto per il tuo hotel!  Guida per i cavi &nbsp; Sulla parte superiore del cassetto sono presenti quattro guide per portare il cavo del bollitore in direzione della presa di corrente (a sinistra, a destra o all\u2019indietro).  Spazio per la macchina del caff\u00e8 &nbsp; Il vassoio \u00e8 compatibile con tutte le macchine Nespresso\u00ae pi\u00f9 diffuse (come Inissia, Pixie, Essenza, Citiz, Zenius e Vertuo) e con la macchina del caff\u00e8 START di B-TRAY. Vassoio di cortesia di lusso in ecopelle Se siete alla ricerca di un vassoio di cortesia elegante,e abbastanza spazioso da potervi alloggiare una macchina per il caff\u00e8, B-TRAY SPACE \u00e8 il vassoio di cortesia che fa al caso vostro.  Realizzato in ecopelle di prima qualit\u00e0 e completo di un ampio cassetto, questo straordinario vassoio di benvenuto \u00e8 rifinito con cuciture nere per un tocco di assoluta eleganza. Abbastanza spazioso da poter contenere una macchina per il caff\u00e8, un bollitore, tazze e bustine varie.\" \/>\n<meta property=\"og:url\" content=\"https:\/\/www.ghiblievo.com\/it\/prodotto\/vassoio-di-cortesia-in-ecopelle-con-cassetto-e-macchina-caffe-nespresso\/\" \/>\n<meta property=\"og:site_name\" content=\"Ghibli Evo\" \/>\n<meta property=\"article:publisher\" content=\"https:\/\/www.facebook.com\/ghiblievo\" \/>\n<meta property=\"article:modified_time\" content=\"2024-01-25T14:58:00+00:00\" \/>\n<meta property=\"og:image\" content=\"https:\/\/www.ghiblievo.com\/wp-content\/uploads\/2024\/01\/Hospitality-tray-SPACE-NoKettle-WhiteCups-WhiteSaucers-jpg.webp\" \/>\n\t<meta property=\"og:image:width\" content=\"1200\" \/>\n\t<meta property=\"og:image:height\" content=\"800\" \/>\n\t<meta property=\"og:image:type\" content=\"image\/jpeg\" \/>\n<meta name=\"twitter:card\" content=\"summary_large_image\" \/>\n<meta name=\"twitter:label1\" content=\"Disponibilit\u00e0\" \/>\n\t<meta name=\"twitter:data1\" content=\"In stock\" \/>\n<script type=\"application\/ld+json\" class=\"yoast-schema-graph\">{\"@context\":\"https:\/\/schema.org\",\"@graph\":[{\"@type\":\"WebPage\",\"@id\":\"https:\/\/www.ghiblievo.com\/it\/prodotto\/vassoio-di-cortesia-in-ecopelle-con-cassetto-e-macchina-caffe-nespresso\/\",\"url\":\"https:\/\/www.ghiblievo.com\/it\/prodotto\/vassoio-di-cortesia-in-ecopelle-con-cassetto-e-macchina-caffe-nespresso\/\",\"name\":\"Vassoio di cortesia in ecopelle con cassettoe macchina Nespresso\",\"isPartOf\":{\"@id\":\"https:\/\/www.ghiblievo.com\/it\/#website\"},\"primaryImageOfPage\":{\"@id\":\"https:\/\/www.ghiblievo.com\/it\/prodotto\/vassoio-di-cortesia-in-ecopelle-con-cassetto-e-macchina-caffe-nespresso\/#primaryimage\"},\"image\":{\"@id\":\"https:\/\/www.ghiblievo.com\/it\/prodotto\/vassoio-di-cortesia-in-ecopelle-con-cassetto-e-macchina-caffe-nespresso\/#primaryimage\"},\"thumbnailUrl\":\"https:\/\/www.ghiblievo.com\/wp-content\/uploads\/2024\/01\/Hospitality-tray-SPACE-NoKettle-WhiteCups-WhiteSaucers-jpg.webp\",\"datePublished\":\"2024-01-23T11:22:15+00:00\",\"dateModified\":\"2024-01-25T14:58:00+00:00\",\"description\":\"Vassoio di cortesia in ecopelle con cassetto: Spazio per una macchina per il caff\u00e8 (START o Nespresso\u00ae) e adatto per bollitore per albergo\",\"breadcrumb\":{\"@id\":\"https:\/\/www.ghiblievo.com\/it\/prodotto\/vassoio-di-cortesia-in-ecopelle-con-cassetto-e-macchina-caffe-nespresso\/#breadcrumb\"},\"inLanguage\":\"it-IT\",\"potentialAction\":[{\"@type\":\"ReadAction\",\"target\":[\"https:\/\/www.ghiblievo.com\/it\/prodotto\/vassoio-di-cortesia-in-ecopelle-con-cassetto-e-macchina-caffe-nespresso\/\"]}]},{\"@type\":\"ImageObject\",\"inLanguage\":\"it-IT\",\"@id\":\"https:\/\/www.ghiblievo.com\/it\/prodotto\/vassoio-di-cortesia-in-ecopelle-con-cassetto-e-macchina-caffe-nespresso\/#primaryimage\",\"url\":\"https:\/\/www.ghiblievo.com\/wp-content\/uploads\/2024\/01\/Hospitality-tray-SPACE-NoKettle-WhiteCups-WhiteSaucers-jpg.webp\",\"contentUrl\":\"https:\/\/www.ghiblievo.com\/wp-content\/uploads\/2024\/01\/Hospitality-tray-SPACE-NoKettle-WhiteCups-WhiteSaucers-jpg.webp\",\"width\":1200,\"height\":800,\"caption\":\"Vassoio di cortesia in ecopelle con cassetto e macchina caff\u00e8 Nespresso\"},{\"@type\":\"BreadcrumbList\",\"@id\":\"https:\/\/www.ghiblievo.com\/it\/prodotto\/vassoio-di-cortesia-in-ecopelle-con-cassetto-e-macchina-caffe-nespresso\/#breadcrumb\",\"itemListElement\":[{\"@type\":\"ListItem\",\"position\":1,\"name\":\"Home\",\"item\":\"https:\/\/www.ghiblievo.com\/it\/\"},{\"@type\":\"ListItem\",\"position\":2,\"name\":\"Shop\",\"item\":\"https:\/\/www.ghiblievo.com\/it\/shop-it\/\"},{\"@type\":\"ListItem\",\"position\":3,\"name\":\"Vassoi di Cortesia\",\"item\":\"https:\/\/www.ghiblievo.com\/it\/categoria-prodotto\/vassoi-di-cortesia\/\"},{\"@type\":\"ListItem\",\"position\":4,\"name\":\"Vassoio di cortesia in ecopelle &#8211; SPACE\"}]},{\"@type\":\"WebSite\",\"@id\":\"https:\/\/www.ghiblievo.com\/it\/#website\",\"url\":\"https:\/\/www.ghiblievo.com\/it\/\",\"name\":\"Ghibli Evo\",\"description\":\"Hair Dryers for Hotel - Wall Mounted Hair Dryer\",\"publisher\":{\"@id\":\"https:\/\/www.ghiblievo.com\/it\/#organization\"},\"potentialAction\":[{\"@type\":\"SearchAction\",\"target\":{\"@type\":\"EntryPoint\",\"urlTemplate\":\"https:\/\/www.ghiblievo.com\/it\/?s={search_term_string}\"},\"query-input\":{\"@type\":\"PropertyValueSpecification\",\"valueRequired\":true,\"valueName\":\"search_term_string\"}}],\"inLanguage\":\"it-IT\"},{\"@type\":\"Organization\",\"@id\":\"https:\/\/www.ghiblievo.com\/it\/#organization\",\"name\":\"Ghibli Evo\",\"url\":\"https:\/\/www.ghiblievo.com\/it\/\",\"logo\":{\"@type\":\"ImageObject\",\"inLanguage\":\"it-IT\",\"@id\":\"https:\/\/www.ghiblievo.com\/it\/#\/schema\/logo\/image\/\",\"url\":\"https:\/\/www.ghiblievo.com\/wp-content\/uploads\/2019\/09\/Emblema_HUB-footer.png\",\"contentUrl\":\"https:\/\/www.ghiblievo.com\/wp-content\/uploads\/2019\/09\/Emblema_HUB-footer.png\",\"width\":300,\"height\":291,\"caption\":\"Ghibli Evo\"},\"image\":{\"@id\":\"https:\/\/www.ghiblievo.com\/it\/#\/schema\/logo\/image\/\"},\"sameAs\":[\"https:\/\/www.facebook.com\/ghiblievo\",\"https:\/\/www.instagram.com\/ghiblievo\/\"],\"description\":\"Ghiblievo is specialized in hotel supplies, bathroom accessories for hotel and hair dryer\",\"email\":\"info@ghiblievo.com\",\"telephone\":\"+39 338 4733486\",\"foundingDate\":\"2009-01-01\",\"vatID\":\"IT 03607430166\"}]}<\/script>\n<meta property=\"og:availability\" content=\"instock\" \/>\n<meta property=\"product:availability\" content=\"instock\" \/>\n<meta property=\"product:condition\" content=\"new\" \/>\n<!-- \/ Yoast SEO Premium plugin. -->","yoast_head_json":{"title":"Vassoio di cortesia in ecopelle con cassettoe macchina Nespresso","description":"Vassoio di cortesia in ecopelle con cassetto: Spazio per una macchina per il caff\u00e8 (START o Nespresso\u00ae) e adatto per bollitore per albergo","robots":{"index":"index","follow":"follow","max-snippet":"max-snippet:-1","max-image-preview":"max-image-preview:large","max-video-preview":"max-video-preview:-1"},"canonical":"https:\/\/www.ghiblievo.com\/it\/prodotto\/vassoio-di-cortesia-in-ecopelle-con-cassetto-e-macchina-caffe-nespresso\/","og_locale":"it_IT","og_type":"article","og_title":"Vassoio di cortesia in ecopelle - SPACE","og_description":"B-TRAY SPACE | Ecopelle (PU) Vassoio di cortesia in ecopelle con cassetto       Ecopelle di prima qualit\u00e0, colore nero  Spazio per una macchina per il caff\u00e8 (START o Nespresso\u00ae)  Cassetto per proteggere dalla polvere i condimenti  Dotato di 2 inserti rimovibili per l\u2019alloggiamentodi 2 tipi di capsule Nespresso  Adatto anche per il proprio bollitore per albergo  Garanzia di 2 anni  Questo vassoio di cortesia con cassetto \u00e8 disponibile con bollitore, macchina da caff\u00e8 e tazze (opzionale).  Alta qualit\u00e0 e lusso &nbsp; Lo SPACE \u00e8 uno dei nostri vassoio di cortesia pi\u00f9 lussuosi. Realizzato in ecopelle (PU) di alta qualit\u00e0, viene rifinito con cuciture nere per un tocco esclusivo.  Comodo e spazioso &nbsp; SPACE dispone di uno spazioso cassetto per tutti i tipi di forniture per caff\u00e8 e t\u00e8. Offre spazio sufficiente per riporre una macchina da caff\u00e8, un bollitore, tazze e\/o bicchieri. Scegli il vassoio pi\u00f9 adatto per il tuo hotel!  Guida per i cavi &nbsp; Sulla parte superiore del cassetto sono presenti quattro guide per portare il cavo del bollitore in direzione della presa di corrente (a sinistra, a destra o all\u2019indietro).  Spazio per la macchina del caff\u00e8 &nbsp; Il vassoio \u00e8 compatibile con tutte le macchine Nespresso\u00ae pi\u00f9 diffuse (come Inissia, Pixie, Essenza, Citiz, Zenius e Vertuo) e con la macchina del caff\u00e8 START di B-TRAY. Vassoio di cortesia di lusso in ecopelle Se siete alla ricerca di un vassoio di cortesia elegante,e abbastanza spazioso da potervi alloggiare una macchina per il caff\u00e8, B-TRAY SPACE \u00e8 il vassoio di cortesia che fa al caso vostro.  Realizzato in ecopelle di prima qualit\u00e0 e completo di un ampio cassetto, questo straordinario vassoio di benvenuto \u00e8 rifinito con cuciture nere per un tocco di assoluta eleganza. Abbastanza spazioso da poter contenere una macchina per il caff\u00e8, un bollitore, tazze e bustine varie.","og_url":"https:\/\/www.ghiblievo.com\/it\/prodotto\/vassoio-di-cortesia-in-ecopelle-con-cassetto-e-macchina-caffe-nespresso\/","og_site_name":"Ghibli Evo","article_publisher":"https:\/\/www.facebook.com\/ghiblievo","article_modified_time":"2024-01-25T14:58:00+00:00","og_image":[{"width":1200,"height":800,"url":"https:\/\/www.ghiblievo.com\/wp-content\/uploads\/2024\/01\/Hospitality-tray-SPACE-NoKettle-WhiteCups-WhiteSaucers-jpg.webp","type":"image\/jpeg"}],"twitter_card":"summary_large_image","twitter_misc":{"Disponibilit\u00e0":"In stock"},"schema":{"@context":"https:\/\/schema.org","@graph":[{"@type":"WebPage","@id":"https:\/\/www.ghiblievo.com\/it\/prodotto\/vassoio-di-cortesia-in-ecopelle-con-cassetto-e-macchina-caffe-nespresso\/","url":"https:\/\/www.ghiblievo.com\/it\/prodotto\/vassoio-di-cortesia-in-ecopelle-con-cassetto-e-macchina-caffe-nespresso\/","name":"Vassoio di cortesia in ecopelle con cassettoe macchina Nespresso","isPartOf":{"@id":"https:\/\/www.ghiblievo.com\/it\/#website"},"primaryImageOfPage":{"@id":"https:\/\/www.ghiblievo.com\/it\/prodotto\/vassoio-di-cortesia-in-ecopelle-con-cassetto-e-macchina-caffe-nespresso\/#primaryimage"},"image":{"@id":"https:\/\/www.ghiblievo.com\/it\/prodotto\/vassoio-di-cortesia-in-ecopelle-con-cassetto-e-macchina-caffe-nespresso\/#primaryimage"},"thumbnailUrl":"https:\/\/www.ghiblievo.com\/wp-content\/uploads\/2024\/01\/Hospitality-tray-SPACE-NoKettle-WhiteCups-WhiteSaucers-jpg.webp","datePublished":"2024-01-23T11:22:15+00:00","dateModified":"2024-01-25T14:58:00+00:00","description":"Vassoio di cortesia in ecopelle con cassetto: Spazio per una macchina per il caff\u00e8 (START o Nespresso\u00ae) e adatto per bollitore per albergo","breadcrumb":{"@id":"https:\/\/www.ghiblievo.com\/it\/prodotto\/vassoio-di-cortesia-in-ecopelle-con-cassetto-e-macchina-caffe-nespresso\/#breadcrumb"},"inLanguage":"it-IT","potentialAction":[{"@type":"ReadAction","target":["https:\/\/www.ghiblievo.com\/it\/prodotto\/vassoio-di-cortesia-in-ecopelle-con-cassetto-e-macchina-caffe-nespresso\/"]}]},{"@type":"ImageObject","inLanguage":"it-IT","@id":"https:\/\/www.ghiblievo.com\/it\/prodotto\/vassoio-di-cortesia-in-ecopelle-con-cassetto-e-macchina-caffe-nespresso\/#primaryimage","url":"https:\/\/www.ghiblievo.com\/wp-content\/uploads\/2024\/01\/Hospitality-tray-SPACE-NoKettle-WhiteCups-WhiteSaucers-jpg.webp","contentUrl":"https:\/\/www.ghiblievo.com\/wp-content\/uploads\/2024\/01\/Hospitality-tray-SPACE-NoKettle-WhiteCups-WhiteSaucers-jpg.webp","width":1200,"height":800,"caption":"Vassoio di cortesia in ecopelle con cassetto e macchina caff\u00e8 Nespresso"},{"@type":"BreadcrumbList","@id":"https:\/\/www.ghiblievo.com\/it\/prodotto\/vassoio-di-cortesia-in-ecopelle-con-cassetto-e-macchina-caffe-nespresso\/#breadcrumb","itemListElement":[{"@type":"ListItem","position":1,"name":"Home","item":"https:\/\/www.ghiblievo.com\/it\/"},{"@type":"ListItem","position":2,"name":"Shop","item":"https:\/\/www.ghiblievo.com\/it\/shop-it\/"},{"@type":"ListItem","position":3,"name":"Vassoi di Cortesia","item":"https:\/\/www.ghiblievo.com\/it\/categoria-prodotto\/vassoi-di-cortesia\/"},{"@type":"ListItem","position":4,"name":"Vassoio di cortesia in ecopelle &#8211; SPACE"}]},{"@type":"WebSite","@id":"https:\/\/www.ghiblievo.com\/it\/#website","url":"https:\/\/www.ghiblievo.com\/it\/","name":"Ghibli Evo","description":"Hair Dryers for Hotel - Wall Mounted Hair Dryer","publisher":{"@id":"https:\/\/www.ghiblievo.com\/it\/#organization"},"potentialAction":[{"@type":"SearchAction","target":{"@type":"EntryPoint","urlTemplate":"https:\/\/www.ghiblievo.com\/it\/?s={search_term_string}"},"query-input":{"@type":"PropertyValueSpecification","valueRequired":true,"valueName":"search_term_string"}}],"inLanguage":"it-IT"},{"@type":"Organization","@id":"https:\/\/www.ghiblievo.com\/it\/#organization","name":"Ghibli Evo","url":"https:\/\/www.ghiblievo.com\/it\/","logo":{"@type":"ImageObject","inLanguage":"it-IT","@id":"https:\/\/www.ghiblievo.com\/it\/#\/schema\/logo\/image\/","url":"https:\/\/www.ghiblievo.com\/wp-content\/uploads\/2019\/09\/Emblema_HUB-footer.png","contentUrl":"https:\/\/www.ghiblievo.com\/wp-content\/uploads\/2019\/09\/Emblema_HUB-footer.png","width":300,"height":291,"caption":"Ghibli Evo"},"image":{"@id":"https:\/\/www.ghiblievo.com\/it\/#\/schema\/logo\/image\/"},"sameAs":["https:\/\/www.facebook.com\/ghiblievo","https:\/\/www.instagram.com\/ghiblievo\/"],"description":"Ghiblievo is specialized in hotel supplies, bathroom accessories for hotel and hair dryer","email":"info@ghiblievo.com","telephone":"+39 338 4733486","foundingDate":"2009-01-01","vatID":"IT 03607430166"}]},"og_availability":"instock","product_availability":"instock","product_condition":"new"},"_links":{"self":[{"href":"https:\/\/www.ghiblievo.com\/it\/wp-json\/wp\/v2\/product\/28158","targetHints":{"allow":["GET"]}}],"collection":[{"href":"https:\/\/www.ghiblievo.com\/it\/wp-json\/wp\/v2\/product"}],"about":[{"href":"https:\/\/www.ghiblievo.com\/it\/wp-json\/wp\/v2\/types\/product"}],"replies":[{"embeddable":true,"href":"https:\/\/www.ghiblievo.com\/it\/wp-json\/wp\/v2\/comments?post=28158"}],"version-history":[{"count":0,"href":"https:\/\/www.ghiblievo.com\/it\/wp-json\/wp\/v2\/product\/28158\/revisions"}],"wp:featuredmedia":[{"embeddable":true,"href":"https:\/\/www.ghiblievo.com\/it\/wp-json\/wp\/v2\/media\/28019"}],"wp:attachment":[{"href":"https:\/\/www.ghiblievo.com\/it\/wp-json\/wp\/v2\/media?parent=28158"}],"wp:term":[{"taxonomy":"product_cat","embeddable":true,"href":"https:\/\/www.ghiblievo.com\/it\/wp-json\/wp\/v2\/product_cat?post=28158"},{"taxonomy":"product_tag","embeddable":true,"href":"https:\/\/www.ghiblievo.com\/it\/wp-json\/wp\/v2\/product_tag?post=28158"}],"curies":[{"name":"wp","href":"https:\/\/api.w.org\/{rel}","templated":true}]}}