{"id":27948,"date":"2024-01-19T16:31:23","date_gmt":"2024-01-19T15:26:25","guid":{"rendered":"https:\/\/www.ghiblievo.com\/?post_type=product&#038;p=27948"},"modified":"2024-01-26T11:43:28","modified_gmt":"2024-01-26T10:43:28","slug":"vassoio-di-cortesia-con-macchina-caffe-e-bollitore","status":"publish","type":"product","link":"https:\/\/www.ghiblievo.com\/it\/prodotto\/vassoio-di-cortesia-con-macchina-caffe-e-bollitore\/","title":{"rendered":"Vassoio di cortesia con macchina caff\u00e8 e bollitore &#8211; SUPREME"},"content":{"rendered":"<div class=\"elementor-element elementor-element-4c6695f elementor-widget elementor-widget-heading\" data-id=\"4c6695f\" data-element_type=\"widget\" data-widget_type=\"heading.default\">\n<div class=\"elementor-widget-container\">\n<h2 class=\"elementor-heading-title elementor-size-default\">Specifiche Vassoio di cortesia con macchina caff\u00e8 e bollitore<\/h2>\n<\/div>\n<\/div>\n<div class=\"elementor-element elementor-element-bd76d51 elementor-widget elementor-widget-text-editor\" data-id=\"bd76d51\" data-element_type=\"widget\" data-widget_type=\"text-editor.default\">\n<div class=\"elementor-widget-container\">\n<div class=\"elementor elementor-12014 elementor-3629\" data-elementor-type=\"section\" data-elementor-id=\"12014\" data-elementor-post-type=\"elementor_library\">\n<section class=\"elementor-section elementor-top-section elementor-element elementor-element-3ea4e7f elementor-section-boxed elementor-section-height-default elementor-section-height-default\" data-id=\"3ea4e7f\" data-element_type=\"section\" data-settings=\"{&quot;jet_parallax_layout_list&quot;:[]}\">\n<div class=\"elementor-container elementor-column-gap-default\">\n<div class=\"elementor-column elementor-col-100 elementor-top-column elementor-element elementor-element-bf58d0a\" data-id=\"bf58d0a\" data-element_type=\"column\">\n<div class=\"elementor-widget-wrap elementor-element-populated\">Materiale vassoio: MDF, marrone-nero<br \/>\nFinitura: Vernice resistente per ridurre al minimo graffi e macchie<br \/>\nDimensioni vassoio: L460 x P370 x A40mm<br \/>\nL\u2019altezza incluso bollitore: 212\/252mm<br \/>\nSpazio per una macchina da caff\u00e8: max L130 x P370mm<br \/>\nCompartimenti<br \/>\n\u2013 Per bustine di t\u00e8: L70 X P125 x A25mm (2x)<br \/>\n\u2013 Per bustine di zucchero: L150 x P40 x A25mm (1x)<br \/>\n\u2013 Per capsule di caff\u00e8: \u00d8 40mm (6x)<br \/>\n\u2013 Per la base del bollitore: \u00d8 145mm<\/div>\n<\/div>\n<\/div>\n<\/section>\n<\/div>\n<div>&nbsp;<\/div>\n<\/div>\n<\/div>\n<div class=\"elementor-element elementor-element-e78a6c2 elementor-widget elementor-widget-toggle\" data-id=\"e78a6c2\" data-element_type=\"widget\" data-widget_type=\"toggle.default\">\n<div class=\"elementor-widget-container\">\n<div class=\"elementor-toggle\">\n<div class=\"elementor-toggle-item\">\n<div tabindex=\"0\" role=\"button\" data-tab=\"1\" aria-controls=\"elementor-tab-content-2421\" aria-expanded=\"true\" aria-selected=\"true\">Materiale porta opuscolo: Acrilico di alta qualit\u00e0<br \/>\nDimensioni porta opuscolo: A5 (210 x 148mm)<\/div>\n<div tabindex=\"0\" role=\"button\" data-tab=\"1\" aria-controls=\"elementor-tab-content-2421\" aria-expanded=\"true\" aria-selected=\"true\">&nbsp;<\/div>\n<p>Sotto: 4 cuscinetti in silicone trasparente<br \/>\nSistema antifurto sulla base del bollitore<\/p>\n<\/div>\n<div class=\"elementor-toggle-item\">\n<div id=\"elementor-tab-content-2421\" class=\"elementor-tab-content elementor-clearfix elementor-active\" role=\"region\" data-tab=\"1\" aria-labelledby=\"elementor-tab-title-2421\">\n<div class=\"elementor elementor-11992 elementor-3635\" data-elementor-type=\"section\" data-elementor-id=\"11992\" data-elementor-post-type=\"elementor_library\">\n<section class=\"elementor-section elementor-top-section elementor-element elementor-element-f2b32fc elementor-section-boxed elementor-section-height-default elementor-section-height-default\" data-id=\"f2b32fc\" data-element_type=\"section\" data-settings=\"{&quot;jet_parallax_layout_list&quot;:[]}\">\n<div class=\"elementor-container elementor-column-gap-default\">\n<div class=\"elementor-column elementor-col-100 elementor-top-column elementor-element elementor-element-7f2c10c\" data-id=\"7f2c10c\" data-element_type=\"column\">\n<div class=\"elementor-widget-wrap elementor-element-populated\">\n<section class=\"elementor-section elementor-inner-section elementor-element elementor-element-e24be92 elementor-section-boxed elementor-section-height-default elementor-section-height-default\" data-id=\"e24be92\" data-element_type=\"section\" data-settings=\"{&quot;jet_parallax_layout_list&quot;:[]}\">\n<div class=\"elementor-container elementor-column-gap-default\">\n<div class=\"elementor-column elementor-col-50 elementor-inner-column elementor-element elementor-element-f3e8b22\" data-id=\"f3e8b22\" data-element_type=\"column\" data-settings=\"{&quot;background_background&quot;:&quot;classic&quot;}\">\n<div class=\"elementor-widget-wrap elementor-element-populated\">\n<div class=\"elementor-element elementor-element-188b2e1 elementor-widget elementor-widget-heading\" data-id=\"188b2e1\" data-element_type=\"widget\" data-widget_type=\"heading.default\">\n<div class=\"elementor-widget-container\">\n<h6 class=\"elementor-heading-title elementor-size-default\">Istruzione di pulizia<\/h6>\n<\/div>\n<\/div>\n<\/div>\n<\/div>\n<div class=\"elementor-column elementor-col-50 elementor-inner-column elementor-element elementor-element-776bab3\" data-id=\"776bab3\" data-element_type=\"column\" data-settings=\"{&quot;background_background&quot;:&quot;classic&quot;}\">\n<div class=\"elementor-widget-wrap elementor-element-populated\">\n<div class=\"elementor-element elementor-element-e4ecc91 elementor-widget elementor-widget-heading\" data-id=\"e4ecc91\" data-element_type=\"widget\" data-widget_type=\"heading.default\">\n<div class=\"elementor-widget-container\">\n<h6 class=\"elementor-heading-title elementor-size-default\"><a href=\"https:\/\/btray.com\/download\/Cleaning_Instructions_Kettles_and_Trays_B-TRAY.pdf\" target=\"_blank\" rel=\"noopener\">Istruzione di pulizia<\/a><\/h6>\n<\/div>\n<\/div>\n<\/div>\n<\/div>\n<\/div>\n<\/section>\n<\/div>\n<\/div>\n<\/div>\n<\/section>\n<\/div>\n<\/div>\n<\/div>\n<\/div>\n<\/div>\n<\/div>\n<p>&nbsp;<\/p>\n","protected":false},"excerpt":{"rendered":"<div class=\"elementor-element elementor-element-47dfd0c elementor-widget elementor-widget-heading\" data-id=\"47dfd0c\" data-element_type=\"widget\" data-widget_type=\"heading.default\">\n<div class=\"elementor-widget-container\">\n<h5 class=\"elementor-heading-title elementor-size-default\">B-TRAY SUPREME | MDF<\/h5>\n<\/div>\n<\/div>\n<div class=\"elementor-element elementor-element-fc589bd elementor-widget elementor-widget-text-editor\" data-id=\"fc589bd\" data-element_type=\"widget\" data-widget_type=\"text-editor.default\">\n<div class=\"elementor-widget-container\">\n<ul>\n<li>MDF di alta qualit\u00e0, colore nero<\/li>\n<li>Spazio sufficiente per una macchina del caff\u00e8 (<a href=\"https:\/\/btray.com\/it\/forniture-alberghiere\/macchine-da-caffe\/macchina-da-caffe-per-hotel\/\">START<\/a> o Nespresso\u00ae)<\/li>\n<li>Antifurto: il cavo si pu\u00f2 fissare alla base del vassoio<\/li>\n<li>6 scomparti rotondi per la conservazione delle capsule<\/li>\n<li>B-TRAY pianta un albero per ogni 5 vassoi venduti<\/li>\n<li>Garanzia di 2&nbsp;anni<\/li>\n<\/ul>\n<p>Questo vassoio di cortesia \u00e8 disponibile con bollitore, macchina da caff\u00e8, porta brochure A5 e tazze (opzionale<\/p>\n<p><strong>Alta qualit\u00e0 e lusso<\/strong><br \/>\n&nbsp;<br \/>\nIl SUPREME \u00e8 il nostro vassoio di cortesia pi\u00f9 lussuoso dotato di un design unico. \u00c8 realizzato in legno di alta qualit\u00e0 trattato con diversi strati di finitura che prevengono l\u2019assorbimento di sporco e umidit\u00e0.<\/p>\n<p><strong>Comodo e spazioso<\/strong><br \/>\n&nbsp;<br \/>\nIl vassoio dispone di numerosi scomparti in cui riporre gli articoli necessari per la preparazione di caff\u00e8 e t\u00e8 (bustine di t\u00e8, bustine di zucchero\/latte, capsule di caff\u00e8, cucchiaini). Gli scomparti hanno bordi arrotondati per rendere pi\u00f9 facile la pulizia!<\/p>\n<p><strong>Blocco antifurto<\/strong><br \/>\n&nbsp;<br \/>\nGrazie al blocco antifurto, \u00e8 possibile fissare facilmente il cavo della base del bollitore alla base del vassoio.<\/p>\n<p><strong>Porta brochure opzionale<\/strong><br \/>\n&nbsp;<br \/>\nIl SUPREME \u00e8 dotato di una piccolo fessura in cui inserire brochure informative sulle offerte o sull\u2019elenco dei canali TV.<\/p>\n<p><strong>Vassoio di cortesia con spazio per una macchina da caff\u00e8<\/strong><br \/>\n&nbsp;<br \/>\nScegliere il vassoio di lusso di benvenuto SUPREME per le camere d\u2019albergo, \u00e8 un simbolo della vostra passione per l\u2019eccellenza e l\u2019impegno per i vostri ospiti. Questo vassoio per caff\u00e8 e t\u00e8 di nuova concezione, include spazio sufficiente per la vostra macchina da caff\u00e8 Nespresso.<\/p>\n<p>Il design di B-TRAY SUPREME si basa sul suo piccolo modello fratello,&nbsp;SIGNUM. Entrambi i vassoi sono realizzati in faggio di alta qualit\u00e0, trattati con 3 mani di colorazione, per evitare l\u2019assorbimento di sporco e umidit\u00e0.<\/p>\n<p>Al momento, il vassoio di cortesia SUPREME, \u00e8 disponibile in marrone-nero.<\/p>\n<\/div>\n<\/div>\n","protected":false},"featured_media":30510,"comment_status":"open","ping_status":"closed","template":"","meta":{"_acf_changed":false,"ngg_post_thumbnail":0,"footnotes":""},"product_cat":[992],"product_tag":[994],"class_list":{"0":"post-27948","1":"product","2":"type-product","3":"status-publish","4":"has-post-thumbnail","6":"product_cat-vassoi-di-cortesia","7":"product_tag-b-tray-it","9":"first","10":"instock","11":"shipping-taxable","12":"purchasable","13":"product-type-simple"},"acf":[],"yoast_head":"<!-- This site is optimized with the Yoast SEO Premium plugin v26.7 (Yoast SEO v26.7) - https:\/\/yoast.com\/wordpress\/plugins\/seo\/ -->\n<title>Vassoio di cortesia con macchina caff\u00e8 e bollitore - SUPREME - Ghibli Evo<\/title>\n<meta name=\"description\" content=\"Vassoio di cortesia con macchina caff\u00e8 e bollitore, Antifurto: il cavo si pu\u00f2 fissare alla base del vassoio 6 scomparti rotondi per le capsule del caff\u00e8\" \/>\n<meta name=\"robots\" content=\"index, follow, max-snippet:-1, max-image-preview:large, max-video-preview:-1\" \/>\n<link rel=\"canonical\" href=\"https:\/\/www.ghiblievo.com\/it\/prodotto\/vassoio-di-cortesia-con-macchina-caffe-e-bollitore\/\" \/>\n<meta property=\"og:locale\" content=\"it_IT\" \/>\n<meta property=\"og:type\" content=\"article\" \/>\n<meta property=\"og:title\" content=\"Vassoio di cortesia con macchina caff\u00e8 e bollitore - SUPREME\" \/>\n<meta property=\"og:description\" content=\"B-TRAY SUPREME | MDF       MDF di alta qualit\u00e0, colore nero  Spazio sufficiente per una macchina del caff\u00e8 (START o Nespresso\u00ae)  Antifurto: il cavo si pu\u00f2 fissare alla base del vassoio  6 scomparti rotondi per la conservazione delle capsule  B-TRAY pianta un albero per ogni 5 vassoi venduti  Garanzia di 2&nbsp;anni  Questo vassoio di cortesia \u00e8 disponibile con bollitore, macchina da caff\u00e8, porta brochure A5 e tazze (opzionale  Alta qualit\u00e0 e lusso &nbsp; Il SUPREME \u00e8 il nostro vassoio di cortesia pi\u00f9 lussuoso dotato di un design unico. \u00c8 realizzato in legno di alta qualit\u00e0 trattato con diversi strati di finitura che prevengono l\u2019assorbimento di sporco e umidit\u00e0.  Comodo e spazioso &nbsp; Il vassoio dispone di numerosi scomparti in cui riporre gli articoli necessari per la preparazione di caff\u00e8 e t\u00e8 (bustine di t\u00e8, bustine di zucchero\/latte, capsule di caff\u00e8, cucchiaini). Gli scomparti hanno bordi arrotondati per rendere pi\u00f9 facile la pulizia!  Blocco antifurto &nbsp; Grazie al blocco antifurto, \u00e8 possibile fissare facilmente il cavo della base del bollitore alla base del vassoio.  Porta brochure opzionale &nbsp; Il SUPREME \u00e8 dotato di una piccolo fessura in cui inserire brochure informative sulle offerte o sull\u2019elenco dei canali TV.  Vassoio di cortesia con spazio per una macchina da caff\u00e8 &nbsp; Scegliere il vassoio di lusso di benvenuto SUPREME per le camere d\u2019albergo, \u00e8 un simbolo della vostra passione per l\u2019eccellenza e l\u2019impegno per i vostri ospiti. Questo vassoio per caff\u00e8 e t\u00e8 di nuova concezione, include spazio sufficiente per la vostra macchina da caff\u00e8 Nespresso.  Il design di B-TRAY SUPREME si basa sul suo piccolo modello fratello,&nbsp;SIGNUM. Entrambi i vassoi sono realizzati in faggio di alta qualit\u00e0, trattati con 3 mani di colorazione, per evitare l\u2019assorbimento di sporco e umidit\u00e0.  Al momento, il vassoio di cortesia SUPREME, \u00e8 disponibile in marrone-nero.\" \/>\n<meta property=\"og:url\" content=\"https:\/\/www.ghiblievo.com\/it\/prodotto\/vassoio-di-cortesia-con-macchina-caffe-e-bollitore\/\" \/>\n<meta property=\"og:site_name\" content=\"Ghibli Evo\" \/>\n<meta property=\"article:publisher\" content=\"https:\/\/www.facebook.com\/ghiblievo\" \/>\n<meta property=\"article:modified_time\" content=\"2024-01-26T10:43:28+00:00\" \/>\n<meta property=\"og:image\" content=\"https:\/\/www.ghiblievo.com\/wp-content\/uploads\/2024\/01\/HospitalityTray-SUPREME-Kettle-STAR-BLACK-0.5L-Leaflet-WhiteCups-jpg.webp\" \/>\n\t<meta property=\"og:image:width\" content=\"1200\" \/>\n\t<meta property=\"og:image:height\" content=\"800\" \/>\n\t<meta property=\"og:image:type\" content=\"image\/jpeg\" \/>\n<meta name=\"twitter:card\" content=\"summary_large_image\" \/>\n<meta name=\"twitter:label1\" content=\"Prezzo\" \/>\n\t<meta name=\"twitter:data1\" content=\"&euro;50.00\" \/>\n\t<meta name=\"twitter:label2\" content=\"Disponibilit\u00e0\" \/>\n\t<meta name=\"twitter:data2\" content=\"In stock\" \/>\n<script type=\"application\/ld+json\" class=\"yoast-schema-graph\">{\"@context\":\"https:\/\/schema.org\",\"@graph\":[{\"@type\":\"WebPage\",\"@id\":\"https:\/\/www.ghiblievo.com\/it\/prodotto\/vassoio-di-cortesia-con-macchina-caffe-e-bollitore\/\",\"url\":\"https:\/\/www.ghiblievo.com\/it\/prodotto\/vassoio-di-cortesia-con-macchina-caffe-e-bollitore\/\",\"name\":\"Vassoio di cortesia con macchina caff\u00e8 e bollitore - SUPREME - Ghibli Evo\",\"isPartOf\":{\"@id\":\"https:\/\/www.ghiblievo.com\/it\/#website\"},\"primaryImageOfPage\":{\"@id\":\"https:\/\/www.ghiblievo.com\/it\/prodotto\/vassoio-di-cortesia-con-macchina-caffe-e-bollitore\/#primaryimage\"},\"image\":{\"@id\":\"https:\/\/www.ghiblievo.com\/it\/prodotto\/vassoio-di-cortesia-con-macchina-caffe-e-bollitore\/#primaryimage\"},\"thumbnailUrl\":\"https:\/\/www.ghiblievo.com\/wp-content\/uploads\/2024\/01\/HospitalityTray-SUPREME-Kettle-STAR-BLACK-0.5L-Leaflet-WhiteCups-jpg.webp\",\"datePublished\":\"2024-01-19T15:26:25+00:00\",\"dateModified\":\"2024-01-26T10:43:28+00:00\",\"description\":\"Vassoio di cortesia con macchina caff\u00e8 e bollitore, Antifurto: il cavo si pu\u00f2 fissare alla base del vassoio 6 scomparti rotondi per le capsule del caff\u00e8\",\"breadcrumb\":{\"@id\":\"https:\/\/www.ghiblievo.com\/it\/prodotto\/vassoio-di-cortesia-con-macchina-caffe-e-bollitore\/#breadcrumb\"},\"inLanguage\":\"it-IT\",\"potentialAction\":[{\"@type\":\"ReadAction\",\"target\":[\"https:\/\/www.ghiblievo.com\/it\/prodotto\/vassoio-di-cortesia-con-macchina-caffe-e-bollitore\/\"]}]},{\"@type\":\"ImageObject\",\"inLanguage\":\"it-IT\",\"@id\":\"https:\/\/www.ghiblievo.com\/it\/prodotto\/vassoio-di-cortesia-con-macchina-caffe-e-bollitore\/#primaryimage\",\"url\":\"https:\/\/www.ghiblievo.com\/wp-content\/uploads\/2024\/01\/HospitalityTray-SUPREME-Kettle-STAR-BLACK-0.5L-Leaflet-WhiteCups-jpg.webp\",\"contentUrl\":\"https:\/\/www.ghiblievo.com\/wp-content\/uploads\/2024\/01\/HospitalityTray-SUPREME-Kettle-STAR-BLACK-0.5L-Leaflet-WhiteCups-jpg.webp\",\"width\":1200,\"height\":800,\"caption\":\"Vassoio di cortesia con macchina caff\u00e8 e bollitore - SUPREME\"},{\"@type\":\"BreadcrumbList\",\"@id\":\"https:\/\/www.ghiblievo.com\/it\/prodotto\/vassoio-di-cortesia-con-macchina-caffe-e-bollitore\/#breadcrumb\",\"itemListElement\":[{\"@type\":\"ListItem\",\"position\":1,\"name\":\"Home\",\"item\":\"https:\/\/www.ghiblievo.com\/it\/\"},{\"@type\":\"ListItem\",\"position\":2,\"name\":\"Shop\",\"item\":\"https:\/\/www.ghiblievo.com\/it\/shop-it\/\"},{\"@type\":\"ListItem\",\"position\":3,\"name\":\"Vassoi di Cortesia\",\"item\":\"https:\/\/www.ghiblievo.com\/it\/categoria-prodotto\/vassoi-di-cortesia\/\"},{\"@type\":\"ListItem\",\"position\":4,\"name\":\"Vassoio di cortesia con macchina caff\u00e8 e bollitore &#8211; SUPREME\"}]},{\"@type\":\"WebSite\",\"@id\":\"https:\/\/www.ghiblievo.com\/it\/#website\",\"url\":\"https:\/\/www.ghiblievo.com\/it\/\",\"name\":\"Ghibli Evo\",\"description\":\"Hair Dryers for Hotel - Wall Mounted Hair Dryer\",\"publisher\":{\"@id\":\"https:\/\/www.ghiblievo.com\/it\/#organization\"},\"potentialAction\":[{\"@type\":\"SearchAction\",\"target\":{\"@type\":\"EntryPoint\",\"urlTemplate\":\"https:\/\/www.ghiblievo.com\/it\/?s={search_term_string}\"},\"query-input\":{\"@type\":\"PropertyValueSpecification\",\"valueRequired\":true,\"valueName\":\"search_term_string\"}}],\"inLanguage\":\"it-IT\"},{\"@type\":\"Organization\",\"@id\":\"https:\/\/www.ghiblievo.com\/it\/#organization\",\"name\":\"Ghibli Evo\",\"url\":\"https:\/\/www.ghiblievo.com\/it\/\",\"logo\":{\"@type\":\"ImageObject\",\"inLanguage\":\"it-IT\",\"@id\":\"https:\/\/www.ghiblievo.com\/it\/#\/schema\/logo\/image\/\",\"url\":\"https:\/\/www.ghiblievo.com\/wp-content\/uploads\/2019\/09\/Emblema_HUB-footer.png\",\"contentUrl\":\"https:\/\/www.ghiblievo.com\/wp-content\/uploads\/2019\/09\/Emblema_HUB-footer.png\",\"width\":300,\"height\":291,\"caption\":\"Ghibli Evo\"},\"image\":{\"@id\":\"https:\/\/www.ghiblievo.com\/it\/#\/schema\/logo\/image\/\"},\"sameAs\":[\"https:\/\/www.facebook.com\/ghiblievo\",\"https:\/\/www.instagram.com\/ghiblievo\/\"],\"description\":\"Ghiblievo is specialized in hotel supplies, bathroom accessories for hotel and hair dryer\",\"email\":\"info@ghiblievo.com\",\"telephone\":\"+39 338 4733486\",\"foundingDate\":\"2009-01-01\",\"vatID\":\"IT 03607430166\"}]}<\/script>\n<meta property=\"product:price:amount\" content=\"50.00\" \/>\n<meta property=\"product:price:currency\" content=\"EUR\" \/>\n<meta property=\"og:availability\" content=\"instock\" \/>\n<meta property=\"product:availability\" content=\"instock\" \/>\n<meta property=\"product:condition\" content=\"new\" \/>\n<!-- \/ Yoast SEO Premium plugin. -->","yoast_head_json":{"title":"Vassoio di cortesia con macchina caff\u00e8 e bollitore - SUPREME - Ghibli Evo","description":"Vassoio di cortesia con macchina caff\u00e8 e bollitore, Antifurto: il cavo si pu\u00f2 fissare alla base del vassoio 6 scomparti rotondi per le capsule del caff\u00e8","robots":{"index":"index","follow":"follow","max-snippet":"max-snippet:-1","max-image-preview":"max-image-preview:large","max-video-preview":"max-video-preview:-1"},"canonical":"https:\/\/www.ghiblievo.com\/it\/prodotto\/vassoio-di-cortesia-con-macchina-caffe-e-bollitore\/","og_locale":"it_IT","og_type":"article","og_title":"Vassoio di cortesia con macchina caff\u00e8 e bollitore - SUPREME","og_description":"B-TRAY SUPREME | MDF       MDF di alta qualit\u00e0, colore nero  Spazio sufficiente per una macchina del caff\u00e8 (START o Nespresso\u00ae)  Antifurto: il cavo si pu\u00f2 fissare alla base del vassoio  6 scomparti rotondi per la conservazione delle capsule  B-TRAY pianta un albero per ogni 5 vassoi venduti  Garanzia di 2&nbsp;anni  Questo vassoio di cortesia \u00e8 disponibile con bollitore, macchina da caff\u00e8, porta brochure A5 e tazze (opzionale  Alta qualit\u00e0 e lusso &nbsp; Il SUPREME \u00e8 il nostro vassoio di cortesia pi\u00f9 lussuoso dotato di un design unico. \u00c8 realizzato in legno di alta qualit\u00e0 trattato con diversi strati di finitura che prevengono l\u2019assorbimento di sporco e umidit\u00e0.  Comodo e spazioso &nbsp; Il vassoio dispone di numerosi scomparti in cui riporre gli articoli necessari per la preparazione di caff\u00e8 e t\u00e8 (bustine di t\u00e8, bustine di zucchero\/latte, capsule di caff\u00e8, cucchiaini). Gli scomparti hanno bordi arrotondati per rendere pi\u00f9 facile la pulizia!  Blocco antifurto &nbsp; Grazie al blocco antifurto, \u00e8 possibile fissare facilmente il cavo della base del bollitore alla base del vassoio.  Porta brochure opzionale &nbsp; Il SUPREME \u00e8 dotato di una piccolo fessura in cui inserire brochure informative sulle offerte o sull\u2019elenco dei canali TV.  Vassoio di cortesia con spazio per una macchina da caff\u00e8 &nbsp; Scegliere il vassoio di lusso di benvenuto SUPREME per le camere d\u2019albergo, \u00e8 un simbolo della vostra passione per l\u2019eccellenza e l\u2019impegno per i vostri ospiti. Questo vassoio per caff\u00e8 e t\u00e8 di nuova concezione, include spazio sufficiente per la vostra macchina da caff\u00e8 Nespresso.  Il design di B-TRAY SUPREME si basa sul suo piccolo modello fratello,&nbsp;SIGNUM. Entrambi i vassoi sono realizzati in faggio di alta qualit\u00e0, trattati con 3 mani di colorazione, per evitare l\u2019assorbimento di sporco e umidit\u00e0.  Al momento, il vassoio di cortesia SUPREME, \u00e8 disponibile in marrone-nero.","og_url":"https:\/\/www.ghiblievo.com\/it\/prodotto\/vassoio-di-cortesia-con-macchina-caffe-e-bollitore\/","og_site_name":"Ghibli Evo","article_publisher":"https:\/\/www.facebook.com\/ghiblievo","article_modified_time":"2024-01-26T10:43:28+00:00","og_image":[{"width":1200,"height":800,"url":"https:\/\/www.ghiblievo.com\/wp-content\/uploads\/2024\/01\/HospitalityTray-SUPREME-Kettle-STAR-BLACK-0.5L-Leaflet-WhiteCups-jpg.webp","type":"image\/jpeg"}],"twitter_card":"summary_large_image","twitter_misc":{"Prezzo":"&euro;50.00","Disponibilit\u00e0":"In stock"},"schema":{"@context":"https:\/\/schema.org","@graph":[{"@type":"WebPage","@id":"https:\/\/www.ghiblievo.com\/it\/prodotto\/vassoio-di-cortesia-con-macchina-caffe-e-bollitore\/","url":"https:\/\/www.ghiblievo.com\/it\/prodotto\/vassoio-di-cortesia-con-macchina-caffe-e-bollitore\/","name":"Vassoio di cortesia con macchina caff\u00e8 e bollitore - SUPREME - Ghibli Evo","isPartOf":{"@id":"https:\/\/www.ghiblievo.com\/it\/#website"},"primaryImageOfPage":{"@id":"https:\/\/www.ghiblievo.com\/it\/prodotto\/vassoio-di-cortesia-con-macchina-caffe-e-bollitore\/#primaryimage"},"image":{"@id":"https:\/\/www.ghiblievo.com\/it\/prodotto\/vassoio-di-cortesia-con-macchina-caffe-e-bollitore\/#primaryimage"},"thumbnailUrl":"https:\/\/www.ghiblievo.com\/wp-content\/uploads\/2024\/01\/HospitalityTray-SUPREME-Kettle-STAR-BLACK-0.5L-Leaflet-WhiteCups-jpg.webp","datePublished":"2024-01-19T15:26:25+00:00","dateModified":"2024-01-26T10:43:28+00:00","description":"Vassoio di cortesia con macchina caff\u00e8 e bollitore, Antifurto: il cavo si pu\u00f2 fissare alla base del vassoio 6 scomparti rotondi per le capsule del caff\u00e8","breadcrumb":{"@id":"https:\/\/www.ghiblievo.com\/it\/prodotto\/vassoio-di-cortesia-con-macchina-caffe-e-bollitore\/#breadcrumb"},"inLanguage":"it-IT","potentialAction":[{"@type":"ReadAction","target":["https:\/\/www.ghiblievo.com\/it\/prodotto\/vassoio-di-cortesia-con-macchina-caffe-e-bollitore\/"]}]},{"@type":"ImageObject","inLanguage":"it-IT","@id":"https:\/\/www.ghiblievo.com\/it\/prodotto\/vassoio-di-cortesia-con-macchina-caffe-e-bollitore\/#primaryimage","url":"https:\/\/www.ghiblievo.com\/wp-content\/uploads\/2024\/01\/HospitalityTray-SUPREME-Kettle-STAR-BLACK-0.5L-Leaflet-WhiteCups-jpg.webp","contentUrl":"https:\/\/www.ghiblievo.com\/wp-content\/uploads\/2024\/01\/HospitalityTray-SUPREME-Kettle-STAR-BLACK-0.5L-Leaflet-WhiteCups-jpg.webp","width":1200,"height":800,"caption":"Vassoio di cortesia con macchina caff\u00e8 e bollitore - SUPREME"},{"@type":"BreadcrumbList","@id":"https:\/\/www.ghiblievo.com\/it\/prodotto\/vassoio-di-cortesia-con-macchina-caffe-e-bollitore\/#breadcrumb","itemListElement":[{"@type":"ListItem","position":1,"name":"Home","item":"https:\/\/www.ghiblievo.com\/it\/"},{"@type":"ListItem","position":2,"name":"Shop","item":"https:\/\/www.ghiblievo.com\/it\/shop-it\/"},{"@type":"ListItem","position":3,"name":"Vassoi di Cortesia","item":"https:\/\/www.ghiblievo.com\/it\/categoria-prodotto\/vassoi-di-cortesia\/"},{"@type":"ListItem","position":4,"name":"Vassoio di cortesia con macchina caff\u00e8 e bollitore &#8211; SUPREME"}]},{"@type":"WebSite","@id":"https:\/\/www.ghiblievo.com\/it\/#website","url":"https:\/\/www.ghiblievo.com\/it\/","name":"Ghibli Evo","description":"Hair Dryers for Hotel - Wall Mounted Hair Dryer","publisher":{"@id":"https:\/\/www.ghiblievo.com\/it\/#organization"},"potentialAction":[{"@type":"SearchAction","target":{"@type":"EntryPoint","urlTemplate":"https:\/\/www.ghiblievo.com\/it\/?s={search_term_string}"},"query-input":{"@type":"PropertyValueSpecification","valueRequired":true,"valueName":"search_term_string"}}],"inLanguage":"it-IT"},{"@type":"Organization","@id":"https:\/\/www.ghiblievo.com\/it\/#organization","name":"Ghibli Evo","url":"https:\/\/www.ghiblievo.com\/it\/","logo":{"@type":"ImageObject","inLanguage":"it-IT","@id":"https:\/\/www.ghiblievo.com\/it\/#\/schema\/logo\/image\/","url":"https:\/\/www.ghiblievo.com\/wp-content\/uploads\/2019\/09\/Emblema_HUB-footer.png","contentUrl":"https:\/\/www.ghiblievo.com\/wp-content\/uploads\/2019\/09\/Emblema_HUB-footer.png","width":300,"height":291,"caption":"Ghibli Evo"},"image":{"@id":"https:\/\/www.ghiblievo.com\/it\/#\/schema\/logo\/image\/"},"sameAs":["https:\/\/www.facebook.com\/ghiblievo","https:\/\/www.instagram.com\/ghiblievo\/"],"description":"Ghiblievo is specialized in hotel supplies, bathroom accessories for hotel and hair dryer","email":"info@ghiblievo.com","telephone":"+39 338 4733486","foundingDate":"2009-01-01","vatID":"IT 03607430166"}]},"product_price_amount":"50.00","product_price_currency":"EUR","og_availability":"instock","product_availability":"instock","product_condition":"new"},"_links":{"self":[{"href":"https:\/\/www.ghiblievo.com\/it\/wp-json\/wp\/v2\/product\/27948","targetHints":{"allow":["GET"]}}],"collection":[{"href":"https:\/\/www.ghiblievo.com\/it\/wp-json\/wp\/v2\/product"}],"about":[{"href":"https:\/\/www.ghiblievo.com\/it\/wp-json\/wp\/v2\/types\/product"}],"replies":[{"embeddable":true,"href":"https:\/\/www.ghiblievo.com\/it\/wp-json\/wp\/v2\/comments?post=27948"}],"version-history":[{"count":0,"href":"https:\/\/www.ghiblievo.com\/it\/wp-json\/wp\/v2\/product\/27948\/revisions"}],"wp:featuredmedia":[{"embeddable":true,"href":"https:\/\/www.ghiblievo.com\/it\/wp-json\/wp\/v2\/media\/30510"}],"wp:attachment":[{"href":"https:\/\/www.ghiblievo.com\/it\/wp-json\/wp\/v2\/media?parent=27948"}],"wp:term":[{"taxonomy":"product_cat","embeddable":true,"href":"https:\/\/www.ghiblievo.com\/it\/wp-json\/wp\/v2\/product_cat?post=27948"},{"taxonomy":"product_tag","embeddable":true,"href":"https:\/\/www.ghiblievo.com\/it\/wp-json\/wp\/v2\/product_tag?post=27948"}],"curies":[{"name":"wp","href":"https:\/\/api.w.org\/{rel}","templated":true}]}}