{"id":19707,"date":"2023-06-07T12:32:46","date_gmt":"2023-06-07T11:32:46","guid":{"rendered":"https:\/\/www.ghiblievo.com\/product\/luggage-rack-stainless-steel-black\/"},"modified":"2025-04-10T14:10:26","modified_gmt":"2025-04-10T13:10:26","slug":"reggivaligie-in-acciaio-nero","status":"publish","type":"product","link":"https:\/\/www.ghiblievo.com\/it\/prodotto\/reggivaligie-in-acciaio-nero\/","title":{"rendered":"Reggivaligie Compatto in acciaio nero: COMPACT STEEL BLACK"},"content":{"rendered":"<h2>Reggivaligie in acciaio nero: <span lang=\"EN-US\">COMPACT STEEL BLACK<\/span><\/h2>\n<p>Questo Reggivaligie in acciaio nero \u00e8 appositamente progettato per gli hotel. Il supporto per valigia \u00e8 pieghevole in modo compatto e pu\u00f2 essere utilizzato nella camera d\u2019albergo per appoggiare la valigia durante l\u2019imballaggio e il disimballaggio. Il portavaligie \u00e8 realizzato in acciaio e ha un rivestimento in polvere nera. Questo portavaligie in acciaio nero pu\u00f2 essere abbinato a diversi cinturini sia in pelle che in nylon. Le cinghie sono fissate tramite un esclusivo meccanismo con bottone a pressione. Ci\u00f2 rende molto facile sostituire le cinghie o pulirle nel mezzo. Mescola e abbina il reggivaligie secondo i tuoi desideri. Questo portavaligie \u00e8 prodotto con un occhio per i dettagli. Le saldature sono invisibili e gli alianti sono realizzati appositamente per questo reggivaligie. Il portavaligie \u00e8 facile da pulire con un panno leggermente umido e non \u00e8 cos\u00ec sensibile all\u2019umidit\u00e0 come, ad esempio, un portavaligie in legno.<\/p>\n<p>I reggivaligie neri compatti in acciaio inox sono disponibili a magazzino e hanno un periodo di garanzia di 2 anni.<br \/>\nroootz pianta un albero ogni 3 portabagagli venduti in collaborazione con <a href=\"https:\/\/partners.weforest.org\/sponsor\/roootz\" target=\"_blank\" rel=\"noopener\">WeForest<\/a><\/p>\n<blockquote>\n<p class=\"Dimensioni\">Dimensioni chiuso: W575&nbsp;x D55 x H590 \u2013 Misure in mm<br \/>\nDimensione aperto: W575&nbsp;x D390 x H465 \u2013 Misure in mm<\/p>\n<\/blockquote>\n<blockquote><p><strong>Portavaligie Mix &amp; Match:<\/strong><\/p>\n<p>\u00c8 possibile scegliere:<\/p>\n<ul>\n<li>Acciaio nero<\/li>\n<li>4 diversi cinturini in pelle (nero, marrone, grigio o bianco)<\/li>\n<li>2 diverse cinghie di nylon (nero o grigio)<\/li>\n<\/ul>\n<p><a href=\"https:\/\/www.ghiblievo.com\/it\/prodotto\/classic-reggivaligie-legno-nero-hotel\/\" rel=\"noopener noreferrer\">Disponibile anche in legno massiccio<\/a><\/p>\n<p><a href=\"https:\/\/www.ghiblievo.com\/it\/prodotto\/reggivaligie-in-acciaio-inox\/\" rel=\"noopener noreferrer\">Disponibile anche in acciaio inox<\/a><\/p>\n<p>&nbsp;<\/p>\n<p>Preferisci un portavaligie con cinghie in colori diversi? Mettiti in contatto con noi per scoprire tutte le opzioni.<\/p><\/blockquote>\n","protected":false},"excerpt":{"rendered":"<h2>Reggivaligie in acciaio nero: <span lang=\"EN-US\">COMPACT STEEL BLACK<\/span><\/h2>\n<ul>\n<li>Acciaio saldato con finitura verniciata a polvere nera<\/li>\n<li>Progettato con attenzione ai dettagli<\/li>\n<li>Pieghevole ultracompatto (5,5 cm)<\/li>\n<li>Tre robuste cinghie intercambiabili in nylon o vera pelle<\/li>\n<li>Con pattini a protezione del pavimento<\/li>\n<li>Possibilit\u00e0 Mix &amp; Match (cinghie, legno, colori, ganci da parete)<\/li>\n<li>Per ogni 3 reggivaligie venduti verr\u00e0 piantato 1 albero in collaborazione con weforest.org<\/li>\n<li>2 anni di garanzia<\/li>\n<\/ul>\n<p>&nbsp;<\/p>\n","protected":false},"featured_media":39205,"comment_status":"open","ping_status":"closed","template":"","meta":{"_acf_changed":false,"ngg_post_thumbnail":0,"footnotes":""},"product_cat":[934],"product_tag":[],"class_list":{"0":"post-19707","1":"product","2":"type-product","3":"status-publish","4":"has-post-thumbnail","6":"product_cat-reggivaligia-per-camera-hotel","8":"first","9":"instock","10":"featured","11":"shipping-taxable","12":"purchasable","13":"product-type-simple"},"acf":[],"yoast_head":"<!-- This site is optimized with the Yoast SEO Premium plugin v26.7 (Yoast SEO v26.7) - https:\/\/yoast.com\/wordpress\/plugins\/seo\/ -->\n<title>Reggivaligie in acciaio nero per camera hotel<\/title>\n<meta name=\"description\" content=\"Reggivaligie in acciaio nero appositamente progettato per gli hotel. Il supporto per valigia \u00e8 pieghevole in modo compatto.\" \/>\n<meta name=\"robots\" content=\"index, follow, max-snippet:-1, max-image-preview:large, max-video-preview:-1\" \/>\n<link rel=\"canonical\" href=\"https:\/\/www.ghiblievo.com\/it\/prodotto\/reggivaligie-in-acciaio-nero\/\" \/>\n<meta property=\"og:locale\" content=\"it_IT\" \/>\n<meta property=\"og:type\" content=\"article\" \/>\n<meta property=\"og:title\" content=\"Reggivaligie Compatto in acciaio nero: COMPACT STEEL BLACK\" \/>\n<meta property=\"og:description\" content=\"Reggivaligie in acciaio nero: COMPACT STEEL BLACK   Acciaio saldato con finitura verniciata a polvere nera  Progettato con attenzione ai dettagli  Pieghevole ultracompatto (5,5 cm)  Tre robuste cinghie intercambiabili in nylon o vera pelle  Con pattini a protezione del pavimento  Possibilit\u00e0 Mix &amp; Match (cinghie, legno, colori, ganci da parete)  Per ogni 3 reggivaligie venduti verr\u00e0 piantato 1 albero in collaborazione con weforest.org  2 anni di garanzia  &nbsp;\" \/>\n<meta property=\"og:url\" content=\"https:\/\/www.ghiblievo.com\/it\/prodotto\/reggivaligie-in-acciaio-nero\/\" \/>\n<meta property=\"og:site_name\" content=\"Ghibli Evo\" \/>\n<meta property=\"article:publisher\" content=\"https:\/\/www.facebook.com\/ghiblievo\" \/>\n<meta property=\"article:modified_time\" content=\"2025-04-10T13:10:26+00:00\" \/>\n<meta property=\"og:image\" content=\"https:\/\/www.ghiblievo.com\/wp-content\/uploads\/2023\/06\/Luggage-Rack-Roootz-compact-black-steel-mixandmatch-wall-hook-and-straps-scaled-jpg-1.webp\" \/>\n\t<meta property=\"og:image:width\" content=\"2560\" \/>\n\t<meta property=\"og:image:height\" content=\"2560\" \/>\n\t<meta property=\"og:image:type\" content=\"image\/webp\" \/>\n<meta name=\"twitter:card\" content=\"summary_large_image\" \/>\n<meta name=\"twitter:label1\" content=\"Prezzo\" \/>\n\t<meta name=\"twitter:data1\" content=\"&euro;97.50\" \/>\n\t<meta name=\"twitter:label2\" content=\"Disponibilit\u00e0\" \/>\n\t<meta name=\"twitter:data2\" content=\"In stock\" \/>\n<script type=\"application\/ld+json\" class=\"yoast-schema-graph\">{\"@context\":\"https:\/\/schema.org\",\"@graph\":[{\"@type\":\"WebPage\",\"@id\":\"https:\/\/www.ghiblievo.com\/it\/prodotto\/reggivaligie-in-acciaio-nero\/\",\"url\":\"https:\/\/www.ghiblievo.com\/it\/prodotto\/reggivaligie-in-acciaio-nero\/\",\"name\":\"Reggivaligie in acciaio nero per camera hotel\",\"isPartOf\":{\"@id\":\"https:\/\/www.ghiblievo.com\/it\/#website\"},\"primaryImageOfPage\":{\"@id\":\"https:\/\/www.ghiblievo.com\/it\/prodotto\/reggivaligie-in-acciaio-nero\/#primaryimage\"},\"image\":{\"@id\":\"https:\/\/www.ghiblievo.com\/it\/prodotto\/reggivaligie-in-acciaio-nero\/#primaryimage\"},\"thumbnailUrl\":\"https:\/\/www.ghiblievo.com\/wp-content\/uploads\/2023\/06\/Luggage-Rack-Roootz-compact-black-steel-mixandmatch-wall-hook-and-straps-scaled-jpg-1.webp\",\"datePublished\":\"2023-06-07T11:32:46+00:00\",\"dateModified\":\"2025-04-10T13:10:26+00:00\",\"description\":\"Reggivaligie in acciaio nero appositamente progettato per gli hotel. Il supporto per valigia \u00e8 pieghevole in modo compatto.\",\"breadcrumb\":{\"@id\":\"https:\/\/www.ghiblievo.com\/it\/prodotto\/reggivaligie-in-acciaio-nero\/#breadcrumb\"},\"inLanguage\":\"it-IT\",\"potentialAction\":[{\"@type\":\"ReadAction\",\"target\":[\"https:\/\/www.ghiblievo.com\/it\/prodotto\/reggivaligie-in-acciaio-nero\/\"]}]},{\"@type\":\"ImageObject\",\"inLanguage\":\"it-IT\",\"@id\":\"https:\/\/www.ghiblievo.com\/it\/prodotto\/reggivaligie-in-acciaio-nero\/#primaryimage\",\"url\":\"https:\/\/www.ghiblievo.com\/wp-content\/uploads\/2023\/06\/Luggage-Rack-Roootz-compact-black-steel-mixandmatch-wall-hook-and-straps-scaled-jpg-1.webp\",\"contentUrl\":\"https:\/\/www.ghiblievo.com\/wp-content\/uploads\/2023\/06\/Luggage-Rack-Roootz-compact-black-steel-mixandmatch-wall-hook-and-straps-scaled-jpg-1.webp\",\"width\":2560,\"height\":2560},{\"@type\":\"BreadcrumbList\",\"@id\":\"https:\/\/www.ghiblievo.com\/it\/prodotto\/reggivaligie-in-acciaio-nero\/#breadcrumb\",\"itemListElement\":[{\"@type\":\"ListItem\",\"position\":1,\"name\":\"Home\",\"item\":\"https:\/\/www.ghiblievo.com\/it\/\"},{\"@type\":\"ListItem\",\"position\":2,\"name\":\"Shop\",\"item\":\"https:\/\/www.ghiblievo.com\/it\/shop-it\/\"},{\"@type\":\"ListItem\",\"position\":3,\"name\":\"Reggivaligia\",\"item\":\"https:\/\/www.ghiblievo.com\/it\/categoria-prodotto\/reggivaligia-per-camera-hotel\/\"},{\"@type\":\"ListItem\",\"position\":4,\"name\":\"Reggivaligie Compatto in acciaio nero: COMPACT STEEL BLACK\"}]},{\"@type\":\"WebSite\",\"@id\":\"https:\/\/www.ghiblievo.com\/it\/#website\",\"url\":\"https:\/\/www.ghiblievo.com\/it\/\",\"name\":\"Ghibli Evo\",\"description\":\"Hair Dryers for Hotel - Wall Mounted Hair Dryer\",\"publisher\":{\"@id\":\"https:\/\/www.ghiblievo.com\/it\/#organization\"},\"potentialAction\":[{\"@type\":\"SearchAction\",\"target\":{\"@type\":\"EntryPoint\",\"urlTemplate\":\"https:\/\/www.ghiblievo.com\/it\/?s={search_term_string}\"},\"query-input\":{\"@type\":\"PropertyValueSpecification\",\"valueRequired\":true,\"valueName\":\"search_term_string\"}}],\"inLanguage\":\"it-IT\"},{\"@type\":\"Organization\",\"@id\":\"https:\/\/www.ghiblievo.com\/it\/#organization\",\"name\":\"Ghibli Evo\",\"url\":\"https:\/\/www.ghiblievo.com\/it\/\",\"logo\":{\"@type\":\"ImageObject\",\"inLanguage\":\"it-IT\",\"@id\":\"https:\/\/www.ghiblievo.com\/it\/#\/schema\/logo\/image\/\",\"url\":\"https:\/\/www.ghiblievo.com\/wp-content\/uploads\/2019\/09\/Emblema_HUB-footer.png\",\"contentUrl\":\"https:\/\/www.ghiblievo.com\/wp-content\/uploads\/2019\/09\/Emblema_HUB-footer.png\",\"width\":300,\"height\":291,\"caption\":\"Ghibli Evo\"},\"image\":{\"@id\":\"https:\/\/www.ghiblievo.com\/it\/#\/schema\/logo\/image\/\"},\"sameAs\":[\"https:\/\/www.facebook.com\/ghiblievo\",\"https:\/\/www.instagram.com\/ghiblievo\/\"],\"description\":\"Ghiblievo is specialized in hotel supplies, bathroom accessories for hotel and hair dryer\",\"email\":\"info@ghiblievo.com\",\"telephone\":\"+39 338 4733486\",\"foundingDate\":\"2009-01-01\",\"vatID\":\"IT 03607430166\"}]}<\/script>\n<meta property=\"product:price:amount\" content=\"97.50\" \/>\n<meta property=\"product:price:currency\" content=\"EUR\" \/>\n<meta property=\"og:availability\" content=\"instock\" \/>\n<meta property=\"product:availability\" content=\"instock\" \/>\n<meta property=\"product:condition\" content=\"new\" \/>\n<!-- \/ Yoast SEO Premium plugin. -->","yoast_head_json":{"title":"Reggivaligie in acciaio nero per camera hotel","description":"Reggivaligie in acciaio nero appositamente progettato per gli hotel. Il supporto per valigia \u00e8 pieghevole in modo compatto.","robots":{"index":"index","follow":"follow","max-snippet":"max-snippet:-1","max-image-preview":"max-image-preview:large","max-video-preview":"max-video-preview:-1"},"canonical":"https:\/\/www.ghiblievo.com\/it\/prodotto\/reggivaligie-in-acciaio-nero\/","og_locale":"it_IT","og_type":"article","og_title":"Reggivaligie Compatto in acciaio nero: COMPACT STEEL BLACK","og_description":"Reggivaligie in acciaio nero: COMPACT STEEL BLACK   Acciaio saldato con finitura verniciata a polvere nera  Progettato con attenzione ai dettagli  Pieghevole ultracompatto (5,5 cm)  Tre robuste cinghie intercambiabili in nylon o vera pelle  Con pattini a protezione del pavimento  Possibilit\u00e0 Mix &amp; Match (cinghie, legno, colori, ganci da parete)  Per ogni 3 reggivaligie venduti verr\u00e0 piantato 1 albero in collaborazione con weforest.org  2 anni di garanzia  &nbsp;","og_url":"https:\/\/www.ghiblievo.com\/it\/prodotto\/reggivaligie-in-acciaio-nero\/","og_site_name":"Ghibli Evo","article_publisher":"https:\/\/www.facebook.com\/ghiblievo","article_modified_time":"2025-04-10T13:10:26+00:00","og_image":[{"width":2560,"height":2560,"url":"https:\/\/www.ghiblievo.com\/wp-content\/uploads\/2023\/06\/Luggage-Rack-Roootz-compact-black-steel-mixandmatch-wall-hook-and-straps-scaled-jpg-1.webp","type":"image\/webp"}],"twitter_card":"summary_large_image","twitter_misc":{"Prezzo":"&euro;97.50","Disponibilit\u00e0":"In stock"},"schema":{"@context":"https:\/\/schema.org","@graph":[{"@type":"WebPage","@id":"https:\/\/www.ghiblievo.com\/it\/prodotto\/reggivaligie-in-acciaio-nero\/","url":"https:\/\/www.ghiblievo.com\/it\/prodotto\/reggivaligie-in-acciaio-nero\/","name":"Reggivaligie in acciaio nero per camera hotel","isPartOf":{"@id":"https:\/\/www.ghiblievo.com\/it\/#website"},"primaryImageOfPage":{"@id":"https:\/\/www.ghiblievo.com\/it\/prodotto\/reggivaligie-in-acciaio-nero\/#primaryimage"},"image":{"@id":"https:\/\/www.ghiblievo.com\/it\/prodotto\/reggivaligie-in-acciaio-nero\/#primaryimage"},"thumbnailUrl":"https:\/\/www.ghiblievo.com\/wp-content\/uploads\/2023\/06\/Luggage-Rack-Roootz-compact-black-steel-mixandmatch-wall-hook-and-straps-scaled-jpg-1.webp","datePublished":"2023-06-07T11:32:46+00:00","dateModified":"2025-04-10T13:10:26+00:00","description":"Reggivaligie in acciaio nero appositamente progettato per gli hotel. Il supporto per valigia \u00e8 pieghevole in modo compatto.","breadcrumb":{"@id":"https:\/\/www.ghiblievo.com\/it\/prodotto\/reggivaligie-in-acciaio-nero\/#breadcrumb"},"inLanguage":"it-IT","potentialAction":[{"@type":"ReadAction","target":["https:\/\/www.ghiblievo.com\/it\/prodotto\/reggivaligie-in-acciaio-nero\/"]}]},{"@type":"ImageObject","inLanguage":"it-IT","@id":"https:\/\/www.ghiblievo.com\/it\/prodotto\/reggivaligie-in-acciaio-nero\/#primaryimage","url":"https:\/\/www.ghiblievo.com\/wp-content\/uploads\/2023\/06\/Luggage-Rack-Roootz-compact-black-steel-mixandmatch-wall-hook-and-straps-scaled-jpg-1.webp","contentUrl":"https:\/\/www.ghiblievo.com\/wp-content\/uploads\/2023\/06\/Luggage-Rack-Roootz-compact-black-steel-mixandmatch-wall-hook-and-straps-scaled-jpg-1.webp","width":2560,"height":2560},{"@type":"BreadcrumbList","@id":"https:\/\/www.ghiblievo.com\/it\/prodotto\/reggivaligie-in-acciaio-nero\/#breadcrumb","itemListElement":[{"@type":"ListItem","position":1,"name":"Home","item":"https:\/\/www.ghiblievo.com\/it\/"},{"@type":"ListItem","position":2,"name":"Shop","item":"https:\/\/www.ghiblievo.com\/it\/shop-it\/"},{"@type":"ListItem","position":3,"name":"Reggivaligia","item":"https:\/\/www.ghiblievo.com\/it\/categoria-prodotto\/reggivaligia-per-camera-hotel\/"},{"@type":"ListItem","position":4,"name":"Reggivaligie Compatto in acciaio nero: COMPACT STEEL BLACK"}]},{"@type":"WebSite","@id":"https:\/\/www.ghiblievo.com\/it\/#website","url":"https:\/\/www.ghiblievo.com\/it\/","name":"Ghibli Evo","description":"Hair Dryers for Hotel - Wall Mounted Hair Dryer","publisher":{"@id":"https:\/\/www.ghiblievo.com\/it\/#organization"},"potentialAction":[{"@type":"SearchAction","target":{"@type":"EntryPoint","urlTemplate":"https:\/\/www.ghiblievo.com\/it\/?s={search_term_string}"},"query-input":{"@type":"PropertyValueSpecification","valueRequired":true,"valueName":"search_term_string"}}],"inLanguage":"it-IT"},{"@type":"Organization","@id":"https:\/\/www.ghiblievo.com\/it\/#organization","name":"Ghibli Evo","url":"https:\/\/www.ghiblievo.com\/it\/","logo":{"@type":"ImageObject","inLanguage":"it-IT","@id":"https:\/\/www.ghiblievo.com\/it\/#\/schema\/logo\/image\/","url":"https:\/\/www.ghiblievo.com\/wp-content\/uploads\/2019\/09\/Emblema_HUB-footer.png","contentUrl":"https:\/\/www.ghiblievo.com\/wp-content\/uploads\/2019\/09\/Emblema_HUB-footer.png","width":300,"height":291,"caption":"Ghibli Evo"},"image":{"@id":"https:\/\/www.ghiblievo.com\/it\/#\/schema\/logo\/image\/"},"sameAs":["https:\/\/www.facebook.com\/ghiblievo","https:\/\/www.instagram.com\/ghiblievo\/"],"description":"Ghiblievo is specialized in hotel supplies, bathroom accessories for hotel and hair dryer","email":"info@ghiblievo.com","telephone":"+39 338 4733486","foundingDate":"2009-01-01","vatID":"IT 03607430166"}]},"product_price_amount":"97.50","product_price_currency":"EUR","og_availability":"instock","product_availability":"instock","product_condition":"new"},"_links":{"self":[{"href":"https:\/\/www.ghiblievo.com\/it\/wp-json\/wp\/v2\/product\/19707","targetHints":{"allow":["GET"]}}],"collection":[{"href":"https:\/\/www.ghiblievo.com\/it\/wp-json\/wp\/v2\/product"}],"about":[{"href":"https:\/\/www.ghiblievo.com\/it\/wp-json\/wp\/v2\/types\/product"}],"replies":[{"embeddable":true,"href":"https:\/\/www.ghiblievo.com\/it\/wp-json\/wp\/v2\/comments?post=19707"}],"version-history":[{"count":0,"href":"https:\/\/www.ghiblievo.com\/it\/wp-json\/wp\/v2\/product\/19707\/revisions"}],"wp:featuredmedia":[{"embeddable":true,"href":"https:\/\/www.ghiblievo.com\/it\/wp-json\/wp\/v2\/media\/39205"}],"wp:attachment":[{"href":"https:\/\/www.ghiblievo.com\/it\/wp-json\/wp\/v2\/media?parent=19707"}],"wp:term":[{"taxonomy":"product_cat","embeddable":true,"href":"https:\/\/www.ghiblievo.com\/it\/wp-json\/wp\/v2\/product_cat?post=19707"},{"taxonomy":"product_tag","embeddable":true,"href":"https:\/\/www.ghiblievo.com\/it\/wp-json\/wp\/v2\/product_tag?post=19707"}],"curies":[{"name":"wp","href":"https:\/\/api.w.org\/{rel}","templated":true}]}}