{"id":19544,"date":"2023-06-07T10:50:13","date_gmt":"2023-06-07T09:50:13","guid":{"rendered":"https:\/\/www.ghiblievo.com\/product\/luggage-rack-with-backstand\/"},"modified":"2025-04-10T14:19:02","modified_gmt":"2025-04-10T13:19:02","slug":"reggivaligia-con-sponda","status":"publish","type":"product","link":"https:\/\/www.ghiblievo.com\/it\/prodotto\/reggivaligia-con-sponda\/","title":{"rendered":"Reggivaligia Compatto in legno con sponda: COMPACT SUITECASE MAXI"},"content":{"rendered":"<h2>Reggivaligia con sponda: <span lang=\"EN-US\">COMPACT SUITECASE MAXI<\/span><\/h2>\n<p>Proteggete le vostre pareti contro i danni con questo portavaligie pieghevole con supporto posteriore. Un prodotto di classe che non vi far\u00e0 pentire di averlo acquistato!<\/p>\n<p>I portavaligie sono disponibili in magazzino e si ottiene una garanzia di 2 anni sui prodotti acquistati. Poich\u00e9 i portavaligie sono estremamente sottili quando vengono ripiegati, possono essere facilmente riposti nell\u2019armadio o sotto il letto. Molti hotel, tuttavia, scelgono di esporre i reggivaligie nelle camere d\u2019albergo, perch\u00e9 sono un\u2019estensione del design della camera.<\/p>\n<p>I reggivaligie compatti sono disponibili in non meno di 48 versioni diverse, per cui \u00e8 sempre disponibile un\u2019opzione adeguata.<\/p>\n<p>Lo spazio limitato nelle camere d\u2019albergo \u00e8 stato il punto di partenza pi\u00f9 importante per la progettazione di questo portavaligie pieghevole. Il design \u00e8 senza tempo, con un occhio al dettaglio. Poich\u00e9 le cinghie del reggivaligie sono rimovibili, \u00e8 facile da pulire o sostituire nel tempo.<\/p>\n<p>Vogliamo contribuire ad un clima pi\u00f9 sano, ad una terra pi\u00f9 verde e al ripristino delle sue risorse naturali. Piantiamo un albero per ogni 3 porta valigie venduti in collaborazione con Weforest.<\/p>\n<blockquote>\n<p class=\"Dimensioni\">Dimensioni chiuso: B575 x D55 x H700<br \/>\nDimensione aperto: B575 x D450 x H560<\/p>\n<\/blockquote>\n<blockquote><p><b><strong>Create il vostro reggivaligie<\/strong><\/b><\/p>\n<p>Queste opzioni sono possibili:<\/p>\n<ul>\n<li>Legno di faggio in 4 colori: faggio con finiture al naturale, noce, nere o bianco.<\/li>\n<li>Cinghie in 6 versioni: cinghie in cuoio (nero, marrone, grigio, bianco), nastro di nylon (nero, grigio).<\/li>\n<li>Senza supporto posteriore o con supporto posteriore (per evitare danni alle pareti)<\/li>\n<\/ul>\n<p>Per ogni 3 reggivaligie venduti verr\u00e0 piantato 1 albero in collaborazione con&nbsp;<a href=\"https:\/\/partners.weforest.org\/sponsor\/roootz\" target=\"_blank\" rel=\"noopener\">weforest.org<\/a><\/p>\n<p>Cercate un portavaligie di dimensioni diverse o con cinghie speciali? State cercando un colore diverso o avete realizzato un design che vorreste fosse realizzato? Un porta valigie su misura \u00e8 possibile con un ordine di 70 pezzi. Contattateci per scoprire le possibilit\u00e0.<\/p>\n<p>Guarda i nostri <a href=\"\/?product_cat=reggivaligie-per-camera-hotel\">reggivaligie per camera d&#8217;hotel<\/a><\/p><\/blockquote>\n","protected":false},"excerpt":{"rendered":"<h2>Reggivaligia con sponda per camera hotel: COMPACT SUITECASE MAXI<\/h2>\n<ul>\n<li>In legno di faggio massiccio<\/li>\n<li>Con supporto posteriore per proteggere le pareti contro i danni<\/li>\n<li>Fabbricato in Europa<\/li>\n<li>Progettato con attenzione ai dettagli<\/li>\n<li>Pieghevole ultracompatto (5,5 cm)<\/li>\n<li>Tre robuste cinghie intercambiabili in nylon o vera pelle<\/li>\n<li>Con pattini a protezione del pavimento<\/li>\n<li>Possibilit\u00e0 Mix &amp; Match (cinghie, legno, colori, ganci da parete)<\/li>\n<li>Per ogni 3 reggivaligie venduti verr\u00e0 piantato 1 albero in collaborazione con weforest.org<\/li>\n<li>2 anni di garanzia<\/li>\n<\/ul>\n<p>&nbsp;<\/p>\n","protected":false},"featured_media":19308,"comment_status":"open","ping_status":"closed","template":"","meta":{"_acf_changed":false,"ngg_post_thumbnail":0,"footnotes":""},"product_cat":[934],"product_tag":[],"class_list":{"0":"post-19544","1":"product","2":"type-product","3":"status-publish","4":"has-post-thumbnail","6":"product_cat-reggivaligia-per-camera-hotel","8":"first","9":"instock","10":"shipping-taxable","11":"purchasable","12":"product-type-simple"},"acf":[],"yoast_head":"<!-- This site is optimized with the Yoast SEO Premium plugin v26.7 (Yoast SEO v26.7) - https:\/\/yoast.com\/wordpress\/plugins\/seo\/ -->\n<title>Reggivaligia con sponda per camera hotel<\/title>\n<meta name=\"description\" content=\"Reggivaligia con sponda per camera hotel: proteggete le vostre pareti contro i danni con questo portavaligie pieghevole con supporto posteriore.\" \/>\n<meta name=\"robots\" content=\"index, follow, max-snippet:-1, max-image-preview:large, max-video-preview:-1\" \/>\n<link rel=\"canonical\" href=\"https:\/\/www.ghiblievo.com\/it\/prodotto\/reggivaligia-con-sponda\/\" \/>\n<meta property=\"og:locale\" content=\"it_IT\" \/>\n<meta property=\"og:type\" content=\"article\" \/>\n<meta property=\"og:title\" content=\"Reggivaligia Compatto in legno con sponda: COMPACT SUITECASE MAXI\" \/>\n<meta property=\"og:description\" content=\"Reggivaligia con sponda per camera hotel: COMPACT SUITECASE MAXI   In legno di faggio massiccio  Con supporto posteriore per proteggere le pareti contro i danni  Fabbricato in Europa  Progettato con attenzione ai dettagli  Pieghevole ultracompatto (5,5 cm)  Tre robuste cinghie intercambiabili in nylon o vera pelle  Con pattini a protezione del pavimento  Possibilit\u00e0 Mix &amp; Match (cinghie, legno, colori, ganci da parete)  Per ogni 3 reggivaligie venduti verr\u00e0 piantato 1 albero in collaborazione con weforest.org  2 anni di garanzia  &nbsp;\" \/>\n<meta property=\"og:url\" content=\"https:\/\/www.ghiblievo.com\/it\/prodotto\/reggivaligia-con-sponda\/\" \/>\n<meta property=\"og:site_name\" content=\"Ghibli Evo\" \/>\n<meta property=\"article:publisher\" content=\"https:\/\/www.facebook.com\/ghiblievo\" \/>\n<meta property=\"article:modified_time\" content=\"2025-04-10T13:19:02+00:00\" \/>\n<meta property=\"og:image\" content=\"https:\/\/www.ghiblievo.com\/wp-content\/uploads\/2023\/06\/reggivaligie-legno-cuoio-per-hotel-finiture-customizzabili-jpg.webp\" \/>\n\t<meta property=\"og:image:width\" content=\"400\" \/>\n\t<meta property=\"og:image:height\" content=\"400\" \/>\n\t<meta property=\"og:image:type\" content=\"image\/jpeg\" \/>\n<meta name=\"twitter:card\" content=\"summary_large_image\" \/>\n<meta name=\"twitter:label1\" content=\"Prezzo\" \/>\n\t<meta name=\"twitter:data1\" content=\"&euro;104.00\" \/>\n\t<meta name=\"twitter:label2\" content=\"Disponibilit\u00e0\" \/>\n\t<meta name=\"twitter:data2\" content=\"In stock\" \/>\n<script type=\"application\/ld+json\" class=\"yoast-schema-graph\">{\"@context\":\"https:\/\/schema.org\",\"@graph\":[{\"@type\":\"WebPage\",\"@id\":\"https:\/\/www.ghiblievo.com\/it\/prodotto\/reggivaligia-con-sponda\/\",\"url\":\"https:\/\/www.ghiblievo.com\/it\/prodotto\/reggivaligia-con-sponda\/\",\"name\":\"Reggivaligia con sponda per camera hotel\",\"isPartOf\":{\"@id\":\"https:\/\/www.ghiblievo.com\/it\/#website\"},\"primaryImageOfPage\":{\"@id\":\"https:\/\/www.ghiblievo.com\/it\/prodotto\/reggivaligia-con-sponda\/#primaryimage\"},\"image\":{\"@id\":\"https:\/\/www.ghiblievo.com\/it\/prodotto\/reggivaligia-con-sponda\/#primaryimage\"},\"thumbnailUrl\":\"https:\/\/www.ghiblievo.com\/wp-content\/uploads\/2023\/06\/reggivaligie-legno-cuoio-per-hotel-finiture-customizzabili-jpg.webp\",\"datePublished\":\"2023-06-07T09:50:13+00:00\",\"dateModified\":\"2025-04-10T13:19:02+00:00\",\"description\":\"Reggivaligia con sponda per camera hotel: proteggete le vostre pareti contro i danni con questo portavaligie pieghevole con supporto posteriore.\",\"breadcrumb\":{\"@id\":\"https:\/\/www.ghiblievo.com\/it\/prodotto\/reggivaligia-con-sponda\/#breadcrumb\"},\"inLanguage\":\"it-IT\",\"potentialAction\":[{\"@type\":\"ReadAction\",\"target\":[\"https:\/\/www.ghiblievo.com\/it\/prodotto\/reggivaligia-con-sponda\/\"]}]},{\"@type\":\"ImageObject\",\"inLanguage\":\"it-IT\",\"@id\":\"https:\/\/www.ghiblievo.com\/it\/prodotto\/reggivaligia-con-sponda\/#primaryimage\",\"url\":\"https:\/\/www.ghiblievo.com\/wp-content\/uploads\/2023\/06\/reggivaligie-legno-cuoio-per-hotel-finiture-customizzabili-jpg.webp\",\"contentUrl\":\"https:\/\/www.ghiblievo.com\/wp-content\/uploads\/2023\/06\/reggivaligie-legno-cuoio-per-hotel-finiture-customizzabili-jpg.webp\",\"width\":908,\"height\":908,\"caption\":\"Reggivaligia con sponda per camera hotel\"},{\"@type\":\"BreadcrumbList\",\"@id\":\"https:\/\/www.ghiblievo.com\/it\/prodotto\/reggivaligia-con-sponda\/#breadcrumb\",\"itemListElement\":[{\"@type\":\"ListItem\",\"position\":1,\"name\":\"Home\",\"item\":\"https:\/\/www.ghiblievo.com\/it\/\"},{\"@type\":\"ListItem\",\"position\":2,\"name\":\"Shop\",\"item\":\"https:\/\/www.ghiblievo.com\/it\/shop-it\/\"},{\"@type\":\"ListItem\",\"position\":3,\"name\":\"Reggivaligia\",\"item\":\"https:\/\/www.ghiblievo.com\/it\/categoria-prodotto\/reggivaligia-per-camera-hotel\/\"},{\"@type\":\"ListItem\",\"position\":4,\"name\":\"Reggivaligia Compatto in legno con sponda: COMPACT SUITECASE MAXI\"}]},{\"@type\":\"WebSite\",\"@id\":\"https:\/\/www.ghiblievo.com\/it\/#website\",\"url\":\"https:\/\/www.ghiblievo.com\/it\/\",\"name\":\"Ghibli Evo\",\"description\":\"Hair Dryers for Hotel - Wall Mounted Hair Dryer\",\"publisher\":{\"@id\":\"https:\/\/www.ghiblievo.com\/it\/#organization\"},\"potentialAction\":[{\"@type\":\"SearchAction\",\"target\":{\"@type\":\"EntryPoint\",\"urlTemplate\":\"https:\/\/www.ghiblievo.com\/it\/?s={search_term_string}\"},\"query-input\":{\"@type\":\"PropertyValueSpecification\",\"valueRequired\":true,\"valueName\":\"search_term_string\"}}],\"inLanguage\":\"it-IT\"},{\"@type\":\"Organization\",\"@id\":\"https:\/\/www.ghiblievo.com\/it\/#organization\",\"name\":\"Ghibli Evo\",\"url\":\"https:\/\/www.ghiblievo.com\/it\/\",\"logo\":{\"@type\":\"ImageObject\",\"inLanguage\":\"it-IT\",\"@id\":\"https:\/\/www.ghiblievo.com\/it\/#\/schema\/logo\/image\/\",\"url\":\"https:\/\/www.ghiblievo.com\/wp-content\/uploads\/2019\/09\/Emblema_HUB-footer.png\",\"contentUrl\":\"https:\/\/www.ghiblievo.com\/wp-content\/uploads\/2019\/09\/Emblema_HUB-footer.png\",\"width\":300,\"height\":291,\"caption\":\"Ghibli Evo\"},\"image\":{\"@id\":\"https:\/\/www.ghiblievo.com\/it\/#\/schema\/logo\/image\/\"},\"sameAs\":[\"https:\/\/www.facebook.com\/ghiblievo\",\"https:\/\/www.instagram.com\/ghiblievo\/\"],\"description\":\"Ghiblievo is specialized in hotel supplies, bathroom accessories for hotel and hair dryer\",\"email\":\"info@ghiblievo.com\",\"telephone\":\"+39 338 4733486\",\"foundingDate\":\"2009-01-01\",\"vatID\":\"IT 03607430166\"}]}<\/script>\n<meta property=\"product:price:amount\" content=\"104.00\" \/>\n<meta property=\"product:price:currency\" content=\"EUR\" \/>\n<meta property=\"og:availability\" content=\"instock\" \/>\n<meta property=\"product:availability\" content=\"instock\" \/>\n<meta property=\"product:condition\" content=\"new\" \/>\n<!-- \/ Yoast SEO Premium plugin. -->","yoast_head_json":{"title":"Reggivaligia con sponda per camera hotel","description":"Reggivaligia con sponda per camera hotel: proteggete le vostre pareti contro i danni con questo portavaligie pieghevole con supporto posteriore.","robots":{"index":"index","follow":"follow","max-snippet":"max-snippet:-1","max-image-preview":"max-image-preview:large","max-video-preview":"max-video-preview:-1"},"canonical":"https:\/\/www.ghiblievo.com\/it\/prodotto\/reggivaligia-con-sponda\/","og_locale":"it_IT","og_type":"article","og_title":"Reggivaligia Compatto in legno con sponda: COMPACT SUITECASE MAXI","og_description":"Reggivaligia con sponda per camera hotel: COMPACT SUITECASE MAXI   In legno di faggio massiccio  Con supporto posteriore per proteggere le pareti contro i danni  Fabbricato in Europa  Progettato con attenzione ai dettagli  Pieghevole ultracompatto (5,5 cm)  Tre robuste cinghie intercambiabili in nylon o vera pelle  Con pattini a protezione del pavimento  Possibilit\u00e0 Mix &amp; Match (cinghie, legno, colori, ganci da parete)  Per ogni 3 reggivaligie venduti verr\u00e0 piantato 1 albero in collaborazione con weforest.org  2 anni di garanzia  &nbsp;","og_url":"https:\/\/www.ghiblievo.com\/it\/prodotto\/reggivaligia-con-sponda\/","og_site_name":"Ghibli Evo","article_publisher":"https:\/\/www.facebook.com\/ghiblievo","article_modified_time":"2025-04-10T13:19:02+00:00","og_image":[{"width":400,"height":400,"url":"https:\/\/www.ghiblievo.com\/wp-content\/uploads\/2023\/06\/reggivaligie-legno-cuoio-per-hotel-finiture-customizzabili-jpg.webp","type":"image\/jpeg"}],"twitter_card":"summary_large_image","twitter_misc":{"Prezzo":"&euro;104.00","Disponibilit\u00e0":"In stock"},"schema":{"@context":"https:\/\/schema.org","@graph":[{"@type":"WebPage","@id":"https:\/\/www.ghiblievo.com\/it\/prodotto\/reggivaligia-con-sponda\/","url":"https:\/\/www.ghiblievo.com\/it\/prodotto\/reggivaligia-con-sponda\/","name":"Reggivaligia con sponda per camera hotel","isPartOf":{"@id":"https:\/\/www.ghiblievo.com\/it\/#website"},"primaryImageOfPage":{"@id":"https:\/\/www.ghiblievo.com\/it\/prodotto\/reggivaligia-con-sponda\/#primaryimage"},"image":{"@id":"https:\/\/www.ghiblievo.com\/it\/prodotto\/reggivaligia-con-sponda\/#primaryimage"},"thumbnailUrl":"https:\/\/www.ghiblievo.com\/wp-content\/uploads\/2023\/06\/reggivaligie-legno-cuoio-per-hotel-finiture-customizzabili-jpg.webp","datePublished":"2023-06-07T09:50:13+00:00","dateModified":"2025-04-10T13:19:02+00:00","description":"Reggivaligia con sponda per camera hotel: proteggete le vostre pareti contro i danni con questo portavaligie pieghevole con supporto posteriore.","breadcrumb":{"@id":"https:\/\/www.ghiblievo.com\/it\/prodotto\/reggivaligia-con-sponda\/#breadcrumb"},"inLanguage":"it-IT","potentialAction":[{"@type":"ReadAction","target":["https:\/\/www.ghiblievo.com\/it\/prodotto\/reggivaligia-con-sponda\/"]}]},{"@type":"ImageObject","inLanguage":"it-IT","@id":"https:\/\/www.ghiblievo.com\/it\/prodotto\/reggivaligia-con-sponda\/#primaryimage","url":"https:\/\/www.ghiblievo.com\/wp-content\/uploads\/2023\/06\/reggivaligie-legno-cuoio-per-hotel-finiture-customizzabili-jpg.webp","contentUrl":"https:\/\/www.ghiblievo.com\/wp-content\/uploads\/2023\/06\/reggivaligie-legno-cuoio-per-hotel-finiture-customizzabili-jpg.webp","width":908,"height":908,"caption":"Reggivaligia con sponda per camera hotel"},{"@type":"BreadcrumbList","@id":"https:\/\/www.ghiblievo.com\/it\/prodotto\/reggivaligia-con-sponda\/#breadcrumb","itemListElement":[{"@type":"ListItem","position":1,"name":"Home","item":"https:\/\/www.ghiblievo.com\/it\/"},{"@type":"ListItem","position":2,"name":"Shop","item":"https:\/\/www.ghiblievo.com\/it\/shop-it\/"},{"@type":"ListItem","position":3,"name":"Reggivaligia","item":"https:\/\/www.ghiblievo.com\/it\/categoria-prodotto\/reggivaligia-per-camera-hotel\/"},{"@type":"ListItem","position":4,"name":"Reggivaligia Compatto in legno con sponda: COMPACT SUITECASE MAXI"}]},{"@type":"WebSite","@id":"https:\/\/www.ghiblievo.com\/it\/#website","url":"https:\/\/www.ghiblievo.com\/it\/","name":"Ghibli Evo","description":"Hair Dryers for Hotel - Wall Mounted Hair Dryer","publisher":{"@id":"https:\/\/www.ghiblievo.com\/it\/#organization"},"potentialAction":[{"@type":"SearchAction","target":{"@type":"EntryPoint","urlTemplate":"https:\/\/www.ghiblievo.com\/it\/?s={search_term_string}"},"query-input":{"@type":"PropertyValueSpecification","valueRequired":true,"valueName":"search_term_string"}}],"inLanguage":"it-IT"},{"@type":"Organization","@id":"https:\/\/www.ghiblievo.com\/it\/#organization","name":"Ghibli Evo","url":"https:\/\/www.ghiblievo.com\/it\/","logo":{"@type":"ImageObject","inLanguage":"it-IT","@id":"https:\/\/www.ghiblievo.com\/it\/#\/schema\/logo\/image\/","url":"https:\/\/www.ghiblievo.com\/wp-content\/uploads\/2019\/09\/Emblema_HUB-footer.png","contentUrl":"https:\/\/www.ghiblievo.com\/wp-content\/uploads\/2019\/09\/Emblema_HUB-footer.png","width":300,"height":291,"caption":"Ghibli Evo"},"image":{"@id":"https:\/\/www.ghiblievo.com\/it\/#\/schema\/logo\/image\/"},"sameAs":["https:\/\/www.facebook.com\/ghiblievo","https:\/\/www.instagram.com\/ghiblievo\/"],"description":"Ghiblievo is specialized in hotel supplies, bathroom accessories for hotel and hair dryer","email":"info@ghiblievo.com","telephone":"+39 338 4733486","foundingDate":"2009-01-01","vatID":"IT 03607430166"}]},"product_price_amount":"104.00","product_price_currency":"EUR","og_availability":"instock","product_availability":"instock","product_condition":"new"},"_links":{"self":[{"href":"https:\/\/www.ghiblievo.com\/it\/wp-json\/wp\/v2\/product\/19544","targetHints":{"allow":["GET"]}}],"collection":[{"href":"https:\/\/www.ghiblievo.com\/it\/wp-json\/wp\/v2\/product"}],"about":[{"href":"https:\/\/www.ghiblievo.com\/it\/wp-json\/wp\/v2\/types\/product"}],"replies":[{"embeddable":true,"href":"https:\/\/www.ghiblievo.com\/it\/wp-json\/wp\/v2\/comments?post=19544"}],"version-history":[{"count":0,"href":"https:\/\/www.ghiblievo.com\/it\/wp-json\/wp\/v2\/product\/19544\/revisions"}],"wp:featuredmedia":[{"embeddable":true,"href":"https:\/\/www.ghiblievo.com\/it\/wp-json\/wp\/v2\/media\/19308"}],"wp:attachment":[{"href":"https:\/\/www.ghiblievo.com\/it\/wp-json\/wp\/v2\/media?parent=19544"}],"wp:term":[{"taxonomy":"product_cat","embeddable":true,"href":"https:\/\/www.ghiblievo.com\/it\/wp-json\/wp\/v2\/product_cat?post=19544"},{"taxonomy":"product_tag","embeddable":true,"href":"https:\/\/www.ghiblievo.com\/it\/wp-json\/wp\/v2\/product_tag?post=19544"}],"curies":[{"name":"wp","href":"https:\/\/api.w.org\/{rel}","templated":true}]}}