{"id":36033,"date":"2024-05-22T12:25:58","date_gmt":"2024-05-22T11:25:58","guid":{"rendered":"https:\/\/www.ghiblievo.com\/distributor-of-coram-group-in-italy\/"},"modified":"2024-06-06T08:53:14","modified_gmt":"2024-06-06T07:53:14","slug":"distributore-del-gruppo-coram-in-italia","status":"publish","type":"page","link":"https:\/\/www.ghiblievo.com\/it\/distributore-del-gruppo-coram-in-italia\/","title":{"rendered":"Distributore del Gruppo Coram in Italia"},"content":{"rendered":"<h1>Distributore del Gruppo Coram in Italia<\/h1>\n<blockquote><p>Siamo il Distributore del Gruppo Coram in Italia: Coram \u00e8 un&#8217;azienda familiare con una solida base finanziaria, che si concentra sul lungo termine.<\/p><\/blockquote>\n<p>Combinando un approccio sincero e personale e una passione per il design con competenza e imprenditorialit\u00e0, siamo diventati un&#8217;organizzazione che aggiunge valore al benessere dei nostri utenti finali, dei nostri singoli marchi e aziende, nonch\u00e9 dei nostri partner e fornitori.<\/p>\n<p>Le origini di Coram risalgono al 1950, quando Harrie van Kempen e Henri Nijhuis a Eindhoven \u2013 attualmente la capitale del design dei Paesi Bassi \u2013 fondarono l&#8217;azienda Tijger Plastics. Grazie a prodotti innovativi, processi di produzione speciali e un occhio per il design, questa azienda \u00e8 diventata rapidamente un nome familiare nei Paesi Bassi.<\/p>\n<p>Coram \u00e8 cresciuta fino a diventare un&#8217;ampia organizzazione che opera a livello mondiale nel settore della rubinetteria sanitaria e delle tecniche di stampaggio a iniezione delle materie plastiche.<\/p>\n<h2>Cerchi il Distributore del Gruppo Coram in Italia?<\/h2>\n<h4>La struttura del gruppo Coram<\/h4>\n<p>Le attivit\u00e0 Coram, che si concentrano sui prodotti per il bagno e la doccia, sono organizzate in cinque business unit, che offrono i prodotti dei diversi marchi in ogni regione, in breve \u201cone face to the customer\u201d. Le Business Unit sono facilitate da quattro unit\u00e0 funzionali, in cui la conoscenza viene raggruppata per il gruppo e viene creata quanta pi\u00f9 sinergia possibile.<\/p>\n<h3>Marchi del gruppo Coram: Distributore esclusivo Geesa<\/h3>\n<ul class=\"content-ul\">\n<li><a href=\"https:\/\/www.ghiblievo.com\/it\/hospistyle-distributore-esclusivo-geesa-per-litalia\/\">Geesa<\/a><\/li>\n<li>Sealskin<\/li>\n<li><a href=\"https:\/\/www.ghiblievo.com\/it\/distributore-di-tiger-per-l-italia\/\">Tiger<\/a><\/li>\n<\/ul>\n<p>Noi di Coram ci impegniamo a darti una buona sensazione della tua routine quotidiana nello spazio pi\u00f9 personale della tua casa. Progettiamo, realizziamo e vendiamo accessori per bagno e box doccia, con i pi\u00f9 alti standard di estetica, funzionalit\u00e0 e facilit\u00e0 d&#8217;uso.<\/p>\n<p>Coram, di cui siamo distributore esclusivo Geesa per l&#8217; Italia,&nbsp; \u00e8 leader di mercato nel Benelux con i marchi Tiger e Sealskin. La nostra posizione di mercato nel resto d\u2019Europa sta crescendo in parte grazie alla forte crescita dell\u2019e-commerce. Gli accessori vengono spesso acquistati online. Rafforzeremo ulteriormente la nostra posizione nel Benelux e la espanderemo nel resto d\u2019Europa traducendo le \u201cintuizioni dei consumatori\u201d in prodotti innovativi che soddisfano le esigenze dei consumatori, seguendo da vicino le tendenze degli interni e continuando a costruire sui nostri marchi.<\/p>\n<p>&nbsp;<\/p>\n<figure id=\"attachment_36600\" aria-describedby=\"caption-attachment-36600\" style=\"width: 525px\" class=\"wp-caption alignleft\"><a href=\"https:\/\/www.ghiblievo.com\/it\/hospistyle-distributore-esclusivo-geesa-per-litalia\/\"><img decoding=\"async\" class=\"wp-image-36600 size-full\" src=\"https:\/\/www.ghiblievo.com\/wp-content\/uploads\/2024\/06\/Coram-Group-Geesa-Tiger-collections.jpg\" alt=\"Hospistyle Exclusive Geesa distributor for Italy bathroom accessories for hotel\" width=\"525\" height=\"169\"><\/a><figcaption id=\"caption-attachment-36600\" class=\"wp-caption-text\">Geesa Collections<\/figcaption><\/figure>\n<figure id=\"attachment_36580\" aria-describedby=\"caption-attachment-36580\" style=\"width: 525px\" class=\"wp-caption alignleft\"><a href=\"https:\/\/www.ghiblievo.com\/hospistyle-exclusive-tiger-distributor-for-italy\/\"><img decoding=\"async\" class=\"wp-image-36580 size-large\" src=\"https:\/\/www.ghiblievo.com\/wp-content\/uploads\/2024\/06\/Banner-Tiger-Badkamer-Oase-Rust-1024x329.jpg\" alt=\"Distributore Tiger per l'Italia: Hospistyle accessori bagno\" width=\"525\" height=\"169\"><\/a><figcaption id=\"caption-attachment-36580\" class=\"wp-caption-text\">Tiger Collections<\/figcaption><\/figure>\n<p>&nbsp;<\/p>\n","protected":false},"excerpt":{"rendered":"<p>Distributore del Gruppo Coram in Italia Siamo il Distributore del Gruppo Coram in Italia: Coram \u00e8 un&#8217;azienda familiare con una solida base finanziaria, che si concentra sul lungo termine. Combinando un approccio sincero e personale e una passione per il design con competenza e imprenditorialit\u00e0, siamo diventati un&#8217;organizzazione che aggiunge valore al benessere dei nostri &hellip; <\/p>\n<p class=\"link-more\"><a href=\"https:\/\/www.ghiblievo.com\/it\/distributore-del-gruppo-coram-in-italia\/\" class=\"more-link\">Leggi tutto<span class=\"screen-reader-text\"> &#8220;Distributore del Gruppo Coram in Italia&#8221;<\/span><\/a><\/p>\n","protected":false},"author":1,"featured_media":36028,"parent":0,"menu_order":0,"comment_status":"closed","ping_status":"closed","template":"","meta":{"_acf_changed":false,"ngg_post_thumbnail":0,"footnotes":""},"class_list":["post-36033","page","type-page","status-publish","has-post-thumbnail","hentry"],"acf":[],"yoast_head":"<!-- This site is optimized with the Yoast SEO Premium plugin v26.7 (Yoast SEO v26.7) - https:\/\/yoast.com\/wordpress\/plugins\/seo\/ -->\n<title>Distributore del Gruppo Coram in Italia - Ghibli Evo<\/title>\n<meta name=\"description\" content=\"Distributore del Gruppo Coram in Italia di accessori per il bagno e la doccia, progettiamo con passione attenti alla qualit\u00e0 e al design\" \/>\n<meta name=\"robots\" content=\"index, follow, max-snippet:-1, max-image-preview:large, max-video-preview:-1\" \/>\n<link rel=\"canonical\" href=\"https:\/\/www.ghiblievo.com\/it\/distributore-del-gruppo-coram-in-italia\/\" \/>\n<meta property=\"og:locale\" content=\"it_IT\" \/>\n<meta property=\"og:type\" content=\"article\" \/>\n<meta property=\"og:title\" content=\"Distributore del Gruppo Coram in Italia\" \/>\n<meta property=\"og:description\" content=\"Distributore del Gruppo Coram in Italia Siamo il Distributore del Gruppo Coram in Italia: Coram \u00e8 un&#039;azienda familiare con una solida base finanziaria,\" \/>\n<meta property=\"og:url\" content=\"https:\/\/www.ghiblievo.com\/it\/distributore-del-gruppo-coram-in-italia\/\" \/>\n<meta property=\"og:site_name\" content=\"Ghibli Evo\" \/>\n<meta property=\"article:publisher\" content=\"https:\/\/www.facebook.com\/ghiblievo\" \/>\n<meta property=\"article:modified_time\" content=\"2024-06-06T07:53:14+00:00\" \/>\n<meta property=\"og:image\" content=\"https:\/\/www.ghiblievo.com\/wp-content\/uploads\/2024\/05\/Distributor-of-Coram-Group-in-Italy.jpeg\" \/>\n\t<meta property=\"og:image:width\" content=\"2560\" \/>\n\t<meta property=\"og:image:height\" content=\"1299\" \/>\n\t<meta property=\"og:image:type\" content=\"image\/jpeg\" \/>\n<meta name=\"twitter:card\" content=\"summary_large_image\" \/>\n<meta name=\"twitter:label1\" content=\"Tempo di lettura stimato\" \/>\n\t<meta name=\"twitter:data1\" content=\"3 minuti\" \/>\n<script type=\"application\/ld+json\" class=\"yoast-schema-graph\">{\"@context\":\"https:\/\/schema.org\",\"@graph\":[{\"@type\":\"WebPage\",\"@id\":\"https:\/\/www.ghiblievo.com\/it\/distributore-del-gruppo-coram-in-italia\/\",\"url\":\"https:\/\/www.ghiblievo.com\/it\/distributore-del-gruppo-coram-in-italia\/\",\"name\":\"Distributore del Gruppo Coram in Italia - Ghibli Evo\",\"isPartOf\":{\"@id\":\"https:\/\/www.ghiblievo.com\/it\/#website\"},\"primaryImageOfPage\":{\"@id\":\"https:\/\/www.ghiblievo.com\/it\/distributore-del-gruppo-coram-in-italia\/#primaryimage\"},\"image\":{\"@id\":\"https:\/\/www.ghiblievo.com\/it\/distributore-del-gruppo-coram-in-italia\/#primaryimage\"},\"thumbnailUrl\":\"https:\/\/www.ghiblievo.com\/wp-content\/uploads\/2024\/05\/Distributor-of-Coram-Group-in-Italy.jpeg\",\"datePublished\":\"2024-05-22T11:25:58+00:00\",\"dateModified\":\"2024-06-06T07:53:14+00:00\",\"description\":\"Distributore del Gruppo Coram in Italia di accessori per il bagno e la doccia, progettiamo con passione attenti alla qualit\u00e0 e al design\",\"breadcrumb\":{\"@id\":\"https:\/\/www.ghiblievo.com\/it\/distributore-del-gruppo-coram-in-italia\/#breadcrumb\"},\"inLanguage\":\"it-IT\",\"potentialAction\":[{\"@type\":\"ReadAction\",\"target\":[\"https:\/\/www.ghiblievo.com\/it\/distributore-del-gruppo-coram-in-italia\/\"]}]},{\"@type\":\"ImageObject\",\"inLanguage\":\"it-IT\",\"@id\":\"https:\/\/www.ghiblievo.com\/it\/distributore-del-gruppo-coram-in-italia\/#primaryimage\",\"url\":\"https:\/\/www.ghiblievo.com\/wp-content\/uploads\/2024\/05\/Distributor-of-Coram-Group-in-Italy.jpeg\",\"contentUrl\":\"https:\/\/www.ghiblievo.com\/wp-content\/uploads\/2024\/05\/Distributor-of-Coram-Group-in-Italy.jpeg\",\"width\":2560,\"height\":1299,\"caption\":\"Distributore del Gruppo Coram in Italia\"},{\"@type\":\"BreadcrumbList\",\"@id\":\"https:\/\/www.ghiblievo.com\/it\/distributore-del-gruppo-coram-in-italia\/#breadcrumb\",\"itemListElement\":[{\"@type\":\"ListItem\",\"position\":1,\"name\":\"Home\",\"item\":\"https:\/\/www.ghiblievo.com\/it\/\"},{\"@type\":\"ListItem\",\"position\":2,\"name\":\"Distributore del Gruppo Coram in Italia\"}]},{\"@type\":\"WebSite\",\"@id\":\"https:\/\/www.ghiblievo.com\/it\/#website\",\"url\":\"https:\/\/www.ghiblievo.com\/it\/\",\"name\":\"Ghibli Evo\",\"description\":\"Hair Dryers for Hotel - Wall Mounted Hair Dryer\",\"publisher\":{\"@id\":\"https:\/\/www.ghiblievo.com\/it\/#organization\"},\"potentialAction\":[{\"@type\":\"SearchAction\",\"target\":{\"@type\":\"EntryPoint\",\"urlTemplate\":\"https:\/\/www.ghiblievo.com\/it\/?s={search_term_string}\"},\"query-input\":{\"@type\":\"PropertyValueSpecification\",\"valueRequired\":true,\"valueName\":\"search_term_string\"}}],\"inLanguage\":\"it-IT\"},{\"@type\":\"Organization\",\"@id\":\"https:\/\/www.ghiblievo.com\/it\/#organization\",\"name\":\"Ghibli Evo\",\"url\":\"https:\/\/www.ghiblievo.com\/it\/\",\"logo\":{\"@type\":\"ImageObject\",\"inLanguage\":\"it-IT\",\"@id\":\"https:\/\/www.ghiblievo.com\/it\/#\/schema\/logo\/image\/\",\"url\":\"https:\/\/www.ghiblievo.com\/wp-content\/uploads\/2019\/09\/Emblema_HUB-footer.png\",\"contentUrl\":\"https:\/\/www.ghiblievo.com\/wp-content\/uploads\/2019\/09\/Emblema_HUB-footer.png\",\"width\":300,\"height\":291,\"caption\":\"Ghibli Evo\"},\"image\":{\"@id\":\"https:\/\/www.ghiblievo.com\/it\/#\/schema\/logo\/image\/\"},\"sameAs\":[\"https:\/\/www.facebook.com\/ghiblievo\",\"https:\/\/www.instagram.com\/ghiblievo\/\"],\"description\":\"Ghiblievo is specialized in hotel supplies, bathroom accessories for hotel and hair dryer\",\"email\":\"info@ghiblievo.com\",\"telephone\":\"+39 338 4733486\",\"foundingDate\":\"2009-01-01\",\"vatID\":\"IT 03607430166\"}]}<\/script>\n<!-- \/ Yoast SEO Premium plugin. -->","yoast_head_json":{"title":"Distributore del Gruppo Coram in Italia - Ghibli Evo","description":"Distributore del Gruppo Coram in Italia di accessori per il bagno e la doccia, progettiamo con passione attenti alla qualit\u00e0 e al design","robots":{"index":"index","follow":"follow","max-snippet":"max-snippet:-1","max-image-preview":"max-image-preview:large","max-video-preview":"max-video-preview:-1"},"canonical":"https:\/\/www.ghiblievo.com\/it\/distributore-del-gruppo-coram-in-italia\/","og_locale":"it_IT","og_type":"article","og_title":"Distributore del Gruppo Coram in Italia","og_description":"Distributore del Gruppo Coram in Italia Siamo il Distributore del Gruppo Coram in Italia: Coram \u00e8 un'azienda familiare con una solida base finanziaria,","og_url":"https:\/\/www.ghiblievo.com\/it\/distributore-del-gruppo-coram-in-italia\/","og_site_name":"Ghibli Evo","article_publisher":"https:\/\/www.facebook.com\/ghiblievo","article_modified_time":"2024-06-06T07:53:14+00:00","og_image":[{"width":2560,"height":1299,"url":"https:\/\/www.ghiblievo.com\/wp-content\/uploads\/2024\/05\/Distributor-of-Coram-Group-in-Italy.jpeg","type":"image\/jpeg"}],"twitter_card":"summary_large_image","twitter_misc":{"Tempo di lettura stimato":"3 minuti"},"schema":{"@context":"https:\/\/schema.org","@graph":[{"@type":"WebPage","@id":"https:\/\/www.ghiblievo.com\/it\/distributore-del-gruppo-coram-in-italia\/","url":"https:\/\/www.ghiblievo.com\/it\/distributore-del-gruppo-coram-in-italia\/","name":"Distributore del Gruppo Coram in Italia - Ghibli Evo","isPartOf":{"@id":"https:\/\/www.ghiblievo.com\/it\/#website"},"primaryImageOfPage":{"@id":"https:\/\/www.ghiblievo.com\/it\/distributore-del-gruppo-coram-in-italia\/#primaryimage"},"image":{"@id":"https:\/\/www.ghiblievo.com\/it\/distributore-del-gruppo-coram-in-italia\/#primaryimage"},"thumbnailUrl":"https:\/\/www.ghiblievo.com\/wp-content\/uploads\/2024\/05\/Distributor-of-Coram-Group-in-Italy.jpeg","datePublished":"2024-05-22T11:25:58+00:00","dateModified":"2024-06-06T07:53:14+00:00","description":"Distributore del Gruppo Coram in Italia di accessori per il bagno e la doccia, progettiamo con passione attenti alla qualit\u00e0 e al design","breadcrumb":{"@id":"https:\/\/www.ghiblievo.com\/it\/distributore-del-gruppo-coram-in-italia\/#breadcrumb"},"inLanguage":"it-IT","potentialAction":[{"@type":"ReadAction","target":["https:\/\/www.ghiblievo.com\/it\/distributore-del-gruppo-coram-in-italia\/"]}]},{"@type":"ImageObject","inLanguage":"it-IT","@id":"https:\/\/www.ghiblievo.com\/it\/distributore-del-gruppo-coram-in-italia\/#primaryimage","url":"https:\/\/www.ghiblievo.com\/wp-content\/uploads\/2024\/05\/Distributor-of-Coram-Group-in-Italy.jpeg","contentUrl":"https:\/\/www.ghiblievo.com\/wp-content\/uploads\/2024\/05\/Distributor-of-Coram-Group-in-Italy.jpeg","width":2560,"height":1299,"caption":"Distributore del Gruppo Coram in Italia"},{"@type":"BreadcrumbList","@id":"https:\/\/www.ghiblievo.com\/it\/distributore-del-gruppo-coram-in-italia\/#breadcrumb","itemListElement":[{"@type":"ListItem","position":1,"name":"Home","item":"https:\/\/www.ghiblievo.com\/it\/"},{"@type":"ListItem","position":2,"name":"Distributore del Gruppo Coram in Italia"}]},{"@type":"WebSite","@id":"https:\/\/www.ghiblievo.com\/it\/#website","url":"https:\/\/www.ghiblievo.com\/it\/","name":"Ghibli Evo","description":"Hair Dryers for Hotel - Wall Mounted Hair Dryer","publisher":{"@id":"https:\/\/www.ghiblievo.com\/it\/#organization"},"potentialAction":[{"@type":"SearchAction","target":{"@type":"EntryPoint","urlTemplate":"https:\/\/www.ghiblievo.com\/it\/?s={search_term_string}"},"query-input":{"@type":"PropertyValueSpecification","valueRequired":true,"valueName":"search_term_string"}}],"inLanguage":"it-IT"},{"@type":"Organization","@id":"https:\/\/www.ghiblievo.com\/it\/#organization","name":"Ghibli Evo","url":"https:\/\/www.ghiblievo.com\/it\/","logo":{"@type":"ImageObject","inLanguage":"it-IT","@id":"https:\/\/www.ghiblievo.com\/it\/#\/schema\/logo\/image\/","url":"https:\/\/www.ghiblievo.com\/wp-content\/uploads\/2019\/09\/Emblema_HUB-footer.png","contentUrl":"https:\/\/www.ghiblievo.com\/wp-content\/uploads\/2019\/09\/Emblema_HUB-footer.png","width":300,"height":291,"caption":"Ghibli Evo"},"image":{"@id":"https:\/\/www.ghiblievo.com\/it\/#\/schema\/logo\/image\/"},"sameAs":["https:\/\/www.facebook.com\/ghiblievo","https:\/\/www.instagram.com\/ghiblievo\/"],"description":"Ghiblievo is specialized in hotel supplies, bathroom accessories for hotel and hair dryer","email":"info@ghiblievo.com","telephone":"+39 338 4733486","foundingDate":"2009-01-01","vatID":"IT 03607430166"}]}},"_links":{"self":[{"href":"https:\/\/www.ghiblievo.com\/it\/wp-json\/wp\/v2\/pages\/36033","targetHints":{"allow":["GET"]}}],"collection":[{"href":"https:\/\/www.ghiblievo.com\/it\/wp-json\/wp\/v2\/pages"}],"about":[{"href":"https:\/\/www.ghiblievo.com\/it\/wp-json\/wp\/v2\/types\/page"}],"author":[{"embeddable":true,"href":"https:\/\/www.ghiblievo.com\/it\/wp-json\/wp\/v2\/users\/1"}],"replies":[{"embeddable":true,"href":"https:\/\/www.ghiblievo.com\/it\/wp-json\/wp\/v2\/comments?post=36033"}],"version-history":[{"count":0,"href":"https:\/\/www.ghiblievo.com\/it\/wp-json\/wp\/v2\/pages\/36033\/revisions"}],"wp:featuredmedia":[{"embeddable":true,"href":"https:\/\/www.ghiblievo.com\/it\/wp-json\/wp\/v2\/media\/36028"}],"wp:attachment":[{"href":"https:\/\/www.ghiblievo.com\/it\/wp-json\/wp\/v2\/media?parent=36033"}],"curies":[{"name":"wp","href":"https:\/\/api.w.org\/{rel}","templated":true}]}}