{"id":2491,"date":"2019-09-24T12:01:22","date_gmt":"2020-07-31T10:06:16","guid":{"rendered":"https:\/\/www.ghiblievo.com\/product\/seche-cheveux-monte-sur-le-mur-ghibli-evo-hub\/"},"modified":"2026-02-12T17:33:42","modified_gmt":"2026-02-12T16:33:42","slug":"ghibli-evo-hub-mur-monte-seche-cheveux","status":"publish","type":"product","link":"https:\/\/www.ghiblievo.com\/fr\/product\/ghibli-evo-hub-mur-monte-seche-cheveux\/","title":{"rendered":"S\u00e8che-cheveux mont\u00e9 sur le mur Ghibli Evo Hub"},"content":{"rendered":"<h2>S\u00e8che-cheveux mont\u00e9 sur mur Caract\u00e9ristiques techniques<\/h2>\n<h3>D\u00e9tails du s\u00e8che-cheveux \u00e0 montage mural :&nbsp;<\/h3>\n<ul>\n<li>220\/240 Tension d&rsquo;alimentation 2000 Watts de puissance de sortie<\/li>\n<li>Trois s\u00e9lections de d\u00e9bit d\u2019air et de temp\u00e9rature<\/li>\n<li>D\u00e9bit d\u2019air de vitesse maximale : 8,36 m3\/s<\/li>\n<li>D\u00e9bit d\u2019air maximal : 108 m3\/h<\/li>\n<li>Bruit : environ 67 db<\/li>\n<li>Double isolation du s\u00e8che-cheveux mural mont\u00e9<\/li>\n<li>Dipl\u00f4me de protection : IP20<\/li>\n<li>Combinaison de surfaces brillantes et mates sur le support mural.<\/li>\n<li>Finition chrom\u00e9e sur l\u2019unit\u00e9 de s\u00e8che-cheveux et entourant l\u2019interrupteur principal ON\/OFF sur le support mural.<\/li>\n<li>Diffuseur\/buse transparent.<\/li>\n<li>Commutateur principal ON\/OFF sur le support mural avec la lumi\u00e8re de courtoisie bleue de faible puissance de LED.<\/li>\n<li>Bouton appuyez\/lib\u00e9ration sur l\u2019unit\u00e9 mont\u00e9e sur le mur.<\/li>\n<li>Interrupteur de s\u00e9curit\u00e9 suppl\u00e9mentaire situ\u00e9 dans le bo\u00eetier de l\u2019unit\u00e9 murale.<\/li>\n<li>Double LED de prise USB allum\u00e9e derri\u00e8re la fen\u00eatre \u00e0 l\u2019avant du support (avec transformateur basse tension).<\/li>\n<li>Prise rasoir universelle europ\u00e9enne et am\u00e9ricaine aliment\u00e9e par un transformateur d&rsquo;isolation de s\u00e9curit\u00e9.<\/li>\n<li>Double possibilit\u00e9 de raccordement \u00e9lectrique (directement depuis le mur ou avec un c\u00e2ble \u00e9lectrique standard)<\/li>\n<li>C\u00e2ble \u00e9lectrique inclus avec prise europ\u00e9enne Schuko.<\/li>\n<li>Montage mural facile (sans besoin de d\u00e9montage) pour le s\u00e8che-cheveux attach\u00e9 au mur<\/li>\n<li><a href=\"https:\/\/www.ghiblievo.com\/fr\/produit\/ghibli-evo-hub-mur-monte-seche-cheveux\/#tab-instruction-manual\">Instructions en italien et en anglais<\/a> avec gabarit de montage et chevilles inclus dans l&#8217;emballage<\/li>\n<li><a href=\"https:\/\/en.wikipedia.org\/wiki\/CE_marking\" target=\"_blank\" rel=\"noopener noreferrer\">Certification CE<\/a><\/li>\n<li>Conception italienne \u2013 Conception enregistr\u00e9e<\/li>\n<li>Caract\u00e9ristiques&nbsp; descriptif <a href=\"https:\/\/www.ghiblievo.com\/it\/asciugacapelli-per-hotel\/\">ici<\/a><\/li>\n<\/ul>\n","protected":false},"excerpt":{"rendered":"<h2>S\u00c8CHE-CHEVEUX GHIBLI EVO HUB MONT\u00c9 \u00c0 LA PAROI MURALE<\/h2>\n<p>Ghibli Evo Hub : un <strong>s\u00e8che-cheveux<\/strong>\u00e9l\u00e9gant, ergonomique et moderne mont\u00e9 sur le mur. Con\u00e7u en Italie pour un produit d\u00e9di\u00e9 aux familles et aux h\u00f4tels : des lignes douces et organiques pour une image \u00e0 fort impact.<br \/>\nUn design d&rsquo;\u00e9lite id\u00e9al pour s&rsquo;ins\u00e9rer dans des environnements \u00e0 fort caract\u00e8re esth\u00e9tique disponible dans des couleurs vives et m\u00e9talliques.<\/p>\n<p>Ghibli Evo Hub : technologie et harmonie<\/p>\n<div class=\"video-youtube\" style=\"margin: 0 auto; text-align: center;\"><iframe title=\"YouTube video player\" src=\"https:\/\/www.youtube.com\/embed\/tTvnnAnr1Vk?si=ZZEVf0nbLpsX1eGB\" frameborder=\"0\" allowfullscreen=\"allowfullscreen\"><\/iframe><\/div>\n<p><\/p>\n<div class=\"video-youtube\" style=\"margin: 0 auto; text-align: center;\"><iframe title=\"YouTube video player\" src=\"https:\/\/www.youtube.com\/embed\/Q9WhlfoVfis?rel=0\" frameborder=\"0\" allowfullscreen=\"allowfullscreen\"><\/iframe><\/div>\n<p><strong style=\"color: red;\">Prix sp\u00e9ciaux pour les installations h\u00f4teli\u00e8res, les navires de croisi\u00e8re et les grossistes : contactez l\u2019entreprise. <\/strong><\/p>\n<div style=\"display: inline;\"><img decoding=\"async\" class=\"wp-image-4772 aligncenter\" src=\"https:\/\/www.ghiblievo.com\/wp-content\/uploads\/2019\/09\/bianco-var-4.jpg\" alt=\"\" width=\"150\" height=\"146\"><\/div>\n<div style=\"display: inline;\"><img decoding=\"async\" class=\"wp-image-808 aligncenter\" src=\"https:\/\/www.ghiblievo.com\/wp-content\/uploads\/2019\/09\/grigio-var-4.jpg\" alt=\"Phon \u00e9l\u00e9gant pour l'h\u00f4tel\" width=\"150\" height=\"146\"><\/div>\n<div style=\"clear: both;\">&nbsp;<\/div>\n<p>&nbsp;<\/p>\n","protected":false},"featured_media":7645,"comment_status":"open","ping_status":"closed","template":"","meta":{"_acf_changed":false,"ngg_post_thumbnail":0,"footnotes":""},"product_cat":[752,1181],"product_tag":[],"class_list":{"0":"post-2491","1":"product","2":"type-product","3":"status-publish","4":"has-post-thumbnail","6":"product_cat-seche-cheveux","7":"product_cat-wall-mounted-hairdryer-fr","9":"first","10":"instock","11":"featured","12":"shipping-taxable","13":"purchasable","14":"product-type-variable"},"acf":[],"yoast_head":"<!-- This site is optimized with the Yoast SEO Premium plugin v26.7 (Yoast SEO v26.7) - https:\/\/yoast.com\/wordpress\/plugins\/seo\/ -->\n<title>S\u00e8che-cheveux mural \u00e9l\u00e9gant pour l&#039;h\u00f4tel et pour la maison<\/title>\n<meta name=\"description\" content=\"S\u00e8che-cheveux murale Ghibli Evo Hub un salon standard international, \u00e9galement utile dans la salle de bains. Il est sp\u00e9cialement con\u00e7u pour l\u2019industrie h\u00f4teli\u00e8re.\" \/>\n<meta name=\"robots\" content=\"index, follow, max-snippet:-1, max-image-preview:large, max-video-preview:-1\" \/>\n<link rel=\"canonical\" href=\"https:\/\/www.ghiblievo.com\/fr\/product\/ghibli-evo-hub-mur-monte-seche-cheveux\/\" \/>\n<meta property=\"og:locale\" content=\"fr_FR\" \/>\n<meta property=\"og:type\" content=\"article\" \/>\n<meta property=\"og:title\" content=\"S\u00e8che-cheveux mont\u00e9 sur le mur Ghibli Evo Hub\" \/>\n<meta property=\"og:description\" content=\"S\u00c8CHE-CHEVEUX GHIBLI EVO HUB MONT\u00c9 \u00c0 LA PAROI MURALE Ghibli Evo Hub : un s\u00e8che-cheveux\u00e9l\u00e9gant, ergonomique et moderne mont\u00e9 sur le mur. Con\u00e7u en Italie pour un produit d\u00e9di\u00e9 aux familles et aux h\u00f4tels : des lignes douces et organiques pour une image \u00e0 fort impact. Un design d&#039;\u00e9lite id\u00e9al pour s&#039;ins\u00e9rer dans des environnements \u00e0 fort caract\u00e8re esth\u00e9tique disponible dans des couleurs vives et m\u00e9talliques.  Ghibli Evo Hub : technologie et harmonie    Prix sp\u00e9ciaux pour les installations h\u00f4teli\u00e8res, les navires de croisi\u00e8re et les grossistes : contactez l\u2019entreprise.    &nbsp; &nbsp;\" \/>\n<meta property=\"og:url\" content=\"https:\/\/www.ghiblievo.com\/fr\/product\/ghibli-evo-hub-mur-monte-seche-cheveux\/\" \/>\n<meta property=\"og:site_name\" content=\"Ghibli Evo\" \/>\n<meta property=\"article:publisher\" content=\"https:\/\/www.facebook.com\/ghiblievo\" \/>\n<meta property=\"article:modified_time\" content=\"2026-02-12T16:33:42+00:00\" \/>\n<meta property=\"og:image\" content=\"https:\/\/www.ghiblievo.com\/wp-content\/uploads\/2019\/09\/Wall-Mounted-Hair-dryer-1-jpg.webp\" \/>\n\t<meta property=\"og:image:width\" content=\"1500\" \/>\n\t<meta property=\"og:image:height\" content=\"1500\" \/>\n\t<meta property=\"og:image:type\" content=\"image\/jpeg\" \/>\n<meta name=\"twitter:card\" content=\"summary_large_image\" \/>\n<meta name=\"twitter:label1\" content=\"Disponibilit\u00e9\" \/>\n\t<meta name=\"twitter:data1\" content=\"En stock\" \/>\n<script type=\"application\/ld+json\" class=\"yoast-schema-graph\">{\"@context\":\"https:\/\/schema.org\",\"@graph\":[{\"@type\":\"WebPage\",\"@id\":\"https:\/\/www.ghiblievo.com\/fr\/product\/ghibli-evo-hub-mur-monte-seche-cheveux\/\",\"url\":\"https:\/\/www.ghiblievo.com\/fr\/product\/ghibli-evo-hub-mur-monte-seche-cheveux\/\",\"name\":\"S\u00e8che-cheveux mural \u00e9l\u00e9gant pour l'h\u00f4tel et pour la maison\",\"isPartOf\":{\"@id\":\"https:\/\/www.ghiblievo.com\/fr\/#website\"},\"primaryImageOfPage\":{\"@id\":\"https:\/\/www.ghiblievo.com\/fr\/product\/ghibli-evo-hub-mur-monte-seche-cheveux\/#primaryimage\"},\"image\":{\"@id\":\"https:\/\/www.ghiblievo.com\/fr\/product\/ghibli-evo-hub-mur-monte-seche-cheveux\/#primaryimage\"},\"thumbnailUrl\":\"https:\/\/www.ghiblievo.com\/wp-content\/uploads\/2019\/09\/Wall-Mounted-Hair-dryer-1-jpg.webp\",\"datePublished\":\"2020-07-31T10:06:16+00:00\",\"dateModified\":\"2026-02-12T16:33:42+00:00\",\"description\":\"S\u00e8che-cheveux murale Ghibli Evo Hub un salon standard international, \u00e9galement utile dans la salle de bains. Il est sp\u00e9cialement con\u00e7u pour l\u2019industrie h\u00f4teli\u00e8re.\",\"breadcrumb\":{\"@id\":\"https:\/\/www.ghiblievo.com\/fr\/product\/ghibli-evo-hub-mur-monte-seche-cheveux\/#breadcrumb\"},\"inLanguage\":\"fr-FR\",\"potentialAction\":[{\"@type\":\"ReadAction\",\"target\":[\"https:\/\/www.ghiblievo.com\/fr\/product\/ghibli-evo-hub-mur-monte-seche-cheveux\/\"]}]},{\"@type\":\"ImageObject\",\"inLanguage\":\"fr-FR\",\"@id\":\"https:\/\/www.ghiblievo.com\/fr\/product\/ghibli-evo-hub-mur-monte-seche-cheveux\/#primaryimage\",\"url\":\"https:\/\/www.ghiblievo.com\/wp-content\/uploads\/2019\/09\/Wall-Mounted-Hair-dryer-1-jpg.webp\",\"contentUrl\":\"https:\/\/www.ghiblievo.com\/wp-content\/uploads\/2019\/09\/Wall-Mounted-Hair-dryer-1-jpg.webp\",\"width\":1500,\"height\":1500,\"caption\":\"S\u00e8che-cheveux mont\u00e9 sur mur\"},{\"@type\":\"BreadcrumbList\",\"@id\":\"https:\/\/www.ghiblievo.com\/fr\/product\/ghibli-evo-hub-mur-monte-seche-cheveux\/#breadcrumb\",\"itemListElement\":[{\"@type\":\"ListItem\",\"position\":1,\"name\":\"Home\",\"item\":\"https:\/\/www.ghiblievo.com\/fr\/fournitures-pour-lhotellerie-depuis-1975\/\"},{\"@type\":\"ListItem\",\"position\":2,\"name\":\"Boutique\",\"item\":\"https:\/\/www.ghiblievo.com\/fr\/shop\/\"},{\"@type\":\"ListItem\",\"position\":3,\"name\":\"S\u00e8che-cheveux\",\"item\":\"https:\/\/www.ghiblievo.com\/fr\/categorie-produit\/seche-cheveux\/\"},{\"@type\":\"ListItem\",\"position\":4,\"name\":\"S\u00e8che-cheveux mont\u00e9 sur le mur Ghibli Evo Hub\"}]},{\"@type\":\"WebSite\",\"@id\":\"https:\/\/www.ghiblievo.com\/fr\/#website\",\"url\":\"https:\/\/www.ghiblievo.com\/fr\/\",\"name\":\"Ghibli Evo\",\"description\":\"Hair Dryers for Hotel - Wall Mounted Hair Dryer\",\"publisher\":{\"@id\":\"https:\/\/www.ghiblievo.com\/fr\/#organization\"},\"potentialAction\":[{\"@type\":\"SearchAction\",\"target\":{\"@type\":\"EntryPoint\",\"urlTemplate\":\"https:\/\/www.ghiblievo.com\/fr\/?s={search_term_string}\"},\"query-input\":{\"@type\":\"PropertyValueSpecification\",\"valueRequired\":true,\"valueName\":\"search_term_string\"}}],\"inLanguage\":\"fr-FR\"},{\"@type\":\"Organization\",\"@id\":\"https:\/\/www.ghiblievo.com\/fr\/#organization\",\"name\":\"Ghibli Evo\",\"url\":\"https:\/\/www.ghiblievo.com\/fr\/\",\"logo\":{\"@type\":\"ImageObject\",\"inLanguage\":\"fr-FR\",\"@id\":\"https:\/\/www.ghiblievo.com\/fr\/#\/schema\/logo\/image\/\",\"url\":\"https:\/\/www.ghiblievo.com\/wp-content\/uploads\/2019\/09\/Emblema_HUB-footer.png\",\"contentUrl\":\"https:\/\/www.ghiblievo.com\/wp-content\/uploads\/2019\/09\/Emblema_HUB-footer.png\",\"width\":300,\"height\":291,\"caption\":\"Ghibli Evo\"},\"image\":{\"@id\":\"https:\/\/www.ghiblievo.com\/fr\/#\/schema\/logo\/image\/\"},\"sameAs\":[\"https:\/\/www.facebook.com\/ghiblievo\",\"https:\/\/www.instagram.com\/ghiblievo\/\"],\"description\":\"Ghiblievo is specialized in hotel supplies, bathroom accessories for hotel and hair dryer\",\"email\":\"info@ghiblievo.com\",\"telephone\":\"+39 338 4733486\",\"foundingDate\":\"2009-01-01\",\"vatID\":\"IT 03607430166\"}]}<\/script>\n<meta property=\"og:availability\" content=\"instock\" \/>\n<meta property=\"product:availability\" content=\"instock\" \/>\n<meta property=\"product:condition\" content=\"new\" \/>\n<!-- \/ Yoast SEO Premium plugin. -->","yoast_head_json":{"title":"S\u00e8che-cheveux mural \u00e9l\u00e9gant pour l'h\u00f4tel et pour la maison","description":"S\u00e8che-cheveux murale Ghibli Evo Hub un salon standard international, \u00e9galement utile dans la salle de bains. Il est sp\u00e9cialement con\u00e7u pour l\u2019industrie h\u00f4teli\u00e8re.","robots":{"index":"index","follow":"follow","max-snippet":"max-snippet:-1","max-image-preview":"max-image-preview:large","max-video-preview":"max-video-preview:-1"},"canonical":"https:\/\/www.ghiblievo.com\/fr\/product\/ghibli-evo-hub-mur-monte-seche-cheveux\/","og_locale":"fr_FR","og_type":"article","og_title":"S\u00e8che-cheveux mont\u00e9 sur le mur Ghibli Evo Hub","og_description":"S\u00c8CHE-CHEVEUX GHIBLI EVO HUB MONT\u00c9 \u00c0 LA PAROI MURALE Ghibli Evo Hub : un s\u00e8che-cheveux\u00e9l\u00e9gant, ergonomique et moderne mont\u00e9 sur le mur. Con\u00e7u en Italie pour un produit d\u00e9di\u00e9 aux familles et aux h\u00f4tels : des lignes douces et organiques pour une image \u00e0 fort impact. Un design d'\u00e9lite id\u00e9al pour s'ins\u00e9rer dans des environnements \u00e0 fort caract\u00e8re esth\u00e9tique disponible dans des couleurs vives et m\u00e9talliques.  Ghibli Evo Hub : technologie et harmonie    Prix sp\u00e9ciaux pour les installations h\u00f4teli\u00e8res, les navires de croisi\u00e8re et les grossistes : contactez l\u2019entreprise.    &nbsp; &nbsp;","og_url":"https:\/\/www.ghiblievo.com\/fr\/product\/ghibli-evo-hub-mur-monte-seche-cheveux\/","og_site_name":"Ghibli Evo","article_publisher":"https:\/\/www.facebook.com\/ghiblievo","article_modified_time":"2026-02-12T16:33:42+00:00","og_image":[{"width":1500,"height":1500,"url":"https:\/\/www.ghiblievo.com\/wp-content\/uploads\/2019\/09\/Wall-Mounted-Hair-dryer-1-jpg.webp","type":"image\/jpeg"}],"twitter_card":"summary_large_image","twitter_misc":{"Disponibilit\u00e9":"En stock"},"schema":{"@context":"https:\/\/schema.org","@graph":[{"@type":"WebPage","@id":"https:\/\/www.ghiblievo.com\/fr\/product\/ghibli-evo-hub-mur-monte-seche-cheveux\/","url":"https:\/\/www.ghiblievo.com\/fr\/product\/ghibli-evo-hub-mur-monte-seche-cheveux\/","name":"S\u00e8che-cheveux mural \u00e9l\u00e9gant pour l'h\u00f4tel et pour la maison","isPartOf":{"@id":"https:\/\/www.ghiblievo.com\/fr\/#website"},"primaryImageOfPage":{"@id":"https:\/\/www.ghiblievo.com\/fr\/product\/ghibli-evo-hub-mur-monte-seche-cheveux\/#primaryimage"},"image":{"@id":"https:\/\/www.ghiblievo.com\/fr\/product\/ghibli-evo-hub-mur-monte-seche-cheveux\/#primaryimage"},"thumbnailUrl":"https:\/\/www.ghiblievo.com\/wp-content\/uploads\/2019\/09\/Wall-Mounted-Hair-dryer-1-jpg.webp","datePublished":"2020-07-31T10:06:16+00:00","dateModified":"2026-02-12T16:33:42+00:00","description":"S\u00e8che-cheveux murale Ghibli Evo Hub un salon standard international, \u00e9galement utile dans la salle de bains. Il est sp\u00e9cialement con\u00e7u pour l\u2019industrie h\u00f4teli\u00e8re.","breadcrumb":{"@id":"https:\/\/www.ghiblievo.com\/fr\/product\/ghibli-evo-hub-mur-monte-seche-cheveux\/#breadcrumb"},"inLanguage":"fr-FR","potentialAction":[{"@type":"ReadAction","target":["https:\/\/www.ghiblievo.com\/fr\/product\/ghibli-evo-hub-mur-monte-seche-cheveux\/"]}]},{"@type":"ImageObject","inLanguage":"fr-FR","@id":"https:\/\/www.ghiblievo.com\/fr\/product\/ghibli-evo-hub-mur-monte-seche-cheveux\/#primaryimage","url":"https:\/\/www.ghiblievo.com\/wp-content\/uploads\/2019\/09\/Wall-Mounted-Hair-dryer-1-jpg.webp","contentUrl":"https:\/\/www.ghiblievo.com\/wp-content\/uploads\/2019\/09\/Wall-Mounted-Hair-dryer-1-jpg.webp","width":1500,"height":1500,"caption":"S\u00e8che-cheveux mont\u00e9 sur mur"},{"@type":"BreadcrumbList","@id":"https:\/\/www.ghiblievo.com\/fr\/product\/ghibli-evo-hub-mur-monte-seche-cheveux\/#breadcrumb","itemListElement":[{"@type":"ListItem","position":1,"name":"Home","item":"https:\/\/www.ghiblievo.com\/fr\/fournitures-pour-lhotellerie-depuis-1975\/"},{"@type":"ListItem","position":2,"name":"Boutique","item":"https:\/\/www.ghiblievo.com\/fr\/shop\/"},{"@type":"ListItem","position":3,"name":"S\u00e8che-cheveux","item":"https:\/\/www.ghiblievo.com\/fr\/categorie-produit\/seche-cheveux\/"},{"@type":"ListItem","position":4,"name":"S\u00e8che-cheveux mont\u00e9 sur le mur Ghibli Evo Hub"}]},{"@type":"WebSite","@id":"https:\/\/www.ghiblievo.com\/fr\/#website","url":"https:\/\/www.ghiblievo.com\/fr\/","name":"Ghibli Evo","description":"Hair Dryers for Hotel - Wall Mounted Hair Dryer","publisher":{"@id":"https:\/\/www.ghiblievo.com\/fr\/#organization"},"potentialAction":[{"@type":"SearchAction","target":{"@type":"EntryPoint","urlTemplate":"https:\/\/www.ghiblievo.com\/fr\/?s={search_term_string}"},"query-input":{"@type":"PropertyValueSpecification","valueRequired":true,"valueName":"search_term_string"}}],"inLanguage":"fr-FR"},{"@type":"Organization","@id":"https:\/\/www.ghiblievo.com\/fr\/#organization","name":"Ghibli Evo","url":"https:\/\/www.ghiblievo.com\/fr\/","logo":{"@type":"ImageObject","inLanguage":"fr-FR","@id":"https:\/\/www.ghiblievo.com\/fr\/#\/schema\/logo\/image\/","url":"https:\/\/www.ghiblievo.com\/wp-content\/uploads\/2019\/09\/Emblema_HUB-footer.png","contentUrl":"https:\/\/www.ghiblievo.com\/wp-content\/uploads\/2019\/09\/Emblema_HUB-footer.png","width":300,"height":291,"caption":"Ghibli Evo"},"image":{"@id":"https:\/\/www.ghiblievo.com\/fr\/#\/schema\/logo\/image\/"},"sameAs":["https:\/\/www.facebook.com\/ghiblievo","https:\/\/www.instagram.com\/ghiblievo\/"],"description":"Ghiblievo is specialized in hotel supplies, bathroom accessories for hotel and hair dryer","email":"info@ghiblievo.com","telephone":"+39 338 4733486","foundingDate":"2009-01-01","vatID":"IT 03607430166"}]},"og_availability":"instock","product_availability":"instock","product_condition":"new"},"_links":{"self":[{"href":"https:\/\/www.ghiblievo.com\/fr\/wp-json\/wp\/v2\/product\/2491","targetHints":{"allow":["GET"]}}],"collection":[{"href":"https:\/\/www.ghiblievo.com\/fr\/wp-json\/wp\/v2\/product"}],"about":[{"href":"https:\/\/www.ghiblievo.com\/fr\/wp-json\/wp\/v2\/types\/product"}],"replies":[{"embeddable":true,"href":"https:\/\/www.ghiblievo.com\/fr\/wp-json\/wp\/v2\/comments?post=2491"}],"version-history":[{"count":0,"href":"https:\/\/www.ghiblievo.com\/fr\/wp-json\/wp\/v2\/product\/2491\/revisions"}],"wp:featuredmedia":[{"embeddable":true,"href":"https:\/\/www.ghiblievo.com\/fr\/wp-json\/wp\/v2\/media\/7645"}],"wp:attachment":[{"href":"https:\/\/www.ghiblievo.com\/fr\/wp-json\/wp\/v2\/media?parent=2491"}],"wp:term":[{"taxonomy":"product_cat","embeddable":true,"href":"https:\/\/www.ghiblievo.com\/fr\/wp-json\/wp\/v2\/product_cat?post=2491"},{"taxonomy":"product_tag","embeddable":true,"href":"https:\/\/www.ghiblievo.com\/fr\/wp-json\/wp\/v2\/product_tag?post=2491"}],"curies":[{"name":"wp","href":"https:\/\/api.w.org\/{rel}","templated":true}]}}