{"id":272,"date":"2019-03-12T18:06:50","date_gmt":"2019-03-12T17:06:50","guid":{"rendered":"https:\/\/ghiblievo.com\/?page_id=272"},"modified":"2022-09-15T08:49:50","modified_gmt":"2022-09-15T07:49:50","slug":"caracteristiques","status":"publish","type":"page","link":"https:\/\/www.ghiblievo.com\/fr\/caracteristiques\/","title":{"rendered":"Caract\u00e9ristiques H\u00f4tel S\u00e8che-cheveux"},"content":{"rendered":"<p style=\"text-align: center;\"><strong> S\u00e8che-cheveux h\u00f4tel : GHIBLI EVO HUB le puissant s\u00e8che-cheveux<br \/>\n<\/strong><\/p>\n<p style=\"text-align: center;\"><strong>ASPECTS TECHNIQUES<br \/>\n<\/strong><\/p>\n<p><!--<strong>UTMOST SAFETY<\/strong>: The essence of the powerful hairdryer <a href=\"https:\/\/www.ghiblievo.com\/fr\/produit\/ghibli-evo-hub-mur-monte-seche-cheveux\/\" target=\"_blank\" rel=\"noopener noreferrer\">GHIBLI EVO HUB<\/a> is based on the utmost safety of its users, whether it be a public user, such as a hotel, or a private user, such as a family. Our technicians have used components of the utmost quality; above all the fire-resistant plastic which has been chosen offers the highest possible levels of resistance in line with American regulations, V-Zero\/5V classes, according to UL94 US standard, made by General Electric.\nWith the high self-extinguishing capacity of the plastic used to create the Ghibli Evo Hub, in the case of a fire caused by factors unrelated to the product, the flame goes out by itself and the plastic does not melt and drip onto the floor below. In addition, the plastic we have chosen also offers significant resistance to knocks, as it is particularly compact.\n\n<img decoding=\"async\" class=\"alignnone\" src=\"https:\/\/www.ghiblievo.com\/wp-content\/uploads\/2019\/09\/sicurezza-jpg.webp\" alt=\"Hotel Hair Dryer White with led light\">--><\/p>\n<p><strong>FONCTION<\/strong>: Le s\u00e8che-cheveux GHIBLI EVO HUB offre quatre niveaux de s\u00e9curit\u00e9 active avec un syst\u00e8me d\u2019arr\u00eat automatique. Le premier d\u2019entre eux est l\u2019interrupteur g\u00e9n\u00e9ral ON\/OFF situ\u00e9 sur le support mural, qui est \u00e9galement \u00e9clair\u00e9 par une lumi\u00e8re LED bleue (basse tension) qui sert de courtoisie \/ veille de nuit. Cet interrupteur principal ON\/OFF fournit de l\u2019\u00e9nergie \u00e0 l\u2019ensemble de l\u2019appareil, et \u00e9videmment \u00e0 l\u2019unit\u00e9 de s\u00e8che-cheveux elle-m\u00eame tenue dans le bo\u00eetier sur le support mur-mont\u00e9. Le deuxi\u00e8me niveau de s\u00e9curit\u00e9 active est garanti par la pr\u00e9sence d\u2019un autre interrupteur de pression situ\u00e9 sur la poign\u00e9e du s\u00e8che-cheveux. Appuyer ou rel\u00e2cher l\u2019interrupteur active ou interrompt l\u2019alimentation en air chaud. En outre, nos techniciens ont \u00e9galement mis un autre interrupteur de s\u00e9curit\u00e9 dans le bo\u00eetier s\u00e8che-cheveux sur le support mural, de telle sorte que si le commutateur de pression devrait en aucune fa\u00e7on un mauvais fonctionnement, ce troisi\u00e8me interrupteur interromprait l\u2019alimentation en air chaud lorsque l\u2019unit\u00e9 de s\u00e8che-cheveux est plac\u00e9 dans le bo\u00eetier sur le support mural mont\u00e9. Enfin, le s\u00e8che-cheveux est \u00e9galement \u00e9quip\u00e9 d\u2019un interrupteur de s\u00e9curit\u00e9 ON\/OFF qui arr\u00eate totalement l\u2019alimentation en air et en chaleur.<\/p>\n<p><img decoding=\"async\" class=\"alignnone\" src=\"https:\/\/www.ghiblievo.com\/wp-content\/uploads\/2019\/09\/funzioni-jpg.webp\" alt=\"s\u00e8che-cheveux puissant pour l\u2019h\u00f4tel et l\u2019usage domestique\" height=\"auto\"><\/p>\n<p><strong>FLUX D\u2019AIR ET R\u00c9GLAGE DE LA CHALEUR<\/strong>: Le HUB GHIBLI EVO est \u00e9quip\u00e9 d\u2019une triple s\u00e9lection de d\u00e9bit d\u2019air et de temp\u00e9rature via un interrupteur de glissement situ\u00e9 sur la poign\u00e9e du s\u00e8che-cheveux. Ces trois options conviennent \u00e0 tout type de s\u00e9chage, offrant d\u2019excellents r\u00e9sultats et des niveaux de bruit minimum.<\/p>\n<p><strong>SILENCE<\/strong>: Le puissant s\u00e8che-cheveux GHIBLI EVO HUB est particuli\u00e8rement attentif \u00e0 l\u2019environnement environnant. Bien qu\u2019il s\u2019agit d\u2019un niveau important de puissance produite par<br \/>\nl\u2019appareil, nos techniciens ont r\u00e9ussi \u00e0 atteindre un niveau de bruit contenu d\u2019environ 67 db. Ce r\u00e9sultat a \u00e9t\u00e9 obtenu gr\u00e2ce \u00e0 la haute performance du moteur et du ventilateur du puissant s\u00e8che-cheveux, ainsi qu\u2019\u00e0 la capacit\u00e9 positive de protection contre le son de la mati\u00e8re plastique dans la r\u00e9duction des vibrations et du bruit cr\u00e9\u00e9 par les pi\u00e8ces m\u00e9caniques mobiles.<\/p>\n<p><img decoding=\"async\" class=\"alignnone\" src=\"https:\/\/www.ghiblievo.com\/wp-content\/uploads\/2019\/09\/sfondo-performances.jpg\" alt=\"s\u00e8che-cheveux silencieux h\u00f4tel\" height=\"auto\"><\/p>\n<p><strong>PERFORMANCE<\/strong> : Le S\u00e8che-Cheveux H\u00f4tel GHIBLI EVO HUB dispose d&rsquo;une puissance de 2000 Watts, r\u00e9pondant aux exigences actuelles de rapidit\u00e9 et de r\u00e9sultats de s\u00e9chage. Cette puissance est r\u00e9partie uniform\u00e9ment au s\u00e8che-cheveux qui est l\u00e9ger et pratique \u00e0 utiliser, fournissant \u00e0 l\u2019appareil global toutes les qualit\u00e9s intrins\u00e8ques n\u00e9cessaires pour \u00eatre parfaitement adapt\u00e9 \u00e0 une utilisation \u00e0 la fois dans les structures d\u2019h\u00e9bergement tels que les h\u00f4tels et les stations de toutes sortes et niveaux, ainsi que dans des endroits priv\u00e9s, comme une maison familiale. Le moteur et le ventilateur ont \u00e9t\u00e9 con\u00e7us pour une utilisation intensive \u00e0 long terme.<\/p>\n<p><strong>OPTIONS ASTUCIEUSES :<\/strong>Le GHIBLI EVO HUB est \u00e9quip\u00e9 d\u2019une double prise USB derri\u00e8re la fen\u00eatre \u00e0 l\u2019avant du support. Ces ports USB sont donc id\u00e9aux pour les connexions USB pour les rasoirs \u00e9lectriques \u00e0 piles ainsi que les appareils mobiles tels que toutes les marques de smartphones et de tablettes. Cela offre un \u00ab extra \u00bb innovant et utile qui est tr\u00e8s couramment utilis\u00e9 de nos jours. Le puissant s\u00e8che-cheveux double prise USB est aliment\u00e9 par un transformateur de s\u00e9curit\u00e9 basse tension. Lorsque le bouton PRINCIPAL ON\/OFF du support mural est activ\u00e9, ces ports USB sont \u00e9clair\u00e9s par une lumi\u00e8re LED bleue pour indiquer qu\u2019ils sont actifs.<br \/>\n<img decoding=\"async\" class=\"alignnone\" src=\"https:\/\/www.ghiblievo.com\/wp-content\/uploads\/2019\/09\/color-jpg.webp\" alt=\"couleur H\u00f4tel S\u00e8che-cheveux design italien\" height=\"auto\"><\/p>\n<p><strong>EFFETS COULEURS<\/strong> : Le S\u00e8che-cheveux Performance GHIBLI EVO HUB est disponible dans des coloris extr\u00eamement \u00e9l\u00e9gants et tendances. Nos techniciens se sont inspir\u00e9s du secteur automobile et ont cr\u00e9\u00e9 des couleurs \u00e0 effet brillant\/m\u00e9tallique et avec divers motifs sur la surface plastique, alternant avec go\u00fbt des zones mates et brillantes. Les effets mats sont<br \/>\nproduit pour diff\u00e9rents niveaux d\u2019effet visuel et tactile. L\u2019\u00e9tude des couleurs et des effets chromatiques offre au produit une touche significative d\u2019\u00e9l\u00e9gance gr\u00e2ce \u00e0 ce niveau consid\u00e9rable d\u2019attention \u00e0 chaque d\u00e9tail esth\u00e9tique.<\/p>\n<p><img decoding=\"async\" class=\"aligncenter\" src=\"https:\/\/www.ghiblievo.com\/wp-content\/uploads\/2019\/09\/easy-mount-1-jpg.webp\" alt=\"installation facile H\u00f4tel S\u00e8che-cheveux\" height=\"auto\"><\/p>\n<p><strong>FACILE \u00c0 INSTALLER<\/strong>: Le puissant s\u00e8che-cheveux GHIBLI EVO HUB est facilement connect\u00e9 \u00e0 l\u2019alimentation \u00e9lectrique et mont\u00e9 sur le mur. L\u2019appareil peut \u00eatre positionn\u00e9 sans \u00eatre d\u00e9mont\u00e9 et<br \/>\nl\u2019emballage \u00e9l\u00e9gant contient \u00e9galement un mod\u00e8le de montage et des instructions pour l\u2019installation, l\u2019utilisation et l\u2019entretien. Le QR-Code est \u00e9galement imprim\u00e9 sur la bo\u00eete.<\/p>\n<p><img decoding=\"async\" class=\"alignnone\" src=\"https:\/\/www.ghiblievo.com\/wp-content\/uploads\/2019\/09\/made-in-italy-jpg.webp\" alt=\"s\u00e8che-cheveux puissant de conception italienne\" height=\"auto\"><\/p>\n<p><strong>MADE IN ITALY DESIGN<\/strong>: L\u2019H\u00f4tel Hair Dryer <a href=\"https:\/\/www.ghiblievo.com\/fr\/produit\/ghibli-evo-hub-mur-monte-seche-cheveux\/\">GHIBLI EVO HUB<\/a> est le r\u00e9sultat d\u2019\u00e9tudes attentives et d\u00e9taill\u00e9es sur la cr\u00e9ation du design, r\u00e9alis\u00e9es au fil des ans par la soci\u00e9t\u00e9 italienne Hospistyle. Le concept du mat\u00e9riau exprim\u00e9 sous toutes ses formes et surfaces est d\u2019origine purement italienne et est enregistr\u00e9 par divers brevets de conception dans un certain nombre de pays et de continents. La cr\u00e9ation de la conception pour le Ghibli Evo Hub a permis la cr\u00e9ation d\u2019un produit qui m\u00e9rite d\u2019\u00eatre consid\u00e9r\u00e9 non seulement comme un simple s\u00e8che-cheveux, mais plut\u00f4t un v\u00e9ritable \u00e9l\u00e9ment cl\u00e9 de l\u2019environnement de la salle de bains, que ce soit dans les structures d\u2019h\u00e9bergement ou dans des endroits priv\u00e9s. Depuis le d\u00e9but du projet, ouraim a \u00e9t\u00e9 d\u2019obtenir un produit qui offre un fort impact \u00e9motionnel ainsi qu\u2019une combinaison de performances techniques significatives et de grande envergure et l\u2019ergonomie pratique. L\u2019expression du design r\u00e9alis\u00e9e avec ce produit offre aux utilisateurs un \u00e9l\u00e9ment innovant d\u2019\u00e9l\u00e9gance obtenue \u00e0 travers les lignes douces, organiques et enti\u00e8rement naturelles qui ne sont jamais \u00e9videntes ou communes, mais plut\u00f4t inspir\u00e9es par des \u00e9l\u00e9ments de l\u2019environnement naturel, tels que l\u2019air ou l\u2019eau. En d\u2019autres termes, des lignes et des surfaces douces et sinueuses qui, par leur nature essentielle, semblent avoir jou\u00e9 un r\u00f4le actif dans la cr\u00e9ation de ce produit, comme si elles forgeaient chaque ligne, chaque contour et chaque surface avec le m\u00eame soin avec lesquels les \u00e9l\u00e9ments sont sculpt\u00e9s au cours des mill\u00e9naires de l\u2019histoire de notre plan\u00e8te. Ce qui en ressort est un \u00e9l\u00e9ment fondamental du design : l\u2019\u00e2me m\u00eame de ceux qui l\u2019ont con\u00e7ue, con\u00e7ue et produite, une expression tangible de la passion pour la beaut\u00e9 dans son essence la plus intime. Une sensation agr\u00e9able qui va au-del\u00e0 des aspects techniques d\u2019un produit comme un s\u00e8che-cheveux, qui est g\u00e9n\u00e9ralement peu susceptible d\u2019inspirer de telles \u00e9motions vives et instinctives. Le Ghibli Evo Hub vise donc \u00e0 \u00e9chapper au domaine technique commun et obsol\u00e8te et, gr\u00e2ce \u00e0 son aspect \u00e9motionnel fort, cherche \u00e0 devenir un v\u00e9ritable \u00e9l\u00e9ment de design et m\u00eame de la mode. Le Ghibli Evo Hub, avec ses formes et ses couleurs ainsi qu\u2019avec la technologie qui se trouve dans le produit lui-m\u00eame, exprime une combinaison positive et harmonieuse de technologie et de beaut\u00e9.<\/p>\n<p>Le Ghibli Evo Hub, un <a href=\"http:\/\/www.ghiblievo.eu\/\" target=\"_blank\" rel=\"noopener noreferrer\">s\u00e8che-cheveux mural<\/a> inspir\u00e9 par la beaut\u00e9 de la nature.<\/p>\n","protected":false},"excerpt":{"rendered":"<p>S\u00e8che-cheveux h\u00f4tel : GHIBLI EVO HUB le puissant s\u00e8che-cheveux ASPECTS TECHNIQUES FONCTION: Le s\u00e8che-cheveux GHIBLI EVO HUB offre quatre niveaux de s\u00e9curit\u00e9 active avec un syst\u00e8me d\u2019arr\u00eat automatique. Le premier d\u2019entre eux est l\u2019interrupteur g\u00e9n\u00e9ral ON\/OFF situ\u00e9 sur le support mural, qui est \u00e9galement \u00e9clair\u00e9 par une lumi\u00e8re LED bleue (basse tension) qui sert de &hellip; <\/p>\n<p class=\"link-more\"><a href=\"https:\/\/www.ghiblievo.com\/fr\/caracteristiques\/\" class=\"more-link\">Continuer la lecture<span class=\"screen-reader-text\"> de &laquo;&nbsp;Caract\u00e9ristiques H\u00f4tel S\u00e8che-cheveux&nbsp;&raquo;<\/span><\/a><\/p>\n","protected":false},"author":2,"featured_media":0,"parent":0,"menu_order":0,"comment_status":"closed","ping_status":"closed","template":"","meta":{"_acf_changed":false,"ngg_post_thumbnail":0,"footnotes":""},"class_list":["post-272","page","type-page","status-publish","hentry"],"acf":[],"yoast_head":"<!-- This site is optimized with the Yoast SEO Premium plugin v26.7 (Yoast SEO v26.7) - https:\/\/yoast.com\/wordpress\/plugins\/seo\/ -->\n<title>H\u00f4tel S\u00e8che-cheveux Caract\u00e9ristiques exclusives de Ghibli Evo Hub<\/title>\n<meta name=\"description\" content=\"Voir l\u2019Italian Design Hotel Hair Dryer Ghibli Evo caract\u00e9ristiques - aspects techniques, fonctionnalit\u00e9s, s\u00e8che-cheveux puissant, guide d\u2019installation, etc.\" \/>\n<meta name=\"robots\" content=\"index, follow, max-snippet:-1, max-image-preview:large, max-video-preview:-1\" \/>\n<link rel=\"canonical\" href=\"https:\/\/www.ghiblievo.com\/fr\/caracteristiques\/\" \/>\n<meta property=\"og:locale\" content=\"fr_FR\" \/>\n<meta property=\"og:type\" content=\"article\" \/>\n<meta property=\"og:title\" content=\"Caract\u00e9ristiques H\u00f4tel S\u00e8che-cheveux\" \/>\n<meta property=\"og:description\" content=\"S\u00e8che-cheveux h\u00f4tel : GHIBLI EVO HUB le puissant s\u00e8che-cheveux ASPECTS TECHNIQUES FONCTION: Le s\u00e8che-cheveux GHIBLI EVO HUB offre quatre niveaux de\" \/>\n<meta property=\"og:url\" content=\"https:\/\/www.ghiblievo.com\/fr\/caracteristiques\/\" \/>\n<meta property=\"og:site_name\" content=\"Ghibli Evo\" \/>\n<meta property=\"article:publisher\" content=\"https:\/\/www.facebook.com\/ghiblievo\" \/>\n<meta property=\"article:modified_time\" content=\"2022-09-15T07:49:50+00:00\" \/>\n<meta property=\"og:image\" content=\"https:\/\/www.ghiblievo.com\/wp-content\/uploads\/2019\/09\/sicurezza.jpg\" \/>\n<meta name=\"twitter:card\" content=\"summary_large_image\" \/>\n<meta name=\"twitter:label1\" content=\"Dur\u00e9e de lecture estim\u00e9e\" \/>\n\t<meta name=\"twitter:data1\" content=\"6 minutes\" \/>\n<script type=\"application\/ld+json\" class=\"yoast-schema-graph\">{\"@context\":\"https:\/\/schema.org\",\"@graph\":[{\"@type\":\"WebPage\",\"@id\":\"https:\/\/www.ghiblievo.com\/fr\/caracteristiques\/\",\"url\":\"https:\/\/www.ghiblievo.com\/fr\/caracteristiques\/\",\"name\":\"H\u00f4tel S\u00e8che-cheveux Caract\u00e9ristiques exclusives de Ghibli Evo Hub\",\"isPartOf\":{\"@id\":\"https:\/\/www.ghiblievo.com\/fr\/#website\"},\"primaryImageOfPage\":{\"@id\":\"https:\/\/www.ghiblievo.com\/fr\/caracteristiques\/#primaryimage\"},\"image\":{\"@id\":\"https:\/\/www.ghiblievo.com\/fr\/caracteristiques\/#primaryimage\"},\"thumbnailUrl\":\"https:\/\/www.ghiblievo.com\/wp-content\/uploads\/2019\/09\/sicurezza-jpg.webp\",\"datePublished\":\"2019-03-12T17:06:50+00:00\",\"dateModified\":\"2022-09-15T07:49:50+00:00\",\"description\":\"Voir l\u2019Italian Design Hotel Hair Dryer Ghibli Evo caract\u00e9ristiques - aspects techniques, fonctionnalit\u00e9s, s\u00e8che-cheveux puissant, guide d\u2019installation, etc.\",\"breadcrumb\":{\"@id\":\"https:\/\/www.ghiblievo.com\/fr\/caracteristiques\/#breadcrumb\"},\"inLanguage\":\"fr-FR\",\"potentialAction\":[{\"@type\":\"ReadAction\",\"target\":[\"https:\/\/www.ghiblievo.com\/fr\/caracteristiques\/\"]}]},{\"@type\":\"ImageObject\",\"inLanguage\":\"fr-FR\",\"@id\":\"https:\/\/www.ghiblievo.com\/fr\/caracteristiques\/#primaryimage\",\"url\":\"https:\/\/www.ghiblievo.com\/wp-content\/uploads\/2019\/09\/sicurezza-jpg.webp\",\"contentUrl\":\"https:\/\/www.ghiblievo.com\/wp-content\/uploads\/2019\/09\/sicurezza-jpg.webp\"},{\"@type\":\"BreadcrumbList\",\"@id\":\"https:\/\/www.ghiblievo.com\/fr\/caracteristiques\/#breadcrumb\",\"itemListElement\":[{\"@type\":\"ListItem\",\"position\":1,\"name\":\"Home\",\"item\":\"https:\/\/www.ghiblievo.com\/fr\/fournitures-pour-lhotellerie-depuis-1975\/\"},{\"@type\":\"ListItem\",\"position\":2,\"name\":\"Caract\u00e9ristiques H\u00f4tel S\u00e8che-cheveux\"}]},{\"@type\":\"WebSite\",\"@id\":\"https:\/\/www.ghiblievo.com\/fr\/#website\",\"url\":\"https:\/\/www.ghiblievo.com\/fr\/\",\"name\":\"Ghibli Evo\",\"description\":\"Hair Dryers for Hotel - Wall Mounted Hair Dryer\",\"publisher\":{\"@id\":\"https:\/\/www.ghiblievo.com\/fr\/#organization\"},\"potentialAction\":[{\"@type\":\"SearchAction\",\"target\":{\"@type\":\"EntryPoint\",\"urlTemplate\":\"https:\/\/www.ghiblievo.com\/fr\/?s={search_term_string}\"},\"query-input\":{\"@type\":\"PropertyValueSpecification\",\"valueRequired\":true,\"valueName\":\"search_term_string\"}}],\"inLanguage\":\"fr-FR\"},{\"@type\":\"Organization\",\"@id\":\"https:\/\/www.ghiblievo.com\/fr\/#organization\",\"name\":\"Ghibli Evo\",\"url\":\"https:\/\/www.ghiblievo.com\/fr\/\",\"logo\":{\"@type\":\"ImageObject\",\"inLanguage\":\"fr-FR\",\"@id\":\"https:\/\/www.ghiblievo.com\/fr\/#\/schema\/logo\/image\/\",\"url\":\"https:\/\/www.ghiblievo.com\/wp-content\/uploads\/2019\/09\/Emblema_HUB-footer.png\",\"contentUrl\":\"https:\/\/www.ghiblievo.com\/wp-content\/uploads\/2019\/09\/Emblema_HUB-footer.png\",\"width\":300,\"height\":291,\"caption\":\"Ghibli Evo\"},\"image\":{\"@id\":\"https:\/\/www.ghiblievo.com\/fr\/#\/schema\/logo\/image\/\"},\"sameAs\":[\"https:\/\/www.facebook.com\/ghiblievo\",\"https:\/\/www.instagram.com\/ghiblievo\/\"],\"description\":\"Ghiblievo is specialized in hotel supplies, bathroom accessories for hotel and hair dryer\",\"email\":\"info@ghiblievo.com\",\"telephone\":\"+39 338 4733486\",\"foundingDate\":\"2009-01-01\",\"vatID\":\"IT 03607430166\"}]}<\/script>\n<!-- \/ Yoast SEO Premium plugin. -->","yoast_head_json":{"title":"H\u00f4tel S\u00e8che-cheveux Caract\u00e9ristiques exclusives de Ghibli Evo Hub","description":"Voir l\u2019Italian Design Hotel Hair Dryer Ghibli Evo caract\u00e9ristiques - aspects techniques, fonctionnalit\u00e9s, s\u00e8che-cheveux puissant, guide d\u2019installation, etc.","robots":{"index":"index","follow":"follow","max-snippet":"max-snippet:-1","max-image-preview":"max-image-preview:large","max-video-preview":"max-video-preview:-1"},"canonical":"https:\/\/www.ghiblievo.com\/fr\/caracteristiques\/","og_locale":"fr_FR","og_type":"article","og_title":"Caract\u00e9ristiques H\u00f4tel S\u00e8che-cheveux","og_description":"S\u00e8che-cheveux h\u00f4tel : GHIBLI EVO HUB le puissant s\u00e8che-cheveux ASPECTS TECHNIQUES FONCTION: Le s\u00e8che-cheveux GHIBLI EVO HUB offre quatre niveaux de","og_url":"https:\/\/www.ghiblievo.com\/fr\/caracteristiques\/","og_site_name":"Ghibli Evo","article_publisher":"https:\/\/www.facebook.com\/ghiblievo","article_modified_time":"2022-09-15T07:49:50+00:00","og_image":[{"url":"https:\/\/www.ghiblievo.com\/wp-content\/uploads\/2019\/09\/sicurezza.jpg","type":"","width":"","height":""}],"twitter_card":"summary_large_image","twitter_misc":{"Dur\u00e9e de lecture estim\u00e9e":"6 minutes"},"schema":{"@context":"https:\/\/schema.org","@graph":[{"@type":"WebPage","@id":"https:\/\/www.ghiblievo.com\/fr\/caracteristiques\/","url":"https:\/\/www.ghiblievo.com\/fr\/caracteristiques\/","name":"H\u00f4tel S\u00e8che-cheveux Caract\u00e9ristiques exclusives de Ghibli Evo Hub","isPartOf":{"@id":"https:\/\/www.ghiblievo.com\/fr\/#website"},"primaryImageOfPage":{"@id":"https:\/\/www.ghiblievo.com\/fr\/caracteristiques\/#primaryimage"},"image":{"@id":"https:\/\/www.ghiblievo.com\/fr\/caracteristiques\/#primaryimage"},"thumbnailUrl":"https:\/\/www.ghiblievo.com\/wp-content\/uploads\/2019\/09\/sicurezza-jpg.webp","datePublished":"2019-03-12T17:06:50+00:00","dateModified":"2022-09-15T07:49:50+00:00","description":"Voir l\u2019Italian Design Hotel Hair Dryer Ghibli Evo caract\u00e9ristiques - aspects techniques, fonctionnalit\u00e9s, s\u00e8che-cheveux puissant, guide d\u2019installation, etc.","breadcrumb":{"@id":"https:\/\/www.ghiblievo.com\/fr\/caracteristiques\/#breadcrumb"},"inLanguage":"fr-FR","potentialAction":[{"@type":"ReadAction","target":["https:\/\/www.ghiblievo.com\/fr\/caracteristiques\/"]}]},{"@type":"ImageObject","inLanguage":"fr-FR","@id":"https:\/\/www.ghiblievo.com\/fr\/caracteristiques\/#primaryimage","url":"https:\/\/www.ghiblievo.com\/wp-content\/uploads\/2019\/09\/sicurezza-jpg.webp","contentUrl":"https:\/\/www.ghiblievo.com\/wp-content\/uploads\/2019\/09\/sicurezza-jpg.webp"},{"@type":"BreadcrumbList","@id":"https:\/\/www.ghiblievo.com\/fr\/caracteristiques\/#breadcrumb","itemListElement":[{"@type":"ListItem","position":1,"name":"Home","item":"https:\/\/www.ghiblievo.com\/fr\/fournitures-pour-lhotellerie-depuis-1975\/"},{"@type":"ListItem","position":2,"name":"Caract\u00e9ristiques H\u00f4tel S\u00e8che-cheveux"}]},{"@type":"WebSite","@id":"https:\/\/www.ghiblievo.com\/fr\/#website","url":"https:\/\/www.ghiblievo.com\/fr\/","name":"Ghibli Evo","description":"Hair Dryers for Hotel - Wall Mounted Hair Dryer","publisher":{"@id":"https:\/\/www.ghiblievo.com\/fr\/#organization"},"potentialAction":[{"@type":"SearchAction","target":{"@type":"EntryPoint","urlTemplate":"https:\/\/www.ghiblievo.com\/fr\/?s={search_term_string}"},"query-input":{"@type":"PropertyValueSpecification","valueRequired":true,"valueName":"search_term_string"}}],"inLanguage":"fr-FR"},{"@type":"Organization","@id":"https:\/\/www.ghiblievo.com\/fr\/#organization","name":"Ghibli Evo","url":"https:\/\/www.ghiblievo.com\/fr\/","logo":{"@type":"ImageObject","inLanguage":"fr-FR","@id":"https:\/\/www.ghiblievo.com\/fr\/#\/schema\/logo\/image\/","url":"https:\/\/www.ghiblievo.com\/wp-content\/uploads\/2019\/09\/Emblema_HUB-footer.png","contentUrl":"https:\/\/www.ghiblievo.com\/wp-content\/uploads\/2019\/09\/Emblema_HUB-footer.png","width":300,"height":291,"caption":"Ghibli Evo"},"image":{"@id":"https:\/\/www.ghiblievo.com\/fr\/#\/schema\/logo\/image\/"},"sameAs":["https:\/\/www.facebook.com\/ghiblievo","https:\/\/www.instagram.com\/ghiblievo\/"],"description":"Ghiblievo is specialized in hotel supplies, bathroom accessories for hotel and hair dryer","email":"info@ghiblievo.com","telephone":"+39 338 4733486","foundingDate":"2009-01-01","vatID":"IT 03607430166"}]}},"_links":{"self":[{"href":"https:\/\/www.ghiblievo.com\/fr\/wp-json\/wp\/v2\/pages\/272","targetHints":{"allow":["GET"]}}],"collection":[{"href":"https:\/\/www.ghiblievo.com\/fr\/wp-json\/wp\/v2\/pages"}],"about":[{"href":"https:\/\/www.ghiblievo.com\/fr\/wp-json\/wp\/v2\/types\/page"}],"author":[{"embeddable":true,"href":"https:\/\/www.ghiblievo.com\/fr\/wp-json\/wp\/v2\/users\/2"}],"replies":[{"embeddable":true,"href":"https:\/\/www.ghiblievo.com\/fr\/wp-json\/wp\/v2\/comments?post=272"}],"version-history":[{"count":0,"href":"https:\/\/www.ghiblievo.com\/fr\/wp-json\/wp\/v2\/pages\/272\/revisions"}],"wp:attachment":[{"href":"https:\/\/www.ghiblievo.com\/fr\/wp-json\/wp\/v2\/media?parent=272"}],"curies":[{"name":"wp","href":"https:\/\/api.w.org\/{rel}","templated":true}]}}