{"id":2112,"date":"2019-09-24T12:01:22","date_gmt":"2020-07-29T13:37:03","guid":{"rendered":"https:\/\/www.ghiblievo.com\/product\/ghibli-evo-hub-wand-montiert-haartrockner\/"},"modified":"2026-02-12T17:33:41","modified_gmt":"2026-02-12T16:33:41","slug":"ghibli-evo-hub-wandmontierter-haartrockner","status":"publish","type":"product","link":"https:\/\/www.ghiblievo.com\/de\/product\/ghibli-evo-hub-wandmontierter-haartrockner\/","title":{"rendered":"Ghibli Evo Hub Wand montiert Haartrockner"},"content":{"rendered":"<h2>Wand montiert Haartrockner Technische Eigenschaften<\/h2>\n<h3>Wand montiert Haartrockner Details:&nbsp;<\/h3>\n<ul>\n<li>220\/240 Volt Netzteil 2000 Watt Ausgangsleistung<\/li>\n<li>Drei Luftstrom- und Temperaturauswahlen<\/li>\n<li>Max. Drehzahl Luftstrom : 8.36 m3\/s<\/li>\n<li>Max. Luftstrom : 108 m3\/h<\/li>\n<li>Ger\u00e4usch : ca. 67 db<\/li>\n<li>Doppelte Isolierung von wandmontiertem Haartrockner<\/li>\n<li>Schutzgrad : IP20<\/li>\n<li>Kombination von gl\u00e4nzenden und matten Oberfl\u00e4chen an der wandmontierten St\u00fctze.<\/li>\n<li>Chromveredelung am Haartrockner und um den Hauptschalter ON\/OFF an der Wandhalterung.<\/li>\n<li>Transparenter Diffusor\/D\u00fcse.<\/li>\n<li>Haupt-EIN \/AUS-Schalter an der Wand-Halterung mit Low-Power-blau LED H\u00f6flichkeitslicht.<\/li>\n<li>Drucktaste\/Freigabe an der Wandmontierten Einheit.<\/li>\n<li>Zus\u00e4tzlicher Sicherheitsschalter im Geh\u00e4use an der Wandeinheit.<\/li>\n<li>Zwei USB-Buchse LED leuchtet hinter dem Fenster auf der Vorderseite der St\u00fctze (mit Niederspannungstransformator).<\/li>\n<li>Universelle europ\u00e4ische und amerikanische Rasierersteckdose, die von einem Sicherheitstransformator gespeist wird.<\/li>\n<li>Double possibility for electrical connection (directly from the wall or with a standard electrical cable)<\/li>\n<li>Elektrisches Kabel im Lieferumfang von European Schuko Stecker.<\/li>\n<li>Einfache Wandbefestigung (ohne Demontage) f\u00fcr den an der Wand befestigten F\u00f6n<\/li>\n<li><a href=\"https:\/\/www.ghiblievo.com\/de\/produkt\/ghibli-evo-hub-wandmontierter-haartrockner\/#tab-instruction-manual\">Anleitung in Italienisch und Englisch<\/a> mit Montageschablone und Rohsteckern in der Verpackung enthalten<\/li>\n<li><a href=\"https:\/\/en.wikipedia.org\/wiki\/CE_marking\" target=\"_blank\" rel=\"noopener noreferrer\">CE-Zertifizierung<\/a><\/li>\n<li>Italienisches Design \u2013 Eingetragenes Design<\/li>\n<li>Merkmale&nbsp; Beschreibung <a href=\"https:\/\/www.ghiblievo.com\/it\/asciugacapelli-per-hotel\/\">hier<\/a><\/li>\n<\/ul>\n","protected":false},"excerpt":{"rendered":"<h2>WANDMONTIERTER HAARTROCKNER GHIBLI EVO HUB<\/h2>\n<p>Ghibli Evo Hub: ein eleganter, ergonomischer und <strong>moderner, an der Wand montierter Haartrockner.<\/strong> Entwickelt in Italien f\u00fcr ein Produkt f\u00fcr Familien und Hotels: sanfte und organische Linien f\u00fcr ein Bild mit einer sehr emotionalen Wirkung.<br \/>\nEin elit\u00e4res Design, ideal zum Einf\u00fcgen in Umgebungen mit einem starken \u00e4sthetischen Charakter, erh\u00e4ltlich in leuchtenden und metallischen Farben.<\/p>\n<p>Ghibli Evo Hub: Technologie und Harmonie<\/p>\n<div class=\"video-youtube\" style=\"margin: 0 auto; text-align: center;\"><iframe title=\"YouTube video player\" src=\"https:\/\/www.youtube.com\/embed\/tTvnnAnr1Vk?si=ZZEVf0nbLpsX1eGB\" frameborder=\"0\" allowfullscreen=\"allowfullscreen\"><\/iframe><\/div>\n<p><\/p>\n<div class=\"video-youtube\" style=\"margin: 0 auto; text-align: center;\"><iframe title=\"YouTube video player\" src=\"https:\/\/www.youtube.com\/embed\/Q9WhlfoVfis?rel=0\" frameborder=\"0\" allowfullscreen=\"allowfullscreen\"><\/iframe><\/div>\n<p><strong style=\"color: red;\">Sonderpreise f\u00fcr Hoteleinrichtungen, Kreuzfahrtschiffe und Gro\u00dfh\u00e4ndler: Kontaktieren Sie das Unternehmen. <\/strong><\/p>\n<div style=\"display: inline;\"><img decoding=\"async\" class=\"wp-image-4772 aligncenter\" src=\"https:\/\/www.ghiblievo.com\/wp-content\/uploads\/2019\/09\/bianco-var-4.jpg\" alt=\"\" width=\"150\" height=\"146\"><\/div>\n<div style=\"display: inline;\"><img decoding=\"async\" class=\"wp-image-808 aligncenter\" src=\"https:\/\/www.ghiblievo.com\/wp-content\/uploads\/2019\/09\/grigio-var-4.jpg\" alt=\"Asciugacapelli da Parete Design Elegante Phon pro Hotel\" width=\"150\" height=\"146\"><\/div>\n<div style=\"clear: both;\">&nbsp;<\/div>\n<p>&nbsp;<\/p>\n","protected":false},"featured_media":7646,"comment_status":"open","ping_status":"closed","template":"","meta":{"_acf_changed":false,"ngg_post_thumbnail":0,"footnotes":""},"product_cat":[696,1182],"product_tag":[],"class_list":{"0":"post-2112","1":"product","2":"type-product","3":"status-publish","4":"has-post-thumbnail","6":"product_cat-haartrockner","7":"product_cat-wall-mounted-hairdryer-de","9":"first","10":"instock","11":"featured","12":"shipping-taxable","13":"purchasable","14":"product-type-variable"},"acf":[],"yoast_head":"<!-- This site is optimized with the Yoast SEO Premium plugin v26.7 (Yoast SEO v26.7) - https:\/\/yoast.com\/wordpress\/plugins\/seo\/ -->\n<title>Wandmontierter Haartrockner Elegant f\u00fcr Hotel und Zuhause<\/title>\n<meta name=\"description\" content=\"Wandmontierter Haartrockner Ghibli Evo Hub ein internationaler Standard-Salon, auch im Badezimmer n\u00fctzlich. Es wurde speziell f\u00fcr die Hotellerie entwickelt.\" \/>\n<meta name=\"robots\" content=\"index, follow, max-snippet:-1, max-image-preview:large, max-video-preview:-1\" \/>\n<link rel=\"canonical\" href=\"https:\/\/www.ghiblievo.com\/de\/product\/ghibli-evo-hub-wandmontierter-haartrockner\/\" \/>\n<meta property=\"og:locale\" content=\"de_DE\" \/>\n<meta property=\"og:type\" content=\"article\" \/>\n<meta property=\"og:title\" content=\"Ghibli Evo Hub Wand montiert Haartrockner\" \/>\n<meta property=\"og:description\" content=\"WANDMONTIERTER HAARTROCKNER GHIBLI EVO HUB Ghibli Evo Hub: ein eleganter, ergonomischer und moderner, an der Wand montierter Haartrockner. Entwickelt in Italien f\u00fcr ein Produkt f\u00fcr Familien und Hotels: sanfte und organische Linien f\u00fcr ein Bild mit einer sehr emotionalen Wirkung. Ein elit\u00e4res Design, ideal zum Einf\u00fcgen in Umgebungen mit einem starken \u00e4sthetischen Charakter, erh\u00e4ltlich in leuchtenden und metallischen Farben.  Ghibli Evo Hub: Technologie und Harmonie    Sonderpreise f\u00fcr Hoteleinrichtungen, Kreuzfahrtschiffe und Gro\u00dfh\u00e4ndler: Kontaktieren Sie das Unternehmen.    &nbsp; &nbsp;\" \/>\n<meta property=\"og:url\" content=\"https:\/\/www.ghiblievo.com\/de\/product\/ghibli-evo-hub-wandmontierter-haartrockner\/\" \/>\n<meta property=\"og:site_name\" content=\"Ghibli Evo\" \/>\n<meta property=\"article:publisher\" content=\"https:\/\/www.facebook.com\/ghiblievo\" \/>\n<meta property=\"article:modified_time\" content=\"2026-02-12T16:33:41+00:00\" \/>\n<meta property=\"og:image\" content=\"https:\/\/www.ghiblievo.com\/wp-content\/uploads\/2019\/09\/Wall-Mounted-Hair-dryer-1-jpg.webp\" \/>\n\t<meta property=\"og:image:width\" content=\"1500\" \/>\n\t<meta property=\"og:image:height\" content=\"1500\" \/>\n\t<meta property=\"og:image:type\" content=\"image\/jpeg\" \/>\n<meta name=\"twitter:card\" content=\"summary_large_image\" \/>\n<meta name=\"twitter:label1\" content=\"Verf\u00fcgbarkeit\" \/>\n\t<meta name=\"twitter:data1\" content=\"Auf Lager\" \/>\n<script type=\"application\/ld+json\" class=\"yoast-schema-graph\">{\"@context\":\"https:\/\/schema.org\",\"@graph\":[{\"@type\":\"WebPage\",\"@id\":\"https:\/\/www.ghiblievo.com\/de\/product\/ghibli-evo-hub-wandmontierter-haartrockner\/\",\"url\":\"https:\/\/www.ghiblievo.com\/de\/product\/ghibli-evo-hub-wandmontierter-haartrockner\/\",\"name\":\"Wandmontierter Haartrockner Elegant f\u00fcr Hotel und Zuhause\",\"isPartOf\":{\"@id\":\"https:\/\/www.ghiblievo.com\/de\/#website\"},\"primaryImageOfPage\":{\"@id\":\"https:\/\/www.ghiblievo.com\/de\/product\/ghibli-evo-hub-wandmontierter-haartrockner\/#primaryimage\"},\"image\":{\"@id\":\"https:\/\/www.ghiblievo.com\/de\/product\/ghibli-evo-hub-wandmontierter-haartrockner\/#primaryimage\"},\"thumbnailUrl\":\"https:\/\/www.ghiblievo.com\/wp-content\/uploads\/2019\/09\/Wall-Mounted-Hair-dryer-1-jpg.webp\",\"datePublished\":\"2020-07-29T13:37:03+00:00\",\"dateModified\":\"2026-02-12T16:33:41+00:00\",\"description\":\"Wandmontierter Haartrockner Ghibli Evo Hub ein internationaler Standard-Salon, auch im Badezimmer n\u00fctzlich. Es wurde speziell f\u00fcr die Hotellerie entwickelt.\",\"breadcrumb\":{\"@id\":\"https:\/\/www.ghiblievo.com\/de\/product\/ghibli-evo-hub-wandmontierter-haartrockner\/#breadcrumb\"},\"inLanguage\":\"de\",\"potentialAction\":[{\"@type\":\"ReadAction\",\"target\":[\"https:\/\/www.ghiblievo.com\/de\/product\/ghibli-evo-hub-wandmontierter-haartrockner\/\"]}]},{\"@type\":\"ImageObject\",\"inLanguage\":\"de\",\"@id\":\"https:\/\/www.ghiblievo.com\/de\/product\/ghibli-evo-hub-wandmontierter-haartrockner\/#primaryimage\",\"url\":\"https:\/\/www.ghiblievo.com\/wp-content\/uploads\/2019\/09\/Wall-Mounted-Hair-dryer-1-jpg.webp\",\"contentUrl\":\"https:\/\/www.ghiblievo.com\/wp-content\/uploads\/2019\/09\/Wall-Mounted-Hair-dryer-1-jpg.webp\",\"width\":1500,\"height\":1500,\"caption\":\"Wandmontierter Haartrockner\"},{\"@type\":\"BreadcrumbList\",\"@id\":\"https:\/\/www.ghiblievo.com\/de\/product\/ghibli-evo-hub-wandmontierter-haartrockner\/#breadcrumb\",\"itemListElement\":[{\"@type\":\"ListItem\",\"position\":1,\"name\":\"Home\",\"item\":\"https:\/\/www.ghiblievo.com\/de\/spezialist-fuer-hotelbedarf-seit-1975\/\"},{\"@type\":\"ListItem\",\"position\":2,\"name\":\"Laden\",\"item\":\"https:\/\/www.ghiblievo.com\/de\/shop-gr\/\"},{\"@type\":\"ListItem\",\"position\":3,\"name\":\"haartrockner\",\"item\":\"https:\/\/www.ghiblievo.com\/de\/produkt-kategorie\/haartrockner\/\"},{\"@type\":\"ListItem\",\"position\":4,\"name\":\"Ghibli Evo Hub Wand montiert Haartrockner\"}]},{\"@type\":\"WebSite\",\"@id\":\"https:\/\/www.ghiblievo.com\/de\/#website\",\"url\":\"https:\/\/www.ghiblievo.com\/de\/\",\"name\":\"Ghibli Evo\",\"description\":\"Hair Dryers for Hotel - Wall Mounted Hair Dryer\",\"publisher\":{\"@id\":\"https:\/\/www.ghiblievo.com\/de\/#organization\"},\"potentialAction\":[{\"@type\":\"SearchAction\",\"target\":{\"@type\":\"EntryPoint\",\"urlTemplate\":\"https:\/\/www.ghiblievo.com\/de\/?s={search_term_string}\"},\"query-input\":{\"@type\":\"PropertyValueSpecification\",\"valueRequired\":true,\"valueName\":\"search_term_string\"}}],\"inLanguage\":\"de\"},{\"@type\":\"Organization\",\"@id\":\"https:\/\/www.ghiblievo.com\/de\/#organization\",\"name\":\"Ghibli Evo\",\"url\":\"https:\/\/www.ghiblievo.com\/de\/\",\"logo\":{\"@type\":\"ImageObject\",\"inLanguage\":\"de\",\"@id\":\"https:\/\/www.ghiblievo.com\/de\/#\/schema\/logo\/image\/\",\"url\":\"https:\/\/www.ghiblievo.com\/wp-content\/uploads\/2019\/09\/Emblema_HUB-footer.png\",\"contentUrl\":\"https:\/\/www.ghiblievo.com\/wp-content\/uploads\/2019\/09\/Emblema_HUB-footer.png\",\"width\":300,\"height\":291,\"caption\":\"Ghibli Evo\"},\"image\":{\"@id\":\"https:\/\/www.ghiblievo.com\/de\/#\/schema\/logo\/image\/\"},\"sameAs\":[\"https:\/\/www.facebook.com\/ghiblievo\",\"https:\/\/www.instagram.com\/ghiblievo\/\"],\"description\":\"Ghiblievo is specialized in hotel supplies, bathroom accessories for hotel and hair dryer\",\"email\":\"info@ghiblievo.com\",\"telephone\":\"+39 338 4733486\",\"foundingDate\":\"2009-01-01\",\"vatID\":\"IT 03607430166\"}]}<\/script>\n<meta property=\"og:availability\" content=\"instock\" \/>\n<meta property=\"product:availability\" content=\"instock\" \/>\n<meta property=\"product:condition\" content=\"new\" \/>\n<!-- \/ Yoast SEO Premium plugin. -->","yoast_head_json":{"title":"Wandmontierter Haartrockner Elegant f\u00fcr Hotel und Zuhause","description":"Wandmontierter Haartrockner Ghibli Evo Hub ein internationaler Standard-Salon, auch im Badezimmer n\u00fctzlich. Es wurde speziell f\u00fcr die Hotellerie entwickelt.","robots":{"index":"index","follow":"follow","max-snippet":"max-snippet:-1","max-image-preview":"max-image-preview:large","max-video-preview":"max-video-preview:-1"},"canonical":"https:\/\/www.ghiblievo.com\/de\/product\/ghibli-evo-hub-wandmontierter-haartrockner\/","og_locale":"de_DE","og_type":"article","og_title":"Ghibli Evo Hub Wand montiert Haartrockner","og_description":"WANDMONTIERTER HAARTROCKNER GHIBLI EVO HUB Ghibli Evo Hub: ein eleganter, ergonomischer und moderner, an der Wand montierter Haartrockner. Entwickelt in Italien f\u00fcr ein Produkt f\u00fcr Familien und Hotels: sanfte und organische Linien f\u00fcr ein Bild mit einer sehr emotionalen Wirkung. Ein elit\u00e4res Design, ideal zum Einf\u00fcgen in Umgebungen mit einem starken \u00e4sthetischen Charakter, erh\u00e4ltlich in leuchtenden und metallischen Farben.  Ghibli Evo Hub: Technologie und Harmonie    Sonderpreise f\u00fcr Hoteleinrichtungen, Kreuzfahrtschiffe und Gro\u00dfh\u00e4ndler: Kontaktieren Sie das Unternehmen.    &nbsp; &nbsp;","og_url":"https:\/\/www.ghiblievo.com\/de\/product\/ghibli-evo-hub-wandmontierter-haartrockner\/","og_site_name":"Ghibli Evo","article_publisher":"https:\/\/www.facebook.com\/ghiblievo","article_modified_time":"2026-02-12T16:33:41+00:00","og_image":[{"width":1500,"height":1500,"url":"https:\/\/www.ghiblievo.com\/wp-content\/uploads\/2019\/09\/Wall-Mounted-Hair-dryer-1-jpg.webp","type":"image\/jpeg"}],"twitter_card":"summary_large_image","twitter_misc":{"Verf\u00fcgbarkeit":"Auf Lager"},"schema":{"@context":"https:\/\/schema.org","@graph":[{"@type":"WebPage","@id":"https:\/\/www.ghiblievo.com\/de\/product\/ghibli-evo-hub-wandmontierter-haartrockner\/","url":"https:\/\/www.ghiblievo.com\/de\/product\/ghibli-evo-hub-wandmontierter-haartrockner\/","name":"Wandmontierter Haartrockner Elegant f\u00fcr Hotel und Zuhause","isPartOf":{"@id":"https:\/\/www.ghiblievo.com\/de\/#website"},"primaryImageOfPage":{"@id":"https:\/\/www.ghiblievo.com\/de\/product\/ghibli-evo-hub-wandmontierter-haartrockner\/#primaryimage"},"image":{"@id":"https:\/\/www.ghiblievo.com\/de\/product\/ghibli-evo-hub-wandmontierter-haartrockner\/#primaryimage"},"thumbnailUrl":"https:\/\/www.ghiblievo.com\/wp-content\/uploads\/2019\/09\/Wall-Mounted-Hair-dryer-1-jpg.webp","datePublished":"2020-07-29T13:37:03+00:00","dateModified":"2026-02-12T16:33:41+00:00","description":"Wandmontierter Haartrockner Ghibli Evo Hub ein internationaler Standard-Salon, auch im Badezimmer n\u00fctzlich. Es wurde speziell f\u00fcr die Hotellerie entwickelt.","breadcrumb":{"@id":"https:\/\/www.ghiblievo.com\/de\/product\/ghibli-evo-hub-wandmontierter-haartrockner\/#breadcrumb"},"inLanguage":"de","potentialAction":[{"@type":"ReadAction","target":["https:\/\/www.ghiblievo.com\/de\/product\/ghibli-evo-hub-wandmontierter-haartrockner\/"]}]},{"@type":"ImageObject","inLanguage":"de","@id":"https:\/\/www.ghiblievo.com\/de\/product\/ghibli-evo-hub-wandmontierter-haartrockner\/#primaryimage","url":"https:\/\/www.ghiblievo.com\/wp-content\/uploads\/2019\/09\/Wall-Mounted-Hair-dryer-1-jpg.webp","contentUrl":"https:\/\/www.ghiblievo.com\/wp-content\/uploads\/2019\/09\/Wall-Mounted-Hair-dryer-1-jpg.webp","width":1500,"height":1500,"caption":"Wandmontierter Haartrockner"},{"@type":"BreadcrumbList","@id":"https:\/\/www.ghiblievo.com\/de\/product\/ghibli-evo-hub-wandmontierter-haartrockner\/#breadcrumb","itemListElement":[{"@type":"ListItem","position":1,"name":"Home","item":"https:\/\/www.ghiblievo.com\/de\/spezialist-fuer-hotelbedarf-seit-1975\/"},{"@type":"ListItem","position":2,"name":"Laden","item":"https:\/\/www.ghiblievo.com\/de\/shop-gr\/"},{"@type":"ListItem","position":3,"name":"haartrockner","item":"https:\/\/www.ghiblievo.com\/de\/produkt-kategorie\/haartrockner\/"},{"@type":"ListItem","position":4,"name":"Ghibli Evo Hub Wand montiert Haartrockner"}]},{"@type":"WebSite","@id":"https:\/\/www.ghiblievo.com\/de\/#website","url":"https:\/\/www.ghiblievo.com\/de\/","name":"Ghibli Evo","description":"Hair Dryers for Hotel - Wall Mounted Hair Dryer","publisher":{"@id":"https:\/\/www.ghiblievo.com\/de\/#organization"},"potentialAction":[{"@type":"SearchAction","target":{"@type":"EntryPoint","urlTemplate":"https:\/\/www.ghiblievo.com\/de\/?s={search_term_string}"},"query-input":{"@type":"PropertyValueSpecification","valueRequired":true,"valueName":"search_term_string"}}],"inLanguage":"de"},{"@type":"Organization","@id":"https:\/\/www.ghiblievo.com\/de\/#organization","name":"Ghibli Evo","url":"https:\/\/www.ghiblievo.com\/de\/","logo":{"@type":"ImageObject","inLanguage":"de","@id":"https:\/\/www.ghiblievo.com\/de\/#\/schema\/logo\/image\/","url":"https:\/\/www.ghiblievo.com\/wp-content\/uploads\/2019\/09\/Emblema_HUB-footer.png","contentUrl":"https:\/\/www.ghiblievo.com\/wp-content\/uploads\/2019\/09\/Emblema_HUB-footer.png","width":300,"height":291,"caption":"Ghibli Evo"},"image":{"@id":"https:\/\/www.ghiblievo.com\/de\/#\/schema\/logo\/image\/"},"sameAs":["https:\/\/www.facebook.com\/ghiblievo","https:\/\/www.instagram.com\/ghiblievo\/"],"description":"Ghiblievo is specialized in hotel supplies, bathroom accessories for hotel and hair dryer","email":"info@ghiblievo.com","telephone":"+39 338 4733486","foundingDate":"2009-01-01","vatID":"IT 03607430166"}]},"og_availability":"instock","product_availability":"instock","product_condition":"new"},"_links":{"self":[{"href":"https:\/\/www.ghiblievo.com\/de\/wp-json\/wp\/v2\/product\/2112","targetHints":{"allow":["GET"]}}],"collection":[{"href":"https:\/\/www.ghiblievo.com\/de\/wp-json\/wp\/v2\/product"}],"about":[{"href":"https:\/\/www.ghiblievo.com\/de\/wp-json\/wp\/v2\/types\/product"}],"replies":[{"embeddable":true,"href":"https:\/\/www.ghiblievo.com\/de\/wp-json\/wp\/v2\/comments?post=2112"}],"version-history":[{"count":0,"href":"https:\/\/www.ghiblievo.com\/de\/wp-json\/wp\/v2\/product\/2112\/revisions"}],"wp:featuredmedia":[{"embeddable":true,"href":"https:\/\/www.ghiblievo.com\/de\/wp-json\/wp\/v2\/media\/7646"}],"wp:attachment":[{"href":"https:\/\/www.ghiblievo.com\/de\/wp-json\/wp\/v2\/media?parent=2112"}],"wp:term":[{"taxonomy":"product_cat","embeddable":true,"href":"https:\/\/www.ghiblievo.com\/de\/wp-json\/wp\/v2\/product_cat?post=2112"},{"taxonomy":"product_tag","embeddable":true,"href":"https:\/\/www.ghiblievo.com\/de\/wp-json\/wp\/v2\/product_tag?post=2112"}],"curies":[{"name":"wp","href":"https:\/\/api.w.org\/{rel}","templated":true}]}}