{"id":274,"date":"2019-03-12T18:07:02","date_gmt":"2019-03-12T17:07:02","guid":{"rendered":"https:\/\/ghiblievo.com\/?page_id=274"},"modified":"2022-09-15T08:50:37","modified_gmt":"2022-09-15T07:50:37","slug":"eigenschaften-hotel-haartrockner","status":"publish","type":"page","link":"https:\/\/www.ghiblievo.com\/de\/eigenschaften-hotel-haartrockner\/","title":{"rendered":"Eigenschaften Hotel Haartrockner"},"content":{"rendered":"<p style=\"text-align: center;\"><strong> Hotel Haartrockner : GHIBLI EVO HUB der leistungsstarke Haartrockner<br \/>\n<\/strong><\/p>\n<p style=\"text-align: center;\"><strong>TECHNISCHE ASPEKTE<br \/>\n<\/strong><\/p>\n<p><!--<strong>UTMOST SAFETY<\/strong>: The essence of the powerful hairdryer <a href=\"https:\/\/www.ghiblievo.com\/de\/produkt\/ghibli-evo-hub-wandmontierter-haartrockner\/\" target=\"_blank\" rel=\"noopener noreferrer\">GHIBLI EVO HUB<\/a> is based on the utmost safety of its users, whether it be a public user, such as a hotel, or a private user, such as a family. Our technicians have used components of the utmost quality; above all the fire-resistant plastic which has been chosen offers the highest possible levels of resistance in line with American regulations, V-Zero\/5V classes, according to UL94 US standard, made by General Electric.\nWith the high self-extinguishing capacity of the plastic used to create the Ghibli Evo Hub, in the case of a fire caused by factors unrelated to the product, the flame goes out by itself and the plastic does not melt and drip onto the floor below. In addition, the plastic we have chosen also offers significant resistance to knocks, as it is particularly compact.\n\n<img decoding=\"async\" class=\"alignnone\" src=\"https:\/\/www.ghiblievo.com\/wp-content\/uploads\/2019\/09\/sicurezza-jpg.webp\" alt=\"Hotel Hair Dryer White with led light\">--><\/p>\n<p><strong>FUNKTION<\/strong>: Der Hotel-Haartrockner GHIBLI EVO HUB bietet vier Stufen aktiver Sicherheit mit einem automatischen Abschaltsystem. Der erste davon ist der allgemeine ON\/OFF-Schalter an der Wandst\u00fctze, der auch mit einem blauen LED-Licht (Niederspannung) beleuchtet wird, das als H\u00f6flichkeits-\/Nachtlicht dient. Dieser Ein-\/Ausschalter versorgt das gesamte Ger\u00e4t und nat\u00fcrlich die Haartrocknereinheit selbst, die im Geh\u00e4use an der wandmontierten St\u00fctze gehalten wird. Die zweite Stufe der aktiven Sicherheit wird durch das Vorhandensein eines weiteren Druckschalters am Haartrockner gew\u00e4hrleistet. Durch Dr\u00fccken oder L\u00f6sen des Schalters wird die Hei\u00dfluftzufuhr aktiviert oder unterbrochen. Dar\u00fcber hinaus haben unsere Techniker einen weiteren Sicherheitsschalter im Haartrocknergeh\u00e4use an der Wandst\u00fctze so eingestellt, dass dieser dritte Schalter bei einer St\u00f6rung des Druckschalters die Hei\u00dfluftzufuhr unterbrechen w\u00fcrde, wenn das Haartrocknerger\u00e4t im Geh\u00e4use an der Wandst\u00fctze platziert wird. Schlie\u00dflich ist der Haartrockner auch mit einem ON\/OFF-Sicherheitsschalter ausgestattet, der die Luft- und W\u00e4rmeversorgung vollst\u00e4ndig abschaltet.<\/p>\n<p><img decoding=\"async\" class=\"alignnone\" src=\"https:\/\/www.ghiblievo.com\/wp-content\/uploads\/2019\/09\/funzioni-jpg.webp\" alt=\"leistungsstarker Haartrockner f\u00fcr Den Hotel- und Hausgebrauch\" height=\"auto\"><\/p>\n<p><strong>AIR FLOW AND HEAT ADJUSTMENT<\/strong>: Der GHIBLI EVO HUB ist mit einer dreifachen Auswahl an Luftstrom und Temperatur \u00fcber einen Schiebeschalter am Haartrockner ausgestattet. Diese drei Optionen eignen sich f\u00fcr jede Art der Trocknung und bieten hervorragende Ergebnisse und minimale Ger\u00e4uschpegel.<\/p>\n<p><strong>SILENCE<\/strong>: Der leistungsstarke Haartrockner GHIBLI EVO HUB achtet besonders auf die Umgebung. Trotz des Umgangs mit einem erheblichen Ma\u00df an Strom, das von<br \/>\nhaben es unsere Techniker geschafft, einen schalld\u00e4mmenden Ger\u00e4uschpegel von ca. 67 db zu erreichen. Dieses Ergebnis wurde durch die hohe Leistung des Motors und l\u00fcfter des leistungsstarken Haartrockners sowie durch die positive Schallschutzkapazit\u00e4t des Kunststoffmaterials bei der Reduzierung von Vibrationen und dem L\u00e4rm, der durch die beweglichen mechanischen Teile entsteht, erzielt.<\/p>\n<p><img decoding=\"async\" class=\"alignnone\" src=\"https:\/\/www.ghiblievo.com\/wp-content\/uploads\/2019\/09\/sfondo-performances.jpg\" alt=\"stilles Hotel Haartrockner\" height=\"auto\"><\/p>\n<p><strong>LEISTUNG<\/strong> : Der Hotel-Haartrockner GHIBLI EVO HUB hat eine Leistung von 2000 Watt, um den aktuellen Anforderungen an Trocknungsgeschwindigkeit und -ergebnisse gerecht zu werden. Diese Kraft wird gleichm\u00e4\u00dfig auf den Haartrockner verteilt, der leicht und praktisch zu bedienen ist, und bietet dem Gesamtger\u00e4t alle intrinsischen Eigenschaften, die notwendig sind, um sowohl in Unterk\u00fcnften wie Hotels und Resorts aller Art und Ebenen als auch in privaten Orten wie einem Einfamilienhaus perfekt geeignet zu sein. Motor und L\u00fcfter sind f\u00fcr den langzeitintensiven Einsatz ausgelegt.<\/p>\n<p><strong>CLEVER OPTIONS:<\/strong>: Der GHIBLI EVO HUB ist mit einer doppelten USB-Buchse hinter dem Fenster auf der Vorderseite der St\u00fctze ausgestattet. Diese USB-Anschl\u00fcsse eignen sich daher ideal f\u00fcr USB-Anschl\u00fcsse f\u00fcr batteriebetriebene Elektrorasierer sowie mobile Ger\u00e4te wie alle Marken von Smartphones und Tablets. Dies bietet ein innovatives und n\u00fctzliches &#8222;Extra&#8220;, das heutzutage sehr h\u00e4ufig verwendet wird. Die leistungsstarke Haartrockner-Dual-USB-Buchse wird von einem Niederspannungs-Sicherheitstransformator angetrieben. Wenn die Haupttaste ON\/OFF an der wandmontierten St\u00fctze eingeschaltet ist, werden diese USB-Anschl\u00fcsse mit einem blauen LED-Licht beleuchtet, um anzuzeigen, dass sie aktiv sind.<br \/>\n<img decoding=\"async\" class=\"alignnone\" src=\"https:\/\/www.ghiblievo.com\/wp-content\/uploads\/2019\/09\/color-jpg.webp\" alt=\"farbigeHotel Haartrockner italienisches Design\" height=\"auto\"><\/p>\n<p><strong>FARBEFFEKTE<\/strong> : Der Performance Haartrockner GHIBLI EVO HUB ist in \u00e4u\u00dferst eleganten und trendigen Farben erh\u00e4ltlich. Unsere Techniker haben sich von der Automobilbranche inspirieren lassen und Farben mit Glanz-\/Metallic-Effekt und mit verschiedenen Motiven auf der Kunststoffoberfl\u00e4che kreiert, wobei sich matte und gl\u00e4nzende Bereiche geschmackvoll abwechseln. Die matten Effekte sind<br \/>\nf\u00fcr unterschiedliche visuelle und taktile Effekte hergestellt werden. Das Studium von Farben und chromatischen Effekten verleiht dem Produkt dank dieser hohen Aufmerksamkeit f\u00fcr jedes einzelne \u00e4sthetische Detail einen deutlichen Hauch von Eleganz.<\/p>\n<p><img decoding=\"async\" class=\"aligncenter\" src=\"https:\/\/www.ghiblievo.com\/wp-content\/uploads\/2019\/09\/easy-mount-1-jpg.webp\" alt=\"einfache Installation Hotel Hair Dryer\" height=\"auto\"><\/p>\n<p><strong>EASY TO INSTALL<\/strong>: Der leistungsstarke Haartrockner GHIBLI EVO HUB l\u00e4sst sich einfach an das Netzteil anh\u00e4ngen und an der Wand montieren. Das Ger\u00e4t kann ohne Demontage positioniert und<br \/>\nDie elegante Verpackung enth\u00e4lt auch eine Montageschablone und Anweisungen f\u00fcr Installation, Verwendung und Wartung. Der QR-Code ist auch auf der Box aufgedruckt.<\/p>\n<p><img decoding=\"async\" class=\"alignnone\" src=\"https:\/\/www.ghiblievo.com\/wp-content\/uploads\/2019\/09\/made-in-italy-jpg.webp\" alt=\"italienisches Design leistungsstarker Haartrockner\" height=\"auto\"><\/p>\n<p><strong>MADE IN ITALY DESIGN<\/strong>: Der Hotel-Haartrockner <a href=\"https:\/\/www.ghiblievo.com\/de\/produkt\/ghibli-evo-hub-wandmontierter-haartrockner\/\">GHIBLI EVO HUB<\/a> ist das Ergebnis aufmerksamer und detaillierter Studien zur Gestaltung des Designs, die im Laufe der Jahre von der italienischen Firma Hospistyle durchgef\u00fchrt wurden. Das Konzept des Materials, das in all seinen Formen und Oberfl\u00e4chen zum Ausdruck kommt, ist rein italienischer Herkunft und wird durch verschiedene Geschmacksmuster in einer Reihe von L\u00e4ndern und Kontinenten registriert. Die Erstellung des Designs f\u00fcr den Ghibli Evo Hub erm\u00f6glichte die Schaffung eines Produktes, das nicht nur als einfacher Haartrockner, sondern als echtes Schl\u00fcsselelement der Badumgebung betrachtet werden sollte, sei es in Wohnstrukturen oder an privaten Standorten. Seit Beginn des Projekts ist es unser Ziel, ein Produkt zu erhalten, das eine starke emotionale Wirkung sowie eine Kombination aus signifikanter und weitreichender technischer Leistung und praktischer Ergonomie bietet. Der Mit diesem Produkt erreichte Ausdruck des Designs bietet dem Anwender ein innovatives Element der Eleganz, das durch die weichen, organischen und v\u00f6llig nat\u00fcrlichen Linien gewonnen wird, die nie offensichtlich oder h\u00e4ufig sind, sondern von Elementen aus der nat\u00fcrlichen Umgebung inspiriert sind, wie Luft oder Wasser. Mit anderen Worten, sanfte und gewundene Linien und Oberfl\u00e4chen, die durch ihre wesentliche Natur eine aktive Rolle bei der Schaffung dieses Produkts gespielt zu haben scheinen, als ob sie jede Linie, jede Kontur und jede Oberfl\u00e4che mit der gleichen Sorgfalt schmiedeten, mit der Elemente \u00fcber die Jahrtausende der Geschichte unseres Planeten geformt werden. Was dabei herauskommt, ist daher ein grundlegendes Element des Designs: die Seele derer, die es konzipiert, entworfen und produziert haben, ein greifbarer Ausdruck der Leidenschaft f\u00fcr Sch\u00f6nheit in seiner intimsten Essenz. Ein angenehmes Gef\u00fchl, das \u00fcber die technischen Aspekte eines Produkts wie einen Haartrockner hinausgeht, der im Allgemeinen nicht so lebendige und instinktive Emotionen wecken d\u00fcrfte. Der Ghibli Evo Hub will sich daher dem gemeinsamen und veralteten technischen Bereich entziehen und will dank seines starken emotionalen Aspekts zu einem echten Element des Designs und sogar der Mode werden. Der Ghibli Evo Hub mit seinen Formen und Farben sowie mit der Technologie, die im Produkt selbst liegt, dr\u00fcckt eine positive und harmonische Kombination aus Technologie und Sch\u00f6nheit aus.<\/p>\n<p>Der Ghibli Evo Hub, ein <a href=\"http:\/\/www.ghiblievo.eu\/\" target=\"_blank\" rel=\"noopener noreferrer\">an der Wand montierter Haartrockner,<\/a> inspiriert von der Sch\u00f6nheit der Natur.<\/p>\n","protected":false},"excerpt":{"rendered":"<p>Hotel Haartrockner : GHIBLI EVO HUB der leistungsstarke Haartrockner TECHNISCHE ASPEKTE FUNKTION: Der Hotel-Haartrockner GHIBLI EVO HUB bietet vier Stufen aktiver Sicherheit mit einem automatischen Abschaltsystem. Der erste davon ist der allgemeine ON\/OFF-Schalter an der Wandst\u00fctze, der auch mit einem blauen LED-Licht (Niederspannung) beleuchtet wird, das als H\u00f6flichkeits-\/Nachtlicht dient. Dieser Ein-\/Ausschalter versorgt das gesamte Ger\u00e4t &hellip; <\/p>\n<p class=\"link-more\"><a href=\"https:\/\/www.ghiblievo.com\/de\/eigenschaften-hotel-haartrockner\/\" class=\"more-link\"><span class=\"screen-reader-text\">\u201eEigenschaften Hotel Haartrockner\u201c<\/span> weiterlesen<\/a><\/p>\n","protected":false},"author":2,"featured_media":0,"parent":0,"menu_order":0,"comment_status":"closed","ping_status":"closed","template":"","meta":{"_acf_changed":false,"ngg_post_thumbnail":0,"footnotes":""},"class_list":["post-274","page","type-page","status-publish","hentry"],"acf":[],"yoast_head":"<!-- This site is optimized with the Yoast SEO Premium plugin v26.7 (Yoast SEO v26.7) - https:\/\/yoast.com\/wordpress\/plugins\/seo\/ -->\n<title>Hotel Haartrockner Exklusive Eigenschaften von Ghibli Evo Hub<\/title>\n<meta name=\"description\" content=\"Sehen Sie sich das italienische Design Hotel Hair Dryer Ghibli Evo Produkte Features - technische Aspekte, Funktionalit\u00e4ten, leistungsstarken Haartrockner, Installationsanleitung usw.\" \/>\n<meta name=\"robots\" content=\"index, follow, max-snippet:-1, max-image-preview:large, max-video-preview:-1\" \/>\n<link rel=\"canonical\" href=\"https:\/\/www.ghiblievo.com\/de\/eigenschaften-hotel-haartrockner\/\" \/>\n<meta property=\"og:locale\" content=\"de_DE\" \/>\n<meta property=\"og:type\" content=\"article\" \/>\n<meta property=\"og:title\" content=\"Eigenschaften Hotel Haartrockner\" \/>\n<meta property=\"og:description\" content=\"Hotel Haartrockner : GHIBLI EVO HUB der leistungsstarke Haartrockner TECHNISCHE ASPEKTE FUNKTION: Der Hotel-Haartrockner GHIBLI EVO HUB bietet vier Stufen\" \/>\n<meta property=\"og:url\" content=\"https:\/\/www.ghiblievo.com\/de\/eigenschaften-hotel-haartrockner\/\" \/>\n<meta property=\"og:site_name\" content=\"Ghibli Evo\" \/>\n<meta property=\"article:publisher\" content=\"https:\/\/www.facebook.com\/ghiblievo\" \/>\n<meta property=\"article:modified_time\" content=\"2022-09-15T07:50:37+00:00\" \/>\n<meta property=\"og:image\" content=\"https:\/\/www.ghiblievo.com\/wp-content\/uploads\/2019\/09\/sicurezza.jpg\" \/>\n<meta name=\"twitter:card\" content=\"summary_large_image\" \/>\n<meta name=\"twitter:label1\" content=\"Gesch\u00e4tzte Lesezeit\" \/>\n\t<meta name=\"twitter:data1\" content=\"5\u00a0Minuten\" \/>\n<script type=\"application\/ld+json\" class=\"yoast-schema-graph\">{\"@context\":\"https:\/\/schema.org\",\"@graph\":[{\"@type\":\"WebPage\",\"@id\":\"https:\/\/www.ghiblievo.com\/de\/eigenschaften-hotel-haartrockner\/\",\"url\":\"https:\/\/www.ghiblievo.com\/de\/eigenschaften-hotel-haartrockner\/\",\"name\":\"Hotel Haartrockner Exklusive Eigenschaften von Ghibli Evo Hub\",\"isPartOf\":{\"@id\":\"https:\/\/www.ghiblievo.com\/de\/#website\"},\"primaryImageOfPage\":{\"@id\":\"https:\/\/www.ghiblievo.com\/de\/eigenschaften-hotel-haartrockner\/#primaryimage\"},\"image\":{\"@id\":\"https:\/\/www.ghiblievo.com\/de\/eigenschaften-hotel-haartrockner\/#primaryimage\"},\"thumbnailUrl\":\"https:\/\/www.ghiblievo.com\/wp-content\/uploads\/2019\/09\/sicurezza-jpg.webp\",\"datePublished\":\"2019-03-12T17:07:02+00:00\",\"dateModified\":\"2022-09-15T07:50:37+00:00\",\"description\":\"Sehen Sie sich das italienische Design Hotel Hair Dryer Ghibli Evo Produkte Features - technische Aspekte, Funktionalit\u00e4ten, leistungsstarken Haartrockner, Installationsanleitung usw.\",\"breadcrumb\":{\"@id\":\"https:\/\/www.ghiblievo.com\/de\/eigenschaften-hotel-haartrockner\/#breadcrumb\"},\"inLanguage\":\"de\",\"potentialAction\":[{\"@type\":\"ReadAction\",\"target\":[\"https:\/\/www.ghiblievo.com\/de\/eigenschaften-hotel-haartrockner\/\"]}]},{\"@type\":\"ImageObject\",\"inLanguage\":\"de\",\"@id\":\"https:\/\/www.ghiblievo.com\/de\/eigenschaften-hotel-haartrockner\/#primaryimage\",\"url\":\"https:\/\/www.ghiblievo.com\/wp-content\/uploads\/2019\/09\/sicurezza-jpg.webp\",\"contentUrl\":\"https:\/\/www.ghiblievo.com\/wp-content\/uploads\/2019\/09\/sicurezza-jpg.webp\"},{\"@type\":\"BreadcrumbList\",\"@id\":\"https:\/\/www.ghiblievo.com\/de\/eigenschaften-hotel-haartrockner\/#breadcrumb\",\"itemListElement\":[{\"@type\":\"ListItem\",\"position\":1,\"name\":\"Home\",\"item\":\"https:\/\/www.ghiblievo.com\/de\/spezialist-fuer-hotelbedarf-seit-1975\/\"},{\"@type\":\"ListItem\",\"position\":2,\"name\":\"Eigenschaften Hotel Haartrockner\"}]},{\"@type\":\"WebSite\",\"@id\":\"https:\/\/www.ghiblievo.com\/de\/#website\",\"url\":\"https:\/\/www.ghiblievo.com\/de\/\",\"name\":\"Ghibli Evo\",\"description\":\"Hair Dryers for Hotel - Wall Mounted Hair Dryer\",\"publisher\":{\"@id\":\"https:\/\/www.ghiblievo.com\/de\/#organization\"},\"potentialAction\":[{\"@type\":\"SearchAction\",\"target\":{\"@type\":\"EntryPoint\",\"urlTemplate\":\"https:\/\/www.ghiblievo.com\/de\/?s={search_term_string}\"},\"query-input\":{\"@type\":\"PropertyValueSpecification\",\"valueRequired\":true,\"valueName\":\"search_term_string\"}}],\"inLanguage\":\"de\"},{\"@type\":\"Organization\",\"@id\":\"https:\/\/www.ghiblievo.com\/de\/#organization\",\"name\":\"Ghibli Evo\",\"url\":\"https:\/\/www.ghiblievo.com\/de\/\",\"logo\":{\"@type\":\"ImageObject\",\"inLanguage\":\"de\",\"@id\":\"https:\/\/www.ghiblievo.com\/de\/#\/schema\/logo\/image\/\",\"url\":\"https:\/\/www.ghiblievo.com\/wp-content\/uploads\/2019\/09\/Emblema_HUB-footer.png\",\"contentUrl\":\"https:\/\/www.ghiblievo.com\/wp-content\/uploads\/2019\/09\/Emblema_HUB-footer.png\",\"width\":300,\"height\":291,\"caption\":\"Ghibli Evo\"},\"image\":{\"@id\":\"https:\/\/www.ghiblievo.com\/de\/#\/schema\/logo\/image\/\"},\"sameAs\":[\"https:\/\/www.facebook.com\/ghiblievo\",\"https:\/\/www.instagram.com\/ghiblievo\/\"],\"description\":\"Ghiblievo is specialized in hotel supplies, bathroom accessories for hotel and hair dryer\",\"email\":\"info@ghiblievo.com\",\"telephone\":\"+39 338 4733486\",\"foundingDate\":\"2009-01-01\",\"vatID\":\"IT 03607430166\"}]}<\/script>\n<!-- \/ Yoast SEO Premium plugin. -->","yoast_head_json":{"title":"Hotel Haartrockner Exklusive Eigenschaften von Ghibli Evo Hub","description":"Sehen Sie sich das italienische Design Hotel Hair Dryer Ghibli Evo Produkte Features - technische Aspekte, Funktionalit\u00e4ten, leistungsstarken Haartrockner, Installationsanleitung usw.","robots":{"index":"index","follow":"follow","max-snippet":"max-snippet:-1","max-image-preview":"max-image-preview:large","max-video-preview":"max-video-preview:-1"},"canonical":"https:\/\/www.ghiblievo.com\/de\/eigenschaften-hotel-haartrockner\/","og_locale":"de_DE","og_type":"article","og_title":"Eigenschaften Hotel Haartrockner","og_description":"Hotel Haartrockner : GHIBLI EVO HUB der leistungsstarke Haartrockner TECHNISCHE ASPEKTE FUNKTION: Der Hotel-Haartrockner GHIBLI EVO HUB bietet vier Stufen","og_url":"https:\/\/www.ghiblievo.com\/de\/eigenschaften-hotel-haartrockner\/","og_site_name":"Ghibli Evo","article_publisher":"https:\/\/www.facebook.com\/ghiblievo","article_modified_time":"2022-09-15T07:50:37+00:00","og_image":[{"url":"https:\/\/www.ghiblievo.com\/wp-content\/uploads\/2019\/09\/sicurezza.jpg","type":"","width":"","height":""}],"twitter_card":"summary_large_image","twitter_misc":{"Gesch\u00e4tzte Lesezeit":"5\u00a0Minuten"},"schema":{"@context":"https:\/\/schema.org","@graph":[{"@type":"WebPage","@id":"https:\/\/www.ghiblievo.com\/de\/eigenschaften-hotel-haartrockner\/","url":"https:\/\/www.ghiblievo.com\/de\/eigenschaften-hotel-haartrockner\/","name":"Hotel Haartrockner Exklusive Eigenschaften von Ghibli Evo Hub","isPartOf":{"@id":"https:\/\/www.ghiblievo.com\/de\/#website"},"primaryImageOfPage":{"@id":"https:\/\/www.ghiblievo.com\/de\/eigenschaften-hotel-haartrockner\/#primaryimage"},"image":{"@id":"https:\/\/www.ghiblievo.com\/de\/eigenschaften-hotel-haartrockner\/#primaryimage"},"thumbnailUrl":"https:\/\/www.ghiblievo.com\/wp-content\/uploads\/2019\/09\/sicurezza-jpg.webp","datePublished":"2019-03-12T17:07:02+00:00","dateModified":"2022-09-15T07:50:37+00:00","description":"Sehen Sie sich das italienische Design Hotel Hair Dryer Ghibli Evo Produkte Features - technische Aspekte, Funktionalit\u00e4ten, leistungsstarken Haartrockner, Installationsanleitung usw.","breadcrumb":{"@id":"https:\/\/www.ghiblievo.com\/de\/eigenschaften-hotel-haartrockner\/#breadcrumb"},"inLanguage":"de","potentialAction":[{"@type":"ReadAction","target":["https:\/\/www.ghiblievo.com\/de\/eigenschaften-hotel-haartrockner\/"]}]},{"@type":"ImageObject","inLanguage":"de","@id":"https:\/\/www.ghiblievo.com\/de\/eigenschaften-hotel-haartrockner\/#primaryimage","url":"https:\/\/www.ghiblievo.com\/wp-content\/uploads\/2019\/09\/sicurezza-jpg.webp","contentUrl":"https:\/\/www.ghiblievo.com\/wp-content\/uploads\/2019\/09\/sicurezza-jpg.webp"},{"@type":"BreadcrumbList","@id":"https:\/\/www.ghiblievo.com\/de\/eigenschaften-hotel-haartrockner\/#breadcrumb","itemListElement":[{"@type":"ListItem","position":1,"name":"Home","item":"https:\/\/www.ghiblievo.com\/de\/spezialist-fuer-hotelbedarf-seit-1975\/"},{"@type":"ListItem","position":2,"name":"Eigenschaften Hotel Haartrockner"}]},{"@type":"WebSite","@id":"https:\/\/www.ghiblievo.com\/de\/#website","url":"https:\/\/www.ghiblievo.com\/de\/","name":"Ghibli Evo","description":"Hair Dryers for Hotel - Wall Mounted Hair Dryer","publisher":{"@id":"https:\/\/www.ghiblievo.com\/de\/#organization"},"potentialAction":[{"@type":"SearchAction","target":{"@type":"EntryPoint","urlTemplate":"https:\/\/www.ghiblievo.com\/de\/?s={search_term_string}"},"query-input":{"@type":"PropertyValueSpecification","valueRequired":true,"valueName":"search_term_string"}}],"inLanguage":"de"},{"@type":"Organization","@id":"https:\/\/www.ghiblievo.com\/de\/#organization","name":"Ghibli Evo","url":"https:\/\/www.ghiblievo.com\/de\/","logo":{"@type":"ImageObject","inLanguage":"de","@id":"https:\/\/www.ghiblievo.com\/de\/#\/schema\/logo\/image\/","url":"https:\/\/www.ghiblievo.com\/wp-content\/uploads\/2019\/09\/Emblema_HUB-footer.png","contentUrl":"https:\/\/www.ghiblievo.com\/wp-content\/uploads\/2019\/09\/Emblema_HUB-footer.png","width":300,"height":291,"caption":"Ghibli Evo"},"image":{"@id":"https:\/\/www.ghiblievo.com\/de\/#\/schema\/logo\/image\/"},"sameAs":["https:\/\/www.facebook.com\/ghiblievo","https:\/\/www.instagram.com\/ghiblievo\/"],"description":"Ghiblievo is specialized in hotel supplies, bathroom accessories for hotel and hair dryer","email":"info@ghiblievo.com","telephone":"+39 338 4733486","foundingDate":"2009-01-01","vatID":"IT 03607430166"}]}},"_links":{"self":[{"href":"https:\/\/www.ghiblievo.com\/de\/wp-json\/wp\/v2\/pages\/274","targetHints":{"allow":["GET"]}}],"collection":[{"href":"https:\/\/www.ghiblievo.com\/de\/wp-json\/wp\/v2\/pages"}],"about":[{"href":"https:\/\/www.ghiblievo.com\/de\/wp-json\/wp\/v2\/types\/page"}],"author":[{"embeddable":true,"href":"https:\/\/www.ghiblievo.com\/de\/wp-json\/wp\/v2\/users\/2"}],"replies":[{"embeddable":true,"href":"https:\/\/www.ghiblievo.com\/de\/wp-json\/wp\/v2\/comments?post=274"}],"version-history":[{"count":0,"href":"https:\/\/www.ghiblievo.com\/de\/wp-json\/wp\/v2\/pages\/274\/revisions"}],"wp:attachment":[{"href":"https:\/\/www.ghiblievo.com\/de\/wp-json\/wp\/v2\/media?parent=274"}],"curies":[{"name":"wp","href":"https:\/\/api.w.org\/{rel}","templated":true}]}}